{"id":1962,"date":"2017-07-07T11:55:55","date_gmt":"2017-07-07T10:55:55","guid":{"rendered":"http:\/\/www.neotec.cz\/ikaprocess\/?page_id=1962"},"modified":"2024-08-23T09:21:55","modified_gmt":"2024-08-23T08:21:55","slug":"ascolite-tf","status":"publish","type":"page","link":"https:\/\/www.neotec.cz\/ascolite\/ascolite-tf\/","title":{"rendered":"Ascolite\u00ae TF"},"content":{"rendered":"<div id=\"pl-1962\"  class=\"panel-layout\" ><div id=\"pg-1962-0\"  class=\"panel-grid panel-no-style\" ><div id=\"pgc-1962-0-0\"  class=\"panel-grid-cell\" ><div id=\"panel-1962-0-0-0\" class=\"so-panel widget widget_sow-image panel-first-child panel-last-child\" data-index=\"0\" ><div\n\t\t\t\n\t\t\tclass=\"so-widget-sow-image so-widget-sow-image-default-3a2476c0e107-1962\"\n\t\t\t\n\t\t>\n\n<div class=\"sow-image-container\">\n\t\t<img loading=\"lazy\" decoding=\"async\" src=\"https:\/\/www.neotec.cz\/ascolite\/wp-content\/uploads\/2024\/08\/ascilitetf.jpg\" width=\"350\" height=\"350\" srcset=\"https:\/\/www.neotec.cz\/ascolite\/wp-content\/uploads\/2024\/08\/ascilitetf.jpg 350w, https:\/\/www.neotec.cz\/ascolite\/wp-content\/uploads\/2024\/08\/ascilitetf-300x300.jpg 300w, https:\/\/www.neotec.cz\/ascolite\/wp-content\/uploads\/2024\/08\/ascilitetf-150x150.jpg 150w\" sizes=\"auto, (max-width: 350px) 100vw, 350px\" alt=\"\" \t\tclass=\"so-widget-image\"\/>\n\t<\/div>\n\n<\/div><\/div><\/div><div id=\"pgc-1962-0-1\"  class=\"panel-grid-cell\" ><div id=\"panel-1962-0-1-0\" class=\"so-panel widget widget_sow-editor panel-first-child panel-last-child\" data-index=\"1\" ><div\n\t\t\t\n\t\t\tclass=\"so-widget-sow-editor so-widget-sow-editor-base\"\n\t\t\t\n\t\t><h3 class=\"widget-title\">Ascolite\u00ae TF<\/h3>\n<div class=\"siteorigin-widget-tinymce textwidget\">\n\t<p>Kr\u010dkovac\u00ed nit\u011b<\/p>\n<ul>\n<li>nit\u011b speci\u00e1ln\u011b vyvinut\u00e9 na zabezpe\u010den\u00ed p\u0159i\u0161\u00edvan\u00e9ho knofl\u00edku tepelnou fixac\u00ed<\/li>\n<li>obsahuje tavitelnou vrstvu, kter\u00e1 v\u00e1\u017ee nit a eliminuje voln\u00e9 konce<\/li>\n<li>elastick\u00e9 termo j\u00e1dro umo\u017e\u0148uje pevn\u00e9 a tepeln\u011b zafixovan\u00e9 ovinut\u00ed kr\u010dku<\/li>\n<li>Oeko-Tex Standart 100<\/li>\n<li>odoln\u00e9 sv\u011btlu, pran\u00ed a chemick\u00e9mu \u010di\u0161t\u011bn\u00ed<\/li>\n<li>elasticita a\u017e 450%<\/li>\n<li>dlouh\u00e1 \u017eivotnost<\/li>\n<li>dostupnost ve 64 barv\u00e1ch<\/li>\n<li>n\u00e1vin ca. 200 m<\/li>\n<\/ul>\n<\/div>\n<\/div><\/div><\/div><\/div><div id=\"pg-1962-1\"  class=\"panel-grid panel-no-style\" ><div id=\"pgc-1962-1-0\"  class=\"panel-grid-cell\" ><div id=\"panel-1962-1-0-0\" class=\"so-panel widget widget_sow-image panel-first-child panel-last-child\" data-index=\"2\" ><div\n\t\t\t\n\t\t\tclass=\"so-widget-sow-image so-widget-sow-image-default-3a2476c0e107-1962\"\n\t\t\t\n\t\t>\n\n<div class=\"sow-image-container\">\n\t\t<img loading=\"lazy\" decoding=\"async\" src=\"https:\/\/www.neotec.cz\/ascolite\/wp-content\/uploads\/2024\/08\/TF1.png\" width=\"736\" height=\"392\" srcset=\"https:\/\/www.neotec.cz\/ascolite\/wp-content\/uploads\/2024\/08\/TF1.png 736w, https:\/\/www.neotec.cz\/ascolite\/wp-content\/uploads\/2024\/08\/TF1-300x160.png 300w\" sizes=\"auto, (max-width: 736px) 100vw, 736px\" title=\"Barevn\u00e1 paleta nit\u00ed Ascolite TF\" alt=\"Barevn\u00e1 paleta nit\u00ed Ascolite TF\" \t\tclass=\"so-widget-image\"\/>\n\t<\/div>\n\n<h3 class=\"widget-title\">Barevn\u00e1 paleta nit\u00ed Ascolite TF<\/h3><\/div><\/div><\/div><\/div><\/div>","protected":false},"excerpt":{"rendered":"<p>Kr\u010dkovac\u00ed nit\u011b nit\u011b speci\u00e1ln\u011b vyvinut\u00e9 na zabezpe\u010den\u00ed p\u0159i\u0161\u00edvan\u00e9ho knofl\u00edku tepelnou fixac\u00ed obsahuje tavitelnou vrstvu, kter\u00e1 v\u00e1\u017ee nit a eliminuje voln\u00e9 konce elastick\u00e9 termo j\u00e1dro umo\u017e\u0148uje pevn\u00e9 a tepeln\u011b zafixovan\u00e9 ovinut\u00ed kr\u010dku Oeko-Tex Standart 100 odoln\u00e9 sv\u011btlu, pran\u00ed a chemick\u00e9mu \u010di\u0161t\u011bn\u00ed elasticita a\u017e 450% dlouh\u00e1 \u017eivotnost dostupnost ve 64 barv\u00e1ch n\u00e1vin ca. 200 m<\/p>\n","protected":false},"author":1,"featured_media":0,"parent":0,"menu_order":0,"comment_status":"closed","ping_status":"closed","template":"templates\/template-full-notitle.php","meta":{"footnotes":""},"class_list":["post-1962","page","type-page","status-publish","hentry","post"],"yoast_head":"<!-- This site is optimized with the Yoast SEO plugin v24.2 - https:\/\/yoast.com\/wordpress\/plugins\/seo\/ -->\n<title>Ascolite\u00ae TF - NEOTEC, spol. s r.o. - kr\u010dkovac\u00ed nit\u011b firmy Ascolite<\/title>\n<meta name=\"description\" content=\"NEOTEC - kr\u010dkovac\u00ed nit\u011b - Ascolite TF\" \/>\n<meta name=\"robots\" content=\"index, follow, max-snippet:-1, max-image-preview:large, max-video-preview:-1\" \/>\n<link rel=\"canonical\" href=\"https:\/\/www.neotec.cz\/ascolite\/ascolite-tf\/\" \/>\n<meta property=\"og:locale\" content=\"cs_CZ\" \/>\n<meta property=\"og:type\" content=\"article\" \/>\n<meta property=\"og:title\" content=\"Ascolite\u00ae TF - NEOTEC, spol. s r.o. - kr\u010dkovac\u00ed nit\u011b firmy Ascolite\" \/>\n<meta property=\"og:description\" content=\"NEOTEC - kr\u010dkovac\u00ed nit\u011b - Ascolite TF\" \/>\n<meta property=\"og:url\" content=\"https:\/\/www.neotec.cz\/ascolite\/ascolite-tf\/\" \/>\n<meta property=\"og:site_name\" content=\"NEOTEC, spol. s r.o. - kr\u010dkovac\u00ed nit\u011b firmy Ascolite\" \/>\n<meta property=\"article:modified_time\" content=\"2024-08-23T08:21:55+00:00\" \/>\n<meta name=\"twitter:card\" content=\"summary_large_image\" \/>\n<meta name=\"twitter:label1\" content=\"Odhadovan\u00e1 doba \u010dten\u00ed\" \/>\n\t<meta name=\"twitter:data1\" content=\"1 minuta\" \/>\n<script type=\"application\/ld+json\" class=\"yoast-schema-graph\">{\"@context\":\"https:\/\/schema.org\",\"@graph\":[{\"@type\":\"WebPage\",\"@id\":\"https:\/\/www.neotec.cz\/ascolite\/ascolite-tf\/\",\"url\":\"https:\/\/www.neotec.cz\/ascolite\/ascolite-tf\/\",\"name\":\"Ascolite\u00ae TF - NEOTEC, spol. s r.o. - kr\u010dkovac\u00ed nit\u011b firmy Ascolite\",\"isPartOf\":{\"@id\":\"https:\/\/www.neotec.cz\/ascolite\/#website\"},\"datePublished\":\"2017-07-07T10:55:55+00:00\",\"dateModified\":\"2024-08-23T08:21:55+00:00\",\"description\":\"NEOTEC - kr\u010dkovac\u00ed nit\u011b - Ascolite TF\",\"breadcrumb\":{\"@id\":\"https:\/\/www.neotec.cz\/ascolite\/ascolite-tf\/#breadcrumb\"},\"inLanguage\":\"cs\",\"potentialAction\":[{\"@type\":\"ReadAction\",\"target\":[\"https:\/\/www.neotec.cz\/ascolite\/ascolite-tf\/\"]}]},{\"@type\":\"BreadcrumbList\",\"@id\":\"https:\/\/www.neotec.cz\/ascolite\/ascolite-tf\/#breadcrumb\",\"itemListElement\":[{\"@type\":\"ListItem\",\"position\":1,\"name\":\"Dom\u016f\",\"item\":\"https:\/\/www.neotec.cz\/ascolite\/\"},{\"@type\":\"ListItem\",\"position\":2,\"name\":\"Ascolite\u00ae TF\"}]},{\"@type\":\"WebSite\",\"@id\":\"https:\/\/www.neotec.cz\/ascolite\/#website\",\"url\":\"https:\/\/www.neotec.cz\/ascolite\/\",\"name\":\"NEOTEC, spol. s r.o. - kr\u010dkovac\u00ed nit\u011b firmy Ascolite\",\"description\":\"NEOTEC - kr\u010dkovac\u00ed nit\u011b firmy Ascolite\",\"potentialAction\":[{\"@type\":\"SearchAction\",\"target\":{\"@type\":\"EntryPoint\",\"urlTemplate\":\"https:\/\/www.neotec.cz\/ascolite\/?s={search_term_string}\"},\"query-input\":{\"@type\":\"PropertyValueSpecification\",\"valueRequired\":true,\"valueName\":\"search_term_string\"}}],\"inLanguage\":\"cs\"}]}<\/script>\n<!-- \/ Yoast SEO plugin. -->","yoast_head_json":{"title":"Ascolite\u00ae TF - NEOTEC, spol. s r.o. - kr\u010dkovac\u00ed nit\u011b firmy Ascolite","description":"NEOTEC - kr\u010dkovac\u00ed nit\u011b - Ascolite TF","robots":{"index":"index","follow":"follow","max-snippet":"max-snippet:-1","max-image-preview":"max-image-preview:large","max-video-preview":"max-video-preview:-1"},"canonical":"https:\/\/www.neotec.cz\/ascolite\/ascolite-tf\/","og_locale":"cs_CZ","og_type":"article","og_title":"Ascolite\u00ae TF - NEOTEC, spol. s r.o. - kr\u010dkovac\u00ed nit\u011b firmy Ascolite","og_description":"NEOTEC - kr\u010dkovac\u00ed nit\u011b - Ascolite TF","og_url":"https:\/\/www.neotec.cz\/ascolite\/ascolite-tf\/","og_site_name":"NEOTEC, spol. s r.o. - kr\u010dkovac\u00ed nit\u011b firmy Ascolite","article_modified_time":"2024-08-23T08:21:55+00:00","twitter_card":"summary_large_image","twitter_misc":{"Odhadovan\u00e1 doba \u010dten\u00ed":"1 minuta"},"schema":{"@context":"https:\/\/schema.org","@graph":[{"@type":"WebPage","@id":"https:\/\/www.neotec.cz\/ascolite\/ascolite-tf\/","url":"https:\/\/www.neotec.cz\/ascolite\/ascolite-tf\/","name":"Ascolite\u00ae TF - NEOTEC, spol. s r.o. - kr\u010dkovac\u00ed nit\u011b firmy Ascolite","isPartOf":{"@id":"https:\/\/www.neotec.cz\/ascolite\/#website"},"datePublished":"2017-07-07T10:55:55+00:00","dateModified":"2024-08-23T08:21:55+00:00","description":"NEOTEC - kr\u010dkovac\u00ed nit\u011b - Ascolite TF","breadcrumb":{"@id":"https:\/\/www.neotec.cz\/ascolite\/ascolite-tf\/#breadcrumb"},"inLanguage":"cs","potentialAction":[{"@type":"ReadAction","target":["https:\/\/www.neotec.cz\/ascolite\/ascolite-tf\/"]}]},{"@type":"BreadcrumbList","@id":"https:\/\/www.neotec.cz\/ascolite\/ascolite-tf\/#breadcrumb","itemListElement":[{"@type":"ListItem","position":1,"name":"Dom\u016f","item":"https:\/\/www.neotec.cz\/ascolite\/"},{"@type":"ListItem","position":2,"name":"Ascolite\u00ae TF"}]},{"@type":"WebSite","@id":"https:\/\/www.neotec.cz\/ascolite\/#website","url":"https:\/\/www.neotec.cz\/ascolite\/","name":"NEOTEC, spol. s r.o. - kr\u010dkovac\u00ed nit\u011b firmy Ascolite","description":"NEOTEC - kr\u010dkovac\u00ed nit\u011b firmy Ascolite","potentialAction":[{"@type":"SearchAction","target":{"@type":"EntryPoint","urlTemplate":"https:\/\/www.neotec.cz\/ascolite\/?s={search_term_string}"},"query-input":{"@type":"PropertyValueSpecification","valueRequired":true,"valueName":"search_term_string"}}],"inLanguage":"cs"}]}},"_links":{"self":[{"href":"https:\/\/www.neotec.cz\/ascolite\/wp-json\/wp\/v2\/pages\/1962","targetHints":{"allow":["GET"]}}],"collection":[{"href":"https:\/\/www.neotec.cz\/ascolite\/wp-json\/wp\/v2\/pages"}],"about":[{"href":"https:\/\/www.neotec.cz\/ascolite\/wp-json\/wp\/v2\/types\/page"}],"author":[{"embeddable":true,"href":"https:\/\/www.neotec.cz\/ascolite\/wp-json\/wp\/v2\/users\/1"}],"replies":[{"embeddable":true,"href":"https:\/\/www.neotec.cz\/ascolite\/wp-json\/wp\/v2\/comments?post=1962"}],"version-history":[{"count":24,"href":"https:\/\/www.neotec.cz\/ascolite\/wp-json\/wp\/v2\/pages\/1962\/revisions"}],"predecessor-version":[{"id":2818,"href":"https:\/\/www.neotec.cz\/ascolite\/wp-json\/wp\/v2\/pages\/1962\/revisions\/2818"}],"wp:attachment":[{"href":"https:\/\/www.neotec.cz\/ascolite\/wp-json\/wp\/v2\/media?parent=1962"}],"curies":[{"name":"wp","href":"https:\/\/api.w.org\/{rel}","templated":true}]}}