{"id":2784,"date":"2024-08-22T11:28:26","date_gmt":"2024-08-22T10:28:26","guid":{"rendered":"https:\/\/www.neotec.cz\/gutermann\/?page_id=2784"},"modified":"2024-08-23T09:18:57","modified_gmt":"2024-08-23T08:18:57","slug":"produkty","status":"publish","type":"page","link":"https:\/\/www.neotec.cz\/ascolite\/produkty\/","title":{"rendered":"Produkty"},"content":{"rendered":"<div id=\"pl-2784\"  class=\"panel-layout\" ><div id=\"pg-2784-0\"  class=\"panel-grid panel-no-style\" ><div id=\"pgc-2784-0-0\"  class=\"panel-grid-cell\" ><div id=\"panel-2784-0-0-0\" class=\"so-panel widget widget_sow-editor panel-first-child panel-last-child\" data-index=\"0\" ><div\n\t\t\t\n\t\t\tclass=\"so-widget-sow-editor so-widget-sow-editor-base\"\n\t\t\t\n\t\t><h3 class=\"widget-title\">Speci\u00e1ln\u011b vyvinut\u00e9 nit\u011b na zabezpe\u010den\u00ed p\u0159i\u0161\u00edvan\u00e9ho knofl\u00edku tepelnou fixac\u00ed od firmy Ascolite:<\/h3>\n<div class=\"siteorigin-widget-tinymce textwidget\">\n\t<h1><\/h1>\n<h6><\/h6>\n<\/div>\n<\/div><\/div><\/div><\/div><div id=\"pg-2784-1\"  class=\"panel-grid panel-no-style\" ><div id=\"pgc-2784-1-0\"  class=\"panel-grid-cell\" ><div id=\"panel-2784-1-0-0\" class=\"so-panel widget widget_circleicon-widget panel-first-child panel-last-child\" data-index=\"1\" >\t\t<div class=\"circle-icon-box circle-icon-position-top circle-icon-hide-box circle-icon-size-large \">\n\t\t\t\t\t\t\t<div class=\"circle-icon-wrapper\">\n\t\t\t\t\t\t\t\t\t\t<a href=\"https:\/\/www.neotec.cz\/ascolite\/ascolite-tf\/\" class=\"link-icon\" >\t\t\t\t\t<div class=\"circle-icon icon-style-set\" style=\"background-image: url(https:\/\/www.neotec.cz\/ascolite\/wp-content\/uploads\/2024\/08\/ascilitetf.jpg);background-color: #ffffff\">\n\t\t\t\t\t\t\t\t\t\t\t<\/div>\n\t\t\t\t\t<\/a>\t\t\t\t<\/div>\n\t\t\t\n\t\t\t\t\t\t\t<a href=\"https:\/\/www.neotec.cz\/ascolite\/ascolite-tf\/\" class=\"link-title\" >\n\t\t\t\t\t\t\t\t\t\t<h4 >\n\t\t\t\t\tAscolite\u00ae TF\t\t\t\t<\/h4>\n\t\t\t\t\t\t\t\t\t\t<\/a>\n\t\t\t\n\t\t\t\t\t\t\t<p class=\"text\" >Kr\u010dkovac\u00ed nit\u011b<\/p>\n\t\t\t\t\t\t\t\t\t\t<a\n\t\t\t\t\thref=\"https:\/\/www.neotec.cz\/ascolite\/ascolite-tf\/\"\n\t\t\t\t\tclass=\"more-button\"\n\t\t\t\t\t\t\t\t\t\t\t\t\t\t>\n\t\t\t\t\tV\u00edce informac\u00ed <i><\/i>\n\t\t\t\t<\/a>\n\t\t\t\t\t<\/div>\n\t\t<\/div><\/div><div id=\"pgc-2784-1-1\"  class=\"panel-grid-cell panel-grid-cell-empty\" ><\/div><div id=\"pgc-2784-1-2\"  class=\"panel-grid-cell panel-grid-cell-empty panel-grid-cell-mobile-last\" ><\/div><div id=\"pgc-2784-1-3\"  class=\"panel-grid-cell panel-grid-cell-empty\" ><\/div><\/div><div id=\"pg-2784-2\"  class=\"panel-grid panel-no-style\" ><div id=\"pgc-2784-2-0\"  class=\"panel-grid-cell\" ><div id=\"panel-2784-2-0-0\" class=\"so-panel widget widget_sow-editor panel-first-child panel-last-child\" data-index=\"2\" ><div\n\t\t\t\n\t\t\tclass=\"so-widget-sow-editor so-widget-sow-editor-base\"\n\t\t\t\n\t\t>\n<div class=\"siteorigin-widget-tinymce textwidget\">\n\t<hr \/>\n<p>Nem\u016f\u017eete n\u011bco naj\u00edt, zkuste se pod\u00edvat na <a href=\"https:\/\/www.ascolite.com\/en\/home\" target=\"_blank\" rel=\"noopener noreferrer\">web v\u00fdrobce<\/a> nebo n\u00e1s nev\u00e1hejte <a href=\"http:\/\/www.neotec.cz\/ascolite\/kontakty\/\">kontaktovat<\/a>.<\/p>\n<h6><\/h6>\n<\/div>\n<\/div><\/div><\/div><\/div><\/div>","protected":false},"excerpt":{"rendered":"<p>Speci\u00e1ln\u011b vyvinut\u00e9 nit\u011b na zabezpe\u010den\u00ed p\u0159i\u0161\u00edvan\u00e9ho knofl\u00edku tepelnou fixac\u00ed od firmy Ascolite: Ascolite\u00ae TF Kr\u010dkovac\u00ed nit\u011b V\u00edce informac\u00ed Nem\u016f\u017eete n\u011bco naj\u00edt, zkuste se pod\u00edvat na web v\u00fdrobce nebo n\u00e1s nev\u00e1hejte kontaktovat.<\/p>\n","protected":false},"author":1,"featured_media":0,"parent":0,"menu_order":0,"comment_status":"closed","ping_status":"closed","template":"templates\/template-full-notitle.php","meta":{"footnotes":""},"class_list":["post-2784","page","type-page","status-publish","hentry","post"],"yoast_head":"<!-- This site is optimized with the Yoast SEO plugin v24.2 - https:\/\/yoast.com\/wordpress\/plugins\/seo\/ -->\n<title>Produkty - NEOTEC, spol. s r.o. - kr\u010dkovac\u00ed nit\u011b firmy Ascolite<\/title>\n<meta name=\"description\" content=\"NEOTEC - \u0161ic\u00ed nit\u011b Ascolite\" \/>\n<meta name=\"robots\" content=\"index, follow, max-snippet:-1, max-image-preview:large, max-video-preview:-1\" \/>\n<link rel=\"canonical\" href=\"https:\/\/www.neotec.cz\/ascolite\/produkty\/\" \/>\n<meta property=\"og:locale\" content=\"cs_CZ\" \/>\n<meta property=\"og:type\" content=\"article\" \/>\n<meta property=\"og:title\" content=\"Produkty - NEOTEC, spol. s r.o. - kr\u010dkovac\u00ed nit\u011b firmy Ascolite\" \/>\n<meta property=\"og:description\" content=\"NEOTEC - \u0161ic\u00ed nit\u011b Ascolite\" \/>\n<meta property=\"og:url\" content=\"https:\/\/www.neotec.cz\/ascolite\/produkty\/\" \/>\n<meta property=\"og:site_name\" content=\"NEOTEC, spol. s r.o. - kr\u010dkovac\u00ed nit\u011b firmy Ascolite\" \/>\n<meta property=\"article:modified_time\" content=\"2024-08-23T08:18:57+00:00\" \/>\n<meta name=\"twitter:card\" content=\"summary_large_image\" \/>\n<meta name=\"twitter:label1\" content=\"Odhadovan\u00e1 doba \u010dten\u00ed\" \/>\n\t<meta name=\"twitter:data1\" content=\"1 minuta\" \/>\n<script type=\"application\/ld+json\" class=\"yoast-schema-graph\">{\"@context\":\"https:\/\/schema.org\",\"@graph\":[{\"@type\":\"WebPage\",\"@id\":\"https:\/\/www.neotec.cz\/ascolite\/produkty\/\",\"url\":\"https:\/\/www.neotec.cz\/ascolite\/produkty\/\",\"name\":\"Produkty - NEOTEC, spol. s r.o. - kr\u010dkovac\u00ed nit\u011b firmy Ascolite\",\"isPartOf\":{\"@id\":\"https:\/\/www.neotec.cz\/ascolite\/#website\"},\"datePublished\":\"2024-08-22T10:28:26+00:00\",\"dateModified\":\"2024-08-23T08:18:57+00:00\",\"description\":\"NEOTEC - \u0161ic\u00ed nit\u011b Ascolite\",\"breadcrumb\":{\"@id\":\"https:\/\/www.neotec.cz\/ascolite\/produkty\/#breadcrumb\"},\"inLanguage\":\"cs\",\"potentialAction\":[{\"@type\":\"ReadAction\",\"target\":[\"https:\/\/www.neotec.cz\/ascolite\/produkty\/\"]}]},{\"@type\":\"BreadcrumbList\",\"@id\":\"https:\/\/www.neotec.cz\/ascolite\/produkty\/#breadcrumb\",\"itemListElement\":[{\"@type\":\"ListItem\",\"position\":1,\"name\":\"Dom\u016f\",\"item\":\"https:\/\/www.neotec.cz\/ascolite\/\"},{\"@type\":\"ListItem\",\"position\":2,\"name\":\"Produkty\"}]},{\"@type\":\"WebSite\",\"@id\":\"https:\/\/www.neotec.cz\/ascolite\/#website\",\"url\":\"https:\/\/www.neotec.cz\/ascolite\/\",\"name\":\"NEOTEC, spol. s r.o. - kr\u010dkovac\u00ed nit\u011b firmy Ascolite\",\"description\":\"NEOTEC - kr\u010dkovac\u00ed nit\u011b firmy Ascolite\",\"potentialAction\":[{\"@type\":\"SearchAction\",\"target\":{\"@type\":\"EntryPoint\",\"urlTemplate\":\"https:\/\/www.neotec.cz\/ascolite\/?s={search_term_string}\"},\"query-input\":{\"@type\":\"PropertyValueSpecification\",\"valueRequired\":true,\"valueName\":\"search_term_string\"}}],\"inLanguage\":\"cs\"}]}<\/script>\n<!-- \/ Yoast SEO plugin. -->","yoast_head_json":{"title":"Produkty - NEOTEC, spol. s r.o. - kr\u010dkovac\u00ed nit\u011b firmy Ascolite","description":"NEOTEC - \u0161ic\u00ed nit\u011b Ascolite","robots":{"index":"index","follow":"follow","max-snippet":"max-snippet:-1","max-image-preview":"max-image-preview:large","max-video-preview":"max-video-preview:-1"},"canonical":"https:\/\/www.neotec.cz\/ascolite\/produkty\/","og_locale":"cs_CZ","og_type":"article","og_title":"Produkty - NEOTEC, spol. s r.o. - kr\u010dkovac\u00ed nit\u011b firmy Ascolite","og_description":"NEOTEC - \u0161ic\u00ed nit\u011b Ascolite","og_url":"https:\/\/www.neotec.cz\/ascolite\/produkty\/","og_site_name":"NEOTEC, spol. s r.o. - kr\u010dkovac\u00ed nit\u011b firmy Ascolite","article_modified_time":"2024-08-23T08:18:57+00:00","twitter_card":"summary_large_image","twitter_misc":{"Odhadovan\u00e1 doba \u010dten\u00ed":"1 minuta"},"schema":{"@context":"https:\/\/schema.org","@graph":[{"@type":"WebPage","@id":"https:\/\/www.neotec.cz\/ascolite\/produkty\/","url":"https:\/\/www.neotec.cz\/ascolite\/produkty\/","name":"Produkty - NEOTEC, spol. s r.o. - kr\u010dkovac\u00ed nit\u011b firmy Ascolite","isPartOf":{"@id":"https:\/\/www.neotec.cz\/ascolite\/#website"},"datePublished":"2024-08-22T10:28:26+00:00","dateModified":"2024-08-23T08:18:57+00:00","description":"NEOTEC - \u0161ic\u00ed nit\u011b Ascolite","breadcrumb":{"@id":"https:\/\/www.neotec.cz\/ascolite\/produkty\/#breadcrumb"},"inLanguage":"cs","potentialAction":[{"@type":"ReadAction","target":["https:\/\/www.neotec.cz\/ascolite\/produkty\/"]}]},{"@type":"BreadcrumbList","@id":"https:\/\/www.neotec.cz\/ascolite\/produkty\/#breadcrumb","itemListElement":[{"@type":"ListItem","position":1,"name":"Dom\u016f","item":"https:\/\/www.neotec.cz\/ascolite\/"},{"@type":"ListItem","position":2,"name":"Produkty"}]},{"@type":"WebSite","@id":"https:\/\/www.neotec.cz\/ascolite\/#website","url":"https:\/\/www.neotec.cz\/ascolite\/","name":"NEOTEC, spol. s r.o. - kr\u010dkovac\u00ed nit\u011b firmy Ascolite","description":"NEOTEC - kr\u010dkovac\u00ed nit\u011b firmy Ascolite","potentialAction":[{"@type":"SearchAction","target":{"@type":"EntryPoint","urlTemplate":"https:\/\/www.neotec.cz\/ascolite\/?s={search_term_string}"},"query-input":{"@type":"PropertyValueSpecification","valueRequired":true,"valueName":"search_term_string"}}],"inLanguage":"cs"}]}},"_links":{"self":[{"href":"https:\/\/www.neotec.cz\/ascolite\/wp-json\/wp\/v2\/pages\/2784","targetHints":{"allow":["GET"]}}],"collection":[{"href":"https:\/\/www.neotec.cz\/ascolite\/wp-json\/wp\/v2\/pages"}],"about":[{"href":"https:\/\/www.neotec.cz\/ascolite\/wp-json\/wp\/v2\/types\/page"}],"author":[{"embeddable":true,"href":"https:\/\/www.neotec.cz\/ascolite\/wp-json\/wp\/v2\/users\/1"}],"replies":[{"embeddable":true,"href":"https:\/\/www.neotec.cz\/ascolite\/wp-json\/wp\/v2\/comments?post=2784"}],"version-history":[{"count":5,"href":"https:\/\/www.neotec.cz\/ascolite\/wp-json\/wp\/v2\/pages\/2784\/revisions"}],"predecessor-version":[{"id":2817,"href":"https:\/\/www.neotec.cz\/ascolite\/wp-json\/wp\/v2\/pages\/2784\/revisions\/2817"}],"wp:attachment":[{"href":"https:\/\/www.neotec.cz\/ascolite\/wp-json\/wp\/v2\/media?parent=2784"}],"curies":[{"name":"wp","href":"https:\/\/api.w.org\/{rel}","templated":true}]}}