{"id":1962,"date":"2017-07-07T11:55:55","date_gmt":"2017-07-07T10:55:55","guid":{"rendered":"http:\/\/www.neotec.cz\/ikaprocess\/?page_id=1962"},"modified":"2024-08-22T10:33:04","modified_gmt":"2024-08-22T09:33:04","slug":"mara-2","status":"publish","type":"page","link":"https:\/\/www.neotec.cz\/gutermann\/mara-2\/","title":{"rendered":"MARA"},"content":{"rendered":"<div id=\"pl-1962\"  class=\"panel-layout\" ><div id=\"pg-1962-0\"  class=\"panel-grid panel-no-style\" ><div id=\"pgc-1962-0-0\"  class=\"panel-grid-cell\" ><div id=\"panel-1962-0-0-0\" class=\"so-panel widget widget_sow-image panel-first-child panel-last-child\" data-index=\"0\" ><div\n\t\t\t\n\t\t\tclass=\"so-widget-sow-image so-widget-sow-image-default-3a2476c0e107-1962\"\n\t\t\t\n\t\t>\n\n<div class=\"sow-image-container\">\n\t\t<img loading=\"lazy\" decoding=\"async\" src=\"https:\/\/www.neotec.cz\/gutermann\/wp-content\/uploads\/2024\/08\/Mara.png\" width=\"500\" height=\"666\" srcset=\"https:\/\/www.neotec.cz\/gutermann\/wp-content\/uploads\/2024\/08\/Mara.png 500w, https:\/\/www.neotec.cz\/gutermann\/wp-content\/uploads\/2024\/08\/Mara-225x300.png 225w\" sizes=\"auto, (max-width: 500px) 100vw, 500px\" alt=\"\" \t\tclass=\"so-widget-image\"\/>\n\t<\/div>\n\n<\/div><\/div><\/div><div id=\"pgc-1962-0-1\"  class=\"panel-grid-cell\" ><div id=\"panel-1962-0-1-0\" class=\"so-panel widget widget_sow-editor panel-first-child panel-last-child\" data-index=\"1\" ><div\n\t\t\t\n\t\t\tclass=\"so-widget-sow-editor so-widget-sow-editor-base\"\n\t\t\t\n\t\t><h3 class=\"widget-title\">MARA<\/h3>\n<div class=\"siteorigin-widget-tinymce textwidget\">\n\t<p>100% Polyester<\/p>\n<ul>\n<li>vysok\u00e1 pevnost a odolnost<\/li>\n<li>pro strojn\u00ed i ru\u010dn\u00ed \u0161it\u00ed<\/li>\n<li>pro v\u0161echny druhy tkanin<\/li>\n<li>brilantn\u00ed barvy s\u00a0hedv\u00e1bn\u00fdm vzhledem<\/li>\n<\/ul>\n<p>Pou\u017eit\u00ed: od\u011bvy, d\u017e\u00ednovina, pracovn\u00ed od\u011bvy, sportovn\u00ed od\u011bvy, spodn\u00ed pr\u00e1dlo, k\u016f\u017ee a obuv, bytov\u00fd textil a \u010daloun\u011bn\u00ed<\/p>\n<\/div>\n<\/div><\/div><\/div><\/div><div id=\"pg-1962-1\"  class=\"panel-grid panel-no-style\" ><div id=\"pgc-1962-1-0\"  class=\"panel-grid-cell\" ><div id=\"panel-1962-1-0-0\" class=\"so-panel widget widget_sow-editor panel-first-child panel-last-child\" data-index=\"2\" ><div\n\t\t\t\n\t\t\tclass=\"so-widget-sow-editor so-widget-sow-editor-base\"\n\t\t\t\n\t\t>\n<div class=\"siteorigin-widget-tinymce textwidget\">\n\t\n<table id=\"tablepress-9\" class=\"tablepress tablepress-id-9\">\n<thead>\n<tr class=\"row-1\">\n\t<th class=\"column-1\"><b>No.\/Tkt<\/b><\/th><th class=\"column-2\"><b>N\u00e1vin<\/b> <\/th><th class=\"column-3\"><b>Barvy<\/b><\/th>\n<\/tr>\n<\/thead>\n<tbody class=\"row-striping row-hover\">\n<tr class=\"row-2\">\n\t<td class=\"column-1\">220<\/td><td class=\"column-2\">5.000 m<\/td><td class=\"column-3\">400<\/td>\n<\/tr>\n<tr class=\"row-3\">\n\t<td class=\"column-1\">150<\/td><td class=\"column-2\">1.000 m<br \/>\n5.000 m<\/td><td class=\"column-3\">400<br \/>\n400<\/td>\n<\/tr>\n<tr class=\"row-4\">\n\t<td class=\"column-1\">120<\/td><td class=\"column-2\">1.000 m<br \/>\n5.000 m<\/td><td class=\"column-3\">400<br \/>\n400<\/td>\n<\/tr>\n<tr class=\"row-5\">\n\t<td class=\"column-1\">100<\/td><td class=\"column-2\">1.000 m<br \/>\n5.000 m<\/td><td class=\"column-3\">400<br \/>\n400<\/td>\n<\/tr>\n<tr class=\"row-6\">\n\t<td class=\"column-1\">80<\/td><td class=\"column-2\">800 m<br \/>\n5.000 m<\/td><td class=\"column-3\">400<br \/>\n400<\/td>\n<\/tr>\n<tr class=\"row-7\">\n\t<td class=\"column-1\">70<\/td><td class=\"column-2\">700 m<br \/>\n7.000 m<\/td><td class=\"column-3\">400<br \/>\n400<\/td>\n<\/tr>\n<tr class=\"row-8\">\n\t<td class=\"column-1\">50<\/td><td class=\"column-2\">500 m<br \/>\n5.000 m<\/td><td class=\"column-3\">400<br \/>\n400<\/td>\n<\/tr>\n<tr class=\"row-9\">\n\t<td class=\"column-1\">30<\/td><td class=\"column-2\">300 m<br \/>\n3.000 m<\/td><td class=\"column-3\">400<br \/>\n400<\/td>\n<\/tr>\n<tr class=\"row-10\">\n\t<td class=\"column-1\">15<\/td><td class=\"column-2\">150 m<br \/>\n1.500 m<\/td><td class=\"column-3\">149<br \/>\n149<\/td>\n<\/tr>\n<tr class=\"row-11\">\n\t<td class=\"column-1\">11<\/td><td class=\"column-2\">110 m<br \/>\n1.130 m<\/td><td class=\"column-3\">149<br \/>\n149<\/td>\n<\/tr>\n<\/tbody>\n<\/table>\n<!-- #tablepress-9 from cache -->\n<\/div>\n<\/div><\/div><\/div><\/div><\/div>","protected":false},"excerpt":{"rendered":"<p>100% Polyester vysok\u00e1 pevnost a odolnost pro strojn\u00ed i ru\u010dn\u00ed \u0161it\u00ed pro v\u0161echny druhy tkanin brilantn\u00ed barvy s\u00a0hedv\u00e1bn\u00fdm vzhledem Pou\u017eit\u00ed: od\u011bvy, d\u017e\u00ednovina, pracovn\u00ed od\u011bvy, sportovn\u00ed od\u011bvy, spodn\u00ed pr\u00e1dlo, k\u016f\u017ee a obuv, bytov\u00fd textil a \u010daloun\u011bn\u00ed<\/p>\n","protected":false},"author":1,"featured_media":0,"parent":0,"menu_order":0,"comment_status":"closed","ping_status":"closed","template":"templates\/template-full-notitle.php","meta":{"footnotes":""},"class_list":["post-1962","page","type-page","status-publish","hentry","post"],"yoast_head":"<!-- This site is optimized with the Yoast SEO plugin v24.2 - https:\/\/yoast.com\/wordpress\/plugins\/seo\/ -->\n<title>MARA - NEOTEC, spol. s r.o. - \u0161ic\u00ed nit\u011b firmy G\u00fctermann<\/title>\n<meta name=\"description\" content=\"NEOTEC - \u0161ic\u00ed nit\u011b G\u00fctermann - MARA\" \/>\n<meta name=\"robots\" content=\"index, follow, max-snippet:-1, max-image-preview:large, max-video-preview:-1\" \/>\n<link rel=\"canonical\" href=\"https:\/\/www.neotec.cz\/gutermann\/mara-2\/\" \/>\n<meta property=\"og:locale\" content=\"cs_CZ\" \/>\n<meta property=\"og:type\" content=\"article\" \/>\n<meta property=\"og:title\" content=\"MARA - NEOTEC, spol. s r.o. - \u0161ic\u00ed nit\u011b firmy G\u00fctermann\" \/>\n<meta property=\"og:description\" content=\"NEOTEC - \u0161ic\u00ed nit\u011b G\u00fctermann - MARA\" \/>\n<meta property=\"og:url\" content=\"https:\/\/www.neotec.cz\/gutermann\/mara-2\/\" \/>\n<meta property=\"og:site_name\" content=\"NEOTEC, spol. s r.o. - \u0161ic\u00ed nit\u011b firmy G\u00fctermann\" \/>\n<meta property=\"article:modified_time\" content=\"2024-08-22T09:33:04+00:00\" \/>\n<meta name=\"twitter:card\" content=\"summary_large_image\" \/>\n<meta name=\"twitter:label1\" content=\"Odhadovan\u00e1 doba \u010dten\u00ed\" \/>\n\t<meta name=\"twitter:data1\" content=\"1 minuta\" \/>\n<script type=\"application\/ld+json\" class=\"yoast-schema-graph\">{\"@context\":\"https:\/\/schema.org\",\"@graph\":[{\"@type\":\"WebPage\",\"@id\":\"https:\/\/www.neotec.cz\/gutermann\/mara-2\/\",\"url\":\"https:\/\/www.neotec.cz\/gutermann\/mara-2\/\",\"name\":\"MARA - NEOTEC, spol. s r.o. - \u0161ic\u00ed nit\u011b firmy G\u00fctermann\",\"isPartOf\":{\"@id\":\"https:\/\/www.neotec.cz\/gutermann\/#website\"},\"datePublished\":\"2017-07-07T10:55:55+00:00\",\"dateModified\":\"2024-08-22T09:33:04+00:00\",\"description\":\"NEOTEC - \u0161ic\u00ed nit\u011b G\u00fctermann - MARA\",\"breadcrumb\":{\"@id\":\"https:\/\/www.neotec.cz\/gutermann\/mara-2\/#breadcrumb\"},\"inLanguage\":\"cs\",\"potentialAction\":[{\"@type\":\"ReadAction\",\"target\":[\"https:\/\/www.neotec.cz\/gutermann\/mara-2\/\"]}]},{\"@type\":\"BreadcrumbList\",\"@id\":\"https:\/\/www.neotec.cz\/gutermann\/mara-2\/#breadcrumb\",\"itemListElement\":[{\"@type\":\"ListItem\",\"position\":1,\"name\":\"Dom\u016f\",\"item\":\"https:\/\/www.neotec.cz\/gutermann\/\"},{\"@type\":\"ListItem\",\"position\":2,\"name\":\"MARA\"}]},{\"@type\":\"WebSite\",\"@id\":\"https:\/\/www.neotec.cz\/gutermann\/#website\",\"url\":\"https:\/\/www.neotec.cz\/gutermann\/\",\"name\":\"NEOTEC, spol. s r.o. - \u0161ic\u00ed nit\u011b firmy G\u00fctermann\",\"description\":\"NEOTEC - \u0161ic\u00ed nit\u011b firmy G\u00fctermann\",\"potentialAction\":[{\"@type\":\"SearchAction\",\"target\":{\"@type\":\"EntryPoint\",\"urlTemplate\":\"https:\/\/www.neotec.cz\/gutermann\/?s={search_term_string}\"},\"query-input\":{\"@type\":\"PropertyValueSpecification\",\"valueRequired\":true,\"valueName\":\"search_term_string\"}}],\"inLanguage\":\"cs\"}]}<\/script>\n<!-- \/ Yoast SEO plugin. -->","yoast_head_json":{"title":"MARA - NEOTEC, spol. s r.o. - \u0161ic\u00ed nit\u011b firmy G\u00fctermann","description":"NEOTEC - \u0161ic\u00ed nit\u011b G\u00fctermann - MARA","robots":{"index":"index","follow":"follow","max-snippet":"max-snippet:-1","max-image-preview":"max-image-preview:large","max-video-preview":"max-video-preview:-1"},"canonical":"https:\/\/www.neotec.cz\/gutermann\/mara-2\/","og_locale":"cs_CZ","og_type":"article","og_title":"MARA - NEOTEC, spol. s r.o. - \u0161ic\u00ed nit\u011b firmy G\u00fctermann","og_description":"NEOTEC - \u0161ic\u00ed nit\u011b G\u00fctermann - MARA","og_url":"https:\/\/www.neotec.cz\/gutermann\/mara-2\/","og_site_name":"NEOTEC, spol. s r.o. - \u0161ic\u00ed nit\u011b firmy G\u00fctermann","article_modified_time":"2024-08-22T09:33:04+00:00","twitter_card":"summary_large_image","twitter_misc":{"Odhadovan\u00e1 doba \u010dten\u00ed":"1 minuta"},"schema":{"@context":"https:\/\/schema.org","@graph":[{"@type":"WebPage","@id":"https:\/\/www.neotec.cz\/gutermann\/mara-2\/","url":"https:\/\/www.neotec.cz\/gutermann\/mara-2\/","name":"MARA - NEOTEC, spol. s r.o. - \u0161ic\u00ed nit\u011b firmy G\u00fctermann","isPartOf":{"@id":"https:\/\/www.neotec.cz\/gutermann\/#website"},"datePublished":"2017-07-07T10:55:55+00:00","dateModified":"2024-08-22T09:33:04+00:00","description":"NEOTEC - \u0161ic\u00ed nit\u011b G\u00fctermann - MARA","breadcrumb":{"@id":"https:\/\/www.neotec.cz\/gutermann\/mara-2\/#breadcrumb"},"inLanguage":"cs","potentialAction":[{"@type":"ReadAction","target":["https:\/\/www.neotec.cz\/gutermann\/mara-2\/"]}]},{"@type":"BreadcrumbList","@id":"https:\/\/www.neotec.cz\/gutermann\/mara-2\/#breadcrumb","itemListElement":[{"@type":"ListItem","position":1,"name":"Dom\u016f","item":"https:\/\/www.neotec.cz\/gutermann\/"},{"@type":"ListItem","position":2,"name":"MARA"}]},{"@type":"WebSite","@id":"https:\/\/www.neotec.cz\/gutermann\/#website","url":"https:\/\/www.neotec.cz\/gutermann\/","name":"NEOTEC, spol. s r.o. - \u0161ic\u00ed nit\u011b firmy G\u00fctermann","description":"NEOTEC - \u0161ic\u00ed nit\u011b firmy G\u00fctermann","potentialAction":[{"@type":"SearchAction","target":{"@type":"EntryPoint","urlTemplate":"https:\/\/www.neotec.cz\/gutermann\/?s={search_term_string}"},"query-input":{"@type":"PropertyValueSpecification","valueRequired":true,"valueName":"search_term_string"}}],"inLanguage":"cs"}]}},"_links":{"self":[{"href":"https:\/\/www.neotec.cz\/gutermann\/wp-json\/wp\/v2\/pages\/1962","targetHints":{"allow":["GET"]}}],"collection":[{"href":"https:\/\/www.neotec.cz\/gutermann\/wp-json\/wp\/v2\/pages"}],"about":[{"href":"https:\/\/www.neotec.cz\/gutermann\/wp-json\/wp\/v2\/types\/page"}],"author":[{"embeddable":true,"href":"https:\/\/www.neotec.cz\/gutermann\/wp-json\/wp\/v2\/users\/1"}],"replies":[{"embeddable":true,"href":"https:\/\/www.neotec.cz\/gutermann\/wp-json\/wp\/v2\/comments?post=1962"}],"version-history":[{"count":20,"href":"https:\/\/www.neotec.cz\/gutermann\/wp-json\/wp\/v2\/pages\/1962\/revisions"}],"predecessor-version":[{"id":2779,"href":"https:\/\/www.neotec.cz\/gutermann\/wp-json\/wp\/v2\/pages\/1962\/revisions\/2779"}],"wp:attachment":[{"href":"https:\/\/www.neotec.cz\/gutermann\/wp-json\/wp\/v2\/media?parent=1962"}],"curies":[{"name":"wp","href":"https:\/\/api.w.org\/{rel}","templated":true}]}}