{"id":2767,"date":"2024-08-22T10:19:08","date_gmt":"2024-08-22T09:19:08","guid":{"rendered":"https:\/\/www.neotec.cz\/gutermann\/?page_id=2767"},"modified":"2024-08-22T10:19:08","modified_gmt":"2024-08-22T09:19:08","slug":"maraflex-2","status":"publish","type":"page","link":"https:\/\/www.neotec.cz\/gutermann\/maraflex-2\/","title":{"rendered":"MARAFLEX"},"content":{"rendered":"<div id=\"pl-2767\"  class=\"panel-layout\" ><div id=\"pg-2767-0\"  class=\"panel-grid panel-no-style\" ><div id=\"pgc-2767-0-0\"  class=\"panel-grid-cell\" ><div id=\"panel-2767-0-0-0\" class=\"so-panel widget widget_sow-image panel-first-child panel-last-child\" data-index=\"0\" ><div\n\t\t\t\n\t\t\tclass=\"so-widget-sow-image so-widget-sow-image-default-3a2476c0e107-2767\"\n\t\t\t\n\t\t>\n\n<div class=\"sow-image-container\">\n\t\t<img loading=\"lazy\" decoding=\"async\" src=\"https:\/\/www.neotec.cz\/gutermann\/wp-content\/uploads\/2024\/08\/maraflex.png\" width=\"500\" height=\"666\" srcset=\"https:\/\/www.neotec.cz\/gutermann\/wp-content\/uploads\/2024\/08\/maraflex.png 500w, https:\/\/www.neotec.cz\/gutermann\/wp-content\/uploads\/2024\/08\/maraflex-225x300.png 225w\" sizes=\"auto, (max-width: 500px) 100vw, 500px\" alt=\"\" \t\tclass=\"so-widget-image\"\/>\n\t<\/div>\n\n<\/div><\/div><\/div><div id=\"pgc-2767-0-1\"  class=\"panel-grid-cell\" ><div id=\"panel-2767-0-1-0\" class=\"so-panel widget widget_sow-editor panel-first-child panel-last-child\" data-index=\"1\" ><div\n\t\t\t\n\t\t\tclass=\"so-widget-sow-editor so-widget-sow-editor-base\"\n\t\t\t\n\t\t><h3 class=\"widget-title\">MARAFLEX<\/h3>\n<div class=\"siteorigin-widget-tinymce textwidget\">\n\t<p>100 % Polybutylenterephthalat (PBT)<\/p>\n<ul>\n<li>vysoce elastick\u00e1 nit<\/li>\n<li>vhodn\u00e1 pro \u0159asen\u00ed<\/li>\n<li>speci\u00e1ln\u011b pro elastick\u00fd materi\u00e1l<\/li>\n<\/ul>\n<p>Pou\u017eit\u00ed: od\u011bvy, oble\u010den\u00ed pro sport, spodn\u00ed pr\u00e1dlo<\/p>\n<\/div>\n<\/div><\/div><\/div><\/div><div id=\"pg-2767-1\"  class=\"panel-grid panel-no-style\" ><div id=\"pgc-2767-1-0\"  class=\"panel-grid-cell\" ><div id=\"panel-2767-1-0-0\" class=\"so-panel widget widget_sow-editor panel-first-child panel-last-child\" data-index=\"2\" ><div\n\t\t\t\n\t\t\tclass=\"so-widget-sow-editor so-widget-sow-editor-base\"\n\t\t\t\n\t\t>\n<div class=\"siteorigin-widget-tinymce textwidget\">\n\t\n<table id=\"tablepress-38\" class=\"tablepress tablepress-id-38\">\n<thead>\n<tr class=\"row-1\">\n\t<th class=\"column-1\"><b>No.\/Tkt<\/b><\/th><th class=\"column-2\"><b>N\u00e1vin<\/b> <\/th><th class=\"column-3\"><b>Barvy<\/b><\/th>\n<\/tr>\n<\/thead>\n<tbody class=\"row-striping row-hover\">\n<tr class=\"row-2\">\n\t<td class=\"column-1\">220<\/td><td class=\"column-2\">1.500 m<\/td><td class=\"column-3\">289<\/td>\n<\/tr>\n<tr class=\"row-3\">\n\t<td class=\"column-1\">80<\/td><td class=\"column-2\">2.000 m<\/td><td class=\"column-3\">289<\/td>\n<\/tr>\n<tr class=\"row-4\">\n\t<td class=\"column-1\">50<\/td><td class=\"column-2\">3.000 m<\/td><td class=\"column-3\">289<\/td>\n<\/tr>\n<\/tbody>\n<\/table>\n<!-- #tablepress-38 from cache -->\n<\/div>\n<\/div><\/div><\/div><\/div><\/div>","protected":false},"excerpt":{"rendered":"<p>100 % Polybutylenterephthalat (PBT) vysoce elastick\u00e1 nit vhodn\u00e1 pro \u0159asen\u00ed speci\u00e1ln\u011b pro elastick\u00fd materi\u00e1l Pou\u017eit\u00ed: od\u011bvy, oble\u010den\u00ed pro sport, spodn\u00ed pr\u00e1dlo<\/p>\n","protected":false},"author":1,"featured_media":0,"parent":0,"menu_order":0,"comment_status":"closed","ping_status":"closed","template":"templates\/template-full-notitle.php","meta":{"footnotes":""},"class_list":["post-2767","page","type-page","status-publish","hentry","post"],"yoast_head":"<!-- This site is optimized with the Yoast SEO plugin v24.2 - https:\/\/yoast.com\/wordpress\/plugins\/seo\/ -->\n<title>MARAFLEX - NEOTEC, spol. s r.o. - \u0161ic\u00ed nit\u011b firmy G\u00fctermann<\/title>\n<meta name=\"description\" content=\"NEOTEC - \u0161ic\u00ed nit\u011b G\u00fctermann - MARAFLEX\" \/>\n<meta name=\"robots\" content=\"index, follow, max-snippet:-1, max-image-preview:large, max-video-preview:-1\" \/>\n<link rel=\"canonical\" href=\"https:\/\/www.neotec.cz\/gutermann\/maraflex-2\/\" \/>\n<meta property=\"og:locale\" content=\"cs_CZ\" \/>\n<meta property=\"og:type\" content=\"article\" \/>\n<meta property=\"og:title\" content=\"MARAFLEX - NEOTEC, spol. s r.o. - \u0161ic\u00ed nit\u011b firmy G\u00fctermann\" \/>\n<meta property=\"og:description\" content=\"NEOTEC - \u0161ic\u00ed nit\u011b G\u00fctermann - MARAFLEX\" \/>\n<meta property=\"og:url\" content=\"https:\/\/www.neotec.cz\/gutermann\/maraflex-2\/\" \/>\n<meta property=\"og:site_name\" content=\"NEOTEC, spol. s r.o. - \u0161ic\u00ed nit\u011b firmy G\u00fctermann\" \/>\n<meta name=\"twitter:card\" content=\"summary_large_image\" \/>\n<meta name=\"twitter:label1\" content=\"Odhadovan\u00e1 doba \u010dten\u00ed\" \/>\n\t<meta name=\"twitter:data1\" content=\"1 minuta\" \/>\n<script type=\"application\/ld+json\" class=\"yoast-schema-graph\">{\"@context\":\"https:\/\/schema.org\",\"@graph\":[{\"@type\":\"WebPage\",\"@id\":\"https:\/\/www.neotec.cz\/gutermann\/maraflex-2\/\",\"url\":\"https:\/\/www.neotec.cz\/gutermann\/maraflex-2\/\",\"name\":\"MARAFLEX - NEOTEC, spol. s r.o. - \u0161ic\u00ed nit\u011b firmy G\u00fctermann\",\"isPartOf\":{\"@id\":\"https:\/\/www.neotec.cz\/gutermann\/#website\"},\"datePublished\":\"2024-08-22T09:19:08+00:00\",\"dateModified\":\"2024-08-22T09:19:08+00:00\",\"description\":\"NEOTEC - \u0161ic\u00ed nit\u011b G\u00fctermann - MARAFLEX\",\"breadcrumb\":{\"@id\":\"https:\/\/www.neotec.cz\/gutermann\/maraflex-2\/#breadcrumb\"},\"inLanguage\":\"cs\",\"potentialAction\":[{\"@type\":\"ReadAction\",\"target\":[\"https:\/\/www.neotec.cz\/gutermann\/maraflex-2\/\"]}]},{\"@type\":\"BreadcrumbList\",\"@id\":\"https:\/\/www.neotec.cz\/gutermann\/maraflex-2\/#breadcrumb\",\"itemListElement\":[{\"@type\":\"ListItem\",\"position\":1,\"name\":\"Dom\u016f\",\"item\":\"https:\/\/www.neotec.cz\/gutermann\/\"},{\"@type\":\"ListItem\",\"position\":2,\"name\":\"MARAFLEX\"}]},{\"@type\":\"WebSite\",\"@id\":\"https:\/\/www.neotec.cz\/gutermann\/#website\",\"url\":\"https:\/\/www.neotec.cz\/gutermann\/\",\"name\":\"NEOTEC, spol. s r.o. - \u0161ic\u00ed nit\u011b firmy G\u00fctermann\",\"description\":\"NEOTEC - \u0161ic\u00ed nit\u011b firmy G\u00fctermann\",\"potentialAction\":[{\"@type\":\"SearchAction\",\"target\":{\"@type\":\"EntryPoint\",\"urlTemplate\":\"https:\/\/www.neotec.cz\/gutermann\/?s={search_term_string}\"},\"query-input\":{\"@type\":\"PropertyValueSpecification\",\"valueRequired\":true,\"valueName\":\"search_term_string\"}}],\"inLanguage\":\"cs\"}]}<\/script>\n<!-- \/ Yoast SEO plugin. -->","yoast_head_json":{"title":"MARAFLEX - NEOTEC, spol. s r.o. - \u0161ic\u00ed nit\u011b firmy G\u00fctermann","description":"NEOTEC - \u0161ic\u00ed nit\u011b G\u00fctermann - MARAFLEX","robots":{"index":"index","follow":"follow","max-snippet":"max-snippet:-1","max-image-preview":"max-image-preview:large","max-video-preview":"max-video-preview:-1"},"canonical":"https:\/\/www.neotec.cz\/gutermann\/maraflex-2\/","og_locale":"cs_CZ","og_type":"article","og_title":"MARAFLEX - NEOTEC, spol. s r.o. - \u0161ic\u00ed nit\u011b firmy G\u00fctermann","og_description":"NEOTEC - \u0161ic\u00ed nit\u011b G\u00fctermann - MARAFLEX","og_url":"https:\/\/www.neotec.cz\/gutermann\/maraflex-2\/","og_site_name":"NEOTEC, spol. s r.o. - \u0161ic\u00ed nit\u011b firmy G\u00fctermann","twitter_card":"summary_large_image","twitter_misc":{"Odhadovan\u00e1 doba \u010dten\u00ed":"1 minuta"},"schema":{"@context":"https:\/\/schema.org","@graph":[{"@type":"WebPage","@id":"https:\/\/www.neotec.cz\/gutermann\/maraflex-2\/","url":"https:\/\/www.neotec.cz\/gutermann\/maraflex-2\/","name":"MARAFLEX - NEOTEC, spol. s r.o. - \u0161ic\u00ed nit\u011b firmy G\u00fctermann","isPartOf":{"@id":"https:\/\/www.neotec.cz\/gutermann\/#website"},"datePublished":"2024-08-22T09:19:08+00:00","dateModified":"2024-08-22T09:19:08+00:00","description":"NEOTEC - \u0161ic\u00ed nit\u011b G\u00fctermann - MARAFLEX","breadcrumb":{"@id":"https:\/\/www.neotec.cz\/gutermann\/maraflex-2\/#breadcrumb"},"inLanguage":"cs","potentialAction":[{"@type":"ReadAction","target":["https:\/\/www.neotec.cz\/gutermann\/maraflex-2\/"]}]},{"@type":"BreadcrumbList","@id":"https:\/\/www.neotec.cz\/gutermann\/maraflex-2\/#breadcrumb","itemListElement":[{"@type":"ListItem","position":1,"name":"Dom\u016f","item":"https:\/\/www.neotec.cz\/gutermann\/"},{"@type":"ListItem","position":2,"name":"MARAFLEX"}]},{"@type":"WebSite","@id":"https:\/\/www.neotec.cz\/gutermann\/#website","url":"https:\/\/www.neotec.cz\/gutermann\/","name":"NEOTEC, spol. s r.o. - \u0161ic\u00ed nit\u011b firmy G\u00fctermann","description":"NEOTEC - \u0161ic\u00ed nit\u011b firmy G\u00fctermann","potentialAction":[{"@type":"SearchAction","target":{"@type":"EntryPoint","urlTemplate":"https:\/\/www.neotec.cz\/gutermann\/?s={search_term_string}"},"query-input":{"@type":"PropertyValueSpecification","valueRequired":true,"valueName":"search_term_string"}}],"inLanguage":"cs"}]}},"_links":{"self":[{"href":"https:\/\/www.neotec.cz\/gutermann\/wp-json\/wp\/v2\/pages\/2767","targetHints":{"allow":["GET"]}}],"collection":[{"href":"https:\/\/www.neotec.cz\/gutermann\/wp-json\/wp\/v2\/pages"}],"about":[{"href":"https:\/\/www.neotec.cz\/gutermann\/wp-json\/wp\/v2\/types\/page"}],"author":[{"embeddable":true,"href":"https:\/\/www.neotec.cz\/gutermann\/wp-json\/wp\/v2\/users\/1"}],"replies":[{"embeddable":true,"href":"https:\/\/www.neotec.cz\/gutermann\/wp-json\/wp\/v2\/comments?post=2767"}],"version-history":[{"count":2,"href":"https:\/\/www.neotec.cz\/gutermann\/wp-json\/wp\/v2\/pages\/2767\/revisions"}],"predecessor-version":[{"id":2780,"href":"https:\/\/www.neotec.cz\/gutermann\/wp-json\/wp\/v2\/pages\/2767\/revisions\/2780"}],"wp:attachment":[{"href":"https:\/\/www.neotec.cz\/gutermann\/wp-json\/wp\/v2\/media?parent=2767"}],"curies":[{"name":"wp","href":"https:\/\/api.w.org\/{rel}","templated":true}]}}