{"id":1157,"date":"2025-03-27T14:54:45","date_gmt":"2025-03-27T13:54:45","guid":{"rendered":"https:\/\/www.neotec.cz\/idsys\/?page_id=1157"},"modified":"2025-03-27T15:59:03","modified_gmt":"2025-03-27T14:59:03","slug":"ml241p-ml341p","status":"publish","type":"page","link":"https:\/\/www.neotec.cz\/idsys\/uvod\/tiskarny\/prumyslove-tiskarny\/ml241p-ml341p\/","title":{"rendered":"ML241P | ML341P"},"content":{"rendered":"<div id=\"pl-1157\"  class=\"panel-layout\" ><div id=\"pg-1157-0\"  class=\"panel-grid panel-no-style\" ><div id=\"pgc-1157-0-0\"  class=\"panel-grid-cell\" ><div id=\"panel-1157-0-0-0\" class=\"so-panel widget widget_sow-image panel-first-child panel-last-child\" data-index=\"0\" ><div\n\t\t\t\n\t\t\tclass=\"so-widget-sow-image so-widget-sow-image-default-c67d20f9f743-1157\"\n\t\t\t\n\t\t>\n\n<div class=\"sow-image-container\">\n\t\t<img loading=\"lazy\" decoding=\"async\" src=\"https:\/\/www.neotec.cz\/idsys\/wp-content\/uploads\/2025\/03\/ML241P-5_500x500dpi-300x300.png\" width=\"300\" height=\"300\" srcset=\"https:\/\/www.neotec.cz\/idsys\/wp-content\/uploads\/2025\/03\/ML241P-5_500x500dpi-300x300.png 300w, https:\/\/www.neotec.cz\/idsys\/wp-content\/uploads\/2025\/03\/ML241P-5_500x500dpi-150x150.png 150w, https:\/\/www.neotec.cz\/idsys\/wp-content\/uploads\/2025\/03\/ML241P-5_500x500dpi.png 500w\" sizes=\"auto, (max-width: 300px) 100vw, 300px\" title=\"ML241P | ML341P\" alt=\"ML241P | ML341P\" \t\tclass=\"so-widget-image\"\/>\n\t<\/div>\n\n<\/div><\/div><\/div><div id=\"pgc-1157-0-1\"  class=\"panel-grid-cell\" ><div id=\"panel-1157-0-1-0\" class=\"so-panel widget widget_sow-editor panel-first-child\" data-index=\"1\" ><div\n\t\t\t\n\t\t\tclass=\"so-widget-sow-editor so-widget-sow-editor-base\"\n\t\t\t\n\t\t><h3 class=\"widget-title\">ML241P | ML341P<\/h3>\n<div class=\"siteorigin-widget-tinymce textwidget\">\n\t<p><strong>Mal\u00e1 pr\u016fmyslov\u00e1 termo-transferov\u00e1 tisk\u00e1rna etiket a \u0161t\u00edtk\u016f.<\/strong>\u00a0Tisk\u00e1rny ML241P | ML341P se vyzna\u010duj\u00ed velmi mal\u00fdmi rozm\u011bry v segmentu pr\u016fmyslov\u00fdch tisk\u00e1ren. D\u00edky tomu nach\u00e1zej\u00ed sv\u00e9 uplatn\u011bn\u00ed tam, kde je zapot\u0159eb\u00ed velk\u00e9ho objemu tisku, ale nen\u00ed prostor pro klasick\u00e9 pr\u016fmyslov\u00e9 tisk\u00e1rny.<\/p>\n<\/div>\n<\/div><\/div><div id=\"panel-1157-0-1-1\" class=\"so-panel widget widget_sow-slider panel-last-child\" data-index=\"2\" ><div\n\t\t\t\n\t\t\tclass=\"so-widget-sow-slider so-widget-sow-slider-default-36aae415296a-1157\"\n\t\t\t\n\t\t>\t\t\t\t<div class=\"sow-slider-base\" style=\"display: none\" tabindex=\"0\">\n\t\t\t\t\t<ul\n\t\t\t\t\tclass=\"sow-slider-images\"\n\t\t\t\t\tdata-settings=\"{&quot;pagination&quot;:true,&quot;speed&quot;:800,&quot;timeout&quot;:1000,&quot;paused&quot;:false,&quot;pause_on_hover&quot;:false,&quot;swipe&quot;:true,&quot;nav_always_show_desktop&quot;:&quot;&quot;,&quot;nav_always_show_mobile&quot;:&quot;&quot;,&quot;breakpoint&quot;:&quot;780px&quot;,&quot;unmute&quot;:false,&quot;anchor&quot;:null}\"\n\t\t\t\t\t\t\t\t\t\tdata-anchor-id=\"\"\n\t\t\t\t>\t\t<li class=\"sow-slider-image\" style=\"visibility: visible;\" >\n\t\t\t\t\t\t<div class=\"sow-slider-image-container\">\n\t\t\t\t<div class=\"sow-slider-image-wrapper\" style=\"max-width: 500px\">\n\t\t\t\t\t\t\t\t\t\t<div class=\"sow-slider-image-foreground-wrapper\">\n\t\t\t\t\t\t<img loading=\"lazy\" decoding=\"async\" width=\"500\" height=\"500\" src=\"https:\/\/www.neotec.cz\/idsys\/wp-content\/uploads\/2025\/03\/ML241P-1_500x500dpi.png\" class=\"sow-slider-foreground-image\" alt=\"\" style=\"\" srcset=\"https:\/\/www.neotec.cz\/idsys\/wp-content\/uploads\/2025\/03\/ML241P-1_500x500dpi.png 500w, https:\/\/www.neotec.cz\/idsys\/wp-content\/uploads\/2025\/03\/ML241P-1_500x500dpi-300x300.png 300w, https:\/\/www.neotec.cz\/idsys\/wp-content\/uploads\/2025\/03\/ML241P-1_500x500dpi-150x150.png 150w\" sizes=\"auto, (max-width: 500px) 100vw, 500px\" \/>\t\t\t\t\t<\/div>\n\t\t\t\t\t\t\t\t\t<\/div>\n\t\t\t<\/div>\n\t\t\t\t\t<\/li>\n\t\t\t\t<li class=\"sow-slider-image\" style=\"visibility: hidden;\" >\n\t\t\t\t\t\t<div class=\"sow-slider-image-container\">\n\t\t\t\t<div class=\"sow-slider-image-wrapper\" style=\"max-width: 500px\">\n\t\t\t\t\t\t\t\t\t\t<div class=\"sow-slider-image-foreground-wrapper\">\n\t\t\t\t\t\t<img loading=\"lazy\" decoding=\"async\" width=\"500\" height=\"500\" src=\"https:\/\/www.neotec.cz\/idsys\/wp-content\/uploads\/2025\/03\/ML241P-4_500x500dpi.png\" class=\"sow-slider-foreground-image\" alt=\"\" style=\"\" srcset=\"https:\/\/www.neotec.cz\/idsys\/wp-content\/uploads\/2025\/03\/ML241P-4_500x500dpi.png 500w, https:\/\/www.neotec.cz\/idsys\/wp-content\/uploads\/2025\/03\/ML241P-4_500x500dpi-300x300.png 300w, https:\/\/www.neotec.cz\/idsys\/wp-content\/uploads\/2025\/03\/ML241P-4_500x500dpi-150x150.png 150w\" sizes=\"auto, (max-width: 500px) 100vw, 500px\" \/>\t\t\t\t\t<\/div>\n\t\t\t\t\t\t\t\t\t<\/div>\n\t\t\t<\/div>\n\t\t\t\t\t<\/li>\n\t\t<\/ul>\t\t\t\t<ol class=\"sow-slider-pagination\">\n\t\t\t\t\t\t\t\t\t\t\t<li><a href=\"#\" data-goto=\"0\" aria-label=\"display slide 1\"><\/a><\/li>\n\t\t\t\t\t\t\t\t\t\t\t<li><a href=\"#\" data-goto=\"1\" aria-label=\"display slide 2\"><\/a><\/li>\n\t\t\t\t\t\t\t\t\t<\/ol>\n\n\t\t\t\t<div class=\"sow-slide-nav sow-slide-nav-next\">\n\t\t\t\t\t<a href=\"#\" data-goto=\"next\" aria-label=\"next slide\" data-action=\"next\">\n\t\t\t\t\t\t<em class=\"sow-sld-icon-thick-rounded-right\"><\/em>\n\t\t\t\t\t<\/a>\n\t\t\t\t<\/div>\n\n\t\t\t\t<div class=\"sow-slide-nav sow-slide-nav-prev\">\n\t\t\t\t\t<a href=\"#\" data-goto=\"previous\" aria-label=\"previous slide\" data-action=\"prev\">\n\t\t\t\t\t\t<em class=\"sow-sld-icon-thick-rounded-left\"><\/em>\n\t\t\t\t\t<\/a>\n\t\t\t\t<\/div>\n\t\t\t\t<\/div><\/div><\/div><\/div><\/div><div id=\"pg-1157-1\"  class=\"panel-grid panel-no-style\" ><div id=\"pgc-1157-1-0\"  class=\"panel-grid-cell\" ><div id=\"panel-1157-1-0-0\" class=\"so-panel widget widget_sow-editor panel-first-child\" data-index=\"3\" ><div\n\t\t\t\n\t\t\tclass=\"so-widget-sow-editor so-widget-sow-editor-base\"\n\t\t\t\n\t\t>\n<div class=\"siteorigin-widget-tinymce textwidget\">\n\t<p>TT = tisk s p\u0159enosem barv\u00edc\u00ed TTR p\u00e1sky<br \/>TD = p\u0159\u00edm\u00fd tepeln\u00fd tisk<\/p>\n<\/div>\n<\/div><\/div><div id=\"panel-1157-1-0-1\" class=\"so-panel widget widget_sow-editor panel-last-child\" data-index=\"4\" ><div\n\t\t\t\n\t\t\tclass=\"so-widget-sow-editor so-widget-sow-editor-base\"\n\t\t\t\n\t\t>\n<div class=\"siteorigin-widget-tinymce textwidget\">\n\t<p style=\"text-align: center;\"><strong>Pokud nem\u016f\u017eete n\u011bco naj\u00edt nebo m\u00e1te-li jak\u00e9koliv dotazy, tak\u00a0n\u00e1s nev\u00e1hejte pros\u00edm\u00a0<a href=\"http:\/\/www.neotec.cz\/idsys\/kontakty\/\">kontaktovat<\/a>.<\/strong><\/p>\n<\/div>\n<\/div><\/div><\/div><\/div><\/div>","protected":false},"excerpt":{"rendered":"<p>Mal\u00e1 pr\u016fmyslov\u00e1 termo-transferov\u00e1 tisk\u00e1rna etiket a \u0161t\u00edtk\u016f.\u00a0Tisk\u00e1rny ML241P | ML341P se vyzna\u010duj\u00ed velmi mal\u00fdmi rozm\u011bry v segmentu pr\u016fmyslov\u00fdch tisk\u00e1ren. D\u00edky tomu nach\u00e1zej\u00ed sv\u00e9 uplatn\u011bn\u00ed tam, kde je zapot\u0159eb\u00ed velk\u00e9ho objemu tisku, ale nen\u00ed prostor pro klasick\u00e9 pr\u016fmyslov\u00e9 tisk\u00e1rny. TT = tisk s p\u0159enosem barv\u00edc\u00ed TTR p\u00e1skyTD = p\u0159\u00edm\u00fd tepeln\u00fd tisk Pokud nem\u016f\u017eete n\u011bco naj\u00edt nebo&hellip;<\/p>\n","protected":false},"author":4,"featured_media":0,"parent":472,"menu_order":0,"comment_status":"closed","ping_status":"closed","template":"","meta":{"footnotes":""},"class_list":["post-1157","page","type-page","status-publish","hentry"],"_links":{"self":[{"href":"https:\/\/www.neotec.cz\/idsys\/wp-json\/wp\/v2\/pages\/1157","targetHints":{"allow":["GET"]}}],"collection":[{"href":"https:\/\/www.neotec.cz\/idsys\/wp-json\/wp\/v2\/pages"}],"about":[{"href":"https:\/\/www.neotec.cz\/idsys\/wp-json\/wp\/v2\/types\/page"}],"author":[{"embeddable":true,"href":"https:\/\/www.neotec.cz\/idsys\/wp-json\/wp\/v2\/users\/4"}],"replies":[{"embeddable":true,"href":"https:\/\/www.neotec.cz\/idsys\/wp-json\/wp\/v2\/comments?post=1157"}],"version-history":[{"count":2,"href":"https:\/\/www.neotec.cz\/idsys\/wp-json\/wp\/v2\/pages\/1157\/revisions"}],"predecessor-version":[{"id":1189,"href":"https:\/\/www.neotec.cz\/idsys\/wp-json\/wp\/v2\/pages\/1157\/revisions\/1189"}],"up":[{"embeddable":true,"href":"https:\/\/www.neotec.cz\/idsys\/wp-json\/wp\/v2\/pages\/472"}],"wp:attachment":[{"href":"https:\/\/www.neotec.cz\/idsys\/wp-json\/wp\/v2\/media?parent=1157"}],"curies":[{"name":"wp","href":"https:\/\/api.w.org\/{rel}","templated":true}]}}