{"id":1191,"date":"2025-03-27T16:10:44","date_gmt":"2025-03-27T15:10:44","guid":{"rendered":"https:\/\/www.neotec.cz\/idsys\/?page_id=1191"},"modified":"2025-03-27T16:10:44","modified_gmt":"2025-03-27T15:10:44","slug":"mh261t-mh361t","status":"publish","type":"page","link":"https:\/\/www.neotec.cz\/idsys\/uvod\/tiskarny\/prumyslove-tiskarny\/mh261t-mh361t\/","title":{"rendered":"MH261T | MH361T"},"content":{"rendered":"<div id=\"pl-1191\"  class=\"panel-layout\" ><div id=\"pg-1191-0\"  class=\"panel-grid panel-no-style\" ><div id=\"pgc-1191-0-0\"  class=\"panel-grid-cell\" ><div id=\"panel-1191-0-0-0\" class=\"so-panel widget widget_sow-image panel-first-child panel-last-child\" data-index=\"0\" ><div\n\t\t\t\n\t\t\tclass=\"so-widget-sow-image so-widget-sow-image-default-c67d20f9f743-1191\"\n\t\t\t\n\t\t>\n\n<div class=\"sow-image-container\">\n\t\t<img loading=\"lazy\" decoding=\"async\" src=\"https:\/\/www.neotec.cz\/idsys\/wp-content\/uploads\/2025\/03\/MH-261-269x300.png\" width=\"269\" height=\"300\" srcset=\"https:\/\/www.neotec.cz\/idsys\/wp-content\/uploads\/2025\/03\/MH-261-269x300.png 269w, https:\/\/www.neotec.cz\/idsys\/wp-content\/uploads\/2025\/03\/MH-261-919x1024.png 919w, https:\/\/www.neotec.cz\/idsys\/wp-content\/uploads\/2025\/03\/MH-261-768x856.png 768w, https:\/\/www.neotec.cz\/idsys\/wp-content\/uploads\/2025\/03\/MH-261.png 1228w\" sizes=\"auto, (max-width: 269px) 100vw, 269px\" title=\"MH261T | MH361T\" alt=\"MH261T | MH361T\" \t\tclass=\"so-widget-image\"\/>\n\t<\/div>\n\n<\/div><\/div><\/div><div id=\"pgc-1191-0-1\"  class=\"panel-grid-cell\" ><div id=\"panel-1191-0-1-0\" class=\"so-panel widget widget_sow-editor panel-first-child\" data-index=\"1\" ><div\n\t\t\t\n\t\t\tclass=\"so-widget-sow-editor so-widget-sow-editor-base\"\n\t\t\t\n\t\t><h3 class=\"widget-title\">MH261T | MH361T<\/h3>\n<div class=\"siteorigin-widget-tinymce textwidget\">\n\t<p><strong>Jedny z nejv\u00fdkonn\u011bj\u0161\u00edch model\u016f ve sv\u00e9 t\u0159\u00edd\u011b.<\/strong>\u00a0D\u00edky lehk\u00e9 a pevn\u00e9 hlin\u00edkov\u00e9 konstrukci jsou tisk\u00e1rny MH261T | MH361T s \u0161\u00ed\u0159\u00ed tisku 152mm vhodn\u00e9 i do n\u00e1ro\u010dn\u00fdch provoz\u016f na tisk etiket a \u0161t\u00edtk\u016f.<br \/>\nTisk\u00e1rny jsou s standardn\u011b vybaveny p\u0159ipojen\u00edm USB2.0, Ethernet LAN, USB Host 2x, RS232 a Centronics.<\/p>\n<\/div>\n<\/div><\/div><div id=\"panel-1191-0-1-1\" class=\"so-panel widget widget_sow-slider panel-last-child\" data-index=\"2\" ><div\n\t\t\t\n\t\t\tclass=\"so-widget-sow-slider so-widget-sow-slider-default-36aae415296a-1191\"\n\t\t\t\n\t\t>\t\t\t\t<div class=\"sow-slider-base\" style=\"display: none\" tabindex=\"0\">\n\t\t\t\t\t<ul\n\t\t\t\t\tclass=\"sow-slider-images\"\n\t\t\t\t\tdata-settings=\"{&quot;pagination&quot;:true,&quot;speed&quot;:800,&quot;timeout&quot;:1000,&quot;paused&quot;:false,&quot;pause_on_hover&quot;:false,&quot;swipe&quot;:true,&quot;nav_always_show_desktop&quot;:&quot;&quot;,&quot;nav_always_show_mobile&quot;:&quot;&quot;,&quot;breakpoint&quot;:&quot;780px&quot;,&quot;unmute&quot;:false,&quot;anchor&quot;:null}\"\n\t\t\t\t\t\t\t\t\t\tdata-anchor-id=\"\"\n\t\t\t\t>\t\t<li class=\"sow-slider-image\" style=\"visibility: visible;\" >\n\t\t\t\t\t\t<div class=\"sow-slider-image-container\">\n\t\t\t\t<div class=\"sow-slider-image-wrapper\" style=\"max-width: 1228px\">\n\t\t\t\t\t\t\t\t\t\t<div class=\"sow-slider-image-foreground-wrapper\">\n\t\t\t\t\t\t<img loading=\"lazy\" decoding=\"async\" width=\"1228\" height=\"1368\" src=\"https:\/\/www.neotec.cz\/idsys\/wp-content\/uploads\/2025\/03\/MH-261.png\" class=\"sow-slider-foreground-image\" alt=\"\" style=\"\" srcset=\"https:\/\/www.neotec.cz\/idsys\/wp-content\/uploads\/2025\/03\/MH-261.png 1228w, https:\/\/www.neotec.cz\/idsys\/wp-content\/uploads\/2025\/03\/MH-261-269x300.png 269w, https:\/\/www.neotec.cz\/idsys\/wp-content\/uploads\/2025\/03\/MH-261-919x1024.png 919w, https:\/\/www.neotec.cz\/idsys\/wp-content\/uploads\/2025\/03\/MH-261-768x856.png 768w\" sizes=\"auto, (max-width: 1228px) 100vw, 1228px\" \/>\t\t\t\t\t<\/div>\n\t\t\t\t\t\t\t\t\t<\/div>\n\t\t\t<\/div>\n\t\t\t\t\t<\/li>\n\t\t\t\t<li class=\"sow-slider-image\" style=\"visibility: hidden;\" >\n\t\t\t\t\t\t<div class=\"sow-slider-image-container\">\n\t\t\t\t<div class=\"sow-slider-image-wrapper\" style=\"max-width: 1228px\">\n\t\t\t\t\t\t\t\t\t\t<div class=\"sow-slider-image-foreground-wrapper\">\n\t\t\t\t\t\t<img loading=\"lazy\" decoding=\"async\" width=\"1228\" height=\"1570\" src=\"https:\/\/www.neotec.cz\/idsys\/wp-content\/uploads\/2025\/03\/MH-261-open.png\" class=\"sow-slider-foreground-image\" alt=\"\" style=\"\" srcset=\"https:\/\/www.neotec.cz\/idsys\/wp-content\/uploads\/2025\/03\/MH-261-open.png 1228w, https:\/\/www.neotec.cz\/idsys\/wp-content\/uploads\/2025\/03\/MH-261-open-235x300.png 235w, https:\/\/www.neotec.cz\/idsys\/wp-content\/uploads\/2025\/03\/MH-261-open-801x1024.png 801w, https:\/\/www.neotec.cz\/idsys\/wp-content\/uploads\/2025\/03\/MH-261-open-768x982.png 768w, https:\/\/www.neotec.cz\/idsys\/wp-content\/uploads\/2025\/03\/MH-261-open-1201x1536.png 1201w\" sizes=\"auto, (max-width: 1228px) 100vw, 1228px\" \/>\t\t\t\t\t<\/div>\n\t\t\t\t\t\t\t\t\t<\/div>\n\t\t\t<\/div>\n\t\t\t\t\t<\/li>\n\t\t<\/ul>\t\t\t\t<ol class=\"sow-slider-pagination\">\n\t\t\t\t\t\t\t\t\t\t\t<li><a href=\"#\" data-goto=\"0\" aria-label=\"display slide 1\"><\/a><\/li>\n\t\t\t\t\t\t\t\t\t\t\t<li><a href=\"#\" data-goto=\"1\" aria-label=\"display slide 2\"><\/a><\/li>\n\t\t\t\t\t\t\t\t\t<\/ol>\n\n\t\t\t\t<div class=\"sow-slide-nav sow-slide-nav-next\">\n\t\t\t\t\t<a href=\"#\" data-goto=\"next\" aria-label=\"next slide\" data-action=\"next\">\n\t\t\t\t\t\t<em class=\"sow-sld-icon-thick-rounded-right\"><\/em>\n\t\t\t\t\t<\/a>\n\t\t\t\t<\/div>\n\n\t\t\t\t<div class=\"sow-slide-nav sow-slide-nav-prev\">\n\t\t\t\t\t<a href=\"#\" data-goto=\"previous\" aria-label=\"previous slide\" data-action=\"prev\">\n\t\t\t\t\t\t<em class=\"sow-sld-icon-thick-rounded-left\"><\/em>\n\t\t\t\t\t<\/a>\n\t\t\t\t<\/div>\n\t\t\t\t<\/div><\/div><\/div><\/div><\/div><div id=\"pg-1191-1\"  class=\"panel-grid panel-no-style\" ><div id=\"pgc-1191-1-0\"  class=\"panel-grid-cell\" ><div id=\"panel-1191-1-0-0\" class=\"so-panel widget widget_sow-editor panel-first-child\" data-index=\"3\" ><div\n\t\t\t\n\t\t\tclass=\"so-widget-sow-editor so-widget-sow-editor-base\"\n\t\t\t\n\t\t>\n<div class=\"siteorigin-widget-tinymce textwidget\">\n\t<p>TT = tisk s p\u0159enosem barv\u00edc\u00ed TTR p\u00e1sky<br \/>TD = p\u0159\u00edm\u00fd tepeln\u00fd tisk<\/p>\n<\/div>\n<\/div><\/div><div id=\"panel-1191-1-0-1\" class=\"so-panel widget widget_sow-editor panel-last-child\" data-index=\"4\" ><div\n\t\t\t\n\t\t\tclass=\"so-widget-sow-editor so-widget-sow-editor-base\"\n\t\t\t\n\t\t>\n<div class=\"siteorigin-widget-tinymce textwidget\">\n\t<p style=\"text-align: center;\"><strong>Pokud nem\u016f\u017eete n\u011bco naj\u00edt nebo m\u00e1te-li jak\u00e9koliv dotazy, tak\u00a0n\u00e1s nev\u00e1hejte pros\u00edm\u00a0<a href=\"http:\/\/www.neotec.cz\/idsys\/kontakty\/\">kontaktovat<\/a>.<\/strong><\/p>\n<\/div>\n<\/div><\/div><\/div><\/div><\/div>","protected":false},"excerpt":{"rendered":"<p>Jedny z nejv\u00fdkonn\u011bj\u0161\u00edch model\u016f ve sv\u00e9 t\u0159\u00edd\u011b.\u00a0D\u00edky lehk\u00e9 a pevn\u00e9 hlin\u00edkov\u00e9 konstrukci jsou tisk\u00e1rny MH261T | MH361T s \u0161\u00ed\u0159\u00ed tisku 152mm vhodn\u00e9 i do n\u00e1ro\u010dn\u00fdch provoz\u016f na tisk etiket a \u0161t\u00edtk\u016f. Tisk\u00e1rny jsou s standardn\u011b vybaveny p\u0159ipojen\u00edm USB2.0, Ethernet LAN, USB Host 2x, RS232 a Centronics. TT = tisk s p\u0159enosem barv\u00edc\u00ed TTR p\u00e1skyTD =&hellip;<\/p>\n","protected":false},"author":4,"featured_media":0,"parent":472,"menu_order":0,"comment_status":"closed","ping_status":"closed","template":"","meta":{"footnotes":""},"class_list":["post-1191","page","type-page","status-publish","hentry"],"_links":{"self":[{"href":"https:\/\/www.neotec.cz\/idsys\/wp-json\/wp\/v2\/pages\/1191","targetHints":{"allow":["GET"]}}],"collection":[{"href":"https:\/\/www.neotec.cz\/idsys\/wp-json\/wp\/v2\/pages"}],"about":[{"href":"https:\/\/www.neotec.cz\/idsys\/wp-json\/wp\/v2\/types\/page"}],"author":[{"embeddable":true,"href":"https:\/\/www.neotec.cz\/idsys\/wp-json\/wp\/v2\/users\/4"}],"replies":[{"embeddable":true,"href":"https:\/\/www.neotec.cz\/idsys\/wp-json\/wp\/v2\/comments?post=1191"}],"version-history":[{"count":1,"href":"https:\/\/www.neotec.cz\/idsys\/wp-json\/wp\/v2\/pages\/1191\/revisions"}],"predecessor-version":[{"id":1193,"href":"https:\/\/www.neotec.cz\/idsys\/wp-json\/wp\/v2\/pages\/1191\/revisions\/1193"}],"up":[{"embeddable":true,"href":"https:\/\/www.neotec.cz\/idsys\/wp-json\/wp\/v2\/pages\/472"}],"wp:attachment":[{"href":"https:\/\/www.neotec.cz\/idsys\/wp-json\/wp\/v2\/media?parent=1191"}],"curies":[{"name":"wp","href":"https:\/\/api.w.org\/{rel}","templated":true}]}}