{"id":308,"date":"2016-10-23T08:45:56","date_gmt":"2016-10-23T07:45:56","guid":{"rendered":"http:\/\/www.neotec.cz\/idsys\/?page_id=308"},"modified":"2023-07-20T17:34:27","modified_gmt":"2023-07-20T16:34:27","slug":"ke-stazeni","status":"publish","type":"page","link":"https:\/\/www.neotec.cz\/idsys\/ke-stazeni\/","title":{"rendered":"Ke sta\u017een\u00ed"},"content":{"rendered":"<div id=\"pl-308\"  class=\"panel-layout\" ><div id=\"pg-308-0\"  class=\"panel-grid panel-no-style\" ><div id=\"pgc-308-0-0\"  class=\"panel-grid-cell\" ><div id=\"panel-308-0-0-0\" class=\"so-panel widget widget_sow-editor panel-first-child panel-last-child\" data-index=\"0\" ><div\n\t\t\t\n\t\t\tclass=\"so-widget-sow-editor so-widget-sow-editor-base\"\n\t\t\t\n\t\t><h3 class=\"widget-title\">Ke sta\u017een\u00ed<\/h3>\n<div class=\"siteorigin-widget-tinymce textwidget\">\n\t<h2>Ovlada\u010de tisk\u00e1ren TSC:<\/h2>\n<h4>- aktu\u00e1ln\u00ed verze pro syst\u00e9my Microsoft Windows:<\/h4>\n<p><a href=\"https:\/\/www.neotec.cz\/idsys\/wp-content\/uploads\/2023\/07\/tsc_whql_2022.1.4.0.zip\">St\u00e1hnout ovlada\u010d<\/a>\u00a0(TSC - Seagull)<\/p>\n<ul>\n<li>Microsoft Windows 7, 8, 8.1, 10, 11<\/li>\n<li>Microsoft Windows server 2008, 2008 R2, 2012, 2012 R2, 2016, 2019, 2022<\/li>\n<li>certifikace WHQL<\/li>\n<li>pro edice 32 i 64 bit\u016f<\/li>\n<li>verze 2022.1_M-4<\/li>\n<\/ul>\n<h4>- archivn\u00ed verze p\u0159edev\u0161\u00edm pro syst\u00e9my Microsoft Windows XP a Windows Server 2003:<\/h4>\n<p><a href=\"http:\/\/www.neotec.cz\/idsys\/download\/TSC_WIN_driver.zip\">St\u00e1hnout ovlada\u010d<\/a>\u00a0(TSC - Seagull)<\/p>\n<ul>\n<li>Microsoft Windows XP sp2 a vy\u0161\u0161\u00ed, Vista, 7, 8, 8.1, 10<\/li>\n<li>Microsoft Windows server 2003, 2008, 2008 R2, 2012, 2012 R2<\/li>\n<li>pro edice 32 i 64 bit\u016f<\/li>\n<li>verze 7.4.1_M-2 (2016)<\/li>\n<li>obsahuje pouze ovlada\u010de TSC tisk\u00e1ren uveden\u00fdch na trh do roku 2016<\/li>\n<\/ul>\n<h4>- pro syst\u00e9my Apple Mac OS v. 10.6 a vy\u0161\u0161\u00ed:<\/h4>\n<p><a href=\"http:\/\/www.neotec.cz\/idsys\/download\/TSC_MAC_driver.zip\">St\u00e1hnout ovlada\u010d<\/a>\u00a0(TSC)<\/p>\n<h2>Ovlada\u010de tisk\u00e1ren Monarch (Avery Dennison\/ Paxar):<\/h2>\n<h4>- aktu\u00e1ln\u00ed verze pro syst\u00e9my Microsoft Windows<\/h4>\n<p><a href=\"http:\/\/www.neotec.cz\/idsys\/download\/Monarch_Win_driver_2020.3.exe\">St\u00e1hnout ovlada\u010d<\/a>\u00a0(Seagull)<\/p>\n<ul>\n<li>Microsoft Windows\u00a0 7, 8, 8.1, 10<\/li>\n<li>Microsoft Windows server 2008, 2008 R2, 2012, 2012 R2, 2016, 2019<\/li>\n<li>pro edice 32 i 64 bit\u016f<\/li>\n<li>verze 2020.3<\/li>\n<\/ul>\n<h4>- archivn\u00ed verze p\u0159edev\u0161\u00edm pro syst\u00e9my Microsoft Windows XP a Windows Server 2003<\/h4>\n<p><a href=\"http:\/\/www.neotec.cz\/idsys\/download\/Monarch_WIN_driver.exe\">St\u00e1hnout ovlada\u010d<\/a>\u00a0(Seagull)<\/p>\n<ul>\n<li>Microsoft Windows XP sp2 a vy\u0161\u0161\u00ed, Vista, 7, 8, 8.1, 10<\/li>\n<li>Microsoft Windows server 2003, 2008, 2008 R2, 2012, 2012 R2<\/li>\n<li>pro edice 32 i 64 bit\u016f<\/li>\n<li>verze 7.4.2 (2016)<\/li>\n<\/ul>\n<h2>Ovlada\u010de tisk\u00e1ren Avery Dennison (Novexx):<\/h2>\n<h4>- aktu\u00e1ln\u00ed verze pro syst\u00e9my Microsoft Windows<\/h4>\n<p><a href=\"http:\/\/www.neotec.cz\/idsys\/download\/Avery_Win_driver_2020.3.exe\">St\u00e1hnout ovlada\u010d<\/a>\u00a0(Seagull)<\/p>\n<ul>\n<li>Microsoft Windows\u00a0 7, 8, 8.1, 10<\/li>\n<li>Microsoft Windows server 2008, 2008 R2, 2012, 2012 R2, 2016, 2019<\/li>\n<li>pro edice 32 i 64 bit\u016f<\/li>\n<li>verze 2020.3<\/li>\n<li>pro modely AD 64-0x, AP2.4, AP3.4, AP4.4, AP5.4, AP5.6, AP7.t, TDI, TTX, ALX, DPM<\/li>\n<\/ul>\n<h4>- archivn\u00ed verze p\u0159edev\u0161\u00edm pro syst\u00e9my Microsoft Windows XP a Windows server 2003:<\/h4>\n<p><a href=\"http:\/\/www.neotec.cz\/idsys\/download\/Avery_WIN_driver.exe\">St\u00e1hnout ovlada\u010d<\/a>\u00a0(Seagull)<\/p>\n<ul>\n<li>Microsoft Windows XP sp2 a vy\u0161\u0161\u00ed, Vista, 7, 8, 8.1, 10<\/li>\n<li>Microsoft Windows server 2003, 2008, 2008 R2, 2012, 2012 R2<\/li>\n<li>pro edice 32 i 64 bit\u016f<\/li>\n<li>pro modely AD 64-0x, AP2.4, AP3.4, AP4.4, AP5.4, AP5.6, AP7.t, TDI, TTX, ALX, DPM<\/li>\n<\/ul>\n<h2>Ovlada\u010de\u00a0 tisk\u00e1ren a aplik\u00e1tor\u016f Novexx Solutions (po roce 2015):<\/h2>\n<h4>- pro syst\u00e9my Microsoft Windows:<\/h4>\n<p><a href=\"http:\/\/www.neotec.cz\/idsys\/download\/NOVEXX_Solutions_WIN_driver_2020.3.exe\">St\u00e1hnout ovlada\u010d<\/a>\u00a0(Seagull)<\/p>\n<ul>\n<li>Microsoft\u00a0 7, 8, 8.1, 10<\/li>\n<li>Microsoft Windows server 2008, 2008 R2, 2012, 2012 R2, 2016, 2019<\/li>\n<li>pro edice 32 i 64 bit\u016f<\/li>\n<li>verze 2020.3<\/li>\n<li>pro modely Novexx Solutions 64-0x, ALX, AP 4.4, AP 5.4, AP 5.6, DPM, PEM, XLP 504<\/li>\n<\/ul>\n<h2>Ovlada\u010de star\u0161\u00edch tisk\u00e1ren Novexx (p\u0159ed AD):<\/h2>\n<h4>- pro syst\u00e9my Microsoft Windows:<\/h4>\n<p><a href=\"http:\/\/www.neotec.cz\/idsys\/download\/Novexx_WIN_driver.exe\">St\u00e1hnout ovlada\u010d<\/a>\u00a0(Seagull)<\/p>\n<ul>\n<li>Microsoft Windows XP sp2 a vy\u0161\u0161\u00ed, Vista, 7, 8, 8.1, 10<\/li>\n<li>Microsoft Windows server 2003, 2008, 2008 R2, 2012, 2012 R2<\/li>\n<li>pro edice 32 i 64 bit\u016f<\/li>\n<li>pro modely Chess, Cobra, DPM, Lion, Lion plus, Da Capo, Mustang, Fox, Ocelot, Puma, Tiger, Tiger XXL, Swing, Teddy, Texxtile, Xxtreme, PA-146(156,166).<\/li>\n<\/ul>\n<\/div>\n<\/div><\/div><\/div><\/div><\/div>","protected":false},"excerpt":{"rendered":"<p>Ovlada\u010de tisk\u00e1ren TSC: &#8211; aktu\u00e1ln\u00ed verze pro syst\u00e9my Microsoft Windows: St\u00e1hnout ovlada\u010d\u00a0(TSC &#8211; Seagull) Microsoft Windows 7, 8, 8.1, 10, 11 Microsoft Windows server 2008, 2008 R2, 2012, 2012 R2, 2016, 2019, 2022 certifikace WHQL pro edice 32 i 64 bit\u016f verze 2022.1_M-4 &#8211; archivn\u00ed verze p\u0159edev\u0161\u00edm pro syst\u00e9my Microsoft Windows XP a Windows Server&hellip;<\/p>\n","protected":false},"author":1,"featured_media":0,"parent":0,"menu_order":0,"comment_status":"closed","ping_status":"closed","template":"page-templates\/default-no-title.php","meta":{"footnotes":""},"class_list":["post-308","page","type-page","status-publish","hentry"],"_links":{"self":[{"href":"https:\/\/www.neotec.cz\/idsys\/wp-json\/wp\/v2\/pages\/308","targetHints":{"allow":["GET"]}}],"collection":[{"href":"https:\/\/www.neotec.cz\/idsys\/wp-json\/wp\/v2\/pages"}],"about":[{"href":"https:\/\/www.neotec.cz\/idsys\/wp-json\/wp\/v2\/types\/page"}],"author":[{"embeddable":true,"href":"https:\/\/www.neotec.cz\/idsys\/wp-json\/wp\/v2\/users\/1"}],"replies":[{"embeddable":true,"href":"https:\/\/www.neotec.cz\/idsys\/wp-json\/wp\/v2\/comments?post=308"}],"version-history":[{"count":13,"href":"https:\/\/www.neotec.cz\/idsys\/wp-json\/wp\/v2\/pages\/308\/revisions"}],"predecessor-version":[{"id":1111,"href":"https:\/\/www.neotec.cz\/idsys\/wp-json\/wp\/v2\/pages\/308\/revisions\/1111"}],"wp:attachment":[{"href":"https:\/\/www.neotec.cz\/idsys\/wp-json\/wp\/v2\/media?parent=308"}],"curies":[{"name":"wp","href":"https:\/\/api.w.org\/{rel}","templated":true}]}}