{"id":37,"date":"2016-03-01T20:43:47","date_gmt":"2016-03-01T19:43:47","guid":{"rendered":"http:\/\/www.neotec.cz\/neotecn\/?page_id=37"},"modified":"2016-10-27T14:34:46","modified_gmt":"2016-10-27T13:34:46","slug":"o-nas","status":"publish","type":"page","link":"https:\/\/www.neotec.cz\/idsys\/o-nas\/","title":{"rendered":"O n\u00e1s"},"content":{"rendered":"<div id=\"pl-37\"  class=\"panel-layout\" ><div id=\"pg-37-0\"  class=\"panel-grid panel-no-style\" ><div id=\"pgc-37-0-0\"  class=\"panel-grid-cell\" ><div id=\"panel-37-0-0-0\" class=\"so-panel widget widget_sow-editor panel-first-child panel-last-child\" data-index=\"0\" ><div\n\t\t\t\n\t\t\tclass=\"so-widget-sow-editor so-widget-sow-editor-base\"\n\t\t\t\n\t\t><h3 class=\"widget-title\">O spole\u010dnosti Neotec<\/h3>\n<div class=\"siteorigin-widget-tinymce textwidget\">\n\t<p>\u00a0<\/p>\n<p><b>Spole\u010dnost NEOTEC, spol. s r.o.<\/b> vznikla v roce 1991 a od sv\u00e9ho zalo\u017een\u00ed je koncipov\u00e1na jako zastupitelsk\u00e1 a servisn\u00ed organizace pro obchodn\u00ed zastoupen\u00ed zahrani\u010dn\u00edch firem na \u010desk\u00e9m trhu. V pr\u016fb\u011bhu sv\u00e9 existence si vybudovala p\u0159edn\u00ed postaven\u00ed na trhu s termo-transferov\u00fdmi tisk\u00e1rnami pro textiln\u00ed, od\u011bvn\u00ed, obuvnick\u00fd a pleta\u0159sk\u00fd pr\u016fmysl. <\/p>\n<p>D\u00edky rozmachu pou\u017e\u00edv\u00e1n\u00ed syst\u00e9m\u016f \u010d\u00e1rov\u00fdch k\u00f3d\u016f se spole\u010dnost NEOTEC spol. s r.o. za\u010dala v roce 2001 zab\u00fdvat krom\u011b prodeje tisk\u00e1ren i dal\u0161\u00edmi produkty v oboru t\u00e9to technologie a za\u010dala pronikat i do dal\u0161\u00edch pr\u016fmyslov\u00fdch oblast\u00ed. Do sortimentu byly krom\u011b stacion\u00e1rn\u00edch tisk\u00e1ren za\u0159azeny i tisk\u00e1rny p\u0159enosn\u00e9, tisk\u00e1rny s radiofrekven\u010dn\u00edm p\u0159enosem, p\u0159enosn\u00e9 tisk\u00e1rny Avery Dennison Pathfinder. Avery Dennison Pathfinder se daj\u00ed naprogramovat p\u0159esn\u011b podle po\u017eadavk\u016f z\u00e1kazn\u00edka, ru\u010dn\u00ed tisk\u00e1rny pro datov\u00e9 termin\u00e1ly a nov\u011b i RFID tisk\u00e1rny Avery Dennison Monarch. <\/p>\n<p>Spole\u010dnost NEOTEC, spol. s r.o. je ofici\u00e1ln\u00edm autorizovan\u00fdm distributorem firem Avery Dennison Corporation, Novexx Solutions \u00a0a TSC AutoID pro \u010cR a SR. Vedle prodeje poskytuje i servisn\u00ed slu\u017eby.<\/p>\n<p>\u00a0<\/p>\n<hr \/>\n<p><a href=\"http:\/\/www.averydennison.com\/en\/home.html\"><img loading=\"lazy\" decoding=\"async\" class=\"alignnone  wp-image-316\" src=\"http:\/\/www.neotec.cz\/idsys\/wp-content\/uploads\/2016\/03\/Avery-logo-300x97.gif\" alt=\"avery-logo\" width=\"124\" height=\"40\" srcset=\"https:\/\/www.neotec.cz\/idsys\/wp-content\/uploads\/2016\/03\/Avery-logo-300x97.gif 300w, https:\/\/www.neotec.cz\/idsys\/wp-content\/uploads\/2016\/03\/Avery-logo-768x250.gif 768w, https:\/\/www.neotec.cz\/idsys\/wp-content\/uploads\/2016\/03\/Avery-logo-1024x333.gif 1024w\" sizes=\"auto, (max-width: 124px) 100vw, 124px\" \/><\/a><\/p>\n<p><b>Avery Dennison Corporation (Avery Dennison)<\/b> je jedn\u00edm z p\u0159edn\u00edch v\u00fdrobc\u016f a dodavatel\u016f produkt\u016f pro ozna\u010dov\u00e1n\u00ed v\u00fdrobk\u016f a zbo\u017e\u00ed. Historie spole\u010dnosti Avery Dennison za\u010dala u\u017e v roce 1935, dnes je zn\u00e1ma na trhu svoj\u00ed spolehlivost\u00ed a kvalitou. V roce 2007 prob\u011bhla akvizice se spole\u010dnost\u00ed Paxar Corporation, d\u00edky \u010demu si Avery posilnilo svoj\u00ed pozici na trhu. S\u00eddlo spole\u010dnosti se nach\u00e1z\u00ed v Californii, moment\u00e1ln\u011b zam\u011bstn\u00e1va v\u00edce ne\u017e 36 000 zam\u011bstnanc\u016f ve v\u00edce ne\u017e 60-ti krajin\u00e1ch.<\/p>\n<hr \/>\n<p><a href=\"http:\/\/www.datalogic.com\"><img loading=\"lazy\" decoding=\"async\" class=\"alignnone wp-image-399\" src=\"http:\/\/www.neotec.cz\/idsys\/wp-content\/uploads\/2016\/03\/Datalogic-LOGO.jpg\" alt=\"datalogic-logo\" width=\"164\" height=\"40\" \/><\/a><\/p>\n<p><strong>Datalogic<\/strong> - firma, kter\u00e1 se zab\u00fdv\u00e1 v\u00fdvojem a v\u00fdrobou sn\u00edma\u010d\u016f \u010d\u00e1rov\u00e9ho k\u00f3d\u016f a termin\u00e1l\u016f, divize ADC (Automatic Data Capture), sv\u00e9 nejv\u011bt\u0161\u00ed uplatn\u011bn\u00ed najde v maloobchode tzv. POS (Point of sale). \u00a0Historie Datalogicu se datuje od roku 1972, kdy firma vyvinula sv\u016fj prvn\u00ed senzor. \u00a0<\/p>\n<hr \/>\n<p><a href=\"http:\/\/www.novexx.com\"><img loading=\"lazy\" decoding=\"async\" class=\"alignnone wp-image-392\" src=\"http:\/\/www.neotec.cz\/idsys\/wp-content\/uploads\/2016\/03\/NOVEXX_LOGO_1.jpg\" alt=\"novexx_logo_1\" width=\"98\" height=\"40\" \/><\/a><\/p>\n<p><strong>Novexx Solutions (NOVEXX)<\/strong> se s\u00eddlem v Echingu bl\u00edzku u Mn\u00edchova je podobn\u011b jako Avery Dennison jeden z p\u0159edn\u00edch v\u00fdrobc\u016f a dodavatel\u016f produkt\u016f pro ozna\u010dov\u00e1n\u00ed v\u00fdrobk\u016f a zbo\u017e\u00ed. D\u00edky sv\u00e9 v\u00edce ne\u017e 50-ti let\u00e9 historii dok\u00e1\u017ee z\u00e1kazn\u00edk\u016fm nab\u00eddnout v\u0161e pot\u0159ebn\u00e9 v co nejlep\u0161\u00ed kvalit\u011b. Od roku 2015 se NOVEXX osamostatnil - p\u0159edt\u00edm pracoval pro divizi \"Industrial Print &amp; Apply (IPA)\" u Avery Dennison. Je jedno, jestli hled\u00e1te \u0159e\u0161en\u00ed pro tisk etiket nebo jejich aplikaci, u NOVEXXU najdete to spr\u00e1vn\u00e9 \u0159e\u0161en\u00ed.\u00a0<\/p>\n<hr \/>\n<p><a href=\"http:\/\/www.tscprinters.com\"><img loading=\"lazy\" decoding=\"async\" class=\"alignnone wp-image-317\" src=\"http:\/\/www.neotec.cz\/idsys\/wp-content\/uploads\/2016\/03\/TSC_New-Tag_logo_041511.jpg\" alt=\"tsc_neotec_logo\" width=\"110\" height=\"40\" \/><\/a><\/p>\n<p><b>TSC Auto ID Technology Co., Ltd. (TSC)<\/b> je v\u00fdrobcem a glob\u00e1ln\u00edm dodavatelem kvalitn\u00edch ID \u0159e\u0161en\u00ed pro sektory dopravy, logistiky, zdravotnictv\u00ed, pr\u016fmyslu a obchodu. Hlavn\u00edm programem jsou inovativn\u00ed a cenov\u011b dostupn\u00e9 termotransferov\u00e9 tisk\u00e1rny, jich\u017e ji\u017e bylo dod\u00e1no na trh informa\u010dn\u00edch technologi\u00ed v\u00edce jak 3 milionu kus\u016f. Firma TSC, s hlavn\u00edm s\u00eddlem na Taiwanu, pat\u0159\u00ed mezi 5 nejv\u011bt\u0161\u00edch sv\u011btov\u00fdch v\u00fdrobc\u016f termo-transferov\u00fdch tisk\u00e1ren. V sou\u010dasnosti je jednou z nejrychleji se rozv\u00edjej\u00edc\u00edch firem v pr\u016fmyslu identifika\u010dn\u00edch technologi\u00ed.\u00a0<\/p>\n<hr \/>\n<p>Spole\u010dnost <b>NEOTEC, spol. s r.o.<\/b> nab\u00edz\u00ed velice kvalitn\u00ed z\u00e1kaznickou podporu a servis. Pot\u0159eby z\u00e1kazn\u00edk\u016f jsou v\u017edy na prvn\u00edm m\u00edst\u011b, d\u00edky tomu si firma NEOTEC udr\u017eela po cel\u00e1 l\u00e9ta sv\u00e9ho p\u016fsoben\u00ed p\u0159edn\u00ed pozici na \u010desk\u00e9m trhu a slovensk\u00e9m trhu.\u00a0<\/p>\n<\/div>\n<\/div><\/div><\/div><\/div><\/div>","protected":false},"excerpt":{"rendered":"<p>\u00a0Spole\u010dnost NEOTEC, spol. s r.o. vznikla v roce 1991 a od sv\u00e9ho zalo\u017een\u00ed je koncipov\u00e1na jako zastupitelsk\u00e1 a servisn\u00ed organizace pro obchodn\u00ed zastoupen\u00ed zahrani\u010dn\u00edch firem na \u010desk\u00e9m trhu. V pr\u016fb\u011bhu sv\u00e9 existence si vybudovala p\u0159edn\u00ed postaven\u00ed na trhu s termo-transferov\u00fdmi tisk\u00e1rnami pro textiln\u00ed, od\u011bvn\u00ed, obuvnick\u00fd a pleta\u0159sk\u00fd pr\u016fmysl. D\u00edky rozmachu pou\u017e\u00edv\u00e1n\u00ed syst\u00e9m\u016f \u010d\u00e1rov\u00fdch k\u00f3d\u016f se&hellip;<\/p>\n","protected":false},"author":1,"featured_media":0,"parent":0,"menu_order":0,"comment_status":"closed","ping_status":"closed","template":"home-panels.php","meta":{"footnotes":""},"class_list":["post-37","page","type-page","status-publish","hentry"],"_links":{"self":[{"href":"https:\/\/www.neotec.cz\/idsys\/wp-json\/wp\/v2\/pages\/37","targetHints":{"allow":["GET"]}}],"collection":[{"href":"https:\/\/www.neotec.cz\/idsys\/wp-json\/wp\/v2\/pages"}],"about":[{"href":"https:\/\/www.neotec.cz\/idsys\/wp-json\/wp\/v2\/types\/page"}],"author":[{"embeddable":true,"href":"https:\/\/www.neotec.cz\/idsys\/wp-json\/wp\/v2\/users\/1"}],"replies":[{"embeddable":true,"href":"https:\/\/www.neotec.cz\/idsys\/wp-json\/wp\/v2\/comments?post=37"}],"version-history":[{"count":17,"href":"https:\/\/www.neotec.cz\/idsys\/wp-json\/wp\/v2\/pages\/37\/revisions"}],"predecessor-version":[{"id":419,"href":"https:\/\/www.neotec.cz\/idsys\/wp-json\/wp\/v2\/pages\/37\/revisions\/419"}],"wp:attachment":[{"href":"https:\/\/www.neotec.cz\/idsys\/wp-json\/wp\/v2\/media?parent=37"}],"curies":[{"name":"wp","href":"https:\/\/api.w.org\/{rel}","templated":true}]}}