{"id":39,"date":"2016-03-01T20:46:10","date_gmt":"2016-03-01T19:46:10","guid":{"rendered":"http:\/\/www.neotec.cz\/neotecn\/?page_id=39"},"modified":"2025-10-06T14:11:31","modified_gmt":"2025-10-06T13:11:31","slug":"kontakty","status":"publish","type":"page","link":"https:\/\/www.neotec.cz\/idsys\/kontakty\/","title":{"rendered":"Kontakty"},"content":{"rendered":"<div id=\"pl-39\"  class=\"panel-layout\" ><div id=\"pg-39-0\"  class=\"panel-grid panel-no-style\" ><div id=\"pgc-39-0-0\"  class=\"panel-grid-cell\" ><div id=\"panel-39-0-0-0\" class=\"so-panel widget widget_sow-editor panel-first-child panel-last-child\" data-index=\"0\" ><div\n\t\t\t\n\t\t\tclass=\"so-widget-sow-editor so-widget-sow-editor-base\"\n\t\t\t\n\t\t><h3 class=\"widget-title\">Kontakty<\/h3>\n<div class=\"siteorigin-widget-tinymce textwidget\">\n\t<p><big><strong>NEOTEC, spol. s r.o.<\/strong><\/big><br \/>\nJinonick\u00e1 804\/80<br \/>\n158 00 Praha 5<br \/>\ntel. +420 <strong>257 289 511<\/strong><br \/>\nmobil: +420 <strong>737 282 828<\/strong><br \/>\ne-mail: <a href=\"mailto:\/\/info@neotec.cz\">info@neotec.cz<\/a><br \/>\n<a href=\"https:\/\/www.google.cz\/maps\/place\/NEOTEC,+spol.+s+r.o.\/@50.0608544,14.3708783,17z\/data=!3m1!4b1!4m2!3m1!1s0x470b95b0acc12f3d:0x537ae73ed4ecdf6b\" target=\"_blank\" rel=\"noopener\">Uk\u00e1zat na map\u011b &gt;&gt;<\/a><\/p>\n<p>I\u010c:<strong> 14893703<\/strong><br \/>\nDI\u010c: <strong>CZ14893703<\/strong><\/p>\n<\/div>\n<\/div><\/div><\/div><div id=\"pgc-39-0-1\"  class=\"panel-grid-cell\" ><div id=\"panel-39-0-1-0\" class=\"so-panel widget widget_sow-editor panel-first-child panel-last-child\" data-index=\"1\" ><div\n\t\t\t\n\t\t\tclass=\"so-widget-sow-editor so-widget-sow-editor-base\"\n\t\t\t\n\t\t>\n<div class=\"siteorigin-widget-tinymce textwidget\">\n\t<p><img loading=\"lazy\" decoding=\"async\" class=\"alignnone wp-image-1119 size-medium\" src=\"https:\/\/www.neotec.cz\/idsys\/wp-content\/uploads\/2025\/01\/QRNeotec-300x300.png\" alt=\"\" width=\"300\" height=\"300\" srcset=\"https:\/\/www.neotec.cz\/idsys\/wp-content\/uploads\/2025\/01\/QRNeotec-300x300.png 300w, https:\/\/www.neotec.cz\/idsys\/wp-content\/uploads\/2025\/01\/QRNeotec-1024x1024.png 1024w, https:\/\/www.neotec.cz\/idsys\/wp-content\/uploads\/2025\/01\/QRNeotec-150x150.png 150w, https:\/\/www.neotec.cz\/idsys\/wp-content\/uploads\/2025\/01\/QRNeotec-768x768.png 768w, https:\/\/www.neotec.cz\/idsys\/wp-content\/uploads\/2025\/01\/QRNeotec-1536x1536.png 1536w, https:\/\/www.neotec.cz\/idsys\/wp-content\/uploads\/2025\/01\/QRNeotec.png 2046w\" sizes=\"auto, (max-width: 300px) 100vw, 300px\" \/><\/p>\n<\/div>\n<\/div><\/div><\/div><\/div><div id=\"pg-39-1\"  class=\"panel-grid panel-no-style\" ><div id=\"pgc-39-1-0\"  class=\"panel-grid-cell\" ><div id=\"panel-39-1-0-0\" class=\"so-panel widget widget_sow-editor panel-first-child panel-last-child\" data-index=\"2\" ><div\n\t\t\t\n\t\t\tclass=\"so-widget-sow-editor so-widget-sow-editor-base\"\n\t\t\t\n\t\t>\n<div class=\"siteorigin-widget-tinymce textwidget\">\n\t<table>\n<tbody>\n<tr>\n<td align=\"left\">\n<div style=\"float: none;\">\n<div style=\"float: left; width: 250px;\"><b>Filip Urban<\/b><\/div>\n<div style=\"float: left; width: 200px;\"><a href=\"mailto:f.urban@neotec.cz\">f.urban@neotec.cz<\/a><\/div>\n<div style=\"float: left; width: 200px;\">+420 736 620 303<\/div>\n<div style=\"float: left; width: 350px;\"><i>- Identifika\u010dn\u00ed syst\u00e9my - prodej, servis, p\u00e9\u010de o z\u00e1kazn\u00edky<\/i><\/div>\n<\/div>\n<\/td>\n<\/tr>\n<tr>\n<td align=\"left\">\n<div style=\"float: none;\">\n<div style=\"float: left; width: 250px;\"><b>Petra M\u011bd\u00edlkov\u00e1<\/b><\/div>\n<div style=\"float: left; width: 200px;\"><a href=\"mailto:p.medilkova@neotec.cz\">p.medilkova@neotec.cz<\/a><\/div>\n<div style=\"float: left; width: 200px;\">+420 737 282 831<\/div>\n<div style=\"float: left; width: 350px;\"><i>- Identifika\u010dn\u00ed syst\u00e9my - prodej, servis, p\u00e9\u010de o z\u00e1kazn\u00edky<\/i><\/div>\n<\/div>\n<\/td>\n<\/tr>\n<tr>\n<td align=\"left\">\n<div style=\"float: none;\">\n<div style=\"float: left; width: 250px;\"><b>Ing. Petr Kopeck\u00fd<\/b><\/div>\n<div style=\"float: left; width: 200px;\"><a href=\"mailto:kopecky@neotec.cz\">kopecky@neotec.cz<\/a><\/div>\n<div style=\"float: left; width: 200px;\">+420 603 210 456<\/div>\n<div style=\"float: left; width: 350px;\"><i>- Avery Dennison - prodej, p\u00e9\u010de o z\u00e1kazn\u00edky<\/i><\/div>\n<\/div>\n<\/td>\n<\/tr>\n<tr>\n<td align=\"left\">\n<div style=\"float: none;\">\n<div style=\"float: left; width: 250px;\"><b>Tisk etiket<\/b><\/div>\n<div style=\"float: left; width: 200px;\"><a href=\"mailto:etikety@neotec.cz\">etikety@neotec.cz<\/a><\/div>\n<div style=\"float: left; width: 200px;\">+420 257 289 511<\/div>\n<div style=\"float: left; width: 350px;\"><i>- Zak\u00e1zkov\u00fd tisk etiket<\/i><\/div>\n<\/div>\n<\/td>\n<\/tr>\n<\/tbody>\n<\/table>\n<\/div>\n<\/div><\/div><\/div><\/div><div id=\"pg-39-2\"  class=\"panel-grid panel-no-style\" ><div id=\"pgc-39-2-0\"  class=\"panel-grid-cell\" ><div id=\"panel-39-2-0-0\" class=\"so-panel widget widget_sow-editor panel-first-child panel-last-child\" data-index=\"3\" ><div\n\t\t\t\n\t\t\tclass=\"so-widget-sow-editor so-widget-sow-editor-base\"\n\t\t\t\n\t\t>\n<div class=\"siteorigin-widget-tinymce textwidget\">\n\t<p>Firma je zapsan\u00e1 v OR veden\u00e9m u MS Praha odd\u00edl C, vlo\u017eka 1062.<\/p>\n<\/div>\n<\/div><\/div><\/div><\/div><\/div>","protected":false},"excerpt":{"rendered":"<p>NEOTEC, spol. s r.o. Jinonick\u00e1 804\/80 158 00 Praha 5 tel. +420 257 289 511 mobil: +420 737 282 828 e-mail: info@neotec.cz Uk\u00e1zat na map\u011b &gt;&gt; I\u010c: 14893703 DI\u010c: CZ14893703 Filip Urban f.urban@neotec.cz +420 736 620 303 &#8211; Identifika\u010dn\u00ed syst\u00e9my &#8211; prodej, servis, p\u00e9\u010de o z\u00e1kazn\u00edky Petra M\u011bd\u00edlkov\u00e1 p.medilkova@neotec.cz +420 737 282 831 &#8211; Identifika\u010dn\u00ed&hellip;<\/p>\n","protected":false},"author":1,"featured_media":0,"parent":0,"menu_order":0,"comment_status":"closed","ping_status":"closed","template":"home-panels.php","meta":{"footnotes":""},"class_list":["post-39","page","type-page","status-publish","hentry"],"_links":{"self":[{"href":"https:\/\/www.neotec.cz\/idsys\/wp-json\/wp\/v2\/pages\/39","targetHints":{"allow":["GET"]}}],"collection":[{"href":"https:\/\/www.neotec.cz\/idsys\/wp-json\/wp\/v2\/pages"}],"about":[{"href":"https:\/\/www.neotec.cz\/idsys\/wp-json\/wp\/v2\/types\/page"}],"author":[{"embeddable":true,"href":"https:\/\/www.neotec.cz\/idsys\/wp-json\/wp\/v2\/users\/1"}],"replies":[{"embeddable":true,"href":"https:\/\/www.neotec.cz\/idsys\/wp-json\/wp\/v2\/comments?post=39"}],"version-history":[{"count":131,"href":"https:\/\/www.neotec.cz\/idsys\/wp-json\/wp\/v2\/pages\/39\/revisions"}],"predecessor-version":[{"id":1214,"href":"https:\/\/www.neotec.cz\/idsys\/wp-json\/wp\/v2\/pages\/39\/revisions\/1214"}],"wp:attachment":[{"href":"https:\/\/www.neotec.cz\/idsys\/wp-json\/wp\/v2\/media?parent=39"}],"curies":[{"name":"wp","href":"https:\/\/api.w.org\/{rel}","templated":true}]}}