{"id":41,"date":"2016-03-01T20:47:46","date_gmt":"2016-03-01T19:47:46","guid":{"rendered":"http:\/\/www.neotec.cz\/neotecn\/?page_id=41"},"modified":"2016-11-08T10:46:49","modified_gmt":"2016-11-08T09:46:49","slug":"tisk-etiket","status":"publish","type":"page","link":"https:\/\/www.neotec.cz\/idsys\/uvod\/tisk-etiket\/","title":{"rendered":"Tisk etiket"},"content":{"rendered":"<div id=\"pl-41\"  class=\"panel-layout\" ><div id=\"pg-41-0\"  class=\"panel-grid panel-no-style\" ><div id=\"pgc-41-0-0\"  class=\"panel-grid-cell\" ><div id=\"panel-41-0-0-0\" class=\"so-panel widget widget_sow-editor panel-first-child panel-last-child\" data-index=\"0\" ><div\n\t\t\t\n\t\t\tclass=\"so-widget-sow-editor so-widget-sow-editor-base\"\n\t\t\t\n\t\t><h3 class=\"widget-title\">Tisk etiket<\/h3>\n<div class=\"siteorigin-widget-tinymce textwidget\">\n\t<p>Rychl\u00e9 a spolehliv\u00e9 slu\u017eby zejm\u00e9na pro od\u011bvn\u00ed, textiln\u00ed, pleta\u0159sk\u00fd, obuvnick\u00fd, n\u00e1bytk\u00e1\u0159sk\u00fd a automobilov\u00fd pr\u016fmysl<\/p>\n<p>Dle p\u0159\u00e1n\u00ed a n\u00e1vrhu z\u00e1kazn\u00edka vyr\u00e1b\u00edme:<\/p>\n<ul>\n<li>textiln\u00ed etikety (z\u00e1kladn\u00ed materi\u00e1ly: 100% polyamid, 100% polyester, sat\u00e9nov\u00e1 stuha, stuhy tkan\u00e9 do kraje, materi\u00e1ly s neho\u0159lavou \u00fapravou\u2026)<\/li>\n<li>TTR samolepky<\/li>\n<li>pap\u00edrov\u00e9 visa\u010dky<\/li>\n<\/ul>\n<p>Pou\u017e\u00edv\u00e1me v\u00fdhradn\u011b materi\u00e1l firmy Avery Dennison (d\u0159\u00edve PAXAR), kter\u00e1 je zn\u00e1m\u00e1 vysokou kvalitou. Tisk prov\u00e1d\u00edme r\u016fznobarevn\u00fdmi f\u00f3liemi s vysokou odolnost\u00ed. Speci\u00e1ln\u00ed software ur\u010den\u00fd v\u00fdhradn\u011b pro p\u0159\u00edpravu form\u00e1tu a v\u00fdrobu etiket umo\u017e\u0148uje rychl\u00e9 zm\u011bny a velkou variabilitu dle zad\u00e1n\u00ed (nap\u0159. styl p\u00edsma, loga a obr\u00e1zky, EAN k\u00f3dy, vzestupn\u00e9 \u010di sestupn\u00e9 \u010d\u00edslov\u00e1n\u00ed, oboustran\u00fd tisk, etikety sekan\u00e9 na kusy nebo v kotou\u010di, libovoln\u00fd po\u010det kus\u016f). Vyrob\u00edme i jedin\u00fd kus.<\/p>\n<p>Va\u0161\u00ed zak\u00e1zku zpracujeme do 24 hodin (dle n\u00e1ro\u010dnosti).<\/p>\n<\/div>\n<\/div><\/div><\/div><\/div><\/div>","protected":false},"excerpt":{"rendered":"<p>Rychl\u00e9 a spolehliv\u00e9 slu\u017eby zejm\u00e9na pro od\u011bvn\u00ed, textiln\u00ed, pleta\u0159sk\u00fd, obuvnick\u00fd, n\u00e1bytk\u00e1\u0159sk\u00fd a automobilov\u00fd pr\u016fmyslDle p\u0159\u00e1n\u00ed a n\u00e1vrhu z\u00e1kazn\u00edka vyr\u00e1b\u00edme:textiln\u00ed etikety (z\u00e1kladn\u00ed materi\u00e1ly: 100% polyamid, 100% polyester, sat\u00e9nov\u00e1 stuha, stuhy tkan\u00e9 do kraje, materi\u00e1ly s neho\u0159lavou \u00fapravou\u2026)TTR samolepkypap\u00edrov\u00e9 visa\u010dkyPou\u017e\u00edv\u00e1me v\u00fdhradn\u011b materi\u00e1l firmy Avery Dennison (d\u0159\u00edve PAXAR), kter\u00e1 je zn\u00e1m\u00e1 vysokou kvalitou. Tisk prov\u00e1d\u00edme r\u016fznobarevn\u00fdmi f\u00f3liemi s&hellip;<\/p>\n","protected":false},"author":1,"featured_media":0,"parent":2,"menu_order":0,"comment_status":"closed","ping_status":"closed","template":"home-panels.php","meta":{"footnotes":""},"class_list":["post-41","page","type-page","status-publish","hentry"],"_links":{"self":[{"href":"https:\/\/www.neotec.cz\/idsys\/wp-json\/wp\/v2\/pages\/41","targetHints":{"allow":["GET"]}}],"collection":[{"href":"https:\/\/www.neotec.cz\/idsys\/wp-json\/wp\/v2\/pages"}],"about":[{"href":"https:\/\/www.neotec.cz\/idsys\/wp-json\/wp\/v2\/types\/page"}],"author":[{"embeddable":true,"href":"https:\/\/www.neotec.cz\/idsys\/wp-json\/wp\/v2\/users\/1"}],"replies":[{"embeddable":true,"href":"https:\/\/www.neotec.cz\/idsys\/wp-json\/wp\/v2\/comments?post=41"}],"version-history":[{"count":2,"href":"https:\/\/www.neotec.cz\/idsys\/wp-json\/wp\/v2\/pages\/41\/revisions"}],"predecessor-version":[{"id":96,"href":"https:\/\/www.neotec.cz\/idsys\/wp-json\/wp\/v2\/pages\/41\/revisions\/96"}],"up":[{"embeddable":true,"href":"https:\/\/www.neotec.cz\/idsys\/wp-json\/wp\/v2\/pages\/2"}],"wp:attachment":[{"href":"https:\/\/www.neotec.cz\/idsys\/wp-json\/wp\/v2\/media?parent=41"}],"curies":[{"name":"wp","href":"https:\/\/api.w.org\/{rel}","templated":true}]}}