{"id":506,"date":"2016-11-03T13:15:21","date_gmt":"2016-11-03T12:15:21","guid":{"rendered":"http:\/\/www.neotec.cz\/idsys\/?page_id=506"},"modified":"2016-11-15T08:29:11","modified_gmt":"2016-11-15T07:29:11","slug":"prenosne-tiskarny","status":"publish","type":"page","link":"https:\/\/www.neotec.cz\/idsys\/uvod\/tiskarny\/prenosne-tiskarny\/","title":{"rendered":"P\u0159enosn\u00e9 tisk\u00e1rny"},"content":{"rendered":"<div id=\"pl-506\"  class=\"panel-layout\" ><div id=\"pg-506-0\"  class=\"panel-grid panel-has-style\" ><div class=\"panel-row-style panel-row-style-for-506-0\" ><div id=\"pgc-506-0-0\"  class=\"panel-grid-cell\" ><div id=\"panel-506-0-0-0\" class=\"so-panel widget widget_sow-editor panel-first-child panel-last-child\" data-index=\"0\" ><div class=\"panel-widget-style panel-widget-style-for-506-0-0-0\" ><div\n\t\t\t\n\t\t\tclass=\"so-widget-sow-editor so-widget-sow-editor-base\"\n\t\t\t\n\t\t><h3 class=\"widget-title\">P\u0159enosn\u00e9 (mobiln\u00ed) tisk\u00e1rny \u010d\u00e1rov\u00fdch k\u00f3d\u016f a etiket.<\/h3>\n<div class=\"siteorigin-widget-tinymce textwidget\">\n\t<p>Mobiln\u00ed tisk\u00e1rny V\u00e1m jsou k dispozici a\u0165 se pohybujete kdekoli. D\u00edky obrovsk\u00e9 kapacit\u011b baterie se na n\u011b m\u016f\u017eete spolehnout 24 hodin denn\u011b, 7 dn\u00ed v t\u00fddnu. Mobiln\u00ed tisk\u00e1rny m\u00e1me v n\u00e1sleduj\u00edc\u00edch \u0161\u00ed\u0159\u00edch: 2\", 3\" a 4\".\u00a0<\/p>\n<\/div>\n<\/div><\/div><\/div><\/div><\/div><\/div><div id=\"pg-506-1\"  class=\"panel-grid panel-no-style\" ><div id=\"pgc-506-1-0\"  class=\"panel-grid-cell\" ><div id=\"panel-506-1-0-0\" class=\"so-panel widget widget_sow-features panel-first-child panel-last-child\" data-index=\"1\" ><div\n\t\t\t\n\t\t\tclass=\"so-widget-sow-features so-widget-sow-features-default-824124852d4b-506\"\n\t\t\t\n\t\t>\n<div class=\"sow-features-list sow-features-responsive\">\n\n\t\t\t\t\t\t\t\t\t<div\n\t\t\t\tclass=\"sow-features-feature sow-icon-container-position-top\"\n\t\t\t\tstyle=\"display: flex; flex-direction: column; width: calc(100% - 25px);\"\n\t\t\t>\n\t\t\t\n\t\t\t\t\t\t\t\t\t<a\n\t\t\t\t\t\thref=\"https:\/\/www.neotec.cz\/idsys\/uvod\/tiskarny\/prenosne-tiskarny\/alpha-2r-2\/\"\n\t\t\t\t\t\t\t\t\t\t\t>\n\t\t\t\t\t\t\t\t<div\n\t\t\t\t\tclass=\"sow-icon-container sow-container-none\"\n\t\t\t\t\tstyle=\"color: #8c8986; \"\n\t\t\t\t\t\t\t\t\t>\n\t\t\t\t\t<div class=\"sow-icon-image\" style=\"background-image: url(https:\/\/www.neotec.cz\/idsys\/wp-content\/uploads\/2016\/11\/Alpha-2R.png); font-size: 150px\"><\/div>\t\t\t\t<\/div>\n\t\t\t\t\t\t\t\t\t<\/a>\n\t\t\t\t\t\n\t\t\t\t<div class=\"textwidget\">\n\t\t\t\t\t\n\t\t\t\t\t\t\t\t\t\t\t<h5>\n\t\t\t\t\t\t\t\t\t\t\t\t\t\t\t<a\n\t\t\t\t\t\t\t\t\thref=\"https:\/\/www.neotec.cz\/idsys\/uvod\/tiskarny\/prenosne-tiskarny\/alpha-2r-2\/\"\n\t\t\t\t\t\t\t\t\t\t\t\t\t\t\t\t\t>\n\t\t\t\t\t\t\t\n\t\t\t\t\t\t\tAlpha-2R\t\t\t\t\t\t\t\t\t\t\t\t\t\t\t<\/a>\n\t\t\t\t\t\t\t\t\t\t\t\t\t<\/h5>\n\t\t\t\t\t\n\t\t\t\t\t\t\t\t\t\t\trozli\u0161en\u00ed: 203 dpi<br \/>\u0160\u00ed\u0159e tisku: 2\"\t\t\t\t\t\n\t\t\t\t\t\t\t\t\t<\/div>\n\t\t\t\t\t\t\t\t\n\t\t\t\t\t\t\t<\/div>\n\n\t\t\t\n<\/div>\n<\/div><\/div><\/div><div id=\"pgc-506-1-1\"  class=\"panel-grid-cell\" ><div id=\"panel-506-1-1-0\" class=\"so-panel widget widget_sow-features panel-first-child panel-last-child\" data-index=\"2\" ><div\n\t\t\t\n\t\t\tclass=\"so-widget-sow-features so-widget-sow-features-default-824124852d4b-506\"\n\t\t\t\n\t\t>\n<div class=\"sow-features-list sow-features-responsive\">\n\n\t\t\t\t\t\t\t\t\t<div\n\t\t\t\tclass=\"sow-features-feature sow-icon-container-position-top\"\n\t\t\t\tstyle=\"display: flex; flex-direction: column; width: calc(100% - 25px);\"\n\t\t\t>\n\t\t\t\n\t\t\t\t\t\t\t\t\t<a\n\t\t\t\t\t\thref=\"https:\/\/www.neotec.cz\/idsys\/uvod\/tiskarny\/prenosne-tiskarny\/alpha-3r-2\/\"\n\t\t\t\t\t\t\t\t\t\t\t>\n\t\t\t\t\t\t\t\t<div\n\t\t\t\t\tclass=\"sow-icon-container sow-container-none\"\n\t\t\t\t\tstyle=\"color: #404040; \"\n\t\t\t\t\t\t\t\t\t>\n\t\t\t\t\t<div class=\"sow-icon-image\" style=\"background-image: url(https:\/\/www.neotec.cz\/idsys\/wp-content\/uploads\/2016\/11\/Alpha-3R.png); font-size: 150px\"><\/div>\t\t\t\t<\/div>\n\t\t\t\t\t\t\t\t\t<\/a>\n\t\t\t\t\t\n\t\t\t\t<div class=\"textwidget\">\n\t\t\t\t\t\n\t\t\t\t\t\t\t\t\t\t\t<h5>\n\t\t\t\t\t\t\t\t\t\t\t\t\t\t\t<a\n\t\t\t\t\t\t\t\t\thref=\"https:\/\/www.neotec.cz\/idsys\/uvod\/tiskarny\/prenosne-tiskarny\/alpha-3r-2\/\"\n\t\t\t\t\t\t\t\t\t\t\t\t\t\t\t\t\t>\n\t\t\t\t\t\t\t\n\t\t\t\t\t\t\tAlpha-3R\t\t\t\t\t\t\t\t\t\t\t\t\t\t\t<\/a>\n\t\t\t\t\t\t\t\t\t\t\t\t\t<\/h5>\n\t\t\t\t\t\n\t\t\t\t\t\t\t\t\t\t\trozli\u0161en\u00ed: 203 dpi<br \/>\u0160\u00ed\u0159e tisku: 3\"\t\t\t\t\t\n\t\t\t\t\t\t\t\t\t<\/div>\n\t\t\t\t\t\t\t\t\n\t\t\t\t\t\t\t<\/div>\n\n\t\t\t\n<\/div>\n<\/div><\/div><\/div><div id=\"pgc-506-1-2\"  class=\"panel-grid-cell\" ><div id=\"panel-506-1-2-0\" class=\"so-panel widget widget_sow-features panel-first-child panel-last-child\" data-index=\"3\" ><div\n\t\t\t\n\t\t\tclass=\"so-widget-sow-features so-widget-sow-features-default-824124852d4b-506\"\n\t\t\t\n\t\t>\n<div class=\"sow-features-list sow-features-responsive\">\n\n\t\t\t\t\t\t\t\t\t<div\n\t\t\t\tclass=\"sow-features-feature sow-icon-container-position-top\"\n\t\t\t\tstyle=\"display: flex; flex-direction: column; width: calc(100% - 25px);\"\n\t\t\t>\n\t\t\t\n\t\t\t\t\t\t\t\t\t<a\n\t\t\t\t\t\thref=\"https:\/\/www.neotec.cz\/idsys\/uvod\/tiskarny\/prenosne-tiskarny\/alpha-4l-2\/\"\n\t\t\t\t\t\t\t\t\t\t\t>\n\t\t\t\t\t\t\t\t<div\n\t\t\t\t\tclass=\"sow-icon-container sow-container-none\"\n\t\t\t\t\tstyle=\"color: #8c8986; \"\n\t\t\t\t\t\t\t\t\t>\n\t\t\t\t\t<div class=\"sow-icon-image\" style=\"background-image: url(https:\/\/www.neotec.cz\/idsys\/wp-content\/uploads\/2016\/11\/Alpha-4L.png); font-size: 150px\"><\/div>\t\t\t\t<\/div>\n\t\t\t\t\t\t\t\t\t<\/a>\n\t\t\t\t\t\n\t\t\t\t<div class=\"textwidget\">\n\t\t\t\t\t\n\t\t\t\t\t\t\t\t\t\t\t<h5>\n\t\t\t\t\t\t\t\t\t\t\t\t\t\t\t<a\n\t\t\t\t\t\t\t\t\thref=\"https:\/\/www.neotec.cz\/idsys\/uvod\/tiskarny\/prenosne-tiskarny\/alpha-4l-2\/\"\n\t\t\t\t\t\t\t\t\t\t\t\t\t\t\t\t\t>\n\t\t\t\t\t\t\t\n\t\t\t\t\t\t\tAlpha-4L\t\t\t\t\t\t\t\t\t\t\t\t\t\t\t<\/a>\n\t\t\t\t\t\t\t\t\t\t\t\t\t<\/h5>\n\t\t\t\t\t\n\t\t\t\t\t\t\t\t\t\t\trozli\u0161en\u00ed: 203 dpi<br \/>\u0160\u00ed\u0159e tisku: 4\"\t\t\t\t\t\n\t\t\t\t\t\t\t\t\t<\/div>\n\t\t\t\t\t\t\t\t\n\t\t\t\t\t\t\t<\/div>\n\n\t\t\t\n<\/div>\n<\/div><\/div><\/div><\/div><\/div>","protected":false},"excerpt":{"rendered":"<p>Mobiln\u00ed tisk\u00e1rny V\u00e1m jsou k dispozici a\u0165 se pohybujete kdekoli. D\u00edky obrovsk\u00e9 kapacit\u011b baterie se na n\u011b m\u016f\u017eete spolehnout 24 hodin denn\u011b, 7 dn\u00ed v t\u00fddnu. Mobiln\u00ed tisk\u00e1rny m\u00e1me v n\u00e1sleduj\u00edc\u00edch \u0161\u00ed\u0159\u00edch: 2&#8243;, 3&#8243; a 4&#8243;.\u00a0<\/p>\n","protected":false},"author":1,"featured_media":0,"parent":422,"menu_order":0,"comment_status":"closed","ping_status":"closed","template":"home-panels.php","meta":{"footnotes":""},"class_list":["post-506","page","type-page","status-publish","hentry"],"_links":{"self":[{"href":"https:\/\/www.neotec.cz\/idsys\/wp-json\/wp\/v2\/pages\/506","targetHints":{"allow":["GET"]}}],"collection":[{"href":"https:\/\/www.neotec.cz\/idsys\/wp-json\/wp\/v2\/pages"}],"about":[{"href":"https:\/\/www.neotec.cz\/idsys\/wp-json\/wp\/v2\/types\/page"}],"author":[{"embeddable":true,"href":"https:\/\/www.neotec.cz\/idsys\/wp-json\/wp\/v2\/users\/1"}],"replies":[{"embeddable":true,"href":"https:\/\/www.neotec.cz\/idsys\/wp-json\/wp\/v2\/comments?post=506"}],"version-history":[{"count":4,"href":"https:\/\/www.neotec.cz\/idsys\/wp-json\/wp\/v2\/pages\/506\/revisions"}],"predecessor-version":[{"id":665,"href":"https:\/\/www.neotec.cz\/idsys\/wp-json\/wp\/v2\/pages\/506\/revisions\/665"}],"up":[{"embeddable":true,"href":"https:\/\/www.neotec.cz\/idsys\/wp-json\/wp\/v2\/pages\/422"}],"wp:attachment":[{"href":"https:\/\/www.neotec.cz\/idsys\/wp-json\/wp\/v2\/media?parent=506"}],"curies":[{"name":"wp","href":"https:\/\/api.w.org\/{rel}","templated":true}]}}