{"id":615,"date":"2016-11-08T12:10:30","date_gmt":"2016-11-08T11:10:30","guid":{"rendered":"http:\/\/www.neotec.cz\/idsys\/?page_id=615"},"modified":"2016-11-08T12:10:30","modified_gmt":"2016-11-08T11:10:30","slug":"tdp-225w-tdp-324w","status":"publish","type":"page","link":"https:\/\/www.neotec.cz\/idsys\/uvod\/tiskarny\/stolni-tiskarny\/tdp-225w-tdp-324w\/","title":{"rendered":"TDP-225W \/ TDP-324W"},"content":{"rendered":"<div id=\"pl-615\"  class=\"panel-layout\" ><div id=\"pg-615-0\"  class=\"panel-grid panel-no-style\" ><div id=\"pgc-615-0-0\"  class=\"panel-grid-cell\" ><div id=\"panel-615-0-0-0\" class=\"so-panel widget widget_sow-image panel-first-child panel-last-child\" data-index=\"0\" ><div\n\t\t\t\n\t\t\tclass=\"so-widget-sow-image so-widget-sow-image-default-c67d20f9f743-615\"\n\t\t\t\n\t\t>\n\n<div class=\"sow-image-container\">\n\t\t<img loading=\"lazy\" decoding=\"async\" src=\"https:\/\/www.neotec.cz\/idsys\/wp-content\/uploads\/2016\/11\/tdp-225w.png\" width=\"300\" height=\"300\" srcset=\"https:\/\/www.neotec.cz\/idsys\/wp-content\/uploads\/2016\/11\/tdp-225w.png 300w, https:\/\/www.neotec.cz\/idsys\/wp-content\/uploads\/2016\/11\/tdp-225w-150x150.png 150w\" sizes=\"auto, (max-width: 300px) 100vw, 300px\" title=\"TDP-225W \/ TDP-324W\" alt=\"TDP-225W \/ TDP-324W\" \t\tclass=\"so-widget-image\"\/>\n\t<\/div>\n\n<\/div><\/div><\/div><div id=\"pgc-615-0-1\"  class=\"panel-grid-cell\" ><div id=\"panel-615-0-1-0\" class=\"so-panel widget widget_sow-editor panel-first-child\" data-index=\"1\" ><div\n\t\t\t\n\t\t\tclass=\"so-widget-sow-editor so-widget-sow-editor-base\"\n\t\t\t\n\t\t><h3 class=\"widget-title\">TDP-225W \/ TDP-324W<\/h3>\n<div class=\"siteorigin-widget-tinymce textwidget\">\n\t<p><strong>Mal\u00e1 tisk\u00e1rna pro tisk identifika\u010dn\u00edch n\u00e1ramk\u016f. <\/strong>Modelov\u00e1 \u0159ada\u00a0TDP-225W\u00a0s\u00e9rie byla vyvinuta pro tisk identifika\u010dn\u00edch n\u00e1ramk\u016f zejm\u00e9na pro ozna\u010dov\u00e1n\u00ed pacient\u016f ve zdravotnictv\u00ed a n\u00e1v\u0161t\u011bvn\u00edk\u016f kulturn\u00edch a spole\u010densk\u00fdch ud\u00e1lost\u00ed.<strong>\u00a0<\/strong><\/p>\n<\/div>\n<\/div><\/div><div id=\"panel-615-0-1-1\" class=\"so-panel widget widget_sow-slider panel-last-child\" data-index=\"2\" ><div\n\t\t\t\n\t\t\tclass=\"so-widget-sow-slider so-widget-sow-slider-default-7de843e35cc1-615\"\n\t\t\t\n\t\t>\t\t\t\t<div class=\"sow-slider-base\" style=\"display: none\" tabindex=\"0\">\n\t\t\t\t\t<ul\n\t\t\t\t\tclass=\"sow-slider-images\"\n\t\t\t\t\tdata-settings=\"{&quot;pagination&quot;:true,&quot;speed&quot;:800,&quot;timeout&quot;:1000,&quot;paused&quot;:false,&quot;pause_on_hover&quot;:false,&quot;swipe&quot;:true,&quot;nav_always_show_desktop&quot;:&quot;&quot;,&quot;nav_always_show_mobile&quot;:&quot;&quot;,&quot;breakpoint&quot;:&quot;780px&quot;,&quot;unmute&quot;:false,&quot;anchor&quot;:null}\"\n\t\t\t\t\t\t\t\t\t\tdata-anchor-id=\"\"\n\t\t\t\t>\t\t<li class=\"sow-slider-image\" style=\"visibility: visible;\" >\n\t\t\t\t\t\t<div class=\"sow-slider-image-container\">\n\t\t\t\t<div class=\"sow-slider-image-wrapper\" style=\"max-width: 150px\">\n\t\t\t\t\t\t\t\t\t\t<div class=\"sow-slider-image-foreground-wrapper\">\n\t\t\t\t\t\t<img loading=\"lazy\" decoding=\"async\" width=\"150\" height=\"150\" src=\"https:\/\/www.neotec.cz\/idsys\/wp-content\/uploads\/2016\/11\/tdp-225w_2.png\" class=\"sow-slider-foreground-image\" alt=\"\" style=\"\" \/>\t\t\t\t\t<\/div>\n\t\t\t\t\t\t\t\t\t<\/div>\n\t\t\t<\/div>\n\t\t\t\t\t<\/li>\n\t\t\t\t<li class=\"sow-slider-image\" style=\"visibility: hidden;\" >\n\t\t\t\t\t\t<div class=\"sow-slider-image-container\">\n\t\t\t\t<div class=\"sow-slider-image-wrapper\" style=\"max-width: 150px\">\n\t\t\t\t\t\t\t\t\t\t<div class=\"sow-slider-image-foreground-wrapper\">\n\t\t\t\t\t\t<img loading=\"lazy\" decoding=\"async\" width=\"150\" height=\"150\" src=\"https:\/\/www.neotec.cz\/idsys\/wp-content\/uploads\/2016\/11\/tdp-225W_1.png\" class=\"sow-slider-foreground-image\" alt=\"\" style=\"\" \/>\t\t\t\t\t<\/div>\n\t\t\t\t\t\t\t\t\t<\/div>\n\t\t\t<\/div>\n\t\t\t\t\t<\/li>\n\t\t<\/ul>\t\t\t\t<ol class=\"sow-slider-pagination\">\n\t\t\t\t\t\t\t\t\t\t\t<li><a href=\"#\" data-goto=\"0\" aria-label=\"display slide 1\"><\/a><\/li>\n\t\t\t\t\t\t\t\t\t\t\t<li><a href=\"#\" data-goto=\"1\" aria-label=\"display slide 2\"><\/a><\/li>\n\t\t\t\t\t\t\t\t\t<\/ol>\n\n\t\t\t\t<div class=\"sow-slide-nav sow-slide-nav-next\">\n\t\t\t\t\t<a href=\"#\" data-goto=\"next\" aria-label=\"next slide\" data-action=\"next\">\n\t\t\t\t\t\t<em class=\"sow-sld-icon-thick-rounded-right\"><\/em>\n\t\t\t\t\t<\/a>\n\t\t\t\t<\/div>\n\n\t\t\t\t<div class=\"sow-slide-nav sow-slide-nav-prev\">\n\t\t\t\t\t<a href=\"#\" data-goto=\"previous\" aria-label=\"previous slide\" data-action=\"prev\">\n\t\t\t\t\t\t<em class=\"sow-sld-icon-thick-rounded-left\"><\/em>\n\t\t\t\t\t<\/a>\n\t\t\t\t<\/div>\n\t\t\t\t<\/div><\/div><\/div><\/div><\/div><div id=\"pg-615-1\"  class=\"panel-grid panel-no-style\" ><div id=\"pgc-615-1-0\"  class=\"panel-grid-cell\" ><div id=\"panel-615-1-0-0\" class=\"so-panel widget widget_sow-editor panel-first-child\" data-index=\"3\" ><div\n\t\t\t\n\t\t\tclass=\"so-widget-sow-editor so-widget-sow-editor-base\"\n\t\t\t\n\t\t>\n<div class=\"siteorigin-widget-tinymce textwidget\">\n\t<table style=\"height: 148px;\" border=\"0\" width=\"461\" cellspacing=\"0\">\n<colgroup width=\"98\"><\/colgroup>\n<colgroup width=\"81\"><\/colgroup>\n<colgroup width=\"76\"><\/colgroup>\n<colgroup width=\"79\"><\/colgroup>\n<colgroup width=\"106\"><\/colgroup>\n<tbody>\n<tr>\n<td align=\"center\" bgcolor=\"#00A0C0\" height=\"17\"><b><span style=\"color: #ffffff;\">Zp\u016fsob tisku<\/span><\/b><\/td>\n<td align=\"center\" bgcolor=\"#00A0C0\"><b><span style=\"color: #ffffff;\">Model<\/span><\/b><\/td>\n<td align=\"center\" bgcolor=\"#00A0C0\"><b><span style=\"color: #ffffff;\">Rozli\u0161en\u00ed<\/span><\/b><\/td>\n<td align=\"center\" bgcolor=\"#00A0C0\"><b><span style=\"color: #ffffff;\">\u0160\u00ed\u0159e tisku<\/span><\/b><\/td>\n<td align=\"center\" bgcolor=\"#00A0C0\"><b><span style=\"color: #ffffff;\">Rychlost tisku<\/span><\/b><\/td>\n<\/tr>\n<tr>\n<td align=\"center\" height=\"17\">TD<\/td>\n<td align=\"center\">TDP-225W<\/td>\n<td align=\"center\">203 dpi<\/td>\n<td align=\"center\">54 mm<\/td>\n<td align=\"center\">127 mm\/s<\/td>\n<\/tr>\n<tr>\n<td align=\"center\" height=\"17\">TD<\/td>\n<td align=\"center\">TDP-324W<\/td>\n<td align=\"center\">300 dpi<\/td>\n<td align=\"center\">48 mm<\/td>\n<td align=\"center\">100 mm\/s<\/td>\n<\/tr>\n<\/tbody>\n<\/table>\n<p>TT = tisk s p\u0159enosem barv\u00edc\u00ed TTR p\u00e1sky<br \/>TD = p\u0159\u00edm\u00fd tepeln\u00fd tisk<\/p>\n<\/div>\n<\/div><\/div><div id=\"panel-615-1-0-1\" class=\"so-panel widget widget_sow-editor panel-last-child\" data-index=\"4\" ><div\n\t\t\t\n\t\t\tclass=\"so-widget-sow-editor so-widget-sow-editor-base\"\n\t\t\t\n\t\t>\n<div class=\"siteorigin-widget-tinymce textwidget\">\n\t<p style=\"text-align: center;\"><strong>Pokud nem\u016f\u017eete n\u011bco naj\u00edt nebo m\u00e1te-li jak\u00e9koliv dotazy, tak\u00a0n\u00e1s nev\u00e1hejte pros\u00edm\u00a0<a href=\"http:\/\/www.neotec.cz\/idsys\/kontakty\/\">kontaktovat<\/a>.<\/strong><\/p>\n<\/div>\n<\/div><\/div><\/div><\/div><\/div>","protected":false},"excerpt":{"rendered":"<p>Mal\u00e1 tisk\u00e1rna pro tisk identifika\u010dn\u00edch n\u00e1ramk\u016f. Modelov\u00e1 \u0159ada\u00a0TDP-225W\u00a0s\u00e9rie byla vyvinuta pro tisk identifika\u010dn\u00edch n\u00e1ramk\u016f zejm\u00e9na pro ozna\u010dov\u00e1n\u00ed pacient\u016f ve zdravotnictv\u00ed a n\u00e1v\u0161t\u011bvn\u00edk\u016f kulturn\u00edch a spole\u010densk\u00fdch ud\u00e1lost\u00ed.\u00a0 Zp\u016fsob tiskuModelRozli\u0161en\u00ed\u0160\u00ed\u0159e tiskuRychlost tiskuTDTDP-225W203 dpi54 mm127 mm\/sTDTDP-324W300 dpi48 mm100 mm\/sTT = tisk s p\u0159enosem barv\u00edc\u00ed TTR p\u00e1skyTD = p\u0159\u00edm\u00fd tepeln\u00fd tisk Pokud nem\u016f\u017eete n\u011bco naj\u00edt nebo m\u00e1te-li jak\u00e9koliv dotazy,&hellip;<\/p>\n","protected":false},"author":1,"featured_media":0,"parent":425,"menu_order":0,"comment_status":"closed","ping_status":"closed","template":"","meta":{"footnotes":""},"class_list":["post-615","page","type-page","status-publish","hentry"],"_links":{"self":[{"href":"https:\/\/www.neotec.cz\/idsys\/wp-json\/wp\/v2\/pages\/615","targetHints":{"allow":["GET"]}}],"collection":[{"href":"https:\/\/www.neotec.cz\/idsys\/wp-json\/wp\/v2\/pages"}],"about":[{"href":"https:\/\/www.neotec.cz\/idsys\/wp-json\/wp\/v2\/types\/page"}],"author":[{"embeddable":true,"href":"https:\/\/www.neotec.cz\/idsys\/wp-json\/wp\/v2\/users\/1"}],"replies":[{"embeddable":true,"href":"https:\/\/www.neotec.cz\/idsys\/wp-json\/wp\/v2\/comments?post=615"}],"version-history":[{"count":1,"href":"https:\/\/www.neotec.cz\/idsys\/wp-json\/wp\/v2\/pages\/615\/revisions"}],"predecessor-version":[{"id":619,"href":"https:\/\/www.neotec.cz\/idsys\/wp-json\/wp\/v2\/pages\/615\/revisions\/619"}],"up":[{"embeddable":true,"href":"https:\/\/www.neotec.cz\/idsys\/wp-json\/wp\/v2\/pages\/425"}],"wp:attachment":[{"href":"https:\/\/www.neotec.cz\/idsys\/wp-json\/wp\/v2\/media?parent=615"}],"curies":[{"name":"wp","href":"https:\/\/api.w.org\/{rel}","templated":true}]}}