{"id":791,"date":"2017-03-14T09:58:55","date_gmt":"2017-03-14T08:58:55","guid":{"rendered":"http:\/\/www.neotec.cz\/idsys\/?page_id=791"},"modified":"2020-05-05T07:05:42","modified_gmt":"2020-05-05T06:05:42","slug":"pathfinder-6057","status":"publish","type":"page","link":"https:\/\/www.neotec.cz\/idsys\/uvod\/pathfinder-6057\/","title":{"rendered":"Pathfinder 6057"},"content":{"rendered":"<div id=\"pl-791\"  class=\"panel-layout\" ><div id=\"pg-791-0\"  class=\"panel-grid panel-no-style\" ><div id=\"pgc-791-0-0\"  class=\"panel-grid-cell\" ><div id=\"panel-791-0-0-0\" class=\"so-panel widget widget_sow-image panel-first-child panel-last-child\" data-index=\"0\" ><div\n\t\t\t\n\t\t\tclass=\"so-widget-sow-image so-widget-sow-image-default-c67d20f9f743-791\"\n\t\t\t\n\t\t>\n\n<div class=\"sow-image-container\">\n\t\t<img loading=\"lazy\" decoding=\"async\" src=\"https:\/\/www.neotec.cz\/idsys\/wp-content\/uploads\/2017\/03\/6057_400x400-300x300.png\" width=\"300\" height=\"300\" srcset=\"https:\/\/www.neotec.cz\/idsys\/wp-content\/uploads\/2017\/03\/6057_400x400-300x300.png 300w, https:\/\/www.neotec.cz\/idsys\/wp-content\/uploads\/2017\/03\/6057_400x400-150x150.png 150w, https:\/\/www.neotec.cz\/idsys\/wp-content\/uploads\/2017\/03\/6057_400x400.png 400w\" sizes=\"auto, (max-width: 300px) 100vw, 300px\" title=\"Pathfinder\" alt=\"Pathfinder 6057\" \t\tclass=\"so-widget-image\"\/>\n\t<\/div>\n\n<\/div><\/div><\/div><div id=\"pgc-791-0-1\"  class=\"panel-grid-cell\" ><div id=\"panel-791-0-1-0\" class=\"so-panel widget widget_sow-editor panel-first-child\" data-index=\"1\" ><div\n\t\t\t\n\t\t\tclass=\"so-widget-sow-editor so-widget-sow-editor-base\"\n\t\t\t\n\t\t><h3 class=\"widget-title\">Pathfinder\u00ae 6057<\/h3>\n<div class=\"siteorigin-widget-tinymce textwidget\">\n\t<div class=\"parbase section-title\">\n<div class=\"has-border \">\n<h2>Vy\u0161\u0161\u00ed produktivita a m\u00e9n\u011b pr\u00e1ce<\/h2>\n<\/div>\n<\/div>\n<div class=\"parbase text\">\n<p>P\u0159esko\u010dte tradi\u010dn\u00ed p\u0159ece\u0148ov\u00e1n\u00ed zbo\u017e\u00ed \"\u010dervenou\" propiskou a zkuste nov\u00fd ru\u010dn\u00ed termin\u00e1l s tisk\u00e1rnou Avery Dennison Pathfinder\u00ae 6057.<\/p>\n<p>Jedn\u00e1 se o rychlej\u0161\u00ed a jednodu\u0161\u0161\u00ed \u0159e\u0161en\u00ed ne\u017e je klasick\u00e9 p\u0159ece\u0148ov\u00e1n\u00ed.\u00a0Pathfinder\u00ae 6057 si v\u017edy najde sv\u00e9 uplatn\u011bn\u00ed, a\u0165 u\u017e se jedn\u00e1 o p\u0159ece\u0148ov\u00e1n\u00ed, inventury, p\u0159esuny zbo\u017e\u00ed ze skladu na sklad nebo p\u0159i ozna\u010dov\u00e1n\u00ed produkt\u016f a zbo\u017e\u00ed p\u0159i v\u00fdrob\u011b. Pathfinder\u00ae 6057 V\u00e1m v\u017edy bude dobr\u00fdm pomocn\u00edkem pro efektivn\u00ed a p\u0159esnou pr\u00e1ci.<\/p>\n<\/div>\n<div class=\"parbase text\">\n<p><b>V\u00fdhody Pathfinder<sup>\u00ae<\/sup> 6057:<\/b><\/p>\n<ul>\n<li>Sn\u00ed\u017een\u00ed \u010dasu na p\u0159ezna\u010dov\u00e1n\u00ed zbo\u017e\u00ed o v\u00edce ne\u017e 50% v porovn\u00e1n\u00ed s klasick\u00fdmi metodami.<\/li>\n<li>Eliminace chyb vlivem lidsk\u00e9ho faktoru, jednoduch\u00fd sb\u011br dat, komunikace on-line v re\u00e1ln\u00e9m \u010dase, jednoduch\u00e1 kontrola skladov\u00fdch z\u00e1sob apod.<\/li>\n<li>Va\u0161i zam\u011bstnanci z\u00edskaj\u00ed v\u00edce \u010dasu na Va\u0161e z\u00e1kazn\u00edky. Zam\u011bstnanci se maj\u00ed v\u011bnovat z\u00e1kazn\u00edk\u016fm a n\u00e9 p\u0159ezna\u010dovat zbo\u017e\u00ed.<\/li>\n<li>Pozvednut\u00ed pov\u011bdom\u00ed o Va\u0161\u00ed zna\u010dce a udr\u017een\u00ed Va\u0161ich vysok\u00fdch standard\u016f.<\/li>\n<li>Za\u0159\u00edzen\u00ed typu v\u0161e v jednom. Termin\u00e1l - sn\u00edma\u010d k\u00f3d\u016f - tisk\u00e1rna etiket.<\/li>\n<li>Jednoduch\u00e1 integrace do st\u00e1vaj\u00edc\u00edch IS syst\u00e9m\u016f.<\/li>\n<\/ul>\n<\/div>\n<\/div>\n<\/div><\/div><div id=\"panel-791-0-1-1\" class=\"so-panel widget widget_sow-slider panel-last-child\" data-index=\"2\" ><div\n\t\t\t\n\t\t\tclass=\"so-widget-sow-slider so-widget-sow-slider-default-7de843e35cc1-791\"\n\t\t\t\n\t\t>\t\t\t\t<div class=\"sow-slider-base\" style=\"display: none\" tabindex=\"0\">\n\t\t\t\t\t<ul\n\t\t\t\t\tclass=\"sow-slider-images\"\n\t\t\t\t\tdata-settings=\"{&quot;pagination&quot;:true,&quot;speed&quot;:800,&quot;timeout&quot;:1000,&quot;paused&quot;:false,&quot;pause_on_hover&quot;:false,&quot;swipe&quot;:true,&quot;nav_always_show_desktop&quot;:&quot;&quot;,&quot;nav_always_show_mobile&quot;:&quot;&quot;,&quot;breakpoint&quot;:&quot;780px&quot;,&quot;unmute&quot;:false,&quot;anchor&quot;:null}\"\n\t\t\t\t\t\t\t\t\t\tdata-anchor-id=\"\"\n\t\t\t\t>\t\t<li class=\"sow-slider-image\" style=\"visibility: visible;\" >\n\t\t\t\t\t\t<div class=\"sow-slider-image-container\">\n\t\t\t\t<div class=\"sow-slider-image-wrapper\" style=\"max-width: 150px\">\n\t\t\t\t\t\t\t\t\t\t<div class=\"sow-slider-image-foreground-wrapper\">\n\t\t\t\t\t\t<img loading=\"lazy\" decoding=\"async\" width=\"150\" height=\"150\" src=\"https:\/\/www.neotec.cz\/idsys\/wp-content\/uploads\/2016\/03\/ic-pathfinder.png\" class=\"sow-slider-foreground-image\" alt=\"\" style=\"\" \/>\t\t\t\t\t<\/div>\n\t\t\t\t\t\t\t\t\t<\/div>\n\t\t\t<\/div>\n\t\t\t\t\t<\/li>\n\t\t\t\t<li class=\"sow-slider-image\" style=\"visibility: hidden;\" >\n\t\t\t\t\t\t<div class=\"sow-slider-image-container\">\n\t\t\t\t<div class=\"sow-slider-image-wrapper\" style=\"max-width: 300px\">\n\t\t\t\t\t\t\t\t\t\t<div class=\"sow-slider-image-foreground-wrapper\">\n\t\t\t\t\t\t<img loading=\"lazy\" decoding=\"async\" width=\"300\" height=\"191\" src=\"https:\/\/www.neotec.cz\/idsys\/wp-content\/uploads\/2017\/03\/6057-acessories.png\" class=\"sow-slider-foreground-image\" alt=\"\" style=\"\" \/>\t\t\t\t\t<\/div>\n\t\t\t\t\t\t\t\t\t<\/div>\n\t\t\t<\/div>\n\t\t\t\t\t<\/li>\n\t\t<\/ul>\t\t\t\t<ol class=\"sow-slider-pagination\">\n\t\t\t\t\t\t\t\t\t\t\t<li><a href=\"#\" data-goto=\"0\" aria-label=\"display slide 1\"><\/a><\/li>\n\t\t\t\t\t\t\t\t\t\t\t<li><a href=\"#\" data-goto=\"1\" aria-label=\"display slide 2\"><\/a><\/li>\n\t\t\t\t\t\t\t\t\t<\/ol>\n\n\t\t\t\t<div class=\"sow-slide-nav sow-slide-nav-next\">\n\t\t\t\t\t<a href=\"#\" data-goto=\"next\" aria-label=\"next slide\" data-action=\"next\">\n\t\t\t\t\t\t<em class=\"sow-sld-icon-thick-rounded-right\"><\/em>\n\t\t\t\t\t<\/a>\n\t\t\t\t<\/div>\n\n\t\t\t\t<div class=\"sow-slide-nav sow-slide-nav-prev\">\n\t\t\t\t\t<a href=\"#\" data-goto=\"previous\" aria-label=\"previous slide\" data-action=\"prev\">\n\t\t\t\t\t\t<em class=\"sow-sld-icon-thick-rounded-left\"><\/em>\n\t\t\t\t\t<\/a>\n\t\t\t\t<\/div>\n\t\t\t\t<\/div><\/div><\/div><\/div><\/div><div id=\"pg-791-1\"  class=\"panel-grid panel-no-style\" ><div id=\"pgc-791-1-0\"  class=\"panel-grid-cell\" ><div id=\"panel-791-1-0-0\" class=\"so-panel widget widget_sow-editor panel-first-child\" data-index=\"3\" ><div\n\t\t\t\n\t\t\tclass=\"so-widget-sow-editor so-widget-sow-editor-base\"\n\t\t\t\n\t\t>\n<div class=\"siteorigin-widget-tinymce textwidget\">\n\t<table style=\"height: 70px;\" border=\"0\" width=\"377\" cellspacing=\"0\">\n<colgroup width=\"98\"><\/colgroup>\n<colgroup width=\"81\"><\/colgroup>\n<colgroup width=\"76\"><\/colgroup>\n<colgroup width=\"79\"><\/colgroup>\n<colgroup width=\"106\"><\/colgroup>\n<tbody>\n<tr>\n<td align=\"center\" bgcolor=\"#00A0C0\" height=\"17\"><b><span style=\"color: #ffffff;\">Zp\u016fsob tisku<\/span><\/b><\/td>\n<td align=\"center\" bgcolor=\"#00A0C0\"><b><span style=\"color: #ffffff;\">Model<\/span><\/b><\/td>\n<td align=\"center\" bgcolor=\"#00A0C0\"><b><span style=\"color: #ffffff;\">Rozli\u0161en\u00ed<\/span><\/b><\/td>\n<td align=\"center\" bgcolor=\"#00A0C0\"><b><span style=\"color: #ffffff;\">\u0160\u00ed\u0159e tisku<\/span><\/b><\/td>\n<td align=\"center\" bgcolor=\"#00A0C0\"><b><span style=\"color: #ffffff;\">Rychlost tisku<\/span><\/b><\/td>\n<\/tr>\n<tr>\n<td align=\"center\" height=\"17\">TD<\/td>\n<td align=\"center\">MO6057<\/td>\n<td align=\"center\">203 dpi<\/td>\n<td align=\"center\">48\u00a0mm<\/td>\n<td align=\"center\">127 mm\/s<\/td>\n<\/tr>\n<\/tbody>\n<\/table>\n<p>TT = tisk s p\u0159enosem barv\u00edc\u00ed TTR p\u00e1sky<br \/>TD = p\u0159\u00edm\u00fd tepeln\u00fd tisk<\/p>\n<\/div>\n<\/div><\/div><div id=\"panel-791-1-0-1\" class=\"so-panel widget widget_sow-editor panel-last-child\" data-index=\"4\" ><div\n\t\t\t\n\t\t\tclass=\"so-widget-sow-editor so-widget-sow-editor-base\"\n\t\t\t\n\t\t>\n<div class=\"siteorigin-widget-tinymce textwidget\">\n\t<p style=\"text-align: center;\"><strong>Pokud nem\u016f\u017eete n\u011bco naj\u00edt nebo m\u00e1te-li jak\u00e9koliv dotazy, tak\u00a0n\u00e1s nev\u00e1hejte pros\u00edm\u00a0<a href=\"http:\/\/www.neotec.cz\/idsys\/kontakty\/\">kontaktovat<\/a>.<\/strong><\/p>\n<\/div>\n<\/div><\/div><\/div><\/div><\/div>","protected":false},"excerpt":{"rendered":"<p>Vy\u0161\u0161\u00ed produktivita a m\u00e9n\u011b pr\u00e1ce P\u0159esko\u010dte tradi\u010dn\u00ed p\u0159ece\u0148ov\u00e1n\u00ed zbo\u017e\u00ed &#8222;\u010dervenou&#8220; propiskou a zkuste nov\u00fd ru\u010dn\u00ed termin\u00e1l s tisk\u00e1rnou Avery Dennison Pathfinder\u00ae 6057. Jedn\u00e1 se o rychlej\u0161\u00ed a jednodu\u0161\u0161\u00ed \u0159e\u0161en\u00ed ne\u017e je klasick\u00e9 p\u0159ece\u0148ov\u00e1n\u00ed.\u00a0Pathfinder\u00ae 6057 si v\u017edy najde sv\u00e9 uplatn\u011bn\u00ed, a\u0165 u\u017e se jedn\u00e1 o p\u0159ece\u0148ov\u00e1n\u00ed, inventury, p\u0159esuny zbo\u017e\u00ed ze skladu na sklad nebo p\u0159i ozna\u010dov\u00e1n\u00ed&hellip;<\/p>\n","protected":false},"author":1,"featured_media":0,"parent":2,"menu_order":0,"comment_status":"closed","ping_status":"closed","template":"","meta":{"footnotes":""},"class_list":["post-791","page","type-page","status-publish","hentry"],"_links":{"self":[{"href":"https:\/\/www.neotec.cz\/idsys\/wp-json\/wp\/v2\/pages\/791","targetHints":{"allow":["GET"]}}],"collection":[{"href":"https:\/\/www.neotec.cz\/idsys\/wp-json\/wp\/v2\/pages"}],"about":[{"href":"https:\/\/www.neotec.cz\/idsys\/wp-json\/wp\/v2\/types\/page"}],"author":[{"embeddable":true,"href":"https:\/\/www.neotec.cz\/idsys\/wp-json\/wp\/v2\/users\/1"}],"replies":[{"embeddable":true,"href":"https:\/\/www.neotec.cz\/idsys\/wp-json\/wp\/v2\/comments?post=791"}],"version-history":[{"count":4,"href":"https:\/\/www.neotec.cz\/idsys\/wp-json\/wp\/v2\/pages\/791\/revisions"}],"predecessor-version":[{"id":1078,"href":"https:\/\/www.neotec.cz\/idsys\/wp-json\/wp\/v2\/pages\/791\/revisions\/1078"}],"up":[{"embeddable":true,"href":"https:\/\/www.neotec.cz\/idsys\/wp-json\/wp\/v2\/pages\/2"}],"wp:attachment":[{"href":"https:\/\/www.neotec.cz\/idsys\/wp-json\/wp\/v2\/media?parent=791"}],"curies":[{"name":"wp","href":"https:\/\/api.w.org\/{rel}","templated":true}]}}