{"id":873,"date":"2018-05-18T15:04:47","date_gmt":"2018-05-18T14:04:47","guid":{"rendered":"http:\/\/www.neotec.cz\/idsys\/?page_id=873"},"modified":"2018-06-11T18:32:54","modified_gmt":"2018-06-11T17:32:54","slug":"snap500-1","status":"publish","type":"page","link":"https:\/\/www.neotec.cz\/idsys\/uvod\/tiskarny\/stolni-tiskarny\/snap500-1\/","title":{"rendered":"Avery Dennison Snap 500 1\/1"},"content":{"rendered":"<div id=\"pl-873\"  class=\"panel-layout\" ><div id=\"pg-873-0\"  class=\"panel-grid panel-no-style\" ><div id=\"pgc-873-0-0\"  class=\"panel-grid-cell\" ><div id=\"panel-873-0-0-0\" class=\"so-panel widget widget_sow-image panel-first-child panel-last-child\" data-index=\"0\" ><div\n\t\t\t\n\t\t\tclass=\"so-widget-sow-image so-widget-sow-image-default-c67d20f9f743-873\"\n\t\t\t\n\t\t>\n\n<div class=\"sow-image-container\">\n\t\t<img loading=\"lazy\" decoding=\"async\" src=\"https:\/\/www.neotec.cz\/idsys\/wp-content\/uploads\/2018\/05\/bez-n\u00e1zvu.png\" width=\"439\" height=\"275\" srcset=\"https:\/\/www.neotec.cz\/idsys\/wp-content\/uploads\/2018\/05\/bez-n\u00e1zvu.png 439w, https:\/\/www.neotec.cz\/idsys\/wp-content\/uploads\/2018\/05\/bez-n\u00e1zvu-300x188.png 300w\" sizes=\"auto, (max-width: 439px) 100vw, 439px\" title=\"Snap 500 1\/1\" alt=\"TDP-244\" \t\tclass=\"so-widget-image\"\/>\n\t<\/div>\n\n<\/div><\/div><\/div><\/div><div id=\"pg-873-1\"  class=\"panel-grid panel-no-style\" ><div id=\"pgc-873-1-0\"  class=\"panel-grid-cell\" ><div id=\"panel-873-1-0-0\" class=\"so-panel widget widget_sow-editor panel-first-child panel-last-child\" data-index=\"1\" ><div\n\t\t\t\n\t\t\tclass=\"so-widget-sow-editor so-widget-sow-editor-base\"\n\t\t\t\n\t\t>\n<div class=\"siteorigin-widget-tinymce textwidget\">\n\t<p><strong>Tisk\u00e1rna oboustrann\u00fdch textiln\u00edch etiket s o\u0161et\u0159ovac\u00edmi symboly<\/strong><\/p>\n<p>Tisk\u00e1rna <span id=\"result_box\" lang=\"cs\"><span title=\"In-Plant Printing of Multi-Color Care Labels The SNAP 500 multi-headed printer produces care labels that are quick, responsive, and accurate when they are needed at the point of sew.\">SNAP 500 je konstruov\u00e1na pro rychl\u00fd a kvalitn\u00ed tisk o\u0161et\u0159ovac\u00edch etiket na textiln\u00ed materi\u00e1ly. Umo\u017e\u0148uje oboustrann\u00fd tisk textiln\u00edch etiket. Standardn\u011b jsou tyto tisk\u00e1rny dod\u00e1v\u00e1ny s tiskov\u00fdmi hlavami o rozli\u0161en\u00ed 300 dpi. Voliteln\u00e9 tiskov\u00e9 hlavy umo\u017e\u0148uj\u00ed tisk i s rozli\u0161en\u00edm 600 dpi.<\/span><\/span><\/p>\n<\/div>\n<\/div><\/div><\/div><div id=\"pgc-873-1-1\"  class=\"panel-grid-cell\" ><div id=\"panel-873-1-1-0\" class=\"so-panel widget widget_sow-slider panel-first-child panel-last-child\" data-index=\"2\" ><div\n\t\t\t\n\t\t\tclass=\"so-widget-sow-slider so-widget-sow-slider-default-7de843e35cc1-873\"\n\t\t\t\n\t\t>\t\t\t\t<div class=\"sow-slider-base\" style=\"display: none\" tabindex=\"0\">\n\t\t\t\t\t<ul\n\t\t\t\t\tclass=\"sow-slider-images\"\n\t\t\t\t\tdata-settings=\"{&quot;pagination&quot;:true,&quot;speed&quot;:800,&quot;timeout&quot;:1000,&quot;paused&quot;:false,&quot;pause_on_hover&quot;:false,&quot;swipe&quot;:true,&quot;nav_always_show_desktop&quot;:&quot;&quot;,&quot;nav_always_show_mobile&quot;:&quot;&quot;,&quot;breakpoint&quot;:&quot;780px&quot;,&quot;unmute&quot;:false,&quot;anchor&quot;:null}\"\n\t\t\t\t\t\t\t\t\t\tdata-anchor-id=\"\"\n\t\t\t\t>\t\t<li class=\"sow-slider-image\" style=\"visibility: visible;\" >\n\t\t\t\t\t\t<div class=\"sow-slider-image-container\">\n\t\t\t\t<div class=\"sow-slider-image-wrapper\" style=\"max-width: 300px\">\n\t\t\t\t\t\t\t\t\t\t<div class=\"sow-slider-image-foreground-wrapper\">\n\t\t\t\t\t\t<img loading=\"lazy\" decoding=\"async\" width=\"300\" height=\"170\" src=\"https:\/\/www.neotec.cz\/idsys\/wp-content\/uploads\/2018\/05\/etiketa.jpg\" class=\"sow-slider-foreground-image\" alt=\"\" style=\"\" \/>\t\t\t\t\t<\/div>\n\t\t\t\t\t\t\t\t\t<\/div>\n\t\t\t<\/div>\n\t\t\t\t\t<\/li>\n\t\t\t\t<li class=\"sow-slider-image\" style=\"visibility: hidden;\" >\n\t\t\t\t\t\t<div class=\"sow-slider-image-container\">\n\t\t\t\t<div class=\"sow-slider-image-wrapper\" style=\"max-width: 241px\">\n\t\t\t\t\t\t\t\t\t\t<div class=\"sow-slider-image-foreground-wrapper\">\n\t\t\t\t\t\t<img loading=\"lazy\" decoding=\"async\" width=\"241\" height=\"137\" src=\"https:\/\/www.neotec.cz\/idsys\/wp-content\/uploads\/2018\/05\/etiketa2.jpg\" class=\"sow-slider-foreground-image\" alt=\"\" style=\"\" \/>\t\t\t\t\t<\/div>\n\t\t\t\t\t\t\t\t\t<\/div>\n\t\t\t<\/div>\n\t\t\t\t\t<\/li>\n\t\t\t\t<li class=\"sow-slider-image\" style=\"visibility: hidden;\" >\n\t\t\t\t\t\t<div class=\"sow-slider-image-container\">\n\t\t\t\t<div class=\"sow-slider-image-wrapper\" style=\"max-width: 460px\">\n\t\t\t\t\t\t\t\t\t\t<div class=\"sow-slider-image-foreground-wrapper\">\n\t\t\t\t\t\t<img loading=\"lazy\" decoding=\"async\" width=\"460\" height=\"237\" src=\"https:\/\/www.neotec.cz\/idsys\/wp-content\/uploads\/2018\/05\/SSF.jpg\" class=\"sow-slider-foreground-image\" alt=\"\" style=\"\" srcset=\"https:\/\/www.neotec.cz\/idsys\/wp-content\/uploads\/2018\/05\/SSF.jpg 460w, https:\/\/www.neotec.cz\/idsys\/wp-content\/uploads\/2018\/05\/SSF-300x155.jpg 300w\" sizes=\"auto, (max-width: 460px) 100vw, 460px\" \/>\t\t\t\t\t<\/div>\n\t\t\t\t\t\t\t\t\t<\/div>\n\t\t\t<\/div>\n\t\t\t\t\t<\/li>\n\t\t\t\t<li class=\"sow-slider-image\" style=\"visibility: hidden;\" >\n\t\t\t\t\t\t<div class=\"sow-slider-image-container\">\n\t\t\t\t<div class=\"sow-slider-image-wrapper\" style=\"max-width: 460px\">\n\t\t\t\t\t\t\t\t\t\t<div class=\"sow-slider-image-foreground-wrapper\">\n\t\t\t\t\t\t<img loading=\"lazy\" decoding=\"async\" width=\"460\" height=\"114\" src=\"https:\/\/www.neotec.cz\/idsys\/wp-content\/uploads\/2018\/05\/Lokprint.jpg\" class=\"sow-slider-foreground-image\" alt=\"\" style=\"\" srcset=\"https:\/\/www.neotec.cz\/idsys\/wp-content\/uploads\/2018\/05\/Lokprint.jpg 460w, https:\/\/www.neotec.cz\/idsys\/wp-content\/uploads\/2018\/05\/Lokprint-300x74.jpg 300w\" sizes=\"auto, (max-width: 460px) 100vw, 460px\" \/>\t\t\t\t\t<\/div>\n\t\t\t\t\t\t\t\t\t<\/div>\n\t\t\t<\/div>\n\t\t\t\t\t<\/li>\n\t\t<\/ul>\t\t\t\t<ol class=\"sow-slider-pagination\">\n\t\t\t\t\t\t\t\t\t\t\t<li><a href=\"#\" data-goto=\"0\" aria-label=\"display slide 1\"><\/a><\/li>\n\t\t\t\t\t\t\t\t\t\t\t<li><a href=\"#\" data-goto=\"1\" aria-label=\"display slide 2\"><\/a><\/li>\n\t\t\t\t\t\t\t\t\t\t\t<li><a href=\"#\" data-goto=\"2\" aria-label=\"display slide 3\"><\/a><\/li>\n\t\t\t\t\t\t\t\t\t\t\t<li><a href=\"#\" data-goto=\"3\" aria-label=\"display slide 4\"><\/a><\/li>\n\t\t\t\t\t\t\t\t\t<\/ol>\n\n\t\t\t\t<div class=\"sow-slide-nav sow-slide-nav-next\">\n\t\t\t\t\t<a href=\"#\" data-goto=\"next\" aria-label=\"next slide\" data-action=\"next\">\n\t\t\t\t\t\t<em class=\"sow-sld-icon-thick-rounded-right\"><\/em>\n\t\t\t\t\t<\/a>\n\t\t\t\t<\/div>\n\n\t\t\t\t<div class=\"sow-slide-nav sow-slide-nav-prev\">\n\t\t\t\t\t<a href=\"#\" data-goto=\"previous\" aria-label=\"previous slide\" data-action=\"prev\">\n\t\t\t\t\t\t<em class=\"sow-sld-icon-thick-rounded-left\"><\/em>\n\t\t\t\t\t<\/a>\n\t\t\t\t<\/div>\n\t\t\t\t<\/div><\/div><\/div><\/div><\/div><div id=\"pg-873-2\"  class=\"panel-grid panel-no-style\" ><div id=\"pgc-873-2-0\"  class=\"panel-grid-cell\" ><div id=\"panel-873-2-0-0\" class=\"so-panel widget widget_sow-editor panel-first-child panel-last-child\" data-index=\"3\" ><div\n\t\t\t\n\t\t\tclass=\"so-widget-sow-editor so-widget-sow-editor-base\"\n\t\t\t\n\t\t>\n<div class=\"siteorigin-widget-tinymce textwidget\">\n\t\n<table id=\"tablepress-2\" class=\"tablepress tablepress-id-2\">\n<tbody class=\"row-striping row-hover\">\n<tr class=\"row-1\">\n\t<td class=\"column-1\">Standardn\u00ed sada:<\/td><td class=\"column-2\">Tisk\u00e1rna, tiskov\u00e9 hlavy, z\u00e1sobn\u00edk, integrovan\u00fd odst\u0159ih<br \/>\n<\/td>\n<\/tr>\n<tr class=\"row-2\">\n\t<td class=\"column-1\">Spot\u0159ebn\u00ed materi\u00e1ly:<\/td><td class=\"column-2\">stuhy - polyester, nylon, sat\u00e9n, \u2026.<br \/>\nTTR f\u00f3lie<br \/>\n <\/td>\n<\/tr>\n<tr class=\"row-3\">\n\t<td class=\"column-1\">Metoda tisku:<\/td><td class=\"column-2\">TT - termo-transfer<\/td>\n<\/tr>\n<tr class=\"row-4\">\n\t<td class=\"column-1\">Konfigurace tisk\u00e1rny:<\/td><td class=\"column-2\">tisk 1 barvy na horn\u00ed stran\u011b a 1 barvy na spodn\u00ed stran\u011b etikety<\/td>\n<\/tr>\n<tr class=\"row-5\">\n\t<td class=\"column-1\">\u0160\u00ed\u0159ka stuhy (min\/max):<\/td><td class=\"column-2\">12,7 mm \/ 54 mm<\/td>\n<\/tr>\n<tr class=\"row-6\">\n\t<td class=\"column-1\">Min. d\u00e9lka etiket:<\/td><td class=\"column-2\">19 mm p\u0159i 3 ips<br \/>\n20 mm p\u0159i 4,5 ips<br \/>\n22 mm p\u0159i 5 ips<\/td>\n<\/tr>\n<tr class=\"row-7\">\n\t<td class=\"column-1\">Max. d\u00e9lka etiket (bez z\u00e1sobn\u00edku):<\/td><td class=\"column-2\">635 mm<\/td>\n<\/tr>\n<tr class=\"row-8\">\n\t<td class=\"column-1\">Max. velikost etiket (se z\u00e1sobn\u00edkem):<\/td><td class=\"column-2\">54 x 127 mm<\/td>\n<\/tr>\n<tr class=\"row-9\">\n\t<td class=\"column-1\">Max. pom\u011br \u0161\u00ed\u0159ka\/d\u00e9lka (se z\u00e1sobn\u00edkem)<\/td><td class=\"column-2\">1:5<\/td>\n<\/tr>\n<tr class=\"row-10\">\n\t<td class=\"column-1\">Max. vn\u011bj\u0161\u00ed pr\u016fm\u011br role stuhy:<\/td><td class=\"column-2\">290 mm<\/td>\n<\/tr>\n<tr class=\"row-11\">\n\t<td class=\"column-1\">Vnit\u0159n\u00ed pr\u016fm\u011br dutinky stuhy:<\/td><td class=\"column-2\">76 mm<\/td>\n<\/tr>\n<tr class=\"row-12\">\n\t<td class=\"column-1\">Max. tiskov\u00e1 oblast:<\/td><td class=\"column-2\">50,8 mm x 635 mm<\/td>\n<\/tr>\n<tr class=\"row-13\">\n\t<td class=\"column-1\">Rychlost tisku (305 dpi):<\/td><td class=\"column-2\">3, 4.5, 6, 7 ips<\/td>\n<\/tr>\n<tr class=\"row-14\">\n\t<td class=\"column-1\">Rychlost tisku (609 dpi):<\/td><td class=\"column-2\">3, 4.5, 6 ips<\/td>\n<\/tr>\n<tr class=\"row-15\">\n\t<td class=\"column-1\">Senzory:<\/td><td class=\"column-2\">horn\u00ed reflexn\u00ed na st\u0159edu,<br \/>\nspodn\u00ed reflexn\u00ed (voliteln\u011b),<br \/>\nbarevn\u00fd kontrastn\u00ed (voliteln\u011b)<br \/>\n<\/td>\n<\/tr>\n<tr class=\"row-16\">\n\t<td class=\"column-1\">P\u0159ipojen\u00ed:<\/td><td class=\"column-2\">s\u00e9riov\u00fd port (RS232), Ethernet, voliteln\u011b USB<\/td>\n<\/tr>\n<tr class=\"row-17\">\n\t<td class=\"column-1\">Ovl\u00e1d\u00e1n\u00ed:<\/td><td class=\"column-2\">-softwarem PCMate Platinum<br \/>\n- p\u0159\u00edm\u00e9 v tiskov\u00e9m jazyku PCL<br \/>\n- Windows driver (x32\/x64)<br \/>\n-software 3 stran (Nicelabel, CodeSoft)<\/td>\n<\/tr>\n<tr class=\"row-18\">\n\t<td class=\"column-1\">Rozm\u011bry (V x \u0160 x H):<\/td><td class=\"column-2\">470 x 660 x 457 mm<\/td>\n<\/tr>\n<tr class=\"row-19\">\n\t<td class=\"column-1\">Hmotnost:<\/td><td class=\"column-2\">24,5 kg<\/td>\n<\/tr>\n<tr class=\"row-20\">\n\t<td class=\"column-1\">Voliteln\u00e9 p\u0159\u00edslu\u0161enstv\u00ed:<\/td><td class=\"column-2\">ultrasonick\u00fd odst\u0159ih pro nepovrstven\u00e9 a sat\u00e9nov\u00e9 materi\u00e1ly.<\/td>\n<\/tr>\n<\/tbody>\n<\/table>\n<!-- #tablepress-2 from cache -->\n<\/div>\n<\/div><\/div><\/div><\/div><div id=\"pg-873-3\"  class=\"panel-grid panel-no-style\" ><div id=\"pgc-873-3-0\"  class=\"panel-grid-cell panel-grid-cell-empty\" ><\/div><div id=\"pgc-873-3-1\"  class=\"panel-grid-cell panel-grid-cell-mobile-last\" ><div id=\"panel-873-3-1-0\" class=\"so-panel widget widget_media_video panel-first-child panel-last-child\" data-index=\"4\" ><div class=\"panel-widget-style panel-widget-style-for-873-3-1-0\" ><div style=\"width:100%;\" class=\"wp-video\"><!--[if lt IE 9]><script>document.createElement('video');<\/script><![endif]-->\n<video class=\"wp-video-shortcode\" id=\"video-873-1\" preload=\"metadata\" controls=\"controls\"><source type=\"video\/youtube\" src=\"https:\/\/youtu.be\/X1T2h1ZkAQI?_=1\" \/><a href=\"https:\/\/youtu.be\/X1T2h1ZkAQI\">https:\/\/youtu.be\/X1T2h1ZkAQI<\/a><\/video><\/div><\/div><\/div><\/div><div id=\"pgc-873-3-2\"  class=\"panel-grid-cell panel-grid-cell-empty\" ><\/div><\/div><div id=\"pg-873-4\"  class=\"panel-grid panel-no-style\" ><div id=\"pgc-873-4-0\"  class=\"panel-grid-cell\" ><div id=\"panel-873-4-0-0\" class=\"so-panel widget widget_sow-editor panel-first-child\" data-index=\"5\" ><div\n\t\t\t\n\t\t\tclass=\"so-widget-sow-editor so-widget-sow-editor-base\"\n\t\t\t\n\t\t><h3 class=\"widget-title\">Ke sta\u017een\u00ed<\/h3>\n<div class=\"siteorigin-widget-tinymce textwidget\">\n\t<p><a href=\"http:\/\/www.neotec.cz\/idsys\/wp-content\/uploads\/2018\/06\/SNAP-500-product-information-v3a.pdf\" target=\"_blank\" rel=\"\">Snap 500 produktov\u00fd list (EN)<\/a><a href=\"http:\/\/www.neotec.cz\/idsys\/wp-content\/uploads\/2018\/06\/SNAP-500-product-information-v3a.pdf\" target=\"_blank\"><img loading=\"lazy\" decoding=\"async\" class=\"alignleft wp-image-1108 size-full\" src=\"http:\/\/www.neotec.cz\/zund\/wp-content\/uploads\/2016\/02\/picPDF.png\" alt=\"picPDF\" width=\"32\" height=\"32\" \/><\/a><\/p>\n<\/div>\n<\/div><\/div><div id=\"panel-873-4-0-1\" class=\"so-panel widget widget_sow-editor panel-last-child\" data-index=\"6\" ><div\n\t\t\t\n\t\t\tclass=\"so-widget-sow-editor so-widget-sow-editor-base\"\n\t\t\t\n\t\t>\n<div class=\"siteorigin-widget-tinymce textwidget\">\n\t<p style=\"text-align: center;\"><strong>Pokud nem\u016f\u017eete n\u011bco naj\u00edt nebo m\u00e1te-li jak\u00e9koliv dotazy, tak\u00a0n\u00e1s nev\u00e1hejte pros\u00edm\u00a0<a href=\"http:\/\/www.neotec.cz\/idsys\/kontakty\/\">kontaktovat<\/a>.<\/strong><\/p>\n<\/div>\n<\/div><\/div><\/div><\/div><\/div>","protected":false},"excerpt":{"rendered":"<p>Tisk\u00e1rna oboustrann\u00fdch textiln\u00edch etiket s o\u0161et\u0159ovac\u00edmi symboly Tisk\u00e1rna SNAP 500 je konstruov\u00e1na pro rychl\u00fd a kvalitn\u00ed tisk o\u0161et\u0159ovac\u00edch etiket na textiln\u00ed materi\u00e1ly. Umo\u017e\u0148uje oboustrann\u00fd tisk textiln\u00edch etiket. Standardn\u011b jsou tyto tisk\u00e1rny dod\u00e1v\u00e1ny s tiskov\u00fdmi hlavami o rozli\u0161en\u00ed 300 dpi. Voliteln\u00e9 tiskov\u00e9 hlavy umo\u017e\u0148uj\u00ed tisk i s rozli\u0161en\u00edm 600 dpi.<\/p>\n","protected":false},"author":1,"featured_media":0,"parent":425,"menu_order":0,"comment_status":"closed","ping_status":"closed","template":"","meta":{"footnotes":""},"class_list":["post-873","page","type-page","status-publish","hentry"],"_links":{"self":[{"href":"https:\/\/www.neotec.cz\/idsys\/wp-json\/wp\/v2\/pages\/873","targetHints":{"allow":["GET"]}}],"collection":[{"href":"https:\/\/www.neotec.cz\/idsys\/wp-json\/wp\/v2\/pages"}],"about":[{"href":"https:\/\/www.neotec.cz\/idsys\/wp-json\/wp\/v2\/types\/page"}],"author":[{"embeddable":true,"href":"https:\/\/www.neotec.cz\/idsys\/wp-json\/wp\/v2\/users\/1"}],"replies":[{"embeddable":true,"href":"https:\/\/www.neotec.cz\/idsys\/wp-json\/wp\/v2\/comments?post=873"}],"version-history":[{"count":31,"href":"https:\/\/www.neotec.cz\/idsys\/wp-json\/wp\/v2\/pages\/873\/revisions"}],"predecessor-version":[{"id":946,"href":"https:\/\/www.neotec.cz\/idsys\/wp-json\/wp\/v2\/pages\/873\/revisions\/946"}],"up":[{"embeddable":true,"href":"https:\/\/www.neotec.cz\/idsys\/wp-json\/wp\/v2\/pages\/425"}],"wp:attachment":[{"href":"https:\/\/www.neotec.cz\/idsys\/wp-json\/wp\/v2\/media?parent=873"}],"curies":[{"name":"wp","href":"https:\/\/api.w.org\/{rel}","templated":true}]}}