{"id":967,"date":"2019-07-15T10:32:19","date_gmt":"2019-07-15T09:32:19","guid":{"rendered":"http:\/\/www.neotec.cz\/idsys\/?page_id=967"},"modified":"2019-07-15T10:33:21","modified_gmt":"2019-07-15T09:33:21","slug":"te200-te300","status":"publish","type":"page","link":"https:\/\/www.neotec.cz\/idsys\/uvod\/tiskarny\/stolni-tiskarny\/te200-te300\/","title":{"rendered":"TE200 \/ TE300"},"content":{"rendered":"<div id=\"pl-967\"  class=\"panel-layout\" ><div id=\"pg-967-0\"  class=\"panel-grid panel-no-style\" ><div id=\"pgc-967-0-0\"  class=\"panel-grid-cell\" ><div id=\"panel-967-0-0-0\" class=\"so-panel widget widget_sow-image panel-first-child panel-last-child\" data-index=\"0\" ><div\n\t\t\t\n\t\t\tclass=\"so-widget-sow-image so-widget-sow-image-default-c67d20f9f743-967\"\n\t\t\t\n\t\t>\n\n<div class=\"sow-image-container\">\n\t\t<img loading=\"lazy\" decoding=\"async\" src=\"https:\/\/www.neotec.cz\/idsys\/wp-content\/uploads\/2019\/07\/TE200-1-Copy-300x274.png\" width=\"300\" height=\"274\" sizes=\"auto, (max-width: 300px) 100vw, 300px\" title=\"TE200, TE210, TE300, TE310\" alt=\"TE200, TE210, TE300, TE310\" \t\tclass=\"so-widget-image\"\/>\n\t<\/div>\n\n<\/div><\/div><\/div><div id=\"pgc-967-0-1\"  class=\"panel-grid-cell\" ><div id=\"panel-967-0-1-0\" class=\"so-panel widget widget_sow-editor panel-first-child\" data-index=\"1\" ><div\n\t\t\t\n\t\t\tclass=\"so-widget-sow-editor so-widget-sow-editor-base\"\n\t\t\t\n\t\t><h3 class=\"widget-title\">TE200 \/ TE300<\/h3>\n<div class=\"siteorigin-widget-tinymce textwidget\">\n\t<p><strong>Nov\u00e1 generace cenov\u011b dostupn\u00fdch termo-transferov\u00fdch tisk\u00e1ren.<\/strong>\u00a0Znovuobjeven\u00ed vysok\u00e9 p\u0159idan\u00e9 hodnoty pro tisk cenov\u011b v\u00fdhodn\u00fdch etiket. Oba robustn\u00e9 modely TE2000 a TE300 jsou vybaveny dv\u011bmi siln\u00fdmi motory d\u00edky kter\u00fdm dok\u00e1\u017eou pracovat s barv\u00edc\u00ed TTR p\u00e1skami d\u00e9lky a\u017e 300 m a vn\u011bj\u0161\u00edm pr\u016fm\u011brem etiket a\u017e 127 mm.<\/p>\n<\/div>\n<\/div><\/div><div id=\"panel-967-0-1-1\" class=\"so-panel widget widget_sow-slider panel-last-child\" data-index=\"2\" ><div\n\t\t\t\n\t\t\tclass=\"so-widget-sow-slider so-widget-sow-slider-default-7de843e35cc1-967\"\n\t\t\t\n\t\t>\t\t\t\t<div class=\"sow-slider-base\" style=\"display: none\" tabindex=\"0\">\n\t\t\t\t\t<ul\n\t\t\t\t\tclass=\"sow-slider-images\"\n\t\t\t\t\tdata-settings=\"{&quot;pagination&quot;:true,&quot;speed&quot;:800,&quot;timeout&quot;:1000,&quot;paused&quot;:false,&quot;pause_on_hover&quot;:false,&quot;swipe&quot;:true,&quot;nav_always_show_desktop&quot;:&quot;&quot;,&quot;nav_always_show_mobile&quot;:&quot;&quot;,&quot;breakpoint&quot;:&quot;780px&quot;,&quot;unmute&quot;:false,&quot;anchor&quot;:null}\"\n\t\t\t\t\t\t\t\t\t\tdata-anchor-id=\"\"\n\t\t\t\t>\t\t<li class=\"sow-slider-image\" style=\"visibility: visible;\" >\n\t\t\t\t\t\t<div class=\"sow-slider-image-container\">\n\t\t\t\t<div class=\"sow-slider-image-wrapper\" style=\"max-width: 164px\">\n\t\t\t\t\t\t\t\t\t\t<div class=\"sow-slider-image-foreground-wrapper\">\n\t\t\t\t\t\t<img loading=\"lazy\" decoding=\"async\" width=\"164\" height=\"150\" src=\"https:\/\/www.neotec.cz\/idsys\/wp-content\/uploads\/2019\/07\/TE200-1-150px-1.png\" class=\"sow-slider-foreground-image\" alt=\"\" style=\"\" \/>\t\t\t\t\t<\/div>\n\t\t\t\t\t\t\t\t\t<\/div>\n\t\t\t<\/div>\n\t\t\t\t\t<\/li>\n\t\t\t\t<li class=\"sow-slider-image\" style=\"visibility: hidden;\" >\n\t\t\t\t\t\t<div class=\"sow-slider-image-container\">\n\t\t\t\t<div class=\"sow-slider-image-wrapper\" style=\"max-width: 112px\">\n\t\t\t\t\t\t\t\t\t\t<div class=\"sow-slider-image-foreground-wrapper\">\n\t\t\t\t\t\t<img loading=\"lazy\" decoding=\"async\" width=\"112\" height=\"150\" src=\"https:\/\/www.neotec.cz\/idsys\/wp-content\/uploads\/2019\/07\/TE200-2p.png\" class=\"sow-slider-foreground-image\" alt=\"\" style=\"\" \/>\t\t\t\t\t<\/div>\n\t\t\t\t\t\t\t\t\t<\/div>\n\t\t\t<\/div>\n\t\t\t\t\t<\/li>\n\t\t\t\t<li class=\"sow-slider-image\" style=\"visibility: hidden;\" >\n\t\t\t\t\t\t<div class=\"sow-slider-image-container\">\n\t\t\t\t<div class=\"sow-slider-image-wrapper\" style=\"max-width: 100px\">\n\t\t\t\t\t\t\t\t\t\t<div class=\"sow-slider-image-foreground-wrapper\">\n\t\t\t\t\t\t<img loading=\"lazy\" decoding=\"async\" width=\"100\" height=\"150\" src=\"https:\/\/www.neotec.cz\/idsys\/wp-content\/uploads\/2019\/07\/TE200-3.png\" class=\"sow-slider-foreground-image\" alt=\"\" style=\"\" \/>\t\t\t\t\t<\/div>\n\t\t\t\t\t\t\t\t\t<\/div>\n\t\t\t<\/div>\n\t\t\t\t\t<\/li>\n\t\t<\/ul>\t\t\t\t<ol class=\"sow-slider-pagination\">\n\t\t\t\t\t\t\t\t\t\t\t<li><a href=\"#\" data-goto=\"0\" aria-label=\"display slide 1\"><\/a><\/li>\n\t\t\t\t\t\t\t\t\t\t\t<li><a href=\"#\" data-goto=\"1\" aria-label=\"display slide 2\"><\/a><\/li>\n\t\t\t\t\t\t\t\t\t\t\t<li><a href=\"#\" data-goto=\"2\" aria-label=\"display slide 3\"><\/a><\/li>\n\t\t\t\t\t\t\t\t\t<\/ol>\n\n\t\t\t\t<div class=\"sow-slide-nav sow-slide-nav-next\">\n\t\t\t\t\t<a href=\"#\" data-goto=\"next\" aria-label=\"next slide\" data-action=\"next\">\n\t\t\t\t\t\t<em class=\"sow-sld-icon-thick-rounded-right\"><\/em>\n\t\t\t\t\t<\/a>\n\t\t\t\t<\/div>\n\n\t\t\t\t<div class=\"sow-slide-nav sow-slide-nav-prev\">\n\t\t\t\t\t<a href=\"#\" data-goto=\"previous\" aria-label=\"previous slide\" data-action=\"prev\">\n\t\t\t\t\t\t<em class=\"sow-sld-icon-thick-rounded-left\"><\/em>\n\t\t\t\t\t<\/a>\n\t\t\t\t<\/div>\n\t\t\t\t<\/div><\/div><\/div><\/div><\/div><div id=\"pg-967-1\"  class=\"panel-grid panel-no-style\" ><div id=\"pgc-967-1-0\"  class=\"panel-grid-cell\" ><div id=\"panel-967-1-0-0\" class=\"so-panel widget widget_sow-editor panel-first-child\" data-index=\"3\" ><div\n\t\t\t\n\t\t\tclass=\"so-widget-sow-editor so-widget-sow-editor-base\"\n\t\t\t\n\t\t>\n<div class=\"siteorigin-widget-tinymce textwidget\">\n\t<table style=\"height: 101px;\" border=\"0\" width=\"377\" cellspacing=\"0\">\n<colgroup width=\"98\"><\/colgroup>\n<colgroup width=\"81\"><\/colgroup>\n<colgroup width=\"76\"><\/colgroup>\n<colgroup width=\"79\"><\/colgroup>\n<colgroup width=\"106\"><\/colgroup>\n<tbody>\n<tr>\n<td align=\"center\" bgcolor=\"#00A0C0\" height=\"17\"><b><span style=\"color: #ffffff;\">Zp\u016fsob tisku<\/span><\/b><\/td>\n<td align=\"center\" bgcolor=\"#00A0C0\"><b><span style=\"color: #ffffff;\">Model<\/span><\/b><\/td>\n<td align=\"center\" bgcolor=\"#00A0C0\"><b><span style=\"color: #ffffff;\">Rozli\u0161en\u00ed<\/span><\/b><\/td>\n<td align=\"center\" bgcolor=\"#00A0C0\"><b><span style=\"color: #ffffff;\">\u0160\u00ed\u0159e tisku<\/span><\/b><\/td>\n<td align=\"center\" bgcolor=\"#00A0C0\"><b><span style=\"color: #ffffff;\">Rychlost tisku<\/span><\/b><\/td>\n<\/tr>\n<tr>\n<td align=\"center\" height=\"17\">TT\/TD<\/td>\n<td align=\"center\">TE200<\/td>\n<td align=\"center\">203 dpi<\/td>\n<td align=\"center\">108 mm<\/td>\n<td align=\"center\">152 mm\/s<\/td>\n<\/tr>\n<tr>\n<td align=\"center\" height=\"17\">TT\/TD<\/td>\n<td align=\"center\">TE300<\/td>\n<td align=\"center\">300 dpi<\/td>\n<td align=\"center\">106 mm<\/td>\n<td align=\"center\">127 mm\/s<\/td>\n<\/tr>\n<\/tbody>\n<\/table>\n<p>TT = tisk s p\u0159enosem barv\u00edc\u00ed TTR p\u00e1sky<br \/>\nTD = p\u0159\u00edm\u00fd tepeln\u00fd tisk<\/p>\n<\/div>\n<\/div><\/div><div id=\"panel-967-1-0-1\" class=\"so-panel widget widget_sow-editor panel-last-child\" data-index=\"4\" ><div\n\t\t\t\n\t\t\tclass=\"so-widget-sow-editor so-widget-sow-editor-base\"\n\t\t\t\n\t\t>\n<div class=\"siteorigin-widget-tinymce textwidget\">\n\t<p style=\"text-align: center;\"><strong>Pokud nem\u016f\u017eete n\u011bco naj\u00edt nebo m\u00e1te-li jak\u00e9koliv dotazy, tak\u00a0n\u00e1s nev\u00e1hejte pros\u00edm\u00a0<a href=\"http:\/\/www.neotec.cz\/idsys\/kontakty\/\">kontaktovat<\/a>.<\/strong><\/p>\n<\/div>\n<\/div><\/div><\/div><\/div><\/div>","protected":false},"excerpt":{"rendered":"<p>Nov\u00e1 generace cenov\u011b dostupn\u00fdch termo-transferov\u00fdch tisk\u00e1ren.\u00a0Znovuobjeven\u00ed vysok\u00e9 p\u0159idan\u00e9 hodnoty pro tisk cenov\u011b v\u00fdhodn\u00fdch etiket. Oba robustn\u00e9 modely TE2000 a TE300 jsou vybaveny dv\u011bmi siln\u00fdmi motory d\u00edky kter\u00fdm dok\u00e1\u017eou pracovat s barv\u00edc\u00ed TTR p\u00e1skami d\u00e9lky a\u017e 300 m a vn\u011bj\u0161\u00edm pr\u016fm\u011brem etiket a\u017e 127 mm. Zp\u016fsob tisku Model Rozli\u0161en\u00ed \u0160\u00ed\u0159e tisku Rychlost tisku TT\/TD TE200 203&hellip;<\/p>\n","protected":false},"author":1,"featured_media":0,"parent":425,"menu_order":0,"comment_status":"closed","ping_status":"closed","template":"","meta":{"footnotes":""},"class_list":["post-967","page","type-page","status-publish","hentry"],"_links":{"self":[{"href":"https:\/\/www.neotec.cz\/idsys\/wp-json\/wp\/v2\/pages\/967","targetHints":{"allow":["GET"]}}],"collection":[{"href":"https:\/\/www.neotec.cz\/idsys\/wp-json\/wp\/v2\/pages"}],"about":[{"href":"https:\/\/www.neotec.cz\/idsys\/wp-json\/wp\/v2\/types\/page"}],"author":[{"embeddable":true,"href":"https:\/\/www.neotec.cz\/idsys\/wp-json\/wp\/v2\/users\/1"}],"replies":[{"embeddable":true,"href":"https:\/\/www.neotec.cz\/idsys\/wp-json\/wp\/v2\/comments?post=967"}],"version-history":[{"count":24,"href":"https:\/\/www.neotec.cz\/idsys\/wp-json\/wp\/v2\/pages\/967\/revisions"}],"predecessor-version":[{"id":998,"href":"https:\/\/www.neotec.cz\/idsys\/wp-json\/wp\/v2\/pages\/967\/revisions\/998"}],"up":[{"embeddable":true,"href":"https:\/\/www.neotec.cz\/idsys\/wp-json\/wp\/v2\/pages\/425"}],"wp:attachment":[{"href":"https:\/\/www.neotec.cz\/idsys\/wp-json\/wp\/v2\/media?parent=967"}],"curies":[{"name":"wp","href":"https:\/\/api.w.org\/{rel}","templated":true}]}}