{"id":2705,"date":"2017-12-22T08:50:30","date_gmt":"2017-12-22T07:50:30","guid":{"rendered":"http:\/\/www.neotec.cz\/ikalab\/?page_id=2705"},"modified":"2017-12-22T09:51:49","modified_gmt":"2017-12-22T08:51:49","slug":"rctdigital","status":"publish","type":"page","link":"https:\/\/www.neotec.cz\/ikalab\/rctdigital\/","title":{"rendered":"RCT digital"},"content":{"rendered":"<div id=\"pl-2705\"  class=\"panel-layout\" ><div id=\"pg-2705-0\"  class=\"panel-grid panel-no-style\" ><div id=\"pgc-2705-0-0\"  class=\"panel-grid-cell\" ><div id=\"panel-2705-0-0-0\" class=\"so-panel widget widget_sow-editor panel-first-child panel-last-child\" data-index=\"0\" ><div\n\t\t\t\n\t\t\tclass=\"so-widget-sow-editor so-widget-sow-editor-base\"\n\t\t\t\n\t\t>\n<div class=\"siteorigin-widget-tinymce textwidget\">\n\t<h1>IKA Plate (RCT digital)<\/h1>\n<ul>\n<li>magnetick\u00e1 m\u00edcha\u010dka s oh\u0159evem<\/li>\n<li>do\u017eivotn\u00ed z\u00e1ruka<\/li>\n<\/ul>\n<p style=\"text-align: center;\"><img loading=\"lazy\" decoding=\"async\" class=\"aligncenter wp-image-2688 size-full\" src=\"http:\/\/www.neotec.cz\/ikalab\/wp-content\/uploads\/2017\/12\/rctdigital.png\" alt=\"\" width=\"600\" height=\"600\" srcset=\"https:\/\/www.neotec.cz\/ikalab\/wp-content\/uploads\/2017\/12\/rctdigital.png 600w, https:\/\/www.neotec.cz\/ikalab\/wp-content\/uploads\/2017\/12\/rctdigital-150x150.png 150w, https:\/\/www.neotec.cz\/ikalab\/wp-content\/uploads\/2017\/12\/rctdigital-300x300.png 300w\" sizes=\"auto, (max-width: 600px) 100vw, 600px\" \/>\n<table id=\"tablepress-36\" class=\"tablepress tablepress-id-36\">\n<thead>\n<tr class=\"row-1\">\n\t<th colspan=\"2\" class=\"column-1\">Technick\u00e1 data<\/th>\n<\/tr>\n<\/thead>\n<tbody class=\"row-striping row-hover\">\n<tr class=\"row-2\">\n\t<td class=\"column-1\">Rozsah nastaven\u00ed teploty<\/td><td class=\"column-2\">0\u00b0C - 310\u00b0C<\/td>\n<\/tr>\n<tr class=\"row-3\">\n\t<td class=\"column-1\">Pr\u016fm\u011br plot\u00fdnky<\/td><td class=\"column-2\">\u00d8135 mm<\/td>\n<\/tr>\n<tr class=\"row-4\">\n\t<td class=\"column-1\">Rozli\u0161en\u00ed nastaven\u00ed teploty plot\u00fdnky<\/td><td class=\"column-2\">1K<\/td>\n<\/tr>\n<tr class=\"row-5\">\n\t<td class=\"column-1\">Rozli\u0161en\u00ed nastaven\u00ed teploty media<\/td><td class=\"column-2\">1K<\/td>\n<\/tr>\n<tr class=\"row-6\">\n\t<td class=\"column-1\">P\u0159esnost nastaven\u00ed ot\u00e1\u010dek<\/td><td class=\"column-2\">10 ot\/min<\/td>\n<\/tr>\n<tr class=\"row-7\">\n\t<td class=\"column-1\">Min. nastaviteln\u00e1 bezpe\u010dn\u00e1 teplota<\/td><td class=\"column-2\">50\u00b0C<\/td>\n<\/tr>\n<tr class=\"row-8\">\n\t<td class=\"column-1\">Max. nastaviteln\u00e1 bezpe\u010dn\u00e1 teplota<\/td><td class=\"column-2\">370\u00b0C<\/td>\n<\/tr>\n<tr class=\"row-9\">\n\t<td class=\"column-1\">Min. dosa\u017eiteln\u00e1 teplota<\/td><td class=\"column-2\">teplota m\u00edstnosti + oh\u0159ev od za\u0159\u00edzen\u00ed<\/td>\n<\/tr>\n<tr class=\"row-10\">\n\t<td class=\"column-1\">Max. dosa\u017eiteln\u00e1 teplota<\/td><td class=\"column-2\">310\u00b0C<\/td>\n<\/tr>\n<tr class=\"row-11\">\n\t<td class=\"column-1\">Max. d\u00e9lka m\u00edchadla<\/td><td class=\"column-2\">80 mm<\/td>\n<\/tr>\n<tr class=\"row-12\">\n\t<td class=\"column-1\">Max. m\u00edchan\u00fd objem<\/td><td class=\"column-2\">20 l (H2O)<\/td>\n<\/tr>\n<tr class=\"row-13\">\n\t<td class=\"column-1\">V\u00fdkon motoru<\/td><td class=\"column-2\">9 W<\/td>\n<\/tr>\n<tr class=\"row-14\">\n\t<td class=\"column-1\">Min. ot\u00e1\u010dky<\/td><td class=\"column-2\">50 ot\/min<\/td>\n<\/tr>\n<tr class=\"row-15\">\n\t<td class=\"column-1\">Max. ot\u00e1\u010dky<\/td><td class=\"column-2\">1500 ot\/min<\/td>\n<\/tr>\n<tr class=\"row-16\">\n\t<td class=\"column-1\">V\u00fdkon topen\u00ed<\/td><td class=\"column-2\">600 W<\/td>\n<\/tr>\n<tr class=\"row-17\">\n\t<td class=\"column-1\">P\u0159esnost oh\u0159evu s extern\u00edm \u010didlem PT1000<\/td><td class=\"column-2\">0.5\u00b1K<br \/>\n(H2O 500ml, n\u00e1doba 600 ml, m\u00edchadlo 40mm, 600ot\/min, 50\u00b0C)<br \/>\n<\/td>\n<\/tr>\n<tr class=\"row-18\">\n\t<td class=\"column-1\">P\u0159esnost oh\u0159evu plotynky (p\u0159i 100\u00b0C)<\/td><td class=\"column-2\">5\u00b1K<\/td>\n<\/tr>\n<tr class=\"row-19\">\n\t<td class=\"column-1\">P\u0159esnost oh\u0159evu s ETS-D5<\/td><td class=\"column-2\">0.5\u00b1K<br \/>\n(H2O 500ml, n\u00e1doba 600 ml, m\u00edchadlo 40mm, 600ot\/min, 50\u00b0C)<br \/>\n<\/td>\n<\/tr>\n<tr class=\"row-20\">\n\t<td class=\"column-1\">P\u0159esnost oh\u0159evu s ETS-D6<\/td><td class=\"column-2\">0.2\u00b1K<br \/>\n(H2O 500ml, n\u00e1doba 600 ml, m\u00edchadlo 40mm, 600ot\/min, 50\u00b0C)<\/td>\n<\/tr>\n<tr class=\"row-21\">\n\t<td class=\"column-1\">Rozm\u011bry<\/td><td class=\"column-2\">160 x 270 x 85 mm<\/td>\n<\/tr>\n<tr class=\"row-22\">\n\t<td class=\"column-1\">Hmotnost<\/td><td class=\"column-2\">2,4 kg<\/td>\n<\/tr>\n<tr class=\"row-23\">\n\t<td class=\"column-1\">Nap\u00e1jen\u00ed<\/td><td class=\"column-2\">220 - 230 V \/ 50Hz<\/td>\n<\/tr>\n<tr class=\"row-24\">\n\t<td class=\"column-1\">P\u0159\u00edkon<\/td><td class=\"column-2\">650 W<\/td>\n<\/tr>\n<tr class=\"row-25\">\n\t<td class=\"column-1\">Stupe\u0148 kryt\u00ed<\/td><td class=\"column-2\">IP42<\/td>\n<\/tr>\n<tr class=\"row-26\">\n\t<td class=\"column-1\">Rozhran\u00ed<\/td><td class=\"column-2\">RS232, USB<\/td>\n<\/tr>\n<tr class=\"row-27\">\n\t<td class=\"column-1\">\u010casova\u010d<\/td><td class=\"column-2\">ano<\/td>\n<\/tr>\n<tr class=\"row-28\">\n\t<td class=\"column-1\">Materi\u00e1l plot\u00fdnky<\/td><td class=\"column-2\">Hlin\u00edkov\u00e1 slitina<\/td>\n<\/tr>\n<\/tbody>\n<\/table>\n<!-- #tablepress-36 from cache --><\/p>\n<\/div>\n<\/div><\/div><\/div><\/div><div id=\"pg-2705-1\"  class=\"panel-grid panel-no-style\" ><div id=\"pgc-2705-1-0\"  class=\"panel-grid-cell\" ><div id=\"panel-2705-1-0-0\" class=\"so-panel widget widget_sow-editor panel-first-child\" data-index=\"1\" ><div\n\t\t\t\n\t\t\tclass=\"so-widget-sow-editor so-widget-sow-editor-base\"\n\t\t\t\n\t\t><h3 class=\"widget-title\">Video<\/h3>\n<div class=\"siteorigin-widget-tinymce textwidget\">\n\t<iframe loading=\"lazy\"  style=\"display: block; margin: 0px auto;\"  id=\"_ytid_20910\"  width=\"720\" height=\"405\"  data-origwidth=\"720\" data-origheight=\"405\" src=\"https:\/\/www.youtube.com\/embed\/jgmdulZZBRQ?enablejsapi=1&autoplay=0&cc_load_policy=0&cc_lang_pref=&iv_load_policy=1&loop=0&modestbranding=0&rel=0&fs=1&playsinline=0&autohide=2&hl=cs_CZ&theme=dark&color=red&controls=1&\" class=\"__youtube_prefs__  no-lazyload\" title=\"YouTube player\"  allow=\"fullscreen; accelerometer; autoplay; clipboard-write; encrypted-media; gyroscope; picture-in-picture\" allowfullscreen data-no-lazy=\"1\" data-skipgform_ajax_framebjll=\"\"><\/iframe>\n<\/div>\n<\/div><\/div><div id=\"panel-2705-1-0-1\" class=\"so-panel widget widget_sow-editor panel-last-child\" data-index=\"2\" ><div\n\t\t\t\n\t\t\tclass=\"so-widget-sow-editor so-widget-sow-editor-base\"\n\t\t\t\n\t\t><h3 class=\"widget-title\">Ke sta\u017een\u00ed<\/h3>\n<div class=\"siteorigin-widget-tinymce textwidget\">\n\t<p><a href=\"http:\/\/www.neotec.cz\/ikalab\/wp-content\/uploads\/2017\/12\/Data_Sheet_IKA_Plate_RCT_digital.pdf\" target=\"_blank\" rel=\"\">Technick\u00fd list (EN)<\/a><a href=\"http:\/\/www.neotec.cz\/ikalab\/wp-content\/uploads\/2017\/12\/Data_Sheet_IKA_Plate_RCT_digital.pdf\" target=\"_blank\"><img loading=\"lazy\" decoding=\"async\" class=\"alignleft wp-image-1108 size-full\" src=\"http:\/\/www.neotec.cz\/zund\/wp-content\/uploads\/2016\/02\/picPDF.png\" alt=\"picPDF\" width=\"32\" height=\"32\" \/><\/a><\/p>\n<\/div>\n<\/div><\/div><\/div><\/div><div id=\"pg-2705-2\"  class=\"panel-grid panel-no-style\" ><div id=\"pgc-2705-2-0\"  class=\"panel-grid-cell\" ><div id=\"panel-2705-2-0-0\" class=\"so-panel widget widget_sow-editor panel-first-child panel-last-child\" data-index=\"3\" ><div\n\t\t\t\n\t\t\tclass=\"so-widget-sow-editor so-widget-sow-editor-base\"\n\t\t\t\n\t\t>\n<div class=\"siteorigin-widget-tinymce textwidget\">\n\t<hr \/>\n<p>Pot\u0159ebujete poradit, zjistit v\u00edce informac\u00ed \u010di zaslat cenovou nab\u00eddku, pak n\u00e1s nev\u00e1hejte <a href=\"http:\/\/www.neotec.cz\/ikalab\/kontakty\/\">kontaktovat<\/a>.<\/p>\n<\/div>\n<\/div><\/div><\/div><\/div><\/div>","protected":false},"excerpt":{"rendered":"<p>IKA Plate (RCT digital) magnetick\u00e1 m\u00edcha\u010dka s oh\u0159evem do\u017eivotn\u00ed z\u00e1ruka Technick\u00fd list (EN)<\/p>\n","protected":false},"author":1,"featured_media":0,"parent":0,"menu_order":0,"comment_status":"closed","ping_status":"closed","template":"templates\/template-full-notitle.php","meta":{"footnotes":""},"class_list":["post-2705","page","type-page","status-publish","hentry","post"],"yoast_head":"<!-- This site is optimized with the Yoast SEO plugin v24.2 - https:\/\/yoast.com\/wordpress\/plugins\/seo\/ -->\n<title>RCT digital - NEOTEC, spol. s r.o. - laboratorn\u00ed technika firmy IKA<\/title>\n<meta name=\"description\" content=\"NEOTEC - zam\u011b\u0159en\u00ed: V\u00fdhradn\u00ed zastoupen\u00ed firmy IKA pro \u010cR.\" \/>\n<meta name=\"robots\" content=\"index, follow, max-snippet:-1, max-image-preview:large, max-video-preview:-1\" \/>\n<link rel=\"canonical\" href=\"https:\/\/www.neotec.cz\/ikalab\/rctdigital\/\" \/>\n<meta property=\"og:locale\" content=\"cs_CZ\" \/>\n<meta property=\"og:type\" content=\"article\" \/>\n<meta property=\"og:title\" content=\"RCT digital - NEOTEC, spol. s r.o. - laboratorn\u00ed technika firmy IKA\" \/>\n<meta property=\"og:description\" content=\"NEOTEC - zam\u011b\u0159en\u00ed: V\u00fdhradn\u00ed zastoupen\u00ed firmy IKA pro \u010cR.\" \/>\n<meta property=\"og:url\" content=\"https:\/\/www.neotec.cz\/ikalab\/rctdigital\/\" \/>\n<meta property=\"og:site_name\" content=\"NEOTEC, spol. s r.o. - laboratorn\u00ed technika firmy IKA\" \/>\n<meta property=\"article:modified_time\" content=\"2017-12-22T08:51:49+00:00\" \/>\n<meta property=\"og:image\" content=\"http:\/\/www.neotec.cz\/ikalab\/wp-content\/uploads\/2017\/12\/rctdigital.png\" \/>\n<meta name=\"twitter:card\" content=\"summary_large_image\" \/>\n<script type=\"application\/ld+json\" class=\"yoast-schema-graph\">{\"@context\":\"https:\/\/schema.org\",\"@graph\":[{\"@type\":\"WebPage\",\"@id\":\"https:\/\/www.neotec.cz\/ikalab\/rctdigital\/\",\"url\":\"https:\/\/www.neotec.cz\/ikalab\/rctdigital\/\",\"name\":\"RCT digital - NEOTEC, spol. s r.o. - laboratorn\u00ed technika firmy IKA\",\"isPartOf\":{\"@id\":\"https:\/\/www.neotec.cz\/ikalab\/#website\"},\"primaryImageOfPage\":{\"@id\":\"https:\/\/www.neotec.cz\/ikalab\/rctdigital\/#primaryimage\"},\"image\":{\"@id\":\"https:\/\/www.neotec.cz\/ikalab\/rctdigital\/#primaryimage\"},\"thumbnailUrl\":\"http:\/\/www.neotec.cz\/ikalab\/wp-content\/uploads\/2017\/12\/rctdigital.png\",\"datePublished\":\"2017-12-22T07:50:30+00:00\",\"dateModified\":\"2017-12-22T08:51:49+00:00\",\"description\":\"NEOTEC - zam\u011b\u0159en\u00ed: V\u00fdhradn\u00ed zastoupen\u00ed firmy IKA pro \u010cR.\",\"breadcrumb\":{\"@id\":\"https:\/\/www.neotec.cz\/ikalab\/rctdigital\/#breadcrumb\"},\"inLanguage\":\"cs\",\"potentialAction\":[{\"@type\":\"ReadAction\",\"target\":[\"https:\/\/www.neotec.cz\/ikalab\/rctdigital\/\"]}]},{\"@type\":\"ImageObject\",\"inLanguage\":\"cs\",\"@id\":\"https:\/\/www.neotec.cz\/ikalab\/rctdigital\/#primaryimage\",\"url\":\"http:\/\/www.neotec.cz\/ikalab\/wp-content\/uploads\/2017\/12\/rctdigital.png\",\"contentUrl\":\"http:\/\/www.neotec.cz\/ikalab\/wp-content\/uploads\/2017\/12\/rctdigital.png\"},{\"@type\":\"BreadcrumbList\",\"@id\":\"https:\/\/www.neotec.cz\/ikalab\/rctdigital\/#breadcrumb\",\"itemListElement\":[{\"@type\":\"ListItem\",\"position\":1,\"name\":\"Dom\u016f\",\"item\":\"https:\/\/www.neotec.cz\/ikalab\/\"},{\"@type\":\"ListItem\",\"position\":2,\"name\":\"RCT digital\"}]},{\"@type\":\"WebSite\",\"@id\":\"https:\/\/www.neotec.cz\/ikalab\/#website\",\"url\":\"https:\/\/www.neotec.cz\/ikalab\/\",\"name\":\"NEOTEC, spol. s r.o. - laboratorn\u00ed technika firmy IKA\",\"description\":\"NEOTEC - v\u00fdhradn\u00ed zastoupen\u00ed firmy IKA pro \u010cR - procesn\u00ed technologie a laboratorn\u00ed technika.\",\"potentialAction\":[{\"@type\":\"SearchAction\",\"target\":{\"@type\":\"EntryPoint\",\"urlTemplate\":\"https:\/\/www.neotec.cz\/ikalab\/?s={search_term_string}\"},\"query-input\":{\"@type\":\"PropertyValueSpecification\",\"valueRequired\":true,\"valueName\":\"search_term_string\"}}],\"inLanguage\":\"cs\"}]}<\/script>\n<!-- \/ Yoast SEO plugin. -->","yoast_head_json":{"title":"RCT digital - NEOTEC, spol. s r.o. - laboratorn\u00ed technika firmy IKA","description":"NEOTEC - zam\u011b\u0159en\u00ed: V\u00fdhradn\u00ed zastoupen\u00ed firmy IKA pro \u010cR.","robots":{"index":"index","follow":"follow","max-snippet":"max-snippet:-1","max-image-preview":"max-image-preview:large","max-video-preview":"max-video-preview:-1"},"canonical":"https:\/\/www.neotec.cz\/ikalab\/rctdigital\/","og_locale":"cs_CZ","og_type":"article","og_title":"RCT digital - NEOTEC, spol. s r.o. - laboratorn\u00ed technika firmy IKA","og_description":"NEOTEC - zam\u011b\u0159en\u00ed: V\u00fdhradn\u00ed zastoupen\u00ed firmy IKA pro \u010cR.","og_url":"https:\/\/www.neotec.cz\/ikalab\/rctdigital\/","og_site_name":"NEOTEC, spol. s r.o. - laboratorn\u00ed technika firmy IKA","article_modified_time":"2017-12-22T08:51:49+00:00","og_image":[{"url":"http:\/\/www.neotec.cz\/ikalab\/wp-content\/uploads\/2017\/12\/rctdigital.png","type":"","width":"","height":""}],"twitter_card":"summary_large_image","schema":{"@context":"https:\/\/schema.org","@graph":[{"@type":"WebPage","@id":"https:\/\/www.neotec.cz\/ikalab\/rctdigital\/","url":"https:\/\/www.neotec.cz\/ikalab\/rctdigital\/","name":"RCT digital - NEOTEC, spol. s r.o. - laboratorn\u00ed technika firmy IKA","isPartOf":{"@id":"https:\/\/www.neotec.cz\/ikalab\/#website"},"primaryImageOfPage":{"@id":"https:\/\/www.neotec.cz\/ikalab\/rctdigital\/#primaryimage"},"image":{"@id":"https:\/\/www.neotec.cz\/ikalab\/rctdigital\/#primaryimage"},"thumbnailUrl":"http:\/\/www.neotec.cz\/ikalab\/wp-content\/uploads\/2017\/12\/rctdigital.png","datePublished":"2017-12-22T07:50:30+00:00","dateModified":"2017-12-22T08:51:49+00:00","description":"NEOTEC - zam\u011b\u0159en\u00ed: V\u00fdhradn\u00ed zastoupen\u00ed firmy IKA pro \u010cR.","breadcrumb":{"@id":"https:\/\/www.neotec.cz\/ikalab\/rctdigital\/#breadcrumb"},"inLanguage":"cs","potentialAction":[{"@type":"ReadAction","target":["https:\/\/www.neotec.cz\/ikalab\/rctdigital\/"]}]},{"@type":"ImageObject","inLanguage":"cs","@id":"https:\/\/www.neotec.cz\/ikalab\/rctdigital\/#primaryimage","url":"http:\/\/www.neotec.cz\/ikalab\/wp-content\/uploads\/2017\/12\/rctdigital.png","contentUrl":"http:\/\/www.neotec.cz\/ikalab\/wp-content\/uploads\/2017\/12\/rctdigital.png"},{"@type":"BreadcrumbList","@id":"https:\/\/www.neotec.cz\/ikalab\/rctdigital\/#breadcrumb","itemListElement":[{"@type":"ListItem","position":1,"name":"Dom\u016f","item":"https:\/\/www.neotec.cz\/ikalab\/"},{"@type":"ListItem","position":2,"name":"RCT digital"}]},{"@type":"WebSite","@id":"https:\/\/www.neotec.cz\/ikalab\/#website","url":"https:\/\/www.neotec.cz\/ikalab\/","name":"NEOTEC, spol. s r.o. - laboratorn\u00ed technika firmy IKA","description":"NEOTEC - v\u00fdhradn\u00ed zastoupen\u00ed firmy IKA pro \u010cR - procesn\u00ed technologie a laboratorn\u00ed technika.","potentialAction":[{"@type":"SearchAction","target":{"@type":"EntryPoint","urlTemplate":"https:\/\/www.neotec.cz\/ikalab\/?s={search_term_string}"},"query-input":{"@type":"PropertyValueSpecification","valueRequired":true,"valueName":"search_term_string"}}],"inLanguage":"cs"}]}},"_links":{"self":[{"href":"https:\/\/www.neotec.cz\/ikalab\/wp-json\/wp\/v2\/pages\/2705","targetHints":{"allow":["GET"]}}],"collection":[{"href":"https:\/\/www.neotec.cz\/ikalab\/wp-json\/wp\/v2\/pages"}],"about":[{"href":"https:\/\/www.neotec.cz\/ikalab\/wp-json\/wp\/v2\/types\/page"}],"author":[{"embeddable":true,"href":"https:\/\/www.neotec.cz\/ikalab\/wp-json\/wp\/v2\/users\/1"}],"replies":[{"embeddable":true,"href":"https:\/\/www.neotec.cz\/ikalab\/wp-json\/wp\/v2\/comments?post=2705"}],"version-history":[{"count":20,"href":"https:\/\/www.neotec.cz\/ikalab\/wp-json\/wp\/v2\/pages\/2705\/revisions"}],"predecessor-version":[{"id":2728,"href":"https:\/\/www.neotec.cz\/ikalab\/wp-json\/wp\/v2\/pages\/2705\/revisions\/2728"}],"wp:attachment":[{"href":"https:\/\/www.neotec.cz\/ikalab\/wp-json\/wp\/v2\/media?parent=2705"}],"curies":[{"name":"wp","href":"https:\/\/api.w.org\/{rel}","templated":true}]}}