{"id":3453,"date":"2018-01-11T14:58:12","date_gmt":"2018-01-11T13:58:12","guid":{"rendered":"http:\/\/www.neotec.cz\/ikalab\/?page_id=3453"},"modified":"2018-01-11T14:58:12","modified_gmt":"2018-01-11T13:58:12","slug":"vc10vacuumcontroller","status":"publish","type":"page","link":"https:\/\/www.neotec.cz\/ikalab\/vc10vacuumcontroller\/","title":{"rendered":"VC 10 vacuum controller"},"content":{"rendered":"<div id=\"pl-3453\"  class=\"panel-layout\" ><div id=\"pg-3453-0\"  class=\"panel-grid panel-no-style\" ><div id=\"pgc-3453-0-0\"  class=\"panel-grid-cell\" ><div id=\"panel-3453-0-0-0\" class=\"so-panel widget widget_sow-editor panel-first-child panel-last-child\" data-index=\"0\" ><div\n\t\t\t\n\t\t\tclass=\"so-widget-sow-editor so-widget-sow-editor-base\"\n\t\t\t\n\t\t>\n<div class=\"siteorigin-widget-tinymce textwidget\">\n\t<h1>IKA VC 10 Vacuum controller<\/h1>\n<ul>\n<li>Univerz\u00e1ln\u00ed \u0159\u00edd\u00edc\u00ed jednotka vakua pro dvoubodovou kalibraci v\u00edce zdroj\u016f vakua.<\/li>\n<\/ul>\n<p style=\"text-align: center;\"><img loading=\"lazy\" decoding=\"async\" class=\"aligncenter size-full wp-image-3455\" src=\"http:\/\/www.neotec.cz\/ikalab\/wp-content\/uploads\/2018\/01\/vc10vc.png\" alt=\"\" width=\"600\" height=\"600\" srcset=\"https:\/\/www.neotec.cz\/ikalab\/wp-content\/uploads\/2018\/01\/vc10vc.png 600w, https:\/\/www.neotec.cz\/ikalab\/wp-content\/uploads\/2018\/01\/vc10vc-150x150.png 150w, https:\/\/www.neotec.cz\/ikalab\/wp-content\/uploads\/2018\/01\/vc10vc-300x300.png 300w\" sizes=\"auto, (max-width: 600px) 100vw, 600px\" \/>\n<table id=\"tablepress-99\" class=\"tablepress tablepress-id-99\">\n<thead>\n<tr class=\"row-1\">\n\t<th colspan=\"2\" class=\"column-1\">Technick\u00e1 data<\/th>\n<\/tr>\n<\/thead>\n<tbody class=\"row-striping row-hover\">\n<tr class=\"row-2\">\n\t<td class=\"column-1\">Vstupn\u00ed tlak<\/td><td class=\"column-2\">1 - 1050 mbar<\/td>\n<\/tr>\n<tr class=\"row-3\">\n\t<td class=\"column-1\">Rozsah ovl\u00e1d\u00e1n\u00ed<\/td><td class=\"column-2\">1 - 1100 mbar<\/td>\n<\/tr>\n<tr class=\"row-4\">\n\t<td class=\"column-1\">Rozsah m\u011b\u0159en\u00ed<\/td><td class=\"column-2\">1 - 1100 mbar<\/td>\n<\/tr>\n<tr class=\"row-5\">\n\t<td class=\"column-1\">P\u0159esnost m\u011b\u0159en\u00ed <\/td><td class=\"column-2\">1 mbar<\/td>\n<\/tr>\n<tr class=\"row-6\">\n\t<td class=\"column-1\">Detekce bodu varu<\/td><td class=\"column-2\">ano<\/td>\n<\/tr>\n<tr class=\"row-7\">\n\t<td class=\"column-1\">Ovl\u00e1d\u00e1n\u00ed dvoustavov\u00e9<\/td><td class=\"column-2\">ano<\/td>\n<\/tr>\n<tr class=\"row-8\">\n\t<td class=\"column-1\">Ovl\u00e1d\u00e1n\u00ed analogov\u00e9<\/td><td class=\"column-2\">ano<\/td>\n<\/tr>\n<tr class=\"row-9\">\n\t<td class=\"column-1\">Rozm\u011bry<\/td><td class=\"column-2\">95 x 150 x 110 mm<\/td>\n<\/tr>\n<tr class=\"row-10\">\n\t<td class=\"column-1\">Hmotnost<\/td><td class=\"column-2\">1,5 kg<\/td>\n<\/tr>\n<tr class=\"row-11\">\n\t<td class=\"column-1\">Stupe\u0148 kryt\u00ed<\/td><td class=\"column-2\">IP20<\/td>\n<\/tr>\n<\/tbody>\n<\/table>\n<!-- #tablepress-99 from cache --><\/p>\n<\/div>\n<\/div><\/div><\/div><\/div><div id=\"pg-3453-1\"  class=\"panel-grid panel-no-style\" ><div id=\"pgc-3453-1-0\"  class=\"panel-grid-cell\" ><div id=\"panel-3453-1-0-0\" class=\"so-panel widget widget_sow-editor panel-first-child panel-last-child\" data-index=\"1\" ><div\n\t\t\t\n\t\t\tclass=\"so-widget-sow-editor so-widget-sow-editor-base\"\n\t\t\t\n\t\t><h3 class=\"widget-title\">Ke sta\u017een\u00ed<\/h3>\n<div class=\"siteorigin-widget-tinymce textwidget\">\n\t<p><a href=\"http:\/\/www.neotec.cz\/ikalab\/wp-content\/uploads\/2018\/01\/Data_Sheet_VC_10_Vacuum_controller.pdf\" target=\"_blank\" rel=\"\">Technick\u00fd list (EN)<\/a><a href=\"http:\/\/www.neotec.cz\/ikalab\/wp-content\/uploads\/2018\/01\/Data_Sheet_VC_10_Vacuum_controller.pdf\" target=\"_blank\"><img loading=\"lazy\" decoding=\"async\" class=\"alignleft wp-image-1108 size-full\" src=\"http:\/\/www.neotec.cz\/zund\/wp-content\/uploads\/2016\/02\/picPDF.png\" alt=\"picPDF\" width=\"32\" height=\"32\" \/><\/a><\/p>\n<\/div>\n<\/div><\/div><\/div><\/div><div id=\"pg-3453-2\"  class=\"panel-grid panel-no-style\" ><div id=\"pgc-3453-2-0\"  class=\"panel-grid-cell\" ><div id=\"panel-3453-2-0-0\" class=\"so-panel widget widget_sow-editor panel-first-child panel-last-child\" data-index=\"2\" ><div\n\t\t\t\n\t\t\tclass=\"so-widget-sow-editor so-widget-sow-editor-base\"\n\t\t\t\n\t\t>\n<div class=\"siteorigin-widget-tinymce textwidget\">\n\t<hr \/>\n<p>Pot\u0159ebujete poradit, zjistit v\u00edce informac\u00ed \u010di zaslat cenovou nab\u00eddku, pak n\u00e1s nev\u00e1hejte <a href=\"http:\/\/www.neotec.cz\/ikalab\/kontakty\/\">kontaktovat<\/a>.<\/p>\n<\/div>\n<\/div><\/div><\/div><\/div><\/div>","protected":false},"excerpt":{"rendered":"<p>IKA VC 10 Vacuum controller Univerz\u00e1ln\u00ed \u0159\u00edd\u00edc\u00ed jednotka vakua pro dvoubodovou kalibraci v\u00edce zdroj\u016f vakua. Technick\u00fd list (EN)<\/p>\n","protected":false},"author":1,"featured_media":0,"parent":0,"menu_order":0,"comment_status":"closed","ping_status":"closed","template":"templates\/template-full-notitle.php","meta":{"footnotes":""},"class_list":["post-3453","page","type-page","status-publish","hentry","post"],"yoast_head":"<!-- This site is optimized with the Yoast SEO plugin v24.2 - https:\/\/yoast.com\/wordpress\/plugins\/seo\/ -->\n<title>VC 10 vacuum controller - NEOTEC, spol. s r.o. - laboratorn\u00ed technika firmy IKA<\/title>\n<meta name=\"description\" content=\"NEOTEC - zam\u011b\u0159en\u00ed: V\u00fdhradn\u00ed zastoupen\u00ed firmy IKA pro \u010cR.\" \/>\n<meta name=\"robots\" content=\"index, follow, max-snippet:-1, max-image-preview:large, max-video-preview:-1\" \/>\n<link rel=\"canonical\" href=\"https:\/\/www.neotec.cz\/ikalab\/vc10vacuumcontroller\/\" \/>\n<meta property=\"og:locale\" content=\"cs_CZ\" \/>\n<meta property=\"og:type\" content=\"article\" \/>\n<meta property=\"og:title\" content=\"VC 10 vacuum controller - NEOTEC, spol. s r.o. - laboratorn\u00ed technika firmy IKA\" \/>\n<meta property=\"og:description\" content=\"NEOTEC - zam\u011b\u0159en\u00ed: V\u00fdhradn\u00ed zastoupen\u00ed firmy IKA pro \u010cR.\" \/>\n<meta property=\"og:url\" content=\"https:\/\/www.neotec.cz\/ikalab\/vc10vacuumcontroller\/\" \/>\n<meta property=\"og:site_name\" content=\"NEOTEC, spol. s r.o. - laboratorn\u00ed technika firmy IKA\" \/>\n<meta property=\"og:image\" content=\"http:\/\/www.neotec.cz\/ikalab\/wp-content\/uploads\/2018\/01\/vc10vc.png\" \/>\n<meta name=\"twitter:card\" content=\"summary_large_image\" \/>\n<script type=\"application\/ld+json\" class=\"yoast-schema-graph\">{\"@context\":\"https:\/\/schema.org\",\"@graph\":[{\"@type\":\"WebPage\",\"@id\":\"https:\/\/www.neotec.cz\/ikalab\/vc10vacuumcontroller\/\",\"url\":\"https:\/\/www.neotec.cz\/ikalab\/vc10vacuumcontroller\/\",\"name\":\"VC 10 vacuum controller - NEOTEC, spol. s r.o. - laboratorn\u00ed technika firmy IKA\",\"isPartOf\":{\"@id\":\"https:\/\/www.neotec.cz\/ikalab\/#website\"},\"primaryImageOfPage\":{\"@id\":\"https:\/\/www.neotec.cz\/ikalab\/vc10vacuumcontroller\/#primaryimage\"},\"image\":{\"@id\":\"https:\/\/www.neotec.cz\/ikalab\/vc10vacuumcontroller\/#primaryimage\"},\"thumbnailUrl\":\"http:\/\/www.neotec.cz\/ikalab\/wp-content\/uploads\/2018\/01\/vc10vc.png\",\"datePublished\":\"2018-01-11T13:58:12+00:00\",\"dateModified\":\"2018-01-11T13:58:12+00:00\",\"description\":\"NEOTEC - zam\u011b\u0159en\u00ed: V\u00fdhradn\u00ed zastoupen\u00ed firmy IKA pro \u010cR.\",\"breadcrumb\":{\"@id\":\"https:\/\/www.neotec.cz\/ikalab\/vc10vacuumcontroller\/#breadcrumb\"},\"inLanguage\":\"cs\",\"potentialAction\":[{\"@type\":\"ReadAction\",\"target\":[\"https:\/\/www.neotec.cz\/ikalab\/vc10vacuumcontroller\/\"]}]},{\"@type\":\"ImageObject\",\"inLanguage\":\"cs\",\"@id\":\"https:\/\/www.neotec.cz\/ikalab\/vc10vacuumcontroller\/#primaryimage\",\"url\":\"http:\/\/www.neotec.cz\/ikalab\/wp-content\/uploads\/2018\/01\/vc10vc.png\",\"contentUrl\":\"http:\/\/www.neotec.cz\/ikalab\/wp-content\/uploads\/2018\/01\/vc10vc.png\"},{\"@type\":\"BreadcrumbList\",\"@id\":\"https:\/\/www.neotec.cz\/ikalab\/vc10vacuumcontroller\/#breadcrumb\",\"itemListElement\":[{\"@type\":\"ListItem\",\"position\":1,\"name\":\"Dom\u016f\",\"item\":\"https:\/\/www.neotec.cz\/ikalab\/\"},{\"@type\":\"ListItem\",\"position\":2,\"name\":\"VC 10 vacuum controller\"}]},{\"@type\":\"WebSite\",\"@id\":\"https:\/\/www.neotec.cz\/ikalab\/#website\",\"url\":\"https:\/\/www.neotec.cz\/ikalab\/\",\"name\":\"NEOTEC, spol. s r.o. - laboratorn\u00ed technika firmy IKA\",\"description\":\"NEOTEC - v\u00fdhradn\u00ed zastoupen\u00ed firmy IKA pro \u010cR - procesn\u00ed technologie a laboratorn\u00ed technika.\",\"potentialAction\":[{\"@type\":\"SearchAction\",\"target\":{\"@type\":\"EntryPoint\",\"urlTemplate\":\"https:\/\/www.neotec.cz\/ikalab\/?s={search_term_string}\"},\"query-input\":{\"@type\":\"PropertyValueSpecification\",\"valueRequired\":true,\"valueName\":\"search_term_string\"}}],\"inLanguage\":\"cs\"}]}<\/script>\n<!-- \/ Yoast SEO plugin. -->","yoast_head_json":{"title":"VC 10 vacuum controller - NEOTEC, spol. s r.o. - laboratorn\u00ed technika firmy IKA","description":"NEOTEC - zam\u011b\u0159en\u00ed: V\u00fdhradn\u00ed zastoupen\u00ed firmy IKA pro \u010cR.","robots":{"index":"index","follow":"follow","max-snippet":"max-snippet:-1","max-image-preview":"max-image-preview:large","max-video-preview":"max-video-preview:-1"},"canonical":"https:\/\/www.neotec.cz\/ikalab\/vc10vacuumcontroller\/","og_locale":"cs_CZ","og_type":"article","og_title":"VC 10 vacuum controller - NEOTEC, spol. s r.o. - laboratorn\u00ed technika firmy IKA","og_description":"NEOTEC - zam\u011b\u0159en\u00ed: V\u00fdhradn\u00ed zastoupen\u00ed firmy IKA pro \u010cR.","og_url":"https:\/\/www.neotec.cz\/ikalab\/vc10vacuumcontroller\/","og_site_name":"NEOTEC, spol. s r.o. - laboratorn\u00ed technika firmy IKA","og_image":[{"url":"http:\/\/www.neotec.cz\/ikalab\/wp-content\/uploads\/2018\/01\/vc10vc.png","type":"","width":"","height":""}],"twitter_card":"summary_large_image","schema":{"@context":"https:\/\/schema.org","@graph":[{"@type":"WebPage","@id":"https:\/\/www.neotec.cz\/ikalab\/vc10vacuumcontroller\/","url":"https:\/\/www.neotec.cz\/ikalab\/vc10vacuumcontroller\/","name":"VC 10 vacuum controller - NEOTEC, spol. s r.o. - laboratorn\u00ed technika firmy IKA","isPartOf":{"@id":"https:\/\/www.neotec.cz\/ikalab\/#website"},"primaryImageOfPage":{"@id":"https:\/\/www.neotec.cz\/ikalab\/vc10vacuumcontroller\/#primaryimage"},"image":{"@id":"https:\/\/www.neotec.cz\/ikalab\/vc10vacuumcontroller\/#primaryimage"},"thumbnailUrl":"http:\/\/www.neotec.cz\/ikalab\/wp-content\/uploads\/2018\/01\/vc10vc.png","datePublished":"2018-01-11T13:58:12+00:00","dateModified":"2018-01-11T13:58:12+00:00","description":"NEOTEC - zam\u011b\u0159en\u00ed: V\u00fdhradn\u00ed zastoupen\u00ed firmy IKA pro \u010cR.","breadcrumb":{"@id":"https:\/\/www.neotec.cz\/ikalab\/vc10vacuumcontroller\/#breadcrumb"},"inLanguage":"cs","potentialAction":[{"@type":"ReadAction","target":["https:\/\/www.neotec.cz\/ikalab\/vc10vacuumcontroller\/"]}]},{"@type":"ImageObject","inLanguage":"cs","@id":"https:\/\/www.neotec.cz\/ikalab\/vc10vacuumcontroller\/#primaryimage","url":"http:\/\/www.neotec.cz\/ikalab\/wp-content\/uploads\/2018\/01\/vc10vc.png","contentUrl":"http:\/\/www.neotec.cz\/ikalab\/wp-content\/uploads\/2018\/01\/vc10vc.png"},{"@type":"BreadcrumbList","@id":"https:\/\/www.neotec.cz\/ikalab\/vc10vacuumcontroller\/#breadcrumb","itemListElement":[{"@type":"ListItem","position":1,"name":"Dom\u016f","item":"https:\/\/www.neotec.cz\/ikalab\/"},{"@type":"ListItem","position":2,"name":"VC 10 vacuum controller"}]},{"@type":"WebSite","@id":"https:\/\/www.neotec.cz\/ikalab\/#website","url":"https:\/\/www.neotec.cz\/ikalab\/","name":"NEOTEC, spol. s r.o. - laboratorn\u00ed technika firmy IKA","description":"NEOTEC - v\u00fdhradn\u00ed zastoupen\u00ed firmy IKA pro \u010cR - procesn\u00ed technologie a laboratorn\u00ed technika.","potentialAction":[{"@type":"SearchAction","target":{"@type":"EntryPoint","urlTemplate":"https:\/\/www.neotec.cz\/ikalab\/?s={search_term_string}"},"query-input":{"@type":"PropertyValueSpecification","valueRequired":true,"valueName":"search_term_string"}}],"inLanguage":"cs"}]}},"_links":{"self":[{"href":"https:\/\/www.neotec.cz\/ikalab\/wp-json\/wp\/v2\/pages\/3453","targetHints":{"allow":["GET"]}}],"collection":[{"href":"https:\/\/www.neotec.cz\/ikalab\/wp-json\/wp\/v2\/pages"}],"about":[{"href":"https:\/\/www.neotec.cz\/ikalab\/wp-json\/wp\/v2\/types\/page"}],"author":[{"embeddable":true,"href":"https:\/\/www.neotec.cz\/ikalab\/wp-json\/wp\/v2\/users\/1"}],"replies":[{"embeddable":true,"href":"https:\/\/www.neotec.cz\/ikalab\/wp-json\/wp\/v2\/comments?post=3453"}],"version-history":[{"count":2,"href":"https:\/\/www.neotec.cz\/ikalab\/wp-json\/wp\/v2\/pages\/3453\/revisions"}],"predecessor-version":[{"id":3457,"href":"https:\/\/www.neotec.cz\/ikalab\/wp-json\/wp\/v2\/pages\/3453\/revisions\/3457"}],"wp:attachment":[{"href":"https:\/\/www.neotec.cz\/ikalab\/wp-json\/wp\/v2\/media?parent=3453"}],"curies":[{"name":"wp","href":"https:\/\/api.w.org\/{rel}","templated":true}]}}