{"id":3821,"date":"2018-01-15T15:01:52","date_gmt":"2018-01-15T14:01:52","guid":{"rendered":"http:\/\/www.neotec.cz\/ikalab\/?page_id=3821"},"modified":"2018-01-15T15:01:53","modified_gmt":"2018-01-15T14:01:53","slug":"rocker2dbasic","status":"publish","type":"page","link":"https:\/\/www.neotec.cz\/ikalab\/rocker2dbasic\/","title":{"rendered":"ROCKER 2D basic"},"content":{"rendered":"<div id=\"pl-3821\"  class=\"panel-layout\" ><div id=\"pg-3821-0\"  class=\"panel-grid panel-no-style\" ><div id=\"pgc-3821-0-0\"  class=\"panel-grid-cell\" ><div id=\"panel-3821-0-0-0\" class=\"so-panel widget widget_sow-editor panel-first-child panel-last-child\" data-index=\"0\" ><div\n\t\t\t\n\t\t\tclass=\"so-widget-sow-editor so-widget-sow-editor-base\"\n\t\t\t\n\t\t>\n<div class=\"siteorigin-widget-tinymce textwidget\">\n\t<h1>IKA ROCKER 2D basic<\/h1>\n<ul>\n<li>t\u0159epa\u010dka<\/li>\n<\/ul>\n<p style=\"text-align: center;\"><img loading=\"lazy\" decoding=\"async\" class=\"aligncenter size-full wp-image-3730\" src=\"http:\/\/www.neotec.cz\/ikalab\/wp-content\/uploads\/2018\/01\/rocker2db.png\" alt=\"\" width=\"600\" height=\"600\" srcset=\"https:\/\/www.neotec.cz\/ikalab\/wp-content\/uploads\/2018\/01\/rocker2db.png 600w, https:\/\/www.neotec.cz\/ikalab\/wp-content\/uploads\/2018\/01\/rocker2db-150x150.png 150w, https:\/\/www.neotec.cz\/ikalab\/wp-content\/uploads\/2018\/01\/rocker2db-300x300.png 300w\" sizes=\"auto, (max-width: 600px) 100vw, 600px\" \/>\n<table id=\"tablepress-124\" class=\"tablepress tablepress-id-124\">\n<thead>\n<tr class=\"row-1\">\n\t<th colspan=\"2\" class=\"column-1\">Technick\u00e1 data<\/th>\n<\/tr>\n<\/thead>\n<tbody class=\"row-striping row-hover\">\n<tr class=\"row-2\">\n\t<td class=\"column-1\">Min. ot\u00e1\u010dky <\/td><td class=\"column-2\">0 ot\/min<\/td>\n<\/tr>\n<tr class=\"row-3\">\n\t<td class=\"column-1\">Max. ot\u00e1\u010dky <\/td><td class=\"column-2\">80 ot\/min<\/td>\n<\/tr>\n<tr class=\"row-4\">\n\t<td class=\"column-1\">Max. t\u0159epan\u00e1 hmotnost<\/td><td class=\"column-2\">2 kg<\/td>\n<\/tr>\n<tr class=\"row-5\">\n\t<td class=\"column-1\">Trajektorie pohybu<\/td><td class=\"column-2\">houp\u00e1n\u00ed \/ 8\u00b0<\/td>\n<\/tr>\n<tr class=\"row-6\">\n\t<td class=\"column-1\">Re\u017eim spu\u0161t\u011bn\u00ed<\/td><td class=\"column-2\">kontinu\u00e1ln\u00ed<\/td>\n<\/tr>\n<tr class=\"row-7\">\n\t<td class=\"column-1\">Rozm\u011bry<\/td><td class=\"column-2\">280 x 150 x 330 mm<\/td>\n<\/tr>\n<tr class=\"row-8\">\n\t<td class=\"column-1\">Hmotnost<\/td><td class=\"column-2\">2,2 kg<\/td>\n<\/tr>\n<tr class=\"row-9\">\n\t<td class=\"column-1\">Nap\u00e1jen\u00ed<\/td><td class=\"column-2\">220 - 230 V \/ 50Hz<\/td>\n<\/tr>\n<tr class=\"row-10\">\n\t<td class=\"column-1\">P\u0159\u00edkon<\/td><td class=\"column-2\">24 W<\/td>\n<\/tr>\n<tr class=\"row-11\">\n\t<td class=\"column-1\">Stupe\u0148 kryt\u00ed<\/td><td class=\"column-2\">IP21<\/td>\n<\/tr>\n<\/tbody>\n<\/table>\n<!-- #tablepress-124 from cache --><\/p>\n<\/div>\n<\/div><\/div><\/div><\/div><div id=\"pg-3821-1\"  class=\"panel-grid panel-no-style\" ><div id=\"pgc-3821-1-0\"  class=\"panel-grid-cell\" ><div id=\"panel-3821-1-0-0\" class=\"so-panel widget widget_sow-editor panel-first-child panel-last-child\" data-index=\"1\" ><div\n\t\t\t\n\t\t\tclass=\"so-widget-sow-editor so-widget-sow-editor-base\"\n\t\t\t\n\t\t><h3 class=\"widget-title\">Ke sta\u017een\u00ed<\/h3>\n<div class=\"siteorigin-widget-tinymce textwidget\">\n\t<p><a href=\"http:\/\/www.neotec.cz\/ikalab\/wp-content\/uploads\/2018\/01\/Data_Sheet_ROCKER_2D_basic.pdf\" target=\"_blank\" rel=\"\">Technick\u00fd list (EN)<\/a><a href=\"http:\/\/www.neotec.cz\/ikalab\/wp-content\/uploads\/2018\/01\/Data_Sheet_ROCKER_2D_basic.pdf\" target=\"_blank\"><img loading=\"lazy\" decoding=\"async\" class=\"alignleft wp-image-1108 size-full\" src=\"http:\/\/www.neotec.cz\/zund\/wp-content\/uploads\/2016\/02\/picPDF.png\" alt=\"picPDF\" width=\"32\" height=\"32\" \/><\/a><\/p>\n<\/div>\n<\/div><\/div><\/div><\/div><div id=\"pg-3821-2\"  class=\"panel-grid panel-no-style\" ><div id=\"pgc-3821-2-0\"  class=\"panel-grid-cell\" ><div id=\"panel-3821-2-0-0\" class=\"so-panel widget widget_sow-editor panel-first-child panel-last-child\" data-index=\"2\" ><div\n\t\t\t\n\t\t\tclass=\"so-widget-sow-editor so-widget-sow-editor-base\"\n\t\t\t\n\t\t>\n<div class=\"siteorigin-widget-tinymce textwidget\">\n\t<hr \/>\n<p>Pot\u0159ebujete poradit, zjistit v\u00edce informac\u00ed \u010di zaslat cenovou nab\u00eddku, pak n\u00e1s nev\u00e1hejte <a href=\"http:\/\/www.neotec.cz\/ikalab\/kontakty\/\">kontaktovat<\/a>.<\/p>\n<\/div>\n<\/div><\/div><\/div><\/div><\/div>","protected":false},"excerpt":{"rendered":"<p>IKA ROCKER 2D basic t\u0159epa\u010dka Technick\u00fd list (EN)<\/p>\n","protected":false},"author":1,"featured_media":0,"parent":0,"menu_order":0,"comment_status":"closed","ping_status":"closed","template":"templates\/template-full-notitle.php","meta":{"footnotes":""},"class_list":["post-3821","page","type-page","status-publish","hentry","post"],"yoast_head":"<!-- This site is optimized with the Yoast SEO plugin v24.2 - https:\/\/yoast.com\/wordpress\/plugins\/seo\/ -->\n<title>ROCKER 2D basic - NEOTEC, spol. s r.o. - laboratorn\u00ed technika firmy IKA<\/title>\n<meta name=\"description\" content=\"NEOTEC - zam\u011b\u0159en\u00ed: V\u00fdhradn\u00ed zastoupen\u00ed firmy IKA pro \u010cR.\" \/>\n<meta name=\"robots\" content=\"index, follow, max-snippet:-1, max-image-preview:large, max-video-preview:-1\" \/>\n<link rel=\"canonical\" href=\"https:\/\/www.neotec.cz\/ikalab\/rocker2dbasic\/\" \/>\n<meta property=\"og:locale\" content=\"cs_CZ\" \/>\n<meta property=\"og:type\" content=\"article\" \/>\n<meta property=\"og:title\" content=\"ROCKER 2D basic - NEOTEC, spol. s r.o. - laboratorn\u00ed technika firmy IKA\" \/>\n<meta property=\"og:description\" content=\"NEOTEC - zam\u011b\u0159en\u00ed: V\u00fdhradn\u00ed zastoupen\u00ed firmy IKA pro \u010cR.\" \/>\n<meta property=\"og:url\" content=\"https:\/\/www.neotec.cz\/ikalab\/rocker2dbasic\/\" \/>\n<meta property=\"og:site_name\" content=\"NEOTEC, spol. s r.o. - laboratorn\u00ed technika firmy IKA\" \/>\n<meta property=\"article:modified_time\" content=\"2018-01-15T14:01:53+00:00\" \/>\n<meta property=\"og:image\" content=\"http:\/\/www.neotec.cz\/ikalab\/wp-content\/uploads\/2018\/01\/rocker2db.png\" \/>\n<meta name=\"twitter:card\" content=\"summary_large_image\" \/>\n<script type=\"application\/ld+json\" class=\"yoast-schema-graph\">{\"@context\":\"https:\/\/schema.org\",\"@graph\":[{\"@type\":\"WebPage\",\"@id\":\"https:\/\/www.neotec.cz\/ikalab\/rocker2dbasic\/\",\"url\":\"https:\/\/www.neotec.cz\/ikalab\/rocker2dbasic\/\",\"name\":\"ROCKER 2D basic - NEOTEC, spol. s r.o. - laboratorn\u00ed technika firmy IKA\",\"isPartOf\":{\"@id\":\"https:\/\/www.neotec.cz\/ikalab\/#website\"},\"primaryImageOfPage\":{\"@id\":\"https:\/\/www.neotec.cz\/ikalab\/rocker2dbasic\/#primaryimage\"},\"image\":{\"@id\":\"https:\/\/www.neotec.cz\/ikalab\/rocker2dbasic\/#primaryimage\"},\"thumbnailUrl\":\"http:\/\/www.neotec.cz\/ikalab\/wp-content\/uploads\/2018\/01\/rocker2db.png\",\"datePublished\":\"2018-01-15T14:01:52+00:00\",\"dateModified\":\"2018-01-15T14:01:53+00:00\",\"description\":\"NEOTEC - zam\u011b\u0159en\u00ed: V\u00fdhradn\u00ed zastoupen\u00ed firmy IKA pro \u010cR.\",\"breadcrumb\":{\"@id\":\"https:\/\/www.neotec.cz\/ikalab\/rocker2dbasic\/#breadcrumb\"},\"inLanguage\":\"cs\",\"potentialAction\":[{\"@type\":\"ReadAction\",\"target\":[\"https:\/\/www.neotec.cz\/ikalab\/rocker2dbasic\/\"]}]},{\"@type\":\"ImageObject\",\"inLanguage\":\"cs\",\"@id\":\"https:\/\/www.neotec.cz\/ikalab\/rocker2dbasic\/#primaryimage\",\"url\":\"http:\/\/www.neotec.cz\/ikalab\/wp-content\/uploads\/2018\/01\/rocker2db.png\",\"contentUrl\":\"http:\/\/www.neotec.cz\/ikalab\/wp-content\/uploads\/2018\/01\/rocker2db.png\"},{\"@type\":\"BreadcrumbList\",\"@id\":\"https:\/\/www.neotec.cz\/ikalab\/rocker2dbasic\/#breadcrumb\",\"itemListElement\":[{\"@type\":\"ListItem\",\"position\":1,\"name\":\"Dom\u016f\",\"item\":\"https:\/\/www.neotec.cz\/ikalab\/\"},{\"@type\":\"ListItem\",\"position\":2,\"name\":\"ROCKER 2D basic\"}]},{\"@type\":\"WebSite\",\"@id\":\"https:\/\/www.neotec.cz\/ikalab\/#website\",\"url\":\"https:\/\/www.neotec.cz\/ikalab\/\",\"name\":\"NEOTEC, spol. s r.o. - laboratorn\u00ed technika firmy IKA\",\"description\":\"NEOTEC - v\u00fdhradn\u00ed zastoupen\u00ed firmy IKA pro \u010cR - procesn\u00ed technologie a laboratorn\u00ed technika.\",\"potentialAction\":[{\"@type\":\"SearchAction\",\"target\":{\"@type\":\"EntryPoint\",\"urlTemplate\":\"https:\/\/www.neotec.cz\/ikalab\/?s={search_term_string}\"},\"query-input\":{\"@type\":\"PropertyValueSpecification\",\"valueRequired\":true,\"valueName\":\"search_term_string\"}}],\"inLanguage\":\"cs\"}]}<\/script>\n<!-- \/ Yoast SEO plugin. -->","yoast_head_json":{"title":"ROCKER 2D basic - NEOTEC, spol. s r.o. - laboratorn\u00ed technika firmy IKA","description":"NEOTEC - zam\u011b\u0159en\u00ed: V\u00fdhradn\u00ed zastoupen\u00ed firmy IKA pro \u010cR.","robots":{"index":"index","follow":"follow","max-snippet":"max-snippet:-1","max-image-preview":"max-image-preview:large","max-video-preview":"max-video-preview:-1"},"canonical":"https:\/\/www.neotec.cz\/ikalab\/rocker2dbasic\/","og_locale":"cs_CZ","og_type":"article","og_title":"ROCKER 2D basic - NEOTEC, spol. s r.o. - laboratorn\u00ed technika firmy IKA","og_description":"NEOTEC - zam\u011b\u0159en\u00ed: V\u00fdhradn\u00ed zastoupen\u00ed firmy IKA pro \u010cR.","og_url":"https:\/\/www.neotec.cz\/ikalab\/rocker2dbasic\/","og_site_name":"NEOTEC, spol. s r.o. - laboratorn\u00ed technika firmy IKA","article_modified_time":"2018-01-15T14:01:53+00:00","og_image":[{"url":"http:\/\/www.neotec.cz\/ikalab\/wp-content\/uploads\/2018\/01\/rocker2db.png","type":"","width":"","height":""}],"twitter_card":"summary_large_image","schema":{"@context":"https:\/\/schema.org","@graph":[{"@type":"WebPage","@id":"https:\/\/www.neotec.cz\/ikalab\/rocker2dbasic\/","url":"https:\/\/www.neotec.cz\/ikalab\/rocker2dbasic\/","name":"ROCKER 2D basic - NEOTEC, spol. s r.o. - laboratorn\u00ed technika firmy IKA","isPartOf":{"@id":"https:\/\/www.neotec.cz\/ikalab\/#website"},"primaryImageOfPage":{"@id":"https:\/\/www.neotec.cz\/ikalab\/rocker2dbasic\/#primaryimage"},"image":{"@id":"https:\/\/www.neotec.cz\/ikalab\/rocker2dbasic\/#primaryimage"},"thumbnailUrl":"http:\/\/www.neotec.cz\/ikalab\/wp-content\/uploads\/2018\/01\/rocker2db.png","datePublished":"2018-01-15T14:01:52+00:00","dateModified":"2018-01-15T14:01:53+00:00","description":"NEOTEC - zam\u011b\u0159en\u00ed: V\u00fdhradn\u00ed zastoupen\u00ed firmy IKA pro \u010cR.","breadcrumb":{"@id":"https:\/\/www.neotec.cz\/ikalab\/rocker2dbasic\/#breadcrumb"},"inLanguage":"cs","potentialAction":[{"@type":"ReadAction","target":["https:\/\/www.neotec.cz\/ikalab\/rocker2dbasic\/"]}]},{"@type":"ImageObject","inLanguage":"cs","@id":"https:\/\/www.neotec.cz\/ikalab\/rocker2dbasic\/#primaryimage","url":"http:\/\/www.neotec.cz\/ikalab\/wp-content\/uploads\/2018\/01\/rocker2db.png","contentUrl":"http:\/\/www.neotec.cz\/ikalab\/wp-content\/uploads\/2018\/01\/rocker2db.png"},{"@type":"BreadcrumbList","@id":"https:\/\/www.neotec.cz\/ikalab\/rocker2dbasic\/#breadcrumb","itemListElement":[{"@type":"ListItem","position":1,"name":"Dom\u016f","item":"https:\/\/www.neotec.cz\/ikalab\/"},{"@type":"ListItem","position":2,"name":"ROCKER 2D basic"}]},{"@type":"WebSite","@id":"https:\/\/www.neotec.cz\/ikalab\/#website","url":"https:\/\/www.neotec.cz\/ikalab\/","name":"NEOTEC, spol. s r.o. - laboratorn\u00ed technika firmy IKA","description":"NEOTEC - v\u00fdhradn\u00ed zastoupen\u00ed firmy IKA pro \u010cR - procesn\u00ed technologie a laboratorn\u00ed technika.","potentialAction":[{"@type":"SearchAction","target":{"@type":"EntryPoint","urlTemplate":"https:\/\/www.neotec.cz\/ikalab\/?s={search_term_string}"},"query-input":{"@type":"PropertyValueSpecification","valueRequired":true,"valueName":"search_term_string"}}],"inLanguage":"cs"}]}},"_links":{"self":[{"href":"https:\/\/www.neotec.cz\/ikalab\/wp-json\/wp\/v2\/pages\/3821","targetHints":{"allow":["GET"]}}],"collection":[{"href":"https:\/\/www.neotec.cz\/ikalab\/wp-json\/wp\/v2\/pages"}],"about":[{"href":"https:\/\/www.neotec.cz\/ikalab\/wp-json\/wp\/v2\/types\/page"}],"author":[{"embeddable":true,"href":"https:\/\/www.neotec.cz\/ikalab\/wp-json\/wp\/v2\/users\/1"}],"replies":[{"embeddable":true,"href":"https:\/\/www.neotec.cz\/ikalab\/wp-json\/wp\/v2\/comments?post=3821"}],"version-history":[{"count":2,"href":"https:\/\/www.neotec.cz\/ikalab\/wp-json\/wp\/v2\/pages\/3821\/revisions"}],"predecessor-version":[{"id":3823,"href":"https:\/\/www.neotec.cz\/ikalab\/wp-json\/wp\/v2\/pages\/3821\/revisions\/3823"}],"wp:attachment":[{"href":"https:\/\/www.neotec.cz\/ikalab\/wp-json\/wp\/v2\/media?parent=3821"}],"curies":[{"name":"wp","href":"https:\/\/api.w.org\/{rel}","templated":true}]}}