{"id":3954,"date":"2018-01-16T13:30:10","date_gmt":"2018-01-16T12:30:10","guid":{"rendered":"http:\/\/www.neotec.cz\/ikalab\/?page_id=3954"},"modified":"2018-01-16T13:30:10","modified_gmt":"2018-01-16T12:30:10","slug":"cmaghs4digital","status":"publish","type":"page","link":"https:\/\/www.neotec.cz\/ikalab\/cmaghs4digital\/","title":{"rendered":"C-MAG HS 4 digital"},"content":{"rendered":"<div id=\"pl-3954\"  class=\"panel-layout\" ><div id=\"pg-3954-0\"  class=\"panel-grid panel-no-style\" ><div id=\"pgc-3954-0-0\"  class=\"panel-grid-cell\" ><div id=\"panel-3954-0-0-0\" class=\"so-panel widget widget_sow-editor panel-first-child panel-last-child\" data-index=\"0\" ><div\n\t\t\t\n\t\t\tclass=\"so-widget-sow-editor so-widget-sow-editor-base\"\n\t\t\t\n\t\t>\n<div class=\"siteorigin-widget-tinymce textwidget\">\n\t<h1>IKA C-MAG HS 4 digital<\/h1>\n<ul>\n<li>magnetick\u00e1 m\u00edcha\u010dka s oh\u0159evem<\/li>\n<\/ul>\n<p style=\"text-align: center;\"><img loading=\"lazy\" decoding=\"async\" class=\"aligncenter size-full wp-image-3895\" src=\"http:\/\/www.neotec.cz\/ikalab\/wp-content\/uploads\/2018\/01\/cmaghs4d.png\" alt=\"\" width=\"600\" height=\"600\" srcset=\"https:\/\/www.neotec.cz\/ikalab\/wp-content\/uploads\/2018\/01\/cmaghs4d.png 600w, https:\/\/www.neotec.cz\/ikalab\/wp-content\/uploads\/2018\/01\/cmaghs4d-150x150.png 150w, https:\/\/www.neotec.cz\/ikalab\/wp-content\/uploads\/2018\/01\/cmaghs4d-300x300.png 300w\" sizes=\"auto, (max-width: 600px) 100vw, 600px\" \/><\/p>\n<p style=\"text-align: center;\">\n<table id=\"tablepress-156\" class=\"tablepress tablepress-id-156\">\n<thead>\n<tr class=\"row-1\">\n\t<th colspan=\"2\" class=\"column-1\">Technick\u00e1 data<\/th>\n<\/tr>\n<\/thead>\n<tbody class=\"row-striping row-hover\">\n<tr class=\"row-2\">\n\t<td class=\"column-1\">Rozsah nastaven\u00ed teploty<\/td><td class=\"column-2\">50\u00b0C a\u017e 500\u00b0C<\/td>\n<\/tr>\n<tr class=\"row-3\">\n\t<td class=\"column-1\">Rozm\u011br plot\u00fdnky<\/td><td class=\"column-2\">260 x 260 mm<\/td>\n<\/tr>\n<tr class=\"row-4\">\n\t<td class=\"column-1\">Nastaven\u00ed bezpe\u010dnostn\u00edho termostatu<\/td><td class=\"column-2\">fixn\u00ed 550\u00b0C<\/td>\n<\/tr>\n<tr class=\"row-5\">\n\t<td class=\"column-1\">Max. d\u00e9lka m\u00edchadla<\/td><td class=\"column-2\">30 mm<\/td>\n<\/tr>\n<tr class=\"row-6\">\n\t<td class=\"column-1\">Max. m\u00edchan\u00fd objem<\/td><td class=\"column-2\">5 l (H2O)<\/td>\n<\/tr>\n<tr class=\"row-7\">\n\t<td class=\"column-1\">V\u00fdkon motoru<\/td><td class=\"column-2\">1,5 W<\/td>\n<\/tr>\n<tr class=\"row-8\">\n\t<td class=\"column-1\">Min. ot\u00e1\u010dky<\/td><td class=\"column-2\">100 ot\/min<\/td>\n<\/tr>\n<tr class=\"row-9\">\n\t<td class=\"column-1\">Max. ot\u00e1\u010dky<\/td><td class=\"column-2\">1500 ot\/min<\/td>\n<\/tr>\n<tr class=\"row-10\">\n\t<td class=\"column-1\">V\u00fdkon topen\u00ed<\/td><td class=\"column-2\">250 W<\/td>\n<\/tr>\n<tr class=\"row-11\">\n\t<td class=\"column-1\">Rozm\u011bry<\/td><td class=\"column-2\">150 x 105 x 260 mm<\/td>\n<\/tr>\n<tr class=\"row-12\">\n\t<td class=\"column-1\">Hmotnost<\/td><td class=\"column-2\">3 kg<\/td>\n<\/tr>\n<tr class=\"row-13\">\n\t<td class=\"column-1\">Nap\u00e1jen\u00ed<\/td><td class=\"column-2\">220 - 230 V \/ 50Hz<\/td>\n<\/tr>\n<tr class=\"row-14\">\n\t<td class=\"column-1\">P\u0159\u00edkon<\/td><td class=\"column-2\">270 W<\/td>\n<\/tr>\n<tr class=\"row-15\">\n\t<td class=\"column-1\">Stupe\u0148 kryt\u00ed<\/td><td class=\"column-2\">IP21<\/td>\n<\/tr>\n<tr class=\"row-16\">\n\t<td class=\"column-1\">Materi\u00e1l plot\u00fdnky<\/td><td class=\"column-2\">keramika<\/td>\n<\/tr>\n<tr class=\"row-17\">\n\t<td class=\"column-1\">P\u0159ipojen\u00ed extern\u00edho senzoru<\/td><td class=\"column-2\">PT1000<\/td>\n<\/tr>\n<\/tbody>\n<\/table>\n<!-- #tablepress-156 from cache --><\/p>\n<\/div>\n<\/div><\/div><\/div><\/div><div id=\"pg-3954-1\"  class=\"panel-grid panel-no-style\" ><div id=\"pgc-3954-1-0\"  class=\"panel-grid-cell\" ><div id=\"panel-3954-1-0-0\" class=\"so-panel widget widget_sow-editor panel-first-child\" data-index=\"1\" ><div\n\t\t\t\n\t\t\tclass=\"so-widget-sow-editor so-widget-sow-editor-base\"\n\t\t\t\n\t\t><h3 class=\"widget-title\">Video<\/h3>\n<div class=\"siteorigin-widget-tinymce textwidget\">\n\t<iframe loading=\"lazy\"  style=\"display: block; margin: 0px auto;\"  id=\"_ytid_10330\"  width=\"720\" height=\"405\"  data-origwidth=\"720\" data-origheight=\"405\" src=\"https:\/\/www.youtube.com\/embed\/DuR8SZvOgk8?enablejsapi=1&autoplay=0&cc_load_policy=0&cc_lang_pref=&iv_load_policy=1&loop=0&modestbranding=0&rel=0&fs=1&playsinline=0&autohide=2&hl=cs_CZ&theme=dark&color=red&controls=1&\" class=\"__youtube_prefs__  no-lazyload\" title=\"YouTube player\"  allow=\"fullscreen; accelerometer; autoplay; clipboard-write; encrypted-media; gyroscope; picture-in-picture\" allowfullscreen data-no-lazy=\"1\" data-skipgform_ajax_framebjll=\"\"><\/iframe>\n<\/div>\n<\/div><\/div><div id=\"panel-3954-1-0-1\" class=\"so-panel widget widget_sow-editor panel-last-child\" data-index=\"2\" ><div\n\t\t\t\n\t\t\tclass=\"so-widget-sow-editor so-widget-sow-editor-base\"\n\t\t\t\n\t\t><h3 class=\"widget-title\">Ke sta\u017een\u00ed<\/h3>\n<div class=\"siteorigin-widget-tinymce textwidget\">\n\t<p><a href=\"http:\/\/www.neotec.cz\/ikalab\/wp-content\/uploads\/2018\/01\/Data_Sheet_C-MAG_HS_4_digital.pdf\" target=\"_blank\" rel=\"\">Technick\u00fd list (EN)<\/a><a href=\"http:\/\/www.neotec.cz\/ikalab\/wp-content\/uploads\/2018\/01\/Data_Sheet_C-MAG_HS_4_digital.pdf\" target=\"_blank\"><img loading=\"lazy\" decoding=\"async\" class=\"alignleft wp-image-1108 size-full\" src=\"http:\/\/www.neotec.cz\/zund\/wp-content\/uploads\/2016\/02\/picPDF.png\" alt=\"picPDF\" width=\"32\" height=\"32\" \/><\/a><\/p>\n<\/div>\n<\/div><\/div><\/div><\/div><div id=\"pg-3954-2\"  class=\"panel-grid panel-no-style\" ><div id=\"pgc-3954-2-0\"  class=\"panel-grid-cell\" ><div id=\"panel-3954-2-0-0\" class=\"so-panel widget widget_sow-editor panel-first-child panel-last-child\" data-index=\"3\" ><div\n\t\t\t\n\t\t\tclass=\"so-widget-sow-editor so-widget-sow-editor-base\"\n\t\t\t\n\t\t>\n<div class=\"siteorigin-widget-tinymce textwidget\">\n\t<hr \/>\n<p>Pot\u0159ebujete poradit, zjistit v\u00edce informac\u00ed \u010di zaslat cenovou nab\u00eddku, pak n\u00e1s nev\u00e1hejte <a href=\"http:\/\/www.neotec.cz\/ikalab\/kontakty\/\">kontaktovat<\/a>.<\/p>\n<\/div>\n<\/div><\/div><\/div><\/div><\/div>","protected":false},"excerpt":{"rendered":"<p>IKA C-MAG HS 4 digital magnetick\u00e1 m\u00edcha\u010dka s oh\u0159evem Technick\u00fd list (EN)<\/p>\n","protected":false},"author":1,"featured_media":0,"parent":0,"menu_order":0,"comment_status":"closed","ping_status":"closed","template":"templates\/template-full-notitle.php","meta":{"footnotes":""},"class_list":["post-3954","page","type-page","status-publish","hentry","post"],"yoast_head":"<!-- This site is optimized with the Yoast SEO plugin v24.2 - https:\/\/yoast.com\/wordpress\/plugins\/seo\/ -->\n<title>C-MAG HS 4 digital - NEOTEC, spol. s r.o. - laboratorn\u00ed technika firmy IKA<\/title>\n<meta name=\"description\" content=\"NEOTEC - zam\u011b\u0159en\u00ed: V\u00fdhradn\u00ed zastoupen\u00ed firmy IKA pro \u010cR.\" \/>\n<meta name=\"robots\" content=\"index, follow, max-snippet:-1, max-image-preview:large, max-video-preview:-1\" \/>\n<link rel=\"canonical\" href=\"https:\/\/www.neotec.cz\/ikalab\/cmaghs4digital\/\" \/>\n<meta property=\"og:locale\" content=\"cs_CZ\" \/>\n<meta property=\"og:type\" content=\"article\" \/>\n<meta property=\"og:title\" content=\"C-MAG HS 4 digital - NEOTEC, spol. s r.o. - laboratorn\u00ed technika firmy IKA\" \/>\n<meta property=\"og:description\" content=\"NEOTEC - zam\u011b\u0159en\u00ed: V\u00fdhradn\u00ed zastoupen\u00ed firmy IKA pro \u010cR.\" \/>\n<meta property=\"og:url\" content=\"https:\/\/www.neotec.cz\/ikalab\/cmaghs4digital\/\" \/>\n<meta property=\"og:site_name\" content=\"NEOTEC, spol. s r.o. - laboratorn\u00ed technika firmy IKA\" \/>\n<meta property=\"og:image\" content=\"http:\/\/www.neotec.cz\/ikalab\/wp-content\/uploads\/2018\/01\/cmaghs4d.png\" \/>\n<meta name=\"twitter:card\" content=\"summary_large_image\" \/>\n<script type=\"application\/ld+json\" class=\"yoast-schema-graph\">{\"@context\":\"https:\/\/schema.org\",\"@graph\":[{\"@type\":\"WebPage\",\"@id\":\"https:\/\/www.neotec.cz\/ikalab\/cmaghs4digital\/\",\"url\":\"https:\/\/www.neotec.cz\/ikalab\/cmaghs4digital\/\",\"name\":\"C-MAG HS 4 digital - NEOTEC, spol. s r.o. - laboratorn\u00ed technika firmy IKA\",\"isPartOf\":{\"@id\":\"https:\/\/www.neotec.cz\/ikalab\/#website\"},\"primaryImageOfPage\":{\"@id\":\"https:\/\/www.neotec.cz\/ikalab\/cmaghs4digital\/#primaryimage\"},\"image\":{\"@id\":\"https:\/\/www.neotec.cz\/ikalab\/cmaghs4digital\/#primaryimage\"},\"thumbnailUrl\":\"http:\/\/www.neotec.cz\/ikalab\/wp-content\/uploads\/2018\/01\/cmaghs4d.png\",\"datePublished\":\"2018-01-16T12:30:10+00:00\",\"dateModified\":\"2018-01-16T12:30:10+00:00\",\"description\":\"NEOTEC - zam\u011b\u0159en\u00ed: V\u00fdhradn\u00ed zastoupen\u00ed firmy IKA pro \u010cR.\",\"breadcrumb\":{\"@id\":\"https:\/\/www.neotec.cz\/ikalab\/cmaghs4digital\/#breadcrumb\"},\"inLanguage\":\"cs\",\"potentialAction\":[{\"@type\":\"ReadAction\",\"target\":[\"https:\/\/www.neotec.cz\/ikalab\/cmaghs4digital\/\"]}]},{\"@type\":\"ImageObject\",\"inLanguage\":\"cs\",\"@id\":\"https:\/\/www.neotec.cz\/ikalab\/cmaghs4digital\/#primaryimage\",\"url\":\"http:\/\/www.neotec.cz\/ikalab\/wp-content\/uploads\/2018\/01\/cmaghs4d.png\",\"contentUrl\":\"http:\/\/www.neotec.cz\/ikalab\/wp-content\/uploads\/2018\/01\/cmaghs4d.png\"},{\"@type\":\"BreadcrumbList\",\"@id\":\"https:\/\/www.neotec.cz\/ikalab\/cmaghs4digital\/#breadcrumb\",\"itemListElement\":[{\"@type\":\"ListItem\",\"position\":1,\"name\":\"Dom\u016f\",\"item\":\"https:\/\/www.neotec.cz\/ikalab\/\"},{\"@type\":\"ListItem\",\"position\":2,\"name\":\"C-MAG HS 4 digital\"}]},{\"@type\":\"WebSite\",\"@id\":\"https:\/\/www.neotec.cz\/ikalab\/#website\",\"url\":\"https:\/\/www.neotec.cz\/ikalab\/\",\"name\":\"NEOTEC, spol. s r.o. - laboratorn\u00ed technika firmy IKA\",\"description\":\"NEOTEC - v\u00fdhradn\u00ed zastoupen\u00ed firmy IKA pro \u010cR - procesn\u00ed technologie a laboratorn\u00ed technika.\",\"potentialAction\":[{\"@type\":\"SearchAction\",\"target\":{\"@type\":\"EntryPoint\",\"urlTemplate\":\"https:\/\/www.neotec.cz\/ikalab\/?s={search_term_string}\"},\"query-input\":{\"@type\":\"PropertyValueSpecification\",\"valueRequired\":true,\"valueName\":\"search_term_string\"}}],\"inLanguage\":\"cs\"}]}<\/script>\n<!-- \/ Yoast SEO plugin. -->","yoast_head_json":{"title":"C-MAG HS 4 digital - NEOTEC, spol. s r.o. - laboratorn\u00ed technika firmy IKA","description":"NEOTEC - zam\u011b\u0159en\u00ed: V\u00fdhradn\u00ed zastoupen\u00ed firmy IKA pro \u010cR.","robots":{"index":"index","follow":"follow","max-snippet":"max-snippet:-1","max-image-preview":"max-image-preview:large","max-video-preview":"max-video-preview:-1"},"canonical":"https:\/\/www.neotec.cz\/ikalab\/cmaghs4digital\/","og_locale":"cs_CZ","og_type":"article","og_title":"C-MAG HS 4 digital - NEOTEC, spol. s r.o. - laboratorn\u00ed technika firmy IKA","og_description":"NEOTEC - zam\u011b\u0159en\u00ed: V\u00fdhradn\u00ed zastoupen\u00ed firmy IKA pro \u010cR.","og_url":"https:\/\/www.neotec.cz\/ikalab\/cmaghs4digital\/","og_site_name":"NEOTEC, spol. s r.o. - laboratorn\u00ed technika firmy IKA","og_image":[{"url":"http:\/\/www.neotec.cz\/ikalab\/wp-content\/uploads\/2018\/01\/cmaghs4d.png","type":"","width":"","height":""}],"twitter_card":"summary_large_image","schema":{"@context":"https:\/\/schema.org","@graph":[{"@type":"WebPage","@id":"https:\/\/www.neotec.cz\/ikalab\/cmaghs4digital\/","url":"https:\/\/www.neotec.cz\/ikalab\/cmaghs4digital\/","name":"C-MAG HS 4 digital - NEOTEC, spol. s r.o. - laboratorn\u00ed technika firmy IKA","isPartOf":{"@id":"https:\/\/www.neotec.cz\/ikalab\/#website"},"primaryImageOfPage":{"@id":"https:\/\/www.neotec.cz\/ikalab\/cmaghs4digital\/#primaryimage"},"image":{"@id":"https:\/\/www.neotec.cz\/ikalab\/cmaghs4digital\/#primaryimage"},"thumbnailUrl":"http:\/\/www.neotec.cz\/ikalab\/wp-content\/uploads\/2018\/01\/cmaghs4d.png","datePublished":"2018-01-16T12:30:10+00:00","dateModified":"2018-01-16T12:30:10+00:00","description":"NEOTEC - zam\u011b\u0159en\u00ed: V\u00fdhradn\u00ed zastoupen\u00ed firmy IKA pro \u010cR.","breadcrumb":{"@id":"https:\/\/www.neotec.cz\/ikalab\/cmaghs4digital\/#breadcrumb"},"inLanguage":"cs","potentialAction":[{"@type":"ReadAction","target":["https:\/\/www.neotec.cz\/ikalab\/cmaghs4digital\/"]}]},{"@type":"ImageObject","inLanguage":"cs","@id":"https:\/\/www.neotec.cz\/ikalab\/cmaghs4digital\/#primaryimage","url":"http:\/\/www.neotec.cz\/ikalab\/wp-content\/uploads\/2018\/01\/cmaghs4d.png","contentUrl":"http:\/\/www.neotec.cz\/ikalab\/wp-content\/uploads\/2018\/01\/cmaghs4d.png"},{"@type":"BreadcrumbList","@id":"https:\/\/www.neotec.cz\/ikalab\/cmaghs4digital\/#breadcrumb","itemListElement":[{"@type":"ListItem","position":1,"name":"Dom\u016f","item":"https:\/\/www.neotec.cz\/ikalab\/"},{"@type":"ListItem","position":2,"name":"C-MAG HS 4 digital"}]},{"@type":"WebSite","@id":"https:\/\/www.neotec.cz\/ikalab\/#website","url":"https:\/\/www.neotec.cz\/ikalab\/","name":"NEOTEC, spol. s r.o. - laboratorn\u00ed technika firmy IKA","description":"NEOTEC - v\u00fdhradn\u00ed zastoupen\u00ed firmy IKA pro \u010cR - procesn\u00ed technologie a laboratorn\u00ed technika.","potentialAction":[{"@type":"SearchAction","target":{"@type":"EntryPoint","urlTemplate":"https:\/\/www.neotec.cz\/ikalab\/?s={search_term_string}"},"query-input":{"@type":"PropertyValueSpecification","valueRequired":true,"valueName":"search_term_string"}}],"inLanguage":"cs"}]}},"_links":{"self":[{"href":"https:\/\/www.neotec.cz\/ikalab\/wp-json\/wp\/v2\/pages\/3954","targetHints":{"allow":["GET"]}}],"collection":[{"href":"https:\/\/www.neotec.cz\/ikalab\/wp-json\/wp\/v2\/pages"}],"about":[{"href":"https:\/\/www.neotec.cz\/ikalab\/wp-json\/wp\/v2\/types\/page"}],"author":[{"embeddable":true,"href":"https:\/\/www.neotec.cz\/ikalab\/wp-json\/wp\/v2\/users\/1"}],"replies":[{"embeddable":true,"href":"https:\/\/www.neotec.cz\/ikalab\/wp-json\/wp\/v2\/comments?post=3954"}],"version-history":[{"count":2,"href":"https:\/\/www.neotec.cz\/ikalab\/wp-json\/wp\/v2\/pages\/3954\/revisions"}],"predecessor-version":[{"id":3956,"href":"https:\/\/www.neotec.cz\/ikalab\/wp-json\/wp\/v2\/pages\/3954\/revisions\/3956"}],"wp:attachment":[{"href":"https:\/\/www.neotec.cz\/ikalab\/wp-json\/wp\/v2\/media?parent=3954"}],"curies":[{"name":"wp","href":"https:\/\/api.w.org\/{rel}","templated":true}]}}