{"id":4361,"date":"2024-05-03T12:55:11","date_gmt":"2024-05-03T11:55:11","guid":{"rendered":"https:\/\/www.neotec.cz\/ikalab\/?page_id=4361"},"modified":"2024-05-03T12:58:01","modified_gmt":"2024-05-03T11:58:01","slug":"rotavisc","status":"publish","type":"page","link":"https:\/\/www.neotec.cz\/ikalab\/rotavisc\/","title":{"rendered":"Rotavisc"},"content":{"rendered":"<div id=\"pl-4361\"  class=\"panel-layout\" ><div id=\"pg-4361-0\"  class=\"panel-grid panel-no-style\" ><div id=\"pgc-4361-0-0\"  class=\"panel-grid-cell\" ><div id=\"panel-4361-0-0-0\" class=\"so-panel widget widget_sow-editor panel-first-child panel-last-child\" data-index=\"0\" ><div\n\t\t\t\n\t\t\tclass=\"so-widget-sow-editor so-widget-sow-editor-base\"\n\t\t\t\n\t\t>\n<div class=\"siteorigin-widget-tinymce textwidget\">\n\t<h1>IKA Viskozimetr Rotavisc Complete<\/h1>\n<ul>\n<li>viskozimetr<\/li>\n<\/ul>\n<p style=\"text-align: center;\"><img loading=\"lazy\" decoding=\"async\" class=\"alignnone wp-image-4340\" src=\"https:\/\/www.neotec.cz\/ikalab\/wp-content\/uploads\/2024\/05\/25000310_1-300x300.webp\" alt=\"\" width=\"317\" height=\"317\" srcset=\"https:\/\/www.neotec.cz\/ikalab\/wp-content\/uploads\/2024\/05\/25000310_1-300x300.webp 300w, https:\/\/www.neotec.cz\/ikalab\/wp-content\/uploads\/2024\/05\/25000310_1-150x150.webp 150w, https:\/\/www.neotec.cz\/ikalab\/wp-content\/uploads\/2024\/05\/25000310_1.webp 1000w\" sizes=\"auto, (max-width: 317px) 100vw, 317px\" \/><\/p>\n<h4>Rotavisc Complete<\/h4>\n<p>S rota\u010dn\u00edmi viskozimetry \u0159ady ROTAVISC m\u016f\u017eete stanovovat viskozitu kapalin ve v\u0161ech oblastech pou\u017eit\u00ed, od laborato\u0159e a\u017e po kontrolu kvality.<\/p>\n<p>Dostupn\u00e9 jsou \u010dty\u0159i verze p\u0159\u00edstroje pro r\u016fzn\u00e9 rozsahy viskozity:<\/p>\n<p>lo-vi\u00a0\u00a0\u00a0 1 \u2013 6 000 000 mPas<\/p>\n<p>me-vi 100 \u2013 40 000 000 mPas<\/p>\n<p>hi-vi I\u00a0 200 \u2013 80 000 000 mPas<\/p>\n<p>hi-vi II 800 \u2013 320 000 000 mPas<\/p>\n<p>Bez ohledu na jednoduch\u00e9 nebo n\u00e1ro\u010dn\u00e9 m\u011b\u0159en\u00ed viskozity - ROTAVISC poskytuje rychl\u00e9 a p\u0159esn\u00e9 v\u00fdsledky. Sou\u010d\u00e1st\u00ed dod\u00e1vky je standardn\u00ed sada v\u0159eten, ochrann\u00fd dr\u017e\u00e1k, teplotn\u00ed senzor a stojan ROTSTAND.<\/p>\n<p>Snadn\u00e1 obsluha<br \/>\nVelkorys\u00fd 4,3\u2033 TFT displej umo\u017e\u0148uje intuitivn\u00ed pohybov\u00e1n\u00ed v menu. Spr\u00e1vn\u00e9 v\u00fdsledky podporuje i digit\u00e1ln\u00ed vodov\u00e1ha. Jednoduch\u00e1 rampov\u00e1 funkce zjednodu\u0161uje opakuj\u00edc\u00ed se \u00fakoly.<\/p>\n<p>Nejvy\u0161\u0161\u00ed p\u0159esnost m\u011b\u0159en\u00ed<br \/>\n\u00darove\u0148 p\u0159esnosti m\u011b\u0159en\u00ed rota\u010dn\u00edho viskozimetru ROTAVISC pro newtonsk\u00e9 i nenewtonsk\u00e9 kapaliny je +\/- 1 % m\u011b\u0159ic\u00edho rozsahu. Reprodukovatelnost je +\/- 0,2 %.<\/p>\n<p>Plynul\u00e1 rychlost<br \/>\nROTAVISC je viskozimetr, kter\u00fd nab\u00edz\u00ed plynul\u00e9 nastaven\u00ed rychlosti.<\/p>\n<p>&nbsp;<\/p>\n<\/div>\n<\/div><\/div><\/div><\/div><div id=\"pg-4361-1\"  class=\"panel-grid panel-no-style\" ><div id=\"pgc-4361-1-0\"  class=\"panel-grid-cell\" ><div id=\"panel-4361-1-0-0\" class=\"so-panel widget widget_sow-editor panel-first-child\" data-index=\"1\" ><div\n\t\t\t\n\t\t\tclass=\"so-widget-sow-editor so-widget-sow-editor-base\"\n\t\t\t\n\t\t><h3 class=\"widget-title\">Video<\/h3>\n<div class=\"siteorigin-widget-tinymce textwidget\">\n\t<iframe loading=\"lazy\"  style=\"display: block; margin: 0px auto;\"  id=\"_ytid_17016\"  width=\"720\" height=\"405\"  data-origwidth=\"720\" data-origheight=\"405\" src=\"https:\/\/www.youtube.com\/embed\/T2g_ZtGckXU?enablejsapi=1&autoplay=0&cc_load_policy=0&cc_lang_pref=&iv_load_policy=1&loop=0&modestbranding=0&rel=0&fs=1&playsinline=0&autohide=2&hl=cs_CZ&theme=dark&color=red&controls=1&\" class=\"__youtube_prefs__  no-lazyload\" title=\"YouTube player\"  allow=\"fullscreen; accelerometer; autoplay; clipboard-write; encrypted-media; gyroscope; picture-in-picture\" allowfullscreen data-no-lazy=\"1\" data-skipgform_ajax_framebjll=\"\"><\/iframe>\n<\/div>\n<\/div><\/div><div id=\"panel-4361-1-0-1\" class=\"so-panel widget widget_sow-editor panel-last-child\" data-index=\"2\" ><div\n\t\t\t\n\t\t\tclass=\"so-widget-sow-editor so-widget-sow-editor-base\"\n\t\t\t\n\t\t><h3 class=\"widget-title\">Ke sta\u017een\u00ed<\/h3>\n<div class=\"siteorigin-widget-tinymce textwidget\">\n\t<p><a href=\"https:\/\/www.neotec.cz\/ikalab\/wp-content\/uploads\/2024\/05\/Viskozimetr_Rotavisc_Flyer_CZ_2022-2.pdf\" target=\"_blank\" rel=\"noopener\">Technick\u00fd list (EN)<\/a><a href=\"https:\/\/www.neotec.cz\/ikalab\/wp-content\/uploads\/2024\/05\/Viskozimetr_Rotavisc_Flyer_CZ_2022-2.pdf\" target=\"_blank\" rel=\"noopener\"><img loading=\"lazy\" decoding=\"async\" class=\"alignleft wp-image-1108 size-full\" src=\"http:\/\/www.neotec.cz\/zund\/wp-content\/uploads\/2016\/02\/picPDF.png\" alt=\"picPDF\" width=\"32\" height=\"32\" \/><\/a><\/p>\n<\/div>\n<\/div><\/div><\/div><\/div><div id=\"pg-4361-2\"  class=\"panel-grid panel-no-style\" ><div id=\"pgc-4361-2-0\"  class=\"panel-grid-cell\" ><div id=\"panel-4361-2-0-0\" class=\"so-panel widget widget_sow-editor panel-first-child panel-last-child\" data-index=\"3\" ><div\n\t\t\t\n\t\t\tclass=\"so-widget-sow-editor so-widget-sow-editor-base\"\n\t\t\t\n\t\t>\n<div class=\"siteorigin-widget-tinymce textwidget\">\n\t<hr \/>\n<p>Pot\u0159ebujete poradit, zjistit v\u00edce informac\u00ed \u010di zaslat cenovou nab\u00eddku, pak n\u00e1s nev\u00e1hejte <a href=\"http:\/\/www.neotec.cz\/ikalab\/kontakty\/\">kontaktovat<\/a>.<\/p>\n<\/div>\n<\/div><\/div><\/div><\/div><\/div>","protected":false},"excerpt":{"rendered":"<p>IKA Viskozimetr Rotavisc Complete viskozimetr Rotavisc Complete S rota\u010dn\u00edmi viskozimetry \u0159ady ROTAVISC m\u016f\u017eete stanovovat viskozitu kapalin ve v\u0161ech oblastech pou\u017eit\u00ed, od laborato\u0159e a\u017e po kontrolu kvality. Dostupn\u00e9 jsou \u010dty\u0159i verze p\u0159\u00edstroje pro r\u016fzn\u00e9 rozsahy viskozity: lo-vi\u00a0\u00a0\u00a0 1 \u2013 6 000 000 mPas me-vi 100 \u2013 40 000 000 mPas hi-vi I\u00a0 200 \u2013 80 000 [&hellip;]<\/p>\n","protected":false},"author":2,"featured_media":0,"parent":0,"menu_order":0,"comment_status":"closed","ping_status":"closed","template":"templates\/template-full-notitle.php","meta":{"footnotes":""},"class_list":["post-4361","page","type-page","status-publish","hentry","post"],"yoast_head":"<!-- This site is optimized with the Yoast SEO plugin v24.2 - https:\/\/yoast.com\/wordpress\/plugins\/seo\/ -->\n<title>Rotavisc - NEOTEC, spol. s r.o. - laboratorn\u00ed technika firmy IKA<\/title>\n<meta name=\"description\" content=\"NEOTEC - zam\u011b\u0159en\u00ed: V\u00fdhradn\u00ed zastoupen\u00ed firmy IKA pro \u010cR.\" \/>\n<meta name=\"robots\" content=\"index, follow, max-snippet:-1, max-image-preview:large, max-video-preview:-1\" \/>\n<link rel=\"canonical\" href=\"https:\/\/www.neotec.cz\/ikalab\/rotavisc\/\" \/>\n<meta property=\"og:locale\" content=\"cs_CZ\" \/>\n<meta property=\"og:type\" content=\"article\" \/>\n<meta property=\"og:title\" content=\"Rotavisc - NEOTEC, spol. s r.o. - laboratorn\u00ed technika firmy IKA\" \/>\n<meta property=\"og:description\" content=\"NEOTEC - zam\u011b\u0159en\u00ed: V\u00fdhradn\u00ed zastoupen\u00ed firmy IKA pro \u010cR.\" \/>\n<meta property=\"og:url\" content=\"https:\/\/www.neotec.cz\/ikalab\/rotavisc\/\" \/>\n<meta property=\"og:site_name\" content=\"NEOTEC, spol. s r.o. - laboratorn\u00ed technika firmy IKA\" \/>\n<meta property=\"article:modified_time\" content=\"2024-05-03T11:58:01+00:00\" \/>\n<meta property=\"og:image\" content=\"https:\/\/www.neotec.cz\/ikalab\/wp-content\/uploads\/2024\/05\/25000310_1-300x300.webp\" \/>\n<meta name=\"twitter:card\" content=\"summary_large_image\" \/>\n<meta name=\"twitter:label1\" content=\"Odhadovan\u00e1 doba \u010dten\u00ed\" \/>\n\t<meta name=\"twitter:data1\" content=\"2 minuty\" \/>\n<script type=\"application\/ld+json\" class=\"yoast-schema-graph\">{\"@context\":\"https:\/\/schema.org\",\"@graph\":[{\"@type\":\"WebPage\",\"@id\":\"https:\/\/www.neotec.cz\/ikalab\/rotavisc\/\",\"url\":\"https:\/\/www.neotec.cz\/ikalab\/rotavisc\/\",\"name\":\"Rotavisc - NEOTEC, spol. s r.o. - laboratorn\u00ed technika firmy IKA\",\"isPartOf\":{\"@id\":\"https:\/\/www.neotec.cz\/ikalab\/#website\"},\"primaryImageOfPage\":{\"@id\":\"https:\/\/www.neotec.cz\/ikalab\/rotavisc\/#primaryimage\"},\"image\":{\"@id\":\"https:\/\/www.neotec.cz\/ikalab\/rotavisc\/#primaryimage\"},\"thumbnailUrl\":\"https:\/\/www.neotec.cz\/ikalab\/wp-content\/uploads\/2024\/05\/25000310_1-300x300.webp\",\"datePublished\":\"2024-05-03T11:55:11+00:00\",\"dateModified\":\"2024-05-03T11:58:01+00:00\",\"description\":\"NEOTEC - zam\u011b\u0159en\u00ed: V\u00fdhradn\u00ed zastoupen\u00ed firmy IKA pro \u010cR.\",\"breadcrumb\":{\"@id\":\"https:\/\/www.neotec.cz\/ikalab\/rotavisc\/#breadcrumb\"},\"inLanguage\":\"cs\",\"potentialAction\":[{\"@type\":\"ReadAction\",\"target\":[\"https:\/\/www.neotec.cz\/ikalab\/rotavisc\/\"]}]},{\"@type\":\"ImageObject\",\"inLanguage\":\"cs\",\"@id\":\"https:\/\/www.neotec.cz\/ikalab\/rotavisc\/#primaryimage\",\"url\":\"https:\/\/www.neotec.cz\/ikalab\/wp-content\/uploads\/2024\/05\/25000310_1-300x300.webp\",\"contentUrl\":\"https:\/\/www.neotec.cz\/ikalab\/wp-content\/uploads\/2024\/05\/25000310_1-300x300.webp\"},{\"@type\":\"BreadcrumbList\",\"@id\":\"https:\/\/www.neotec.cz\/ikalab\/rotavisc\/#breadcrumb\",\"itemListElement\":[{\"@type\":\"ListItem\",\"position\":1,\"name\":\"Dom\u016f\",\"item\":\"https:\/\/www.neotec.cz\/ikalab\/\"},{\"@type\":\"ListItem\",\"position\":2,\"name\":\"Rotavisc\"}]},{\"@type\":\"WebSite\",\"@id\":\"https:\/\/www.neotec.cz\/ikalab\/#website\",\"url\":\"https:\/\/www.neotec.cz\/ikalab\/\",\"name\":\"NEOTEC, spol. s r.o. - laboratorn\u00ed technika firmy IKA\",\"description\":\"NEOTEC - v\u00fdhradn\u00ed zastoupen\u00ed firmy IKA pro \u010cR - procesn\u00ed technologie a laboratorn\u00ed technika.\",\"potentialAction\":[{\"@type\":\"SearchAction\",\"target\":{\"@type\":\"EntryPoint\",\"urlTemplate\":\"https:\/\/www.neotec.cz\/ikalab\/?s={search_term_string}\"},\"query-input\":{\"@type\":\"PropertyValueSpecification\",\"valueRequired\":true,\"valueName\":\"search_term_string\"}}],\"inLanguage\":\"cs\"}]}<\/script>\n<!-- \/ Yoast SEO plugin. -->","yoast_head_json":{"title":"Rotavisc - NEOTEC, spol. s r.o. - laboratorn\u00ed technika firmy IKA","description":"NEOTEC - zam\u011b\u0159en\u00ed: V\u00fdhradn\u00ed zastoupen\u00ed firmy IKA pro \u010cR.","robots":{"index":"index","follow":"follow","max-snippet":"max-snippet:-1","max-image-preview":"max-image-preview:large","max-video-preview":"max-video-preview:-1"},"canonical":"https:\/\/www.neotec.cz\/ikalab\/rotavisc\/","og_locale":"cs_CZ","og_type":"article","og_title":"Rotavisc - NEOTEC, spol. s r.o. - laboratorn\u00ed technika firmy IKA","og_description":"NEOTEC - zam\u011b\u0159en\u00ed: V\u00fdhradn\u00ed zastoupen\u00ed firmy IKA pro \u010cR.","og_url":"https:\/\/www.neotec.cz\/ikalab\/rotavisc\/","og_site_name":"NEOTEC, spol. s r.o. - laboratorn\u00ed technika firmy IKA","article_modified_time":"2024-05-03T11:58:01+00:00","og_image":[{"url":"https:\/\/www.neotec.cz\/ikalab\/wp-content\/uploads\/2024\/05\/25000310_1-300x300.webp","type":"","width":"","height":""}],"twitter_card":"summary_large_image","twitter_misc":{"Odhadovan\u00e1 doba \u010dten\u00ed":"2 minuty"},"schema":{"@context":"https:\/\/schema.org","@graph":[{"@type":"WebPage","@id":"https:\/\/www.neotec.cz\/ikalab\/rotavisc\/","url":"https:\/\/www.neotec.cz\/ikalab\/rotavisc\/","name":"Rotavisc - NEOTEC, spol. s r.o. - laboratorn\u00ed technika firmy IKA","isPartOf":{"@id":"https:\/\/www.neotec.cz\/ikalab\/#website"},"primaryImageOfPage":{"@id":"https:\/\/www.neotec.cz\/ikalab\/rotavisc\/#primaryimage"},"image":{"@id":"https:\/\/www.neotec.cz\/ikalab\/rotavisc\/#primaryimage"},"thumbnailUrl":"https:\/\/www.neotec.cz\/ikalab\/wp-content\/uploads\/2024\/05\/25000310_1-300x300.webp","datePublished":"2024-05-03T11:55:11+00:00","dateModified":"2024-05-03T11:58:01+00:00","description":"NEOTEC - zam\u011b\u0159en\u00ed: V\u00fdhradn\u00ed zastoupen\u00ed firmy IKA pro \u010cR.","breadcrumb":{"@id":"https:\/\/www.neotec.cz\/ikalab\/rotavisc\/#breadcrumb"},"inLanguage":"cs","potentialAction":[{"@type":"ReadAction","target":["https:\/\/www.neotec.cz\/ikalab\/rotavisc\/"]}]},{"@type":"ImageObject","inLanguage":"cs","@id":"https:\/\/www.neotec.cz\/ikalab\/rotavisc\/#primaryimage","url":"https:\/\/www.neotec.cz\/ikalab\/wp-content\/uploads\/2024\/05\/25000310_1-300x300.webp","contentUrl":"https:\/\/www.neotec.cz\/ikalab\/wp-content\/uploads\/2024\/05\/25000310_1-300x300.webp"},{"@type":"BreadcrumbList","@id":"https:\/\/www.neotec.cz\/ikalab\/rotavisc\/#breadcrumb","itemListElement":[{"@type":"ListItem","position":1,"name":"Dom\u016f","item":"https:\/\/www.neotec.cz\/ikalab\/"},{"@type":"ListItem","position":2,"name":"Rotavisc"}]},{"@type":"WebSite","@id":"https:\/\/www.neotec.cz\/ikalab\/#website","url":"https:\/\/www.neotec.cz\/ikalab\/","name":"NEOTEC, spol. s r.o. - laboratorn\u00ed technika firmy IKA","description":"NEOTEC - v\u00fdhradn\u00ed zastoupen\u00ed firmy IKA pro \u010cR - procesn\u00ed technologie a laboratorn\u00ed technika.","potentialAction":[{"@type":"SearchAction","target":{"@type":"EntryPoint","urlTemplate":"https:\/\/www.neotec.cz\/ikalab\/?s={search_term_string}"},"query-input":{"@type":"PropertyValueSpecification","valueRequired":true,"valueName":"search_term_string"}}],"inLanguage":"cs"}]}},"_links":{"self":[{"href":"https:\/\/www.neotec.cz\/ikalab\/wp-json\/wp\/v2\/pages\/4361","targetHints":{"allow":["GET"]}}],"collection":[{"href":"https:\/\/www.neotec.cz\/ikalab\/wp-json\/wp\/v2\/pages"}],"about":[{"href":"https:\/\/www.neotec.cz\/ikalab\/wp-json\/wp\/v2\/types\/page"}],"author":[{"embeddable":true,"href":"https:\/\/www.neotec.cz\/ikalab\/wp-json\/wp\/v2\/users\/2"}],"replies":[{"embeddable":true,"href":"https:\/\/www.neotec.cz\/ikalab\/wp-json\/wp\/v2\/comments?post=4361"}],"version-history":[{"count":2,"href":"https:\/\/www.neotec.cz\/ikalab\/wp-json\/wp\/v2\/pages\/4361\/revisions"}],"predecessor-version":[{"id":4366,"href":"https:\/\/www.neotec.cz\/ikalab\/wp-json\/wp\/v2\/pages\/4361\/revisions\/4366"}],"wp:attachment":[{"href":"https:\/\/www.neotec.cz\/ikalab\/wp-json\/wp\/v2\/media?parent=4361"}],"curies":[{"name":"wp","href":"https:\/\/api.w.org\/{rel}","templated":true}]}}