{"id":4386,"date":"2024-05-06T08:22:31","date_gmt":"2024-05-06T07:22:31","guid":{"rendered":"https:\/\/www.neotec.cz\/ikalab\/?page_id=4386"},"modified":"2024-05-06T08:28:50","modified_gmt":"2024-05-06T07:28:50","slug":"easysynthstart","status":"publish","type":"page","link":"https:\/\/www.neotec.cz\/ikalab\/easysynthstart\/","title":{"rendered":"EasySyn Starter"},"content":{"rendered":"<div id=\"pl-4386\"  class=\"panel-layout\" ><div id=\"pg-4386-0\"  class=\"panel-grid panel-no-style\" ><div id=\"pgc-4386-0-0\"  class=\"panel-grid-cell\" ><div id=\"panel-4386-0-0-0\" class=\"so-panel widget widget_sow-editor panel-first-child panel-last-child\" data-index=\"0\" ><div\n\t\t\t\n\t\t\tclass=\"so-widget-sow-editor so-widget-sow-editor-base\"\n\t\t\t\n\t\t>\n<div class=\"siteorigin-widget-tinymce textwidget\">\n\t<h1>IKA EasySyn Starter<\/h1>\n<ul>\n<li>synt\u00e9zn\u00ed reaktor<\/li>\n<\/ul>\n<p style=\"text-align: center;\"><img loading=\"lazy\" decoding=\"async\" class=\"aligncenter size-full wp-image-3521\" src=\"https:\/\/www.neotec.cz\/ikalab\/wp-content\/uploads\/2024\/05\/20113442_1.webp\" alt=\"\" width=\"600\" height=\"600\" \/>\n<table id=\"tablepress-104\" class=\"tablepress tablepress-id-104\">\n<thead>\n<tr class=\"row-1\">\n\t<th colspan=\"2\" class=\"column-1\">Technick\u00e1 data<\/th>\n<\/tr>\n<\/thead>\n<tbody class=\"row-striping row-hover\">\n<tr class=\"row-2\">\n\t<td class=\"column-1\">Vyu\u017eiteln\u00fd objem:<\/td><td class=\"column-2\">500 a\u017e 1000 ml<\/td>\n<\/tr>\n<tr class=\"row-3\">\n\t<td class=\"column-1\">Rozsah pracovn\u00edch teplot<\/td><td class=\"column-2\">RT a\u017e 120\u00b0C<\/td>\n<\/tr>\n<tr class=\"row-4\">\n\t<td class=\"column-1\">Dosa\u017eiteln\u00e9 vakuum<\/td><td class=\"column-2\">25 mbar<\/td>\n<\/tr>\n<tr class=\"row-5\">\n\t<td class=\"column-1\">Max. viskozita<\/td><td class=\"column-2\">100000 mPa.s<\/td>\n<\/tr>\n<tr class=\"row-6\">\n\t<td class=\"column-1\">Rozsah ot\u00e1\u010dek<\/td><td class=\"column-2\">10 - 150 ot\/min<\/td>\n<\/tr>\n<tr class=\"row-7\">\n\t<td class=\"column-1\">Teleskopick\u00fd stojan \/ zdvih<\/td><td class=\"column-2\">-<\/td>\n<\/tr>\n<tr class=\"row-8\">\n\t<td class=\"column-1\">Materi\u00e1l v kontaktu s m\u00e9diem<\/td><td class=\"column-2\">AISI 316L, 1.4571, borosilik\u00e1tov\u00fd sklo 3.3, PTF<\/td>\n<\/tr>\n<tr class=\"row-9\">\n\t<td class=\"column-1\">Uzav\u00edrateln\u00e9 otvory (po\u010det\/standard)<\/td><td class=\"column-2\">1\/NS 29\/32, 3\/NS 14\/23<\/td>\n<\/tr>\n<tr class=\"row-10\">\n\t<td class=\"column-1\">Rozhran\u00ed RS-232\/USB\/analog<\/td><td class=\"column-2\">ano \/ ano \/ ne<\/td>\n<\/tr>\n<tr class=\"row-11\">\n\t<td class=\"column-1\">P\u0159\u00edkon<\/td><td class=\"column-2\">1200 W<\/td>\n<\/tr>\n<tr class=\"row-12\">\n\t<td class=\"column-1\">Nap\u00e1jen\u00ed<\/td><td class=\"column-2\">240 V \/ 50 Hz<\/td>\n<\/tr>\n<tr class=\"row-13\">\n\t<td class=\"column-1\">Rozm\u011bry<\/td><td class=\"column-2\">443 x 360 x 295 mm<\/td>\n<\/tr>\n<tr class=\"row-14\">\n\t<td class=\"column-1\">Hmotnost<\/td><td class=\"column-2\">16 kg<\/td>\n<\/tr>\n<tr class=\"row-15\">\n\t<td class=\"column-1\">Stupe\u0148 kryt\u00ed<\/td><td class=\"column-2\">IP21<\/td>\n<\/tr>\n<\/tbody>\n<\/table>\n<!-- #tablepress-104 from cache --><\/p>\n<\/div>\n<\/div><\/div><\/div><\/div><div id=\"pg-4386-1\"  class=\"panel-grid panel-no-style\" ><div id=\"pgc-4386-1-0\"  class=\"panel-grid-cell\" ><div id=\"panel-4386-1-0-0\" class=\"so-panel widget widget_sow-editor panel-first-child\" data-index=\"1\" ><div\n\t\t\t\n\t\t\tclass=\"so-widget-sow-editor so-widget-sow-editor-base\"\n\t\t\t\n\t\t><h3 class=\"widget-title\">Video<\/h3>\n<div class=\"siteorigin-widget-tinymce textwidget\">\n\t<iframe loading=\"lazy\"  style=\"display: block; margin: 0px auto;\"  id=\"_ytid_71646\"  width=\"720\" height=\"405\"  data-origwidth=\"720\" data-origheight=\"405\" src=\"https:\/\/www.youtube.com\/embed\/_qCKfOqaOvM?enablejsapi=1&autoplay=0&cc_load_policy=0&cc_lang_pref=&iv_load_policy=1&loop=0&modestbranding=0&rel=0&fs=1&playsinline=0&autohide=2&hl=cs_CZ&theme=dark&color=red&controls=1&\" class=\"__youtube_prefs__  no-lazyload\" title=\"YouTube player\"  allow=\"fullscreen; accelerometer; autoplay; clipboard-write; encrypted-media; gyroscope; picture-in-picture\" allowfullscreen data-no-lazy=\"1\" data-skipgform_ajax_framebjll=\"\"><\/iframe>\n<\/div>\n<\/div><\/div><div id=\"panel-4386-1-0-1\" class=\"so-panel widget widget_sow-editor panel-last-child\" data-index=\"2\" ><div\n\t\t\t\n\t\t\tclass=\"so-widget-sow-editor so-widget-sow-editor-base\"\n\t\t\t\n\t\t><h3 class=\"widget-title\">Ke sta\u017een\u00ed<\/h3>\n<div class=\"siteorigin-widget-tinymce textwidget\">\n\t<p><a href=\"https:\/\/www.neotec.cz\/ikalab\/wp-content\/uploads\/2024\/05\/20220819_EasySyn-brochure_IWS_EN_websingle.pdf\" target=\"_blank\" rel=\"noopener\">Technick\u00fd list (EN)<\/a><a href=\"https:\/\/www.neotec.cz\/ikalab\/wp-content\/uploads\/2024\/05\/20220819_EasySyn-brochure_IWS_EN_websingle.pdf\" target=\"_blank\" rel=\"noopener\"><img loading=\"lazy\" decoding=\"async\" class=\"alignleft wp-image-1108 size-full\" src=\"http:\/\/www.neotec.cz\/zund\/wp-content\/uploads\/2016\/02\/picPDF.png\" alt=\"picPDF\" width=\"32\" height=\"32\" \/><\/a><\/p>\n<\/div>\n<\/div><\/div><\/div><\/div><div id=\"pg-4386-2\"  class=\"panel-grid panel-no-style\" ><div id=\"pgc-4386-2-0\"  class=\"panel-grid-cell\" ><div id=\"panel-4386-2-0-0\" class=\"so-panel widget widget_sow-editor panel-first-child panel-last-child\" data-index=\"3\" ><div\n\t\t\t\n\t\t\tclass=\"so-widget-sow-editor so-widget-sow-editor-base\"\n\t\t\t\n\t\t>\n<div class=\"siteorigin-widget-tinymce textwidget\">\n\t<hr \/>\n<p>Pot\u0159ebujete poradit, zjistit v\u00edce informac\u00ed \u010di zaslat cenovou nab\u00eddku, pak n\u00e1s nev\u00e1hejte <a href=\"http:\/\/www.neotec.cz\/ikalab\/kontakty\/\">kontaktovat<\/a>.<\/p>\n<\/div>\n<\/div><\/div><\/div><\/div><\/div>","protected":false},"excerpt":{"rendered":"<p>IKA EasySyn Starter synt\u00e9zn\u00ed reaktor Technick\u00fd list (EN)<\/p>\n","protected":false},"author":2,"featured_media":0,"parent":0,"menu_order":0,"comment_status":"closed","ping_status":"closed","template":"templates\/template-full-notitle.php","meta":{"footnotes":""},"class_list":["post-4386","page","type-page","status-publish","hentry","post"],"yoast_head":"<!-- This site is optimized with the Yoast SEO plugin v24.2 - https:\/\/yoast.com\/wordpress\/plugins\/seo\/ -->\n<title>EasySyn Starter - NEOTEC, spol. s r.o. - laboratorn\u00ed technika firmy IKA<\/title>\n<meta name=\"description\" content=\"NEOTEC - zam\u011b\u0159en\u00ed: V\u00fdhradn\u00ed zastoupen\u00ed firmy IKA pro \u010cR.\" \/>\n<meta name=\"robots\" content=\"index, follow, max-snippet:-1, max-image-preview:large, max-video-preview:-1\" \/>\n<link rel=\"canonical\" href=\"https:\/\/www.neotec.cz\/ikalab\/easysynthstart\/\" \/>\n<meta property=\"og:locale\" content=\"cs_CZ\" \/>\n<meta property=\"og:type\" content=\"article\" \/>\n<meta property=\"og:title\" content=\"EasySyn Starter - NEOTEC, spol. s r.o. - laboratorn\u00ed technika firmy IKA\" \/>\n<meta property=\"og:description\" content=\"NEOTEC - zam\u011b\u0159en\u00ed: V\u00fdhradn\u00ed zastoupen\u00ed firmy IKA pro \u010cR.\" \/>\n<meta property=\"og:url\" content=\"https:\/\/www.neotec.cz\/ikalab\/easysynthstart\/\" \/>\n<meta property=\"og:site_name\" content=\"NEOTEC, spol. s r.o. - laboratorn\u00ed technika firmy IKA\" \/>\n<meta property=\"article:modified_time\" content=\"2024-05-06T07:28:50+00:00\" \/>\n<meta property=\"og:image\" content=\"https:\/\/www.neotec.cz\/ikalab\/wp-content\/uploads\/2024\/05\/20113442_1.webp\" \/>\n<meta name=\"twitter:card\" content=\"summary_large_image\" \/>\n<meta name=\"twitter:label1\" content=\"Odhadovan\u00e1 doba \u010dten\u00ed\" \/>\n\t<meta name=\"twitter:data1\" content=\"1 minuta\" \/>\n<script type=\"application\/ld+json\" class=\"yoast-schema-graph\">{\"@context\":\"https:\/\/schema.org\",\"@graph\":[{\"@type\":\"WebPage\",\"@id\":\"https:\/\/www.neotec.cz\/ikalab\/easysynthstart\/\",\"url\":\"https:\/\/www.neotec.cz\/ikalab\/easysynthstart\/\",\"name\":\"EasySyn Starter - NEOTEC, spol. s r.o. - laboratorn\u00ed technika firmy IKA\",\"isPartOf\":{\"@id\":\"https:\/\/www.neotec.cz\/ikalab\/#website\"},\"primaryImageOfPage\":{\"@id\":\"https:\/\/www.neotec.cz\/ikalab\/easysynthstart\/#primaryimage\"},\"image\":{\"@id\":\"https:\/\/www.neotec.cz\/ikalab\/easysynthstart\/#primaryimage\"},\"thumbnailUrl\":\"https:\/\/www.neotec.cz\/ikalab\/wp-content\/uploads\/2024\/05\/20113442_1.webp\",\"datePublished\":\"2024-05-06T07:22:31+00:00\",\"dateModified\":\"2024-05-06T07:28:50+00:00\",\"description\":\"NEOTEC - zam\u011b\u0159en\u00ed: V\u00fdhradn\u00ed zastoupen\u00ed firmy IKA pro \u010cR.\",\"breadcrumb\":{\"@id\":\"https:\/\/www.neotec.cz\/ikalab\/easysynthstart\/#breadcrumb\"},\"inLanguage\":\"cs\",\"potentialAction\":[{\"@type\":\"ReadAction\",\"target\":[\"https:\/\/www.neotec.cz\/ikalab\/easysynthstart\/\"]}]},{\"@type\":\"ImageObject\",\"inLanguage\":\"cs\",\"@id\":\"https:\/\/www.neotec.cz\/ikalab\/easysynthstart\/#primaryimage\",\"url\":\"https:\/\/www.neotec.cz\/ikalab\/wp-content\/uploads\/2024\/05\/20113442_1.webp\",\"contentUrl\":\"https:\/\/www.neotec.cz\/ikalab\/wp-content\/uploads\/2024\/05\/20113442_1.webp\",\"width\":1000,\"height\":1000},{\"@type\":\"BreadcrumbList\",\"@id\":\"https:\/\/www.neotec.cz\/ikalab\/easysynthstart\/#breadcrumb\",\"itemListElement\":[{\"@type\":\"ListItem\",\"position\":1,\"name\":\"Dom\u016f\",\"item\":\"https:\/\/www.neotec.cz\/ikalab\/\"},{\"@type\":\"ListItem\",\"position\":2,\"name\":\"EasySyn Starter\"}]},{\"@type\":\"WebSite\",\"@id\":\"https:\/\/www.neotec.cz\/ikalab\/#website\",\"url\":\"https:\/\/www.neotec.cz\/ikalab\/\",\"name\":\"NEOTEC, spol. s r.o. - laboratorn\u00ed technika firmy IKA\",\"description\":\"NEOTEC - v\u00fdhradn\u00ed zastoupen\u00ed firmy IKA pro \u010cR - procesn\u00ed technologie a laboratorn\u00ed technika.\",\"potentialAction\":[{\"@type\":\"SearchAction\",\"target\":{\"@type\":\"EntryPoint\",\"urlTemplate\":\"https:\/\/www.neotec.cz\/ikalab\/?s={search_term_string}\"},\"query-input\":{\"@type\":\"PropertyValueSpecification\",\"valueRequired\":true,\"valueName\":\"search_term_string\"}}],\"inLanguage\":\"cs\"}]}<\/script>\n<!-- \/ Yoast SEO plugin. -->","yoast_head_json":{"title":"EasySyn Starter - NEOTEC, spol. s r.o. - laboratorn\u00ed technika firmy IKA","description":"NEOTEC - zam\u011b\u0159en\u00ed: V\u00fdhradn\u00ed zastoupen\u00ed firmy IKA pro \u010cR.","robots":{"index":"index","follow":"follow","max-snippet":"max-snippet:-1","max-image-preview":"max-image-preview:large","max-video-preview":"max-video-preview:-1"},"canonical":"https:\/\/www.neotec.cz\/ikalab\/easysynthstart\/","og_locale":"cs_CZ","og_type":"article","og_title":"EasySyn Starter - NEOTEC, spol. s r.o. - laboratorn\u00ed technika firmy IKA","og_description":"NEOTEC - zam\u011b\u0159en\u00ed: V\u00fdhradn\u00ed zastoupen\u00ed firmy IKA pro \u010cR.","og_url":"https:\/\/www.neotec.cz\/ikalab\/easysynthstart\/","og_site_name":"NEOTEC, spol. s r.o. - laboratorn\u00ed technika firmy IKA","article_modified_time":"2024-05-06T07:28:50+00:00","og_image":[{"url":"https:\/\/www.neotec.cz\/ikalab\/wp-content\/uploads\/2024\/05\/20113442_1.webp","type":"","width":"","height":""}],"twitter_card":"summary_large_image","twitter_misc":{"Odhadovan\u00e1 doba \u010dten\u00ed":"1 minuta"},"schema":{"@context":"https:\/\/schema.org","@graph":[{"@type":"WebPage","@id":"https:\/\/www.neotec.cz\/ikalab\/easysynthstart\/","url":"https:\/\/www.neotec.cz\/ikalab\/easysynthstart\/","name":"EasySyn Starter - NEOTEC, spol. s r.o. - laboratorn\u00ed technika firmy IKA","isPartOf":{"@id":"https:\/\/www.neotec.cz\/ikalab\/#website"},"primaryImageOfPage":{"@id":"https:\/\/www.neotec.cz\/ikalab\/easysynthstart\/#primaryimage"},"image":{"@id":"https:\/\/www.neotec.cz\/ikalab\/easysynthstart\/#primaryimage"},"thumbnailUrl":"https:\/\/www.neotec.cz\/ikalab\/wp-content\/uploads\/2024\/05\/20113442_1.webp","datePublished":"2024-05-06T07:22:31+00:00","dateModified":"2024-05-06T07:28:50+00:00","description":"NEOTEC - zam\u011b\u0159en\u00ed: V\u00fdhradn\u00ed zastoupen\u00ed firmy IKA pro \u010cR.","breadcrumb":{"@id":"https:\/\/www.neotec.cz\/ikalab\/easysynthstart\/#breadcrumb"},"inLanguage":"cs","potentialAction":[{"@type":"ReadAction","target":["https:\/\/www.neotec.cz\/ikalab\/easysynthstart\/"]}]},{"@type":"ImageObject","inLanguage":"cs","@id":"https:\/\/www.neotec.cz\/ikalab\/easysynthstart\/#primaryimage","url":"https:\/\/www.neotec.cz\/ikalab\/wp-content\/uploads\/2024\/05\/20113442_1.webp","contentUrl":"https:\/\/www.neotec.cz\/ikalab\/wp-content\/uploads\/2024\/05\/20113442_1.webp","width":1000,"height":1000},{"@type":"BreadcrumbList","@id":"https:\/\/www.neotec.cz\/ikalab\/easysynthstart\/#breadcrumb","itemListElement":[{"@type":"ListItem","position":1,"name":"Dom\u016f","item":"https:\/\/www.neotec.cz\/ikalab\/"},{"@type":"ListItem","position":2,"name":"EasySyn Starter"}]},{"@type":"WebSite","@id":"https:\/\/www.neotec.cz\/ikalab\/#website","url":"https:\/\/www.neotec.cz\/ikalab\/","name":"NEOTEC, spol. s r.o. - laboratorn\u00ed technika firmy IKA","description":"NEOTEC - v\u00fdhradn\u00ed zastoupen\u00ed firmy IKA pro \u010cR - procesn\u00ed technologie a laboratorn\u00ed technika.","potentialAction":[{"@type":"SearchAction","target":{"@type":"EntryPoint","urlTemplate":"https:\/\/www.neotec.cz\/ikalab\/?s={search_term_string}"},"query-input":{"@type":"PropertyValueSpecification","valueRequired":true,"valueName":"search_term_string"}}],"inLanguage":"cs"}]}},"_links":{"self":[{"href":"https:\/\/www.neotec.cz\/ikalab\/wp-json\/wp\/v2\/pages\/4386","targetHints":{"allow":["GET"]}}],"collection":[{"href":"https:\/\/www.neotec.cz\/ikalab\/wp-json\/wp\/v2\/pages"}],"about":[{"href":"https:\/\/www.neotec.cz\/ikalab\/wp-json\/wp\/v2\/types\/page"}],"author":[{"embeddable":true,"href":"https:\/\/www.neotec.cz\/ikalab\/wp-json\/wp\/v2\/users\/2"}],"replies":[{"embeddable":true,"href":"https:\/\/www.neotec.cz\/ikalab\/wp-json\/wp\/v2\/comments?post=4386"}],"version-history":[{"count":4,"href":"https:\/\/www.neotec.cz\/ikalab\/wp-json\/wp\/v2\/pages\/4386\/revisions"}],"predecessor-version":[{"id":4394,"href":"https:\/\/www.neotec.cz\/ikalab\/wp-json\/wp\/v2\/pages\/4386\/revisions\/4394"}],"wp:attachment":[{"href":"https:\/\/www.neotec.cz\/ikalab\/wp-json\/wp\/v2\/media?parent=4386"}],"curies":[{"name":"wp","href":"https:\/\/api.w.org\/{rel}","templated":true}]}}