{"id":1584,"date":"2017-06-23T20:01:09","date_gmt":"2017-06-23T19:01:09","guid":{"rendered":"http:\/\/www.neotec.cz\/ikaprocess\/?page_id=1584"},"modified":"2017-06-29T12:27:24","modified_gmt":"2017-06-29T11:27:24","slug":"inline-disp","status":"publish","type":"page","link":"https:\/\/www.neotec.cz\/ikaprocess\/inline-disp\/","title":{"rendered":"Kontinu\u00e1ln\u00ed (inline) dirsperg\u00e1tory"},"content":{"rendered":"<div id=\"pl-1584\"  class=\"panel-layout\" ><div id=\"pg-1584-0\"  class=\"panel-grid panel-no-style\" ><div id=\"pgc-1584-0-0\"  class=\"panel-grid-cell\" ><div id=\"panel-1584-0-0-0\" class=\"so-panel widget widget_sow-image panel-first-child\" data-index=\"0\" ><div\n\t\t\t\n\t\t\tclass=\"so-widget-sow-image so-widget-sow-image-default-6ec9e3772f75-1584\"\n\t\t\t\n\t\t>\n\n<div class=\"sow-image-container\">\n\t\t<img loading=\"lazy\" decoding=\"async\" src=\"https:\/\/www.neotec.cz\/ikaprocess\/wp-content\/uploads\/2017\/06\/hero-proc-disp-inline.jpg\" width=\"590\" height=\"329\" srcset=\"https:\/\/www.neotec.cz\/ikaprocess\/wp-content\/uploads\/2017\/06\/hero-proc-disp-inline.jpg 590w, https:\/\/www.neotec.cz\/ikaprocess\/wp-content\/uploads\/2017\/06\/hero-proc-disp-inline-300x167.jpg 300w\" sizes=\"auto, (max-width: 590px) 100vw, 590px\" alt=\"\" \t\tclass=\"so-widget-image\"\/>\n\t<\/div>\n\n<\/div><\/div><div id=\"panel-1584-0-0-1\" class=\"so-panel widget widget_sow-editor panel-last-child\" data-index=\"1\" ><div\n\t\t\t\n\t\t\tclass=\"so-widget-sow-editor so-widget-sow-editor-base\"\n\t\t\t\n\t\t><h3 class=\"widget-title\">Kontinu\u00e1ln\u00ed (inline) disperg\u00e1tory \/ ml\u00fdny<\/h3>\n<div class=\"siteorigin-widget-tinymce textwidget\">\n\t<div>\n<p>IKA zauj\u00edm\u00e1 p\u0159edn\u00ed pozici ve v\u00fdvoji za\u0159\u00edzen\u00ed pro kontinu\u00e1ln\u00ed sm\u011b\u0161ovac\u00ed procesy.\u00a0 Mezi v\u00fdhody inline stroj\u016f IKA pat\u0159\u00ed nejen zv\u00fd\u0161en\u00e1 kvalita produkt\u016f a jejich lep\u0161\u00ed stabilita p\u0159i ni\u017e\u0161\u00edm po\u010dtu pr\u016fchod\u016f za\u0159\u00edzen\u00edm, ale tak\u00e9 ni\u017e\u0161\u00ed cena.<\/p>\n<p>V inline stroj\u00edch IKA doch\u00e1z\u00ed k dispergaci\u00a0 ve sm\u011b\u0161ovac\u00ed komo\u0159e s minim\u00e1ln\u00edm objemem.\u00a0 T\u00edm je zaji\u0161t\u011bno vyu\u017eit\u00ed energie s maxim\u00e1ln\u00ed \u00fa\u010dinnost\u00ed.\u00a0 D\u00e1le v t\u011bchto stroj\u00ed proch\u00e1z\u00ed produkt speci\u00e1ln\u011b vyvinut\u00fdmi n\u00e1stroji typu rotor a stator. V\u00fdsledkem je konzistentn\u011b reprodukovateln\u00e1 velikost \u010d\u00e1stic s mal\u00fdm rozptylem.<\/p>\n<\/div>\n<div>\u00a0<\/div>\n<div>Inline stroje nab\u00edzej\u00ed \u010detn\u00e9 mo\u017enosti konfigurac\u00ed pro v\u00fdrobu hrub\u00e9 \u010di jemn\u00e9 emulze, suspenze, mokr\u00e9 mlet\u00ed a homogenizace.<\/div>\n<div>\u00a0<\/div>\n<div>Sortiment\u00a0 IKA zahrnuje n\u011bkolik typ\u016f inline stroje na r\u016fzn\u00e9 m\u00edchac\u00ed technologie. V\u011bt\u0161ina typ\u016f stroj\u016f je k dispozici v 8 r\u016fzn\u00fdch velikostech, kter\u00e9 jsou vhodn\u00e9 pro v\u00fdzkumn\u00e9 projekty i pro rozs\u00e1hl\u00e9 v\u00fdrobn\u00ed aplikace. V\u0161echny Inline disperg\u00e1tory IKA jsou poh\u00e1n\u011bny \u0159emenov\u00fdm p\u0159evodem\u00a0 pro\u00a0 udr\u017een\u00ed konstantn\u00ed rychlosti pro ka\u017ed\u00fd stroj a jejich snadnou \u0161k\u00e1lovatelnost.<\/div>\n<div>\u00a0<\/div>\n<div>Men\u0161\u00ed proveden\u00ed inline stroj\u016f IKA - magic LAB\u00ae, LABOR-PILOT a PROCESSPILOT jsou vyvinuty speci\u00e1ln\u011b\u00a0 pro v\u00fdzkumn\u00e9\u00a0 a poloprovozn\u00ed pr\u00e1ce. Tyto stroje se vyzna\u010duj\u00ed jedine\u010dn\u00fdm designem s pohonnou jednotku, sedmi zam\u011bniteln\u00fdmi moduly a dal\u0161\u00edm p\u0159\u00edslu\u0161enstv\u00edm pro kontinu\u00e1ln\u00ed, vs\u00e1dkov\u00fd nebo recirkula\u010dn\u00ed re\u017eim dispergace.<\/div>\n<div>\u00a0<\/div>\n<div>Dal\u0161\u00ed v\u00fdhody inline stroj\u016f IKA ze s\u00e9rie 2000:<br \/> \u2022\u00a0N\u00edzk\u00e1 hladina hluku<br \/> \u2022\u00a0Vylep\u0161en\u00fd v\u00fdkon \u010derp\u00e1n\u00ed, m\u00edch\u00e1n\u00ed a dispergace<br \/> \u2022\u00a0Jednoduch\u00e9 nastaven\u00ed ot\u00e1\u010dek pou\u017eit\u00edm \u0159emenov\u00e9ho p\u0159evodu<br \/> \u2022\u00a0Samo\u010dinn\u00e9 vypou\u0161t\u011bn\u00ed zaji\u0161t\u011bn\u00e9 vertik\u00e1ln\u00ed orientac\u00ed<br \/> \u2022\u00a0Vysoce kvalitn\u00ed t\u011bsn\u011bn\u00ed z antikorozn\u00edch materi\u00e1l\u016f s kazetov\u00fdm proveden\u00edm umo\u017e\u0148uj\u00edc\u00ed snadnou \u00fadr\u017ebu<br \/> \u2022\u00a0Vysoce kvalitn\u00ed povrchov\u00e9 \u00fapravy pro spln\u011bn\u00ed hygienick\u00fdch po\u017eadavk\u016f FDA \/ EHEDG<br \/> \u2022\u00a0V\u0161echny stroje pln\u00ed n\u00e1roky\u00a0 CIP (\u010dist\u011bn\u00ed na m\u00edst\u011b) \/SIP (sterilizace\u00a0 na m\u00edst\u011b)<br \/> \u2022\u00a0Mal\u00e9 n\u00e1roky na m\u00edsto<br \/> \u2022\u00a0Proveden\u00ed do v\u00fdbu\u0161n\u00e9ho prost\u0159ed\u00ed (ATEX) k dispozici na vy\u017e\u00e1d\u00e1n\u00ed<br \/> \u2022\u00a0Z\u00e1kaznick\u00e9 zpracov\u00e1n\u00ed vysoce kvalitn\u00edch povrch\u016f a pou\u017eit\u00ed speci\u00e1ln\u00edch materi\u00e1l\u016f k dispozici na vy\u017e\u00e1d\u00e1n\u00ed<\/div>\n<div>\u00a0<\/div>\n<div><strong>Stroje a za\u0159\u00edzen\u00ed IKA:<\/strong><\/div>\n<div><a href=\"http:\/\/www.neotec.cz\/ikaprocess\/ultra-turrax-utl\/\">ULTRA-TURRAX UTL<\/a><br \/> <a href=\"http:\/\/www.neotec.cz\/ikaprocess\/utl-economy-line\/\">UTL Economy Line<\/a><br \/> <a href=\"http:\/\/www.neotec.cz\/ikaprocess\/dispax-reactor-dr\/\">DISPAX-REACTOR DR<\/a><br \/> <a href=\"http:\/\/www.neotec.cz\/ikaprocess\/dispax-reactor-drs\/\">DISPAX-REACTOR DRS<\/a><br \/><a href=\"http:\/\/www.neotec.cz\/ikaprocess\/colloid-mill-mk\/\">Koloidn\u00ed ml\u00fdn MK<\/a><br \/><a href=\"http:\/\/www.neotec.cz\/ikaprocess\/cone-mill-mko\/\">K\u00f3nick\u00fd ml\u00fdn MKO<\/a><br \/><a href=\"http:\/\/www.neotec.cz\/ikaprocess\/corundum-disk-mill-mcd\/\">Ml\u00fdn s korundov\u00fdmi disky MCD<\/a><\/div>\n<div>\u00a0<\/div>\n<\/div>\n<\/div><\/div><\/div><\/div><\/div>","protected":false},"excerpt":{"rendered":"<p>IKA zauj\u00edm\u00e1 p\u0159edn\u00ed pozici ve v\u00fdvoji za\u0159\u00edzen\u00ed pro kontinu\u00e1ln\u00ed sm\u011b\u0161ovac\u00ed procesy.\u00a0 Mezi v\u00fdhody inline stroj\u016f IKA pat\u0159\u00ed nejen zv\u00fd\u0161en\u00e1 kvalita produkt\u016f a jejich lep\u0161\u00ed stabilita p\u0159i ni\u017e\u0161\u00edm po\u010dtu pr\u016fchod\u016f za\u0159\u00edzen\u00edm, ale tak\u00e9 ni\u017e\u0161\u00ed cena.V inline stroj\u00edch IKA doch\u00e1z\u00ed k dispergaci\u00a0 ve sm\u011b\u0161ovac\u00ed komo\u0159e s minim\u00e1ln\u00edm objemem.\u00a0 T\u00edm je zaji\u0161t\u011bno vyu\u017eit\u00ed energie s maxim\u00e1ln\u00ed \u00fa\u010dinnost\u00ed.\u00a0 D\u00e1le [&hellip;]<\/p>\n","protected":false},"author":1,"featured_media":0,"parent":0,"menu_order":0,"comment_status":"closed","ping_status":"closed","template":"templates\/template-full-notitle.php","meta":{"footnotes":""},"class_list":["post-1584","page","type-page","status-publish","hentry","post"],"yoast_head":"<!-- This site is optimized with the Yoast SEO plugin v24.2 - https:\/\/yoast.com\/wordpress\/plugins\/seo\/ -->\n<title>Kontinu\u00e1ln\u00ed (inline) dirsperg\u00e1tory - NEOTEC, spol. s r.o. - procesn\u00ed technologie firmy IKA<\/title>\n<meta name=\"description\" content=\"NEOTEC - zam\u011b\u0159en\u00ed: V\u00fdhradn\u00ed zastoupen\u00ed firmy IKA pro \u010cR.\" \/>\n<meta name=\"robots\" content=\"index, follow, max-snippet:-1, max-image-preview:large, max-video-preview:-1\" \/>\n<link rel=\"canonical\" href=\"https:\/\/www.neotec.cz\/ikaprocess\/inline-disp\/\" \/>\n<meta property=\"og:locale\" content=\"cs_CZ\" \/>\n<meta property=\"og:type\" content=\"article\" \/>\n<meta property=\"og:title\" content=\"Kontinu\u00e1ln\u00ed (inline) dirsperg\u00e1tory - NEOTEC, spol. s r.o. - procesn\u00ed technologie firmy IKA\" \/>\n<meta property=\"og:description\" content=\"NEOTEC - zam\u011b\u0159en\u00ed: V\u00fdhradn\u00ed zastoupen\u00ed firmy IKA pro \u010cR.\" \/>\n<meta property=\"og:url\" content=\"https:\/\/www.neotec.cz\/ikaprocess\/inline-disp\/\" \/>\n<meta property=\"og:site_name\" content=\"NEOTEC, spol. s r.o. - procesn\u00ed technologie firmy IKA\" \/>\n<meta property=\"article:modified_time\" content=\"2017-06-29T11:27:24+00:00\" \/>\n<meta property=\"og:image\" content=\"http:\/\/www.neotec.cz\/ikaprocess\/wp-content\/uploads\/2017\/06\/hero-proc-disp-inline.jpg\" \/>\n<meta name=\"twitter:card\" content=\"summary_large_image\" \/>\n<meta name=\"twitter:label1\" content=\"Odhadovan\u00e1 doba \u010dten\u00ed\" \/>\n\t<meta name=\"twitter:data1\" content=\"2 minuty\" \/>\n<script type=\"application\/ld+json\" class=\"yoast-schema-graph\">{\"@context\":\"https:\/\/schema.org\",\"@graph\":[{\"@type\":\"WebPage\",\"@id\":\"https:\/\/www.neotec.cz\/ikaprocess\/inline-disp\/\",\"url\":\"https:\/\/www.neotec.cz\/ikaprocess\/inline-disp\/\",\"name\":\"Kontinu\u00e1ln\u00ed (inline) dirsperg\u00e1tory - NEOTEC, spol. s r.o. - procesn\u00ed technologie firmy IKA\",\"isPartOf\":{\"@id\":\"https:\/\/www.neotec.cz\/ikaprocess\/#website\"},\"primaryImageOfPage\":{\"@id\":\"https:\/\/www.neotec.cz\/ikaprocess\/inline-disp\/#primaryimage\"},\"image\":{\"@id\":\"https:\/\/www.neotec.cz\/ikaprocess\/inline-disp\/#primaryimage\"},\"thumbnailUrl\":\"http:\/\/www.neotec.cz\/ikaprocess\/wp-content\/uploads\/2017\/06\/hero-proc-disp-inline.jpg\",\"datePublished\":\"2017-06-23T19:01:09+00:00\",\"dateModified\":\"2017-06-29T11:27:24+00:00\",\"description\":\"NEOTEC - zam\u011b\u0159en\u00ed: V\u00fdhradn\u00ed zastoupen\u00ed firmy IKA pro \u010cR.\",\"breadcrumb\":{\"@id\":\"https:\/\/www.neotec.cz\/ikaprocess\/inline-disp\/#breadcrumb\"},\"inLanguage\":\"cs\",\"potentialAction\":[{\"@type\":\"ReadAction\",\"target\":[\"https:\/\/www.neotec.cz\/ikaprocess\/inline-disp\/\"]}]},{\"@type\":\"ImageObject\",\"inLanguage\":\"cs\",\"@id\":\"https:\/\/www.neotec.cz\/ikaprocess\/inline-disp\/#primaryimage\",\"url\":\"http:\/\/www.neotec.cz\/ikaprocess\/wp-content\/uploads\/2017\/06\/hero-proc-disp-inline.jpg\",\"contentUrl\":\"http:\/\/www.neotec.cz\/ikaprocess\/wp-content\/uploads\/2017\/06\/hero-proc-disp-inline.jpg\"},{\"@type\":\"BreadcrumbList\",\"@id\":\"https:\/\/www.neotec.cz\/ikaprocess\/inline-disp\/#breadcrumb\",\"itemListElement\":[{\"@type\":\"ListItem\",\"position\":1,\"name\":\"Dom\u016f\",\"item\":\"https:\/\/www.neotec.cz\/ikaprocess\/\"},{\"@type\":\"ListItem\",\"position\":2,\"name\":\"Kontinu\u00e1ln\u00ed (inline) dirsperg\u00e1tory\"}]},{\"@type\":\"WebSite\",\"@id\":\"https:\/\/www.neotec.cz\/ikaprocess\/#website\",\"url\":\"https:\/\/www.neotec.cz\/ikaprocess\/\",\"name\":\"NEOTEC, spol. s r.o. - procesn\u00ed technologie firmy IKA\",\"description\":\"NEOTEC - v\u00fdhradn\u00ed zastoupen\u00ed firmy IKA pro \u010cR - procesn\u00ed technologie a laboratorn\u00ed technika.\",\"potentialAction\":[{\"@type\":\"SearchAction\",\"target\":{\"@type\":\"EntryPoint\",\"urlTemplate\":\"https:\/\/www.neotec.cz\/ikaprocess\/?s={search_term_string}\"},\"query-input\":{\"@type\":\"PropertyValueSpecification\",\"valueRequired\":true,\"valueName\":\"search_term_string\"}}],\"inLanguage\":\"cs\"}]}<\/script>\n<!-- \/ Yoast SEO plugin. -->","yoast_head_json":{"title":"Kontinu\u00e1ln\u00ed (inline) dirsperg\u00e1tory - NEOTEC, spol. s r.o. - procesn\u00ed technologie firmy IKA","description":"NEOTEC - zam\u011b\u0159en\u00ed: V\u00fdhradn\u00ed zastoupen\u00ed firmy IKA pro \u010cR.","robots":{"index":"index","follow":"follow","max-snippet":"max-snippet:-1","max-image-preview":"max-image-preview:large","max-video-preview":"max-video-preview:-1"},"canonical":"https:\/\/www.neotec.cz\/ikaprocess\/inline-disp\/","og_locale":"cs_CZ","og_type":"article","og_title":"Kontinu\u00e1ln\u00ed (inline) dirsperg\u00e1tory - NEOTEC, spol. s r.o. - procesn\u00ed technologie firmy IKA","og_description":"NEOTEC - zam\u011b\u0159en\u00ed: V\u00fdhradn\u00ed zastoupen\u00ed firmy IKA pro \u010cR.","og_url":"https:\/\/www.neotec.cz\/ikaprocess\/inline-disp\/","og_site_name":"NEOTEC, spol. s r.o. - procesn\u00ed technologie firmy IKA","article_modified_time":"2017-06-29T11:27:24+00:00","og_image":[{"url":"http:\/\/www.neotec.cz\/ikaprocess\/wp-content\/uploads\/2017\/06\/hero-proc-disp-inline.jpg","type":"","width":"","height":""}],"twitter_card":"summary_large_image","twitter_misc":{"Odhadovan\u00e1 doba \u010dten\u00ed":"2 minuty"},"schema":{"@context":"https:\/\/schema.org","@graph":[{"@type":"WebPage","@id":"https:\/\/www.neotec.cz\/ikaprocess\/inline-disp\/","url":"https:\/\/www.neotec.cz\/ikaprocess\/inline-disp\/","name":"Kontinu\u00e1ln\u00ed (inline) dirsperg\u00e1tory - NEOTEC, spol. s r.o. - procesn\u00ed technologie firmy IKA","isPartOf":{"@id":"https:\/\/www.neotec.cz\/ikaprocess\/#website"},"primaryImageOfPage":{"@id":"https:\/\/www.neotec.cz\/ikaprocess\/inline-disp\/#primaryimage"},"image":{"@id":"https:\/\/www.neotec.cz\/ikaprocess\/inline-disp\/#primaryimage"},"thumbnailUrl":"http:\/\/www.neotec.cz\/ikaprocess\/wp-content\/uploads\/2017\/06\/hero-proc-disp-inline.jpg","datePublished":"2017-06-23T19:01:09+00:00","dateModified":"2017-06-29T11:27:24+00:00","description":"NEOTEC - zam\u011b\u0159en\u00ed: V\u00fdhradn\u00ed zastoupen\u00ed firmy IKA pro \u010cR.","breadcrumb":{"@id":"https:\/\/www.neotec.cz\/ikaprocess\/inline-disp\/#breadcrumb"},"inLanguage":"cs","potentialAction":[{"@type":"ReadAction","target":["https:\/\/www.neotec.cz\/ikaprocess\/inline-disp\/"]}]},{"@type":"ImageObject","inLanguage":"cs","@id":"https:\/\/www.neotec.cz\/ikaprocess\/inline-disp\/#primaryimage","url":"http:\/\/www.neotec.cz\/ikaprocess\/wp-content\/uploads\/2017\/06\/hero-proc-disp-inline.jpg","contentUrl":"http:\/\/www.neotec.cz\/ikaprocess\/wp-content\/uploads\/2017\/06\/hero-proc-disp-inline.jpg"},{"@type":"BreadcrumbList","@id":"https:\/\/www.neotec.cz\/ikaprocess\/inline-disp\/#breadcrumb","itemListElement":[{"@type":"ListItem","position":1,"name":"Dom\u016f","item":"https:\/\/www.neotec.cz\/ikaprocess\/"},{"@type":"ListItem","position":2,"name":"Kontinu\u00e1ln\u00ed (inline) dirsperg\u00e1tory"}]},{"@type":"WebSite","@id":"https:\/\/www.neotec.cz\/ikaprocess\/#website","url":"https:\/\/www.neotec.cz\/ikaprocess\/","name":"NEOTEC, spol. s r.o. - procesn\u00ed technologie firmy IKA","description":"NEOTEC - v\u00fdhradn\u00ed zastoupen\u00ed firmy IKA pro \u010cR - procesn\u00ed technologie a laboratorn\u00ed technika.","potentialAction":[{"@type":"SearchAction","target":{"@type":"EntryPoint","urlTemplate":"https:\/\/www.neotec.cz\/ikaprocess\/?s={search_term_string}"},"query-input":{"@type":"PropertyValueSpecification","valueRequired":true,"valueName":"search_term_string"}}],"inLanguage":"cs"}]}},"_links":{"self":[{"href":"https:\/\/www.neotec.cz\/ikaprocess\/wp-json\/wp\/v2\/pages\/1584","targetHints":{"allow":["GET"]}}],"collection":[{"href":"https:\/\/www.neotec.cz\/ikaprocess\/wp-json\/wp\/v2\/pages"}],"about":[{"href":"https:\/\/www.neotec.cz\/ikaprocess\/wp-json\/wp\/v2\/types\/page"}],"author":[{"embeddable":true,"href":"https:\/\/www.neotec.cz\/ikaprocess\/wp-json\/wp\/v2\/users\/1"}],"replies":[{"embeddable":true,"href":"https:\/\/www.neotec.cz\/ikaprocess\/wp-json\/wp\/v2\/comments?post=1584"}],"version-history":[{"count":39,"href":"https:\/\/www.neotec.cz\/ikaprocess\/wp-json\/wp\/v2\/pages\/1584\/revisions"}],"predecessor-version":[{"id":1816,"href":"https:\/\/www.neotec.cz\/ikaprocess\/wp-json\/wp\/v2\/pages\/1584\/revisions\/1816"}],"wp:attachment":[{"href":"https:\/\/www.neotec.cz\/ikaprocess\/wp-json\/wp\/v2\/media?parent=1584"}],"curies":[{"name":"wp","href":"https:\/\/api.w.org\/{rel}","templated":true}]}}