{"id":1759,"date":"2017-06-29T10:26:59","date_gmt":"2017-06-29T09:26:59","guid":{"rendered":"http:\/\/www.neotec.cz\/ikaprocess\/?page_id=1759"},"modified":"2017-06-29T11:31:48","modified_gmt":"2017-06-29T10:31:48","slug":"colloid-mill-mk","status":"publish","type":"page","link":"https:\/\/www.neotec.cz\/ikaprocess\/colloid-mill-mk\/","title":{"rendered":"Koloidn\u00ed ml\u00fdn MK"},"content":{"rendered":"<div id=\"pl-1759\"  class=\"panel-layout\" ><div id=\"pg-1759-0\"  class=\"panel-grid panel-no-style\" ><div id=\"pgc-1759-0-0\"  class=\"panel-grid-cell\" ><div id=\"panel-1759-0-0-0\" class=\"so-panel widget widget_sow-editor panel-first-child panel-last-child\" data-index=\"0\" ><div\n\t\t\t\n\t\t\tclass=\"so-widget-sow-editor so-widget-sow-editor-base\"\n\t\t\t\n\t\t><h3 class=\"widget-title\">Koloidn\u00ed ml\u00fdn MK<\/h3>\n<div class=\"siteorigin-widget-tinymce textwidget\">\n\t<p>The IKA MK 2000 is a high-performance inline colloid mill capable of performing wet and fine milling of tough and grainy raw materials. The MK 2000 is especially suitable for the production of colloidal solutions or extremely fine emulsions and suspensions. Excellent dispersing performance allows the IKA Colloid Mill MK 2000 to be used for continuous processes, providing a narrow distribution range of ground particles in a single pass. For challenging milling tasks the colloid mill can be installed into a recirculation loop with a working vessel by means of tube connections.<\/p>\n<p>For optimum adaptation of the machine to the process it can be equipped with different milling tools. The spiral geared as well as cross geared tools are available.<\/p>\n<p>The conical geometry of the milling tools enables an axial displacement of the stator for an infinite adjustment of the milling gap. This allows influencing the dispersing effect, particularly regarding tasks with variable raw materials.<\/p>\n<p>As neither the rotor nor the stator is slotted throughout, the probability of particles passing through the generator untreated is negligibly small. These collective features enable the IKA Colloid Mill MK to achieve the finest particle size reduction, thereby contending with a high pressure homogenizer by attaining similar dispersing results at higher flow rates.<\/p>\n<p>The IKA Colloid Mill MK 2000 is available in seven different sizes, with varied possible throughput from 200 to 80.000 l\/h. All machine sizes can work with the same circumferential rotor speed, which ensures reliable scale-up.<\/p>\n<\/div>\n<\/div><\/div><\/div><\/div><div id=\"pg-1759-1\"  class=\"panel-grid panel-no-style\" ><div id=\"pgc-1759-1-0\"  class=\"panel-grid-cell\" ><div id=\"panel-1759-1-0-0\" class=\"so-panel widget widget_sow-image panel-first-child panel-last-child\" data-index=\"1\" ><div\n\t\t\t\n\t\t\tclass=\"so-widget-sow-image so-widget-sow-image-default-3a2476c0e107-1759\"\n\t\t\t\n\t\t>\n\n<div class=\"sow-image-container\">\n\t\t<img loading=\"lazy\" decoding=\"async\" src=\"https:\/\/www.neotec.cz\/ikaprocess\/wp-content\/uploads\/2017\/06\/MK_main_ds_all_sizes_a-258x300.jpg\" width=\"258\" height=\"300\" srcset=\"https:\/\/www.neotec.cz\/ikaprocess\/wp-content\/uploads\/2017\/06\/MK_main_ds_all_sizes_a-258x300.jpg 258w, https:\/\/www.neotec.cz\/ikaprocess\/wp-content\/uploads\/2017\/06\/MK_main_ds_all_sizes_a.jpg 603w\" sizes=\"auto, (max-width: 258px) 100vw, 258px\" alt=\"\" \t\tclass=\"so-widget-image\"\/>\n\t<\/div>\n\n<\/div><\/div><\/div><div id=\"pgc-1759-1-1\"  class=\"panel-grid-cell\" ><div id=\"panel-1759-1-1-0\" class=\"so-panel widget widget_sow-image panel-first-child panel-last-child\" data-index=\"2\" ><div\n\t\t\t\n\t\t\tclass=\"so-widget-sow-image so-widget-sow-image-default-3a2476c0e107-1759\"\n\t\t\t\n\t\t>\n\n<div class=\"sow-image-container\">\n\t\t<img loading=\"lazy\" decoding=\"async\" src=\"https:\/\/www.neotec.cz\/ikaprocess\/wp-content\/uploads\/2017\/06\/MK_altern_3_a-259x300.jpg\" width=\"259\" height=\"300\" srcset=\"https:\/\/www.neotec.cz\/ikaprocess\/wp-content\/uploads\/2017\/06\/MK_altern_3_a-259x300.jpg 259w, https:\/\/www.neotec.cz\/ikaprocess\/wp-content\/uploads\/2017\/06\/MK_altern_3_a.jpg 517w\" sizes=\"auto, (max-width: 259px) 100vw, 259px\" alt=\"\" \t\tclass=\"so-widget-image\"\/>\n\t<\/div>\n\n<\/div><\/div><\/div><div id=\"pgc-1759-1-2\"  class=\"panel-grid-cell\" ><div id=\"panel-1759-1-2-0\" class=\"so-panel widget widget_sow-image panel-first-child panel-last-child\" data-index=\"3\" ><div\n\t\t\t\n\t\t\tclass=\"so-widget-sow-image so-widget-sow-image-default-3a2476c0e107-1759\"\n\t\t\t\n\t\t>\n\n<div class=\"sow-image-container\">\n\t\t<img loading=\"lazy\" decoding=\"async\" src=\"https:\/\/www.neotec.cz\/ikaprocess\/wp-content\/uploads\/2017\/06\/MK_altern_2_a-258x300.jpg\" width=\"258\" height=\"300\" srcset=\"https:\/\/www.neotec.cz\/ikaprocess\/wp-content\/uploads\/2017\/06\/MK_altern_2_a-258x300.jpg 258w, https:\/\/www.neotec.cz\/ikaprocess\/wp-content\/uploads\/2017\/06\/MK_altern_2_a.jpg 396w\" sizes=\"auto, (max-width: 258px) 100vw, 258px\" alt=\"\" \t\tclass=\"so-widget-image\"\/>\n\t<\/div>\n\n<\/div><\/div><\/div><\/div><div id=\"pg-1759-2\"  class=\"panel-grid panel-no-style\" ><div id=\"pgc-1759-2-0\"  class=\"panel-grid-cell\" ><div id=\"panel-1759-2-0-0\" class=\"so-panel widget widget_sow-editor panel-first-child panel-last-child\" data-index=\"4\" ><div\n\t\t\t\n\t\t\tclass=\"so-widget-sow-editor so-widget-sow-editor-base\"\n\t\t\t\n\t\t>\n<div class=\"siteorigin-widget-tinymce textwidget\">\n\t\n<table id=\"tablepress-6\" class=\"tablepress tablepress-id-6\">\n<thead>\n<tr class=\"row-1\">\n\t<th colspan=\"5\" class=\"column-1\">Technick\u00e9 parametry<\/th>\n<\/tr>\n<\/thead>\n<tbody class=\"row-striping row-hover\">\n<tr class=\"row-2\">\n\t<td class=\"column-1\"><b>Typ<\/b><\/td><td class=\"column-2\"><b>Maxim\u00e1ln\u00ed pr\u016ftok (l\/h)<\/b> <\/td><td class=\"column-3\"><b>V\u00fdkon motoru (kW)<\/b><\/td><td class=\"column-4\"><b>Ot\u00e1\u010dky motoru (ot\/min)<\/b><\/td><td class=\"column-5\"><b>Technick\u00fd list (EN)<\/b><\/td>\n<\/tr>\n<tr class=\"row-3\">\n\t<td class=\"column-1\">Koloidn\u00ed ml\u00fdn MK 2000\/05<\/td><td class=\"column-2\">2500<\/td><td class=\"column-3\">5,5<\/td><td class=\"column-4\">3000<\/td><td class=\"column-5\"><a href=\"http:\/\/www.neotec.cz\/ikaprocess\/wp-content\/uploads\/2017\/06\/Data_Sheet_Colloid_Mill_MK_2000-05.pdf\" target=\"_blank\"><img loading=\"lazy\" decoding=\"async\" class=\"alignleft wp-image-1108 size-full\" src=\"http:\/\/www.neotec.cz\/ikaprocess\/wp-content\/uploads\/2017\/06\/picPDF.png\" alt=\"picPDF\" width=\"32\" height=\"32\" \/><\/a><\/td>\n<\/tr>\n<tr class=\"row-4\">\n\t<td class=\"column-1\">Koloidn\u00ed ml\u00fdn MK 2000\/10<\/td><td class=\"column-2\">7500<\/td><td class=\"column-3\">15<\/td><td class=\"column-4\">3000<\/td><td class=\"column-5\"><a href=\"http:\/\/www.neotec.cz\/ikaprocess\/wp-content\/uploads\/2017\/06\/Data_Sheet_Colloid_Mill_MK_2000-10.pdf\" target=\"_blank\"><img loading=\"lazy\" decoding=\"async\" class=\"alignleft wp-image-1108 size-full\" src=\"http:\/\/www.neotec.cz\/ikaprocess\/wp-content\/uploads\/2017\/06\/picPDF.png\" alt=\"picPDF\" width=\"32\" height=\"32\" \/><\/a><\/td>\n<\/tr>\n<tr class=\"row-5\">\n\t<td class=\"column-1\">Koloidn\u00ed ml\u00fdn MK 2000\/20<\/td><td class=\"column-2\">20000<\/td><td class=\"column-3\">37<\/td><td class=\"column-4\">3000<\/td><td class=\"column-5\"><a href=\"http:\/\/www.neotec.cz\/ikaprocess\/wp-content\/uploads\/2017\/06\/Data_Sheet_Colloid_Mill_MK_2000-20.pdf\" target=\"_blank\"><img loading=\"lazy\" decoding=\"async\" class=\"alignleft wp-image-1108 size-full\" src=\"http:\/\/www.neotec.cz\/ikaprocess\/wp-content\/uploads\/2017\/06\/picPDF.png\" alt=\"picPDF\" width=\"32\" height=\"32\" \/><\/a><\/td>\n<\/tr>\n<tr class=\"row-6\">\n\t<td class=\"column-1\">Koloidn\u00ed ml\u00fdn MK 2000\/30<\/td><td class=\"column-2\">40000<\/td><td class=\"column-3\">55<\/td><td class=\"column-4\">3000<\/td><td class=\"column-5\"><a href=\"http:\/\/www.neotec.cz\/ikaprocess\/wp-content\/uploads\/2017\/06\/Data_Sheet_Colloid_Mill_MK_2000-30.pdf\" target=\"_blank\"><img loading=\"lazy\" decoding=\"async\" class=\"alignleft wp-image-1108 size-full\" src=\"http:\/\/www.neotec.cz\/ikaprocess\/wp-content\/uploads\/2017\/06\/picPDF.png\" alt=\"picPDF\" width=\"32\" height=\"32\" \/><\/a><\/td>\n<\/tr>\n<tr class=\"row-7\">\n\t<td class=\"column-1\">Koloidn\u00ed ml\u00fdn MK 2000\/50<\/td><td class=\"column-2\">60000<\/td><td class=\"column-3\">160<\/td><td class=\"column-4\">3000<\/td><td class=\"column-5\"><a href=\"http:\/\/www.neotec.cz\/ikaprocess\/wp-content\/uploads\/2017\/06\/Data_Sheet_Colloid_Mill_MK_2000-50.pdf\" target=\"_blank\"><img loading=\"lazy\" decoding=\"async\" class=\"alignleft wp-image-1108 size-full\" src=\"http:\/\/www.neotec.cz\/ikaprocess\/wp-content\/uploads\/2017\/06\/picPDF.png\" alt=\"picPDF\" width=\"32\" height=\"32\" \/><\/a><\/td>\n<\/tr>\n<\/tbody>\n<\/table>\n<!-- #tablepress-6 from cache -->\n<\/div>\n<\/div><\/div><\/div><\/div><div id=\"pg-1759-3\"  class=\"panel-grid panel-no-style\" ><div id=\"pgc-1759-3-0\"  class=\"panel-grid-cell\" ><div id=\"panel-1759-3-0-0\" class=\"so-panel widget widget_sow-editor panel-first-child panel-last-child\" data-index=\"5\" ><div\n\t\t\t\n\t\t\tclass=\"so-widget-sow-editor so-widget-sow-editor-base\"\n\t\t\t\n\t\t><h3 class=\"widget-title\">Ke sta\u017een\u00ed<\/h3>\n<div class=\"siteorigin-widget-tinymce textwidget\">\n\t<p><a href=\"http:\/\/www.neotec.cz\/ikaprocess\/wp-content\/uploads\/2017\/06\/Process_Technology_IWS_EN_94000172_web.pdf\" target=\"_blank\" rel=\"\">Procesn\u00ed technologie (EN)<\/a><a href=\"http:\/\/www.neotec.cz\/ikaprocess\/wp-content\/uploads\/2017\/06\/Process_Technology_IWS_EN_94000172_web.pdf\" target=\"_blank\"><img loading=\"lazy\" decoding=\"async\" class=\"alignleft wp-image-1108 size-full\" src=\"http:\/\/www.neotec.cz\/zund\/wp-content\/uploads\/2016\/02\/picPDF.png\" alt=\"picPDF\" width=\"32\" height=\"32\" \/><\/a><\/p>\n<\/div>\n<\/div><\/div><\/div><\/div><\/div>","protected":false},"excerpt":{"rendered":"<p>The IKA MK 2000 is a high-performance inline colloid mill capable of performing wet and fine milling of tough and grainy raw materials. The MK 2000 is especially suitable for the production of colloidal solutions or extremely fine emulsions and suspensions. Excellent dispersing performance allows the IKA Colloid Mill MK 2000 to be used for [&hellip;]<\/p>\n","protected":false},"author":1,"featured_media":0,"parent":0,"menu_order":0,"comment_status":"closed","ping_status":"closed","template":"templates\/template-full-notitle.php","meta":{"footnotes":""},"class_list":["post-1759","page","type-page","status-publish","hentry","post"],"yoast_head":"<!-- This site is optimized with the Yoast SEO plugin v24.2 - https:\/\/yoast.com\/wordpress\/plugins\/seo\/ -->\n<title>Koloidn\u00ed ml\u00fdn MK - NEOTEC, spol. s r.o. - procesn\u00ed technologie firmy IKA<\/title>\n<meta name=\"description\" content=\"NEOTEC - zam\u011b\u0159en\u00ed: V\u00fdhradn\u00ed zastoupen\u00ed firmy IKA pro \u010cR.\" \/>\n<meta name=\"robots\" content=\"index, follow, max-snippet:-1, max-image-preview:large, max-video-preview:-1\" \/>\n<link rel=\"canonical\" href=\"https:\/\/www.neotec.cz\/ikaprocess\/colloid-mill-mk\/\" \/>\n<meta property=\"og:locale\" content=\"cs_CZ\" \/>\n<meta property=\"og:type\" content=\"article\" \/>\n<meta property=\"og:title\" content=\"Koloidn\u00ed ml\u00fdn MK - NEOTEC, spol. s r.o. - procesn\u00ed technologie firmy IKA\" \/>\n<meta property=\"og:description\" content=\"NEOTEC - zam\u011b\u0159en\u00ed: V\u00fdhradn\u00ed zastoupen\u00ed firmy IKA pro \u010cR.\" \/>\n<meta property=\"og:url\" content=\"https:\/\/www.neotec.cz\/ikaprocess\/colloid-mill-mk\/\" \/>\n<meta property=\"og:site_name\" content=\"NEOTEC, spol. s r.o. - procesn\u00ed technologie firmy IKA\" \/>\n<meta property=\"article:modified_time\" content=\"2017-06-29T10:31:48+00:00\" \/>\n<meta property=\"og:image\" content=\"http:\/\/www.neotec.cz\/ikaprocess\/wp-content\/uploads\/2017\/06\/MK_main_ds_all_sizes_a-258x300.jpg\" \/>\n<meta name=\"twitter:card\" content=\"summary_large_image\" \/>\n<meta name=\"twitter:label1\" content=\"Odhadovan\u00e1 doba \u010dten\u00ed\" \/>\n\t<meta name=\"twitter:data1\" content=\"1 minuta\" \/>\n<script type=\"application\/ld+json\" class=\"yoast-schema-graph\">{\"@context\":\"https:\/\/schema.org\",\"@graph\":[{\"@type\":\"WebPage\",\"@id\":\"https:\/\/www.neotec.cz\/ikaprocess\/colloid-mill-mk\/\",\"url\":\"https:\/\/www.neotec.cz\/ikaprocess\/colloid-mill-mk\/\",\"name\":\"Koloidn\u00ed ml\u00fdn MK - NEOTEC, spol. s r.o. - procesn\u00ed technologie firmy IKA\",\"isPartOf\":{\"@id\":\"https:\/\/www.neotec.cz\/ikaprocess\/#website\"},\"primaryImageOfPage\":{\"@id\":\"https:\/\/www.neotec.cz\/ikaprocess\/colloid-mill-mk\/#primaryimage\"},\"image\":{\"@id\":\"https:\/\/www.neotec.cz\/ikaprocess\/colloid-mill-mk\/#primaryimage\"},\"thumbnailUrl\":\"http:\/\/www.neotec.cz\/ikaprocess\/wp-content\/uploads\/2017\/06\/MK_main_ds_all_sizes_a-258x300.jpg\",\"datePublished\":\"2017-06-29T09:26:59+00:00\",\"dateModified\":\"2017-06-29T10:31:48+00:00\",\"description\":\"NEOTEC - zam\u011b\u0159en\u00ed: V\u00fdhradn\u00ed zastoupen\u00ed firmy IKA pro \u010cR.\",\"breadcrumb\":{\"@id\":\"https:\/\/www.neotec.cz\/ikaprocess\/colloid-mill-mk\/#breadcrumb\"},\"inLanguage\":\"cs\",\"potentialAction\":[{\"@type\":\"ReadAction\",\"target\":[\"https:\/\/www.neotec.cz\/ikaprocess\/colloid-mill-mk\/\"]}]},{\"@type\":\"ImageObject\",\"inLanguage\":\"cs\",\"@id\":\"https:\/\/www.neotec.cz\/ikaprocess\/colloid-mill-mk\/#primaryimage\",\"url\":\"http:\/\/www.neotec.cz\/ikaprocess\/wp-content\/uploads\/2017\/06\/MK_main_ds_all_sizes_a-258x300.jpg\",\"contentUrl\":\"http:\/\/www.neotec.cz\/ikaprocess\/wp-content\/uploads\/2017\/06\/MK_main_ds_all_sizes_a-258x300.jpg\"},{\"@type\":\"BreadcrumbList\",\"@id\":\"https:\/\/www.neotec.cz\/ikaprocess\/colloid-mill-mk\/#breadcrumb\",\"itemListElement\":[{\"@type\":\"ListItem\",\"position\":1,\"name\":\"Dom\u016f\",\"item\":\"https:\/\/www.neotec.cz\/ikaprocess\/\"},{\"@type\":\"ListItem\",\"position\":2,\"name\":\"Koloidn\u00ed ml\u00fdn MK\"}]},{\"@type\":\"WebSite\",\"@id\":\"https:\/\/www.neotec.cz\/ikaprocess\/#website\",\"url\":\"https:\/\/www.neotec.cz\/ikaprocess\/\",\"name\":\"NEOTEC, spol. s r.o. - procesn\u00ed technologie firmy IKA\",\"description\":\"NEOTEC - v\u00fdhradn\u00ed zastoupen\u00ed firmy IKA pro \u010cR - procesn\u00ed technologie a laboratorn\u00ed technika.\",\"potentialAction\":[{\"@type\":\"SearchAction\",\"target\":{\"@type\":\"EntryPoint\",\"urlTemplate\":\"https:\/\/www.neotec.cz\/ikaprocess\/?s={search_term_string}\"},\"query-input\":{\"@type\":\"PropertyValueSpecification\",\"valueRequired\":true,\"valueName\":\"search_term_string\"}}],\"inLanguage\":\"cs\"}]}<\/script>\n<!-- \/ Yoast SEO plugin. -->","yoast_head_json":{"title":"Koloidn\u00ed ml\u00fdn MK - NEOTEC, spol. s r.o. - procesn\u00ed technologie firmy IKA","description":"NEOTEC - zam\u011b\u0159en\u00ed: V\u00fdhradn\u00ed zastoupen\u00ed firmy IKA pro \u010cR.","robots":{"index":"index","follow":"follow","max-snippet":"max-snippet:-1","max-image-preview":"max-image-preview:large","max-video-preview":"max-video-preview:-1"},"canonical":"https:\/\/www.neotec.cz\/ikaprocess\/colloid-mill-mk\/","og_locale":"cs_CZ","og_type":"article","og_title":"Koloidn\u00ed ml\u00fdn MK - NEOTEC, spol. s r.o. - procesn\u00ed technologie firmy IKA","og_description":"NEOTEC - zam\u011b\u0159en\u00ed: V\u00fdhradn\u00ed zastoupen\u00ed firmy IKA pro \u010cR.","og_url":"https:\/\/www.neotec.cz\/ikaprocess\/colloid-mill-mk\/","og_site_name":"NEOTEC, spol. s r.o. - procesn\u00ed technologie firmy IKA","article_modified_time":"2017-06-29T10:31:48+00:00","og_image":[{"url":"http:\/\/www.neotec.cz\/ikaprocess\/wp-content\/uploads\/2017\/06\/MK_main_ds_all_sizes_a-258x300.jpg","type":"","width":"","height":""}],"twitter_card":"summary_large_image","twitter_misc":{"Odhadovan\u00e1 doba \u010dten\u00ed":"1 minuta"},"schema":{"@context":"https:\/\/schema.org","@graph":[{"@type":"WebPage","@id":"https:\/\/www.neotec.cz\/ikaprocess\/colloid-mill-mk\/","url":"https:\/\/www.neotec.cz\/ikaprocess\/colloid-mill-mk\/","name":"Koloidn\u00ed ml\u00fdn MK - NEOTEC, spol. s r.o. - procesn\u00ed technologie firmy IKA","isPartOf":{"@id":"https:\/\/www.neotec.cz\/ikaprocess\/#website"},"primaryImageOfPage":{"@id":"https:\/\/www.neotec.cz\/ikaprocess\/colloid-mill-mk\/#primaryimage"},"image":{"@id":"https:\/\/www.neotec.cz\/ikaprocess\/colloid-mill-mk\/#primaryimage"},"thumbnailUrl":"http:\/\/www.neotec.cz\/ikaprocess\/wp-content\/uploads\/2017\/06\/MK_main_ds_all_sizes_a-258x300.jpg","datePublished":"2017-06-29T09:26:59+00:00","dateModified":"2017-06-29T10:31:48+00:00","description":"NEOTEC - zam\u011b\u0159en\u00ed: V\u00fdhradn\u00ed zastoupen\u00ed firmy IKA pro \u010cR.","breadcrumb":{"@id":"https:\/\/www.neotec.cz\/ikaprocess\/colloid-mill-mk\/#breadcrumb"},"inLanguage":"cs","potentialAction":[{"@type":"ReadAction","target":["https:\/\/www.neotec.cz\/ikaprocess\/colloid-mill-mk\/"]}]},{"@type":"ImageObject","inLanguage":"cs","@id":"https:\/\/www.neotec.cz\/ikaprocess\/colloid-mill-mk\/#primaryimage","url":"http:\/\/www.neotec.cz\/ikaprocess\/wp-content\/uploads\/2017\/06\/MK_main_ds_all_sizes_a-258x300.jpg","contentUrl":"http:\/\/www.neotec.cz\/ikaprocess\/wp-content\/uploads\/2017\/06\/MK_main_ds_all_sizes_a-258x300.jpg"},{"@type":"BreadcrumbList","@id":"https:\/\/www.neotec.cz\/ikaprocess\/colloid-mill-mk\/#breadcrumb","itemListElement":[{"@type":"ListItem","position":1,"name":"Dom\u016f","item":"https:\/\/www.neotec.cz\/ikaprocess\/"},{"@type":"ListItem","position":2,"name":"Koloidn\u00ed ml\u00fdn MK"}]},{"@type":"WebSite","@id":"https:\/\/www.neotec.cz\/ikaprocess\/#website","url":"https:\/\/www.neotec.cz\/ikaprocess\/","name":"NEOTEC, spol. s r.o. - procesn\u00ed technologie firmy IKA","description":"NEOTEC - v\u00fdhradn\u00ed zastoupen\u00ed firmy IKA pro \u010cR - procesn\u00ed technologie a laboratorn\u00ed technika.","potentialAction":[{"@type":"SearchAction","target":{"@type":"EntryPoint","urlTemplate":"https:\/\/www.neotec.cz\/ikaprocess\/?s={search_term_string}"},"query-input":{"@type":"PropertyValueSpecification","valueRequired":true,"valueName":"search_term_string"}}],"inLanguage":"cs"}]}},"_links":{"self":[{"href":"https:\/\/www.neotec.cz\/ikaprocess\/wp-json\/wp\/v2\/pages\/1759","targetHints":{"allow":["GET"]}}],"collection":[{"href":"https:\/\/www.neotec.cz\/ikaprocess\/wp-json\/wp\/v2\/pages"}],"about":[{"href":"https:\/\/www.neotec.cz\/ikaprocess\/wp-json\/wp\/v2\/types\/page"}],"author":[{"embeddable":true,"href":"https:\/\/www.neotec.cz\/ikaprocess\/wp-json\/wp\/v2\/users\/1"}],"replies":[{"embeddable":true,"href":"https:\/\/www.neotec.cz\/ikaprocess\/wp-json\/wp\/v2\/comments?post=1759"}],"version-history":[{"count":6,"href":"https:\/\/www.neotec.cz\/ikaprocess\/wp-json\/wp\/v2\/pages\/1759\/revisions"}],"predecessor-version":[{"id":1775,"href":"https:\/\/www.neotec.cz\/ikaprocess\/wp-json\/wp\/v2\/pages\/1759\/revisions\/1775"}],"wp:attachment":[{"href":"https:\/\/www.neotec.cz\/ikaprocess\/wp-json\/wp\/v2\/media?parent=1759"}],"curies":[{"name":"wp","href":"https:\/\/api.w.org\/{rel}","templated":true}]}}