{"id":1790,"date":"2017-06-29T11:55:53","date_gmt":"2017-06-29T10:55:53","guid":{"rendered":"http:\/\/www.neotec.cz\/ikaprocess\/?page_id=1790"},"modified":"2017-06-29T11:56:34","modified_gmt":"2017-06-29T10:56:34","slug":"cone-mill-mko","status":"publish","type":"page","link":"https:\/\/www.neotec.cz\/ikaprocess\/cone-mill-mko\/","title":{"rendered":"K\u00f3nick\u00fd ml\u00fdn MKO"},"content":{"rendered":"<div id=\"pl-1790\"  class=\"panel-layout\" ><div id=\"pg-1790-0\"  class=\"panel-grid panel-no-style\" ><div id=\"pgc-1790-0-0\"  class=\"panel-grid-cell\" ><div id=\"panel-1790-0-0-0\" class=\"so-panel widget widget_sow-editor panel-first-child panel-last-child\" data-index=\"0\" ><div\n\t\t\t\n\t\t\tclass=\"so-widget-sow-editor so-widget-sow-editor-base\"\n\t\t\t\n\t\t><h3 class=\"widget-title\">K\u00f3nick\u00fd ml\u00fdn MKO<\/h3>\n<div class=\"siteorigin-widget-tinymce textwidget\">\n\t<p>The IKA MKO 2000 is a high-performance inline cone mill capable of performing wet and fine milling of tough and grainy or crystalline raw materials. The MKO 2000 is especially suitable for the de-agglomeration of suspensions. Excellent dispersing performance allows the IKA Cone Mill MKO 2000 to be used for continuous processes, providing a narrow distribution range of ground particles in a single pass. For challenging milling tasks the cone mill can be installed into a recirculation loop with a working vessel by means of tube connections.<\/p>\n<p>The cone mill MKO 2000 differs from the colloid mill MK 2000 offered by IKA due to its special milling tool. The first stage is identical with that of the colloid mill, geared towards and serves for feeding and pre-milling of the product. Instead of gear cutting tools, the other conical rotor\/stator parts are coated with an extremely hard coating that has a very rough surface texture. The coatings consist of high quality materials such as carbides and ceramics. Alternatively, IKA also provides solid tools comprised of zirconium ceramic. The milling tool produces an intense shear zone that can process materials with medium or high viscosities. It generally causes an even narrower distribution and finer particle size than a colloid mill. The wet milling combined with a solid content provides good results even with low viscosity masses.<\/p>\n<p>The conical geometry of the milling tool enables an axial displacement of the stator for an infinite adjustment of the milling gap. In addition to the rotating speed, the energy input and thus the dispersion effect can also be affected by adjusting the gap between rotor and stator. For applications with a fixed grinding gap and high demands for reproducibility, the infinite adjustment of the milling gap can be replaced by a system with fixed spacers<\/p>\n<p>The combination of small grinding gaps with the friction between the tools and product allows for an excellent grinding effect. Unlike other corundum mills where tool-wear leads to permanent contamination, the rotor\/stator tools of the MKO are not in contact with each other. Special versions are designed in a manner which precludes any metal contamination, even with abrasive products. These collective features make the IKA cone mill a unique device for wet milling and the de-agglomeration of suspensions.<\/p>\n<p>The IKA Cone Mill MKO 2000 is available in seven different sizes, with varied possible throughput from 25 to 6.000 l\/h referring to water. All machine sizes do work with the same circumferential rotor speed, which ensures reliable scale-up.<\/p>\n<\/div>\n<\/div><\/div><\/div><\/div><div id=\"pg-1790-1\"  class=\"panel-grid panel-no-style\" ><div id=\"pgc-1790-1-0\"  class=\"panel-grid-cell\" ><div id=\"panel-1790-1-0-0\" class=\"so-panel widget widget_sow-image panel-first-child panel-last-child\" data-index=\"1\" ><div\n\t\t\t\n\t\t\tclass=\"so-widget-sow-image so-widget-sow-image-default-3a2476c0e107-1790\"\n\t\t\t\n\t\t>\n\n<div class=\"sow-image-container\">\n\t\t<img loading=\"lazy\" decoding=\"async\" src=\"https:\/\/www.neotec.cz\/ikaprocess\/wp-content\/uploads\/2017\/06\/MKO-258x300.png\" width=\"258\" height=\"300\" srcset=\"https:\/\/www.neotec.cz\/ikaprocess\/wp-content\/uploads\/2017\/06\/MKO-258x300.png 258w, https:\/\/www.neotec.cz\/ikaprocess\/wp-content\/uploads\/2017\/06\/MKO.png 603w\" sizes=\"auto, (max-width: 258px) 100vw, 258px\" alt=\"\" \t\tclass=\"so-widget-image\"\/>\n\t<\/div>\n\n<\/div><\/div><\/div><div id=\"pgc-1790-1-1\"  class=\"panel-grid-cell\" ><div id=\"panel-1790-1-1-0\" class=\"so-panel widget widget_sow-image panel-first-child panel-last-child\" data-index=\"2\" ><div\n\t\t\t\n\t\t\tclass=\"so-widget-sow-image so-widget-sow-image-default-3a2476c0e107-1790\"\n\t\t\t\n\t\t>\n\n<div class=\"sow-image-container\">\n\t\t<img loading=\"lazy\" decoding=\"async\" src=\"https:\/\/www.neotec.cz\/ikaprocess\/wp-content\/uploads\/2017\/06\/MKO_altern_2_a-258x300.jpg\" width=\"258\" height=\"300\" srcset=\"https:\/\/www.neotec.cz\/ikaprocess\/wp-content\/uploads\/2017\/06\/MKO_altern_2_a-258x300.jpg 258w, https:\/\/www.neotec.cz\/ikaprocess\/wp-content\/uploads\/2017\/06\/MKO_altern_2_a.jpg 603w\" sizes=\"auto, (max-width: 258px) 100vw, 258px\" alt=\"\" \t\tclass=\"so-widget-image\"\/>\n\t<\/div>\n\n<\/div><\/div><\/div><div id=\"pgc-1790-1-2\"  class=\"panel-grid-cell\" ><div id=\"panel-1790-1-2-0\" class=\"so-panel widget widget_sow-image panel-first-child panel-last-child\" data-index=\"3\" ><div\n\t\t\t\n\t\t\tclass=\"so-widget-sow-image so-widget-sow-image-default-3a2476c0e107-1790\"\n\t\t\t\n\t\t>\n\n<div class=\"sow-image-container\">\n\t\t<img loading=\"lazy\" decoding=\"async\" src=\"https:\/\/www.neotec.cz\/ikaprocess\/wp-content\/uploads\/2017\/06\/MKO_altern_1_a-258x300.jpg\" width=\"258\" height=\"300\" srcset=\"https:\/\/www.neotec.cz\/ikaprocess\/wp-content\/uploads\/2017\/06\/MKO_altern_1_a-258x300.jpg 258w, https:\/\/www.neotec.cz\/ikaprocess\/wp-content\/uploads\/2017\/06\/MKO_altern_1_a.jpg 603w\" sizes=\"auto, (max-width: 258px) 100vw, 258px\" alt=\"\" \t\tclass=\"so-widget-image\"\/>\n\t<\/div>\n\n<\/div><\/div><\/div><\/div><div id=\"pg-1790-2\"  class=\"panel-grid panel-no-style\" ><div id=\"pgc-1790-2-0\"  class=\"panel-grid-cell\" ><div id=\"panel-1790-2-0-0\" class=\"so-panel widget widget_sow-editor panel-first-child panel-last-child\" data-index=\"4\" ><div\n\t\t\t\n\t\t\tclass=\"so-widget-sow-editor so-widget-sow-editor-base\"\n\t\t\t\n\t\t>\n<div class=\"siteorigin-widget-tinymce textwidget\">\n\t\n<table id=\"tablepress-7\" class=\"tablepress tablepress-id-7\">\n<thead>\n<tr class=\"row-1\">\n\t<th colspan=\"5\" class=\"column-1\">Technick\u00e9 parametry<\/th>\n<\/tr>\n<\/thead>\n<tbody class=\"row-striping row-hover\">\n<tr class=\"row-2\">\n\t<td class=\"column-1\"><b>Typ<\/b><\/td><td class=\"column-2\"><b>Maxim\u00e1ln\u00ed pr\u016ftok (l\/h)<\/b> <\/td><td class=\"column-3\"><b>V\u00fdkon motoru (kW)<\/b><\/td><td class=\"column-4\"><b>Ot\u00e1\u010dky motoru (ot\/min)<\/b><\/td><td class=\"column-5\"><b>Technick\u00fd list (EN)<\/b><\/td>\n<\/tr>\n<tr class=\"row-3\">\n\t<td class=\"column-1\">K\u00f3nick\u00fd ml\u00fdn MKO 2000\/05<\/td><td class=\"column-2\">150<\/td><td class=\"column-3\">4<\/td><td class=\"column-4\">3000<\/td><td class=\"column-5\"><a href=\"http:\/\/www.neotec.cz\/ikaprocess\/wp-content\/uploads\/2017\/06\/Data_Sheet_Cone_Mill__MKO_2000-05.pdf\" target=\"_blank\"><img loading=\"lazy\" decoding=\"async\" class=\"alignleft wp-image-1108 size-full\" src=\"http:\/\/www.neotec.cz\/ikaprocess\/wp-content\/uploads\/2017\/06\/picPDF.png\" alt=\"picPDF\" width=\"32\" height=\"32\" \/><\/a><\/td>\n<\/tr>\n<tr class=\"row-4\">\n\t<td class=\"column-1\">K\u00f3nick\u00fd ml\u00fdn MKO 2000\/10<\/td><td class=\"column-2\">500<\/td><td class=\"column-3\">15<\/td><td class=\"column-4\">3000<\/td><td class=\"column-5\"><a href=\"http:\/\/www.neotec.cz\/ikaprocess\/wp-content\/uploads\/2017\/06\/Data_Sheet_Cone_Mill__MKO_2000-10.pdf\" target=\"_blank\"><img loading=\"lazy\" decoding=\"async\" class=\"alignleft wp-image-1108 size-full\" src=\"http:\/\/www.neotec.cz\/ikaprocess\/wp-content\/uploads\/2017\/06\/picPDF.png\" alt=\"picPDF\" width=\"32\" height=\"32\" \/><\/a><\/td>\n<\/tr>\n<tr class=\"row-5\">\n\t<td class=\"column-1\">K\u00f3nick\u00fd ml\u00fdn MKO 2000\/20<\/td><td class=\"column-2\">1500<\/td><td class=\"column-3\">37<\/td><td class=\"column-4\">3000<\/td><td class=\"column-5\"><a href=\"http:\/\/www.neotec.cz\/ikaprocess\/wp-content\/uploads\/2017\/06\/Data_Sheet_Cone_Mill__MKO_2000-20.pdf\" target=\"_blank\"><img loading=\"lazy\" decoding=\"async\" class=\"alignleft wp-image-1108 size-full\" src=\"http:\/\/www.neotec.cz\/ikaprocess\/wp-content\/uploads\/2017\/06\/picPDF.png\" alt=\"picPDF\" width=\"32\" height=\"32\" \/><\/a><\/td>\n<\/tr>\n<tr class=\"row-6\">\n\t<td class=\"column-1\">K\u00f3nick\u00fd ml\u00fdn MKO 2000\/30<\/td><td class=\"column-2\">3000<\/td><td class=\"column-3\">55<\/td><td class=\"column-4\">1500<\/td><td class=\"column-5\"><a href=\"http:\/\/www.neotec.cz\/ikaprocess\/wp-content\/uploads\/2017\/06\/Data_Sheet_Cone_Mill__MKO_2000-30.pdf\" target=\"_blank\"><img loading=\"lazy\" decoding=\"async\" class=\"alignleft wp-image-1108 size-full\" src=\"http:\/\/www.neotec.cz\/ikaprocess\/wp-content\/uploads\/2017\/06\/picPDF.png\" alt=\"picPDF\" width=\"32\" height=\"32\" \/><\/a><\/td>\n<\/tr>\n<tr class=\"row-7\">\n\t<td class=\"column-1\">K\u00f3nick\u00fd ml\u00fdn MKO 2000\/50<\/td><td class=\"column-2\">6000<\/td><td class=\"column-3\">160<\/td><td class=\"column-4\">1500<\/td><td class=\"column-5\"><a href=\"http:\/\/www.neotec.cz\/ikaprocess\/wp-content\/uploads\/2017\/06\/Data_Sheet_Cone_Mill__MKO_2000-50.pdf\" target=\"_blank\"><img loading=\"lazy\" decoding=\"async\" class=\"alignleft wp-image-1108 size-full\" src=\"http:\/\/www.neotec.cz\/ikaprocess\/wp-content\/uploads\/2017\/06\/picPDF.png\" alt=\"picPDF\" width=\"32\" height=\"32\" \/><\/a><\/td>\n<\/tr>\n<\/tbody>\n<\/table>\n\n<\/div>\n<\/div><\/div><\/div><\/div><div id=\"pg-1790-3\"  class=\"panel-grid panel-no-style\" ><div id=\"pgc-1790-3-0\"  class=\"panel-grid-cell\" ><div id=\"panel-1790-3-0-0\" class=\"so-panel widget widget_sow-editor panel-first-child panel-last-child\" data-index=\"5\" ><div\n\t\t\t\n\t\t\tclass=\"so-widget-sow-editor so-widget-sow-editor-base\"\n\t\t\t\n\t\t><h3 class=\"widget-title\">Ke sta\u017een\u00ed<\/h3>\n<div class=\"siteorigin-widget-tinymce textwidget\">\n\t<p><a href=\"http:\/\/www.neotec.cz\/ikaprocess\/wp-content\/uploads\/2017\/06\/Process_Technology_IWS_EN_94000172_web.pdf\" target=\"_blank\" rel=\"\">Procesn\u00ed technologie (EN)<\/a><a href=\"http:\/\/www.neotec.cz\/ikaprocess\/wp-content\/uploads\/2017\/06\/Process_Technology_IWS_EN_94000172_web.pdf\" target=\"_blank\"><img loading=\"lazy\" decoding=\"async\" class=\"alignleft wp-image-1108 size-full\" src=\"http:\/\/www.neotec.cz\/zund\/wp-content\/uploads\/2016\/02\/picPDF.png\" alt=\"picPDF\" width=\"32\" height=\"32\" \/><\/a><\/p>\n<\/div>\n<\/div><\/div><\/div><\/div><\/div>","protected":false},"excerpt":{"rendered":"<p>The IKA MKO 2000 is a high-performance inline cone mill capable of performing wet and fine milling of tough and grainy or crystalline raw materials. The MKO 2000 is especially suitable for the de-agglomeration of suspensions. Excellent dispersing performance allows the IKA Cone Mill MKO 2000 to be used for continuous processes, providing a narrow [&hellip;]<\/p>\n","protected":false},"author":1,"featured_media":0,"parent":0,"menu_order":0,"comment_status":"closed","ping_status":"closed","template":"templates\/template-full-notitle.php","meta":{"footnotes":""},"class_list":["post-1790","page","type-page","status-publish","hentry","post"],"yoast_head":"<!-- This site is optimized with the Yoast SEO plugin v24.2 - https:\/\/yoast.com\/wordpress\/plugins\/seo\/ -->\n<title>K\u00f3nick\u00fd ml\u00fdn MKO - NEOTEC, spol. s r.o. - procesn\u00ed technologie firmy IKA<\/title>\n<meta name=\"description\" content=\"NEOTEC - zam\u011b\u0159en\u00ed: V\u00fdhradn\u00ed zastoupen\u00ed firmy IKA pro \u010cR.\" \/>\n<meta name=\"robots\" content=\"index, follow, max-snippet:-1, max-image-preview:large, max-video-preview:-1\" \/>\n<link rel=\"canonical\" href=\"https:\/\/www.neotec.cz\/ikaprocess\/cone-mill-mko\/\" \/>\n<meta property=\"og:locale\" content=\"cs_CZ\" \/>\n<meta property=\"og:type\" content=\"article\" \/>\n<meta property=\"og:title\" content=\"K\u00f3nick\u00fd ml\u00fdn MKO - NEOTEC, spol. s r.o. - procesn\u00ed technologie firmy IKA\" \/>\n<meta property=\"og:description\" content=\"NEOTEC - zam\u011b\u0159en\u00ed: V\u00fdhradn\u00ed zastoupen\u00ed firmy IKA pro \u010cR.\" \/>\n<meta property=\"og:url\" content=\"https:\/\/www.neotec.cz\/ikaprocess\/cone-mill-mko\/\" \/>\n<meta property=\"og:site_name\" content=\"NEOTEC, spol. s r.o. - procesn\u00ed technologie firmy IKA\" \/>\n<meta property=\"article:modified_time\" content=\"2017-06-29T10:56:34+00:00\" \/>\n<meta property=\"og:image\" content=\"http:\/\/www.neotec.cz\/ikaprocess\/wp-content\/uploads\/2017\/06\/MKO-258x300.png\" \/>\n<meta name=\"twitter:card\" content=\"summary_large_image\" \/>\n<meta name=\"twitter:label1\" content=\"Odhadovan\u00e1 doba \u010dten\u00ed\" \/>\n\t<meta name=\"twitter:data1\" content=\"2 minuty\" \/>\n<script type=\"application\/ld+json\" class=\"yoast-schema-graph\">{\"@context\":\"https:\/\/schema.org\",\"@graph\":[{\"@type\":\"WebPage\",\"@id\":\"https:\/\/www.neotec.cz\/ikaprocess\/cone-mill-mko\/\",\"url\":\"https:\/\/www.neotec.cz\/ikaprocess\/cone-mill-mko\/\",\"name\":\"K\u00f3nick\u00fd ml\u00fdn MKO - NEOTEC, spol. s r.o. - procesn\u00ed technologie firmy IKA\",\"isPartOf\":{\"@id\":\"https:\/\/www.neotec.cz\/ikaprocess\/#website\"},\"primaryImageOfPage\":{\"@id\":\"https:\/\/www.neotec.cz\/ikaprocess\/cone-mill-mko\/#primaryimage\"},\"image\":{\"@id\":\"https:\/\/www.neotec.cz\/ikaprocess\/cone-mill-mko\/#primaryimage\"},\"thumbnailUrl\":\"http:\/\/www.neotec.cz\/ikaprocess\/wp-content\/uploads\/2017\/06\/MKO-258x300.png\",\"datePublished\":\"2017-06-29T10:55:53+00:00\",\"dateModified\":\"2017-06-29T10:56:34+00:00\",\"description\":\"NEOTEC - zam\u011b\u0159en\u00ed: V\u00fdhradn\u00ed zastoupen\u00ed firmy IKA pro \u010cR.\",\"breadcrumb\":{\"@id\":\"https:\/\/www.neotec.cz\/ikaprocess\/cone-mill-mko\/#breadcrumb\"},\"inLanguage\":\"cs\",\"potentialAction\":[{\"@type\":\"ReadAction\",\"target\":[\"https:\/\/www.neotec.cz\/ikaprocess\/cone-mill-mko\/\"]}]},{\"@type\":\"ImageObject\",\"inLanguage\":\"cs\",\"@id\":\"https:\/\/www.neotec.cz\/ikaprocess\/cone-mill-mko\/#primaryimage\",\"url\":\"http:\/\/www.neotec.cz\/ikaprocess\/wp-content\/uploads\/2017\/06\/MKO-258x300.png\",\"contentUrl\":\"http:\/\/www.neotec.cz\/ikaprocess\/wp-content\/uploads\/2017\/06\/MKO-258x300.png\"},{\"@type\":\"BreadcrumbList\",\"@id\":\"https:\/\/www.neotec.cz\/ikaprocess\/cone-mill-mko\/#breadcrumb\",\"itemListElement\":[{\"@type\":\"ListItem\",\"position\":1,\"name\":\"Dom\u016f\",\"item\":\"https:\/\/www.neotec.cz\/ikaprocess\/\"},{\"@type\":\"ListItem\",\"position\":2,\"name\":\"K\u00f3nick\u00fd ml\u00fdn MKO\"}]},{\"@type\":\"WebSite\",\"@id\":\"https:\/\/www.neotec.cz\/ikaprocess\/#website\",\"url\":\"https:\/\/www.neotec.cz\/ikaprocess\/\",\"name\":\"NEOTEC, spol. s r.o. - procesn\u00ed technologie firmy IKA\",\"description\":\"NEOTEC - v\u00fdhradn\u00ed zastoupen\u00ed firmy IKA pro \u010cR - procesn\u00ed technologie a laboratorn\u00ed technika.\",\"potentialAction\":[{\"@type\":\"SearchAction\",\"target\":{\"@type\":\"EntryPoint\",\"urlTemplate\":\"https:\/\/www.neotec.cz\/ikaprocess\/?s={search_term_string}\"},\"query-input\":{\"@type\":\"PropertyValueSpecification\",\"valueRequired\":true,\"valueName\":\"search_term_string\"}}],\"inLanguage\":\"cs\"}]}<\/script>\n<!-- \/ Yoast SEO plugin. -->","yoast_head_json":{"title":"K\u00f3nick\u00fd ml\u00fdn MKO - NEOTEC, spol. s r.o. - procesn\u00ed technologie firmy IKA","description":"NEOTEC - zam\u011b\u0159en\u00ed: V\u00fdhradn\u00ed zastoupen\u00ed firmy IKA pro \u010cR.","robots":{"index":"index","follow":"follow","max-snippet":"max-snippet:-1","max-image-preview":"max-image-preview:large","max-video-preview":"max-video-preview:-1"},"canonical":"https:\/\/www.neotec.cz\/ikaprocess\/cone-mill-mko\/","og_locale":"cs_CZ","og_type":"article","og_title":"K\u00f3nick\u00fd ml\u00fdn MKO - NEOTEC, spol. s r.o. - procesn\u00ed technologie firmy IKA","og_description":"NEOTEC - zam\u011b\u0159en\u00ed: V\u00fdhradn\u00ed zastoupen\u00ed firmy IKA pro \u010cR.","og_url":"https:\/\/www.neotec.cz\/ikaprocess\/cone-mill-mko\/","og_site_name":"NEOTEC, spol. s r.o. - procesn\u00ed technologie firmy IKA","article_modified_time":"2017-06-29T10:56:34+00:00","og_image":[{"url":"http:\/\/www.neotec.cz\/ikaprocess\/wp-content\/uploads\/2017\/06\/MKO-258x300.png","type":"","width":"","height":""}],"twitter_card":"summary_large_image","twitter_misc":{"Odhadovan\u00e1 doba \u010dten\u00ed":"2 minuty"},"schema":{"@context":"https:\/\/schema.org","@graph":[{"@type":"WebPage","@id":"https:\/\/www.neotec.cz\/ikaprocess\/cone-mill-mko\/","url":"https:\/\/www.neotec.cz\/ikaprocess\/cone-mill-mko\/","name":"K\u00f3nick\u00fd ml\u00fdn MKO - NEOTEC, spol. s r.o. - procesn\u00ed technologie firmy IKA","isPartOf":{"@id":"https:\/\/www.neotec.cz\/ikaprocess\/#website"},"primaryImageOfPage":{"@id":"https:\/\/www.neotec.cz\/ikaprocess\/cone-mill-mko\/#primaryimage"},"image":{"@id":"https:\/\/www.neotec.cz\/ikaprocess\/cone-mill-mko\/#primaryimage"},"thumbnailUrl":"http:\/\/www.neotec.cz\/ikaprocess\/wp-content\/uploads\/2017\/06\/MKO-258x300.png","datePublished":"2017-06-29T10:55:53+00:00","dateModified":"2017-06-29T10:56:34+00:00","description":"NEOTEC - zam\u011b\u0159en\u00ed: V\u00fdhradn\u00ed zastoupen\u00ed firmy IKA pro \u010cR.","breadcrumb":{"@id":"https:\/\/www.neotec.cz\/ikaprocess\/cone-mill-mko\/#breadcrumb"},"inLanguage":"cs","potentialAction":[{"@type":"ReadAction","target":["https:\/\/www.neotec.cz\/ikaprocess\/cone-mill-mko\/"]}]},{"@type":"ImageObject","inLanguage":"cs","@id":"https:\/\/www.neotec.cz\/ikaprocess\/cone-mill-mko\/#primaryimage","url":"http:\/\/www.neotec.cz\/ikaprocess\/wp-content\/uploads\/2017\/06\/MKO-258x300.png","contentUrl":"http:\/\/www.neotec.cz\/ikaprocess\/wp-content\/uploads\/2017\/06\/MKO-258x300.png"},{"@type":"BreadcrumbList","@id":"https:\/\/www.neotec.cz\/ikaprocess\/cone-mill-mko\/#breadcrumb","itemListElement":[{"@type":"ListItem","position":1,"name":"Dom\u016f","item":"https:\/\/www.neotec.cz\/ikaprocess\/"},{"@type":"ListItem","position":2,"name":"K\u00f3nick\u00fd ml\u00fdn MKO"}]},{"@type":"WebSite","@id":"https:\/\/www.neotec.cz\/ikaprocess\/#website","url":"https:\/\/www.neotec.cz\/ikaprocess\/","name":"NEOTEC, spol. s r.o. - procesn\u00ed technologie firmy IKA","description":"NEOTEC - v\u00fdhradn\u00ed zastoupen\u00ed firmy IKA pro \u010cR - procesn\u00ed technologie a laboratorn\u00ed technika.","potentialAction":[{"@type":"SearchAction","target":{"@type":"EntryPoint","urlTemplate":"https:\/\/www.neotec.cz\/ikaprocess\/?s={search_term_string}"},"query-input":{"@type":"PropertyValueSpecification","valueRequired":true,"valueName":"search_term_string"}}],"inLanguage":"cs"}]}},"_links":{"self":[{"href":"https:\/\/www.neotec.cz\/ikaprocess\/wp-json\/wp\/v2\/pages\/1790","targetHints":{"allow":["GET"]}}],"collection":[{"href":"https:\/\/www.neotec.cz\/ikaprocess\/wp-json\/wp\/v2\/pages"}],"about":[{"href":"https:\/\/www.neotec.cz\/ikaprocess\/wp-json\/wp\/v2\/types\/page"}],"author":[{"embeddable":true,"href":"https:\/\/www.neotec.cz\/ikaprocess\/wp-json\/wp\/v2\/users\/1"}],"replies":[{"embeddable":true,"href":"https:\/\/www.neotec.cz\/ikaprocess\/wp-json\/wp\/v2\/comments?post=1790"}],"version-history":[{"count":4,"href":"https:\/\/www.neotec.cz\/ikaprocess\/wp-json\/wp\/v2\/pages\/1790\/revisions"}],"predecessor-version":[{"id":2618,"href":"https:\/\/www.neotec.cz\/ikaprocess\/wp-json\/wp\/v2\/pages\/1790\/revisions\/2618"}],"wp:attachment":[{"href":"https:\/\/www.neotec.cz\/ikaprocess\/wp-json\/wp\/v2\/media?parent=1790"}],"curies":[{"name":"wp","href":"https:\/\/api.w.org\/{rel}","templated":true}]}}