{"id":1817,"date":"2017-06-29T13:40:33","date_gmt":"2017-06-29T12:40:33","guid":{"rendered":"http:\/\/www.neotec.cz\/ikaprocess\/?page_id=1817"},"modified":"2017-07-07T14:00:08","modified_gmt":"2017-07-07T13:00:08","slug":"michacky-pevnych-latek","status":"publish","type":"page","link":"https:\/\/www.neotec.cz\/ikaprocess\/michacky-pevnych-latek\/","title":{"rendered":"M\u00edcha\u010dky pevn\u00fdch l\u00e1tek"},"content":{"rendered":"<div id=\"pl-1817\"  class=\"panel-layout\" ><div id=\"pg-1817-0\"  class=\"panel-grid panel-no-style\" ><div id=\"pgc-1817-0-0\"  class=\"panel-grid-cell\" ><div id=\"panel-1817-0-0-0\" class=\"so-panel widget widget_sow-image panel-first-child\" data-index=\"0\" ><div\n\t\t\t\n\t\t\tclass=\"so-widget-sow-image so-widget-sow-image-default-6ec9e3772f75-1817\"\n\t\t\t\n\t\t>\n\n<div class=\"sow-image-container\">\n\t\t<img loading=\"lazy\" decoding=\"async\" src=\"https:\/\/www.neotec.cz\/ikaprocess\/wp-content\/uploads\/2017\/06\/hero-proc-solid-liquid.jpg\" width=\"590\" height=\"329\" srcset=\"https:\/\/www.neotec.cz\/ikaprocess\/wp-content\/uploads\/2017\/06\/hero-proc-solid-liquid.jpg 590w, https:\/\/www.neotec.cz\/ikaprocess\/wp-content\/uploads\/2017\/06\/hero-proc-solid-liquid-300x167.jpg 300w\" sizes=\"auto, (max-width: 590px) 100vw, 590px\" alt=\"\" \t\tclass=\"so-widget-image\"\/>\n\t<\/div>\n\n<\/div><\/div><div id=\"panel-1817-0-0-1\" class=\"so-panel widget widget_sow-editor panel-last-child\" data-index=\"1\" ><div\n\t\t\t\n\t\t\tclass=\"so-widget-sow-editor so-widget-sow-editor-base\"\n\t\t\t\n\t\t><h3 class=\"widget-title\">M\u00edcha\u010dky pevn\u00fdch l\u00e1tek<\/h3>\n<div class=\"siteorigin-widget-tinymce textwidget\">\n\t<div>\n<p>Inline pr\u00e1\u0161kov\u00e9 zvlh\u010dovac\u00ed a disperga\u010dn\u00ed stroje IKA provedou rychl\u00e9 namo\u010den\u00ed a dispergov\u00e1n\u00ed r\u016fzn\u00fdch pr\u00e1\u0161k\u016f nebo granul\u00ed v kapalin\u00e1ch.<\/p>\n<p>P\u0159ednosti t\u011bchto stroj\u016f:<\/p>\n<ul>\n<li>Nulov\u00e9 emise prachu a rozpou\u0161t\u011bdel<\/li>\n<li>Zamezuj\u00ed vytv\u00e1\u0159en\u00ed sra\u017eenin a hrudek<\/li>\n<li>Krat\u0161\u00ed v\u00fdrobn\u00ed \u010dasy<\/li>\n<li>Vylep\u0161en\u00e1 a konstantn\u00ed kvalita zpracov\u00e1n\u00ed<\/li>\n<li>Efektivn\u00ed vyu\u017eit\u00ed surovin<\/li>\n<li>Jednoduch\u00e1 a bezpe\u010dn\u00e1 manipulace<\/li>\n<li>Voliteln\u011b jsou dostupn\u00e9 dal\u0161\u00ed mo\u017enosti automatizace<\/li>\n<li>Spolehliv\u00e9 zv\u011bt\u0161ov\u00e1n\u00ed sm\u011b\u0161ovac\u00edch proces\u016f od laboratorn\u00edho mno\u017estv\u00ed a\u017e po b\u011b\u017enou produkci<\/li>\n<li>Kompaktn\u00ed konstrukce minimalizuje po\u017eadavky na prostor<\/li>\n<li>Spl\u0148uje po\u017eadavky na v\u00fdrobu potravin a farmaceutick\u00fdch v\u00fdrobk\u016f<\/li>\n<li>Snadn\u00e1 instalace \/ kompatibilita se st\u00e1vaj\u00edc\u00edmi za\u0159\u00edzen\u00edmi<\/li>\n<\/ul>\n<p><strong>Stroje a za\u0159\u00edzen\u00ed IKA:<\/strong><br \/><a href=\"http:\/\/www.neotec.cz\/ikaprocess\/cmx\/\">CMX (recirkula\u010dn\u00ed)<\/a><br \/><a href=\"http:\/\/www.neotec.cz\/ikaprocess\/dbi\/\">DBI (recirkula\u010dn\u00ed)<\/a><br \/><a href=\"http:\/\/www.neotec.cz\/ikaprocess\/mhd\/\">MHD (kontinu\u00e1ln\u00ed)<\/a><br \/><a href=\"http:\/\/www.neotec.cz\/ikaprocess\/dr-pb\/\">DR-PB (PMB)<\/a><\/p>\n<\/div>\n<\/div>\n<\/div><\/div><\/div><\/div><\/div>","protected":false},"excerpt":{"rendered":"<p>Inline pr\u00e1\u0161kov\u00e9 zvlh\u010dovac\u00ed a disperga\u010dn\u00ed stroje IKA provedou rychl\u00e9 namo\u010den\u00ed a dispergov\u00e1n\u00ed r\u016fzn\u00fdch pr\u00e1\u0161k\u016f nebo granul\u00ed v kapalin\u00e1ch.P\u0159ednosti t\u011bchto stroj\u016f:Nulov\u00e9 emise prachu a rozpou\u0161t\u011bdelZamezuj\u00ed vytv\u00e1\u0159en\u00ed sra\u017eenin a hrudekKrat\u0161\u00ed v\u00fdrobn\u00ed \u010dasyVylep\u0161en\u00e1 a konstantn\u00ed kvalita zpracov\u00e1n\u00edEfektivn\u00ed vyu\u017eit\u00ed surovinJednoduch\u00e1 a bezpe\u010dn\u00e1 manipulaceVoliteln\u011b jsou dostupn\u00e9 dal\u0161\u00ed mo\u017enosti automatizaceSpolehliv\u00e9 zv\u011bt\u0161ov\u00e1n\u00ed sm\u011b\u0161ovac\u00edch proces\u016f od laboratorn\u00edho mno\u017estv\u00ed a\u017e po b\u011b\u017enou produkciKompaktn\u00ed konstrukce [&hellip;]<\/p>\n","protected":false},"author":1,"featured_media":0,"parent":0,"menu_order":0,"comment_status":"closed","ping_status":"closed","template":"templates\/template-full-notitle.php","meta":{"footnotes":""},"class_list":["post-1817","page","type-page","status-publish","hentry","post"],"yoast_head":"<!-- This site is optimized with the Yoast SEO plugin v24.2 - https:\/\/yoast.com\/wordpress\/plugins\/seo\/ -->\n<title>M\u00edcha\u010dky pevn\u00fdch l\u00e1tek - NEOTEC, spol. s r.o. - procesn\u00ed technologie firmy IKA<\/title>\n<meta name=\"description\" content=\"NEOTEC - zam\u011b\u0159en\u00ed: V\u00fdhradn\u00ed zastoupen\u00ed firmy IKA pro \u010cR.\" \/>\n<meta name=\"robots\" content=\"index, follow, max-snippet:-1, max-image-preview:large, max-video-preview:-1\" \/>\n<link rel=\"canonical\" href=\"https:\/\/www.neotec.cz\/ikaprocess\/michacky-pevnych-latek\/\" \/>\n<meta property=\"og:locale\" content=\"cs_CZ\" \/>\n<meta property=\"og:type\" content=\"article\" \/>\n<meta property=\"og:title\" content=\"M\u00edcha\u010dky pevn\u00fdch l\u00e1tek - NEOTEC, spol. s r.o. - procesn\u00ed technologie firmy IKA\" \/>\n<meta property=\"og:description\" content=\"NEOTEC - zam\u011b\u0159en\u00ed: V\u00fdhradn\u00ed zastoupen\u00ed firmy IKA pro \u010cR.\" \/>\n<meta property=\"og:url\" content=\"https:\/\/www.neotec.cz\/ikaprocess\/michacky-pevnych-latek\/\" \/>\n<meta property=\"og:site_name\" content=\"NEOTEC, spol. s r.o. - procesn\u00ed technologie firmy IKA\" \/>\n<meta property=\"article:modified_time\" content=\"2017-07-07T13:00:08+00:00\" \/>\n<meta property=\"og:image\" content=\"http:\/\/www.neotec.cz\/ikaprocess\/wp-content\/uploads\/2017\/06\/hero-proc-solid-liquid.jpg\" \/>\n<meta name=\"twitter:card\" content=\"summary_large_image\" \/>\n<meta name=\"twitter:label1\" content=\"Odhadovan\u00e1 doba \u010dten\u00ed\" \/>\n\t<meta name=\"twitter:data1\" content=\"1 minuta\" \/>\n<script type=\"application\/ld+json\" class=\"yoast-schema-graph\">{\"@context\":\"https:\/\/schema.org\",\"@graph\":[{\"@type\":\"WebPage\",\"@id\":\"https:\/\/www.neotec.cz\/ikaprocess\/michacky-pevnych-latek\/\",\"url\":\"https:\/\/www.neotec.cz\/ikaprocess\/michacky-pevnych-latek\/\",\"name\":\"M\u00edcha\u010dky pevn\u00fdch l\u00e1tek - NEOTEC, spol. s r.o. - procesn\u00ed technologie firmy IKA\",\"isPartOf\":{\"@id\":\"https:\/\/www.neotec.cz\/ikaprocess\/#website\"},\"primaryImageOfPage\":{\"@id\":\"https:\/\/www.neotec.cz\/ikaprocess\/michacky-pevnych-latek\/#primaryimage\"},\"image\":{\"@id\":\"https:\/\/www.neotec.cz\/ikaprocess\/michacky-pevnych-latek\/#primaryimage\"},\"thumbnailUrl\":\"http:\/\/www.neotec.cz\/ikaprocess\/wp-content\/uploads\/2017\/06\/hero-proc-solid-liquid.jpg\",\"datePublished\":\"2017-06-29T12:40:33+00:00\",\"dateModified\":\"2017-07-07T13:00:08+00:00\",\"description\":\"NEOTEC - zam\u011b\u0159en\u00ed: V\u00fdhradn\u00ed zastoupen\u00ed firmy IKA pro \u010cR.\",\"breadcrumb\":{\"@id\":\"https:\/\/www.neotec.cz\/ikaprocess\/michacky-pevnych-latek\/#breadcrumb\"},\"inLanguage\":\"cs\",\"potentialAction\":[{\"@type\":\"ReadAction\",\"target\":[\"https:\/\/www.neotec.cz\/ikaprocess\/michacky-pevnych-latek\/\"]}]},{\"@type\":\"ImageObject\",\"inLanguage\":\"cs\",\"@id\":\"https:\/\/www.neotec.cz\/ikaprocess\/michacky-pevnych-latek\/#primaryimage\",\"url\":\"http:\/\/www.neotec.cz\/ikaprocess\/wp-content\/uploads\/2017\/06\/hero-proc-solid-liquid.jpg\",\"contentUrl\":\"http:\/\/www.neotec.cz\/ikaprocess\/wp-content\/uploads\/2017\/06\/hero-proc-solid-liquid.jpg\"},{\"@type\":\"BreadcrumbList\",\"@id\":\"https:\/\/www.neotec.cz\/ikaprocess\/michacky-pevnych-latek\/#breadcrumb\",\"itemListElement\":[{\"@type\":\"ListItem\",\"position\":1,\"name\":\"Dom\u016f\",\"item\":\"https:\/\/www.neotec.cz\/ikaprocess\/\"},{\"@type\":\"ListItem\",\"position\":2,\"name\":\"M\u00edcha\u010dky pevn\u00fdch l\u00e1tek\"}]},{\"@type\":\"WebSite\",\"@id\":\"https:\/\/www.neotec.cz\/ikaprocess\/#website\",\"url\":\"https:\/\/www.neotec.cz\/ikaprocess\/\",\"name\":\"NEOTEC, spol. s r.o. - procesn\u00ed technologie firmy IKA\",\"description\":\"NEOTEC - v\u00fdhradn\u00ed zastoupen\u00ed firmy IKA pro \u010cR - procesn\u00ed technologie a laboratorn\u00ed technika.\",\"potentialAction\":[{\"@type\":\"SearchAction\",\"target\":{\"@type\":\"EntryPoint\",\"urlTemplate\":\"https:\/\/www.neotec.cz\/ikaprocess\/?s={search_term_string}\"},\"query-input\":{\"@type\":\"PropertyValueSpecification\",\"valueRequired\":true,\"valueName\":\"search_term_string\"}}],\"inLanguage\":\"cs\"}]}<\/script>\n<!-- \/ Yoast SEO plugin. -->","yoast_head_json":{"title":"M\u00edcha\u010dky pevn\u00fdch l\u00e1tek - NEOTEC, spol. s r.o. - procesn\u00ed technologie firmy IKA","description":"NEOTEC - zam\u011b\u0159en\u00ed: V\u00fdhradn\u00ed zastoupen\u00ed firmy IKA pro \u010cR.","robots":{"index":"index","follow":"follow","max-snippet":"max-snippet:-1","max-image-preview":"max-image-preview:large","max-video-preview":"max-video-preview:-1"},"canonical":"https:\/\/www.neotec.cz\/ikaprocess\/michacky-pevnych-latek\/","og_locale":"cs_CZ","og_type":"article","og_title":"M\u00edcha\u010dky pevn\u00fdch l\u00e1tek - NEOTEC, spol. s r.o. - procesn\u00ed technologie firmy IKA","og_description":"NEOTEC - zam\u011b\u0159en\u00ed: V\u00fdhradn\u00ed zastoupen\u00ed firmy IKA pro \u010cR.","og_url":"https:\/\/www.neotec.cz\/ikaprocess\/michacky-pevnych-latek\/","og_site_name":"NEOTEC, spol. s r.o. - procesn\u00ed technologie firmy IKA","article_modified_time":"2017-07-07T13:00:08+00:00","og_image":[{"url":"http:\/\/www.neotec.cz\/ikaprocess\/wp-content\/uploads\/2017\/06\/hero-proc-solid-liquid.jpg","type":"","width":"","height":""}],"twitter_card":"summary_large_image","twitter_misc":{"Odhadovan\u00e1 doba \u010dten\u00ed":"1 minuta"},"schema":{"@context":"https:\/\/schema.org","@graph":[{"@type":"WebPage","@id":"https:\/\/www.neotec.cz\/ikaprocess\/michacky-pevnych-latek\/","url":"https:\/\/www.neotec.cz\/ikaprocess\/michacky-pevnych-latek\/","name":"M\u00edcha\u010dky pevn\u00fdch l\u00e1tek - NEOTEC, spol. s r.o. - procesn\u00ed technologie firmy IKA","isPartOf":{"@id":"https:\/\/www.neotec.cz\/ikaprocess\/#website"},"primaryImageOfPage":{"@id":"https:\/\/www.neotec.cz\/ikaprocess\/michacky-pevnych-latek\/#primaryimage"},"image":{"@id":"https:\/\/www.neotec.cz\/ikaprocess\/michacky-pevnych-latek\/#primaryimage"},"thumbnailUrl":"http:\/\/www.neotec.cz\/ikaprocess\/wp-content\/uploads\/2017\/06\/hero-proc-solid-liquid.jpg","datePublished":"2017-06-29T12:40:33+00:00","dateModified":"2017-07-07T13:00:08+00:00","description":"NEOTEC - zam\u011b\u0159en\u00ed: V\u00fdhradn\u00ed zastoupen\u00ed firmy IKA pro \u010cR.","breadcrumb":{"@id":"https:\/\/www.neotec.cz\/ikaprocess\/michacky-pevnych-latek\/#breadcrumb"},"inLanguage":"cs","potentialAction":[{"@type":"ReadAction","target":["https:\/\/www.neotec.cz\/ikaprocess\/michacky-pevnych-latek\/"]}]},{"@type":"ImageObject","inLanguage":"cs","@id":"https:\/\/www.neotec.cz\/ikaprocess\/michacky-pevnych-latek\/#primaryimage","url":"http:\/\/www.neotec.cz\/ikaprocess\/wp-content\/uploads\/2017\/06\/hero-proc-solid-liquid.jpg","contentUrl":"http:\/\/www.neotec.cz\/ikaprocess\/wp-content\/uploads\/2017\/06\/hero-proc-solid-liquid.jpg"},{"@type":"BreadcrumbList","@id":"https:\/\/www.neotec.cz\/ikaprocess\/michacky-pevnych-latek\/#breadcrumb","itemListElement":[{"@type":"ListItem","position":1,"name":"Dom\u016f","item":"https:\/\/www.neotec.cz\/ikaprocess\/"},{"@type":"ListItem","position":2,"name":"M\u00edcha\u010dky pevn\u00fdch l\u00e1tek"}]},{"@type":"WebSite","@id":"https:\/\/www.neotec.cz\/ikaprocess\/#website","url":"https:\/\/www.neotec.cz\/ikaprocess\/","name":"NEOTEC, spol. s r.o. - procesn\u00ed technologie firmy IKA","description":"NEOTEC - v\u00fdhradn\u00ed zastoupen\u00ed firmy IKA pro \u010cR - procesn\u00ed technologie a laboratorn\u00ed technika.","potentialAction":[{"@type":"SearchAction","target":{"@type":"EntryPoint","urlTemplate":"https:\/\/www.neotec.cz\/ikaprocess\/?s={search_term_string}"},"query-input":{"@type":"PropertyValueSpecification","valueRequired":true,"valueName":"search_term_string"}}],"inLanguage":"cs"}]}},"_links":{"self":[{"href":"https:\/\/www.neotec.cz\/ikaprocess\/wp-json\/wp\/v2\/pages\/1817","targetHints":{"allow":["GET"]}}],"collection":[{"href":"https:\/\/www.neotec.cz\/ikaprocess\/wp-json\/wp\/v2\/pages"}],"about":[{"href":"https:\/\/www.neotec.cz\/ikaprocess\/wp-json\/wp\/v2\/types\/page"}],"author":[{"embeddable":true,"href":"https:\/\/www.neotec.cz\/ikaprocess\/wp-json\/wp\/v2\/users\/1"}],"replies":[{"embeddable":true,"href":"https:\/\/www.neotec.cz\/ikaprocess\/wp-json\/wp\/v2\/comments?post=1817"}],"version-history":[{"count":17,"href":"https:\/\/www.neotec.cz\/ikaprocess\/wp-json\/wp\/v2\/pages\/1817\/revisions"}],"predecessor-version":[{"id":2035,"href":"https:\/\/www.neotec.cz\/ikaprocess\/wp-json\/wp\/v2\/pages\/1817\/revisions\/2035"}],"wp:attachment":[{"href":"https:\/\/www.neotec.cz\/ikaprocess\/wp-json\/wp\/v2\/media?parent=1817"}],"curies":[{"name":"wp","href":"https:\/\/api.w.org\/{rel}","templated":true}]}}