{"id":1833,"date":"2017-07-03T07:58:11","date_gmt":"2017-07-03T06:58:11","guid":{"rendered":"http:\/\/www.neotec.cz\/ikaprocess\/?page_id=1833"},"modified":"2017-07-07T15:26:07","modified_gmt":"2017-07-07T14:26:07","slug":"hnetace","status":"publish","type":"page","link":"https:\/\/www.neotec.cz\/ikaprocess\/hnetace\/","title":{"rendered":"Hn\u011bta\u010de"},"content":{"rendered":"<div id=\"pl-1833\"  class=\"panel-layout\" ><div id=\"pg-1833-0\"  class=\"panel-grid panel-no-style\" ><div id=\"pgc-1833-0-0\"  class=\"panel-grid-cell\" ><div id=\"panel-1833-0-0-0\" class=\"so-panel widget widget_sow-image panel-first-child\" data-index=\"0\" ><div\n\t\t\t\n\t\t\tclass=\"so-widget-sow-image so-widget-sow-image-default-6ec9e3772f75-1833\"\n\t\t\t\n\t\t>\n\n<div class=\"sow-image-container\">\n\t\t<img loading=\"lazy\" decoding=\"async\" src=\"https:\/\/www.neotec.cz\/ikaprocess\/wp-content\/uploads\/2017\/07\/hero-proc-kneader.jpg\" width=\"590\" height=\"329\" srcset=\"https:\/\/www.neotec.cz\/ikaprocess\/wp-content\/uploads\/2017\/07\/hero-proc-kneader.jpg 590w, https:\/\/www.neotec.cz\/ikaprocess\/wp-content\/uploads\/2017\/07\/hero-proc-kneader-300x167.jpg 300w\" sizes=\"auto, (max-width: 590px) 100vw, 590px\" alt=\"\" \t\tclass=\"so-widget-image\"\/>\n\t<\/div>\n\n<\/div><\/div><div id=\"panel-1833-0-0-1\" class=\"so-panel widget widget_sow-editor panel-last-child\" data-index=\"1\" ><div\n\t\t\t\n\t\t\tclass=\"so-widget-sow-editor so-widget-sow-editor-base\"\n\t\t\t\n\t\t><h3 class=\"widget-title\">Hn\u011bta\u010de<\/h3>\n<div class=\"siteorigin-widget-tinymce textwidget\">\n\t<p>Stroje IKA PLANETRON\u00ae jsou vertik\u00e1ln\u00ed hn\u011btac\u00ed stroje se dv\u011bma hn\u011btac\u00edmi no\u017ei typu DUPLEX. Stroje PLANETRON\u00ae jsou ur\u010deny pro intenzivn\u00ed hn\u011bten\u00ed vysoko visk\u00f3zn\u00edch hmot a sou\u010dasn\u011b zaru\u010duj\u00ed nulovou mo\u017enost jejich kontaminace. Nasazen\u00ed hn\u011btac\u00edch stroj\u016f IKA PLANETRON\u00ae je nap\u0159\u00edklad p\u0159i v\u00fdrob\u011b dent\u00e1ln\u00edch a\u00a0 keramick\u00fdch hmot, sm\u011bs\u00ed plast\u016f, farmaceutick\u00fdch, kosmetick\u00fdch a potravin\u00e1\u0159sk\u00fdch v\u00fdrobk\u016f.<\/p>\n<p>Horizont\u00e1ln\u00ed hn\u011btac\u00ed stroje IKA HKD a HKS jsou stroje s dv\u011bma komorami s horizont\u00e1ln\u011b uspo\u0159\u00e1dan\u00fdmi hn\u011btac\u00edmi h\u0159\u00eddeli. Tyto hn\u011btac\u00ed stroje jsou schopny zpracov\u00e1vat sm\u011bsi s extr\u00e9mn\u011b vysokou viskozitou. Proto jsou zvl\u00e1\u0161t\u011b vhodn\u00e9 pro v\u00fdrobu kau\u010dukov\u00fdch hmot, plastov\u00fdch sm\u011bs\u00ed, keramick\u00fdch hmot, tiska\u0159sk\u00fdch inkoust\u016f, uhl\u00edkov\u00fdch past, grafitov\u00fdch sm\u011bs\u00ed apod.<\/p>\n<p>CONTERNA je nep\u0159etr\u017eit\u011b pracuj\u00edc\u00ed multikomorov\u00fd hn\u011bta\u010d, kter\u00fd je patentov\u00e1n po cel\u00e9m sv\u011bt\u011b. Jedine\u010dn\u00e1 koncepce stroje CONTERNA umo\u017e\u0148uje krat\u0161\u00ed \u010dasy hn\u011bten\u00ed a\u00a0 p\u0159i vy\u0161\u0161\u00ed\u00a0 kvalit\u011b v\u00fdrobk\u016f nap\u0159\u00edklad vs\u00e1dek do gumov\u00fdch a plastov\u00fdch hmot\u00ed, lepidel, hmoty obsahuj\u00edc\u00ed tvrd\u00e9 kovy, t\u011bsnic\u00ed hmoty, krmiva pro zv\u00ed\u0159ata, silikonov\u00fd kau\u010duk a vysoce visk\u00f3zn\u00ed potraviny.<\/p>\n<p><strong>Stroje a za\u0159\u00edzen\u00ed IKA:<\/strong><br \/><a href=\"http:\/\/www.neotec.cz\/ikaprocess\/horizontal-kneader\/\">Horizont\u00e1ln\u00ed hn\u011bta\u010d<\/a><br \/><a href=\"http:\/\/www.neotec.cz\/ikaprocess\/vertical-kneader\/\">Vertik\u00e1ln\u00ed hn\u011bta\u010d<\/a><br \/><a href=\"http:\/\/www.neotec.cz\/ikaprocess\/continuous-kneader\/\">Kontinu\u00e1ln\u00ed hn\u011bta\u010d<\/a><\/p>\n<\/div>\n<\/div><\/div><\/div><\/div><\/div>","protected":false},"excerpt":{"rendered":"<p>Stroje IKA PLANETRON\u00ae jsou vertik\u00e1ln\u00ed hn\u011btac\u00ed stroje se dv\u011bma hn\u011btac\u00edmi no\u017ei typu DUPLEX. Stroje PLANETRON\u00ae jsou ur\u010deny pro intenzivn\u00ed hn\u011bten\u00ed vysoko visk\u00f3zn\u00edch hmot a sou\u010dasn\u011b zaru\u010duj\u00ed nulovou mo\u017enost jejich kontaminace. Nasazen\u00ed hn\u011btac\u00edch stroj\u016f IKA PLANETRON\u00ae je nap\u0159\u00edklad p\u0159i v\u00fdrob\u011b dent\u00e1ln\u00edch a\u00a0 keramick\u00fdch hmot, sm\u011bs\u00ed plast\u016f, farmaceutick\u00fdch, kosmetick\u00fdch a potravin\u00e1\u0159sk\u00fdch v\u00fdrobk\u016f.Horizont\u00e1ln\u00ed hn\u011btac\u00ed stroje IKA HKD a [&hellip;]<\/p>\n","protected":false},"author":1,"featured_media":0,"parent":0,"menu_order":0,"comment_status":"closed","ping_status":"closed","template":"templates\/template-full-notitle.php","meta":{"footnotes":""},"class_list":["post-1833","page","type-page","status-publish","hentry","post"],"yoast_head":"<!-- This site is optimized with the Yoast SEO plugin v24.2 - https:\/\/yoast.com\/wordpress\/plugins\/seo\/ -->\n<title>Hn\u011bta\u010de - NEOTEC, spol. s r.o. - procesn\u00ed technologie firmy IKA<\/title>\n<meta name=\"description\" content=\"NEOTEC - zam\u011b\u0159en\u00ed: V\u00fdhradn\u00ed zastoupen\u00ed firmy IKA pro \u010cR.\" \/>\n<meta name=\"robots\" content=\"index, follow, max-snippet:-1, max-image-preview:large, max-video-preview:-1\" \/>\n<link rel=\"canonical\" href=\"https:\/\/www.neotec.cz\/ikaprocess\/hnetace\/\" \/>\n<meta property=\"og:locale\" content=\"cs_CZ\" \/>\n<meta property=\"og:type\" content=\"article\" \/>\n<meta property=\"og:title\" content=\"Hn\u011bta\u010de - NEOTEC, spol. s r.o. - procesn\u00ed technologie firmy IKA\" \/>\n<meta property=\"og:description\" content=\"NEOTEC - zam\u011b\u0159en\u00ed: V\u00fdhradn\u00ed zastoupen\u00ed firmy IKA pro \u010cR.\" \/>\n<meta property=\"og:url\" content=\"https:\/\/www.neotec.cz\/ikaprocess\/hnetace\/\" \/>\n<meta property=\"og:site_name\" content=\"NEOTEC, spol. s r.o. - procesn\u00ed technologie firmy IKA\" \/>\n<meta property=\"article:modified_time\" content=\"2017-07-07T14:26:07+00:00\" \/>\n<meta property=\"og:image\" content=\"http:\/\/www.neotec.cz\/ikaprocess\/wp-content\/uploads\/2017\/07\/hero-proc-kneader.jpg\" \/>\n<meta name=\"twitter:card\" content=\"summary_large_image\" \/>\n<meta name=\"twitter:label1\" content=\"Odhadovan\u00e1 doba \u010dten\u00ed\" \/>\n\t<meta name=\"twitter:data1\" content=\"1 minuta\" \/>\n<script type=\"application\/ld+json\" class=\"yoast-schema-graph\">{\"@context\":\"https:\/\/schema.org\",\"@graph\":[{\"@type\":\"WebPage\",\"@id\":\"https:\/\/www.neotec.cz\/ikaprocess\/hnetace\/\",\"url\":\"https:\/\/www.neotec.cz\/ikaprocess\/hnetace\/\",\"name\":\"Hn\u011bta\u010de - NEOTEC, spol. s r.o. - procesn\u00ed technologie firmy IKA\",\"isPartOf\":{\"@id\":\"https:\/\/www.neotec.cz\/ikaprocess\/#website\"},\"primaryImageOfPage\":{\"@id\":\"https:\/\/www.neotec.cz\/ikaprocess\/hnetace\/#primaryimage\"},\"image\":{\"@id\":\"https:\/\/www.neotec.cz\/ikaprocess\/hnetace\/#primaryimage\"},\"thumbnailUrl\":\"http:\/\/www.neotec.cz\/ikaprocess\/wp-content\/uploads\/2017\/07\/hero-proc-kneader.jpg\",\"datePublished\":\"2017-07-03T06:58:11+00:00\",\"dateModified\":\"2017-07-07T14:26:07+00:00\",\"description\":\"NEOTEC - zam\u011b\u0159en\u00ed: V\u00fdhradn\u00ed zastoupen\u00ed firmy IKA pro \u010cR.\",\"breadcrumb\":{\"@id\":\"https:\/\/www.neotec.cz\/ikaprocess\/hnetace\/#breadcrumb\"},\"inLanguage\":\"cs\",\"potentialAction\":[{\"@type\":\"ReadAction\",\"target\":[\"https:\/\/www.neotec.cz\/ikaprocess\/hnetace\/\"]}]},{\"@type\":\"ImageObject\",\"inLanguage\":\"cs\",\"@id\":\"https:\/\/www.neotec.cz\/ikaprocess\/hnetace\/#primaryimage\",\"url\":\"http:\/\/www.neotec.cz\/ikaprocess\/wp-content\/uploads\/2017\/07\/hero-proc-kneader.jpg\",\"contentUrl\":\"http:\/\/www.neotec.cz\/ikaprocess\/wp-content\/uploads\/2017\/07\/hero-proc-kneader.jpg\"},{\"@type\":\"BreadcrumbList\",\"@id\":\"https:\/\/www.neotec.cz\/ikaprocess\/hnetace\/#breadcrumb\",\"itemListElement\":[{\"@type\":\"ListItem\",\"position\":1,\"name\":\"Dom\u016f\",\"item\":\"https:\/\/www.neotec.cz\/ikaprocess\/\"},{\"@type\":\"ListItem\",\"position\":2,\"name\":\"Hn\u011bta\u010de\"}]},{\"@type\":\"WebSite\",\"@id\":\"https:\/\/www.neotec.cz\/ikaprocess\/#website\",\"url\":\"https:\/\/www.neotec.cz\/ikaprocess\/\",\"name\":\"NEOTEC, spol. s r.o. - procesn\u00ed technologie firmy IKA\",\"description\":\"NEOTEC - v\u00fdhradn\u00ed zastoupen\u00ed firmy IKA pro \u010cR - procesn\u00ed technologie a laboratorn\u00ed technika.\",\"potentialAction\":[{\"@type\":\"SearchAction\",\"target\":{\"@type\":\"EntryPoint\",\"urlTemplate\":\"https:\/\/www.neotec.cz\/ikaprocess\/?s={search_term_string}\"},\"query-input\":{\"@type\":\"PropertyValueSpecification\",\"valueRequired\":true,\"valueName\":\"search_term_string\"}}],\"inLanguage\":\"cs\"}]}<\/script>\n<!-- \/ Yoast SEO plugin. -->","yoast_head_json":{"title":"Hn\u011bta\u010de - NEOTEC, spol. s r.o. - procesn\u00ed technologie firmy IKA","description":"NEOTEC - zam\u011b\u0159en\u00ed: V\u00fdhradn\u00ed zastoupen\u00ed firmy IKA pro \u010cR.","robots":{"index":"index","follow":"follow","max-snippet":"max-snippet:-1","max-image-preview":"max-image-preview:large","max-video-preview":"max-video-preview:-1"},"canonical":"https:\/\/www.neotec.cz\/ikaprocess\/hnetace\/","og_locale":"cs_CZ","og_type":"article","og_title":"Hn\u011bta\u010de - NEOTEC, spol. s r.o. - procesn\u00ed technologie firmy IKA","og_description":"NEOTEC - zam\u011b\u0159en\u00ed: V\u00fdhradn\u00ed zastoupen\u00ed firmy IKA pro \u010cR.","og_url":"https:\/\/www.neotec.cz\/ikaprocess\/hnetace\/","og_site_name":"NEOTEC, spol. s r.o. - procesn\u00ed technologie firmy IKA","article_modified_time":"2017-07-07T14:26:07+00:00","og_image":[{"url":"http:\/\/www.neotec.cz\/ikaprocess\/wp-content\/uploads\/2017\/07\/hero-proc-kneader.jpg","type":"","width":"","height":""}],"twitter_card":"summary_large_image","twitter_misc":{"Odhadovan\u00e1 doba \u010dten\u00ed":"1 minuta"},"schema":{"@context":"https:\/\/schema.org","@graph":[{"@type":"WebPage","@id":"https:\/\/www.neotec.cz\/ikaprocess\/hnetace\/","url":"https:\/\/www.neotec.cz\/ikaprocess\/hnetace\/","name":"Hn\u011bta\u010de - NEOTEC, spol. s r.o. - procesn\u00ed technologie firmy IKA","isPartOf":{"@id":"https:\/\/www.neotec.cz\/ikaprocess\/#website"},"primaryImageOfPage":{"@id":"https:\/\/www.neotec.cz\/ikaprocess\/hnetace\/#primaryimage"},"image":{"@id":"https:\/\/www.neotec.cz\/ikaprocess\/hnetace\/#primaryimage"},"thumbnailUrl":"http:\/\/www.neotec.cz\/ikaprocess\/wp-content\/uploads\/2017\/07\/hero-proc-kneader.jpg","datePublished":"2017-07-03T06:58:11+00:00","dateModified":"2017-07-07T14:26:07+00:00","description":"NEOTEC - zam\u011b\u0159en\u00ed: V\u00fdhradn\u00ed zastoupen\u00ed firmy IKA pro \u010cR.","breadcrumb":{"@id":"https:\/\/www.neotec.cz\/ikaprocess\/hnetace\/#breadcrumb"},"inLanguage":"cs","potentialAction":[{"@type":"ReadAction","target":["https:\/\/www.neotec.cz\/ikaprocess\/hnetace\/"]}]},{"@type":"ImageObject","inLanguage":"cs","@id":"https:\/\/www.neotec.cz\/ikaprocess\/hnetace\/#primaryimage","url":"http:\/\/www.neotec.cz\/ikaprocess\/wp-content\/uploads\/2017\/07\/hero-proc-kneader.jpg","contentUrl":"http:\/\/www.neotec.cz\/ikaprocess\/wp-content\/uploads\/2017\/07\/hero-proc-kneader.jpg"},{"@type":"BreadcrumbList","@id":"https:\/\/www.neotec.cz\/ikaprocess\/hnetace\/#breadcrumb","itemListElement":[{"@type":"ListItem","position":1,"name":"Dom\u016f","item":"https:\/\/www.neotec.cz\/ikaprocess\/"},{"@type":"ListItem","position":2,"name":"Hn\u011bta\u010de"}]},{"@type":"WebSite","@id":"https:\/\/www.neotec.cz\/ikaprocess\/#website","url":"https:\/\/www.neotec.cz\/ikaprocess\/","name":"NEOTEC, spol. s r.o. - procesn\u00ed technologie firmy IKA","description":"NEOTEC - v\u00fdhradn\u00ed zastoupen\u00ed firmy IKA pro \u010cR - procesn\u00ed technologie a laboratorn\u00ed technika.","potentialAction":[{"@type":"SearchAction","target":{"@type":"EntryPoint","urlTemplate":"https:\/\/www.neotec.cz\/ikaprocess\/?s={search_term_string}"},"query-input":{"@type":"PropertyValueSpecification","valueRequired":true,"valueName":"search_term_string"}}],"inLanguage":"cs"}]}},"_links":{"self":[{"href":"https:\/\/www.neotec.cz\/ikaprocess\/wp-json\/wp\/v2\/pages\/1833","targetHints":{"allow":["GET"]}}],"collection":[{"href":"https:\/\/www.neotec.cz\/ikaprocess\/wp-json\/wp\/v2\/pages"}],"about":[{"href":"https:\/\/www.neotec.cz\/ikaprocess\/wp-json\/wp\/v2\/types\/page"}],"author":[{"embeddable":true,"href":"https:\/\/www.neotec.cz\/ikaprocess\/wp-json\/wp\/v2\/users\/1"}],"replies":[{"embeddable":true,"href":"https:\/\/www.neotec.cz\/ikaprocess\/wp-json\/wp\/v2\/comments?post=1833"}],"version-history":[{"count":10,"href":"https:\/\/www.neotec.cz\/ikaprocess\/wp-json\/wp\/v2\/pages\/1833\/revisions"}],"predecessor-version":[{"id":2107,"href":"https:\/\/www.neotec.cz\/ikaprocess\/wp-json\/wp\/v2\/pages\/1833\/revisions\/2107"}],"wp:attachment":[{"href":"https:\/\/www.neotec.cz\/ikaprocess\/wp-json\/wp\/v2\/media?parent=1833"}],"curies":[{"name":"wp","href":"https:\/\/api.w.org\/{rel}","templated":true}]}}