{"id":1848,"date":"2017-07-03T08:34:14","date_gmt":"2017-07-03T07:34:14","guid":{"rendered":"http:\/\/www.neotec.cz\/ikaprocess\/?page_id=1848"},"modified":"2017-07-18T10:14:09","modified_gmt":"2017-07-18T09:14:09","slug":"batch-dispergator","status":"publish","type":"page","link":"https:\/\/www.neotec.cz\/ikaprocess\/batch-dispergator\/","title":{"rendered":"Vs\u00e1dkov\u00e9 disperg\u00e1tory"},"content":{"rendered":"<div id=\"pl-1848\"  class=\"panel-layout\" ><div id=\"pg-1848-0\"  class=\"panel-grid panel-no-style\" ><div id=\"pgc-1848-0-0\"  class=\"panel-grid-cell\" ><div id=\"panel-1848-0-0-0\" class=\"so-panel widget widget_sow-image panel-first-child\" data-index=\"0\" ><div\n\t\t\t\n\t\t\tclass=\"so-widget-sow-image so-widget-sow-image-default-6ec9e3772f75-1848\"\n\t\t\t\n\t\t>\n\n<div class=\"sow-image-container\">\n\t\t<img loading=\"lazy\" decoding=\"async\" src=\"https:\/\/www.neotec.cz\/ikaprocess\/wp-content\/uploads\/2017\/07\/hero-proc-disp-batch.jpg\" width=\"590\" height=\"329\" srcset=\"https:\/\/www.neotec.cz\/ikaprocess\/wp-content\/uploads\/2017\/07\/hero-proc-disp-batch.jpg 590w, https:\/\/www.neotec.cz\/ikaprocess\/wp-content\/uploads\/2017\/07\/hero-proc-disp-batch-300x167.jpg 300w\" sizes=\"auto, (max-width: 590px) 100vw, 590px\" alt=\"\" \t\tclass=\"so-widget-image\"\/>\n\t<\/div>\n\n<\/div><\/div><div id=\"panel-1848-0-0-1\" class=\"so-panel widget widget_sow-editor panel-last-child\" data-index=\"1\" ><div\n\t\t\t\n\t\t\tclass=\"so-widget-sow-editor so-widget-sow-editor-base\"\n\t\t\t\n\t\t><h3 class=\"widget-title\">Vs\u00e1dkov\u00e9 disperg\u00e1tory<\/h3>\n<div class=\"siteorigin-widget-tinymce textwidget\">\n\t<p>Vs\u00e1dkov\u00e9 disperg\u00e1tory IKA se pou\u017e\u00edvaj\u00ed pro aplikace, kde nesta\u010d\u00ed b\u011b\u017en\u00e9 m\u00edch\u00e1n\u00ed nap\u0159\u00edklad p\u0159i v\u00fdrob\u011b emulz\u00ed a suspenz\u00ed. Co m\u00edchadlo nezvl\u00e1dne b\u011bhem n\u011bkolika hodin rozm\u00edchat, rozpt\u00fdl\u00ed\u00a0 vs\u00e1dkov\u00fd disperg\u00e1tor b\u011bhem n\u011bkolika minut. Efektivita disperg\u00e1tor\u016f IKA je zalo\u017eena na principu rotor-stator. Vysok\u00e1 obvodov\u00e1 rychlost rotoru zaji\u0161\u0165uje pot\u0159ebnou smykovou s\u00edlu pot\u0159ebnou pro redukci kapi\u010dek kapaliny nebo pevn\u00fdch \u010d\u00e1stic.<\/p>\n<p>Vs\u00e1dkov\u00e9 disperg\u00e1tory ULTRA-TURRAX\u00ae jsou k dispozici ve t\u0159ech r\u016fzn\u00fdch \u0159ad\u00e1ch. V\u0161echny modely se vyzna\u010duj\u00ed jednoduch\u00fdm a robustn\u00edm designem. Stroje typu UTC a stroje pro farmaceutick\u00fd pr\u016fmysl typu UTS jsou vhodn\u00e9 pro mont\u00e1\u017e na otev\u0159en\u00e9 nebo uzav\u0159en\u00e9 n\u00e1doby. Stroje UTE jsou ur\u010deny pro spodn\u00ed vstup.<\/p>\n<p>Vs\u00e1dkov\u00e9 disperg\u00e1tory ULTRA-TURRAX\u00ae jsou k dispozici v r\u016fzn\u00fdch poloprovozn\u00edch a v\u00fdrobn\u00edch velikostech\u00ed k m\u00edch\u00e1n\u00ed m\u00e9di\u00ed v n\u00e1dob\u00e1ch o objemu od 100 do 6 000 litr\u016f.<\/p>\n<p><strong>Stroje a za\u0159\u00edzen\u00ed IKA:<\/strong><br \/><a href=\"http:\/\/www.neotec.cz\/ikaprocess\/ultra-turrax-utc\/\">ULTRA-TURRAX UTC<\/a><br \/><a href=\"http:\/\/www.neotec.cz\/ikaprocess\/ultra-turrax-uts\/\">ULTRA-TURRAX UTS<\/a><br \/><a href=\"http:\/\/www.neotec.cz\/ikaprocess\/ultra-turrax-ute\/\">ULTRA-TURRAX UTE<\/a><\/p>\n<\/div>\n<\/div><\/div><\/div><\/div><\/div>","protected":false},"excerpt":{"rendered":"<p>Vs\u00e1dkov\u00e9 disperg\u00e1tory IKA se pou\u017e\u00edvaj\u00ed pro aplikace, kde nesta\u010d\u00ed b\u011b\u017en\u00e9 m\u00edch\u00e1n\u00ed nap\u0159\u00edklad p\u0159i v\u00fdrob\u011b emulz\u00ed a suspenz\u00ed. Co m\u00edchadlo nezvl\u00e1dne b\u011bhem n\u011bkolika hodin rozm\u00edchat, rozpt\u00fdl\u00ed\u00a0 vs\u00e1dkov\u00fd disperg\u00e1tor b\u011bhem n\u011bkolika minut. Efektivita disperg\u00e1tor\u016f IKA je zalo\u017eena na principu rotor-stator. Vysok\u00e1 obvodov\u00e1 rychlost rotoru zaji\u0161\u0165uje pot\u0159ebnou smykovou s\u00edlu pot\u0159ebnou pro redukci kapi\u010dek kapaliny nebo pevn\u00fdch \u010d\u00e1stic.Vs\u00e1dkov\u00e9 disperg\u00e1tory [&hellip;]<\/p>\n","protected":false},"author":1,"featured_media":0,"parent":0,"menu_order":0,"comment_status":"closed","ping_status":"closed","template":"templates\/template-full-notitle.php","meta":{"footnotes":""},"class_list":["post-1848","page","type-page","status-publish","hentry","post"],"yoast_head":"<!-- This site is optimized with the Yoast SEO plugin v24.2 - https:\/\/yoast.com\/wordpress\/plugins\/seo\/ -->\n<title>Vs\u00e1dkov\u00e9 disperg\u00e1tory - NEOTEC, spol. s r.o. - procesn\u00ed technologie firmy IKA<\/title>\n<meta name=\"description\" content=\"NEOTEC - zam\u011b\u0159en\u00ed: V\u00fdhradn\u00ed zastoupen\u00ed firmy IKA pro \u010cR.\" \/>\n<meta name=\"robots\" content=\"index, follow, max-snippet:-1, max-image-preview:large, max-video-preview:-1\" \/>\n<link rel=\"canonical\" href=\"https:\/\/www.neotec.cz\/ikaprocess\/batch-dispergator\/\" \/>\n<meta property=\"og:locale\" content=\"cs_CZ\" \/>\n<meta property=\"og:type\" content=\"article\" \/>\n<meta property=\"og:title\" content=\"Vs\u00e1dkov\u00e9 disperg\u00e1tory - NEOTEC, spol. s r.o. - procesn\u00ed technologie firmy IKA\" \/>\n<meta property=\"og:description\" content=\"NEOTEC - zam\u011b\u0159en\u00ed: V\u00fdhradn\u00ed zastoupen\u00ed firmy IKA pro \u010cR.\" \/>\n<meta property=\"og:url\" content=\"https:\/\/www.neotec.cz\/ikaprocess\/batch-dispergator\/\" \/>\n<meta property=\"og:site_name\" content=\"NEOTEC, spol. s r.o. - procesn\u00ed technologie firmy IKA\" \/>\n<meta property=\"article:modified_time\" content=\"2017-07-18T09:14:09+00:00\" \/>\n<meta property=\"og:image\" content=\"http:\/\/www.neotec.cz\/ikaprocess\/wp-content\/uploads\/2017\/07\/hero-proc-disp-batch.jpg\" \/>\n<meta name=\"twitter:card\" content=\"summary_large_image\" \/>\n<meta name=\"twitter:label1\" content=\"Odhadovan\u00e1 doba \u010dten\u00ed\" \/>\n\t<meta name=\"twitter:data1\" content=\"1 minuta\" \/>\n<script type=\"application\/ld+json\" class=\"yoast-schema-graph\">{\"@context\":\"https:\/\/schema.org\",\"@graph\":[{\"@type\":\"WebPage\",\"@id\":\"https:\/\/www.neotec.cz\/ikaprocess\/batch-dispergator\/\",\"url\":\"https:\/\/www.neotec.cz\/ikaprocess\/batch-dispergator\/\",\"name\":\"Vs\u00e1dkov\u00e9 disperg\u00e1tory - NEOTEC, spol. s r.o. - procesn\u00ed technologie firmy IKA\",\"isPartOf\":{\"@id\":\"https:\/\/www.neotec.cz\/ikaprocess\/#website\"},\"primaryImageOfPage\":{\"@id\":\"https:\/\/www.neotec.cz\/ikaprocess\/batch-dispergator\/#primaryimage\"},\"image\":{\"@id\":\"https:\/\/www.neotec.cz\/ikaprocess\/batch-dispergator\/#primaryimage\"},\"thumbnailUrl\":\"http:\/\/www.neotec.cz\/ikaprocess\/wp-content\/uploads\/2017\/07\/hero-proc-disp-batch.jpg\",\"datePublished\":\"2017-07-03T07:34:14+00:00\",\"dateModified\":\"2017-07-18T09:14:09+00:00\",\"description\":\"NEOTEC - zam\u011b\u0159en\u00ed: V\u00fdhradn\u00ed zastoupen\u00ed firmy IKA pro \u010cR.\",\"breadcrumb\":{\"@id\":\"https:\/\/www.neotec.cz\/ikaprocess\/batch-dispergator\/#breadcrumb\"},\"inLanguage\":\"cs\",\"potentialAction\":[{\"@type\":\"ReadAction\",\"target\":[\"https:\/\/www.neotec.cz\/ikaprocess\/batch-dispergator\/\"]}]},{\"@type\":\"ImageObject\",\"inLanguage\":\"cs\",\"@id\":\"https:\/\/www.neotec.cz\/ikaprocess\/batch-dispergator\/#primaryimage\",\"url\":\"http:\/\/www.neotec.cz\/ikaprocess\/wp-content\/uploads\/2017\/07\/hero-proc-disp-batch.jpg\",\"contentUrl\":\"http:\/\/www.neotec.cz\/ikaprocess\/wp-content\/uploads\/2017\/07\/hero-proc-disp-batch.jpg\"},{\"@type\":\"BreadcrumbList\",\"@id\":\"https:\/\/www.neotec.cz\/ikaprocess\/batch-dispergator\/#breadcrumb\",\"itemListElement\":[{\"@type\":\"ListItem\",\"position\":1,\"name\":\"Dom\u016f\",\"item\":\"https:\/\/www.neotec.cz\/ikaprocess\/\"},{\"@type\":\"ListItem\",\"position\":2,\"name\":\"Vs\u00e1dkov\u00e9 disperg\u00e1tory\"}]},{\"@type\":\"WebSite\",\"@id\":\"https:\/\/www.neotec.cz\/ikaprocess\/#website\",\"url\":\"https:\/\/www.neotec.cz\/ikaprocess\/\",\"name\":\"NEOTEC, spol. s r.o. - procesn\u00ed technologie firmy IKA\",\"description\":\"NEOTEC - v\u00fdhradn\u00ed zastoupen\u00ed firmy IKA pro \u010cR - procesn\u00ed technologie a laboratorn\u00ed technika.\",\"potentialAction\":[{\"@type\":\"SearchAction\",\"target\":{\"@type\":\"EntryPoint\",\"urlTemplate\":\"https:\/\/www.neotec.cz\/ikaprocess\/?s={search_term_string}\"},\"query-input\":{\"@type\":\"PropertyValueSpecification\",\"valueRequired\":true,\"valueName\":\"search_term_string\"}}],\"inLanguage\":\"cs\"}]}<\/script>\n<!-- \/ Yoast SEO plugin. -->","yoast_head_json":{"title":"Vs\u00e1dkov\u00e9 disperg\u00e1tory - NEOTEC, spol. s r.o. - procesn\u00ed technologie firmy IKA","description":"NEOTEC - zam\u011b\u0159en\u00ed: V\u00fdhradn\u00ed zastoupen\u00ed firmy IKA pro \u010cR.","robots":{"index":"index","follow":"follow","max-snippet":"max-snippet:-1","max-image-preview":"max-image-preview:large","max-video-preview":"max-video-preview:-1"},"canonical":"https:\/\/www.neotec.cz\/ikaprocess\/batch-dispergator\/","og_locale":"cs_CZ","og_type":"article","og_title":"Vs\u00e1dkov\u00e9 disperg\u00e1tory - NEOTEC, spol. s r.o. - procesn\u00ed technologie firmy IKA","og_description":"NEOTEC - zam\u011b\u0159en\u00ed: V\u00fdhradn\u00ed zastoupen\u00ed firmy IKA pro \u010cR.","og_url":"https:\/\/www.neotec.cz\/ikaprocess\/batch-dispergator\/","og_site_name":"NEOTEC, spol. s r.o. - procesn\u00ed technologie firmy IKA","article_modified_time":"2017-07-18T09:14:09+00:00","og_image":[{"url":"http:\/\/www.neotec.cz\/ikaprocess\/wp-content\/uploads\/2017\/07\/hero-proc-disp-batch.jpg","type":"","width":"","height":""}],"twitter_card":"summary_large_image","twitter_misc":{"Odhadovan\u00e1 doba \u010dten\u00ed":"1 minuta"},"schema":{"@context":"https:\/\/schema.org","@graph":[{"@type":"WebPage","@id":"https:\/\/www.neotec.cz\/ikaprocess\/batch-dispergator\/","url":"https:\/\/www.neotec.cz\/ikaprocess\/batch-dispergator\/","name":"Vs\u00e1dkov\u00e9 disperg\u00e1tory - NEOTEC, spol. s r.o. - procesn\u00ed technologie firmy IKA","isPartOf":{"@id":"https:\/\/www.neotec.cz\/ikaprocess\/#website"},"primaryImageOfPage":{"@id":"https:\/\/www.neotec.cz\/ikaprocess\/batch-dispergator\/#primaryimage"},"image":{"@id":"https:\/\/www.neotec.cz\/ikaprocess\/batch-dispergator\/#primaryimage"},"thumbnailUrl":"http:\/\/www.neotec.cz\/ikaprocess\/wp-content\/uploads\/2017\/07\/hero-proc-disp-batch.jpg","datePublished":"2017-07-03T07:34:14+00:00","dateModified":"2017-07-18T09:14:09+00:00","description":"NEOTEC - zam\u011b\u0159en\u00ed: V\u00fdhradn\u00ed zastoupen\u00ed firmy IKA pro \u010cR.","breadcrumb":{"@id":"https:\/\/www.neotec.cz\/ikaprocess\/batch-dispergator\/#breadcrumb"},"inLanguage":"cs","potentialAction":[{"@type":"ReadAction","target":["https:\/\/www.neotec.cz\/ikaprocess\/batch-dispergator\/"]}]},{"@type":"ImageObject","inLanguage":"cs","@id":"https:\/\/www.neotec.cz\/ikaprocess\/batch-dispergator\/#primaryimage","url":"http:\/\/www.neotec.cz\/ikaprocess\/wp-content\/uploads\/2017\/07\/hero-proc-disp-batch.jpg","contentUrl":"http:\/\/www.neotec.cz\/ikaprocess\/wp-content\/uploads\/2017\/07\/hero-proc-disp-batch.jpg"},{"@type":"BreadcrumbList","@id":"https:\/\/www.neotec.cz\/ikaprocess\/batch-dispergator\/#breadcrumb","itemListElement":[{"@type":"ListItem","position":1,"name":"Dom\u016f","item":"https:\/\/www.neotec.cz\/ikaprocess\/"},{"@type":"ListItem","position":2,"name":"Vs\u00e1dkov\u00e9 disperg\u00e1tory"}]},{"@type":"WebSite","@id":"https:\/\/www.neotec.cz\/ikaprocess\/#website","url":"https:\/\/www.neotec.cz\/ikaprocess\/","name":"NEOTEC, spol. s r.o. - procesn\u00ed technologie firmy IKA","description":"NEOTEC - v\u00fdhradn\u00ed zastoupen\u00ed firmy IKA pro \u010cR - procesn\u00ed technologie a laboratorn\u00ed technika.","potentialAction":[{"@type":"SearchAction","target":{"@type":"EntryPoint","urlTemplate":"https:\/\/www.neotec.cz\/ikaprocess\/?s={search_term_string}"},"query-input":{"@type":"PropertyValueSpecification","valueRequired":true,"valueName":"search_term_string"}}],"inLanguage":"cs"}]}},"_links":{"self":[{"href":"https:\/\/www.neotec.cz\/ikaprocess\/wp-json\/wp\/v2\/pages\/1848","targetHints":{"allow":["GET"]}}],"collection":[{"href":"https:\/\/www.neotec.cz\/ikaprocess\/wp-json\/wp\/v2\/pages"}],"about":[{"href":"https:\/\/www.neotec.cz\/ikaprocess\/wp-json\/wp\/v2\/types\/page"}],"author":[{"embeddable":true,"href":"https:\/\/www.neotec.cz\/ikaprocess\/wp-json\/wp\/v2\/users\/1"}],"replies":[{"embeddable":true,"href":"https:\/\/www.neotec.cz\/ikaprocess\/wp-json\/wp\/v2\/comments?post=1848"}],"version-history":[{"count":13,"href":"https:\/\/www.neotec.cz\/ikaprocess\/wp-json\/wp\/v2\/pages\/1848\/revisions"}],"predecessor-version":[{"id":2180,"href":"https:\/\/www.neotec.cz\/ikaprocess\/wp-json\/wp\/v2\/pages\/1848\/revisions\/2180"}],"wp:attachment":[{"href":"https:\/\/www.neotec.cz\/ikaprocess\/wp-json\/wp\/v2\/media?parent=1848"}],"curies":[{"name":"wp","href":"https:\/\/api.w.org\/{rel}","templated":true}]}}