{"id":1862,"date":"2017-07-03T09:09:24","date_gmt":"2017-07-03T08:09:24","guid":{"rendered":"http:\/\/www.neotec.cz\/ikaprocess\/?page_id=1862"},"modified":"2017-07-21T08:53:09","modified_gmt":"2017-07-21T07:53:09","slug":"vyrobni-zarizeni","status":"publish","type":"page","link":"https:\/\/www.neotec.cz\/ikaprocess\/vyrobni-zarizeni\/","title":{"rendered":"Procesn\u00ed za\u0159\u00edzen\u00ed"},"content":{"rendered":"<div id=\"pl-1862\"  class=\"panel-layout\" ><div id=\"pg-1862-0\"  class=\"panel-grid panel-no-style\" ><div id=\"pgc-1862-0-0\"  class=\"panel-grid-cell\" ><div id=\"panel-1862-0-0-0\" class=\"so-panel widget widget_sow-image panel-first-child\" data-index=\"0\" ><div\n\t\t\t\n\t\t\tclass=\"so-widget-sow-image so-widget-sow-image-default-6ec9e3772f75-1862\"\n\t\t\t\n\t\t>\n\n<div class=\"sow-image-container\">\n\t\t<img loading=\"lazy\" decoding=\"async\" src=\"https:\/\/www.neotec.cz\/ikaprocess\/wp-content\/uploads\/2017\/07\/hero-proc-plants.jpg\" width=\"590\" height=\"329\" srcset=\"https:\/\/www.neotec.cz\/ikaprocess\/wp-content\/uploads\/2017\/07\/hero-proc-plants.jpg 590w, https:\/\/www.neotec.cz\/ikaprocess\/wp-content\/uploads\/2017\/07\/hero-proc-plants-300x167.jpg 300w\" sizes=\"auto, (max-width: 590px) 100vw, 590px\" alt=\"\" \t\tclass=\"so-widget-image\"\/>\n\t<\/div>\n\n<\/div><\/div><div id=\"panel-1862-0-0-1\" class=\"so-panel widget widget_sow-editor panel-last-child\" data-index=\"1\" ><div\n\t\t\t\n\t\t\tclass=\"so-widget-sow-editor so-widget-sow-editor-base\"\n\t\t\t\n\t\t><h3 class=\"widget-title\">Procesn\u00ed za\u0159\u00edzen\u00ed<\/h3>\n<div class=\"siteorigin-widget-tinymce textwidget\">\n\t<p>Inovativn\u00ed procesn\u00ed za\u0159\u00edzen\u00ed p\u0159edstavuj\u00ed konzistentn\u00ed pokra\u010dov\u00e1n\u00ed strojov\u00e9ho portfolia firmy IKA.<\/p>\n<p>Firma IKA se specializuje na syst\u00e9my pro kontinu\u00e1ln\u00ed nebo diskontinu\u00e1ln\u00ed vm\u011b\u0161ov\u00e1n\u00ed pr\u00e1\u0161kov\u00fdch l\u00e1tek do kapalin, m\u00edchac\u00ed a disperga\u010dn\u00ed za\u0159\u00edzen\u00ed na v\u00fdrobu emulz\u00ed a suspenz\u00ed (Standard Plant Production a Master Plant), stejn\u011b jako za\u0159\u00edzen\u00ed pro sm\u011b\u0161ov\u00e1n\u00ed kapaln\u00fdch l\u00e1tek.<\/p>\n<p>Vedle t\u011bchto standardn\u00edch \u0159e\u0161en\u00ed firma IKA rovn\u011b\u017e projektuje a stav\u00ed z\u00e1kaznick\u00e9 za\u0159\u00edzen\u00ed na kl\u00ed\u010d. Zde bereme do \u00favahy v\u0161echny aspekty, kter\u00e9 jsou d\u016fle\u017eit\u00e9 pro \u00fasp\u011b\u0161nou a hospod\u00e1rnou v\u00fdrobu: Optim\u00e1ln\u00ed provozn\u00ed proces a u\u017eivatelsk\u00e9 elektrick\u00e9 ovl\u00e1d\u00e1n\u00ed, hygienick\u00fd design, v\u00fdb\u011br materi\u00e1l\u016f dle p\u0159epokl\u00e1dan\u00fdch projekt\u016f,\u00a0 proveden\u00ed s ochranou proti v\u00fdbuchu a individu\u00e1ln\u00ed po\u017eadavky z\u00e1kazn\u00edk\u016f.<\/p>\n<p>Mont\u00e1\u017e t\u011bchto za\u0159\u00edzen\u00ed a jejich uveden\u00ed do provozu ve v\u00fdrobn\u00edm\u00a0 z\u00e1vod\u011b prov\u00e1d\u00ed profesion\u00e1lov\u00e9 firmy IKA.<\/p>\n<p><strong>Stroje a za\u0159\u00edzen\u00ed IKA:<\/strong><br \/><a href=\"http:\/\/www.neotec.cz\/ikaprocess\/master-plant-mp\/\">Master Plant MP<\/a><br \/><a href=\"http:\/\/www.neotec.cz\/ikaprocess\/standard-plant-spp\/\">Standard Plant SPP<\/a><br \/><a href=\"http:\/\/www.neotec.cz\/ikaprocess\/mhd-plant\/\">MHD-Plant<\/a><br \/><a href=\"http:\/\/www.neotec.cz\/ikaprocess\/dpv-dilution-plant\/\">Za\u0159\u00edzen\u00ed pro sm\u011b\u0161ov\u00e1n\u00ed kapaln\u00fdch l\u00e1tek<\/a><br \/><a href=\"http:\/\/www.neotec.cz\/ikaprocess\/turnkey-plants\/\">Za\u0159\u00edzen\u00ed konstruovan\u00e1 dle po\u017eadavk\u016f z\u00e1kazn\u00edka<\/a><\/p>\n<\/div>\n<\/div><\/div><\/div><\/div><\/div>","protected":false},"excerpt":{"rendered":"<p>Inovativn\u00ed procesn\u00ed za\u0159\u00edzen\u00ed p\u0159edstavuj\u00ed konzistentn\u00ed pokra\u010dov\u00e1n\u00ed strojov\u00e9ho portfolia firmy IKA.Firma IKA se specializuje na syst\u00e9my pro kontinu\u00e1ln\u00ed nebo diskontinu\u00e1ln\u00ed vm\u011b\u0161ov\u00e1n\u00ed pr\u00e1\u0161kov\u00fdch l\u00e1tek do kapalin, m\u00edchac\u00ed a disperga\u010dn\u00ed za\u0159\u00edzen\u00ed na v\u00fdrobu emulz\u00ed a suspenz\u00ed (Standard Plant Production a Master Plant), stejn\u011b jako za\u0159\u00edzen\u00ed pro sm\u011b\u0161ov\u00e1n\u00ed kapaln\u00fdch l\u00e1tek.Vedle t\u011bchto standardn\u00edch \u0159e\u0161en\u00ed firma IKA rovn\u011b\u017e projektuje a stav\u00ed [&hellip;]<\/p>\n","protected":false},"author":1,"featured_media":0,"parent":0,"menu_order":0,"comment_status":"closed","ping_status":"closed","template":"templates\/template-full-notitle.php","meta":{"footnotes":""},"class_list":["post-1862","page","type-page","status-publish","hentry","post"],"yoast_head":"<!-- This site is optimized with the Yoast SEO plugin v24.2 - https:\/\/yoast.com\/wordpress\/plugins\/seo\/ -->\n<title>Procesn\u00ed za\u0159\u00edzen\u00ed - NEOTEC, spol. s r.o. - procesn\u00ed technologie firmy IKA<\/title>\n<meta name=\"description\" content=\"NEOTEC - zam\u011b\u0159en\u00ed: V\u00fdhradn\u00ed zastoupen\u00ed firmy IKA pro \u010cR.\" \/>\n<meta name=\"robots\" content=\"index, follow, max-snippet:-1, max-image-preview:large, max-video-preview:-1\" \/>\n<link rel=\"canonical\" href=\"https:\/\/www.neotec.cz\/ikaprocess\/vyrobni-zarizeni\/\" \/>\n<meta property=\"og:locale\" content=\"cs_CZ\" \/>\n<meta property=\"og:type\" content=\"article\" \/>\n<meta property=\"og:title\" content=\"Procesn\u00ed za\u0159\u00edzen\u00ed - NEOTEC, spol. s r.o. - procesn\u00ed technologie firmy IKA\" \/>\n<meta property=\"og:description\" content=\"NEOTEC - zam\u011b\u0159en\u00ed: V\u00fdhradn\u00ed zastoupen\u00ed firmy IKA pro \u010cR.\" \/>\n<meta property=\"og:url\" content=\"https:\/\/www.neotec.cz\/ikaprocess\/vyrobni-zarizeni\/\" \/>\n<meta property=\"og:site_name\" content=\"NEOTEC, spol. s r.o. - procesn\u00ed technologie firmy IKA\" \/>\n<meta property=\"article:modified_time\" content=\"2017-07-21T07:53:09+00:00\" \/>\n<meta property=\"og:image\" content=\"http:\/\/www.neotec.cz\/ikaprocess\/wp-content\/uploads\/2017\/07\/hero-proc-plants.jpg\" \/>\n<meta name=\"twitter:card\" content=\"summary_large_image\" \/>\n<meta name=\"twitter:label1\" content=\"Odhadovan\u00e1 doba \u010dten\u00ed\" \/>\n\t<meta name=\"twitter:data1\" content=\"1 minuta\" \/>\n<script type=\"application\/ld+json\" class=\"yoast-schema-graph\">{\"@context\":\"https:\/\/schema.org\",\"@graph\":[{\"@type\":\"WebPage\",\"@id\":\"https:\/\/www.neotec.cz\/ikaprocess\/vyrobni-zarizeni\/\",\"url\":\"https:\/\/www.neotec.cz\/ikaprocess\/vyrobni-zarizeni\/\",\"name\":\"Procesn\u00ed za\u0159\u00edzen\u00ed - NEOTEC, spol. s r.o. - procesn\u00ed technologie firmy IKA\",\"isPartOf\":{\"@id\":\"https:\/\/www.neotec.cz\/ikaprocess\/#website\"},\"primaryImageOfPage\":{\"@id\":\"https:\/\/www.neotec.cz\/ikaprocess\/vyrobni-zarizeni\/#primaryimage\"},\"image\":{\"@id\":\"https:\/\/www.neotec.cz\/ikaprocess\/vyrobni-zarizeni\/#primaryimage\"},\"thumbnailUrl\":\"http:\/\/www.neotec.cz\/ikaprocess\/wp-content\/uploads\/2017\/07\/hero-proc-plants.jpg\",\"datePublished\":\"2017-07-03T08:09:24+00:00\",\"dateModified\":\"2017-07-21T07:53:09+00:00\",\"description\":\"NEOTEC - zam\u011b\u0159en\u00ed: V\u00fdhradn\u00ed zastoupen\u00ed firmy IKA pro \u010cR.\",\"breadcrumb\":{\"@id\":\"https:\/\/www.neotec.cz\/ikaprocess\/vyrobni-zarizeni\/#breadcrumb\"},\"inLanguage\":\"cs\",\"potentialAction\":[{\"@type\":\"ReadAction\",\"target\":[\"https:\/\/www.neotec.cz\/ikaprocess\/vyrobni-zarizeni\/\"]}]},{\"@type\":\"ImageObject\",\"inLanguage\":\"cs\",\"@id\":\"https:\/\/www.neotec.cz\/ikaprocess\/vyrobni-zarizeni\/#primaryimage\",\"url\":\"http:\/\/www.neotec.cz\/ikaprocess\/wp-content\/uploads\/2017\/07\/hero-proc-plants.jpg\",\"contentUrl\":\"http:\/\/www.neotec.cz\/ikaprocess\/wp-content\/uploads\/2017\/07\/hero-proc-plants.jpg\"},{\"@type\":\"BreadcrumbList\",\"@id\":\"https:\/\/www.neotec.cz\/ikaprocess\/vyrobni-zarizeni\/#breadcrumb\",\"itemListElement\":[{\"@type\":\"ListItem\",\"position\":1,\"name\":\"Dom\u016f\",\"item\":\"https:\/\/www.neotec.cz\/ikaprocess\/\"},{\"@type\":\"ListItem\",\"position\":2,\"name\":\"Procesn\u00ed za\u0159\u00edzen\u00ed\"}]},{\"@type\":\"WebSite\",\"@id\":\"https:\/\/www.neotec.cz\/ikaprocess\/#website\",\"url\":\"https:\/\/www.neotec.cz\/ikaprocess\/\",\"name\":\"NEOTEC, spol. s r.o. - procesn\u00ed technologie firmy IKA\",\"description\":\"NEOTEC - v\u00fdhradn\u00ed zastoupen\u00ed firmy IKA pro \u010cR - procesn\u00ed technologie a laboratorn\u00ed technika.\",\"potentialAction\":[{\"@type\":\"SearchAction\",\"target\":{\"@type\":\"EntryPoint\",\"urlTemplate\":\"https:\/\/www.neotec.cz\/ikaprocess\/?s={search_term_string}\"},\"query-input\":{\"@type\":\"PropertyValueSpecification\",\"valueRequired\":true,\"valueName\":\"search_term_string\"}}],\"inLanguage\":\"cs\"}]}<\/script>\n<!-- \/ Yoast SEO plugin. -->","yoast_head_json":{"title":"Procesn\u00ed za\u0159\u00edzen\u00ed - NEOTEC, spol. s r.o. - procesn\u00ed technologie firmy IKA","description":"NEOTEC - zam\u011b\u0159en\u00ed: V\u00fdhradn\u00ed zastoupen\u00ed firmy IKA pro \u010cR.","robots":{"index":"index","follow":"follow","max-snippet":"max-snippet:-1","max-image-preview":"max-image-preview:large","max-video-preview":"max-video-preview:-1"},"canonical":"https:\/\/www.neotec.cz\/ikaprocess\/vyrobni-zarizeni\/","og_locale":"cs_CZ","og_type":"article","og_title":"Procesn\u00ed za\u0159\u00edzen\u00ed - NEOTEC, spol. s r.o. - procesn\u00ed technologie firmy IKA","og_description":"NEOTEC - zam\u011b\u0159en\u00ed: V\u00fdhradn\u00ed zastoupen\u00ed firmy IKA pro \u010cR.","og_url":"https:\/\/www.neotec.cz\/ikaprocess\/vyrobni-zarizeni\/","og_site_name":"NEOTEC, spol. s r.o. - procesn\u00ed technologie firmy IKA","article_modified_time":"2017-07-21T07:53:09+00:00","og_image":[{"url":"http:\/\/www.neotec.cz\/ikaprocess\/wp-content\/uploads\/2017\/07\/hero-proc-plants.jpg","type":"","width":"","height":""}],"twitter_card":"summary_large_image","twitter_misc":{"Odhadovan\u00e1 doba \u010dten\u00ed":"1 minuta"},"schema":{"@context":"https:\/\/schema.org","@graph":[{"@type":"WebPage","@id":"https:\/\/www.neotec.cz\/ikaprocess\/vyrobni-zarizeni\/","url":"https:\/\/www.neotec.cz\/ikaprocess\/vyrobni-zarizeni\/","name":"Procesn\u00ed za\u0159\u00edzen\u00ed - NEOTEC, spol. s r.o. - procesn\u00ed technologie firmy IKA","isPartOf":{"@id":"https:\/\/www.neotec.cz\/ikaprocess\/#website"},"primaryImageOfPage":{"@id":"https:\/\/www.neotec.cz\/ikaprocess\/vyrobni-zarizeni\/#primaryimage"},"image":{"@id":"https:\/\/www.neotec.cz\/ikaprocess\/vyrobni-zarizeni\/#primaryimage"},"thumbnailUrl":"http:\/\/www.neotec.cz\/ikaprocess\/wp-content\/uploads\/2017\/07\/hero-proc-plants.jpg","datePublished":"2017-07-03T08:09:24+00:00","dateModified":"2017-07-21T07:53:09+00:00","description":"NEOTEC - zam\u011b\u0159en\u00ed: V\u00fdhradn\u00ed zastoupen\u00ed firmy IKA pro \u010cR.","breadcrumb":{"@id":"https:\/\/www.neotec.cz\/ikaprocess\/vyrobni-zarizeni\/#breadcrumb"},"inLanguage":"cs","potentialAction":[{"@type":"ReadAction","target":["https:\/\/www.neotec.cz\/ikaprocess\/vyrobni-zarizeni\/"]}]},{"@type":"ImageObject","inLanguage":"cs","@id":"https:\/\/www.neotec.cz\/ikaprocess\/vyrobni-zarizeni\/#primaryimage","url":"http:\/\/www.neotec.cz\/ikaprocess\/wp-content\/uploads\/2017\/07\/hero-proc-plants.jpg","contentUrl":"http:\/\/www.neotec.cz\/ikaprocess\/wp-content\/uploads\/2017\/07\/hero-proc-plants.jpg"},{"@type":"BreadcrumbList","@id":"https:\/\/www.neotec.cz\/ikaprocess\/vyrobni-zarizeni\/#breadcrumb","itemListElement":[{"@type":"ListItem","position":1,"name":"Dom\u016f","item":"https:\/\/www.neotec.cz\/ikaprocess\/"},{"@type":"ListItem","position":2,"name":"Procesn\u00ed za\u0159\u00edzen\u00ed"}]},{"@type":"WebSite","@id":"https:\/\/www.neotec.cz\/ikaprocess\/#website","url":"https:\/\/www.neotec.cz\/ikaprocess\/","name":"NEOTEC, spol. s r.o. - procesn\u00ed technologie firmy IKA","description":"NEOTEC - v\u00fdhradn\u00ed zastoupen\u00ed firmy IKA pro \u010cR - procesn\u00ed technologie a laboratorn\u00ed technika.","potentialAction":[{"@type":"SearchAction","target":{"@type":"EntryPoint","urlTemplate":"https:\/\/www.neotec.cz\/ikaprocess\/?s={search_term_string}"},"query-input":{"@type":"PropertyValueSpecification","valueRequired":true,"valueName":"search_term_string"}}],"inLanguage":"cs"}]}},"_links":{"self":[{"href":"https:\/\/www.neotec.cz\/ikaprocess\/wp-json\/wp\/v2\/pages\/1862","targetHints":{"allow":["GET"]}}],"collection":[{"href":"https:\/\/www.neotec.cz\/ikaprocess\/wp-json\/wp\/v2\/pages"}],"about":[{"href":"https:\/\/www.neotec.cz\/ikaprocess\/wp-json\/wp\/v2\/types\/page"}],"author":[{"embeddable":true,"href":"https:\/\/www.neotec.cz\/ikaprocess\/wp-json\/wp\/v2\/users\/1"}],"replies":[{"embeddable":true,"href":"https:\/\/www.neotec.cz\/ikaprocess\/wp-json\/wp\/v2\/comments?post=1862"}],"version-history":[{"count":22,"href":"https:\/\/www.neotec.cz\/ikaprocess\/wp-json\/wp\/v2\/pages\/1862\/revisions"}],"predecessor-version":[{"id":2307,"href":"https:\/\/www.neotec.cz\/ikaprocess\/wp-json\/wp\/v2\/pages\/1862\/revisions\/2307"}],"wp:attachment":[{"href":"https:\/\/www.neotec.cz\/ikaprocess\/wp-json\/wp\/v2\/media?parent=1862"}],"curies":[{"name":"wp","href":"https:\/\/api.w.org\/{rel}","templated":true}]}}