{"id":1882,"date":"2017-07-03T09:35:05","date_gmt":"2017-07-03T08:35:05","guid":{"rendered":"http:\/\/www.neotec.cz\/ikaprocess\/?page_id=1882"},"modified":"2017-07-21T09:42:26","modified_gmt":"2017-07-21T08:42:26","slug":"dry-mills","status":"publish","type":"page","link":"https:\/\/www.neotec.cz\/ikaprocess\/dry-mills\/","title":{"rendered":"Such\u00e9 ml\u00fdny"},"content":{"rendered":"<div id=\"pl-1882\"  class=\"panel-layout\" ><div id=\"pg-1882-0\"  class=\"panel-grid panel-no-style\" ><div id=\"pgc-1882-0-0\"  class=\"panel-grid-cell\" ><div id=\"panel-1882-0-0-0\" class=\"so-panel widget widget_sow-image panel-first-child\" data-index=\"0\" ><div\n\t\t\t\n\t\t\tclass=\"so-widget-sow-image so-widget-sow-image-default-6ec9e3772f75-1882\"\n\t\t\t\n\t\t>\n\n<div class=\"sow-image-container\">\n\t\t<img loading=\"lazy\" decoding=\"async\" src=\"https:\/\/www.neotec.cz\/ikaprocess\/wp-content\/uploads\/2017\/07\/hero-proc-dry-mills.jpg\" width=\"589\" height=\"328\" srcset=\"https:\/\/www.neotec.cz\/ikaprocess\/wp-content\/uploads\/2017\/07\/hero-proc-dry-mills.jpg 589w, https:\/\/www.neotec.cz\/ikaprocess\/wp-content\/uploads\/2017\/07\/hero-proc-dry-mills-300x167.jpg 300w\" sizes=\"auto, (max-width: 589px) 100vw, 589px\" alt=\"\" \t\tclass=\"so-widget-image\"\/>\n\t<\/div>\n\n<\/div><\/div><div id=\"panel-1882-0-0-1\" class=\"so-panel widget widget_sow-editor panel-last-child\" data-index=\"1\" ><div\n\t\t\t\n\t\t\tclass=\"so-widget-sow-editor so-widget-sow-editor-base\"\n\t\t\t\n\t\t><h3 class=\"widget-title\">Such\u00e9 ml\u00fdny<\/h3>\n<div class=\"siteorigin-widget-tinymce textwidget\">\n\t<p>Mlet\u00ed za sucha se stroji IKA je bezpe\u010dn\u00fdm a efektivn\u00edm zp\u016fsobem mlet\u00ed materi\u00e1l\u016f. Jako expert v technologii proces\u016f, IKA\u00a0 nen\u00ed limitov\u00e1na\u00a0 men\u0161\u00ed velikosti \u010d\u00e1stic pro mlet\u00ed. Rovn\u011b\u017e se po\u010d\u00edt\u00e1 s men\u0161\u00edm rozptylem velikosti namlet\u00fdch \u010d\u00e1stic a vy\u0161\u0161\u00ed homogenitou materi\u00e1lu \u010di vzorku.<\/p>\n<p>Ku\u017eelov\u00fd s\u00ed\u0165ov\u00fd ml\u00fdn IKA CONIKA nab\u00edz\u00ed mo\u017enost prom\u00edch\u00e1n\u00ed such\u00e9 suroviny p\u0159ed zpracov\u00e1n\u00edm, co\u017e zaji\u0161\u0165uje bezprobl\u00e9mov\u00fd v\u00fdrobn\u00ed proces. D\u00e1le CONIKA umo\u017e\u0148uje znovuzpracov\u00e1n\u00ed ji\u017e rozemlet\u00e9ho produktu a tak\u00e9 dal\u0161\u00ed procesn\u00ed krok jako je balen\u00ed. Syst\u00e9m CONIKA\u00a0 m\u016f\u017ee b\u00fdt integrov\u00e1n do st\u00e1vaj\u00edc\u00edho syst\u00e9mu nebo pou\u017e\u00edv\u00e1n jako samostatn\u00fd syst\u00e9m.<\/p>\n<p>Dokonce i pro v\u00fdrobky s objemem jen n\u011bkolika litr\u016f nebo v\u00fdrobky s extr\u00e9mn\u00edmi n\u00e1roky na tvrdost m\u00e1 pro V\u00e1s firma IKA \u0159e\u0161en\u00ed.\u00a0 IKA Pilotina je poloprovozn\u00ed such\u00fd ml\u00fdn v \u0159ezac\u00edm a n\u00e1razov\u00fdm\u00a0 proveden\u00ed.\u00a0 Pro aplikace, kter\u00e9 vy\u017eaduj\u00ed \u0161irok\u00e9 spektrum v\u00fdrobk\u016f, doporu\u010dujeme Pilotina MU: univers\u00e1ln\u00ed ml\u00fdn s regulovanou rychlost\u00ed, kter\u00fd m\u016f\u017ee b\u00fdt vybaven jak standardn\u00edm n\u00e1strojem, tak n\u00e1strojem pro \u0159ez\u00e1n\u00ed.<\/p>\n<p>Such\u00e9 ml\u00fdny IKA:\u00a0 Va\u0161e aplikace | V\u00e1\u0161 standard | Na\u0161e kompetence<\/p>\n<p><strong>Stroje a za\u0159\u00edzen\u00ed IKA:<\/strong><br \/><a href=\"http:\/\/www.neotec.cz\/ikaprocess\/conika\/\">CONIKA<\/a><br \/><a href=\"http:\/\/www.neotec.cz\/ikaprocess\/pilotina\/\">Pilotina<\/a><\/p>\n<\/div>\n<\/div><\/div><\/div><\/div><\/div>","protected":false},"excerpt":{"rendered":"<p>Mlet\u00ed za sucha se stroji IKA je bezpe\u010dn\u00fdm a efektivn\u00edm zp\u016fsobem mlet\u00ed materi\u00e1l\u016f. Jako expert v technologii proces\u016f, IKA\u00a0 nen\u00ed limitov\u00e1na\u00a0 men\u0161\u00ed velikosti \u010d\u00e1stic pro mlet\u00ed. Rovn\u011b\u017e se po\u010d\u00edt\u00e1 s men\u0161\u00edm rozptylem velikosti namlet\u00fdch \u010d\u00e1stic a vy\u0161\u0161\u00ed homogenitou materi\u00e1lu \u010di vzorku.Ku\u017eelov\u00fd s\u00ed\u0165ov\u00fd ml\u00fdn IKA CONIKA nab\u00edz\u00ed mo\u017enost prom\u00edch\u00e1n\u00ed such\u00e9 suroviny p\u0159ed zpracov\u00e1n\u00edm, co\u017e zaji\u0161\u0165uje bezprobl\u00e9mov\u00fd [&hellip;]<\/p>\n","protected":false},"author":1,"featured_media":0,"parent":0,"menu_order":0,"comment_status":"closed","ping_status":"closed","template":"templates\/template-full-notitle.php","meta":{"footnotes":""},"class_list":["post-1882","page","type-page","status-publish","hentry","post"],"yoast_head":"<!-- This site is optimized with the Yoast SEO plugin v24.2 - https:\/\/yoast.com\/wordpress\/plugins\/seo\/ -->\n<title>Such\u00e9 ml\u00fdny - NEOTEC, spol. s r.o. - procesn\u00ed technologie firmy IKA<\/title>\n<meta name=\"description\" content=\"NEOTEC - zam\u011b\u0159en\u00ed: V\u00fdhradn\u00ed zastoupen\u00ed firmy IKA pro \u010cR.\" \/>\n<meta name=\"robots\" content=\"index, follow, max-snippet:-1, max-image-preview:large, max-video-preview:-1\" \/>\n<link rel=\"canonical\" href=\"https:\/\/www.neotec.cz\/ikaprocess\/dry-mills\/\" \/>\n<meta property=\"og:locale\" content=\"cs_CZ\" \/>\n<meta property=\"og:type\" content=\"article\" \/>\n<meta property=\"og:title\" content=\"Such\u00e9 ml\u00fdny - NEOTEC, spol. s r.o. - procesn\u00ed technologie firmy IKA\" \/>\n<meta property=\"og:description\" content=\"NEOTEC - zam\u011b\u0159en\u00ed: V\u00fdhradn\u00ed zastoupen\u00ed firmy IKA pro \u010cR.\" \/>\n<meta property=\"og:url\" content=\"https:\/\/www.neotec.cz\/ikaprocess\/dry-mills\/\" \/>\n<meta property=\"og:site_name\" content=\"NEOTEC, spol. s r.o. - procesn\u00ed technologie firmy IKA\" \/>\n<meta property=\"article:modified_time\" content=\"2017-07-21T08:42:26+00:00\" \/>\n<meta property=\"og:image\" content=\"http:\/\/www.neotec.cz\/ikaprocess\/wp-content\/uploads\/2017\/07\/hero-proc-dry-mills.jpg\" \/>\n<meta name=\"twitter:card\" content=\"summary_large_image\" \/>\n<meta name=\"twitter:label1\" content=\"Odhadovan\u00e1 doba \u010dten\u00ed\" \/>\n\t<meta name=\"twitter:data1\" content=\"1 minuta\" \/>\n<script type=\"application\/ld+json\" class=\"yoast-schema-graph\">{\"@context\":\"https:\/\/schema.org\",\"@graph\":[{\"@type\":\"WebPage\",\"@id\":\"https:\/\/www.neotec.cz\/ikaprocess\/dry-mills\/\",\"url\":\"https:\/\/www.neotec.cz\/ikaprocess\/dry-mills\/\",\"name\":\"Such\u00e9 ml\u00fdny - NEOTEC, spol. s r.o. - procesn\u00ed technologie firmy IKA\",\"isPartOf\":{\"@id\":\"https:\/\/www.neotec.cz\/ikaprocess\/#website\"},\"primaryImageOfPage\":{\"@id\":\"https:\/\/www.neotec.cz\/ikaprocess\/dry-mills\/#primaryimage\"},\"image\":{\"@id\":\"https:\/\/www.neotec.cz\/ikaprocess\/dry-mills\/#primaryimage\"},\"thumbnailUrl\":\"http:\/\/www.neotec.cz\/ikaprocess\/wp-content\/uploads\/2017\/07\/hero-proc-dry-mills.jpg\",\"datePublished\":\"2017-07-03T08:35:05+00:00\",\"dateModified\":\"2017-07-21T08:42:26+00:00\",\"description\":\"NEOTEC - zam\u011b\u0159en\u00ed: V\u00fdhradn\u00ed zastoupen\u00ed firmy IKA pro \u010cR.\",\"breadcrumb\":{\"@id\":\"https:\/\/www.neotec.cz\/ikaprocess\/dry-mills\/#breadcrumb\"},\"inLanguage\":\"cs\",\"potentialAction\":[{\"@type\":\"ReadAction\",\"target\":[\"https:\/\/www.neotec.cz\/ikaprocess\/dry-mills\/\"]}]},{\"@type\":\"ImageObject\",\"inLanguage\":\"cs\",\"@id\":\"https:\/\/www.neotec.cz\/ikaprocess\/dry-mills\/#primaryimage\",\"url\":\"http:\/\/www.neotec.cz\/ikaprocess\/wp-content\/uploads\/2017\/07\/hero-proc-dry-mills.jpg\",\"contentUrl\":\"http:\/\/www.neotec.cz\/ikaprocess\/wp-content\/uploads\/2017\/07\/hero-proc-dry-mills.jpg\"},{\"@type\":\"BreadcrumbList\",\"@id\":\"https:\/\/www.neotec.cz\/ikaprocess\/dry-mills\/#breadcrumb\",\"itemListElement\":[{\"@type\":\"ListItem\",\"position\":1,\"name\":\"Dom\u016f\",\"item\":\"https:\/\/www.neotec.cz\/ikaprocess\/\"},{\"@type\":\"ListItem\",\"position\":2,\"name\":\"Such\u00e9 ml\u00fdny\"}]},{\"@type\":\"WebSite\",\"@id\":\"https:\/\/www.neotec.cz\/ikaprocess\/#website\",\"url\":\"https:\/\/www.neotec.cz\/ikaprocess\/\",\"name\":\"NEOTEC, spol. s r.o. - procesn\u00ed technologie firmy IKA\",\"description\":\"NEOTEC - v\u00fdhradn\u00ed zastoupen\u00ed firmy IKA pro \u010cR - procesn\u00ed technologie a laboratorn\u00ed technika.\",\"potentialAction\":[{\"@type\":\"SearchAction\",\"target\":{\"@type\":\"EntryPoint\",\"urlTemplate\":\"https:\/\/www.neotec.cz\/ikaprocess\/?s={search_term_string}\"},\"query-input\":{\"@type\":\"PropertyValueSpecification\",\"valueRequired\":true,\"valueName\":\"search_term_string\"}}],\"inLanguage\":\"cs\"}]}<\/script>\n<!-- \/ Yoast SEO plugin. -->","yoast_head_json":{"title":"Such\u00e9 ml\u00fdny - NEOTEC, spol. s r.o. - procesn\u00ed technologie firmy IKA","description":"NEOTEC - zam\u011b\u0159en\u00ed: V\u00fdhradn\u00ed zastoupen\u00ed firmy IKA pro \u010cR.","robots":{"index":"index","follow":"follow","max-snippet":"max-snippet:-1","max-image-preview":"max-image-preview:large","max-video-preview":"max-video-preview:-1"},"canonical":"https:\/\/www.neotec.cz\/ikaprocess\/dry-mills\/","og_locale":"cs_CZ","og_type":"article","og_title":"Such\u00e9 ml\u00fdny - NEOTEC, spol. s r.o. - procesn\u00ed technologie firmy IKA","og_description":"NEOTEC - zam\u011b\u0159en\u00ed: V\u00fdhradn\u00ed zastoupen\u00ed firmy IKA pro \u010cR.","og_url":"https:\/\/www.neotec.cz\/ikaprocess\/dry-mills\/","og_site_name":"NEOTEC, spol. s r.o. - procesn\u00ed technologie firmy IKA","article_modified_time":"2017-07-21T08:42:26+00:00","og_image":[{"url":"http:\/\/www.neotec.cz\/ikaprocess\/wp-content\/uploads\/2017\/07\/hero-proc-dry-mills.jpg","type":"","width":"","height":""}],"twitter_card":"summary_large_image","twitter_misc":{"Odhadovan\u00e1 doba \u010dten\u00ed":"1 minuta"},"schema":{"@context":"https:\/\/schema.org","@graph":[{"@type":"WebPage","@id":"https:\/\/www.neotec.cz\/ikaprocess\/dry-mills\/","url":"https:\/\/www.neotec.cz\/ikaprocess\/dry-mills\/","name":"Such\u00e9 ml\u00fdny - NEOTEC, spol. s r.o. - procesn\u00ed technologie firmy IKA","isPartOf":{"@id":"https:\/\/www.neotec.cz\/ikaprocess\/#website"},"primaryImageOfPage":{"@id":"https:\/\/www.neotec.cz\/ikaprocess\/dry-mills\/#primaryimage"},"image":{"@id":"https:\/\/www.neotec.cz\/ikaprocess\/dry-mills\/#primaryimage"},"thumbnailUrl":"http:\/\/www.neotec.cz\/ikaprocess\/wp-content\/uploads\/2017\/07\/hero-proc-dry-mills.jpg","datePublished":"2017-07-03T08:35:05+00:00","dateModified":"2017-07-21T08:42:26+00:00","description":"NEOTEC - zam\u011b\u0159en\u00ed: V\u00fdhradn\u00ed zastoupen\u00ed firmy IKA pro \u010cR.","breadcrumb":{"@id":"https:\/\/www.neotec.cz\/ikaprocess\/dry-mills\/#breadcrumb"},"inLanguage":"cs","potentialAction":[{"@type":"ReadAction","target":["https:\/\/www.neotec.cz\/ikaprocess\/dry-mills\/"]}]},{"@type":"ImageObject","inLanguage":"cs","@id":"https:\/\/www.neotec.cz\/ikaprocess\/dry-mills\/#primaryimage","url":"http:\/\/www.neotec.cz\/ikaprocess\/wp-content\/uploads\/2017\/07\/hero-proc-dry-mills.jpg","contentUrl":"http:\/\/www.neotec.cz\/ikaprocess\/wp-content\/uploads\/2017\/07\/hero-proc-dry-mills.jpg"},{"@type":"BreadcrumbList","@id":"https:\/\/www.neotec.cz\/ikaprocess\/dry-mills\/#breadcrumb","itemListElement":[{"@type":"ListItem","position":1,"name":"Dom\u016f","item":"https:\/\/www.neotec.cz\/ikaprocess\/"},{"@type":"ListItem","position":2,"name":"Such\u00e9 ml\u00fdny"}]},{"@type":"WebSite","@id":"https:\/\/www.neotec.cz\/ikaprocess\/#website","url":"https:\/\/www.neotec.cz\/ikaprocess\/","name":"NEOTEC, spol. s r.o. - procesn\u00ed technologie firmy IKA","description":"NEOTEC - v\u00fdhradn\u00ed zastoupen\u00ed firmy IKA pro \u010cR - procesn\u00ed technologie a laboratorn\u00ed technika.","potentialAction":[{"@type":"SearchAction","target":{"@type":"EntryPoint","urlTemplate":"https:\/\/www.neotec.cz\/ikaprocess\/?s={search_term_string}"},"query-input":{"@type":"PropertyValueSpecification","valueRequired":true,"valueName":"search_term_string"}}],"inLanguage":"cs"}]}},"_links":{"self":[{"href":"https:\/\/www.neotec.cz\/ikaprocess\/wp-json\/wp\/v2\/pages\/1882","targetHints":{"allow":["GET"]}}],"collection":[{"href":"https:\/\/www.neotec.cz\/ikaprocess\/wp-json\/wp\/v2\/pages"}],"about":[{"href":"https:\/\/www.neotec.cz\/ikaprocess\/wp-json\/wp\/v2\/types\/page"}],"author":[{"embeddable":true,"href":"https:\/\/www.neotec.cz\/ikaprocess\/wp-json\/wp\/v2\/users\/1"}],"replies":[{"embeddable":true,"href":"https:\/\/www.neotec.cz\/ikaprocess\/wp-json\/wp\/v2\/comments?post=1882"}],"version-history":[{"count":9,"href":"https:\/\/www.neotec.cz\/ikaprocess\/wp-json\/wp\/v2\/pages\/1882\/revisions"}],"predecessor-version":[{"id":2345,"href":"https:\/\/www.neotec.cz\/ikaprocess\/wp-json\/wp\/v2\/pages\/1882\/revisions\/2345"}],"wp:attachment":[{"href":"https:\/\/www.neotec.cz\/ikaprocess\/wp-json\/wp\/v2\/media?parent=1882"}],"curies":[{"name":"wp","href":"https:\/\/api.w.org\/{rel}","templated":true}]}}