{"id":1894,"date":"2017-07-03T10:22:01","date_gmt":"2017-07-03T09:22:01","guid":{"rendered":"http:\/\/www.neotec.cz\/ikaprocess\/?page_id=1894"},"modified":"2017-08-11T09:46:02","modified_gmt":"2017-08-11T08:46:02","slug":"vacuum-dryers","status":"publish","type":"page","link":"https:\/\/www.neotec.cz\/ikaprocess\/vacuum-dryers\/","title":{"rendered":"Vakuov\u00e9 su\u0161i\u010dky \/ m\u00edcha\u010dky"},"content":{"rendered":"<div id=\"pl-1894\"  class=\"panel-layout\" ><div id=\"pg-1894-0\"  class=\"panel-grid panel-no-style\" ><div id=\"pgc-1894-0-0\"  class=\"panel-grid-cell\" ><div id=\"panel-1894-0-0-0\" class=\"so-panel widget widget_sow-image panel-first-child\" data-index=\"0\" ><div\n\t\t\t\n\t\t\tclass=\"so-widget-sow-image so-widget-sow-image-default-6ec9e3772f75-1894\"\n\t\t\t\n\t\t>\n\n<div class=\"sow-image-container\">\n\t\t<img loading=\"lazy\" decoding=\"async\" src=\"https:\/\/www.neotec.cz\/ikaprocess\/wp-content\/uploads\/2017\/07\/hero-proc-dryer.jpg\" width=\"590\" height=\"329\" srcset=\"https:\/\/www.neotec.cz\/ikaprocess\/wp-content\/uploads\/2017\/07\/hero-proc-dryer.jpg 590w, https:\/\/www.neotec.cz\/ikaprocess\/wp-content\/uploads\/2017\/07\/hero-proc-dryer-300x167.jpg 300w\" sizes=\"auto, (max-width: 590px) 100vw, 590px\" alt=\"\" \t\tclass=\"so-widget-image\"\/>\n\t<\/div>\n\n<\/div><\/div><div id=\"panel-1894-0-0-1\" class=\"so-panel widget widget_sow-editor panel-last-child\" data-index=\"1\" ><div\n\t\t\t\n\t\t\tclass=\"so-widget-sow-editor so-widget-sow-editor-base\"\n\t\t\t\n\t\t><h3 class=\"widget-title\">Vakuov\u00e9 su\u0161i\u010dky \/ m\u00edcha\u010dky<\/h3>\n<div class=\"siteorigin-widget-tinymce textwidget\">\n\t<p>K\u00f3nick\u00e1 m\u00edcha\u010dka IKA CM slou\u017e\u00ed k m\u00edch\u00e1n\u00ed sypk\u00fdch pevn\u00fdch l\u00e1tek, zat\u00edmco k\u00f3nick\u00e1 su\u0161i\u010dka byla navr\u017eena pro vakuov\u00e9 kontaktn\u00ed\u00a0 su\u0161en\u00ed r\u016fzn\u00fdch vlhk\u00fdch pevn\u00fdch l\u00e1tek. Oba mohou b\u00fdt pou\u017eity k v\u00fdrob\u011b produkt\u016f s r\u016fznou objemovou hustotou a velikost\u00ed \u010d\u00e1stic. K\u00f3nick\u00e1 su\u0161\u00edc\u00ed n\u00e1doba s m\u00edchadlem zaru\u010duje \u00fapln\u00e9 vypr\u00e1zdn\u011bn\u00ed produktu a je ji mo\u017en\u00e9 snadno d\u016fkladn\u011b vy\u010distit. N\u00e1doba z\u00e1kladn\u00ed verze m\u00edcha\u010dky m\u00e1 je jednoduchou st\u011bnu.<\/p>\n<p>N\u00e1doba a krytka k\u00f3nick\u00e9 su\u0161i\u010dky IKA CD jsou vybaveny dvojit\u00fdm pl\u00e1\u0161t\u011bm pro vyt\u00e1p\u011bn\u00ed. Tento pl\u00e1\u0161\u0165 zaji\u0161\u0165uje optim\u00e1ln\u00ed p\u0159\u00edvod energie, rovnom\u011brnou vlhkost a rozlo\u017een\u00ed teploty v cel\u00e9 oblasti v\u00fdrobku. V\u00fdrobek je intenzivn\u011b prom\u00edch\u00e1v\u00e1n speci\u00e1ln\u00edm spir\u00e1lov\u00fdm m\u00edchadlem, kter\u00e9 lze v p\u0159\u00edpad\u011b su\u0161i\u010dky tak\u00e9 zah\u0159\u00edvat. V\u00fdpary z l\u00e1tek jsou odlu\u010dov\u00e1ny prachov\u00fdm filtrem se reversibiln\u00ed tokem. K\u00f3nick\u00e1 m\u00edcha\u010dka i su\u0161i\u010dka mohou b\u00fdt vybaveny krytem nakl\u00e1p\u011bc\u00edho za\u0159\u00edzen\u00ed a mechanismem oto\u010den\u00ed n\u00e1dob. Sklon pracovn\u00ed n\u00e1doby vylep\u0161uje cel\u00fd proces m\u00edch\u00e1n\u00ed produktu a zle\u0161uje p\u016fsoben\u00ed gravitace na m\u00edchan\u00fd \/ su\u0161en\u00fd produkt.<\/p>\n<p><strong>Stroje a za\u0159\u00edzen\u00ed IKA<\/strong>:<br \/><a href=\"http:\/\/www.neotec.cz\/ikaprocess\/conical-dryer-cd\/\">K\u00f3nick\u00e1 su\u0161i\u010dka CD<\/a><br \/><a href=\"http:\/\/www.neotec.cz\/ikaprocess\/conical-mixer-cm\/\">K\u00f3nick\u00e1 m\u00edcha\u010dka CM<\/a><\/p>\n<\/div>\n<\/div><\/div><\/div><\/div><\/div>","protected":false},"excerpt":{"rendered":"<p>K\u00f3nick\u00e1 m\u00edcha\u010dka IKA CM slou\u017e\u00ed k m\u00edch\u00e1n\u00ed sypk\u00fdch pevn\u00fdch l\u00e1tek, zat\u00edmco k\u00f3nick\u00e1 su\u0161i\u010dka byla navr\u017eena pro vakuov\u00e9 kontaktn\u00ed\u00a0 su\u0161en\u00ed r\u016fzn\u00fdch vlhk\u00fdch pevn\u00fdch l\u00e1tek. Oba mohou b\u00fdt pou\u017eity k v\u00fdrob\u011b produkt\u016f s r\u016fznou objemovou hustotou a velikost\u00ed \u010d\u00e1stic. K\u00f3nick\u00e1 su\u0161\u00edc\u00ed n\u00e1doba s m\u00edchadlem zaru\u010duje \u00fapln\u00e9 vypr\u00e1zdn\u011bn\u00ed produktu a je ji mo\u017en\u00e9 snadno d\u016fkladn\u011b vy\u010distit. N\u00e1doba z\u00e1kladn\u00ed [&hellip;]<\/p>\n","protected":false},"author":1,"featured_media":0,"parent":0,"menu_order":0,"comment_status":"closed","ping_status":"closed","template":"templates\/template-full-notitle.php","meta":{"footnotes":""},"class_list":["post-1894","page","type-page","status-publish","hentry","post"],"yoast_head":"<!-- This site is optimized with the Yoast SEO plugin v24.2 - https:\/\/yoast.com\/wordpress\/plugins\/seo\/ -->\n<title>Vakuov\u00e9 su\u0161i\u010dky \/ m\u00edcha\u010dky - NEOTEC, spol. s r.o. - procesn\u00ed technologie firmy IKA<\/title>\n<meta name=\"description\" content=\"NEOTEC - zam\u011b\u0159en\u00ed: V\u00fdhradn\u00ed zastoupen\u00ed firmy IKA pro \u010cR.\" \/>\n<meta name=\"robots\" content=\"index, follow, max-snippet:-1, max-image-preview:large, max-video-preview:-1\" \/>\n<link rel=\"canonical\" href=\"https:\/\/www.neotec.cz\/ikaprocess\/vacuum-dryers\/\" \/>\n<meta property=\"og:locale\" content=\"cs_CZ\" \/>\n<meta property=\"og:type\" content=\"article\" \/>\n<meta property=\"og:title\" content=\"Vakuov\u00e9 su\u0161i\u010dky \/ m\u00edcha\u010dky - NEOTEC, spol. s r.o. - procesn\u00ed technologie firmy IKA\" \/>\n<meta property=\"og:description\" content=\"NEOTEC - zam\u011b\u0159en\u00ed: V\u00fdhradn\u00ed zastoupen\u00ed firmy IKA pro \u010cR.\" \/>\n<meta property=\"og:url\" content=\"https:\/\/www.neotec.cz\/ikaprocess\/vacuum-dryers\/\" \/>\n<meta property=\"og:site_name\" content=\"NEOTEC, spol. s r.o. - procesn\u00ed technologie firmy IKA\" \/>\n<meta property=\"article:modified_time\" content=\"2017-08-11T08:46:02+00:00\" \/>\n<meta property=\"og:image\" content=\"http:\/\/www.neotec.cz\/ikaprocess\/wp-content\/uploads\/2017\/07\/hero-proc-dryer.jpg\" \/>\n<meta name=\"twitter:card\" content=\"summary_large_image\" \/>\n<meta name=\"twitter:label1\" content=\"Odhadovan\u00e1 doba \u010dten\u00ed\" \/>\n\t<meta name=\"twitter:data1\" content=\"1 minuta\" \/>\n<script type=\"application\/ld+json\" class=\"yoast-schema-graph\">{\"@context\":\"https:\/\/schema.org\",\"@graph\":[{\"@type\":\"WebPage\",\"@id\":\"https:\/\/www.neotec.cz\/ikaprocess\/vacuum-dryers\/\",\"url\":\"https:\/\/www.neotec.cz\/ikaprocess\/vacuum-dryers\/\",\"name\":\"Vakuov\u00e9 su\u0161i\u010dky \/ m\u00edcha\u010dky - NEOTEC, spol. s r.o. - procesn\u00ed technologie firmy IKA\",\"isPartOf\":{\"@id\":\"https:\/\/www.neotec.cz\/ikaprocess\/#website\"},\"primaryImageOfPage\":{\"@id\":\"https:\/\/www.neotec.cz\/ikaprocess\/vacuum-dryers\/#primaryimage\"},\"image\":{\"@id\":\"https:\/\/www.neotec.cz\/ikaprocess\/vacuum-dryers\/#primaryimage\"},\"thumbnailUrl\":\"http:\/\/www.neotec.cz\/ikaprocess\/wp-content\/uploads\/2017\/07\/hero-proc-dryer.jpg\",\"datePublished\":\"2017-07-03T09:22:01+00:00\",\"dateModified\":\"2017-08-11T08:46:02+00:00\",\"description\":\"NEOTEC - zam\u011b\u0159en\u00ed: V\u00fdhradn\u00ed zastoupen\u00ed firmy IKA pro \u010cR.\",\"breadcrumb\":{\"@id\":\"https:\/\/www.neotec.cz\/ikaprocess\/vacuum-dryers\/#breadcrumb\"},\"inLanguage\":\"cs\",\"potentialAction\":[{\"@type\":\"ReadAction\",\"target\":[\"https:\/\/www.neotec.cz\/ikaprocess\/vacuum-dryers\/\"]}]},{\"@type\":\"ImageObject\",\"inLanguage\":\"cs\",\"@id\":\"https:\/\/www.neotec.cz\/ikaprocess\/vacuum-dryers\/#primaryimage\",\"url\":\"http:\/\/www.neotec.cz\/ikaprocess\/wp-content\/uploads\/2017\/07\/hero-proc-dryer.jpg\",\"contentUrl\":\"http:\/\/www.neotec.cz\/ikaprocess\/wp-content\/uploads\/2017\/07\/hero-proc-dryer.jpg\"},{\"@type\":\"BreadcrumbList\",\"@id\":\"https:\/\/www.neotec.cz\/ikaprocess\/vacuum-dryers\/#breadcrumb\",\"itemListElement\":[{\"@type\":\"ListItem\",\"position\":1,\"name\":\"Dom\u016f\",\"item\":\"https:\/\/www.neotec.cz\/ikaprocess\/\"},{\"@type\":\"ListItem\",\"position\":2,\"name\":\"Vakuov\u00e9 su\u0161i\u010dky \/ m\u00edcha\u010dky\"}]},{\"@type\":\"WebSite\",\"@id\":\"https:\/\/www.neotec.cz\/ikaprocess\/#website\",\"url\":\"https:\/\/www.neotec.cz\/ikaprocess\/\",\"name\":\"NEOTEC, spol. s r.o. - procesn\u00ed technologie firmy IKA\",\"description\":\"NEOTEC - v\u00fdhradn\u00ed zastoupen\u00ed firmy IKA pro \u010cR - procesn\u00ed technologie a laboratorn\u00ed technika.\",\"potentialAction\":[{\"@type\":\"SearchAction\",\"target\":{\"@type\":\"EntryPoint\",\"urlTemplate\":\"https:\/\/www.neotec.cz\/ikaprocess\/?s={search_term_string}\"},\"query-input\":{\"@type\":\"PropertyValueSpecification\",\"valueRequired\":true,\"valueName\":\"search_term_string\"}}],\"inLanguage\":\"cs\"}]}<\/script>\n<!-- \/ Yoast SEO plugin. -->","yoast_head_json":{"title":"Vakuov\u00e9 su\u0161i\u010dky \/ m\u00edcha\u010dky - NEOTEC, spol. s r.o. - procesn\u00ed technologie firmy IKA","description":"NEOTEC - zam\u011b\u0159en\u00ed: V\u00fdhradn\u00ed zastoupen\u00ed firmy IKA pro \u010cR.","robots":{"index":"index","follow":"follow","max-snippet":"max-snippet:-1","max-image-preview":"max-image-preview:large","max-video-preview":"max-video-preview:-1"},"canonical":"https:\/\/www.neotec.cz\/ikaprocess\/vacuum-dryers\/","og_locale":"cs_CZ","og_type":"article","og_title":"Vakuov\u00e9 su\u0161i\u010dky \/ m\u00edcha\u010dky - NEOTEC, spol. s r.o. - procesn\u00ed technologie firmy IKA","og_description":"NEOTEC - zam\u011b\u0159en\u00ed: V\u00fdhradn\u00ed zastoupen\u00ed firmy IKA pro \u010cR.","og_url":"https:\/\/www.neotec.cz\/ikaprocess\/vacuum-dryers\/","og_site_name":"NEOTEC, spol. s r.o. - procesn\u00ed technologie firmy IKA","article_modified_time":"2017-08-11T08:46:02+00:00","og_image":[{"url":"http:\/\/www.neotec.cz\/ikaprocess\/wp-content\/uploads\/2017\/07\/hero-proc-dryer.jpg","type":"","width":"","height":""}],"twitter_card":"summary_large_image","twitter_misc":{"Odhadovan\u00e1 doba \u010dten\u00ed":"1 minuta"},"schema":{"@context":"https:\/\/schema.org","@graph":[{"@type":"WebPage","@id":"https:\/\/www.neotec.cz\/ikaprocess\/vacuum-dryers\/","url":"https:\/\/www.neotec.cz\/ikaprocess\/vacuum-dryers\/","name":"Vakuov\u00e9 su\u0161i\u010dky \/ m\u00edcha\u010dky - NEOTEC, spol. s r.o. - procesn\u00ed technologie firmy IKA","isPartOf":{"@id":"https:\/\/www.neotec.cz\/ikaprocess\/#website"},"primaryImageOfPage":{"@id":"https:\/\/www.neotec.cz\/ikaprocess\/vacuum-dryers\/#primaryimage"},"image":{"@id":"https:\/\/www.neotec.cz\/ikaprocess\/vacuum-dryers\/#primaryimage"},"thumbnailUrl":"http:\/\/www.neotec.cz\/ikaprocess\/wp-content\/uploads\/2017\/07\/hero-proc-dryer.jpg","datePublished":"2017-07-03T09:22:01+00:00","dateModified":"2017-08-11T08:46:02+00:00","description":"NEOTEC - zam\u011b\u0159en\u00ed: V\u00fdhradn\u00ed zastoupen\u00ed firmy IKA pro \u010cR.","breadcrumb":{"@id":"https:\/\/www.neotec.cz\/ikaprocess\/vacuum-dryers\/#breadcrumb"},"inLanguage":"cs","potentialAction":[{"@type":"ReadAction","target":["https:\/\/www.neotec.cz\/ikaprocess\/vacuum-dryers\/"]}]},{"@type":"ImageObject","inLanguage":"cs","@id":"https:\/\/www.neotec.cz\/ikaprocess\/vacuum-dryers\/#primaryimage","url":"http:\/\/www.neotec.cz\/ikaprocess\/wp-content\/uploads\/2017\/07\/hero-proc-dryer.jpg","contentUrl":"http:\/\/www.neotec.cz\/ikaprocess\/wp-content\/uploads\/2017\/07\/hero-proc-dryer.jpg"},{"@type":"BreadcrumbList","@id":"https:\/\/www.neotec.cz\/ikaprocess\/vacuum-dryers\/#breadcrumb","itemListElement":[{"@type":"ListItem","position":1,"name":"Dom\u016f","item":"https:\/\/www.neotec.cz\/ikaprocess\/"},{"@type":"ListItem","position":2,"name":"Vakuov\u00e9 su\u0161i\u010dky \/ m\u00edcha\u010dky"}]},{"@type":"WebSite","@id":"https:\/\/www.neotec.cz\/ikaprocess\/#website","url":"https:\/\/www.neotec.cz\/ikaprocess\/","name":"NEOTEC, spol. s r.o. - procesn\u00ed technologie firmy IKA","description":"NEOTEC - v\u00fdhradn\u00ed zastoupen\u00ed firmy IKA pro \u010cR - procesn\u00ed technologie a laboratorn\u00ed technika.","potentialAction":[{"@type":"SearchAction","target":{"@type":"EntryPoint","urlTemplate":"https:\/\/www.neotec.cz\/ikaprocess\/?s={search_term_string}"},"query-input":{"@type":"PropertyValueSpecification","valueRequired":true,"valueName":"search_term_string"}}],"inLanguage":"cs"}]}},"_links":{"self":[{"href":"https:\/\/www.neotec.cz\/ikaprocess\/wp-json\/wp\/v2\/pages\/1894","targetHints":{"allow":["GET"]}}],"collection":[{"href":"https:\/\/www.neotec.cz\/ikaprocess\/wp-json\/wp\/v2\/pages"}],"about":[{"href":"https:\/\/www.neotec.cz\/ikaprocess\/wp-json\/wp\/v2\/types\/page"}],"author":[{"embeddable":true,"href":"https:\/\/www.neotec.cz\/ikaprocess\/wp-json\/wp\/v2\/users\/1"}],"replies":[{"embeddable":true,"href":"https:\/\/www.neotec.cz\/ikaprocess\/wp-json\/wp\/v2\/comments?post=1894"}],"version-history":[{"count":10,"href":"https:\/\/www.neotec.cz\/ikaprocess\/wp-json\/wp\/v2\/pages\/1894\/revisions"}],"predecessor-version":[{"id":2395,"href":"https:\/\/www.neotec.cz\/ikaprocess\/wp-json\/wp\/v2\/pages\/1894\/revisions\/2395"}],"wp:attachment":[{"href":"https:\/\/www.neotec.cz\/ikaprocess\/wp-json\/wp\/v2\/media?parent=1894"}],"curies":[{"name":"wp","href":"https:\/\/api.w.org\/{rel}","templated":true}]}}