{"id":1907,"date":"2017-07-03T12:26:53","date_gmt":"2017-07-03T11:26:53","guid":{"rendered":"http:\/\/www.neotec.cz\/ikaprocess\/?page_id=1907"},"modified":"2017-08-18T07:33:30","modified_gmt":"2017-08-18T06:33:30","slug":"pilot-plants","status":"publish","type":"page","link":"https:\/\/www.neotec.cz\/ikaprocess\/pilot-plants\/","title":{"rendered":"V\u00fdvojov\u00e1 a poloprovozn\u00ed za\u0159\u00edzen\u00ed"},"content":{"rendered":"<div id=\"pl-1907\"  class=\"panel-layout\" ><div id=\"pg-1907-0\"  class=\"panel-grid panel-no-style\" ><div id=\"pgc-1907-0-0\"  class=\"panel-grid-cell\" ><div id=\"panel-1907-0-0-0\" class=\"so-panel widget widget_sow-image panel-first-child\" data-index=\"0\" ><div\n\t\t\t\n\t\t\tclass=\"so-widget-sow-image so-widget-sow-image-default-6ec9e3772f75-1907\"\n\t\t\t\n\t\t>\n\n<div class=\"sow-image-container\">\n\t\t<img loading=\"lazy\" decoding=\"async\" src=\"https:\/\/www.neotec.cz\/ikaprocess\/wp-content\/uploads\/2017\/07\/hero-proc-pilot.jpg\" width=\"590\" height=\"329\" srcset=\"https:\/\/www.neotec.cz\/ikaprocess\/wp-content\/uploads\/2017\/07\/hero-proc-pilot.jpg 590w, https:\/\/www.neotec.cz\/ikaprocess\/wp-content\/uploads\/2017\/07\/hero-proc-pilot-300x167.jpg 300w\" sizes=\"auto, (max-width: 590px) 100vw, 590px\" alt=\"\" \t\tclass=\"so-widget-image\"\/>\n\t<\/div>\n\n<\/div><\/div><div id=\"panel-1907-0-0-1\" class=\"so-panel widget widget_sow-editor panel-last-child\" data-index=\"1\" ><div\n\t\t\t\n\t\t\tclass=\"so-widget-sow-editor so-widget-sow-editor-base\"\n\t\t\t\n\t\t><h3 class=\"widget-title\">V\u00fdvojov\u00e1 a poloprovozn\u00ed za\u0159\u00edzen\u00ed<\/h3>\n<div class=\"siteorigin-widget-tinymce textwidget\">\n\t<p>V\u00fdvojov\u00e1 a poloprovozn\u00ed za\u0159\u00edzen\u00ed firmy IKA vytv\u00e1\u0159\u00ed \u010dl\u00e1nek mezi Va\u0161\u00ed v\u00fdvojovou laborato\u0159\u00ed a skute\u010dnou v\u00fdrobou.\u00a0 IKA zaji\u0161\u0165uje bezprobl\u00e9mov\u00fd p\u0159echod od v\u00fdvoje produkt\u016f k hromadn\u00e9 v\u00fdrob\u011b t\u00edm, \u017ee nab\u00edz\u00ed \u0159adu p\u0159\u00edstroj\u016f, ve kter\u00fdch je stejn\u00fd stroj schopen zpracov\u00e1vat mal\u00e9 i velk\u00e9 kapacity.<\/p>\n<p>Magic LAB\u00ae, LABOR-PILOT a PROCESS-PILOT jsou ide\u00e1ln\u00ed pro optimalizaci recept\u016f produktu a parametr\u016f procesu. Za\u0159\u00edzen\u00ed jsou charakterizov\u00e1ny stejn\u00fdm specifick\u00fdm tokem energie jako analogick\u00e9 v\u00fdrobn\u00ed inline stroje s vy\u0161\u0161\u00edmi pr\u016ftoky. Umo\u017e\u0148uj\u00ed v\u00fdrobu hrub\u00fdch a jemn\u00fdch disperz\u00ed, hromadn\u00fd bezpra\u0161n\u00fd vstup pr\u00e1\u0161ku do kapalin, stejn\u011b jako homogenn\u00ed m\u00edch\u00e1n\u00ed. K dispozici je \u0161irok\u00e1 \u0161k\u00e1la p\u0159\u00edslu\u0161enstv\u00ed, kter\u00e1 umo\u017e\u0148uje p\u0159ev\u00e9st tyto inline stroje do pln\u011b laboratorn\u00edch a poloprovozn\u00edch sm\u011b\u0161ovac\u00edch za\u0159\u00edzen\u00ed.<\/p>\n<p>Poloprovozn\u00ed syst\u00e9my IKA Master Plant maj\u00ed kapacitu 10, 25 a 50 litr\u016f, jsou ur\u010deny pro m\u00edch\u00e1n\u00ed a dispergaci a poskytuj\u00ed \u00fa\u010dinn\u00e9 nas\u00e1v\u00e1n\u00ed pevn\u00fdch a kapaln\u00fdch p\u0159\u00edsad.\u00a0 Za\u0159\u00edzen\u00ed bylo vyvinuto speci\u00e1ln\u011b pro produkty s vysokou viskozitou (a\u017e 100000 mPa.s). Syst\u00e9my Master Plant umo\u017e\u0148uj\u00ed v\u00fdrobu a odplyn\u011bn\u00ed vysoce kvalitn\u00edch emulz\u00ed a suspenz\u00ed ve velmi kr\u00e1tk\u00fdch \u010dasech.<\/p>\n<p><strong>Stroje a za\u0159\u00edzen\u00ed IKA:<\/strong><br \/><a href=\"http:\/\/www.neotec.cz\/ikaprocess\/magic-lab\/\">magic LAB<\/a><br \/><a href=\"http:\/\/www.neotec.cz\/ikaprocess\/labor-pilot\/\">LABOR-PILOT<\/a><br \/><a href=\"http:\/\/www.neotec.cz\/ikaprocess\/process-pilot\/\">PROCESS-PILOT<\/a><br \/><a href=\"http:\/\/www.neotec.cz\/ikaprocess\/magic-plant\/\">magic Plant<\/a><\/p>\n<\/div>\n<\/div><\/div><\/div><\/div><\/div>","protected":false},"excerpt":{"rendered":"<p>V\u00fdvojov\u00e1 a poloprovozn\u00ed za\u0159\u00edzen\u00ed firmy IKA vytv\u00e1\u0159\u00ed \u010dl\u00e1nek mezi Va\u0161\u00ed v\u00fdvojovou laborato\u0159\u00ed a skute\u010dnou v\u00fdrobou.\u00a0 IKA zaji\u0161\u0165uje bezprobl\u00e9mov\u00fd p\u0159echod od v\u00fdvoje produkt\u016f k hromadn\u00e9 v\u00fdrob\u011b t\u00edm, \u017ee nab\u00edz\u00ed \u0159adu p\u0159\u00edstroj\u016f, ve kter\u00fdch je stejn\u00fd stroj schopen zpracov\u00e1vat mal\u00e9 i velk\u00e9 kapacity. Magic LAB\u00ae, LABOR-PILOT a PROCESS-PILOT jsou ide\u00e1ln\u00ed pro optimalizaci recept\u016f produktu a parametr\u016f procesu. [&hellip;]<\/p>\n","protected":false},"author":1,"featured_media":0,"parent":0,"menu_order":0,"comment_status":"closed","ping_status":"closed","template":"templates\/template-full-notitle.php","meta":{"footnotes":""},"class_list":["post-1907","page","type-page","status-publish","hentry","post"],"yoast_head":"<!-- This site is optimized with the Yoast SEO plugin v24.2 - https:\/\/yoast.com\/wordpress\/plugins\/seo\/ -->\n<title>V\u00fdvojov\u00e1 a poloprovozn\u00ed za\u0159\u00edzen\u00ed - NEOTEC, spol. s r.o. - procesn\u00ed technologie firmy IKA<\/title>\n<meta name=\"description\" content=\"NEOTEC - zam\u011b\u0159en\u00ed: V\u00fdhradn\u00ed zastoupen\u00ed firmy IKA pro \u010cR.\" \/>\n<meta name=\"robots\" content=\"index, follow, max-snippet:-1, max-image-preview:large, max-video-preview:-1\" \/>\n<link rel=\"canonical\" href=\"https:\/\/www.neotec.cz\/ikaprocess\/pilot-plants\/\" \/>\n<meta property=\"og:locale\" content=\"cs_CZ\" \/>\n<meta property=\"og:type\" content=\"article\" \/>\n<meta property=\"og:title\" content=\"V\u00fdvojov\u00e1 a poloprovozn\u00ed za\u0159\u00edzen\u00ed - NEOTEC, spol. s r.o. - procesn\u00ed technologie firmy IKA\" \/>\n<meta property=\"og:description\" content=\"NEOTEC - zam\u011b\u0159en\u00ed: V\u00fdhradn\u00ed zastoupen\u00ed firmy IKA pro \u010cR.\" \/>\n<meta property=\"og:url\" content=\"https:\/\/www.neotec.cz\/ikaprocess\/pilot-plants\/\" \/>\n<meta property=\"og:site_name\" content=\"NEOTEC, spol. s r.o. - procesn\u00ed technologie firmy IKA\" \/>\n<meta property=\"article:modified_time\" content=\"2017-08-18T06:33:30+00:00\" \/>\n<meta property=\"og:image\" content=\"http:\/\/www.neotec.cz\/ikaprocess\/wp-content\/uploads\/2017\/07\/hero-proc-pilot.jpg\" \/>\n<meta name=\"twitter:card\" content=\"summary_large_image\" \/>\n<meta name=\"twitter:label1\" content=\"Odhadovan\u00e1 doba \u010dten\u00ed\" \/>\n\t<meta name=\"twitter:data1\" content=\"1 minuta\" \/>\n<script type=\"application\/ld+json\" class=\"yoast-schema-graph\">{\"@context\":\"https:\/\/schema.org\",\"@graph\":[{\"@type\":\"WebPage\",\"@id\":\"https:\/\/www.neotec.cz\/ikaprocess\/pilot-plants\/\",\"url\":\"https:\/\/www.neotec.cz\/ikaprocess\/pilot-plants\/\",\"name\":\"V\u00fdvojov\u00e1 a poloprovozn\u00ed za\u0159\u00edzen\u00ed - NEOTEC, spol. s r.o. - procesn\u00ed technologie firmy IKA\",\"isPartOf\":{\"@id\":\"https:\/\/www.neotec.cz\/ikaprocess\/#website\"},\"primaryImageOfPage\":{\"@id\":\"https:\/\/www.neotec.cz\/ikaprocess\/pilot-plants\/#primaryimage\"},\"image\":{\"@id\":\"https:\/\/www.neotec.cz\/ikaprocess\/pilot-plants\/#primaryimage\"},\"thumbnailUrl\":\"http:\/\/www.neotec.cz\/ikaprocess\/wp-content\/uploads\/2017\/07\/hero-proc-pilot.jpg\",\"datePublished\":\"2017-07-03T11:26:53+00:00\",\"dateModified\":\"2017-08-18T06:33:30+00:00\",\"description\":\"NEOTEC - zam\u011b\u0159en\u00ed: V\u00fdhradn\u00ed zastoupen\u00ed firmy IKA pro \u010cR.\",\"breadcrumb\":{\"@id\":\"https:\/\/www.neotec.cz\/ikaprocess\/pilot-plants\/#breadcrumb\"},\"inLanguage\":\"cs\",\"potentialAction\":[{\"@type\":\"ReadAction\",\"target\":[\"https:\/\/www.neotec.cz\/ikaprocess\/pilot-plants\/\"]}]},{\"@type\":\"ImageObject\",\"inLanguage\":\"cs\",\"@id\":\"https:\/\/www.neotec.cz\/ikaprocess\/pilot-plants\/#primaryimage\",\"url\":\"http:\/\/www.neotec.cz\/ikaprocess\/wp-content\/uploads\/2017\/07\/hero-proc-pilot.jpg\",\"contentUrl\":\"http:\/\/www.neotec.cz\/ikaprocess\/wp-content\/uploads\/2017\/07\/hero-proc-pilot.jpg\"},{\"@type\":\"BreadcrumbList\",\"@id\":\"https:\/\/www.neotec.cz\/ikaprocess\/pilot-plants\/#breadcrumb\",\"itemListElement\":[{\"@type\":\"ListItem\",\"position\":1,\"name\":\"Dom\u016f\",\"item\":\"https:\/\/www.neotec.cz\/ikaprocess\/\"},{\"@type\":\"ListItem\",\"position\":2,\"name\":\"V\u00fdvojov\u00e1 a poloprovozn\u00ed za\u0159\u00edzen\u00ed\"}]},{\"@type\":\"WebSite\",\"@id\":\"https:\/\/www.neotec.cz\/ikaprocess\/#website\",\"url\":\"https:\/\/www.neotec.cz\/ikaprocess\/\",\"name\":\"NEOTEC, spol. s r.o. - procesn\u00ed technologie firmy IKA\",\"description\":\"NEOTEC - v\u00fdhradn\u00ed zastoupen\u00ed firmy IKA pro \u010cR - procesn\u00ed technologie a laboratorn\u00ed technika.\",\"potentialAction\":[{\"@type\":\"SearchAction\",\"target\":{\"@type\":\"EntryPoint\",\"urlTemplate\":\"https:\/\/www.neotec.cz\/ikaprocess\/?s={search_term_string}\"},\"query-input\":{\"@type\":\"PropertyValueSpecification\",\"valueRequired\":true,\"valueName\":\"search_term_string\"}}],\"inLanguage\":\"cs\"}]}<\/script>\n<!-- \/ Yoast SEO plugin. -->","yoast_head_json":{"title":"V\u00fdvojov\u00e1 a poloprovozn\u00ed za\u0159\u00edzen\u00ed - NEOTEC, spol. s r.o. - procesn\u00ed technologie firmy IKA","description":"NEOTEC - zam\u011b\u0159en\u00ed: V\u00fdhradn\u00ed zastoupen\u00ed firmy IKA pro \u010cR.","robots":{"index":"index","follow":"follow","max-snippet":"max-snippet:-1","max-image-preview":"max-image-preview:large","max-video-preview":"max-video-preview:-1"},"canonical":"https:\/\/www.neotec.cz\/ikaprocess\/pilot-plants\/","og_locale":"cs_CZ","og_type":"article","og_title":"V\u00fdvojov\u00e1 a poloprovozn\u00ed za\u0159\u00edzen\u00ed - NEOTEC, spol. s r.o. - procesn\u00ed technologie firmy IKA","og_description":"NEOTEC - zam\u011b\u0159en\u00ed: V\u00fdhradn\u00ed zastoupen\u00ed firmy IKA pro \u010cR.","og_url":"https:\/\/www.neotec.cz\/ikaprocess\/pilot-plants\/","og_site_name":"NEOTEC, spol. s r.o. - procesn\u00ed technologie firmy IKA","article_modified_time":"2017-08-18T06:33:30+00:00","og_image":[{"url":"http:\/\/www.neotec.cz\/ikaprocess\/wp-content\/uploads\/2017\/07\/hero-proc-pilot.jpg","type":"","width":"","height":""}],"twitter_card":"summary_large_image","twitter_misc":{"Odhadovan\u00e1 doba \u010dten\u00ed":"1 minuta"},"schema":{"@context":"https:\/\/schema.org","@graph":[{"@type":"WebPage","@id":"https:\/\/www.neotec.cz\/ikaprocess\/pilot-plants\/","url":"https:\/\/www.neotec.cz\/ikaprocess\/pilot-plants\/","name":"V\u00fdvojov\u00e1 a poloprovozn\u00ed za\u0159\u00edzen\u00ed - NEOTEC, spol. s r.o. - procesn\u00ed technologie firmy IKA","isPartOf":{"@id":"https:\/\/www.neotec.cz\/ikaprocess\/#website"},"primaryImageOfPage":{"@id":"https:\/\/www.neotec.cz\/ikaprocess\/pilot-plants\/#primaryimage"},"image":{"@id":"https:\/\/www.neotec.cz\/ikaprocess\/pilot-plants\/#primaryimage"},"thumbnailUrl":"http:\/\/www.neotec.cz\/ikaprocess\/wp-content\/uploads\/2017\/07\/hero-proc-pilot.jpg","datePublished":"2017-07-03T11:26:53+00:00","dateModified":"2017-08-18T06:33:30+00:00","description":"NEOTEC - zam\u011b\u0159en\u00ed: V\u00fdhradn\u00ed zastoupen\u00ed firmy IKA pro \u010cR.","breadcrumb":{"@id":"https:\/\/www.neotec.cz\/ikaprocess\/pilot-plants\/#breadcrumb"},"inLanguage":"cs","potentialAction":[{"@type":"ReadAction","target":["https:\/\/www.neotec.cz\/ikaprocess\/pilot-plants\/"]}]},{"@type":"ImageObject","inLanguage":"cs","@id":"https:\/\/www.neotec.cz\/ikaprocess\/pilot-plants\/#primaryimage","url":"http:\/\/www.neotec.cz\/ikaprocess\/wp-content\/uploads\/2017\/07\/hero-proc-pilot.jpg","contentUrl":"http:\/\/www.neotec.cz\/ikaprocess\/wp-content\/uploads\/2017\/07\/hero-proc-pilot.jpg"},{"@type":"BreadcrumbList","@id":"https:\/\/www.neotec.cz\/ikaprocess\/pilot-plants\/#breadcrumb","itemListElement":[{"@type":"ListItem","position":1,"name":"Dom\u016f","item":"https:\/\/www.neotec.cz\/ikaprocess\/"},{"@type":"ListItem","position":2,"name":"V\u00fdvojov\u00e1 a poloprovozn\u00ed za\u0159\u00edzen\u00ed"}]},{"@type":"WebSite","@id":"https:\/\/www.neotec.cz\/ikaprocess\/#website","url":"https:\/\/www.neotec.cz\/ikaprocess\/","name":"NEOTEC, spol. s r.o. - procesn\u00ed technologie firmy IKA","description":"NEOTEC - v\u00fdhradn\u00ed zastoupen\u00ed firmy IKA pro \u010cR - procesn\u00ed technologie a laboratorn\u00ed technika.","potentialAction":[{"@type":"SearchAction","target":{"@type":"EntryPoint","urlTemplate":"https:\/\/www.neotec.cz\/ikaprocess\/?s={search_term_string}"},"query-input":{"@type":"PropertyValueSpecification","valueRequired":true,"valueName":"search_term_string"}}],"inLanguage":"cs"}]}},"_links":{"self":[{"href":"https:\/\/www.neotec.cz\/ikaprocess\/wp-json\/wp\/v2\/pages\/1907","targetHints":{"allow":["GET"]}}],"collection":[{"href":"https:\/\/www.neotec.cz\/ikaprocess\/wp-json\/wp\/v2\/pages"}],"about":[{"href":"https:\/\/www.neotec.cz\/ikaprocess\/wp-json\/wp\/v2\/types\/page"}],"author":[{"embeddable":true,"href":"https:\/\/www.neotec.cz\/ikaprocess\/wp-json\/wp\/v2\/users\/1"}],"replies":[{"embeddable":true,"href":"https:\/\/www.neotec.cz\/ikaprocess\/wp-json\/wp\/v2\/comments?post=1907"}],"version-history":[{"count":12,"href":"https:\/\/www.neotec.cz\/ikaprocess\/wp-json\/wp\/v2\/pages\/1907\/revisions"}],"predecessor-version":[{"id":2455,"href":"https:\/\/www.neotec.cz\/ikaprocess\/wp-json\/wp\/v2\/pages\/1907\/revisions\/2455"}],"wp:attachment":[{"href":"https:\/\/www.neotec.cz\/ikaprocess\/wp-json\/wp\/v2\/media?parent=1907"}],"curies":[{"name":"wp","href":"https:\/\/api.w.org\/{rel}","templated":true}]}}