{"id":1918,"date":"2017-07-03T13:11:28","date_gmt":"2017-07-03T12:11:28","guid":{"rendered":"http:\/\/www.neotec.cz\/ikaprocess\/?page_id=1918"},"modified":"2017-08-18T15:20:25","modified_gmt":"2017-08-18T14:20:25","slug":"agitators","status":"publish","type":"page","link":"https:\/\/www.neotec.cz\/ikaprocess\/agitators\/","title":{"rendered":"M\u00edchadla"},"content":{"rendered":"<div id=\"pl-1918\"  class=\"panel-layout\" ><div id=\"pg-1918-0\"  class=\"panel-grid panel-no-style\" ><div id=\"pgc-1918-0-0\"  class=\"panel-grid-cell\" ><div id=\"panel-1918-0-0-0\" class=\"so-panel widget widget_sow-image panel-first-child\" data-index=\"0\" ><div\n\t\t\t\n\t\t\tclass=\"so-widget-sow-image so-widget-sow-image-default-6ec9e3772f75-1918\"\n\t\t\t\n\t\t>\n\n<div class=\"sow-image-container\">\n\t\t<img loading=\"lazy\" decoding=\"async\" src=\"https:\/\/www.neotec.cz\/ikaprocess\/wp-content\/uploads\/2017\/07\/hero-proc-rw.jpg\" width=\"590\" height=\"329\" srcset=\"https:\/\/www.neotec.cz\/ikaprocess\/wp-content\/uploads\/2017\/07\/hero-proc-rw.jpg 590w, https:\/\/www.neotec.cz\/ikaprocess\/wp-content\/uploads\/2017\/07\/hero-proc-rw-300x167.jpg 300w\" sizes=\"auto, (max-width: 590px) 100vw, 590px\" alt=\"\" \t\tclass=\"so-widget-image\"\/>\n\t<\/div>\n\n<\/div><\/div><div id=\"panel-1918-0-0-1\" class=\"so-panel widget widget_sow-editor panel-last-child\" data-index=\"1\" ><div\n\t\t\t\n\t\t\tclass=\"so-widget-sow-editor so-widget-sow-editor-base\"\n\t\t\t\n\t\t><h3 class=\"widget-title\">M\u00edchadla<\/h3>\n<div class=\"siteorigin-widget-tinymce textwidget\">\n\t<p>M\u00edchadla IKA jsou ide\u00e1ln\u00ed pro zrychlen\u00ed v\u00fdroby roztok\u016f a jejich synt\u00e9zy, pro v\u00fdm\u011bnu tepla v m\u00e9diu a pro m\u00edch\u00e1n\u00ed snadno m\u00edsiteln\u00fdch kapalin a pevn\u00fdch l\u00e1tek. Prim\u00e1rn\u00edm pou\u017eit\u00edm m\u00edchadel je zpracov\u00e1n\u00ed tekut\u00fdch sm\u011bs\u00ed v oblasti s n\u00edzkou a\u017e st\u0159edn\u00ed viskozitou. M\u00edchadla mohou b\u00fdt voliteln\u011b vybavena rychlou vrtul\u00ed, axi\u00e1ln\u00ed turb\u00ednou, m\u00edchac\u00edm kotou\u010dem, ozuben\u00fdm kotou\u010dem, \u0161\u00e1lkov\u00fdm m\u00edchadlem IBC nebo pomal\u00fdm a v\u00fdkonn\u00fdm kotvov\u00fdm m\u00edchadlem.<\/p>\n<p>M\u00edchac\u00ed agreg\u00e1t IKA ROTOTRON\u00ae se vyzna\u010duje extr\u00e9mn\u011b siln\u00fdm axi\u00e1ln\u00edm dopravn\u00edm efektem. Dokonce i kdy\u017e se jedn\u00e1 o dimenze a tvary n\u00e1doby, kter\u00e9 jsou men\u0161\u00ed ne\u017e optim\u00e1ln\u00ed, agreg\u00e1t IKA ROTOTRON\u00ae zajist\u00ed velmi intenzivn\u00ed recirkulaci sm\u011bsi p\u0159i pom\u011brn\u011b n\u00edzk\u00e9 spot\u0159eb\u011b energie.<\/p>\n<p>V\u0161echny kovov\u00e9 \u010d\u00e1sti agreg\u00e1t\u016f IKA, kter\u00e9 p\u0159ich\u00e1zej\u00ed do kontaktu s v\u00fdrobkem, jsou vyrobeny z vysoce kvalitn\u00ed nerezov\u00e9 oceli. M\u00edchadla IKA jsou k dispozici v n\u011bkolika r\u016fzn\u00fdch velikostech a proveden\u00edch podle sm\u011brnic GMP a\/nebo ATEX. D\u00e1le je mo\u017en\u00e9 na p\u0159\u00e1n\u00ed z\u00e1kazn\u00edka dodat i odpov\u00eddaj\u00edc\u00ed stojany a upev\u0148ovac\u00ed p\u0159\u00edslu\u0161enstv\u00ed.<\/p>\n<p><strong>Stroje a za\u0159\u00edzen\u00ed IKA:<\/strong><br \/><a href=\"http:\/\/www.neotec.cz\/ikaprocess\/robotron-rts\/\">ROTOTRON RTS<\/a><br \/><a href=\"http:\/\/www.neotec.cz\/ikaprocess\/turbotron\/\">TURBOTRON<\/a><br \/><a href=\"http:\/\/www.neotec.cz\/ikaprocess\/rkg\/\">RKG-00-Bo<\/a><\/p>\n<\/div>\n<\/div><\/div><\/div><\/div><\/div>","protected":false},"excerpt":{"rendered":"<p>M\u00edchadla IKA jsou ide\u00e1ln\u00ed pro zrychlen\u00ed v\u00fdroby roztok\u016f a jejich synt\u00e9zy, pro v\u00fdm\u011bnu tepla v m\u00e9diu a pro m\u00edch\u00e1n\u00ed snadno m\u00edsiteln\u00fdch kapalin a pevn\u00fdch l\u00e1tek. Prim\u00e1rn\u00edm pou\u017eit\u00edm m\u00edchadel je zpracov\u00e1n\u00ed tekut\u00fdch sm\u011bs\u00ed v oblasti s n\u00edzkou a\u017e st\u0159edn\u00ed viskozitou. M\u00edchadla mohou b\u00fdt voliteln\u011b vybavena rychlou vrtul\u00ed, axi\u00e1ln\u00ed turb\u00ednou, m\u00edchac\u00edm kotou\u010dem, ozuben\u00fdm kotou\u010dem, \u0161\u00e1lkov\u00fdm m\u00edchadlem IBC [&hellip;]<\/p>\n","protected":false},"author":1,"featured_media":0,"parent":0,"menu_order":0,"comment_status":"closed","ping_status":"closed","template":"templates\/template-full-notitle.php","meta":{"footnotes":""},"class_list":["post-1918","page","type-page","status-publish","hentry","post"],"yoast_head":"<!-- This site is optimized with the Yoast SEO plugin v24.2 - https:\/\/yoast.com\/wordpress\/plugins\/seo\/ -->\n<title>M\u00edchadla - NEOTEC, spol. s r.o. - procesn\u00ed technologie firmy IKA<\/title>\n<meta name=\"description\" content=\"NEOTEC - zam\u011b\u0159en\u00ed: V\u00fdhradn\u00ed zastoupen\u00ed firmy IKA pro \u010cR.\" \/>\n<meta name=\"robots\" content=\"index, follow, max-snippet:-1, max-image-preview:large, max-video-preview:-1\" \/>\n<link rel=\"canonical\" href=\"https:\/\/www.neotec.cz\/ikaprocess\/agitators\/\" \/>\n<meta property=\"og:locale\" content=\"cs_CZ\" \/>\n<meta property=\"og:type\" content=\"article\" \/>\n<meta property=\"og:title\" content=\"M\u00edchadla - NEOTEC, spol. s r.o. - procesn\u00ed technologie firmy IKA\" \/>\n<meta property=\"og:description\" content=\"NEOTEC - zam\u011b\u0159en\u00ed: V\u00fdhradn\u00ed zastoupen\u00ed firmy IKA pro \u010cR.\" \/>\n<meta property=\"og:url\" content=\"https:\/\/www.neotec.cz\/ikaprocess\/agitators\/\" \/>\n<meta property=\"og:site_name\" content=\"NEOTEC, spol. s r.o. - procesn\u00ed technologie firmy IKA\" \/>\n<meta property=\"article:modified_time\" content=\"2017-08-18T14:20:25+00:00\" \/>\n<meta property=\"og:image\" content=\"http:\/\/www.neotec.cz\/ikaprocess\/wp-content\/uploads\/2017\/07\/hero-proc-rw.jpg\" \/>\n<meta name=\"twitter:card\" content=\"summary_large_image\" \/>\n<meta name=\"twitter:label1\" content=\"Odhadovan\u00e1 doba \u010dten\u00ed\" \/>\n\t<meta name=\"twitter:data1\" content=\"1 minuta\" \/>\n<script type=\"application\/ld+json\" class=\"yoast-schema-graph\">{\"@context\":\"https:\/\/schema.org\",\"@graph\":[{\"@type\":\"WebPage\",\"@id\":\"https:\/\/www.neotec.cz\/ikaprocess\/agitators\/\",\"url\":\"https:\/\/www.neotec.cz\/ikaprocess\/agitators\/\",\"name\":\"M\u00edchadla - NEOTEC, spol. s r.o. - procesn\u00ed technologie firmy IKA\",\"isPartOf\":{\"@id\":\"https:\/\/www.neotec.cz\/ikaprocess\/#website\"},\"primaryImageOfPage\":{\"@id\":\"https:\/\/www.neotec.cz\/ikaprocess\/agitators\/#primaryimage\"},\"image\":{\"@id\":\"https:\/\/www.neotec.cz\/ikaprocess\/agitators\/#primaryimage\"},\"thumbnailUrl\":\"http:\/\/www.neotec.cz\/ikaprocess\/wp-content\/uploads\/2017\/07\/hero-proc-rw.jpg\",\"datePublished\":\"2017-07-03T12:11:28+00:00\",\"dateModified\":\"2017-08-18T14:20:25+00:00\",\"description\":\"NEOTEC - zam\u011b\u0159en\u00ed: V\u00fdhradn\u00ed zastoupen\u00ed firmy IKA pro \u010cR.\",\"breadcrumb\":{\"@id\":\"https:\/\/www.neotec.cz\/ikaprocess\/agitators\/#breadcrumb\"},\"inLanguage\":\"cs\",\"potentialAction\":[{\"@type\":\"ReadAction\",\"target\":[\"https:\/\/www.neotec.cz\/ikaprocess\/agitators\/\"]}]},{\"@type\":\"ImageObject\",\"inLanguage\":\"cs\",\"@id\":\"https:\/\/www.neotec.cz\/ikaprocess\/agitators\/#primaryimage\",\"url\":\"http:\/\/www.neotec.cz\/ikaprocess\/wp-content\/uploads\/2017\/07\/hero-proc-rw.jpg\",\"contentUrl\":\"http:\/\/www.neotec.cz\/ikaprocess\/wp-content\/uploads\/2017\/07\/hero-proc-rw.jpg\"},{\"@type\":\"BreadcrumbList\",\"@id\":\"https:\/\/www.neotec.cz\/ikaprocess\/agitators\/#breadcrumb\",\"itemListElement\":[{\"@type\":\"ListItem\",\"position\":1,\"name\":\"Dom\u016f\",\"item\":\"https:\/\/www.neotec.cz\/ikaprocess\/\"},{\"@type\":\"ListItem\",\"position\":2,\"name\":\"M\u00edchadla\"}]},{\"@type\":\"WebSite\",\"@id\":\"https:\/\/www.neotec.cz\/ikaprocess\/#website\",\"url\":\"https:\/\/www.neotec.cz\/ikaprocess\/\",\"name\":\"NEOTEC, spol. s r.o. - procesn\u00ed technologie firmy IKA\",\"description\":\"NEOTEC - v\u00fdhradn\u00ed zastoupen\u00ed firmy IKA pro \u010cR - procesn\u00ed technologie a laboratorn\u00ed technika.\",\"potentialAction\":[{\"@type\":\"SearchAction\",\"target\":{\"@type\":\"EntryPoint\",\"urlTemplate\":\"https:\/\/www.neotec.cz\/ikaprocess\/?s={search_term_string}\"},\"query-input\":{\"@type\":\"PropertyValueSpecification\",\"valueRequired\":true,\"valueName\":\"search_term_string\"}}],\"inLanguage\":\"cs\"}]}<\/script>\n<!-- \/ Yoast SEO plugin. -->","yoast_head_json":{"title":"M\u00edchadla - NEOTEC, spol. s r.o. - procesn\u00ed technologie firmy IKA","description":"NEOTEC - zam\u011b\u0159en\u00ed: V\u00fdhradn\u00ed zastoupen\u00ed firmy IKA pro \u010cR.","robots":{"index":"index","follow":"follow","max-snippet":"max-snippet:-1","max-image-preview":"max-image-preview:large","max-video-preview":"max-video-preview:-1"},"canonical":"https:\/\/www.neotec.cz\/ikaprocess\/agitators\/","og_locale":"cs_CZ","og_type":"article","og_title":"M\u00edchadla - NEOTEC, spol. s r.o. - procesn\u00ed technologie firmy IKA","og_description":"NEOTEC - zam\u011b\u0159en\u00ed: V\u00fdhradn\u00ed zastoupen\u00ed firmy IKA pro \u010cR.","og_url":"https:\/\/www.neotec.cz\/ikaprocess\/agitators\/","og_site_name":"NEOTEC, spol. s r.o. - procesn\u00ed technologie firmy IKA","article_modified_time":"2017-08-18T14:20:25+00:00","og_image":[{"url":"http:\/\/www.neotec.cz\/ikaprocess\/wp-content\/uploads\/2017\/07\/hero-proc-rw.jpg","type":"","width":"","height":""}],"twitter_card":"summary_large_image","twitter_misc":{"Odhadovan\u00e1 doba \u010dten\u00ed":"1 minuta"},"schema":{"@context":"https:\/\/schema.org","@graph":[{"@type":"WebPage","@id":"https:\/\/www.neotec.cz\/ikaprocess\/agitators\/","url":"https:\/\/www.neotec.cz\/ikaprocess\/agitators\/","name":"M\u00edchadla - NEOTEC, spol. s r.o. - procesn\u00ed technologie firmy IKA","isPartOf":{"@id":"https:\/\/www.neotec.cz\/ikaprocess\/#website"},"primaryImageOfPage":{"@id":"https:\/\/www.neotec.cz\/ikaprocess\/agitators\/#primaryimage"},"image":{"@id":"https:\/\/www.neotec.cz\/ikaprocess\/agitators\/#primaryimage"},"thumbnailUrl":"http:\/\/www.neotec.cz\/ikaprocess\/wp-content\/uploads\/2017\/07\/hero-proc-rw.jpg","datePublished":"2017-07-03T12:11:28+00:00","dateModified":"2017-08-18T14:20:25+00:00","description":"NEOTEC - zam\u011b\u0159en\u00ed: V\u00fdhradn\u00ed zastoupen\u00ed firmy IKA pro \u010cR.","breadcrumb":{"@id":"https:\/\/www.neotec.cz\/ikaprocess\/agitators\/#breadcrumb"},"inLanguage":"cs","potentialAction":[{"@type":"ReadAction","target":["https:\/\/www.neotec.cz\/ikaprocess\/agitators\/"]}]},{"@type":"ImageObject","inLanguage":"cs","@id":"https:\/\/www.neotec.cz\/ikaprocess\/agitators\/#primaryimage","url":"http:\/\/www.neotec.cz\/ikaprocess\/wp-content\/uploads\/2017\/07\/hero-proc-rw.jpg","contentUrl":"http:\/\/www.neotec.cz\/ikaprocess\/wp-content\/uploads\/2017\/07\/hero-proc-rw.jpg"},{"@type":"BreadcrumbList","@id":"https:\/\/www.neotec.cz\/ikaprocess\/agitators\/#breadcrumb","itemListElement":[{"@type":"ListItem","position":1,"name":"Dom\u016f","item":"https:\/\/www.neotec.cz\/ikaprocess\/"},{"@type":"ListItem","position":2,"name":"M\u00edchadla"}]},{"@type":"WebSite","@id":"https:\/\/www.neotec.cz\/ikaprocess\/#website","url":"https:\/\/www.neotec.cz\/ikaprocess\/","name":"NEOTEC, spol. s r.o. - procesn\u00ed technologie firmy IKA","description":"NEOTEC - v\u00fdhradn\u00ed zastoupen\u00ed firmy IKA pro \u010cR - procesn\u00ed technologie a laboratorn\u00ed technika.","potentialAction":[{"@type":"SearchAction","target":{"@type":"EntryPoint","urlTemplate":"https:\/\/www.neotec.cz\/ikaprocess\/?s={search_term_string}"},"query-input":{"@type":"PropertyValueSpecification","valueRequired":true,"valueName":"search_term_string"}}],"inLanguage":"cs"}]}},"_links":{"self":[{"href":"https:\/\/www.neotec.cz\/ikaprocess\/wp-json\/wp\/v2\/pages\/1918","targetHints":{"allow":["GET"]}}],"collection":[{"href":"https:\/\/www.neotec.cz\/ikaprocess\/wp-json\/wp\/v2\/pages"}],"about":[{"href":"https:\/\/www.neotec.cz\/ikaprocess\/wp-json\/wp\/v2\/types\/page"}],"author":[{"embeddable":true,"href":"https:\/\/www.neotec.cz\/ikaprocess\/wp-json\/wp\/v2\/users\/1"}],"replies":[{"embeddable":true,"href":"https:\/\/www.neotec.cz\/ikaprocess\/wp-json\/wp\/v2\/comments?post=1918"}],"version-history":[{"count":8,"href":"https:\/\/www.neotec.cz\/ikaprocess\/wp-json\/wp\/v2\/pages\/1918\/revisions"}],"predecessor-version":[{"id":2573,"href":"https:\/\/www.neotec.cz\/ikaprocess\/wp-json\/wp\/v2\/pages\/1918\/revisions\/2573"}],"wp:attachment":[{"href":"https:\/\/www.neotec.cz\/ikaprocess\/wp-json\/wp\/v2\/media?parent=1918"}],"curies":[{"name":"wp","href":"https:\/\/api.w.org\/{rel}","templated":true}]}}