{"id":1927,"date":"2017-07-03T13:32:15","date_gmt":"2017-07-03T12:32:15","guid":{"rendered":"http:\/\/www.neotec.cz\/ikaprocess\/?page_id=1927"},"modified":"2017-08-18T15:40:40","modified_gmt":"2017-08-18T14:40:40","slug":"stands","status":"publish","type":"page","link":"https:\/\/www.neotec.cz\/ikaprocess\/stands\/","title":{"rendered":"Stojany"},"content":{"rendered":"<div id=\"pl-1927\"  class=\"panel-layout\" ><div id=\"pg-1927-0\"  class=\"panel-grid panel-no-style\" ><div id=\"pgc-1927-0-0\"  class=\"panel-grid-cell\" ><div id=\"panel-1927-0-0-0\" class=\"so-panel widget widget_sow-image panel-first-child\" data-index=\"0\" ><div\n\t\t\t\n\t\t\tclass=\"so-widget-sow-image so-widget-sow-image-default-6ec9e3772f75-1927\"\n\t\t\t\n\t\t>\n\n<div class=\"sow-image-container\">\n\t\t<img loading=\"lazy\" decoding=\"async\" src=\"https:\/\/www.neotec.cz\/ikaprocess\/wp-content\/uploads\/2017\/07\/hero-proc-stands.jpg\" width=\"590\" height=\"329\" srcset=\"https:\/\/www.neotec.cz\/ikaprocess\/wp-content\/uploads\/2017\/07\/hero-proc-stands.jpg 590w, https:\/\/www.neotec.cz\/ikaprocess\/wp-content\/uploads\/2017\/07\/hero-proc-stands-300x167.jpg 300w\" sizes=\"auto, (max-width: 590px) 100vw, 590px\" alt=\"\" \t\tclass=\"so-widget-image\"\/>\n\t<\/div>\n\n<\/div><\/div><div id=\"panel-1927-0-0-1\" class=\"so-panel widget widget_sow-editor panel-last-child\" data-index=\"1\" ><div\n\t\t\t\n\t\t\tclass=\"so-widget-sow-editor so-widget-sow-editor-base\"\n\t\t\t\n\t\t><h3 class=\"widget-title\">Stojany<\/h3>\n<div class=\"siteorigin-widget-tinymce textwidget\">\n\t<p>Stojany IKA jsou praktick\u00fdm p\u0159\u00edslu\u0161enstv\u00edm pro pou\u017eit\u00ed s m\u00edchadly IKA, disperg\u00e1tory ULTRA-TURRAX\u00ae UTC nebo UTS.\u00a0 Stojany jsou k dispozici jako fixn\u00ed pro mont\u00e1\u017e na podlahu \u010di st\u011bnu a\/nebo jako mobiln\u00ed. D\u00e1le jsou tak\u00e9 k dispozici upev\u0148ovac\u00ed za\u0159\u00edzen\u00ed pro p\u0159ipojen\u00ed m\u00edchac\u00ed n\u00e1doby k stojanu.<\/p>\n<p>Elektrick\u00e9 uz\u00e1v\u011bry zaji\u0161\u0165uj\u00ed, \u017ee m\u00edchac\u00ed nebo disperga\u010dn\u00ed stroj m\u016f\u017ee b\u00fdt provozov\u00e1n pouze p\u0159i pono\u0159en\u00ed do n\u00e1doby a pouze pokud je\u00a0 n\u00e1doba pevn\u011b upevn\u011bna. Zved\u00e1n\u00ed a spou\u0161t\u011bn\u00ed dr\u017e\u00e1ku stojanu se prov\u00e1d\u00ed bu\u010f manu\u00e1ln\u011b pomoc\u00ed ru\u010dn\u00ed hydrauliky nebo automaticky pomoc\u00ed elektromotoru. V\u00fd\u0161ku zdvihu lze nastavit podle po\u017eadavk\u016f. Pro pou\u017eit\u00ed v potravin\u00e1\u0159sk\u00e9 a farmaceutick\u00e9 v\u00fdrob\u011b se vyr\u00e1b\u00ed stojany z le\u0161t\u011bn\u00e9 nerezov\u00e9 oceli.<\/p>\n<p><strong>Stroje a za\u0159\u00edzen\u00ed IKA:<\/strong><br \/><a href=\"http:\/\/www.neotec.cz\/ikaprocess\/typy-stojanu\/\">Stojany<\/a><\/p>\n<\/div>\n<\/div><\/div><\/div><\/div><\/div>","protected":false},"excerpt":{"rendered":"<p>Stojany IKA jsou praktick\u00fdm p\u0159\u00edslu\u0161enstv\u00edm pro pou\u017eit\u00ed s m\u00edchadly IKA, disperg\u00e1tory ULTRA-TURRAX\u00ae UTC nebo UTS.\u00a0 Stojany jsou k dispozici jako fixn\u00ed pro mont\u00e1\u017e na podlahu \u010di st\u011bnu a\/nebo jako mobiln\u00ed. D\u00e1le jsou tak\u00e9 k dispozici upev\u0148ovac\u00ed za\u0159\u00edzen\u00ed pro p\u0159ipojen\u00ed m\u00edchac\u00ed n\u00e1doby k stojanu. Elektrick\u00e9 uz\u00e1v\u011bry zaji\u0161\u0165uj\u00ed, \u017ee m\u00edchac\u00ed nebo disperga\u010dn\u00ed stroj m\u016f\u017ee b\u00fdt provozov\u00e1n pouze [&hellip;]<\/p>\n","protected":false},"author":1,"featured_media":0,"parent":0,"menu_order":0,"comment_status":"closed","ping_status":"closed","template":"templates\/template-full-notitle.php","meta":{"footnotes":""},"class_list":["post-1927","page","type-page","status-publish","hentry","post"],"yoast_head":"<!-- This site is optimized with the Yoast SEO plugin v24.2 - https:\/\/yoast.com\/wordpress\/plugins\/seo\/ -->\n<title>Stojany - NEOTEC, spol. s r.o. - procesn\u00ed technologie firmy IKA<\/title>\n<meta name=\"description\" content=\"NEOTEC - zam\u011b\u0159en\u00ed: V\u00fdhradn\u00ed zastoupen\u00ed firmy IKA pro \u010cR.\" \/>\n<meta name=\"robots\" content=\"index, follow, max-snippet:-1, max-image-preview:large, max-video-preview:-1\" \/>\n<link rel=\"canonical\" href=\"https:\/\/www.neotec.cz\/ikaprocess\/stands\/\" \/>\n<meta property=\"og:locale\" content=\"cs_CZ\" \/>\n<meta property=\"og:type\" content=\"article\" \/>\n<meta property=\"og:title\" content=\"Stojany - NEOTEC, spol. s r.o. - procesn\u00ed technologie firmy IKA\" \/>\n<meta property=\"og:description\" content=\"NEOTEC - zam\u011b\u0159en\u00ed: V\u00fdhradn\u00ed zastoupen\u00ed firmy IKA pro \u010cR.\" \/>\n<meta property=\"og:url\" content=\"https:\/\/www.neotec.cz\/ikaprocess\/stands\/\" \/>\n<meta property=\"og:site_name\" content=\"NEOTEC, spol. s r.o. - procesn\u00ed technologie firmy IKA\" \/>\n<meta property=\"article:modified_time\" content=\"2017-08-18T14:40:40+00:00\" \/>\n<meta property=\"og:image\" content=\"http:\/\/www.neotec.cz\/ikaprocess\/wp-content\/uploads\/2017\/07\/hero-proc-stands.jpg\" \/>\n<meta name=\"twitter:card\" content=\"summary_large_image\" \/>\n<meta name=\"twitter:label1\" content=\"Odhadovan\u00e1 doba \u010dten\u00ed\" \/>\n\t<meta name=\"twitter:data1\" content=\"1 minuta\" \/>\n<script type=\"application\/ld+json\" class=\"yoast-schema-graph\">{\"@context\":\"https:\/\/schema.org\",\"@graph\":[{\"@type\":\"WebPage\",\"@id\":\"https:\/\/www.neotec.cz\/ikaprocess\/stands\/\",\"url\":\"https:\/\/www.neotec.cz\/ikaprocess\/stands\/\",\"name\":\"Stojany - NEOTEC, spol. s r.o. - procesn\u00ed technologie firmy IKA\",\"isPartOf\":{\"@id\":\"https:\/\/www.neotec.cz\/ikaprocess\/#website\"},\"primaryImageOfPage\":{\"@id\":\"https:\/\/www.neotec.cz\/ikaprocess\/stands\/#primaryimage\"},\"image\":{\"@id\":\"https:\/\/www.neotec.cz\/ikaprocess\/stands\/#primaryimage\"},\"thumbnailUrl\":\"http:\/\/www.neotec.cz\/ikaprocess\/wp-content\/uploads\/2017\/07\/hero-proc-stands.jpg\",\"datePublished\":\"2017-07-03T12:32:15+00:00\",\"dateModified\":\"2017-08-18T14:40:40+00:00\",\"description\":\"NEOTEC - zam\u011b\u0159en\u00ed: V\u00fdhradn\u00ed zastoupen\u00ed firmy IKA pro \u010cR.\",\"breadcrumb\":{\"@id\":\"https:\/\/www.neotec.cz\/ikaprocess\/stands\/#breadcrumb\"},\"inLanguage\":\"cs\",\"potentialAction\":[{\"@type\":\"ReadAction\",\"target\":[\"https:\/\/www.neotec.cz\/ikaprocess\/stands\/\"]}]},{\"@type\":\"ImageObject\",\"inLanguage\":\"cs\",\"@id\":\"https:\/\/www.neotec.cz\/ikaprocess\/stands\/#primaryimage\",\"url\":\"http:\/\/www.neotec.cz\/ikaprocess\/wp-content\/uploads\/2017\/07\/hero-proc-stands.jpg\",\"contentUrl\":\"http:\/\/www.neotec.cz\/ikaprocess\/wp-content\/uploads\/2017\/07\/hero-proc-stands.jpg\"},{\"@type\":\"BreadcrumbList\",\"@id\":\"https:\/\/www.neotec.cz\/ikaprocess\/stands\/#breadcrumb\",\"itemListElement\":[{\"@type\":\"ListItem\",\"position\":1,\"name\":\"Dom\u016f\",\"item\":\"https:\/\/www.neotec.cz\/ikaprocess\/\"},{\"@type\":\"ListItem\",\"position\":2,\"name\":\"Stojany\"}]},{\"@type\":\"WebSite\",\"@id\":\"https:\/\/www.neotec.cz\/ikaprocess\/#website\",\"url\":\"https:\/\/www.neotec.cz\/ikaprocess\/\",\"name\":\"NEOTEC, spol. s r.o. - procesn\u00ed technologie firmy IKA\",\"description\":\"NEOTEC - v\u00fdhradn\u00ed zastoupen\u00ed firmy IKA pro \u010cR - procesn\u00ed technologie a laboratorn\u00ed technika.\",\"potentialAction\":[{\"@type\":\"SearchAction\",\"target\":{\"@type\":\"EntryPoint\",\"urlTemplate\":\"https:\/\/www.neotec.cz\/ikaprocess\/?s={search_term_string}\"},\"query-input\":{\"@type\":\"PropertyValueSpecification\",\"valueRequired\":true,\"valueName\":\"search_term_string\"}}],\"inLanguage\":\"cs\"}]}<\/script>\n<!-- \/ Yoast SEO plugin. -->","yoast_head_json":{"title":"Stojany - NEOTEC, spol. s r.o. - procesn\u00ed technologie firmy IKA","description":"NEOTEC - zam\u011b\u0159en\u00ed: V\u00fdhradn\u00ed zastoupen\u00ed firmy IKA pro \u010cR.","robots":{"index":"index","follow":"follow","max-snippet":"max-snippet:-1","max-image-preview":"max-image-preview:large","max-video-preview":"max-video-preview:-1"},"canonical":"https:\/\/www.neotec.cz\/ikaprocess\/stands\/","og_locale":"cs_CZ","og_type":"article","og_title":"Stojany - NEOTEC, spol. s r.o. - procesn\u00ed technologie firmy IKA","og_description":"NEOTEC - zam\u011b\u0159en\u00ed: V\u00fdhradn\u00ed zastoupen\u00ed firmy IKA pro \u010cR.","og_url":"https:\/\/www.neotec.cz\/ikaprocess\/stands\/","og_site_name":"NEOTEC, spol. s r.o. - procesn\u00ed technologie firmy IKA","article_modified_time":"2017-08-18T14:40:40+00:00","og_image":[{"url":"http:\/\/www.neotec.cz\/ikaprocess\/wp-content\/uploads\/2017\/07\/hero-proc-stands.jpg","type":"","width":"","height":""}],"twitter_card":"summary_large_image","twitter_misc":{"Odhadovan\u00e1 doba \u010dten\u00ed":"1 minuta"},"schema":{"@context":"https:\/\/schema.org","@graph":[{"@type":"WebPage","@id":"https:\/\/www.neotec.cz\/ikaprocess\/stands\/","url":"https:\/\/www.neotec.cz\/ikaprocess\/stands\/","name":"Stojany - NEOTEC, spol. s r.o. - procesn\u00ed technologie firmy IKA","isPartOf":{"@id":"https:\/\/www.neotec.cz\/ikaprocess\/#website"},"primaryImageOfPage":{"@id":"https:\/\/www.neotec.cz\/ikaprocess\/stands\/#primaryimage"},"image":{"@id":"https:\/\/www.neotec.cz\/ikaprocess\/stands\/#primaryimage"},"thumbnailUrl":"http:\/\/www.neotec.cz\/ikaprocess\/wp-content\/uploads\/2017\/07\/hero-proc-stands.jpg","datePublished":"2017-07-03T12:32:15+00:00","dateModified":"2017-08-18T14:40:40+00:00","description":"NEOTEC - zam\u011b\u0159en\u00ed: V\u00fdhradn\u00ed zastoupen\u00ed firmy IKA pro \u010cR.","breadcrumb":{"@id":"https:\/\/www.neotec.cz\/ikaprocess\/stands\/#breadcrumb"},"inLanguage":"cs","potentialAction":[{"@type":"ReadAction","target":["https:\/\/www.neotec.cz\/ikaprocess\/stands\/"]}]},{"@type":"ImageObject","inLanguage":"cs","@id":"https:\/\/www.neotec.cz\/ikaprocess\/stands\/#primaryimage","url":"http:\/\/www.neotec.cz\/ikaprocess\/wp-content\/uploads\/2017\/07\/hero-proc-stands.jpg","contentUrl":"http:\/\/www.neotec.cz\/ikaprocess\/wp-content\/uploads\/2017\/07\/hero-proc-stands.jpg"},{"@type":"BreadcrumbList","@id":"https:\/\/www.neotec.cz\/ikaprocess\/stands\/#breadcrumb","itemListElement":[{"@type":"ListItem","position":1,"name":"Dom\u016f","item":"https:\/\/www.neotec.cz\/ikaprocess\/"},{"@type":"ListItem","position":2,"name":"Stojany"}]},{"@type":"WebSite","@id":"https:\/\/www.neotec.cz\/ikaprocess\/#website","url":"https:\/\/www.neotec.cz\/ikaprocess\/","name":"NEOTEC, spol. s r.o. - procesn\u00ed technologie firmy IKA","description":"NEOTEC - v\u00fdhradn\u00ed zastoupen\u00ed firmy IKA pro \u010cR - procesn\u00ed technologie a laboratorn\u00ed technika.","potentialAction":[{"@type":"SearchAction","target":{"@type":"EntryPoint","urlTemplate":"https:\/\/www.neotec.cz\/ikaprocess\/?s={search_term_string}"},"query-input":{"@type":"PropertyValueSpecification","valueRequired":true,"valueName":"search_term_string"}}],"inLanguage":"cs"}]}},"_links":{"self":[{"href":"https:\/\/www.neotec.cz\/ikaprocess\/wp-json\/wp\/v2\/pages\/1927","targetHints":{"allow":["GET"]}}],"collection":[{"href":"https:\/\/www.neotec.cz\/ikaprocess\/wp-json\/wp\/v2\/pages"}],"about":[{"href":"https:\/\/www.neotec.cz\/ikaprocess\/wp-json\/wp\/v2\/types\/page"}],"author":[{"embeddable":true,"href":"https:\/\/www.neotec.cz\/ikaprocess\/wp-json\/wp\/v2\/users\/1"}],"replies":[{"embeddable":true,"href":"https:\/\/www.neotec.cz\/ikaprocess\/wp-json\/wp\/v2\/comments?post=1927"}],"version-history":[{"count":6,"href":"https:\/\/www.neotec.cz\/ikaprocess\/wp-json\/wp\/v2\/pages\/1927\/revisions"}],"predecessor-version":[{"id":2586,"href":"https:\/\/www.neotec.cz\/ikaprocess\/wp-json\/wp\/v2\/pages\/1927\/revisions\/2586"}],"wp:attachment":[{"href":"https:\/\/www.neotec.cz\/ikaprocess\/wp-json\/wp\/v2\/media?parent=1927"}],"curies":[{"name":"wp","href":"https:\/\/api.w.org\/{rel}","templated":true}]}}