{"id":1936,"date":"2017-07-03T13:38:41","date_gmt":"2017-07-03T12:38:41","guid":{"rendered":"http:\/\/www.neotec.cz\/ikaprocess\/?page_id=1936"},"modified":"2017-08-18T16:00:29","modified_gmt":"2017-08-18T15:00:29","slug":"high-press-homog","status":"publish","type":"page","link":"https:\/\/www.neotec.cz\/ikaprocess\/high-press-homog\/","title":{"rendered":"Vysokotlak\u00e9 homogeniz\u00e1tory"},"content":{"rendered":"<div id=\"pl-1936\"  class=\"panel-layout\" ><div id=\"pg-1936-0\"  class=\"panel-grid panel-no-style\" ><div id=\"pgc-1936-0-0\"  class=\"panel-grid-cell\" ><div id=\"panel-1936-0-0-0\" class=\"so-panel widget widget_sow-image panel-first-child\" data-index=\"0\" ><div\n\t\t\t\n\t\t\tclass=\"so-widget-sow-image so-widget-sow-image-default-6ec9e3772f75-1936\"\n\t\t\t\n\t\t>\n\n<div class=\"sow-image-container\">\n\t\t<img loading=\"lazy\" decoding=\"async\" src=\"https:\/\/www.neotec.cz\/ikaprocess\/wp-content\/uploads\/2017\/07\/hero-proc-high-pressure-homogenizer.jpg\" width=\"590\" height=\"329\" srcset=\"https:\/\/www.neotec.cz\/ikaprocess\/wp-content\/uploads\/2017\/07\/hero-proc-high-pressure-homogenizer.jpg 590w, https:\/\/www.neotec.cz\/ikaprocess\/wp-content\/uploads\/2017\/07\/hero-proc-high-pressure-homogenizer-300x167.jpg 300w\" sizes=\"auto, (max-width: 590px) 100vw, 590px\" alt=\"\" \t\tclass=\"so-widget-image\"\/>\n\t<\/div>\n\n<\/div><\/div><div id=\"panel-1936-0-0-1\" class=\"so-panel widget widget_sow-editor panel-last-child\" data-index=\"1\" ><div\n\t\t\t\n\t\t\tclass=\"so-widget-sow-editor so-widget-sow-editor-base\"\n\t\t\t\n\t\t><h3 class=\"widget-title\">Vysokotlak\u00e9 homogeniz\u00e1tory<\/h3>\n<div class=\"siteorigin-widget-tinymce textwidget\">\n\t<p>Pro mnoho aplikac\u00ed v potravin\u00e1\u0159sk\u00e9m, farmaceutick\u00e9m, kosmetick\u00e9m, biotechnologick\u00e9m a ekologick\u00e9m pr\u016fmyslu je nutn\u00e9 dos\u00e1hnout velikosti \u010d\u00e1stic v nano rozsahu. Tento \u00fakol jsou schopny splnit vysokotlak\u00e9 homogeniz\u00e1tory IKA.<\/p>\n<p>Nap\u0159\u00edklad vysokotlak\u00fd homogeniz\u00e1tor HPH se pou\u017e\u00edv\u00e1 pro homogenizaci ml\u00e9\u010dn\u00fdch v\u00fdrobk\u016f, dezintegraci celul\u00f3zy v zelenin\u011b, v\u00fdrobu gelov\u00fdch syst\u00e9m\u016f ve farmaceutick\u00e9m pr\u016fmyslu a pro rozpad bun\u011bk v biotechnologii.<\/p>\n<p>Tlak v pracovn\u00ed komo\u0159e vysokotlak\u00e9ho homogeniz\u00e1toru je vytv\u00e1\u0159en jedn\u00edm nebo dv\u011bma vysokotlakov\u00fdmi \u010derpadly. Tlak je vytvo\u0159en z\u00fa\u017een\u00edm pr\u016fto\u010dn\u00e9ho pr\u016f\u0159ezu\u00a0 v homogeniza\u010dn\u00edm ventilu. N\u00e1sleduje pokles tlaku ve velmi \u00fazk\u00e9m nastaviteln\u00e9m prostoru tohoto ventilu. T\u00edm doch\u00e1z\u00ed k vysok\u00fdm turbulentn\u00edm tok\u016fm, kter\u00e9 vedou k homogenizaci a mlet\u00ed.<\/p>\n<p><strong>Stroje a za\u0159\u00edzen\u00ed IKA:<\/strong><br \/><a href=\"http:\/\/www.neotec.cz\/ikaprocess\/hph\/\">HPH<\/a><\/p>\n<\/div>\n<\/div><\/div><\/div><\/div><\/div>","protected":false},"excerpt":{"rendered":"<p>Pro mnoho aplikac\u00ed v potravin\u00e1\u0159sk\u00e9m, farmaceutick\u00e9m, kosmetick\u00e9m, biotechnologick\u00e9m a ekologick\u00e9m pr\u016fmyslu je nutn\u00e9 dos\u00e1hnout velikosti \u010d\u00e1stic v nano rozsahu. Tento \u00fakol jsou schopny splnit vysokotlak\u00e9 homogeniz\u00e1tory IKA. Nap\u0159\u00edklad vysokotlak\u00fd homogeniz\u00e1tor HPH se pou\u017e\u00edv\u00e1 pro homogenizaci ml\u00e9\u010dn\u00fdch v\u00fdrobk\u016f, dezintegraci celul\u00f3zy v zelenin\u011b, v\u00fdrobu gelov\u00fdch syst\u00e9m\u016f ve farmaceutick\u00e9m pr\u016fmyslu a pro rozpad bun\u011bk v biotechnologii. Tlak v [&hellip;]<\/p>\n","protected":false},"author":1,"featured_media":0,"parent":0,"menu_order":0,"comment_status":"closed","ping_status":"closed","template":"templates\/template-full-notitle.php","meta":{"footnotes":""},"class_list":["post-1936","page","type-page","status-publish","hentry","post"],"yoast_head":"<!-- This site is optimized with the Yoast SEO plugin v24.2 - https:\/\/yoast.com\/wordpress\/plugins\/seo\/ -->\n<title>Vysokotlak\u00e9 homogeniz\u00e1tory - NEOTEC, spol. s r.o. - procesn\u00ed technologie firmy IKA<\/title>\n<meta name=\"description\" content=\"NEOTEC - zam\u011b\u0159en\u00ed: V\u00fdhradn\u00ed zastoupen\u00ed firmy IKA pro \u010cR.\" \/>\n<meta name=\"robots\" content=\"index, follow, max-snippet:-1, max-image-preview:large, max-video-preview:-1\" \/>\n<link rel=\"canonical\" href=\"https:\/\/www.neotec.cz\/ikaprocess\/high-press-homog\/\" \/>\n<meta property=\"og:locale\" content=\"cs_CZ\" \/>\n<meta property=\"og:type\" content=\"article\" \/>\n<meta property=\"og:title\" content=\"Vysokotlak\u00e9 homogeniz\u00e1tory - NEOTEC, spol. s r.o. - procesn\u00ed technologie firmy IKA\" \/>\n<meta property=\"og:description\" content=\"NEOTEC - zam\u011b\u0159en\u00ed: V\u00fdhradn\u00ed zastoupen\u00ed firmy IKA pro \u010cR.\" \/>\n<meta property=\"og:url\" content=\"https:\/\/www.neotec.cz\/ikaprocess\/high-press-homog\/\" \/>\n<meta property=\"og:site_name\" content=\"NEOTEC, spol. s r.o. - procesn\u00ed technologie firmy IKA\" \/>\n<meta property=\"article:modified_time\" content=\"2017-08-18T15:00:29+00:00\" \/>\n<meta property=\"og:image\" content=\"http:\/\/www.neotec.cz\/ikaprocess\/wp-content\/uploads\/2017\/07\/hero-proc-high-pressure-homogenizer.jpg\" \/>\n<meta name=\"twitter:card\" content=\"summary_large_image\" \/>\n<meta name=\"twitter:label1\" content=\"Odhadovan\u00e1 doba \u010dten\u00ed\" \/>\n\t<meta name=\"twitter:data1\" content=\"1 minuta\" \/>\n<script type=\"application\/ld+json\" class=\"yoast-schema-graph\">{\"@context\":\"https:\/\/schema.org\",\"@graph\":[{\"@type\":\"WebPage\",\"@id\":\"https:\/\/www.neotec.cz\/ikaprocess\/high-press-homog\/\",\"url\":\"https:\/\/www.neotec.cz\/ikaprocess\/high-press-homog\/\",\"name\":\"Vysokotlak\u00e9 homogeniz\u00e1tory - NEOTEC, spol. s r.o. - procesn\u00ed technologie firmy IKA\",\"isPartOf\":{\"@id\":\"https:\/\/www.neotec.cz\/ikaprocess\/#website\"},\"primaryImageOfPage\":{\"@id\":\"https:\/\/www.neotec.cz\/ikaprocess\/high-press-homog\/#primaryimage\"},\"image\":{\"@id\":\"https:\/\/www.neotec.cz\/ikaprocess\/high-press-homog\/#primaryimage\"},\"thumbnailUrl\":\"http:\/\/www.neotec.cz\/ikaprocess\/wp-content\/uploads\/2017\/07\/hero-proc-high-pressure-homogenizer.jpg\",\"datePublished\":\"2017-07-03T12:38:41+00:00\",\"dateModified\":\"2017-08-18T15:00:29+00:00\",\"description\":\"NEOTEC - zam\u011b\u0159en\u00ed: V\u00fdhradn\u00ed zastoupen\u00ed firmy IKA pro \u010cR.\",\"breadcrumb\":{\"@id\":\"https:\/\/www.neotec.cz\/ikaprocess\/high-press-homog\/#breadcrumb\"},\"inLanguage\":\"cs\",\"potentialAction\":[{\"@type\":\"ReadAction\",\"target\":[\"https:\/\/www.neotec.cz\/ikaprocess\/high-press-homog\/\"]}]},{\"@type\":\"ImageObject\",\"inLanguage\":\"cs\",\"@id\":\"https:\/\/www.neotec.cz\/ikaprocess\/high-press-homog\/#primaryimage\",\"url\":\"http:\/\/www.neotec.cz\/ikaprocess\/wp-content\/uploads\/2017\/07\/hero-proc-high-pressure-homogenizer.jpg\",\"contentUrl\":\"http:\/\/www.neotec.cz\/ikaprocess\/wp-content\/uploads\/2017\/07\/hero-proc-high-pressure-homogenizer.jpg\"},{\"@type\":\"BreadcrumbList\",\"@id\":\"https:\/\/www.neotec.cz\/ikaprocess\/high-press-homog\/#breadcrumb\",\"itemListElement\":[{\"@type\":\"ListItem\",\"position\":1,\"name\":\"Dom\u016f\",\"item\":\"https:\/\/www.neotec.cz\/ikaprocess\/\"},{\"@type\":\"ListItem\",\"position\":2,\"name\":\"Vysokotlak\u00e9 homogeniz\u00e1tory\"}]},{\"@type\":\"WebSite\",\"@id\":\"https:\/\/www.neotec.cz\/ikaprocess\/#website\",\"url\":\"https:\/\/www.neotec.cz\/ikaprocess\/\",\"name\":\"NEOTEC, spol. s r.o. - procesn\u00ed technologie firmy IKA\",\"description\":\"NEOTEC - v\u00fdhradn\u00ed zastoupen\u00ed firmy IKA pro \u010cR - procesn\u00ed technologie a laboratorn\u00ed technika.\",\"potentialAction\":[{\"@type\":\"SearchAction\",\"target\":{\"@type\":\"EntryPoint\",\"urlTemplate\":\"https:\/\/www.neotec.cz\/ikaprocess\/?s={search_term_string}\"},\"query-input\":{\"@type\":\"PropertyValueSpecification\",\"valueRequired\":true,\"valueName\":\"search_term_string\"}}],\"inLanguage\":\"cs\"}]}<\/script>\n<!-- \/ Yoast SEO plugin. -->","yoast_head_json":{"title":"Vysokotlak\u00e9 homogeniz\u00e1tory - NEOTEC, spol. s r.o. - procesn\u00ed technologie firmy IKA","description":"NEOTEC - zam\u011b\u0159en\u00ed: V\u00fdhradn\u00ed zastoupen\u00ed firmy IKA pro \u010cR.","robots":{"index":"index","follow":"follow","max-snippet":"max-snippet:-1","max-image-preview":"max-image-preview:large","max-video-preview":"max-video-preview:-1"},"canonical":"https:\/\/www.neotec.cz\/ikaprocess\/high-press-homog\/","og_locale":"cs_CZ","og_type":"article","og_title":"Vysokotlak\u00e9 homogeniz\u00e1tory - NEOTEC, spol. s r.o. - procesn\u00ed technologie firmy IKA","og_description":"NEOTEC - zam\u011b\u0159en\u00ed: V\u00fdhradn\u00ed zastoupen\u00ed firmy IKA pro \u010cR.","og_url":"https:\/\/www.neotec.cz\/ikaprocess\/high-press-homog\/","og_site_name":"NEOTEC, spol. s r.o. - procesn\u00ed technologie firmy IKA","article_modified_time":"2017-08-18T15:00:29+00:00","og_image":[{"url":"http:\/\/www.neotec.cz\/ikaprocess\/wp-content\/uploads\/2017\/07\/hero-proc-high-pressure-homogenizer.jpg","type":"","width":"","height":""}],"twitter_card":"summary_large_image","twitter_misc":{"Odhadovan\u00e1 doba \u010dten\u00ed":"1 minuta"},"schema":{"@context":"https:\/\/schema.org","@graph":[{"@type":"WebPage","@id":"https:\/\/www.neotec.cz\/ikaprocess\/high-press-homog\/","url":"https:\/\/www.neotec.cz\/ikaprocess\/high-press-homog\/","name":"Vysokotlak\u00e9 homogeniz\u00e1tory - NEOTEC, spol. s r.o. - procesn\u00ed technologie firmy IKA","isPartOf":{"@id":"https:\/\/www.neotec.cz\/ikaprocess\/#website"},"primaryImageOfPage":{"@id":"https:\/\/www.neotec.cz\/ikaprocess\/high-press-homog\/#primaryimage"},"image":{"@id":"https:\/\/www.neotec.cz\/ikaprocess\/high-press-homog\/#primaryimage"},"thumbnailUrl":"http:\/\/www.neotec.cz\/ikaprocess\/wp-content\/uploads\/2017\/07\/hero-proc-high-pressure-homogenizer.jpg","datePublished":"2017-07-03T12:38:41+00:00","dateModified":"2017-08-18T15:00:29+00:00","description":"NEOTEC - zam\u011b\u0159en\u00ed: V\u00fdhradn\u00ed zastoupen\u00ed firmy IKA pro \u010cR.","breadcrumb":{"@id":"https:\/\/www.neotec.cz\/ikaprocess\/high-press-homog\/#breadcrumb"},"inLanguage":"cs","potentialAction":[{"@type":"ReadAction","target":["https:\/\/www.neotec.cz\/ikaprocess\/high-press-homog\/"]}]},{"@type":"ImageObject","inLanguage":"cs","@id":"https:\/\/www.neotec.cz\/ikaprocess\/high-press-homog\/#primaryimage","url":"http:\/\/www.neotec.cz\/ikaprocess\/wp-content\/uploads\/2017\/07\/hero-proc-high-pressure-homogenizer.jpg","contentUrl":"http:\/\/www.neotec.cz\/ikaprocess\/wp-content\/uploads\/2017\/07\/hero-proc-high-pressure-homogenizer.jpg"},{"@type":"BreadcrumbList","@id":"https:\/\/www.neotec.cz\/ikaprocess\/high-press-homog\/#breadcrumb","itemListElement":[{"@type":"ListItem","position":1,"name":"Dom\u016f","item":"https:\/\/www.neotec.cz\/ikaprocess\/"},{"@type":"ListItem","position":2,"name":"Vysokotlak\u00e9 homogeniz\u00e1tory"}]},{"@type":"WebSite","@id":"https:\/\/www.neotec.cz\/ikaprocess\/#website","url":"https:\/\/www.neotec.cz\/ikaprocess\/","name":"NEOTEC, spol. s r.o. - procesn\u00ed technologie firmy IKA","description":"NEOTEC - v\u00fdhradn\u00ed zastoupen\u00ed firmy IKA pro \u010cR - procesn\u00ed technologie a laboratorn\u00ed technika.","potentialAction":[{"@type":"SearchAction","target":{"@type":"EntryPoint","urlTemplate":"https:\/\/www.neotec.cz\/ikaprocess\/?s={search_term_string}"},"query-input":{"@type":"PropertyValueSpecification","valueRequired":true,"valueName":"search_term_string"}}],"inLanguage":"cs"}]}},"_links":{"self":[{"href":"https:\/\/www.neotec.cz\/ikaprocess\/wp-json\/wp\/v2\/pages\/1936","targetHints":{"allow":["GET"]}}],"collection":[{"href":"https:\/\/www.neotec.cz\/ikaprocess\/wp-json\/wp\/v2\/pages"}],"about":[{"href":"https:\/\/www.neotec.cz\/ikaprocess\/wp-json\/wp\/v2\/types\/page"}],"author":[{"embeddable":true,"href":"https:\/\/www.neotec.cz\/ikaprocess\/wp-json\/wp\/v2\/users\/1"}],"replies":[{"embeddable":true,"href":"https:\/\/www.neotec.cz\/ikaprocess\/wp-json\/wp\/v2\/comments?post=1936"}],"version-history":[{"count":6,"href":"https:\/\/www.neotec.cz\/ikaprocess\/wp-json\/wp\/v2\/pages\/1936\/revisions"}],"predecessor-version":[{"id":2604,"href":"https:\/\/www.neotec.cz\/ikaprocess\/wp-json\/wp\/v2\/pages\/1936\/revisions\/2604"}],"wp:attachment":[{"href":"https:\/\/www.neotec.cz\/ikaprocess\/wp-json\/wp\/v2\/media?parent=1936"}],"curies":[{"name":"wp","href":"https:\/\/api.w.org\/{rel}","templated":true}]}}