{"id":2153,"date":"2017-07-13T15:20:55","date_gmt":"2017-07-13T14:20:55","guid":{"rendered":"http:\/\/www.neotec.cz\/ikaprocess\/?page_id=2153"},"modified":"2017-07-13T15:20:56","modified_gmt":"2017-07-13T14:20:56","slug":"ultra-turrax-uts","status":"publish","type":"page","link":"https:\/\/www.neotec.cz\/ikaprocess\/ultra-turrax-uts\/","title":{"rendered":"ULTRA-TURRAX UTS"},"content":{"rendered":"<div id=\"pl-2153\"  class=\"panel-layout\" ><div id=\"pg-2153-0\"  class=\"panel-grid panel-no-style\" ><div id=\"pgc-2153-0-0\"  class=\"panel-grid-cell\" ><div id=\"panel-2153-0-0-0\" class=\"so-panel widget widget_sow-editor panel-first-child panel-last-child\" data-index=\"0\" ><div\n\t\t\t\n\t\t\tclass=\"so-widget-sow-editor so-widget-sow-editor-base\"\n\t\t\t\n\t\t><h3 class=\"widget-title\">ULTRA-TURRAX UTS<\/h3>\n<div class=\"siteorigin-widget-tinymce textwidget\">\n\t<p>The ULTRA-TURRAX\u00ae UTS is a high-performance dispersing machine for the production of emulsions and suspensions in batch operations. Using the rotor-stator principle, the UTS is best suited for applications that cannot be accomplished using conventional stirring methods. The UTS machine is capable of processing highly abrasive products and media with a viscosity of up to 5.000 mPas. <\/p>\n<p> The UTS stator is connected to the motor with a mounting flange and extension rods. Because the rotating shaft seal is located directly on the motor flange, seal contact with the actual product is prevented. The UTS machine design meets specifications for dispersion production in the pharmaceutical industry or for processing of abrasive products in other industries. <\/p>\n<p> The UTS models come in two different varieties: <\/p>\n<p> The KT version is designed for use in open or pressure-less closed vessels. The flange contains a sealing bushing with a built-in radial shaft seal ring. The KT version can be operated at temperatures of up to 140\u00b0C. <\/p>\n<p> The KD version is intended for use in closed pressure vessels. The KD model contains a double-acting mechanical seal housed at the sealing flange, and a barrier system for lubrication and cooling of the seal rings. Composite materials can be customized to meet individual requirements. The standard KD machine is capable of operating with pressures of up to 16 bar (UTS 80-KD up to 10 bar) and temperatures ranging from - 40\u00b0C up to 160\u00b0C. <\/p>\n<p> The preferred installation positions for the UTS are: diagonal from above or vertical off-centre. <\/p>\n<p> The large selection of tools provides for adaptation to a variety of mediums and mixing tasks. <\/p>\n<p> The UTS machine for open vessels is available with floor, wall or mobile stands. <\/p>\n<p> The description of the machine contains the following information:<\/p>\n<ul>\n<li>Machine type<\/li>\n<li>Generator type<\/li>\n<li>Size of the machine (outer diameter of the dispersing tool)<\/li>\n<li>Number of toothed rings on the dispersing tool<\/li>\n<li>Version<\/li>\n<li>Pharmaceutical capabilities rating<\/li>\n<\/ul>\n<p>Example: The UTS TP 115\/4-KT-Ph is an ULTRA-TURRAX\u00ae UTS machine with a TP 115\/4 generator (four toothed rings, outer diameter of 115 mm). The UTS machine is designed for use with open or pressure-less vessels (KT) and meets pharmaceutical production guidelines.\u00a0\u00a0\u00a0<\/p>\n<p>\u00a0<\/p>\n<\/div>\n<\/div><\/div><\/div><\/div><div id=\"pg-2153-1\"  class=\"panel-grid panel-no-style\" ><div id=\"pgc-2153-1-0\"  class=\"panel-grid-cell\" ><div id=\"panel-2153-1-0-0\" class=\"so-panel widget widget_sow-image panel-first-child panel-last-child\" data-index=\"1\" ><div\n\t\t\t\n\t\t\tclass=\"so-widget-sow-image so-widget-sow-image-default-3a2476c0e107-2153\"\n\t\t\t\n\t\t>\n\n<div class=\"sow-image-container\">\n\t\t<img loading=\"lazy\" decoding=\"async\" src=\"https:\/\/www.neotec.cz\/ikaprocess\/wp-content\/uploads\/2017\/07\/UTS_main_ds_KT_KD_all_sizes_a-217x300.jpg\" width=\"217\" height=\"300\" srcset=\"https:\/\/www.neotec.cz\/ikaprocess\/wp-content\/uploads\/2017\/07\/UTS_main_ds_KT_KD_all_sizes_a-217x300.jpg 217w, https:\/\/www.neotec.cz\/ikaprocess\/wp-content\/uploads\/2017\/07\/UTS_main_ds_KT_KD_all_sizes_a.jpg 506w\" sizes=\"auto, (max-width: 217px) 100vw, 217px\" alt=\"\" \t\tclass=\"so-widget-image\"\/>\n\t<\/div>\n\n<\/div><\/div><\/div><div id=\"pgc-2153-1-1\"  class=\"panel-grid-cell\" ><div id=\"panel-2153-1-1-0\" class=\"so-panel widget widget_sow-image panel-first-child panel-last-child\" data-index=\"2\" ><div\n\t\t\t\n\t\t\tclass=\"so-widget-sow-image so-widget-sow-image-default-3a2476c0e107-2153\"\n\t\t\t\n\t\t>\n\n<div class=\"sow-image-container\">\n\t\t<img loading=\"lazy\" decoding=\"async\" src=\"https:\/\/www.neotec.cz\/ikaprocess\/wp-content\/uploads\/2017\/07\/UTS_altern_3_a-217x300.jpg\" width=\"217\" height=\"300\" srcset=\"https:\/\/www.neotec.cz\/ikaprocess\/wp-content\/uploads\/2017\/07\/UTS_altern_3_a-217x300.jpg 217w, https:\/\/www.neotec.cz\/ikaprocess\/wp-content\/uploads\/2017\/07\/UTS_altern_3_a.jpg 506w\" sizes=\"auto, (max-width: 217px) 100vw, 217px\" alt=\"\" \t\tclass=\"so-widget-image\"\/>\n\t<\/div>\n\n<\/div><\/div><\/div><div id=\"pgc-2153-1-2\"  class=\"panel-grid-cell\" ><div id=\"panel-2153-1-2-0\" class=\"so-panel widget widget_sow-image panel-first-child panel-last-child\" data-index=\"3\" ><div\n\t\t\t\n\t\t\tclass=\"so-widget-sow-image so-widget-sow-image-default-3a2476c0e107-2153\"\n\t\t\t\n\t\t>\n\n<div class=\"sow-image-container\">\n\t\t<img loading=\"lazy\" decoding=\"async\" src=\"https:\/\/www.neotec.cz\/ikaprocess\/wp-content\/uploads\/2017\/07\/UTS_altern_1_a-217x300.jpg\" width=\"217\" height=\"300\" srcset=\"https:\/\/www.neotec.cz\/ikaprocess\/wp-content\/uploads\/2017\/07\/UTS_altern_1_a-217x300.jpg 217w, https:\/\/www.neotec.cz\/ikaprocess\/wp-content\/uploads\/2017\/07\/UTS_altern_1_a.jpg 506w\" sizes=\"auto, (max-width: 217px) 100vw, 217px\" alt=\"\" \t\tclass=\"so-widget-image\"\/>\n\t<\/div>\n\n<\/div><\/div><\/div><\/div><div id=\"pg-2153-2\"  class=\"panel-grid panel-no-style\" ><div id=\"pgc-2153-2-0\"  class=\"panel-grid-cell\" ><div id=\"panel-2153-2-0-0\" class=\"so-panel widget widget_sow-editor panel-first-child panel-last-child\" data-index=\"4\" ><div\n\t\t\t\n\t\t\tclass=\"so-widget-sow-editor so-widget-sow-editor-base\"\n\t\t\t\n\t\t>\n<div class=\"siteorigin-widget-tinymce textwidget\">\n\t\n<table id=\"tablepress-17\" class=\"tablepress tablepress-id-17\">\n<thead>\n<tr class=\"row-1\">\n\t<th colspan=\"6\" class=\"column-1\">Technick\u00e9 parametry<\/th>\n<\/tr>\n<\/thead>\n<tbody class=\"row-striping row-hover\">\n<tr class=\"row-2\">\n\t<td class=\"column-1\"><b>Typ<\/b><\/td><td class=\"column-2\"><b>Max. vs\u00e1dka H<sup>2<\/sup>O (l)<\/b> <\/td><td class=\"column-3\"><b>Max. tlak (bar)<\/b><\/td><td class=\"column-4\"><b>V\u00fdkon motoru (kW)<\/b><\/td><td class=\"column-5\"><b>Obvodov\u00e1 rychlost (m\/s)<\/b><\/td><td class=\"column-6\"><b>Technick\u00fd list (EN)<\/b><\/td>\n<\/tr>\n<tr class=\"row-3\">\n\t<td class=\"column-1\">UTS 80\/KT<\/td><td class=\"column-2\">150<\/td><td class=\"column-3\">2,5<\/td><td class=\"column-4\">1,5<\/td><td class=\"column-5\">10<\/td><td class=\"column-6\"><a href=\"http:\/\/www.neotec.cz\/ikaprocess\/wp-content\/uploads\/2017\/07\/Data_Sheet_UTS_80-KT.pdf\" target=\"_blank\"><img loading=\"lazy\" decoding=\"async\" class=\"alignleft wp-image-1108 size-full\" src=\"http:\/\/www.neotec.cz\/ikaprocess\/wp-content\/uploads\/2017\/06\/picPDF.png\" alt=\"picPDF\" width=\"32\" height=\"32\" \/><\/a><\/td>\n<\/tr>\n<tr class=\"row-4\">\n\t<td class=\"column-1\">UTS 80\/KD<\/td><td class=\"column-2\">150<\/td><td class=\"column-3\">10<\/td><td class=\"column-4\">1,5<\/td><td class=\"column-5\">10<\/td><td class=\"column-6\"><a href=\"http:\/\/www.neotec.cz\/ikaprocess\/wp-content\/uploads\/2017\/07\/Data_Sheet_UTS_80-KD.pdf\" target=\"_blank\"><img loading=\"lazy\" decoding=\"async\" class=\"alignleft wp-image-1108 size-full\" src=\"http:\/\/www.neotec.cz\/ikaprocess\/wp-content\/uploads\/2017\/06\/picPDF.png\" alt=\"picPDF\" width=\"32\" height=\"32\" \/><\/a><\/td>\n<\/tr>\n<tr class=\"row-5\">\n\t<td class=\"column-1\">UTS 115\/KT<\/td><td class=\"column-2\">500<\/td><td class=\"column-3\">2,5<\/td><td class=\"column-4\">3<\/td><td class=\"column-5\">15<\/td><td class=\"column-6\"><a href=\"http:\/\/www.neotec.cz\/ikaprocess\/wp-content\/uploads\/2017\/07\/Data_Sheet_UTS_115-KT.pdf\" target=\"_blank\"><img loading=\"lazy\" decoding=\"async\" class=\"alignleft wp-image-1108 size-full\" src=\"http:\/\/www.neotec.cz\/ikaprocess\/wp-content\/uploads\/2017\/06\/picPDF.png\" alt=\"picPDF\" width=\"32\" height=\"32\" \/><\/a><\/td>\n<\/tr>\n<tr class=\"row-6\">\n\t<td class=\"column-1\">UTS 115\/KD<\/td><td class=\"column-2\">500<\/td><td class=\"column-3\">10<\/td><td class=\"column-4\">3<\/td><td class=\"column-5\">15<\/td><td class=\"column-6\"><a href=\"http:\/\/www.neotec.cz\/ikaprocess\/wp-content\/uploads\/2017\/07\/Data_Sheet_UTS_115-KD.pdf\" target=\"_blank\"><img loading=\"lazy\" decoding=\"async\" class=\"alignleft wp-image-1108 size-full\" src=\"http:\/\/www.neotec.cz\/ikaprocess\/wp-content\/uploads\/2017\/06\/picPDF.png\" alt=\"picPDF\" width=\"32\" height=\"32\" \/><\/a><\/td>\n<\/tr>\n<tr class=\"row-7\">\n\t<td class=\"column-1\">UTS 150\/KT<\/td><td class=\"column-2\">1700<\/td><td class=\"column-3\">2,5<\/td><td class=\"column-4\">5,5<\/td><td class=\"column-5\">21<\/td><td class=\"column-6\"><a href=\"http:\/\/www.neotec.cz\/ikaprocess\/wp-content\/uploads\/2017\/07\/Data_Sheet_UTS_150-KT.pdf\" target=\"_blank\"><img loading=\"lazy\" decoding=\"async\" class=\"alignleft wp-image-1108 size-full\" src=\"http:\/\/www.neotec.cz\/ikaprocess\/wp-content\/uploads\/2017\/06\/picPDF.png\" alt=\"picPDF\" width=\"32\" height=\"32\" \/><\/a><\/td>\n<\/tr>\n<tr class=\"row-8\">\n\t<td class=\"column-1\">UTS 150\/KD<\/td><td class=\"column-2\">1700<\/td><td class=\"column-3\">10<\/td><td class=\"column-4\">5,5<\/td><td class=\"column-5\">21<\/td><td class=\"column-6\"><a href=\"http:\/\/www.neotec.cz\/ikaprocess\/wp-content\/uploads\/2017\/07\/Data_Sheet_UTS_150-KD.pdf\" target=\"_blank\"><img loading=\"lazy\" decoding=\"async\" class=\"alignleft wp-image-1108 size-full\" src=\"http:\/\/www.neotec.cz\/ikaprocess\/wp-content\/uploads\/2017\/06\/picPDF.png\" alt=\"picPDF\" width=\"32\" height=\"32\" \/><\/a><\/td>\n<\/tr>\n<\/tbody>\n<\/table>\n<!-- #tablepress-17 from cache -->\n<\/div>\n<\/div><\/div><\/div><\/div><div id=\"pg-2153-3\"  class=\"panel-grid panel-no-style\" ><div id=\"pgc-2153-3-0\"  class=\"panel-grid-cell\" ><div id=\"panel-2153-3-0-0\" class=\"so-panel widget widget_sow-editor panel-first-child panel-last-child\" data-index=\"5\" ><div\n\t\t\t\n\t\t\tclass=\"so-widget-sow-editor so-widget-sow-editor-base\"\n\t\t\t\n\t\t><h3 class=\"widget-title\">Ke sta\u017een\u00ed<\/h3>\n<div class=\"siteorigin-widget-tinymce textwidget\">\n\t<p><a href=\"http:\/\/www.neotec.cz\/ikaprocess\/wp-content\/uploads\/2017\/06\/Process_Technology_IWS_EN_94000172_web.pdf\" target=\"_blank\" rel=\"\">Procesn\u00ed technologie (EN)<\/a><a href=\"http:\/\/www.neotec.cz\/ikaprocess\/wp-content\/uploads\/2017\/06\/Process_Technology_IWS_EN_94000172_web.pdf\" target=\"_blank\"><img loading=\"lazy\" decoding=\"async\" class=\"alignleft wp-image-1108 size-full\" src=\"http:\/\/www.neotec.cz\/zund\/wp-content\/uploads\/2016\/02\/picPDF.png\" alt=\"picPDF\" width=\"32\" height=\"32\" \/><\/a><br \/>\n&nbsp;<\/p>\n<\/div>\n<\/div><\/div><\/div><\/div><\/div>","protected":false},"excerpt":{"rendered":"<p>The ULTRA-TURRAX\u00ae UTS is a high-performance dispersing machine for the production of emulsions and suspensions in batch operations. Using the rotor-stator principle, the UTS is best suited for applications that cannot be accomplished using conventional stirring methods. The UTS machine is capable of processing highly abrasive products and media with a viscosity of up to [&hellip;]<\/p>\n","protected":false},"author":1,"featured_media":0,"parent":0,"menu_order":0,"comment_status":"closed","ping_status":"closed","template":"templates\/template-full-notitle.php","meta":{"footnotes":""},"class_list":["post-2153","page","type-page","status-publish","hentry","post"],"yoast_head":"<!-- This site is optimized with the Yoast SEO plugin v24.2 - https:\/\/yoast.com\/wordpress\/plugins\/seo\/ -->\n<title>ULTRA-TURRAX UTS - NEOTEC, spol. s r.o. - procesn\u00ed technologie firmy IKA<\/title>\n<meta name=\"description\" content=\"NEOTEC - zam\u011b\u0159en\u00ed: V\u00fdhradn\u00ed zastoupen\u00ed firmy IKA pro \u010cR.\" \/>\n<meta name=\"robots\" content=\"index, follow, max-snippet:-1, max-image-preview:large, max-video-preview:-1\" \/>\n<link rel=\"canonical\" href=\"https:\/\/www.neotec.cz\/ikaprocess\/ultra-turrax-uts\/\" \/>\n<meta property=\"og:locale\" content=\"cs_CZ\" \/>\n<meta property=\"og:type\" content=\"article\" \/>\n<meta property=\"og:title\" content=\"ULTRA-TURRAX UTS - NEOTEC, spol. s r.o. - procesn\u00ed technologie firmy IKA\" \/>\n<meta property=\"og:description\" content=\"NEOTEC - zam\u011b\u0159en\u00ed: V\u00fdhradn\u00ed zastoupen\u00ed firmy IKA pro \u010cR.\" \/>\n<meta property=\"og:url\" content=\"https:\/\/www.neotec.cz\/ikaprocess\/ultra-turrax-uts\/\" \/>\n<meta property=\"og:site_name\" content=\"NEOTEC, spol. s r.o. - procesn\u00ed technologie firmy IKA\" \/>\n<meta property=\"article:modified_time\" content=\"2017-07-13T14:20:56+00:00\" \/>\n<meta property=\"og:image\" content=\"http:\/\/www.neotec.cz\/ikaprocess\/wp-content\/uploads\/2017\/07\/UTS_main_ds_KT_KD_all_sizes_a-217x300.jpg\" \/>\n<meta name=\"twitter:card\" content=\"summary_large_image\" \/>\n<meta name=\"twitter:label1\" content=\"Odhadovan\u00e1 doba \u010dten\u00ed\" \/>\n\t<meta name=\"twitter:data1\" content=\"2 minuty\" \/>\n<script type=\"application\/ld+json\" class=\"yoast-schema-graph\">{\"@context\":\"https:\/\/schema.org\",\"@graph\":[{\"@type\":\"WebPage\",\"@id\":\"https:\/\/www.neotec.cz\/ikaprocess\/ultra-turrax-uts\/\",\"url\":\"https:\/\/www.neotec.cz\/ikaprocess\/ultra-turrax-uts\/\",\"name\":\"ULTRA-TURRAX UTS - NEOTEC, spol. s r.o. - procesn\u00ed technologie firmy IKA\",\"isPartOf\":{\"@id\":\"https:\/\/www.neotec.cz\/ikaprocess\/#website\"},\"primaryImageOfPage\":{\"@id\":\"https:\/\/www.neotec.cz\/ikaprocess\/ultra-turrax-uts\/#primaryimage\"},\"image\":{\"@id\":\"https:\/\/www.neotec.cz\/ikaprocess\/ultra-turrax-uts\/#primaryimage\"},\"thumbnailUrl\":\"http:\/\/www.neotec.cz\/ikaprocess\/wp-content\/uploads\/2017\/07\/UTS_main_ds_KT_KD_all_sizes_a-217x300.jpg\",\"datePublished\":\"2017-07-13T14:20:55+00:00\",\"dateModified\":\"2017-07-13T14:20:56+00:00\",\"description\":\"NEOTEC - zam\u011b\u0159en\u00ed: V\u00fdhradn\u00ed zastoupen\u00ed firmy IKA pro \u010cR.\",\"breadcrumb\":{\"@id\":\"https:\/\/www.neotec.cz\/ikaprocess\/ultra-turrax-uts\/#breadcrumb\"},\"inLanguage\":\"cs\",\"potentialAction\":[{\"@type\":\"ReadAction\",\"target\":[\"https:\/\/www.neotec.cz\/ikaprocess\/ultra-turrax-uts\/\"]}]},{\"@type\":\"ImageObject\",\"inLanguage\":\"cs\",\"@id\":\"https:\/\/www.neotec.cz\/ikaprocess\/ultra-turrax-uts\/#primaryimage\",\"url\":\"http:\/\/www.neotec.cz\/ikaprocess\/wp-content\/uploads\/2017\/07\/UTS_main_ds_KT_KD_all_sizes_a-217x300.jpg\",\"contentUrl\":\"http:\/\/www.neotec.cz\/ikaprocess\/wp-content\/uploads\/2017\/07\/UTS_main_ds_KT_KD_all_sizes_a-217x300.jpg\"},{\"@type\":\"BreadcrumbList\",\"@id\":\"https:\/\/www.neotec.cz\/ikaprocess\/ultra-turrax-uts\/#breadcrumb\",\"itemListElement\":[{\"@type\":\"ListItem\",\"position\":1,\"name\":\"Dom\u016f\",\"item\":\"https:\/\/www.neotec.cz\/ikaprocess\/\"},{\"@type\":\"ListItem\",\"position\":2,\"name\":\"ULTRA-TURRAX UTS\"}]},{\"@type\":\"WebSite\",\"@id\":\"https:\/\/www.neotec.cz\/ikaprocess\/#website\",\"url\":\"https:\/\/www.neotec.cz\/ikaprocess\/\",\"name\":\"NEOTEC, spol. s r.o. - procesn\u00ed technologie firmy IKA\",\"description\":\"NEOTEC - v\u00fdhradn\u00ed zastoupen\u00ed firmy IKA pro \u010cR - procesn\u00ed technologie a laboratorn\u00ed technika.\",\"potentialAction\":[{\"@type\":\"SearchAction\",\"target\":{\"@type\":\"EntryPoint\",\"urlTemplate\":\"https:\/\/www.neotec.cz\/ikaprocess\/?s={search_term_string}\"},\"query-input\":{\"@type\":\"PropertyValueSpecification\",\"valueRequired\":true,\"valueName\":\"search_term_string\"}}],\"inLanguage\":\"cs\"}]}<\/script>\n<!-- \/ Yoast SEO plugin. -->","yoast_head_json":{"title":"ULTRA-TURRAX UTS - NEOTEC, spol. s r.o. - procesn\u00ed technologie firmy IKA","description":"NEOTEC - zam\u011b\u0159en\u00ed: V\u00fdhradn\u00ed zastoupen\u00ed firmy IKA pro \u010cR.","robots":{"index":"index","follow":"follow","max-snippet":"max-snippet:-1","max-image-preview":"max-image-preview:large","max-video-preview":"max-video-preview:-1"},"canonical":"https:\/\/www.neotec.cz\/ikaprocess\/ultra-turrax-uts\/","og_locale":"cs_CZ","og_type":"article","og_title":"ULTRA-TURRAX UTS - NEOTEC, spol. s r.o. - procesn\u00ed technologie firmy IKA","og_description":"NEOTEC - zam\u011b\u0159en\u00ed: V\u00fdhradn\u00ed zastoupen\u00ed firmy IKA pro \u010cR.","og_url":"https:\/\/www.neotec.cz\/ikaprocess\/ultra-turrax-uts\/","og_site_name":"NEOTEC, spol. s r.o. - procesn\u00ed technologie firmy IKA","article_modified_time":"2017-07-13T14:20:56+00:00","og_image":[{"url":"http:\/\/www.neotec.cz\/ikaprocess\/wp-content\/uploads\/2017\/07\/UTS_main_ds_KT_KD_all_sizes_a-217x300.jpg","type":"","width":"","height":""}],"twitter_card":"summary_large_image","twitter_misc":{"Odhadovan\u00e1 doba \u010dten\u00ed":"2 minuty"},"schema":{"@context":"https:\/\/schema.org","@graph":[{"@type":"WebPage","@id":"https:\/\/www.neotec.cz\/ikaprocess\/ultra-turrax-uts\/","url":"https:\/\/www.neotec.cz\/ikaprocess\/ultra-turrax-uts\/","name":"ULTRA-TURRAX UTS - NEOTEC, spol. s r.o. - procesn\u00ed technologie firmy IKA","isPartOf":{"@id":"https:\/\/www.neotec.cz\/ikaprocess\/#website"},"primaryImageOfPage":{"@id":"https:\/\/www.neotec.cz\/ikaprocess\/ultra-turrax-uts\/#primaryimage"},"image":{"@id":"https:\/\/www.neotec.cz\/ikaprocess\/ultra-turrax-uts\/#primaryimage"},"thumbnailUrl":"http:\/\/www.neotec.cz\/ikaprocess\/wp-content\/uploads\/2017\/07\/UTS_main_ds_KT_KD_all_sizes_a-217x300.jpg","datePublished":"2017-07-13T14:20:55+00:00","dateModified":"2017-07-13T14:20:56+00:00","description":"NEOTEC - zam\u011b\u0159en\u00ed: V\u00fdhradn\u00ed zastoupen\u00ed firmy IKA pro \u010cR.","breadcrumb":{"@id":"https:\/\/www.neotec.cz\/ikaprocess\/ultra-turrax-uts\/#breadcrumb"},"inLanguage":"cs","potentialAction":[{"@type":"ReadAction","target":["https:\/\/www.neotec.cz\/ikaprocess\/ultra-turrax-uts\/"]}]},{"@type":"ImageObject","inLanguage":"cs","@id":"https:\/\/www.neotec.cz\/ikaprocess\/ultra-turrax-uts\/#primaryimage","url":"http:\/\/www.neotec.cz\/ikaprocess\/wp-content\/uploads\/2017\/07\/UTS_main_ds_KT_KD_all_sizes_a-217x300.jpg","contentUrl":"http:\/\/www.neotec.cz\/ikaprocess\/wp-content\/uploads\/2017\/07\/UTS_main_ds_KT_KD_all_sizes_a-217x300.jpg"},{"@type":"BreadcrumbList","@id":"https:\/\/www.neotec.cz\/ikaprocess\/ultra-turrax-uts\/#breadcrumb","itemListElement":[{"@type":"ListItem","position":1,"name":"Dom\u016f","item":"https:\/\/www.neotec.cz\/ikaprocess\/"},{"@type":"ListItem","position":2,"name":"ULTRA-TURRAX UTS"}]},{"@type":"WebSite","@id":"https:\/\/www.neotec.cz\/ikaprocess\/#website","url":"https:\/\/www.neotec.cz\/ikaprocess\/","name":"NEOTEC, spol. s r.o. - procesn\u00ed technologie firmy IKA","description":"NEOTEC - v\u00fdhradn\u00ed zastoupen\u00ed firmy IKA pro \u010cR - procesn\u00ed technologie a laboratorn\u00ed technika.","potentialAction":[{"@type":"SearchAction","target":{"@type":"EntryPoint","urlTemplate":"https:\/\/www.neotec.cz\/ikaprocess\/?s={search_term_string}"},"query-input":{"@type":"PropertyValueSpecification","valueRequired":true,"valueName":"search_term_string"}}],"inLanguage":"cs"}]}},"_links":{"self":[{"href":"https:\/\/www.neotec.cz\/ikaprocess\/wp-json\/wp\/v2\/pages\/2153","targetHints":{"allow":["GET"]}}],"collection":[{"href":"https:\/\/www.neotec.cz\/ikaprocess\/wp-json\/wp\/v2\/pages"}],"about":[{"href":"https:\/\/www.neotec.cz\/ikaprocess\/wp-json\/wp\/v2\/types\/page"}],"author":[{"embeddable":true,"href":"https:\/\/www.neotec.cz\/ikaprocess\/wp-json\/wp\/v2\/users\/1"}],"replies":[{"embeddable":true,"href":"https:\/\/www.neotec.cz\/ikaprocess\/wp-json\/wp\/v2\/comments?post=2153"}],"version-history":[{"count":2,"href":"https:\/\/www.neotec.cz\/ikaprocess\/wp-json\/wp\/v2\/pages\/2153\/revisions"}],"predecessor-version":[{"id":2155,"href":"https:\/\/www.neotec.cz\/ikaprocess\/wp-json\/wp\/v2\/pages\/2153\/revisions\/2155"}],"wp:attachment":[{"href":"https:\/\/www.neotec.cz\/ikaprocess\/wp-json\/wp\/v2\/media?parent=2153"}],"curies":[{"name":"wp","href":"https:\/\/api.w.org\/{rel}","templated":true}]}}