{"id":2235,"date":"2017-07-20T10:13:23","date_gmt":"2017-07-20T09:13:23","guid":{"rendered":"http:\/\/www.neotec.cz\/ikaprocess\/?page_id=2235"},"modified":"2017-08-18T11:37:49","modified_gmt":"2017-08-18T10:37:49","slug":"standard-plant-spp","status":"publish","type":"page","link":"https:\/\/www.neotec.cz\/ikaprocess\/standard-plant-spp\/","title":{"rendered":"Standard Plant SPP"},"content":{"rendered":"<div id=\"pl-2235\"  class=\"panel-layout\" ><div id=\"pg-2235-0\"  class=\"panel-grid panel-no-style\" ><div id=\"pgc-2235-0-0\"  class=\"panel-grid-cell\" ><div id=\"panel-2235-0-0-0\" class=\"so-panel widget widget_sow-editor panel-first-child panel-last-child\" data-index=\"0\" ><div\n\t\t\t\n\t\t\tclass=\"so-widget-sow-editor so-widget-sow-editor-base\"\n\t\t\t\n\t\t><h3 class=\"widget-title\">Standard Plant MP<\/h3>\n<div class=\"siteorigin-widget-tinymce textwidget\">\n\t<p>The approved \"Standard Production Plant\" (SPP) is the IKA solution for the production of emulsions and suspensions in many areas of application. Depending on its execution, the Standard Production Plant can be used for cosmetic creams and lotions, for mayonnaise or dressings in the food industry as well as for suspensions and emulsions in the chemical industry or for production of paints and lacquers. The SPP is an innovative and highly advanced, but cost effective mixing plant used for all standard process operations like mixing, stirring, homogenizing and dispersing. Due to its simple design, it allows easy operation and guarantees a constant mixing quality. Options like vacuum degassing, double jacket for heating or cooling and ports for the additive incorporation and sampling makes the SPP an ideal machine for the complete product manufacturing sequence. <\/p>\n<p> Due to its unique vessel geometry and integrated tilting mechanism, the SPP has the advantage of unlimited access to the internals and very low installation height. Concentration on the major process requirements enables easy access for all maintenance work or visual checks with a minimum space requirement. <\/p>\n<p> The robust anchor agitator with fixed flow breaker moves the entire batch volume even at extreme viscosities and serves for the basic mixing. A highly advanced scraper design keeps the vessel inner surfaces free from scaling and ensures the best heat transfer between product and double jacket. <\/p>\n<p> High shear dispersing can be achieved by incorporating the economic ULTRA-TURRAX UTL 1000 series single stage homogenizer in the circulation line. For more complex applications and especially for inline additive dispersing the highly-sophisticated multi-functional two-stage mixing and dispersing machine type DBI 2000 is the right choice, which is directly mounted to the bottom outlet of the vessel. <\/p>\n<p> The DBI 2000 is the heart of the Standard Production Plant. Its innovative design ensures quicker processing times and optimum dispersing quality over an extremely wide range of viscosities, e.g. up to approx. 100 Pas without additional pump. The unique and patented IKA DBI 2000 involves a two-stage operation:<\/p>\n<ul>\n<li>The first stage has a specially designed pump rotor with high circulation performance that creates turbulence in the vessel for the blending and mixing purposes as well as sufficient pressure and throughput for CIP cleaning of the system.<\/li>\n<li>The second stage is equipped with a high shear rotor-stator system that ensures dispersions with narrow particle size distribution and consequently long-term stability. The design of the DBI and its outstanding flow rate creates a local vacuum in the dispersing chamber, which results in reliable inline feeding of the product components to the batch volume.<\/li>\n<\/ul>\n<p>Depending on the process requirements, an integrated valve allows the product either to be pumped without shear through the first stage only or to be processed and dispersed in the second stage. Flow rate and pressure of the DBI are more than sufficient to feed the spray nozzles of the integrated CIP system, thus no additional CIP-pump is required. <\/p>\n<p> The Standard Production Plant SPP series comes in 8 sizes ranging from 25 to 4,000 liters production volume.<\/p>\n<p>\u00a0<\/p>\n<\/div>\n<\/div><\/div><\/div><\/div><div id=\"pg-2235-1\"  class=\"panel-grid panel-no-style\" ><div id=\"pgc-2235-1-0\"  class=\"panel-grid-cell\" ><div id=\"panel-2235-1-0-0\" class=\"so-panel widget widget_sow-image panel-first-child panel-last-child\" data-index=\"1\" ><div\n\t\t\t\n\t\t\tclass=\"so-widget-sow-image so-widget-sow-image-default-3a2476c0e107-2235\"\n\t\t\t\n\t\t>\n\n<div class=\"sow-image-container\">\n\t\t<img loading=\"lazy\" decoding=\"async\" src=\"https:\/\/www.neotec.cz\/ikaprocess\/wp-content\/uploads\/2017\/07\/201307_SPP-500_web_RGB-258x300.jpg\" width=\"258\" height=\"300\" srcset=\"https:\/\/www.neotec.cz\/ikaprocess\/wp-content\/uploads\/2017\/07\/201307_SPP-500_web_RGB-258x300.jpg 258w, https:\/\/www.neotec.cz\/ikaprocess\/wp-content\/uploads\/2017\/07\/201307_SPP-500_web_RGB.jpg 603w\" sizes=\"auto, (max-width: 258px) 100vw, 258px\" alt=\"\" \t\tclass=\"so-widget-image\"\/>\n\t<\/div>\n\n<\/div><\/div><\/div><div id=\"pgc-2235-1-1\"  class=\"panel-grid-cell\" ><div id=\"panel-2235-1-1-0\" class=\"so-panel widget widget_sow-image panel-first-child panel-last-child\" data-index=\"2\" ><div\n\t\t\t\n\t\t\tclass=\"so-widget-sow-image so-widget-sow-image-default-3a2476c0e107-2235\"\n\t\t\t\n\t\t>\n\n<div class=\"sow-image-container\">\n\t\t<img loading=\"lazy\" decoding=\"async\" src=\"https:\/\/www.neotec.cz\/ikaprocess\/wp-content\/uploads\/2017\/07\/SPP_altern_4_a-258x300.jpg\" width=\"258\" height=\"300\" srcset=\"https:\/\/www.neotec.cz\/ikaprocess\/wp-content\/uploads\/2017\/07\/SPP_altern_4_a-258x300.jpg 258w, https:\/\/www.neotec.cz\/ikaprocess\/wp-content\/uploads\/2017\/07\/SPP_altern_4_a.jpg 603w\" sizes=\"auto, (max-width: 258px) 100vw, 258px\" alt=\"\" \t\tclass=\"so-widget-image\"\/>\n\t<\/div>\n\n<\/div><\/div><\/div><div id=\"pgc-2235-1-2\"  class=\"panel-grid-cell\" ><div id=\"panel-2235-1-2-0\" class=\"so-panel widget widget_sow-image panel-first-child panel-last-child\" data-index=\"3\" ><div\n\t\t\t\n\t\t\tclass=\"so-widget-sow-image so-widget-sow-image-default-3a2476c0e107-2235\"\n\t\t\t\n\t\t>\n\n<div class=\"sow-image-container\">\n\t\t<img loading=\"lazy\" decoding=\"async\" src=\"https:\/\/www.neotec.cz\/ikaprocess\/wp-content\/uploads\/2017\/07\/SPP_altern_ds_size_4000_a-258x300.jpg\" width=\"258\" height=\"300\" srcset=\"https:\/\/www.neotec.cz\/ikaprocess\/wp-content\/uploads\/2017\/07\/SPP_altern_ds_size_4000_a-258x300.jpg 258w, https:\/\/www.neotec.cz\/ikaprocess\/wp-content\/uploads\/2017\/07\/SPP_altern_ds_size_4000_a.jpg 603w\" sizes=\"auto, (max-width: 258px) 100vw, 258px\" alt=\"\" \t\tclass=\"so-widget-image\"\/>\n\t<\/div>\n\n<\/div><\/div><\/div><\/div><div id=\"pg-2235-2\"  class=\"panel-grid panel-no-style\" ><div id=\"pgc-2235-2-0\"  class=\"panel-grid-cell\" ><div id=\"panel-2235-2-0-0\" class=\"so-panel widget widget_sow-editor panel-first-child panel-last-child\" data-index=\"4\" ><div\n\t\t\t\n\t\t\tclass=\"so-widget-sow-editor so-widget-sow-editor-base\"\n\t\t\t\n\t\t>\n<div class=\"siteorigin-widget-tinymce textwidget\">\n\t\n<table id=\"tablepress-20\" class=\"tablepress tablepress-id-20\">\n<thead>\n<tr class=\"row-1\">\n\t<th colspan=\"6\" class=\"column-1\">Technick\u00e9 parametry<\/th>\n<\/tr>\n<\/thead>\n<tbody class=\"row-striping row-hover\">\n<tr class=\"row-2\">\n\t<td class=\"column-1\"><b>Typ<\/b><\/td><td class=\"column-2\"><b>Max. vyu\u017eiteln\u00fd objem (l)<\/b> <\/td><td class=\"column-3\"><b>Celkov\u00fd p\u0159\u00edkon (kW)<\/b><\/td><td class=\"column-4\"><b>Celkov\u00fd maxim\u00e1ln\u00ed pr\u016ftok dispergac\u00ed (l\/h)<\/b><\/td><td class=\"column-5\"><b>V\u00fd\u0161ka konstrukce p\u0159i otev\u0159en\u00edm v\u00edku (mm)<\/b><\/td><td class=\"column-6\"><b>Technick\u00fd list (EN)<\/b><\/td>\n<\/tr>\n<tr class=\"row-3\">\n\t<td class=\"column-1\">SPP25<\/td><td class=\"column-2\">25<\/td><td class=\"column-3\">4,5<\/td><td class=\"column-4\">2000<\/td><td class=\"column-5\">1481<\/td><td class=\"column-6\"><a href=\"http:\/\/www.neotec.cz\/ikaprocess\/wp-content\/uploads\/2017\/07\/Data_Sheet_SPP_25.pdf\" target=\"_blank\"><img loading=\"lazy\" decoding=\"async\" class=\"alignleft wp-image-1108 size-full\" src=\"http:\/\/www.neotec.cz\/ikaprocess\/wp-content\/uploads\/2017\/06\/picPDF.png\" alt=\"picPDF\" width=\"32\" height=\"32\" \/><\/a><\/td>\n<\/tr>\n<tr class=\"row-4\">\n\t<td class=\"column-1\">SPP50<\/td><td class=\"column-2\">50<\/td><td class=\"column-3\">5<\/td><td class=\"column-4\">2000<\/td><td class=\"column-5\">1694<\/td><td class=\"column-6\"><a href=\"http:\/\/www.neotec.cz\/ikaprocess\/wp-content\/uploads\/2017\/07\/Data_Sheet_SPP_50.pdf\" target=\"_blank\"><img loading=\"lazy\" decoding=\"async\" class=\"alignleft wp-image-1108 size-full\" src=\"http:\/\/www.neotec.cz\/ikaprocess\/wp-content\/uploads\/2017\/06\/picPDF.png\" alt=\"picPDF\" width=\"32\" height=\"32\" \/><\/a><\/td>\n<\/tr>\n<tr class=\"row-5\">\n\t<td class=\"column-1\">SPP100<\/td><td class=\"column-2\">100<\/td><td class=\"column-3\">8,5<\/td><td class=\"column-4\">5200<\/td><td class=\"column-5\">1998<\/td><td class=\"column-6\"><a href=\"http:\/\/www.neotec.cz\/ikaprocess\/wp-content\/uploads\/2017\/07\/Data_Sheet_SPP_100.pdf\" target=\"_blank\"><img loading=\"lazy\" decoding=\"async\" class=\"alignleft wp-image-1108 size-full\" src=\"http:\/\/www.neotec.cz\/ikaprocess\/wp-content\/uploads\/2017\/06\/picPDF.png\" alt=\"picPDF\" width=\"32\" height=\"32\" \/><\/a><\/td>\n<\/tr>\n<tr class=\"row-6\">\n\t<td class=\"column-1\">SPP250<\/td><td class=\"column-2\">250<\/td><td class=\"column-3\">9<\/td><td class=\"column-4\">5200<\/td><td class=\"column-5\">2462<\/td><td class=\"column-6\"><a href=\"http:\/\/www.neotec.cz\/ikaprocess\/wp-content\/uploads\/2017\/07\/Data_Sheet_SPP_250.pdf\" target=\"_blank\"><img loading=\"lazy\" decoding=\"async\" class=\"alignleft wp-image-1108 size-full\" src=\"http:\/\/www.neotec.cz\/ikaprocess\/wp-content\/uploads\/2017\/06\/picPDF.png\" alt=\"picPDF\" width=\"32\" height=\"32\" \/><\/a><\/td>\n<\/tr>\n<tr class=\"row-7\">\n\t<td class=\"column-1\">SPP500<\/td><td class=\"column-2\">500<\/td><td class=\"column-3\">24<\/td><td class=\"column-4\">18500<\/td><td class=\"column-5\">3167<\/td><td class=\"column-6\"><a href=\"http:\/\/www.neotec.cz\/ikaprocess\/wp-content\/uploads\/2017\/07\/Data_Sheet_SPP_500.pdf\" target=\"_blank\"><img loading=\"lazy\" decoding=\"async\" class=\"alignleft wp-image-1108 size-full\" src=\"http:\/\/www.neotec.cz\/ikaprocess\/wp-content\/uploads\/2017\/06\/picPDF.png\" alt=\"picPDF\" width=\"32\" height=\"32\" \/><\/a><\/td>\n<\/tr>\n<tr class=\"row-8\">\n\t<td class=\"column-1\">SPP1000<\/td><td class=\"column-2\">1000<\/td><td class=\"column-3\">25<\/td><td class=\"column-4\">18500<\/td><td class=\"column-5\">3756<\/td><td class=\"column-6\"><a href=\"http:\/\/www.neotec.cz\/ikaprocess\/wp-content\/uploads\/2017\/07\/Data_Sheet_SPP_1000.pdf\" target=\"_blank\"><img loading=\"lazy\" decoding=\"async\" class=\"alignleft wp-image-1108 size-full\" src=\"http:\/\/www.neotec.cz\/ikaprocess\/wp-content\/uploads\/2017\/06\/picPDF.png\" alt=\"picPDF\" width=\"32\" height=\"32\" \/><\/a><\/td>\n<\/tr>\n<tr class=\"row-9\">\n\t<td class=\"column-1\">SPP2000<\/td><td class=\"column-2\">2000<\/td><td class=\"column-3\">49<\/td><td class=\"column-4\">20000<\/td><td class=\"column-5\">4610<\/td><td class=\"column-6\"><a href=\"http:\/\/www.neotec.cz\/ikaprocess\/wp-content\/uploads\/2017\/07\/Data_Sheet_SPP_2000.pdf\" target=\"_blank\"><img loading=\"lazy\" decoding=\"async\" class=\"alignleft wp-image-1108 size-full\" src=\"http:\/\/www.neotec.cz\/ikaprocess\/wp-content\/uploads\/2017\/06\/picPDF.png\" alt=\"picPDF\" width=\"32\" height=\"32\" \/><\/a><\/td>\n<\/tr>\n<tr class=\"row-10\">\n\t<td class=\"column-1\">SPP4000<\/td><td class=\"column-2\">4000<\/td><td class=\"column-3\">55<\/td><td class=\"column-4\">20000<\/td><td class=\"column-5\">5689<\/td><td class=\"column-6\"><a href=\"http:\/\/www.neotec.cz\/ikaprocess\/wp-content\/uploads\/2017\/07\/Data_Sheet_SPP_4000.pdf\" target=\"_blank\"><img loading=\"lazy\" decoding=\"async\" class=\"alignleft wp-image-1108 size-full\" src=\"http:\/\/www.neotec.cz\/ikaprocess\/wp-content\/uploads\/2017\/06\/picPDF.png\" alt=\"picPDF\" width=\"32\" height=\"32\" \/><\/a><\/td>\n<\/tr>\n<\/tbody>\n<\/table>\n<!-- #tablepress-20 from cache -->\n<\/div>\n<\/div><\/div><\/div><\/div><div id=\"pg-2235-3\"  class=\"panel-grid panel-no-style\" ><div id=\"pgc-2235-3-0\"  class=\"panel-grid-cell\" ><div id=\"panel-2235-3-0-0\" class=\"so-panel widget widget_sow-editor panel-first-child panel-last-child\" data-index=\"5\" ><div\n\t\t\t\n\t\t\tclass=\"so-widget-sow-editor so-widget-sow-editor-base\"\n\t\t\t\n\t\t><h3 class=\"widget-title\">Video<\/h3>\n<div class=\"siteorigin-widget-tinymce textwidget\">\n\t<iframe loading=\"lazy\"  style=\"display: block; margin: 0px auto;\"  id=\"_ytid_11568\"  width=\"720\" height=\"405\"  data-origwidth=\"720\" data-origheight=\"405\" src=\"https:\/\/www.youtube.com\/embed\/?enablejsapi=1&listType=playlist&list=PLRk7pR_WfcJUsXrElwB6Z9fhcD2Vr90sI&autoplay=0&cc_load_policy=0&cc_lang_pref=&iv_load_policy=1&loop=0&modestbranding=0&rel=0&fs=1&playsinline=0&autohide=2&hl=cs_CZ&theme=dark&color=red&controls=1&\" class=\"__youtube_prefs__  no-lazyload\" title=\"YouTube player\"  allow=\"fullscreen; accelerometer; autoplay; clipboard-write; encrypted-media; gyroscope; picture-in-picture\" allowfullscreen data-no-lazy=\"1\" data-skipgform_ajax_framebjll=\"\"><\/iframe>\n<\/div>\n<\/div><\/div><\/div><\/div><div id=\"pg-2235-4\"  class=\"panel-grid panel-no-style\" ><div id=\"pgc-2235-4-0\"  class=\"panel-grid-cell\" ><div id=\"panel-2235-4-0-0\" class=\"so-panel widget widget_sow-editor panel-first-child panel-last-child\" data-index=\"6\" ><div\n\t\t\t\n\t\t\tclass=\"so-widget-sow-editor so-widget-sow-editor-base\"\n\t\t\t\n\t\t><h3 class=\"widget-title\">Ke sta\u017een\u00ed<\/h3>\n<div class=\"siteorigin-widget-tinymce textwidget\">\n\t<p><a href=\"http:\/\/www.neotec.cz\/ikaprocess\/wp-content\/uploads\/2017\/07\/201610_Mayonnaise_210x280mm_flyer_IWS_EN_94000237_screen.pdf\" target=\"_blank\" rel=\"\">Syst\u00e9my pro p\u0159\u00edpravu majon\u00e9z, ke\u010dup\u016f a om\u00e1\u010dek (EN)<\/a><a href=\"http:\/\/www.neotec.cz\/ikaprocess\/wp-content\/uploads\/2017\/07\/201610_Mayonnaise_210x280mm_flyer_IWS_EN_94000237_screen.pdf\" target=\"_blank\"><img loading=\"lazy\" decoding=\"async\" class=\"alignleft wp-image-1108 size-full\" src=\"http:\/\/www.neotec.cz\/zund\/wp-content\/uploads\/2016\/02\/picPDF.png\" alt=\"picPDF\" width=\"32\" height=\"32\" \/><\/a><br \/>\n<br \/>&nbsp;<br \/>\n<a href=\"http:\/\/www.neotec.cz\/ikaprocess\/wp-content\/uploads\/2017\/07\/SPP_Broch_EN_web_spread.pdf\" target=\"_blank\" rel=\"\">Standardn\u00ed v\u00fdrobn\u00ed za\u0159\u00edzen\u00ed (EN)<\/a><a href=\"http:\/\/www.neotec.cz\/ikaprocess\/wp-content\/uploads\/2017\/07\/SPP_Broch_EN_web_spread.pdf\" target=\"_blank\"><img loading=\"lazy\" decoding=\"async\" class=\"alignleft wp-image-1108 size-full\" src=\"http:\/\/www.neotec.cz\/zund\/wp-content\/uploads\/2016\/02\/picPDF.png\" alt=\"picPDF\" width=\"32\" height=\"32\" \/><\/a><\/p>\n<\/div>\n<\/div><\/div><\/div><\/div><\/div>","protected":false},"excerpt":{"rendered":"<p>The approved &#8222;Standard Production Plant&#8220; (SPP) is the IKA solution for the production of emulsions and suspensions in many areas of application. Depending on its execution, the Standard Production Plant can be used for cosmetic creams and lotions, for mayonnaise or dressings in the food industry as well as for suspensions and emulsions in the [&hellip;]<\/p>\n","protected":false},"author":1,"featured_media":0,"parent":0,"menu_order":0,"comment_status":"closed","ping_status":"closed","template":"templates\/template-full-notitle.php","meta":{"footnotes":""},"class_list":["post-2235","page","type-page","status-publish","hentry","post"],"yoast_head":"<!-- This site is optimized with the Yoast SEO plugin v24.2 - https:\/\/yoast.com\/wordpress\/plugins\/seo\/ -->\n<title>Standard Plant SPP - NEOTEC, spol. s r.o. - procesn\u00ed technologie firmy IKA<\/title>\n<meta name=\"description\" content=\"NEOTEC - zam\u011b\u0159en\u00ed: V\u00fdhradn\u00ed zastoupen\u00ed firmy IKA pro \u010cR.\" \/>\n<meta name=\"robots\" content=\"index, follow, max-snippet:-1, max-image-preview:large, max-video-preview:-1\" \/>\n<link rel=\"canonical\" href=\"https:\/\/www.neotec.cz\/ikaprocess\/standard-plant-spp\/\" \/>\n<meta property=\"og:locale\" content=\"cs_CZ\" \/>\n<meta property=\"og:type\" content=\"article\" \/>\n<meta property=\"og:title\" content=\"Standard Plant SPP - NEOTEC, spol. s r.o. - procesn\u00ed technologie firmy IKA\" \/>\n<meta property=\"og:description\" content=\"NEOTEC - zam\u011b\u0159en\u00ed: V\u00fdhradn\u00ed zastoupen\u00ed firmy IKA pro \u010cR.\" \/>\n<meta property=\"og:url\" content=\"https:\/\/www.neotec.cz\/ikaprocess\/standard-plant-spp\/\" \/>\n<meta property=\"og:site_name\" content=\"NEOTEC, spol. s r.o. - procesn\u00ed technologie firmy IKA\" \/>\n<meta property=\"article:modified_time\" content=\"2017-08-18T10:37:49+00:00\" \/>\n<meta property=\"og:image\" content=\"http:\/\/www.neotec.cz\/ikaprocess\/wp-content\/uploads\/2017\/07\/201307_SPP-500_web_RGB-258x300.jpg\" \/>\n<meta name=\"twitter:card\" content=\"summary_large_image\" \/>\n<meta name=\"twitter:label1\" content=\"Odhadovan\u00e1 doba \u010dten\u00ed\" \/>\n\t<meta name=\"twitter:data1\" content=\"3 minuty\" \/>\n<script type=\"application\/ld+json\" class=\"yoast-schema-graph\">{\"@context\":\"https:\/\/schema.org\",\"@graph\":[{\"@type\":\"WebPage\",\"@id\":\"https:\/\/www.neotec.cz\/ikaprocess\/standard-plant-spp\/\",\"url\":\"https:\/\/www.neotec.cz\/ikaprocess\/standard-plant-spp\/\",\"name\":\"Standard Plant SPP - NEOTEC, spol. s r.o. - procesn\u00ed technologie firmy IKA\",\"isPartOf\":{\"@id\":\"https:\/\/www.neotec.cz\/ikaprocess\/#website\"},\"primaryImageOfPage\":{\"@id\":\"https:\/\/www.neotec.cz\/ikaprocess\/standard-plant-spp\/#primaryimage\"},\"image\":{\"@id\":\"https:\/\/www.neotec.cz\/ikaprocess\/standard-plant-spp\/#primaryimage\"},\"thumbnailUrl\":\"http:\/\/www.neotec.cz\/ikaprocess\/wp-content\/uploads\/2017\/07\/201307_SPP-500_web_RGB-258x300.jpg\",\"datePublished\":\"2017-07-20T09:13:23+00:00\",\"dateModified\":\"2017-08-18T10:37:49+00:00\",\"description\":\"NEOTEC - zam\u011b\u0159en\u00ed: V\u00fdhradn\u00ed zastoupen\u00ed firmy IKA pro \u010cR.\",\"breadcrumb\":{\"@id\":\"https:\/\/www.neotec.cz\/ikaprocess\/standard-plant-spp\/#breadcrumb\"},\"inLanguage\":\"cs\",\"potentialAction\":[{\"@type\":\"ReadAction\",\"target\":[\"https:\/\/www.neotec.cz\/ikaprocess\/standard-plant-spp\/\"]}]},{\"@type\":\"ImageObject\",\"inLanguage\":\"cs\",\"@id\":\"https:\/\/www.neotec.cz\/ikaprocess\/standard-plant-spp\/#primaryimage\",\"url\":\"http:\/\/www.neotec.cz\/ikaprocess\/wp-content\/uploads\/2017\/07\/201307_SPP-500_web_RGB-258x300.jpg\",\"contentUrl\":\"http:\/\/www.neotec.cz\/ikaprocess\/wp-content\/uploads\/2017\/07\/201307_SPP-500_web_RGB-258x300.jpg\"},{\"@type\":\"BreadcrumbList\",\"@id\":\"https:\/\/www.neotec.cz\/ikaprocess\/standard-plant-spp\/#breadcrumb\",\"itemListElement\":[{\"@type\":\"ListItem\",\"position\":1,\"name\":\"Dom\u016f\",\"item\":\"https:\/\/www.neotec.cz\/ikaprocess\/\"},{\"@type\":\"ListItem\",\"position\":2,\"name\":\"Standard Plant SPP\"}]},{\"@type\":\"WebSite\",\"@id\":\"https:\/\/www.neotec.cz\/ikaprocess\/#website\",\"url\":\"https:\/\/www.neotec.cz\/ikaprocess\/\",\"name\":\"NEOTEC, spol. s r.o. - procesn\u00ed technologie firmy IKA\",\"description\":\"NEOTEC - v\u00fdhradn\u00ed zastoupen\u00ed firmy IKA pro \u010cR - procesn\u00ed technologie a laboratorn\u00ed technika.\",\"potentialAction\":[{\"@type\":\"SearchAction\",\"target\":{\"@type\":\"EntryPoint\",\"urlTemplate\":\"https:\/\/www.neotec.cz\/ikaprocess\/?s={search_term_string}\"},\"query-input\":{\"@type\":\"PropertyValueSpecification\",\"valueRequired\":true,\"valueName\":\"search_term_string\"}}],\"inLanguage\":\"cs\"}]}<\/script>\n<!-- \/ Yoast SEO plugin. -->","yoast_head_json":{"title":"Standard Plant SPP - NEOTEC, spol. s r.o. - procesn\u00ed technologie firmy IKA","description":"NEOTEC - zam\u011b\u0159en\u00ed: V\u00fdhradn\u00ed zastoupen\u00ed firmy IKA pro \u010cR.","robots":{"index":"index","follow":"follow","max-snippet":"max-snippet:-1","max-image-preview":"max-image-preview:large","max-video-preview":"max-video-preview:-1"},"canonical":"https:\/\/www.neotec.cz\/ikaprocess\/standard-plant-spp\/","og_locale":"cs_CZ","og_type":"article","og_title":"Standard Plant SPP - NEOTEC, spol. s r.o. - procesn\u00ed technologie firmy IKA","og_description":"NEOTEC - zam\u011b\u0159en\u00ed: V\u00fdhradn\u00ed zastoupen\u00ed firmy IKA pro \u010cR.","og_url":"https:\/\/www.neotec.cz\/ikaprocess\/standard-plant-spp\/","og_site_name":"NEOTEC, spol. s r.o. - procesn\u00ed technologie firmy IKA","article_modified_time":"2017-08-18T10:37:49+00:00","og_image":[{"url":"http:\/\/www.neotec.cz\/ikaprocess\/wp-content\/uploads\/2017\/07\/201307_SPP-500_web_RGB-258x300.jpg","type":"","width":"","height":""}],"twitter_card":"summary_large_image","twitter_misc":{"Odhadovan\u00e1 doba \u010dten\u00ed":"3 minuty"},"schema":{"@context":"https:\/\/schema.org","@graph":[{"@type":"WebPage","@id":"https:\/\/www.neotec.cz\/ikaprocess\/standard-plant-spp\/","url":"https:\/\/www.neotec.cz\/ikaprocess\/standard-plant-spp\/","name":"Standard Plant SPP - NEOTEC, spol. s r.o. - procesn\u00ed technologie firmy IKA","isPartOf":{"@id":"https:\/\/www.neotec.cz\/ikaprocess\/#website"},"primaryImageOfPage":{"@id":"https:\/\/www.neotec.cz\/ikaprocess\/standard-plant-spp\/#primaryimage"},"image":{"@id":"https:\/\/www.neotec.cz\/ikaprocess\/standard-plant-spp\/#primaryimage"},"thumbnailUrl":"http:\/\/www.neotec.cz\/ikaprocess\/wp-content\/uploads\/2017\/07\/201307_SPP-500_web_RGB-258x300.jpg","datePublished":"2017-07-20T09:13:23+00:00","dateModified":"2017-08-18T10:37:49+00:00","description":"NEOTEC - zam\u011b\u0159en\u00ed: V\u00fdhradn\u00ed zastoupen\u00ed firmy IKA pro \u010cR.","breadcrumb":{"@id":"https:\/\/www.neotec.cz\/ikaprocess\/standard-plant-spp\/#breadcrumb"},"inLanguage":"cs","potentialAction":[{"@type":"ReadAction","target":["https:\/\/www.neotec.cz\/ikaprocess\/standard-plant-spp\/"]}]},{"@type":"ImageObject","inLanguage":"cs","@id":"https:\/\/www.neotec.cz\/ikaprocess\/standard-plant-spp\/#primaryimage","url":"http:\/\/www.neotec.cz\/ikaprocess\/wp-content\/uploads\/2017\/07\/201307_SPP-500_web_RGB-258x300.jpg","contentUrl":"http:\/\/www.neotec.cz\/ikaprocess\/wp-content\/uploads\/2017\/07\/201307_SPP-500_web_RGB-258x300.jpg"},{"@type":"BreadcrumbList","@id":"https:\/\/www.neotec.cz\/ikaprocess\/standard-plant-spp\/#breadcrumb","itemListElement":[{"@type":"ListItem","position":1,"name":"Dom\u016f","item":"https:\/\/www.neotec.cz\/ikaprocess\/"},{"@type":"ListItem","position":2,"name":"Standard Plant SPP"}]},{"@type":"WebSite","@id":"https:\/\/www.neotec.cz\/ikaprocess\/#website","url":"https:\/\/www.neotec.cz\/ikaprocess\/","name":"NEOTEC, spol. s r.o. - procesn\u00ed technologie firmy IKA","description":"NEOTEC - v\u00fdhradn\u00ed zastoupen\u00ed firmy IKA pro \u010cR - procesn\u00ed technologie a laboratorn\u00ed technika.","potentialAction":[{"@type":"SearchAction","target":{"@type":"EntryPoint","urlTemplate":"https:\/\/www.neotec.cz\/ikaprocess\/?s={search_term_string}"},"query-input":{"@type":"PropertyValueSpecification","valueRequired":true,"valueName":"search_term_string"}}],"inLanguage":"cs"}]}},"_links":{"self":[{"href":"https:\/\/www.neotec.cz\/ikaprocess\/wp-json\/wp\/v2\/pages\/2235","targetHints":{"allow":["GET"]}}],"collection":[{"href":"https:\/\/www.neotec.cz\/ikaprocess\/wp-json\/wp\/v2\/pages"}],"about":[{"href":"https:\/\/www.neotec.cz\/ikaprocess\/wp-json\/wp\/v2\/types\/page"}],"author":[{"embeddable":true,"href":"https:\/\/www.neotec.cz\/ikaprocess\/wp-json\/wp\/v2\/users\/1"}],"replies":[{"embeddable":true,"href":"https:\/\/www.neotec.cz\/ikaprocess\/wp-json\/wp\/v2\/comments?post=2235"}],"version-history":[{"count":11,"href":"https:\/\/www.neotec.cz\/ikaprocess\/wp-json\/wp\/v2\/pages\/2235\/revisions"}],"predecessor-version":[{"id":2479,"href":"https:\/\/www.neotec.cz\/ikaprocess\/wp-json\/wp\/v2\/pages\/2235\/revisions\/2479"}],"wp:attachment":[{"href":"https:\/\/www.neotec.cz\/ikaprocess\/wp-json\/wp\/v2\/media?parent=2235"}],"curies":[{"name":"wp","href":"https:\/\/api.w.org\/{rel}","templated":true}]}}