{"id":2276,"date":"2017-07-21T07:56:46","date_gmt":"2017-07-21T06:56:46","guid":{"rendered":"http:\/\/www.neotec.cz\/ikaprocess\/?page_id=2276"},"modified":"2017-07-21T09:04:15","modified_gmt":"2017-07-21T08:04:15","slug":"mhd-plant","status":"publish","type":"page","link":"https:\/\/www.neotec.cz\/ikaprocess\/mhd-plant\/","title":{"rendered":"MHD-Plant"},"content":{"rendered":"<div id=\"pl-2276\"  class=\"panel-layout\" ><div id=\"pg-2276-0\"  class=\"panel-grid panel-no-style\" ><div id=\"pgc-2276-0-0\"  class=\"panel-grid-cell\" ><div id=\"panel-2276-0-0-0\" class=\"so-panel widget widget_sow-editor panel-first-child panel-last-child\" data-index=\"0\" ><div\n\t\t\t\n\t\t\tclass=\"so-widget-sow-editor so-widget-sow-editor-base\"\n\t\t\t\n\t\t><h3 class=\"widget-title\">MHD-Plant<\/h3>\n<div class=\"siteorigin-widget-tinymce textwidget\">\n\t<p>The IKA mixing plant MHD essentially consists of the patented IKA inline mixing machine MHD, metering units, an electrical control system and a periphery which is customized to fit the customer's application. The MHD plant enables the dust-free mixing of liquids and solids (powders or granules) in a continuous process. The phases to be mixed are fed into the MHD machine in proportion to quantity, then mixed in the working chamber and subsequently dispersed, allowing for a ready final product to be produced in just one passage. <\/p>\n<p> The plant is able to process solids contents of up to 80% and mixtures with viscosities of up to 50,000 mPas. The continuously working MHD plant amortizes itself very quickly when it comes to particularly large production quantities. The funds invested into dosing are considerably lower than the purchasing costs for holding tanks and the appropriate mixing vessels with stirrers. Furthermore, the MHD plant offers great flexibility as any product quantities can be produced with a constant quality. <\/p>\n<p> For simple applications, the dosing of the solid is carried out by means of a volumetric metering unit. The dosing output is dependent on the volume transport per time unit and remains steady by processing with the same bulk density and an even filling into the dosing device. Whenever a higher dosing precision is required or difficult substances are conveyed, gravimetrical metering devices come into operation. The varying solids, and therefore the dosing amounts, are measured by one or more scales, compared to the previously set target quantities and automatically adjusted by means of a controlled drive system in case of deviations. Changing the bulk weight or the material characteristics does not affect the dosing results. Therefore, a concentration precision of up to 0.5 mass percentage or better is possible. <\/p>\n<p> As for electric control of the plant, different versions are available, depending on customer demands:<\/p>\n<ul>\n<li>Manual control: Essential, safety-relevant locking devices are put into effect. Flow rate is controlled via simple potentiometers.<\/li>\n<li>Automatic control: The control system allows for a defined sequence to be run in automatic mode. After starting, the plant runs automatically until it is shut down either manually, by means of an external signal or due to a breakdown.<\/li>\n<li>Recipe management: Recipes can be compiled, changed and archived by means of a process control system.<\/li>\n<\/ul>\n<p>The IKA MHD mixing plants are manufactured in seven different sizes ranging from lab and pilot plants to production plants with an overall throughput of 40,000 l\/h. The supply scope of the MHD plant conforms to your inquiry. Devices for powder feeding such as sack emptying machines and big bag stations, systems for conveying of the final mixture, buffer vessels, IKA machines for fine milling and other peripheries can all be installed into the production line. Per request, our services can also include the on-site assembly of the plant, commissioning and training for your personnel. Getting the whole system from one source will allow for you to have just one contact person for your entire project.\u00a0\u00a0\u00a0\u00a0\u00a0\u00a0\u00a0\u00a0\u00a0\u00a0\u00a0\u00a0<\/p>\n<\/div>\n<\/div><\/div><\/div><\/div><div id=\"pg-2276-1\"  class=\"panel-grid panel-no-style\" ><div id=\"pgc-2276-1-0\"  class=\"panel-grid-cell\" ><div id=\"panel-2276-1-0-0\" class=\"so-panel widget widget_sow-image panel-first-child panel-last-child\" data-index=\"1\" ><div\n\t\t\t\n\t\t\tclass=\"so-widget-sow-image so-widget-sow-image-default-3a2476c0e107-2276\"\n\t\t\t\n\t\t>\n\n<div class=\"sow-image-container\">\n\t\t<img loading=\"lazy\" decoding=\"async\" src=\"https:\/\/www.neotec.cz\/ikaprocess\/wp-content\/uploads\/2017\/07\/MHD-Plant_main_ds_all_sizes_a-258x300.jpg\" width=\"258\" height=\"300\" srcset=\"https:\/\/www.neotec.cz\/ikaprocess\/wp-content\/uploads\/2017\/07\/MHD-Plant_main_ds_all_sizes_a-258x300.jpg 258w, https:\/\/www.neotec.cz\/ikaprocess\/wp-content\/uploads\/2017\/07\/MHD-Plant_main_ds_all_sizes_a.jpg 603w\" sizes=\"auto, (max-width: 258px) 100vw, 258px\" alt=\"\" \t\tclass=\"so-widget-image\"\/>\n\t<\/div>\n\n<\/div><\/div><\/div><div id=\"pgc-2276-1-1\"  class=\"panel-grid-cell\" ><div id=\"panel-2276-1-1-0\" class=\"so-panel widget widget_sow-image panel-first-child panel-last-child\" data-index=\"2\" ><div\n\t\t\t\n\t\t\tclass=\"so-widget-sow-image so-widget-sow-image-default-3a2476c0e107-2276\"\n\t\t\t\n\t\t>\n\n<div class=\"sow-image-container\">\n\t\t<img loading=\"lazy\" decoding=\"async\" src=\"https:\/\/www.neotec.cz\/ikaprocess\/wp-content\/uploads\/2017\/07\/MHD-Plant_altern_4_a-258x300.jpg\" width=\"258\" height=\"300\" srcset=\"https:\/\/www.neotec.cz\/ikaprocess\/wp-content\/uploads\/2017\/07\/MHD-Plant_altern_4_a-258x300.jpg 258w, https:\/\/www.neotec.cz\/ikaprocess\/wp-content\/uploads\/2017\/07\/MHD-Plant_altern_4_a.jpg 603w\" sizes=\"auto, (max-width: 258px) 100vw, 258px\" alt=\"\" \t\tclass=\"so-widget-image\"\/>\n\t<\/div>\n\n<\/div><\/div><\/div><div id=\"pgc-2276-1-2\"  class=\"panel-grid-cell\" ><div id=\"panel-2276-1-2-0\" class=\"so-panel widget widget_sow-image panel-first-child panel-last-child\" data-index=\"3\" ><div\n\t\t\t\n\t\t\tclass=\"so-widget-sow-image so-widget-sow-image-default-3a2476c0e107-2276\"\n\t\t\t\n\t\t>\n\n<div class=\"sow-image-container\">\n\t\t<img loading=\"lazy\" decoding=\"async\" src=\"https:\/\/www.neotec.cz\/ikaprocess\/wp-content\/uploads\/2017\/07\/MHD-PLant_altern_2_a-258x300.jpg\" width=\"258\" height=\"300\" srcset=\"https:\/\/www.neotec.cz\/ikaprocess\/wp-content\/uploads\/2017\/07\/MHD-PLant_altern_2_a-258x300.jpg 258w, https:\/\/www.neotec.cz\/ikaprocess\/wp-content\/uploads\/2017\/07\/MHD-PLant_altern_2_a.jpg 603w\" sizes=\"auto, (max-width: 258px) 100vw, 258px\" alt=\"\" \t\tclass=\"so-widget-image\"\/>\n\t<\/div>\n\n<\/div><\/div><\/div><\/div><div id=\"pg-2276-2\"  class=\"panel-grid panel-no-style\" ><div id=\"pgc-2276-2-0\"  class=\"panel-grid-cell\" ><div id=\"panel-2276-2-0-0\" class=\"so-panel widget widget_sow-editor panel-first-child panel-last-child\" data-index=\"4\" ><div\n\t\t\t\n\t\t\tclass=\"so-widget-sow-editor so-widget-sow-editor-base\"\n\t\t\t\n\t\t>\n<div class=\"siteorigin-widget-tinymce textwidget\">\n\t\n<table id=\"tablepress-21\" class=\"tablepress tablepress-id-21\">\n<thead>\n<tr class=\"row-1\">\n\t<th colspan=\"5\" class=\"column-1\">Technick\u00e9 parametry<\/th>\n<\/tr>\n<\/thead>\n<tbody class=\"row-striping row-hover\">\n<tr class=\"row-2\">\n\t<td class=\"column-1\"><b>Typ<\/b><\/td><td class=\"column-2\"><b>Maxim\u00e1ln\u00ed kapacita (l\/h)<\/b> <\/td><td class=\"column-3\"><b>Maxim\u00e1ln\u00ed kapacita pevn\u00fdch \u010d\u00e1stic (z\u00e1vis\u00ed na  hustot\u011b \u010d\u00e1stic) (l\/h)<\/b><\/td><td class=\"column-4\"><b>Celkov\u00fd p\u0159\u00edkon (kW)<\/b><\/td><td class=\"column-5\"><b>Technick\u00fd list (EN)<\/b><\/td>\n<\/tr>\n<tr class=\"row-3\">\n\t<td class=\"column-1\">MHD-Plant 2000\/04<\/td><td class=\"column-2\">200<\/td><td class=\"column-3\">100<\/td><td class=\"column-4\">5<\/td><td class=\"column-5\"><a href=\"http:\/\/www.neotec.cz\/ikaprocess\/wp-content\/uploads\/2017\/07\/Data_Sheet_MHD-Plant_2000-04.pdf\" target=\"_blank\"><img loading=\"lazy\" decoding=\"async\" class=\"alignleft wp-image-1108 size-full\" src=\"http:\/\/www.neotec.cz\/ikaprocess\/wp-content\/uploads\/2017\/06\/picPDF.png\" alt=\"picPDF\" width=\"32\" height=\"32\" \/><\/a><\/td>\n<\/tr>\n<tr class=\"row-4\">\n\t<td class=\"column-1\">MHD-Plant 2000\/05<\/td><td class=\"column-2\">750<\/td><td class=\"column-3\">180<\/td><td class=\"column-4\">7,5<\/td><td class=\"column-5\"><a href=\"http:\/\/www.neotec.cz\/ikaprocess\/wp-content\/uploads\/2017\/07\/Data_Sheet_MHD-Plant_2000-05.pdf\" target=\"_blank\"><img loading=\"lazy\" decoding=\"async\" class=\"alignleft wp-image-1108 size-full\" src=\"http:\/\/www.neotec.cz\/ikaprocess\/wp-content\/uploads\/2017\/06\/picPDF.png\" alt=\"picPDF\" width=\"32\" height=\"32\" \/><\/a><\/td>\n<\/tr>\n<tr class=\"row-5\">\n\t<td class=\"column-1\">MHD-Plant 2000\/10<\/td><td class=\"column-2\">2500<\/td><td class=\"column-3\">900<\/td><td class=\"column-4\">15<\/td><td class=\"column-5\"><a href=\"http:\/\/www.neotec.cz\/ikaprocess\/wp-content\/uploads\/2017\/07\/Data_Sheet_MHD-Plant_2000-10.pdf\" target=\"_blank\"><img loading=\"lazy\" decoding=\"async\" class=\"alignleft wp-image-1108 size-full\" src=\"http:\/\/www.neotec.cz\/ikaprocess\/wp-content\/uploads\/2017\/06\/picPDF.png\" alt=\"picPDF\" width=\"32\" height=\"32\" \/><\/a><\/td>\n<\/tr>\n<tr class=\"row-6\">\n\t<td class=\"column-1\">MHD-Plant 2000\/20<\/td><td class=\"column-2\">7500<\/td><td class=\"column-3\">1800<\/td><td class=\"column-4\">25<\/td><td class=\"column-5\"><a href=\"http:\/\/www.neotec.cz\/ikaprocess\/wp-content\/uploads\/2017\/07\/Data_Sheet_MHD-Plant_2000-20.pdf\" target=\"_blank\"><img loading=\"lazy\" decoding=\"async\" class=\"alignleft wp-image-1108 size-full\" src=\"http:\/\/www.neotec.cz\/ikaprocess\/wp-content\/uploads\/2017\/06\/picPDF.png\" alt=\"picPDF\" width=\"32\" height=\"32\" \/><\/a><\/td>\n<\/tr>\n<tr class=\"row-7\">\n\t<td class=\"column-1\">MHD-Plant 2000\/30<\/td><td class=\"column-2\">20000<\/td><td class=\"column-3\">6200<\/td><td class=\"column-4\">44<\/td><td class=\"column-5\"><a href=\"http:\/\/www.neotec.cz\/ikaprocess\/wp-content\/uploads\/2017\/07\/Data_Sheet_MHD-Plant_2000-30.pdf\" target=\"_blank\"><img loading=\"lazy\" decoding=\"async\" class=\"alignleft wp-image-1108 size-full\" src=\"http:\/\/www.neotec.cz\/ikaprocess\/wp-content\/uploads\/2017\/06\/picPDF.png\" alt=\"picPDF\" width=\"32\" height=\"32\" \/><\/a><\/td>\n<\/tr>\n<tr class=\"row-8\">\n\t<td class=\"column-1\">MHD-Plant 2000\/50<\/td><td class=\"column-2\">40000<\/td><td class=\"column-3\">13500<\/td><td class=\"column-4\">100<\/td><td class=\"column-5\"><a href=\"http:\/\/www.neotec.cz\/ikaprocess\/wp-content\/uploads\/2017\/07\/Data_Sheet_MHD-Plant_2000-50.pdf\" target=\"_blank\"><img loading=\"lazy\" decoding=\"async\" class=\"alignleft wp-image-1108 size-full\" src=\"http:\/\/www.neotec.cz\/ikaprocess\/wp-content\/uploads\/2017\/06\/picPDF.png\" alt=\"picPDF\" width=\"32\" height=\"32\" \/><\/a><\/td>\n<\/tr>\n<\/tbody>\n<\/table>\n<!-- #tablepress-21 from cache -->\n<\/div>\n<\/div><\/div><\/div><\/div><div id=\"pg-2276-3\"  class=\"panel-grid panel-no-style\" ><div id=\"pgc-2276-3-0\"  class=\"panel-grid-cell\" ><div id=\"panel-2276-3-0-0\" class=\"so-panel widget widget_sow-editor panel-first-child panel-last-child\" data-index=\"5\" ><div\n\t\t\t\n\t\t\tclass=\"so-widget-sow-editor so-widget-sow-editor-base\"\n\t\t\t\n\t\t><h3 class=\"widget-title\">Video<\/h3>\n<div class=\"siteorigin-widget-tinymce textwidget\">\n\t<iframe loading=\"lazy\"  style=\"display: block; margin: 0px auto;\"  id=\"_ytid_42008\"  width=\"720\" height=\"405\"  data-origwidth=\"720\" data-origheight=\"405\" src=\"https:\/\/www.youtube.com\/embed\/8fi4pQIFrIA?enablejsapi=1&autoplay=0&cc_load_policy=0&cc_lang_pref=&iv_load_policy=1&loop=0&modestbranding=0&rel=0&fs=1&playsinline=0&autohide=2&hl=cs_CZ&theme=dark&color=red&controls=1&\" class=\"__youtube_prefs__  no-lazyload\" title=\"YouTube player\"  allow=\"fullscreen; accelerometer; autoplay; clipboard-write; encrypted-media; gyroscope; picture-in-picture\" allowfullscreen data-no-lazy=\"1\" data-skipgform_ajax_framebjll=\"\"><\/iframe>\n<\/div>\n<\/div><\/div><\/div><\/div><div id=\"pg-2276-4\"  class=\"panel-grid panel-no-style\" ><div id=\"pgc-2276-4-0\"  class=\"panel-grid-cell\" ><div id=\"panel-2276-4-0-0\" class=\"so-panel widget widget_sow-editor panel-first-child panel-last-child\" data-index=\"6\" ><div\n\t\t\t\n\t\t\tclass=\"so-widget-sow-editor so-widget-sow-editor-base\"\n\t\t\t\n\t\t><h3 class=\"widget-title\">Ke sta\u017een\u00ed<\/h3>\n<div class=\"siteorigin-widget-tinymce textwidget\">\n\t<p><a href=\"http:\/\/www.neotec.cz\/ikaprocess\/wp-content\/uploads\/2017\/07\/201610_Plants_Brochure_IWS_EN_94000179_screen.pdf\" target=\"_blank\" rel=\"\">Procesn\u00ed za\u0159\u00edzen\u00ed (EN)<\/a><a href=\"http:\/\/www.neotec.cz\/ikaprocess\/wp-content\/uploads\/2017\/07\/201610_Plants_Brochure_IWS_EN_94000179_screen.pdf\" target=\"_blank\"><img loading=\"lazy\" decoding=\"async\" class=\"alignleft wp-image-1108 size-full\" src=\"http:\/\/www.neotec.cz\/zund\/wp-content\/uploads\/2016\/02\/picPDF.png\" alt=\"picPDF\" width=\"32\" height=\"32\" \/><\/a><\/p>\n<\/div>\n<\/div><\/div><\/div><\/div><\/div>","protected":false},"excerpt":{"rendered":"<p>The IKA mixing plant MHD essentially consists of the patented IKA inline mixing machine MHD, metering units, an electrical control system and a periphery which is customized to fit the customer&#8217;s application. The MHD plant enables the dust-free mixing of liquids and solids (powders or granules) in a continuous process. The phases to be mixed [&hellip;]<\/p>\n","protected":false},"author":1,"featured_media":0,"parent":0,"menu_order":0,"comment_status":"closed","ping_status":"closed","template":"templates\/template-full-notitle.php","meta":{"footnotes":""},"class_list":["post-2276","page","type-page","status-publish","hentry","post"],"yoast_head":"<!-- This site is optimized with the Yoast SEO plugin v24.2 - https:\/\/yoast.com\/wordpress\/plugins\/seo\/ -->\n<title>MHD-Plant - NEOTEC, spol. s r.o. - procesn\u00ed technologie firmy IKA<\/title>\n<meta name=\"description\" content=\"NEOTEC - zam\u011b\u0159en\u00ed: V\u00fdhradn\u00ed zastoupen\u00ed firmy IKA pro \u010cR.\" \/>\n<meta name=\"robots\" content=\"index, follow, max-snippet:-1, max-image-preview:large, max-video-preview:-1\" \/>\n<link rel=\"canonical\" href=\"https:\/\/www.neotec.cz\/ikaprocess\/mhd-plant\/\" \/>\n<meta property=\"og:locale\" content=\"cs_CZ\" \/>\n<meta property=\"og:type\" content=\"article\" \/>\n<meta property=\"og:title\" content=\"MHD-Plant - NEOTEC, spol. s r.o. - procesn\u00ed technologie firmy IKA\" \/>\n<meta property=\"og:description\" content=\"NEOTEC - zam\u011b\u0159en\u00ed: V\u00fdhradn\u00ed zastoupen\u00ed firmy IKA pro \u010cR.\" \/>\n<meta property=\"og:url\" content=\"https:\/\/www.neotec.cz\/ikaprocess\/mhd-plant\/\" \/>\n<meta property=\"og:site_name\" content=\"NEOTEC, spol. s r.o. - procesn\u00ed technologie firmy IKA\" \/>\n<meta property=\"article:modified_time\" content=\"2017-07-21T08:04:15+00:00\" \/>\n<meta property=\"og:image\" content=\"http:\/\/www.neotec.cz\/ikaprocess\/wp-content\/uploads\/2017\/07\/MHD-Plant_main_ds_all_sizes_a-258x300.jpg\" \/>\n<meta name=\"twitter:card\" content=\"summary_large_image\" \/>\n<meta name=\"twitter:label1\" content=\"Odhadovan\u00e1 doba \u010dten\u00ed\" \/>\n\t<meta name=\"twitter:data1\" content=\"3 minuty\" \/>\n<script type=\"application\/ld+json\" class=\"yoast-schema-graph\">{\"@context\":\"https:\/\/schema.org\",\"@graph\":[{\"@type\":\"WebPage\",\"@id\":\"https:\/\/www.neotec.cz\/ikaprocess\/mhd-plant\/\",\"url\":\"https:\/\/www.neotec.cz\/ikaprocess\/mhd-plant\/\",\"name\":\"MHD-Plant - NEOTEC, spol. s r.o. - procesn\u00ed technologie firmy IKA\",\"isPartOf\":{\"@id\":\"https:\/\/www.neotec.cz\/ikaprocess\/#website\"},\"primaryImageOfPage\":{\"@id\":\"https:\/\/www.neotec.cz\/ikaprocess\/mhd-plant\/#primaryimage\"},\"image\":{\"@id\":\"https:\/\/www.neotec.cz\/ikaprocess\/mhd-plant\/#primaryimage\"},\"thumbnailUrl\":\"http:\/\/www.neotec.cz\/ikaprocess\/wp-content\/uploads\/2017\/07\/MHD-Plant_main_ds_all_sizes_a-258x300.jpg\",\"datePublished\":\"2017-07-21T06:56:46+00:00\",\"dateModified\":\"2017-07-21T08:04:15+00:00\",\"description\":\"NEOTEC - zam\u011b\u0159en\u00ed: V\u00fdhradn\u00ed zastoupen\u00ed firmy IKA pro \u010cR.\",\"breadcrumb\":{\"@id\":\"https:\/\/www.neotec.cz\/ikaprocess\/mhd-plant\/#breadcrumb\"},\"inLanguage\":\"cs\",\"potentialAction\":[{\"@type\":\"ReadAction\",\"target\":[\"https:\/\/www.neotec.cz\/ikaprocess\/mhd-plant\/\"]}]},{\"@type\":\"ImageObject\",\"inLanguage\":\"cs\",\"@id\":\"https:\/\/www.neotec.cz\/ikaprocess\/mhd-plant\/#primaryimage\",\"url\":\"http:\/\/www.neotec.cz\/ikaprocess\/wp-content\/uploads\/2017\/07\/MHD-Plant_main_ds_all_sizes_a-258x300.jpg\",\"contentUrl\":\"http:\/\/www.neotec.cz\/ikaprocess\/wp-content\/uploads\/2017\/07\/MHD-Plant_main_ds_all_sizes_a-258x300.jpg\"},{\"@type\":\"BreadcrumbList\",\"@id\":\"https:\/\/www.neotec.cz\/ikaprocess\/mhd-plant\/#breadcrumb\",\"itemListElement\":[{\"@type\":\"ListItem\",\"position\":1,\"name\":\"Dom\u016f\",\"item\":\"https:\/\/www.neotec.cz\/ikaprocess\/\"},{\"@type\":\"ListItem\",\"position\":2,\"name\":\"MHD-Plant\"}]},{\"@type\":\"WebSite\",\"@id\":\"https:\/\/www.neotec.cz\/ikaprocess\/#website\",\"url\":\"https:\/\/www.neotec.cz\/ikaprocess\/\",\"name\":\"NEOTEC, spol. s r.o. - procesn\u00ed technologie firmy IKA\",\"description\":\"NEOTEC - v\u00fdhradn\u00ed zastoupen\u00ed firmy IKA pro \u010cR - procesn\u00ed technologie a laboratorn\u00ed technika.\",\"potentialAction\":[{\"@type\":\"SearchAction\",\"target\":{\"@type\":\"EntryPoint\",\"urlTemplate\":\"https:\/\/www.neotec.cz\/ikaprocess\/?s={search_term_string}\"},\"query-input\":{\"@type\":\"PropertyValueSpecification\",\"valueRequired\":true,\"valueName\":\"search_term_string\"}}],\"inLanguage\":\"cs\"}]}<\/script>\n<!-- \/ Yoast SEO plugin. -->","yoast_head_json":{"title":"MHD-Plant - NEOTEC, spol. s r.o. - procesn\u00ed technologie firmy IKA","description":"NEOTEC - zam\u011b\u0159en\u00ed: V\u00fdhradn\u00ed zastoupen\u00ed firmy IKA pro \u010cR.","robots":{"index":"index","follow":"follow","max-snippet":"max-snippet:-1","max-image-preview":"max-image-preview:large","max-video-preview":"max-video-preview:-1"},"canonical":"https:\/\/www.neotec.cz\/ikaprocess\/mhd-plant\/","og_locale":"cs_CZ","og_type":"article","og_title":"MHD-Plant - NEOTEC, spol. s r.o. - procesn\u00ed technologie firmy IKA","og_description":"NEOTEC - zam\u011b\u0159en\u00ed: V\u00fdhradn\u00ed zastoupen\u00ed firmy IKA pro \u010cR.","og_url":"https:\/\/www.neotec.cz\/ikaprocess\/mhd-plant\/","og_site_name":"NEOTEC, spol. s r.o. - procesn\u00ed technologie firmy IKA","article_modified_time":"2017-07-21T08:04:15+00:00","og_image":[{"url":"http:\/\/www.neotec.cz\/ikaprocess\/wp-content\/uploads\/2017\/07\/MHD-Plant_main_ds_all_sizes_a-258x300.jpg","type":"","width":"","height":""}],"twitter_card":"summary_large_image","twitter_misc":{"Odhadovan\u00e1 doba \u010dten\u00ed":"3 minuty"},"schema":{"@context":"https:\/\/schema.org","@graph":[{"@type":"WebPage","@id":"https:\/\/www.neotec.cz\/ikaprocess\/mhd-plant\/","url":"https:\/\/www.neotec.cz\/ikaprocess\/mhd-plant\/","name":"MHD-Plant - NEOTEC, spol. s r.o. - procesn\u00ed technologie firmy IKA","isPartOf":{"@id":"https:\/\/www.neotec.cz\/ikaprocess\/#website"},"primaryImageOfPage":{"@id":"https:\/\/www.neotec.cz\/ikaprocess\/mhd-plant\/#primaryimage"},"image":{"@id":"https:\/\/www.neotec.cz\/ikaprocess\/mhd-plant\/#primaryimage"},"thumbnailUrl":"http:\/\/www.neotec.cz\/ikaprocess\/wp-content\/uploads\/2017\/07\/MHD-Plant_main_ds_all_sizes_a-258x300.jpg","datePublished":"2017-07-21T06:56:46+00:00","dateModified":"2017-07-21T08:04:15+00:00","description":"NEOTEC - zam\u011b\u0159en\u00ed: V\u00fdhradn\u00ed zastoupen\u00ed firmy IKA pro \u010cR.","breadcrumb":{"@id":"https:\/\/www.neotec.cz\/ikaprocess\/mhd-plant\/#breadcrumb"},"inLanguage":"cs","potentialAction":[{"@type":"ReadAction","target":["https:\/\/www.neotec.cz\/ikaprocess\/mhd-plant\/"]}]},{"@type":"ImageObject","inLanguage":"cs","@id":"https:\/\/www.neotec.cz\/ikaprocess\/mhd-plant\/#primaryimage","url":"http:\/\/www.neotec.cz\/ikaprocess\/wp-content\/uploads\/2017\/07\/MHD-Plant_main_ds_all_sizes_a-258x300.jpg","contentUrl":"http:\/\/www.neotec.cz\/ikaprocess\/wp-content\/uploads\/2017\/07\/MHD-Plant_main_ds_all_sizes_a-258x300.jpg"},{"@type":"BreadcrumbList","@id":"https:\/\/www.neotec.cz\/ikaprocess\/mhd-plant\/#breadcrumb","itemListElement":[{"@type":"ListItem","position":1,"name":"Dom\u016f","item":"https:\/\/www.neotec.cz\/ikaprocess\/"},{"@type":"ListItem","position":2,"name":"MHD-Plant"}]},{"@type":"WebSite","@id":"https:\/\/www.neotec.cz\/ikaprocess\/#website","url":"https:\/\/www.neotec.cz\/ikaprocess\/","name":"NEOTEC, spol. s r.o. - procesn\u00ed technologie firmy IKA","description":"NEOTEC - v\u00fdhradn\u00ed zastoupen\u00ed firmy IKA pro \u010cR - procesn\u00ed technologie a laboratorn\u00ed technika.","potentialAction":[{"@type":"SearchAction","target":{"@type":"EntryPoint","urlTemplate":"https:\/\/www.neotec.cz\/ikaprocess\/?s={search_term_string}"},"query-input":{"@type":"PropertyValueSpecification","valueRequired":true,"valueName":"search_term_string"}}],"inLanguage":"cs"}]}},"_links":{"self":[{"href":"https:\/\/www.neotec.cz\/ikaprocess\/wp-json\/wp\/v2\/pages\/2276","targetHints":{"allow":["GET"]}}],"collection":[{"href":"https:\/\/www.neotec.cz\/ikaprocess\/wp-json\/wp\/v2\/pages"}],"about":[{"href":"https:\/\/www.neotec.cz\/ikaprocess\/wp-json\/wp\/v2\/types\/page"}],"author":[{"embeddable":true,"href":"https:\/\/www.neotec.cz\/ikaprocess\/wp-json\/wp\/v2\/users\/1"}],"replies":[{"embeddable":true,"href":"https:\/\/www.neotec.cz\/ikaprocess\/wp-json\/wp\/v2\/comments?post=2276"}],"version-history":[{"count":4,"href":"https:\/\/www.neotec.cz\/ikaprocess\/wp-json\/wp\/v2\/pages\/2276\/revisions"}],"predecessor-version":[{"id":2314,"href":"https:\/\/www.neotec.cz\/ikaprocess\/wp-json\/wp\/v2\/pages\/2276\/revisions\/2314"}],"wp:attachment":[{"href":"https:\/\/www.neotec.cz\/ikaprocess\/wp-json\/wp\/v2\/media?parent=2276"}],"curies":[{"name":"wp","href":"https:\/\/api.w.org\/{rel}","templated":true}]}}