{"id":2365,"date":"2017-08-11T08:43:40","date_gmt":"2017-08-11T07:43:40","guid":{"rendered":"http:\/\/www.neotec.cz\/ikaprocess\/?page_id=2365"},"modified":"2017-08-11T08:49:18","modified_gmt":"2017-08-11T07:49:18","slug":"conical-dryer-cd","status":"publish","type":"page","link":"https:\/\/www.neotec.cz\/ikaprocess\/conical-dryer-cd\/","title":{"rendered":"K\u00f3nick\u00e1 su\u0161i\u010dka CD"},"content":{"rendered":"<div id=\"pl-2365\"  class=\"panel-layout\" ><div id=\"pg-2365-0\"  class=\"panel-grid panel-no-style\" ><div id=\"pgc-2365-0-0\"  class=\"panel-grid-cell\" ><div id=\"panel-2365-0-0-0\" class=\"so-panel widget widget_sow-editor panel-first-child panel-last-child\" data-index=\"0\" ><div\n\t\t\t\n\t\t\tclass=\"so-widget-sow-editor so-widget-sow-editor-base\"\n\t\t\t\n\t\t><h3 class=\"widget-title\">K\u00f3nick\u00e1 su\u0161i\u010dka CD<\/h3>\n<div class=\"siteorigin-widget-tinymce textwidget\">\n\t<p>The IKA Conical Dryer CD is suited for vacuum contact drying of various humid solids of different free flowing behavior as well as different bulk densities.<\/p>\n<p>Not only the conical dryer's vessel wall and vessel cover are heatable but also the special spiral agitator. This ensures an optimal energy input into the product and also a uniform humidity and temperature distribution in the entire product area.<\/p>\n<p>Your bulk material is effectively dried at temperatures up to 200\u00b0C and under vacuum. The resulting solvent vapors are extracted by a reversible flow dust filter. The speed of the spiral agitator, which is located in an overhung position in the cover, is infinitely adjustable. A top-mounted flow breaker creates additional turbulences in the product area and prevents the product from rotating with the agitator. An optional lump breaker with cutting blades avoids the forming of agglomerates.<\/p>\n<p>An essential innovation of the CD plant is the combined tilting and slewing mechanism. For cleaning and inspection purposes, the tilting device offers convenient opening of the entire vessel cover including the agitator.<\/p>\n<p>Alternatively, this mechanism allows for the entire vessel to be inclined when the cover is closed. This has an extremely positive effect on the drying process. The inclination offers important advantages when mixing the entire product, as gravitation additionally affects the products to be dried. The slewing drive enables the entire vessel to be held between 0\u00b0 and 45\u00b0 at any position.<\/p>\n<p>The conical dryer can optionally be equipped with a CIP mechanism and\/or load cells. On request, IKA will also deliver optional peripheral devices for the conical dryer, such as solid filling or packing systems, a heating\/cooling aggregate, a vacuum system with solvent condensation, and a fully automatic control.<\/p>\n<p>IKA conical dryers are available in nine sizes ranging from 10 to 4.000 liters useful volume<\/p>\n<\/div>\n<\/div><\/div><\/div><\/div><div id=\"pg-2365-1\"  class=\"panel-grid panel-no-style\" ><div id=\"pgc-2365-1-0\"  class=\"panel-grid-cell\" ><div id=\"panel-2365-1-0-0\" class=\"so-panel widget widget_sow-image panel-first-child panel-last-child\" data-index=\"1\" ><div\n\t\t\t\n\t\t\tclass=\"so-widget-sow-image so-widget-sow-image-default-3a2476c0e107-2365\"\n\t\t\t\n\t\t>\n\n<div class=\"sow-image-container\">\n\t\t<img loading=\"lazy\" decoding=\"async\" src=\"https:\/\/www.neotec.cz\/ikaprocess\/wp-content\/uploads\/2017\/07\/CD_main_ds_all_sizes_a-300x300.jpg\" width=\"300\" height=\"300\" srcset=\"https:\/\/www.neotec.cz\/ikaprocess\/wp-content\/uploads\/2017\/07\/CD_main_ds_all_sizes_a-300x300.jpg 300w, https:\/\/www.neotec.cz\/ikaprocess\/wp-content\/uploads\/2017\/07\/CD_main_ds_all_sizes_a-150x150.jpg 150w, https:\/\/www.neotec.cz\/ikaprocess\/wp-content\/uploads\/2017\/07\/CD_main_ds_all_sizes_a.jpg 700w\" sizes=\"auto, (max-width: 300px) 100vw, 300px\" alt=\"\" \t\tclass=\"so-widget-image\"\/>\n\t<\/div>\n\n<\/div><\/div><\/div><div id=\"pgc-2365-1-1\"  class=\"panel-grid-cell\" ><div id=\"panel-2365-1-1-0\" class=\"so-panel widget widget_sow-image panel-first-child panel-last-child\" data-index=\"2\" ><div\n\t\t\t\n\t\t\tclass=\"so-widget-sow-image so-widget-sow-image-default-3a2476c0e107-2365\"\n\t\t\t\n\t\t>\n\n<div class=\"sow-image-container\">\n\t\t<img loading=\"lazy\" decoding=\"async\" src=\"https:\/\/www.neotec.cz\/ikaprocess\/wp-content\/uploads\/2017\/07\/CD_altern_3_a-300x300.jpg\" width=\"300\" height=\"300\" srcset=\"https:\/\/www.neotec.cz\/ikaprocess\/wp-content\/uploads\/2017\/07\/CD_altern_3_a-300x300.jpg 300w, https:\/\/www.neotec.cz\/ikaprocess\/wp-content\/uploads\/2017\/07\/CD_altern_3_a-150x150.jpg 150w, https:\/\/www.neotec.cz\/ikaprocess\/wp-content\/uploads\/2017\/07\/CD_altern_3_a.jpg 700w\" sizes=\"auto, (max-width: 300px) 100vw, 300px\" alt=\"\" \t\tclass=\"so-widget-image\"\/>\n\t<\/div>\n\n<\/div><\/div><\/div><div id=\"pgc-2365-1-2\"  class=\"panel-grid-cell\" ><div id=\"panel-2365-1-2-0\" class=\"so-panel widget widget_sow-image panel-first-child panel-last-child\" data-index=\"3\" ><div\n\t\t\t\n\t\t\tclass=\"so-widget-sow-image so-widget-sow-image-default-3a2476c0e107-2365\"\n\t\t\t\n\t\t>\n\n<div class=\"sow-image-container\">\n\t\t<img loading=\"lazy\" decoding=\"async\" src=\"https:\/\/www.neotec.cz\/ikaprocess\/wp-content\/uploads\/2017\/07\/CD_altern_1_a-300x300.jpg\" width=\"300\" height=\"300\" srcset=\"https:\/\/www.neotec.cz\/ikaprocess\/wp-content\/uploads\/2017\/07\/CD_altern_1_a-300x300.jpg 300w, https:\/\/www.neotec.cz\/ikaprocess\/wp-content\/uploads\/2017\/07\/CD_altern_1_a-150x150.jpg 150w, https:\/\/www.neotec.cz\/ikaprocess\/wp-content\/uploads\/2017\/07\/CD_altern_1_a.jpg 700w\" sizes=\"auto, (max-width: 300px) 100vw, 300px\" alt=\"\" \t\tclass=\"so-widget-image\"\/>\n\t<\/div>\n\n<\/div><\/div><\/div><\/div><div id=\"pg-2365-2\"  class=\"panel-grid panel-no-style\" ><div id=\"pgc-2365-2-0\"  class=\"panel-grid-cell\" ><div id=\"panel-2365-2-0-0\" class=\"so-panel widget widget_sow-editor panel-first-child panel-last-child\" data-index=\"4\" ><div\n\t\t\t\n\t\t\tclass=\"so-widget-sow-editor so-widget-sow-editor-base\"\n\t\t\t\n\t\t>\n<div class=\"siteorigin-widget-tinymce textwidget\">\n\t\n<table id=\"tablepress-25\" class=\"tablepress tablepress-id-25\">\n<thead>\n<tr class=\"row-1\">\n\t<th colspan=\"5\" class=\"column-1\">Technick\u00e9 parametry<\/th>\n<\/tr>\n<\/thead>\n<tbody class=\"row-striping row-hover\">\n<tr class=\"row-2\">\n\t<td class=\"column-1\"><b>Typ<\/b><\/td><td class=\"column-2\"><b>Vyu\u017eiteln\u00fd objem (l)<\/b><\/td><td class=\"column-3\"><b>V\u00fdkon motoru spir\u00e1lov\u00e9ho m\u00edchadla(kW)<\/b> <\/td><td class=\"column-4\"><b>Rozsah ot\u00e1\u010dek(ot\/min)<\/b><\/td><td class=\"column-5\"><b>Technick\u00fd list (EN)<\/b><\/td>\n<\/tr>\n<tr class=\"row-3\">\n\t<td class=\"column-1\">Konick\u00e1 su\u0161i\u010dka CD 10<\/td><td class=\"column-2\">10<\/td><td class=\"column-3\">0,37<\/td><td class=\"column-4\">30 - 122<\/td><td class=\"column-5\"><a href=\"http:\/\/www.neotec.cz\/ikaprocess\/wp-content\/uploads\/2017\/07\/Data_Sheet_Conical_Dryer_CD_10.pdf\" target=\"_blank\"><img loading=\"lazy\" decoding=\"async\" class=\"alignleft wp-image-1108 size-full\" src=\"http:\/\/www.neotec.cz\/ikaprocess\/wp-content\/uploads\/2017\/06\/picPDF.png\" alt=\"picPDF\" width=\"32\" height=\"32\" \/><\/a><\/td>\n<\/tr>\n<tr class=\"row-4\">\n\t<td class=\"column-1\">Konick\u00e1 su\u0161i\u010dka CD 25<\/td><td class=\"column-2\">25<\/td><td class=\"column-3\">0,75<\/td><td class=\"column-4\">22 - 83<\/td><td class=\"column-5\"><a href=\"http:\/\/www.neotec.cz\/ikaprocess\/wp-content\/uploads\/2017\/07\/Data_Sheet_Conical_Dryer_CD_25.pdf\" target=\"_blank\"><img loading=\"lazy\" decoding=\"async\" class=\"alignleft wp-image-1108 size-full\" src=\"http:\/\/www.neotec.cz\/ikaprocess\/wp-content\/uploads\/2017\/06\/picPDF.png\" alt=\"picPDF\" width=\"32\" height=\"32\" \/><\/a><\/td>\n<\/tr>\n<tr class=\"row-5\">\n\t<td class=\"column-1\">Konick\u00e1 su\u0161i\u010dka CD 50<\/td><td class=\"column-2\">50<\/td><td class=\"column-3\">1,5<\/td><td class=\"column-4\">18 - 68<\/td><td class=\"column-5\"><a href=\"http:\/\/www.neotec.cz\/ikaprocess\/wp-content\/uploads\/2017\/07\/Data_Sheet_Conical_Dryer_CD_50.pdf\" target=\"_blank\"><img loading=\"lazy\" decoding=\"async\" class=\"alignleft wp-image-1108 size-full\" src=\"http:\/\/www.neotec.cz\/ikaprocess\/wp-content\/uploads\/2017\/06\/picPDF.png\" alt=\"picPDF\" width=\"32\" height=\"32\" \/><\/a><\/td>\n<\/tr>\n<tr class=\"row-6\">\n\t<td class=\"column-1\">Konick\u00e1 su\u0161i\u010dka CD 100<\/td><td class=\"column-2\">100<\/td><td class=\"column-3\">3<\/td><td class=\"column-4\">14 - 54<\/td><td class=\"column-5\"><a href=\"http:\/\/www.neotec.cz\/ikaprocess\/wp-content\/uploads\/2017\/07\/Data_Sheet_Conical_Dryer_CD_100.pdf\" target=\"_blank\"><img loading=\"lazy\" decoding=\"async\" class=\"alignleft wp-image-1108 size-full\" src=\"http:\/\/www.neotec.cz\/ikaprocess\/wp-content\/uploads\/2017\/06\/picPDF.png\" alt=\"picPDF\" width=\"32\" height=\"32\" \/><\/a><\/td>\n<\/tr>\n<tr class=\"row-7\">\n\t<td class=\"column-1\">Konick\u00e1 su\u0161i\u010dka CD 250<\/td><td class=\"column-2\">250<\/td><td class=\"column-3\">5,5<\/td><td class=\"column-4\">11 - 41<\/td><td class=\"column-5\"><a href=\"http:\/\/www.neotec.cz\/ikaprocess\/wp-content\/uploads\/2017\/07\/Data_Sheet_Conical_Dryer_CD_250.pdf\" target=\"_blank\"><img loading=\"lazy\" decoding=\"async\" class=\"alignleft wp-image-1108 size-full\" src=\"http:\/\/www.neotec.cz\/ikaprocess\/wp-content\/uploads\/2017\/06\/picPDF.png\" alt=\"picPDF\" width=\"32\" height=\"32\" \/><\/a><\/td>\n<\/tr>\n<tr class=\"row-8\">\n\t<td class=\"column-1\">Konick\u00e1 su\u0161i\u010dka CD 500<\/td><td class=\"column-2\">500<\/td><td class=\"column-3\">11<\/td><td class=\"column-4\">8,4 - 32<\/td><td class=\"column-5\"><a href=\"http:\/\/www.neotec.cz\/ikaprocess\/wp-content\/uploads\/2017\/07\/Data_Sheet_Conical_Dryer_CD_500.pdf\" target=\"_blank\"><img loading=\"lazy\" decoding=\"async\" class=\"alignleft wp-image-1108 size-full\" src=\"http:\/\/www.neotec.cz\/ikaprocess\/wp-content\/uploads\/2017\/06\/picPDF.png\" alt=\"picPDF\" width=\"32\" height=\"32\" \/><\/a><\/td>\n<\/tr>\n<tr class=\"row-9\">\n\t<td class=\"column-1\">Konick\u00e1 su\u0161i\u010dka CD 1000<\/td><td class=\"column-2\">1000<\/td><td class=\"column-3\">18,5<\/td><td class=\"column-4\">6,8 - 26<\/td><td class=\"column-5\"><a href=\"http:\/\/www.neotec.cz\/ikaprocess\/wp-content\/uploads\/2017\/07\/Data_Sheet_Conical_Dryer_CD_1000.pdf\" target=\"_blank\"><img loading=\"lazy\" decoding=\"async\" class=\"alignleft wp-image-1108 size-full\" src=\"http:\/\/www.neotec.cz\/ikaprocess\/wp-content\/uploads\/2017\/06\/picPDF.png\" alt=\"picPDF\" width=\"32\" height=\"32\" \/><\/a><\/td>\n<\/tr>\n<tr class=\"row-10\">\n\t<td class=\"column-1\">Konick\u00e1 su\u0161i\u010dka CD 2000<\/td><td class=\"column-2\">2000<\/td><td class=\"column-3\">30<\/td><td class=\"column-4\">5,6 - 21<\/td><td class=\"column-5\"><a href=\"http:\/\/www.neotec.cz\/ikaprocess\/wp-content\/uploads\/2017\/07\/Data_Sheet_Conical_Dryer_CD_2000.pdf\" target=\"_blank\"><img loading=\"lazy\" decoding=\"async\" class=\"alignleft wp-image-1108 size-full\" src=\"http:\/\/www.neotec.cz\/ikaprocess\/wp-content\/uploads\/2017\/06\/picPDF.png\" alt=\"picPDF\" width=\"32\" height=\"32\" \/><\/a><\/td>\n<\/tr>\n<tr class=\"row-11\">\n\t<td class=\"column-1\">Konick\u00e1 su\u0161i\u010dka CD 4000<\/td><td class=\"column-2\">4000<\/td><td class=\"column-3\">37<\/td><td class=\"column-4\">4,8 - 18<\/td><td class=\"column-5\"><a href=\"http:\/\/www.neotec.cz\/ikaprocess\/wp-content\/uploads\/2017\/07\/Data_Sheet_Conical_Dryer_CD_4000.pdf\" target=\"_blank\"><img loading=\"lazy\" decoding=\"async\" class=\"alignleft wp-image-1108 size-full\" src=\"http:\/\/www.neotec.cz\/ikaprocess\/wp-content\/uploads\/2017\/06\/picPDF.png\" alt=\"picPDF\" width=\"32\" height=\"32\" \/><\/a><\/td>\n<\/tr>\n<\/tbody>\n<\/table>\n<!-- #tablepress-25 from cache -->\n<\/div>\n<\/div><\/div><\/div><\/div><div id=\"pg-2365-3\"  class=\"panel-grid panel-no-style\" ><div id=\"pgc-2365-3-0\"  class=\"panel-grid-cell\" ><div id=\"panel-2365-3-0-0\" class=\"so-panel widget widget_sow-editor panel-first-child panel-last-child\" data-index=\"5\" ><div\n\t\t\t\n\t\t\tclass=\"so-widget-sow-editor so-widget-sow-editor-base\"\n\t\t\t\n\t\t><h3 class=\"widget-title\">Video<\/h3>\n<div class=\"siteorigin-widget-tinymce textwidget\">\n\t<iframe loading=\"lazy\"  style=\"display: block; margin: 0px auto;\"  id=\"_ytid_19532\"  width=\"720\" height=\"405\"  data-origwidth=\"720\" data-origheight=\"405\" src=\"https:\/\/www.youtube.com\/embed\/WR35s8jm1JI?enablejsapi=1&autoplay=0&cc_load_policy=0&cc_lang_pref=&iv_load_policy=1&loop=0&modestbranding=0&rel=0&fs=1&playsinline=0&autohide=2&hl=cs_CZ&theme=dark&color=red&controls=1&\" class=\"__youtube_prefs__  no-lazyload\" title=\"YouTube player\"  allow=\"fullscreen; accelerometer; autoplay; clipboard-write; encrypted-media; gyroscope; picture-in-picture\" allowfullscreen data-no-lazy=\"1\" data-skipgform_ajax_framebjll=\"\"><\/iframe>\n<\/div>\n<\/div><\/div><\/div><\/div><div id=\"pg-2365-4\"  class=\"panel-grid panel-no-style\" ><div id=\"pgc-2365-4-0\"  class=\"panel-grid-cell\" ><div id=\"panel-2365-4-0-0\" class=\"so-panel widget widget_sow-editor panel-first-child panel-last-child\" data-index=\"6\" ><div\n\t\t\t\n\t\t\tclass=\"so-widget-sow-editor so-widget-sow-editor-base\"\n\t\t\t\n\t\t><h3 class=\"widget-title\">Ke sta\u017een\u00ed<\/h3>\n<div class=\"siteorigin-widget-tinymce textwidget\">\n\t<p><a href=\"http:\/\/www.neotec.cz\/ikaprocess\/wp-content\/uploads\/2017\/07\/Flyer_ConicalMixer_ConicalDryer.pdf\" target=\"_blank\" rel=\"\">K\u00f3nick\u00e1 m\u00edcha\u010dka \/ su\u0161i\u010dka (EN)<\/a><a href=\"http:\/\/www.neotec.cz\/ikaprocess\/wp-content\/uploads\/2017\/07\/Flyer_ConicalMixer_ConicalDryer.pdf\" target=\"_blank\"><img loading=\"lazy\" decoding=\"async\" class=\"alignleft wp-image-1108 size-full\" src=\"http:\/\/www.neotec.cz\/zund\/wp-content\/uploads\/2016\/02\/picPDF.png\" alt=\"picPDF\" width=\"32\" height=\"32\" \/><\/a><\/p>\n<\/div>\n<\/div><\/div><\/div><\/div><\/div>","protected":false},"excerpt":{"rendered":"<p>The IKA Conical Dryer CD is suited for vacuum contact drying of various humid solids of different free flowing behavior as well as different bulk densities. Not only the conical dryer&#8217;s vessel wall and vessel cover are heatable but also the special spiral agitator. This ensures an optimal energy input into the product and also [&hellip;]<\/p>\n","protected":false},"author":1,"featured_media":0,"parent":0,"menu_order":0,"comment_status":"closed","ping_status":"closed","template":"templates\/template-full-notitle.php","meta":{"footnotes":""},"class_list":["post-2365","page","type-page","status-publish","hentry","post"],"yoast_head":"<!-- This site is optimized with the Yoast SEO plugin v24.2 - https:\/\/yoast.com\/wordpress\/plugins\/seo\/ -->\n<title>K\u00f3nick\u00e1 su\u0161i\u010dka CD - NEOTEC, spol. s r.o. - procesn\u00ed technologie firmy IKA<\/title>\n<meta name=\"description\" content=\"NEOTEC - zam\u011b\u0159en\u00ed: V\u00fdhradn\u00ed zastoupen\u00ed firmy IKA pro \u010cR.\" \/>\n<meta name=\"robots\" content=\"index, follow, max-snippet:-1, max-image-preview:large, max-video-preview:-1\" \/>\n<link rel=\"canonical\" href=\"https:\/\/www.neotec.cz\/ikaprocess\/conical-dryer-cd\/\" \/>\n<meta property=\"og:locale\" content=\"cs_CZ\" \/>\n<meta property=\"og:type\" content=\"article\" \/>\n<meta property=\"og:title\" content=\"K\u00f3nick\u00e1 su\u0161i\u010dka CD - NEOTEC, spol. s r.o. - procesn\u00ed technologie firmy IKA\" \/>\n<meta property=\"og:description\" content=\"NEOTEC - zam\u011b\u0159en\u00ed: V\u00fdhradn\u00ed zastoupen\u00ed firmy IKA pro \u010cR.\" \/>\n<meta property=\"og:url\" content=\"https:\/\/www.neotec.cz\/ikaprocess\/conical-dryer-cd\/\" \/>\n<meta property=\"og:site_name\" content=\"NEOTEC, spol. s r.o. - procesn\u00ed technologie firmy IKA\" \/>\n<meta property=\"article:modified_time\" content=\"2017-08-11T07:49:18+00:00\" \/>\n<meta property=\"og:image\" content=\"http:\/\/www.neotec.cz\/ikaprocess\/wp-content\/uploads\/2017\/07\/CD_main_ds_all_sizes_a-300x300.jpg\" \/>\n<meta name=\"twitter:card\" content=\"summary_large_image\" \/>\n<meta name=\"twitter:label1\" content=\"Odhadovan\u00e1 doba \u010dten\u00ed\" \/>\n\t<meta name=\"twitter:data1\" content=\"2 minuty\" \/>\n<script type=\"application\/ld+json\" class=\"yoast-schema-graph\">{\"@context\":\"https:\/\/schema.org\",\"@graph\":[{\"@type\":\"WebPage\",\"@id\":\"https:\/\/www.neotec.cz\/ikaprocess\/conical-dryer-cd\/\",\"url\":\"https:\/\/www.neotec.cz\/ikaprocess\/conical-dryer-cd\/\",\"name\":\"K\u00f3nick\u00e1 su\u0161i\u010dka CD - NEOTEC, spol. s r.o. - procesn\u00ed technologie firmy IKA\",\"isPartOf\":{\"@id\":\"https:\/\/www.neotec.cz\/ikaprocess\/#website\"},\"primaryImageOfPage\":{\"@id\":\"https:\/\/www.neotec.cz\/ikaprocess\/conical-dryer-cd\/#primaryimage\"},\"image\":{\"@id\":\"https:\/\/www.neotec.cz\/ikaprocess\/conical-dryer-cd\/#primaryimage\"},\"thumbnailUrl\":\"http:\/\/www.neotec.cz\/ikaprocess\/wp-content\/uploads\/2017\/07\/CD_main_ds_all_sizes_a-300x300.jpg\",\"datePublished\":\"2017-08-11T07:43:40+00:00\",\"dateModified\":\"2017-08-11T07:49:18+00:00\",\"description\":\"NEOTEC - zam\u011b\u0159en\u00ed: V\u00fdhradn\u00ed zastoupen\u00ed firmy IKA pro \u010cR.\",\"breadcrumb\":{\"@id\":\"https:\/\/www.neotec.cz\/ikaprocess\/conical-dryer-cd\/#breadcrumb\"},\"inLanguage\":\"cs\",\"potentialAction\":[{\"@type\":\"ReadAction\",\"target\":[\"https:\/\/www.neotec.cz\/ikaprocess\/conical-dryer-cd\/\"]}]},{\"@type\":\"ImageObject\",\"inLanguage\":\"cs\",\"@id\":\"https:\/\/www.neotec.cz\/ikaprocess\/conical-dryer-cd\/#primaryimage\",\"url\":\"http:\/\/www.neotec.cz\/ikaprocess\/wp-content\/uploads\/2017\/07\/CD_main_ds_all_sizes_a-300x300.jpg\",\"contentUrl\":\"http:\/\/www.neotec.cz\/ikaprocess\/wp-content\/uploads\/2017\/07\/CD_main_ds_all_sizes_a-300x300.jpg\"},{\"@type\":\"BreadcrumbList\",\"@id\":\"https:\/\/www.neotec.cz\/ikaprocess\/conical-dryer-cd\/#breadcrumb\",\"itemListElement\":[{\"@type\":\"ListItem\",\"position\":1,\"name\":\"Dom\u016f\",\"item\":\"https:\/\/www.neotec.cz\/ikaprocess\/\"},{\"@type\":\"ListItem\",\"position\":2,\"name\":\"K\u00f3nick\u00e1 su\u0161i\u010dka CD\"}]},{\"@type\":\"WebSite\",\"@id\":\"https:\/\/www.neotec.cz\/ikaprocess\/#website\",\"url\":\"https:\/\/www.neotec.cz\/ikaprocess\/\",\"name\":\"NEOTEC, spol. s r.o. - procesn\u00ed technologie firmy IKA\",\"description\":\"NEOTEC - v\u00fdhradn\u00ed zastoupen\u00ed firmy IKA pro \u010cR - procesn\u00ed technologie a laboratorn\u00ed technika.\",\"potentialAction\":[{\"@type\":\"SearchAction\",\"target\":{\"@type\":\"EntryPoint\",\"urlTemplate\":\"https:\/\/www.neotec.cz\/ikaprocess\/?s={search_term_string}\"},\"query-input\":{\"@type\":\"PropertyValueSpecification\",\"valueRequired\":true,\"valueName\":\"search_term_string\"}}],\"inLanguage\":\"cs\"}]}<\/script>\n<!-- \/ Yoast SEO plugin. -->","yoast_head_json":{"title":"K\u00f3nick\u00e1 su\u0161i\u010dka CD - NEOTEC, spol. s r.o. - procesn\u00ed technologie firmy IKA","description":"NEOTEC - zam\u011b\u0159en\u00ed: V\u00fdhradn\u00ed zastoupen\u00ed firmy IKA pro \u010cR.","robots":{"index":"index","follow":"follow","max-snippet":"max-snippet:-1","max-image-preview":"max-image-preview:large","max-video-preview":"max-video-preview:-1"},"canonical":"https:\/\/www.neotec.cz\/ikaprocess\/conical-dryer-cd\/","og_locale":"cs_CZ","og_type":"article","og_title":"K\u00f3nick\u00e1 su\u0161i\u010dka CD - NEOTEC, spol. s r.o. - procesn\u00ed technologie firmy IKA","og_description":"NEOTEC - zam\u011b\u0159en\u00ed: V\u00fdhradn\u00ed zastoupen\u00ed firmy IKA pro \u010cR.","og_url":"https:\/\/www.neotec.cz\/ikaprocess\/conical-dryer-cd\/","og_site_name":"NEOTEC, spol. s r.o. - procesn\u00ed technologie firmy IKA","article_modified_time":"2017-08-11T07:49:18+00:00","og_image":[{"url":"http:\/\/www.neotec.cz\/ikaprocess\/wp-content\/uploads\/2017\/07\/CD_main_ds_all_sizes_a-300x300.jpg","type":"","width":"","height":""}],"twitter_card":"summary_large_image","twitter_misc":{"Odhadovan\u00e1 doba \u010dten\u00ed":"2 minuty"},"schema":{"@context":"https:\/\/schema.org","@graph":[{"@type":"WebPage","@id":"https:\/\/www.neotec.cz\/ikaprocess\/conical-dryer-cd\/","url":"https:\/\/www.neotec.cz\/ikaprocess\/conical-dryer-cd\/","name":"K\u00f3nick\u00e1 su\u0161i\u010dka CD - NEOTEC, spol. s r.o. - procesn\u00ed technologie firmy IKA","isPartOf":{"@id":"https:\/\/www.neotec.cz\/ikaprocess\/#website"},"primaryImageOfPage":{"@id":"https:\/\/www.neotec.cz\/ikaprocess\/conical-dryer-cd\/#primaryimage"},"image":{"@id":"https:\/\/www.neotec.cz\/ikaprocess\/conical-dryer-cd\/#primaryimage"},"thumbnailUrl":"http:\/\/www.neotec.cz\/ikaprocess\/wp-content\/uploads\/2017\/07\/CD_main_ds_all_sizes_a-300x300.jpg","datePublished":"2017-08-11T07:43:40+00:00","dateModified":"2017-08-11T07:49:18+00:00","description":"NEOTEC - zam\u011b\u0159en\u00ed: V\u00fdhradn\u00ed zastoupen\u00ed firmy IKA pro \u010cR.","breadcrumb":{"@id":"https:\/\/www.neotec.cz\/ikaprocess\/conical-dryer-cd\/#breadcrumb"},"inLanguage":"cs","potentialAction":[{"@type":"ReadAction","target":["https:\/\/www.neotec.cz\/ikaprocess\/conical-dryer-cd\/"]}]},{"@type":"ImageObject","inLanguage":"cs","@id":"https:\/\/www.neotec.cz\/ikaprocess\/conical-dryer-cd\/#primaryimage","url":"http:\/\/www.neotec.cz\/ikaprocess\/wp-content\/uploads\/2017\/07\/CD_main_ds_all_sizes_a-300x300.jpg","contentUrl":"http:\/\/www.neotec.cz\/ikaprocess\/wp-content\/uploads\/2017\/07\/CD_main_ds_all_sizes_a-300x300.jpg"},{"@type":"BreadcrumbList","@id":"https:\/\/www.neotec.cz\/ikaprocess\/conical-dryer-cd\/#breadcrumb","itemListElement":[{"@type":"ListItem","position":1,"name":"Dom\u016f","item":"https:\/\/www.neotec.cz\/ikaprocess\/"},{"@type":"ListItem","position":2,"name":"K\u00f3nick\u00e1 su\u0161i\u010dka CD"}]},{"@type":"WebSite","@id":"https:\/\/www.neotec.cz\/ikaprocess\/#website","url":"https:\/\/www.neotec.cz\/ikaprocess\/","name":"NEOTEC, spol. s r.o. - procesn\u00ed technologie firmy IKA","description":"NEOTEC - v\u00fdhradn\u00ed zastoupen\u00ed firmy IKA pro \u010cR - procesn\u00ed technologie a laboratorn\u00ed technika.","potentialAction":[{"@type":"SearchAction","target":{"@type":"EntryPoint","urlTemplate":"https:\/\/www.neotec.cz\/ikaprocess\/?s={search_term_string}"},"query-input":{"@type":"PropertyValueSpecification","valueRequired":true,"valueName":"search_term_string"}}],"inLanguage":"cs"}]}},"_links":{"self":[{"href":"https:\/\/www.neotec.cz\/ikaprocess\/wp-json\/wp\/v2\/pages\/2365","targetHints":{"allow":["GET"]}}],"collection":[{"href":"https:\/\/www.neotec.cz\/ikaprocess\/wp-json\/wp\/v2\/pages"}],"about":[{"href":"https:\/\/www.neotec.cz\/ikaprocess\/wp-json\/wp\/v2\/types\/page"}],"author":[{"embeddable":true,"href":"https:\/\/www.neotec.cz\/ikaprocess\/wp-json\/wp\/v2\/users\/1"}],"replies":[{"embeddable":true,"href":"https:\/\/www.neotec.cz\/ikaprocess\/wp-json\/wp\/v2\/comments?post=2365"}],"version-history":[{"count":6,"href":"https:\/\/www.neotec.cz\/ikaprocess\/wp-json\/wp\/v2\/pages\/2365\/revisions"}],"predecessor-version":[{"id":2372,"href":"https:\/\/www.neotec.cz\/ikaprocess\/wp-json\/wp\/v2\/pages\/2365\/revisions\/2372"}],"wp:attachment":[{"href":"https:\/\/www.neotec.cz\/ikaprocess\/wp-json\/wp\/v2\/media?parent=2365"}],"curies":[{"name":"wp","href":"https:\/\/api.w.org\/{rel}","templated":true}]}}