{"id":2390,"date":"2017-08-11T09:43:25","date_gmt":"2017-08-11T08:43:25","guid":{"rendered":"http:\/\/www.neotec.cz\/ikaprocess\/?page_id=2390"},"modified":"2017-08-11T09:44:45","modified_gmt":"2017-08-11T08:44:45","slug":"conical-mixer-cm","status":"publish","type":"page","link":"https:\/\/www.neotec.cz\/ikaprocess\/conical-mixer-cm\/","title":{"rendered":"K\u00f3nick\u00e1 m\u00edcha\u010dka CM"},"content":{"rendered":"<div id=\"pl-2390\"  class=\"panel-layout\" ><div id=\"pg-2390-0\"  class=\"panel-grid panel-no-style\" ><div id=\"pgc-2390-0-0\"  class=\"panel-grid-cell\" ><div id=\"panel-2390-0-0-0\" class=\"so-panel widget widget_sow-editor panel-first-child panel-last-child\" data-index=\"0\" ><div\n\t\t\t\n\t\t\tclass=\"so-widget-sow-editor so-widget-sow-editor-base\"\n\t\t\t\n\t\t><h3 class=\"widget-title\">K\u00f3nick\u00e1 m\u00edcha\u010dka CM<\/h3>\n<div class=\"siteorigin-widget-tinymce textwidget\">\n\t<p>IKA Conical Mixers type CM enable a gentle and efficient mixing of bulk materials. The Conical Mixers are suitable for mixing all free-flowing solids, including products with different bulk densities. <\/p>\n<p> Products are gently mixed with a specially designed spiral agitator. Because the agitator is over-mounted in the vessel cover, no shaft seals come in contact with the product. The agitator has an aerodynamically efficient shape for low friction and improved vertical lifting power. The product is intensively mixed in both radial and tangential directions. Additional turbulences are created in the product area by the top-mounted flow breaker. The speed of the spiral agitator is infinitely adjustable and can thus be flexibly adapted to the product behavior. <\/p>\n<p> The conical shape of the vessel enables a complete emptying of the product and an easy cleaning of the vessel. Optionally, the vessel cover can be equipped with three self-rotating CIP spray nozzles for precise cleaning without dead spots and shadow zones. <\/p>\n<p> Another unique option for the CM plant is the innovative combined tilting and slewing mechanism. The vessel cover together with the agitator can be electronically tilted 90\u00b0, thus enabling a thorough inspection of the product area. <\/p>\n<p> Alternatively, this mechanism allows for the entire vessel to be inclined when the cover is closed. The inclination offers important advantages when mixing the entire product, as gravitation additionally affects the products to be mixed. The slewing drive also enables the entire mixer to be positioned anywhere between 0\u00b0 and 45\u00b0. <\/p>\n<p> The standard version mixer vessel stands on sturdy pipe feet with a base designed to be ground-mounted. <\/p>\n<p> The tilting and slewing mechanism is integrated into a mounting frame. In this option, the vessel comes equipped with rollers which allow it to be moved out of the frame. By request, the Conical Mixer can be outfitted with several identical moveable vessels to serve as exchangeable, storage or reaction vessels. <\/p>\n<p> The expandability of the scope of supply practically has no limits:<\/p>\n<ul>\n<li>Mounting of mixing vessel on load cells for dosing of components<\/li>\n<li>Mounting of a lump breaker for reliable disintegration of any agglomerates<\/li>\n<li>The Conical Mixer can be equipped with a dead spot-free sample valve which enables very representative samples even when the agitator is being operated or the mixing vessel is under vacuum or pressure<\/li>\n<li>Electric control for operating the agitator and the discharge valve as well as an indication of the process parameters<\/li>\n<\/ul>\n<p>IKA conical mixers are available in nine sizes ranging from 10 to 4,000 liters (useful volume).\u00a0<\/p>\n<\/div>\n<\/div><\/div><\/div><\/div><div id=\"pg-2390-1\"  class=\"panel-grid panel-no-style\" ><div id=\"pgc-2390-1-0\"  class=\"panel-grid-cell\" ><div id=\"panel-2390-1-0-0\" class=\"so-panel widget widget_sow-image panel-first-child panel-last-child\" data-index=\"1\" ><div\n\t\t\t\n\t\t\tclass=\"so-widget-sow-image so-widget-sow-image-default-3a2476c0e107-2390\"\n\t\t\t\n\t\t>\n\n<div class=\"sow-image-container\">\n\t\t<img loading=\"lazy\" decoding=\"async\" src=\"https:\/\/www.neotec.cz\/ikaprocess\/wp-content\/uploads\/2017\/08\/CM_main_ds_all_sizes_a-300x300.jpg\" width=\"300\" height=\"300\" srcset=\"https:\/\/www.neotec.cz\/ikaprocess\/wp-content\/uploads\/2017\/08\/CM_main_ds_all_sizes_a-300x300.jpg 300w, https:\/\/www.neotec.cz\/ikaprocess\/wp-content\/uploads\/2017\/08\/CM_main_ds_all_sizes_a-150x150.jpg 150w, https:\/\/www.neotec.cz\/ikaprocess\/wp-content\/uploads\/2017\/08\/CM_main_ds_all_sizes_a.jpg 700w\" sizes=\"auto, (max-width: 300px) 100vw, 300px\" alt=\"\" \t\tclass=\"so-widget-image\"\/>\n\t<\/div>\n\n<\/div><\/div><\/div><div id=\"pgc-2390-1-1\"  class=\"panel-grid-cell panel-grid-cell-mobile-last\" ><div id=\"panel-2390-1-1-0\" class=\"so-panel widget widget_sow-image panel-first-child panel-last-child\" data-index=\"2\" ><div\n\t\t\t\n\t\t\tclass=\"so-widget-sow-image so-widget-sow-image-default-3a2476c0e107-2390\"\n\t\t\t\n\t\t>\n\n<div class=\"sow-image-container\">\n\t\t<img loading=\"lazy\" decoding=\"async\" src=\"https:\/\/www.neotec.cz\/ikaprocess\/wp-content\/uploads\/2017\/08\/CM_altern_1_a-300x300.jpg\" width=\"300\" height=\"300\" srcset=\"https:\/\/www.neotec.cz\/ikaprocess\/wp-content\/uploads\/2017\/08\/CM_altern_1_a-300x300.jpg 300w, https:\/\/www.neotec.cz\/ikaprocess\/wp-content\/uploads\/2017\/08\/CM_altern_1_a-150x150.jpg 150w, https:\/\/www.neotec.cz\/ikaprocess\/wp-content\/uploads\/2017\/08\/CM_altern_1_a.jpg 700w\" sizes=\"auto, (max-width: 300px) 100vw, 300px\" alt=\"\" \t\tclass=\"so-widget-image\"\/>\n\t<\/div>\n\n<\/div><\/div><\/div><div id=\"pgc-2390-1-2\"  class=\"panel-grid-cell panel-grid-cell-empty\" ><\/div><\/div><div id=\"pg-2390-2\"  class=\"panel-grid panel-no-style\" ><div id=\"pgc-2390-2-0\"  class=\"panel-grid-cell\" ><div id=\"panel-2390-2-0-0\" class=\"so-panel widget widget_sow-editor panel-first-child panel-last-child\" data-index=\"3\" ><div\n\t\t\t\n\t\t\tclass=\"so-widget-sow-editor so-widget-sow-editor-base\"\n\t\t\t\n\t\t>\n<div class=\"siteorigin-widget-tinymce textwidget\">\n\t\n<table id=\"tablepress-26\" class=\"tablepress tablepress-id-26\">\n<thead>\n<tr class=\"row-1\">\n\t<th colspan=\"5\" class=\"column-1\">Technick\u00e9 parametry<\/th>\n<\/tr>\n<\/thead>\n<tbody class=\"row-striping row-hover\">\n<tr class=\"row-2\">\n\t<td class=\"column-1\"><b>Typ<\/b><\/td><td class=\"column-2\"><b>Vyu\u017eiteln\u00fd objem (l)<\/b><\/td><td class=\"column-3\"><b>V\u00fdkon motoru spir\u00e1lov\u00e9ho m\u00edchadla(kW)<\/b> <\/td><td class=\"column-4\"><b>Rozsah ot\u00e1\u010dek(ot\/min)<\/b><\/td><td class=\"column-5\"><b>Technick\u00fd list (EN)<\/b><\/td>\n<\/tr>\n<tr class=\"row-3\">\n\t<td class=\"column-1\">Konick\u00e1 m\u00edcha\u010dka CM 10<\/td><td class=\"column-2\">10<\/td><td class=\"column-3\">0,37<\/td><td class=\"column-4\">30 - 122<\/td><td class=\"column-5\"><a href=\"http:\/\/www.neotec.cz\/ikaprocess\/wp-content\/uploads\/2017\/08\/Data_Sheet_Conical_Mixer_CM_10.pdf\" target=\"_blank\"><img loading=\"lazy\" decoding=\"async\" class=\"alignleft wp-image-1108 size-full\" src=\"http:\/\/www.neotec.cz\/ikaprocess\/wp-content\/uploads\/2017\/06\/picPDF.png\" alt=\"picPDF\" width=\"32\" height=\"32\" \/><\/a><\/td>\n<\/tr>\n<tr class=\"row-4\">\n\t<td class=\"column-1\">Konick\u00e1 m\u00edcha\u010dka CM  25<\/td><td class=\"column-2\">25<\/td><td class=\"column-3\">0,75<\/td><td class=\"column-4\">22 - 83<\/td><td class=\"column-5\"><a href=\"http:\/\/www.neotec.cz\/ikaprocess\/wp-content\/uploads\/2017\/08\/Data_Sheet_Conical_Mixer_CM_25.pdf\" target=\"_blank\"><img loading=\"lazy\" decoding=\"async\" class=\"alignleft wp-image-1108 size-full\" src=\"http:\/\/www.neotec.cz\/ikaprocess\/wp-content\/uploads\/2017\/06\/picPDF.png\" alt=\"picPDF\" width=\"32\" height=\"32\" \/><\/a><\/td>\n<\/tr>\n<tr class=\"row-5\">\n\t<td class=\"column-1\">Konick\u00e1 m\u00edcha\u010dka CM  50<\/td><td class=\"column-2\">50<\/td><td class=\"column-3\">1,5<\/td><td class=\"column-4\">18 - 68<\/td><td class=\"column-5\"><a href=\"http:\/\/www.neotec.cz\/ikaprocess\/wp-content\/uploads\/2017\/08\/Data_Sheet_Conical_Mixer_CM_50.pdf\" target=\"_blank\"><img loading=\"lazy\" decoding=\"async\" class=\"alignleft wp-image-1108 size-full\" src=\"http:\/\/www.neotec.cz\/ikaprocess\/wp-content\/uploads\/2017\/06\/picPDF.png\" alt=\"picPDF\" width=\"32\" height=\"32\" \/><\/a><\/td>\n<\/tr>\n<tr class=\"row-6\">\n\t<td class=\"column-1\">Konick\u00e1 m\u00edcha\u010dka CM  100<\/td><td class=\"column-2\">100<\/td><td class=\"column-3\">3<\/td><td class=\"column-4\">14 - 54<\/td><td class=\"column-5\"><a href=\"http:\/\/www.neotec.cz\/ikaprocess\/wp-content\/uploads\/2017\/08\/Data_Sheet_Conical_Mixer_CM_100.pdf\" target=\"_blank\"><img loading=\"lazy\" decoding=\"async\" class=\"alignleft wp-image-1108 size-full\" src=\"http:\/\/www.neotec.cz\/ikaprocess\/wp-content\/uploads\/2017\/06\/picPDF.png\" alt=\"picPDF\" width=\"32\" height=\"32\" \/><\/a><\/td>\n<\/tr>\n<tr class=\"row-7\">\n\t<td class=\"column-1\">Konick\u00e1 m\u00edcha\u010dka CM  250<\/td><td class=\"column-2\">250<\/td><td class=\"column-3\">5,5<\/td><td class=\"column-4\">11 - 41<\/td><td class=\"column-5\"><a href=\"http:\/\/www.neotec.cz\/ikaprocess\/wp-content\/uploads\/2017\/08\/Data_Sheet_Conical_Mixer_CM_250.pdf\" target=\"_blank\"><img loading=\"lazy\" decoding=\"async\" class=\"alignleft wp-image-1108 size-full\" src=\"http:\/\/www.neotec.cz\/ikaprocess\/wp-content\/uploads\/2017\/06\/picPDF.png\" alt=\"picPDF\" width=\"32\" height=\"32\" \/><\/a><\/td>\n<\/tr>\n<tr class=\"row-8\">\n\t<td class=\"column-1\">Konick\u00e1 m\u00edcha\u010dka CM  500<\/td><td class=\"column-2\">500<\/td><td class=\"column-3\">11<\/td><td class=\"column-4\">8,4 - 32<\/td><td class=\"column-5\"><a href=\"http:\/\/www.neotec.cz\/ikaprocess\/wp-content\/uploads\/2017\/08\/Data_Sheet_Conical_Mixer_CM_500.pdf\" target=\"_blank\"><img loading=\"lazy\" decoding=\"async\" class=\"alignleft wp-image-1108 size-full\" src=\"http:\/\/www.neotec.cz\/ikaprocess\/wp-content\/uploads\/2017\/06\/picPDF.png\" alt=\"picPDF\" width=\"32\" height=\"32\" \/><\/a><\/td>\n<\/tr>\n<tr class=\"row-9\">\n\t<td class=\"column-1\">Konick\u00e1 m\u00edcha\u010dka CM  1000<\/td><td class=\"column-2\">1000<\/td><td class=\"column-3\">18,5<\/td><td class=\"column-4\">6,8 - 26<\/td><td class=\"column-5\"><a href=\"http:\/\/www.neotec.cz\/ikaprocess\/wp-content\/uploads\/2017\/08\/Data_Sheet_Conical_Mixer_CM_1000.pdf\" target=\"_blank\"><img loading=\"lazy\" decoding=\"async\" class=\"alignleft wp-image-1108 size-full\" src=\"http:\/\/www.neotec.cz\/ikaprocess\/wp-content\/uploads\/2017\/06\/picPDF.png\" alt=\"picPDF\" width=\"32\" height=\"32\" \/><\/a><\/td>\n<\/tr>\n<tr class=\"row-10\">\n\t<td class=\"column-1\">Konick\u00e1 m\u00edcha\u010dka CM  2000<\/td><td class=\"column-2\">2000<\/td><td class=\"column-3\">30<\/td><td class=\"column-4\">5,6 - 21<\/td><td class=\"column-5\"><a href=\"http:\/\/www.neotec.cz\/ikaprocess\/wp-content\/uploads\/2017\/08\/Data_Sheet_Conical_Mixer_CM_2000.pdf\" target=\"_blank\"><img loading=\"lazy\" decoding=\"async\" class=\"alignleft wp-image-1108 size-full\" src=\"http:\/\/www.neotec.cz\/ikaprocess\/wp-content\/uploads\/2017\/06\/picPDF.png\" alt=\"picPDF\" width=\"32\" height=\"32\" \/><\/a><\/td>\n<\/tr>\n<tr class=\"row-11\">\n\t<td class=\"column-1\">Konick\u00e1 m\u00edcha\u010dka CM  4000<\/td><td class=\"column-2\">4000<\/td><td class=\"column-3\">37<\/td><td class=\"column-4\">4,8 - 18<\/td><td class=\"column-5\"><a href=\"http:\/\/www.neotec.cz\/ikaprocess\/wp-content\/uploads\/2017\/08\/Data_Sheet_Conical_Mixer_CM_4000.pdf\" target=\"_blank\"><img loading=\"lazy\" decoding=\"async\" class=\"alignleft wp-image-1108 size-full\" src=\"http:\/\/www.neotec.cz\/ikaprocess\/wp-content\/uploads\/2017\/06\/picPDF.png\" alt=\"picPDF\" width=\"32\" height=\"32\" \/><\/a><\/td>\n<\/tr>\n<\/tbody>\n<\/table>\n<!-- #tablepress-26 from cache -->\n<\/div>\n<\/div><\/div><\/div><\/div><div id=\"pg-2390-3\"  class=\"panel-grid panel-no-style\" ><div id=\"pgc-2390-3-0\"  class=\"panel-grid-cell\" ><div id=\"panel-2390-3-0-0\" class=\"so-panel widget widget_sow-editor panel-first-child panel-last-child\" data-index=\"4\" ><div\n\t\t\t\n\t\t\tclass=\"so-widget-sow-editor so-widget-sow-editor-base\"\n\t\t\t\n\t\t><h3 class=\"widget-title\">Video<\/h3>\n<div class=\"siteorigin-widget-tinymce textwidget\">\n\t<iframe loading=\"lazy\"  style=\"display: block; margin: 0px auto;\"  id=\"_ytid_19532\"  width=\"720\" height=\"405\"  data-origwidth=\"720\" data-origheight=\"405\" src=\"https:\/\/www.youtube.com\/embed\/WR35s8jm1JI?enablejsapi=1&autoplay=0&cc_load_policy=0&cc_lang_pref=&iv_load_policy=1&loop=0&modestbranding=0&rel=0&fs=1&playsinline=0&autohide=2&hl=cs_CZ&theme=dark&color=red&controls=1&\" class=\"__youtube_prefs__  no-lazyload\" title=\"YouTube player\"  allow=\"fullscreen; accelerometer; autoplay; clipboard-write; encrypted-media; gyroscope; picture-in-picture\" allowfullscreen data-no-lazy=\"1\" data-skipgform_ajax_framebjll=\"\"><\/iframe>\n<\/div>\n<\/div><\/div><\/div><\/div><div id=\"pg-2390-4\"  class=\"panel-grid panel-no-style\" ><div id=\"pgc-2390-4-0\"  class=\"panel-grid-cell\" ><div id=\"panel-2390-4-0-0\" class=\"so-panel widget widget_sow-editor panel-first-child panel-last-child\" data-index=\"5\" ><div\n\t\t\t\n\t\t\tclass=\"so-widget-sow-editor so-widget-sow-editor-base\"\n\t\t\t\n\t\t><h3 class=\"widget-title\">Ke sta\u017een\u00ed<\/h3>\n<div class=\"siteorigin-widget-tinymce textwidget\">\n\t<p><a href=\"http:\/\/www.neotec.cz\/ikaprocess\/wp-content\/uploads\/2017\/07\/Flyer_ConicalMixer_ConicalDryer.pdf\" target=\"_blank\" rel=\"\">K\u00f3nick\u00e1 m\u00edcha\u010dka \/ su\u0161i\u010dka (EN)<\/a><a href=\"http:\/\/www.neotec.cz\/ikaprocess\/wp-content\/uploads\/2017\/07\/Flyer_ConicalMixer_ConicalDryer.pdf\" target=\"_blank\"><img loading=\"lazy\" decoding=\"async\" class=\"alignleft wp-image-1108 size-full\" src=\"http:\/\/www.neotec.cz\/zund\/wp-content\/uploads\/2016\/02\/picPDF.png\" alt=\"picPDF\" width=\"32\" height=\"32\" \/><\/a><\/p>\n<\/div>\n<\/div><\/div><\/div><\/div><\/div>","protected":false},"excerpt":{"rendered":"<p>IKA Conical Mixers type CM enable a gentle and efficient mixing of bulk materials. The Conical Mixers are suitable for mixing all free-flowing solids, including products with different bulk densities. Products are gently mixed with a specially designed spiral agitator. Because the agitator is over-mounted in the vessel cover, no shaft seals come in contact [&hellip;]<\/p>\n","protected":false},"author":1,"featured_media":0,"parent":0,"menu_order":0,"comment_status":"closed","ping_status":"closed","template":"templates\/template-full-notitle.php","meta":{"footnotes":""},"class_list":["post-2390","page","type-page","status-publish","hentry","post"],"yoast_head":"<!-- This site is optimized with the Yoast SEO plugin v24.2 - https:\/\/yoast.com\/wordpress\/plugins\/seo\/ -->\n<title>K\u00f3nick\u00e1 m\u00edcha\u010dka CM - NEOTEC, spol. s r.o. - procesn\u00ed technologie firmy IKA<\/title>\n<meta name=\"description\" content=\"NEOTEC - zam\u011b\u0159en\u00ed: V\u00fdhradn\u00ed zastoupen\u00ed firmy IKA pro \u010cR.\" \/>\n<meta name=\"robots\" content=\"index, follow, max-snippet:-1, max-image-preview:large, max-video-preview:-1\" \/>\n<link rel=\"canonical\" href=\"https:\/\/www.neotec.cz\/ikaprocess\/conical-mixer-cm\/\" \/>\n<meta property=\"og:locale\" content=\"cs_CZ\" \/>\n<meta property=\"og:type\" content=\"article\" \/>\n<meta property=\"og:title\" content=\"K\u00f3nick\u00e1 m\u00edcha\u010dka CM - NEOTEC, spol. s r.o. - procesn\u00ed technologie firmy IKA\" \/>\n<meta property=\"og:description\" content=\"NEOTEC - zam\u011b\u0159en\u00ed: V\u00fdhradn\u00ed zastoupen\u00ed firmy IKA pro \u010cR.\" \/>\n<meta property=\"og:url\" content=\"https:\/\/www.neotec.cz\/ikaprocess\/conical-mixer-cm\/\" \/>\n<meta property=\"og:site_name\" content=\"NEOTEC, spol. s r.o. - procesn\u00ed technologie firmy IKA\" \/>\n<meta property=\"article:modified_time\" content=\"2017-08-11T08:44:45+00:00\" \/>\n<meta property=\"og:image\" content=\"http:\/\/www.neotec.cz\/ikaprocess\/wp-content\/uploads\/2017\/08\/CM_main_ds_all_sizes_a-300x300.jpg\" \/>\n<meta name=\"twitter:card\" content=\"summary_large_image\" \/>\n<meta name=\"twitter:label1\" content=\"Odhadovan\u00e1 doba \u010dten\u00ed\" \/>\n\t<meta name=\"twitter:data1\" content=\"2 minuty\" \/>\n<script type=\"application\/ld+json\" class=\"yoast-schema-graph\">{\"@context\":\"https:\/\/schema.org\",\"@graph\":[{\"@type\":\"WebPage\",\"@id\":\"https:\/\/www.neotec.cz\/ikaprocess\/conical-mixer-cm\/\",\"url\":\"https:\/\/www.neotec.cz\/ikaprocess\/conical-mixer-cm\/\",\"name\":\"K\u00f3nick\u00e1 m\u00edcha\u010dka CM - NEOTEC, spol. s r.o. - procesn\u00ed technologie firmy IKA\",\"isPartOf\":{\"@id\":\"https:\/\/www.neotec.cz\/ikaprocess\/#website\"},\"primaryImageOfPage\":{\"@id\":\"https:\/\/www.neotec.cz\/ikaprocess\/conical-mixer-cm\/#primaryimage\"},\"image\":{\"@id\":\"https:\/\/www.neotec.cz\/ikaprocess\/conical-mixer-cm\/#primaryimage\"},\"thumbnailUrl\":\"http:\/\/www.neotec.cz\/ikaprocess\/wp-content\/uploads\/2017\/08\/CM_main_ds_all_sizes_a-300x300.jpg\",\"datePublished\":\"2017-08-11T08:43:25+00:00\",\"dateModified\":\"2017-08-11T08:44:45+00:00\",\"description\":\"NEOTEC - zam\u011b\u0159en\u00ed: V\u00fdhradn\u00ed zastoupen\u00ed firmy IKA pro \u010cR.\",\"breadcrumb\":{\"@id\":\"https:\/\/www.neotec.cz\/ikaprocess\/conical-mixer-cm\/#breadcrumb\"},\"inLanguage\":\"cs\",\"potentialAction\":[{\"@type\":\"ReadAction\",\"target\":[\"https:\/\/www.neotec.cz\/ikaprocess\/conical-mixer-cm\/\"]}]},{\"@type\":\"ImageObject\",\"inLanguage\":\"cs\",\"@id\":\"https:\/\/www.neotec.cz\/ikaprocess\/conical-mixer-cm\/#primaryimage\",\"url\":\"http:\/\/www.neotec.cz\/ikaprocess\/wp-content\/uploads\/2017\/08\/CM_main_ds_all_sizes_a-300x300.jpg\",\"contentUrl\":\"http:\/\/www.neotec.cz\/ikaprocess\/wp-content\/uploads\/2017\/08\/CM_main_ds_all_sizes_a-300x300.jpg\"},{\"@type\":\"BreadcrumbList\",\"@id\":\"https:\/\/www.neotec.cz\/ikaprocess\/conical-mixer-cm\/#breadcrumb\",\"itemListElement\":[{\"@type\":\"ListItem\",\"position\":1,\"name\":\"Dom\u016f\",\"item\":\"https:\/\/www.neotec.cz\/ikaprocess\/\"},{\"@type\":\"ListItem\",\"position\":2,\"name\":\"K\u00f3nick\u00e1 m\u00edcha\u010dka CM\"}]},{\"@type\":\"WebSite\",\"@id\":\"https:\/\/www.neotec.cz\/ikaprocess\/#website\",\"url\":\"https:\/\/www.neotec.cz\/ikaprocess\/\",\"name\":\"NEOTEC, spol. s r.o. - procesn\u00ed technologie firmy IKA\",\"description\":\"NEOTEC - v\u00fdhradn\u00ed zastoupen\u00ed firmy IKA pro \u010cR - procesn\u00ed technologie a laboratorn\u00ed technika.\",\"potentialAction\":[{\"@type\":\"SearchAction\",\"target\":{\"@type\":\"EntryPoint\",\"urlTemplate\":\"https:\/\/www.neotec.cz\/ikaprocess\/?s={search_term_string}\"},\"query-input\":{\"@type\":\"PropertyValueSpecification\",\"valueRequired\":true,\"valueName\":\"search_term_string\"}}],\"inLanguage\":\"cs\"}]}<\/script>\n<!-- \/ Yoast SEO plugin. -->","yoast_head_json":{"title":"K\u00f3nick\u00e1 m\u00edcha\u010dka CM - NEOTEC, spol. s r.o. - procesn\u00ed technologie firmy IKA","description":"NEOTEC - zam\u011b\u0159en\u00ed: V\u00fdhradn\u00ed zastoupen\u00ed firmy IKA pro \u010cR.","robots":{"index":"index","follow":"follow","max-snippet":"max-snippet:-1","max-image-preview":"max-image-preview:large","max-video-preview":"max-video-preview:-1"},"canonical":"https:\/\/www.neotec.cz\/ikaprocess\/conical-mixer-cm\/","og_locale":"cs_CZ","og_type":"article","og_title":"K\u00f3nick\u00e1 m\u00edcha\u010dka CM - NEOTEC, spol. s r.o. - procesn\u00ed technologie firmy IKA","og_description":"NEOTEC - zam\u011b\u0159en\u00ed: V\u00fdhradn\u00ed zastoupen\u00ed firmy IKA pro \u010cR.","og_url":"https:\/\/www.neotec.cz\/ikaprocess\/conical-mixer-cm\/","og_site_name":"NEOTEC, spol. s r.o. - procesn\u00ed technologie firmy IKA","article_modified_time":"2017-08-11T08:44:45+00:00","og_image":[{"url":"http:\/\/www.neotec.cz\/ikaprocess\/wp-content\/uploads\/2017\/08\/CM_main_ds_all_sizes_a-300x300.jpg","type":"","width":"","height":""}],"twitter_card":"summary_large_image","twitter_misc":{"Odhadovan\u00e1 doba \u010dten\u00ed":"2 minuty"},"schema":{"@context":"https:\/\/schema.org","@graph":[{"@type":"WebPage","@id":"https:\/\/www.neotec.cz\/ikaprocess\/conical-mixer-cm\/","url":"https:\/\/www.neotec.cz\/ikaprocess\/conical-mixer-cm\/","name":"K\u00f3nick\u00e1 m\u00edcha\u010dka CM - NEOTEC, spol. s r.o. - procesn\u00ed technologie firmy IKA","isPartOf":{"@id":"https:\/\/www.neotec.cz\/ikaprocess\/#website"},"primaryImageOfPage":{"@id":"https:\/\/www.neotec.cz\/ikaprocess\/conical-mixer-cm\/#primaryimage"},"image":{"@id":"https:\/\/www.neotec.cz\/ikaprocess\/conical-mixer-cm\/#primaryimage"},"thumbnailUrl":"http:\/\/www.neotec.cz\/ikaprocess\/wp-content\/uploads\/2017\/08\/CM_main_ds_all_sizes_a-300x300.jpg","datePublished":"2017-08-11T08:43:25+00:00","dateModified":"2017-08-11T08:44:45+00:00","description":"NEOTEC - zam\u011b\u0159en\u00ed: V\u00fdhradn\u00ed zastoupen\u00ed firmy IKA pro \u010cR.","breadcrumb":{"@id":"https:\/\/www.neotec.cz\/ikaprocess\/conical-mixer-cm\/#breadcrumb"},"inLanguage":"cs","potentialAction":[{"@type":"ReadAction","target":["https:\/\/www.neotec.cz\/ikaprocess\/conical-mixer-cm\/"]}]},{"@type":"ImageObject","inLanguage":"cs","@id":"https:\/\/www.neotec.cz\/ikaprocess\/conical-mixer-cm\/#primaryimage","url":"http:\/\/www.neotec.cz\/ikaprocess\/wp-content\/uploads\/2017\/08\/CM_main_ds_all_sizes_a-300x300.jpg","contentUrl":"http:\/\/www.neotec.cz\/ikaprocess\/wp-content\/uploads\/2017\/08\/CM_main_ds_all_sizes_a-300x300.jpg"},{"@type":"BreadcrumbList","@id":"https:\/\/www.neotec.cz\/ikaprocess\/conical-mixer-cm\/#breadcrumb","itemListElement":[{"@type":"ListItem","position":1,"name":"Dom\u016f","item":"https:\/\/www.neotec.cz\/ikaprocess\/"},{"@type":"ListItem","position":2,"name":"K\u00f3nick\u00e1 m\u00edcha\u010dka CM"}]},{"@type":"WebSite","@id":"https:\/\/www.neotec.cz\/ikaprocess\/#website","url":"https:\/\/www.neotec.cz\/ikaprocess\/","name":"NEOTEC, spol. s r.o. - procesn\u00ed technologie firmy IKA","description":"NEOTEC - v\u00fdhradn\u00ed zastoupen\u00ed firmy IKA pro \u010cR - procesn\u00ed technologie a laboratorn\u00ed technika.","potentialAction":[{"@type":"SearchAction","target":{"@type":"EntryPoint","urlTemplate":"https:\/\/www.neotec.cz\/ikaprocess\/?s={search_term_string}"},"query-input":{"@type":"PropertyValueSpecification","valueRequired":true,"valueName":"search_term_string"}}],"inLanguage":"cs"}]}},"_links":{"self":[{"href":"https:\/\/www.neotec.cz\/ikaprocess\/wp-json\/wp\/v2\/pages\/2390","targetHints":{"allow":["GET"]}}],"collection":[{"href":"https:\/\/www.neotec.cz\/ikaprocess\/wp-json\/wp\/v2\/pages"}],"about":[{"href":"https:\/\/www.neotec.cz\/ikaprocess\/wp-json\/wp\/v2\/types\/page"}],"author":[{"embeddable":true,"href":"https:\/\/www.neotec.cz\/ikaprocess\/wp-json\/wp\/v2\/users\/1"}],"replies":[{"embeddable":true,"href":"https:\/\/www.neotec.cz\/ikaprocess\/wp-json\/wp\/v2\/comments?post=2390"}],"version-history":[{"count":3,"href":"https:\/\/www.neotec.cz\/ikaprocess\/wp-json\/wp\/v2\/pages\/2390\/revisions"}],"predecessor-version":[{"id":2393,"href":"https:\/\/www.neotec.cz\/ikaprocess\/wp-json\/wp\/v2\/pages\/2390\/revisions\/2393"}],"wp:attachment":[{"href":"https:\/\/www.neotec.cz\/ikaprocess\/wp-json\/wp\/v2\/media?parent=2390"}],"curies":[{"name":"wp","href":"https:\/\/api.w.org\/{rel}","templated":true}]}}