{"id":2410,"date":"2017-08-17T15:01:38","date_gmt":"2017-08-17T14:01:38","guid":{"rendered":"http:\/\/www.neotec.cz\/ikaprocess\/?page_id=2410"},"modified":"2017-08-17T15:07:48","modified_gmt":"2017-08-17T14:07:48","slug":"magic-lab","status":"publish","type":"page","link":"https:\/\/www.neotec.cz\/ikaprocess\/magic-lab\/","title":{"rendered":"magic LAB"},"content":{"rendered":"<div id=\"pl-2410\"  class=\"panel-layout\" ><div id=\"pg-2410-0\"  class=\"panel-grid panel-no-style\" ><div id=\"pgc-2410-0-0\"  class=\"panel-grid-cell\" ><div id=\"panel-2410-0-0-0\" class=\"so-panel widget widget_sow-editor panel-first-child panel-last-child\" data-index=\"0\" ><div\n\t\t\t\n\t\t\tclass=\"so-widget-sow-editor so-widget-sow-editor-base\"\n\t\t\t\n\t\t><h3 class=\"widget-title\">magic LAB<\/h3>\n<div class=\"siteorigin-widget-tinymce textwidget\">\n\t<p>The magic LAB\u00ae is a unique and multi-functional small-scale laboratory machine. It is designed for mixing, dispersing, wet milling and incorporation of powders into liquids. The magic LAB\u00ae is most frequently used for the development of new products or for optimizing of existing process techniques, particularly in the chemical, cosmetic, pharmaceutical and food industries. It is an ideal machine for continuous, circulating and batch processing with interchangeable modules. Many work parameters of the magic LAB\u00ae are identical to those of the IKA 2000 inline production machines: UTL, DR, CMS, MHD, MK and MKO. Therefore, the magic LAB\u00ae ensures a reliable scale-up by offering the possibility to work with the same method from formulation development to mass production.<\/p>\n<p>The basic in-line machine is equipped with the single-stage dispersing module ULTRA-TURRAX\u00ae UTL. It is best suited for batch applications and can be adapted for the manufacturing of dispersions from coarse to fine. Compared to a conventional stirrer, the mixing time is reduced by up to 50%.<\/p>\n<p>Depending on the application, the basic unit can be modified quickly with different working modules.<\/p>\n<p>\u00a0<\/p>\n<\/div>\n<\/div><\/div><\/div><\/div><div id=\"pg-2410-1\"  class=\"panel-grid panel-no-style\" ><div id=\"pgc-2410-1-0\"  class=\"panel-grid-cell\" ><div id=\"panel-2410-1-0-0\" class=\"so-panel widget widget_sow-image panel-first-child panel-last-child\" data-index=\"1\" ><div\n\t\t\t\n\t\t\tclass=\"so-widget-sow-image so-widget-sow-image-default-3a2476c0e107-2410\"\n\t\t\t\n\t\t>\n\n<div class=\"sow-image-container\">\n\t\t<img loading=\"lazy\" decoding=\"async\" src=\"https:\/\/www.neotec.cz\/ikaprocess\/wp-content\/uploads\/2017\/08\/ML_main_a-300x300.jpg\" width=\"300\" height=\"300\" srcset=\"https:\/\/www.neotec.cz\/ikaprocess\/wp-content\/uploads\/2017\/08\/ML_main_a-300x300.jpg 300w, https:\/\/www.neotec.cz\/ikaprocess\/wp-content\/uploads\/2017\/08\/ML_main_a-150x150.jpg 150w, https:\/\/www.neotec.cz\/ikaprocess\/wp-content\/uploads\/2017\/08\/ML_main_a.jpg 700w\" sizes=\"auto, (max-width: 300px) 100vw, 300px\" alt=\"\" \t\tclass=\"so-widget-image\"\/>\n\t<\/div>\n\n<\/div><\/div><\/div><div id=\"pgc-2410-1-1\"  class=\"panel-grid-cell\" ><div id=\"panel-2410-1-1-0\" class=\"so-panel widget widget_sow-image panel-first-child panel-last-child\" data-index=\"2\" ><div\n\t\t\t\n\t\t\tclass=\"so-widget-sow-image so-widget-sow-image-default-3a2476c0e107-2410\"\n\t\t\t\n\t\t>\n\n<div class=\"sow-image-container\">\n\t\t<img loading=\"lazy\" decoding=\"async\" src=\"https:\/\/www.neotec.cz\/ikaprocess\/wp-content\/uploads\/2017\/08\/ML_altern_3_a-300x300.jpg\" width=\"300\" height=\"300\" srcset=\"https:\/\/www.neotec.cz\/ikaprocess\/wp-content\/uploads\/2017\/08\/ML_altern_3_a-300x300.jpg 300w, https:\/\/www.neotec.cz\/ikaprocess\/wp-content\/uploads\/2017\/08\/ML_altern_3_a-150x150.jpg 150w, https:\/\/www.neotec.cz\/ikaprocess\/wp-content\/uploads\/2017\/08\/ML_altern_3_a.jpg 700w\" sizes=\"auto, (max-width: 300px) 100vw, 300px\" alt=\"\" \t\tclass=\"so-widget-image\"\/>\n\t<\/div>\n\n<\/div><\/div><\/div><div id=\"pgc-2410-1-2\"  class=\"panel-grid-cell\" ><div id=\"panel-2410-1-2-0\" class=\"so-panel widget widget_sow-image panel-first-child panel-last-child\" data-index=\"3\" ><div\n\t\t\t\n\t\t\tclass=\"so-widget-sow-image so-widget-sow-image-default-3a2476c0e107-2410\"\n\t\t\t\n\t\t>\n\n<div class=\"sow-image-container\">\n\t\t<img loading=\"lazy\" decoding=\"async\" src=\"https:\/\/www.neotec.cz\/ikaprocess\/wp-content\/uploads\/2017\/08\/ML_altern_1_a-300x300.jpg\" width=\"300\" height=\"300\" srcset=\"https:\/\/www.neotec.cz\/ikaprocess\/wp-content\/uploads\/2017\/08\/ML_altern_1_a-300x300.jpg 300w, https:\/\/www.neotec.cz\/ikaprocess\/wp-content\/uploads\/2017\/08\/ML_altern_1_a-150x150.jpg 150w, https:\/\/www.neotec.cz\/ikaprocess\/wp-content\/uploads\/2017\/08\/ML_altern_1_a.jpg 700w\" sizes=\"auto, (max-width: 300px) 100vw, 300px\" alt=\"\" \t\tclass=\"so-widget-image\"\/>\n\t<\/div>\n\n<\/div><\/div><\/div><\/div><div id=\"pg-2410-2\"  class=\"panel-grid panel-no-style\" ><div id=\"pgc-2410-2-0\"  class=\"panel-grid-cell\" ><div id=\"panel-2410-2-0-0\" class=\"so-panel widget widget_sow-editor panel-first-child panel-last-child\" data-index=\"4\" ><div\n\t\t\t\n\t\t\tclass=\"so-widget-sow-editor so-widget-sow-editor-base\"\n\t\t\t\n\t\t>\n<div class=\"siteorigin-widget-tinymce textwidget\">\n\t\n<table id=\"tablepress-27\" class=\"tablepress tablepress-id-27\">\n<thead>\n<tr class=\"row-1\">\n\t<th colspan=\"5\" class=\"column-1\">Technick\u00e9 parametry<\/th>\n<\/tr>\n<\/thead>\n<tbody class=\"row-striping row-hover\">\n<tr class=\"row-2\">\n\t<td class=\"column-1\"><b>Typ<\/b><\/td><td class=\"column-2\"><b>V\u00fdkon motoru (kW)<\/b><\/td><td class=\"column-3\"><b>Max. tlak zpracov\u00e1n\u00ed (bar)<\/b> <\/td><td class=\"column-4\"><b>Max. teplota zpracov\u00e1n\u00ed (\u00b0C)<\/b><\/td><td class=\"column-5\"><b>Technick\u00fd list (EN)<\/b><\/td>\n<\/tr>\n<tr class=\"row-3\">\n\t<td class=\"column-1\">magic LAB\u00ae s UTL modulem<\/td><td class=\"column-2\">0,9<\/td><td class=\"column-3\">2,5<\/td><td class=\"column-4\">80<\/td><td class=\"column-5\"><a href=\"http:\/\/www.neotec.cz\/ikaprocess\/wp-content\/uploads\/2017\/08\/magicLAB-UTL-drw.pdf\" target=\"_blank\"><img loading=\"lazy\" decoding=\"async\" class=\"alignleft wp-image-1108 size-full\" src=\"http:\/\/www.neotec.cz\/ikaprocess\/wp-content\/uploads\/2017\/06\/picPDF.png\" alt=\"picPDF\" width=\"32\" height=\"32\" \/><\/a><\/td>\n<\/tr>\n<\/tbody>\n<\/table>\n<!-- #tablepress-27 from cache -->\n<\/div>\n<\/div><\/div><\/div><\/div><div id=\"pg-2410-3\"  class=\"panel-grid panel-no-style\" ><div id=\"pgc-2410-3-0\"  class=\"panel-grid-cell\" ><div id=\"panel-2410-3-0-0\" class=\"so-panel widget widget_sow-editor panel-first-child panel-last-child\" data-index=\"5\" ><div\n\t\t\t\n\t\t\tclass=\"so-widget-sow-editor so-widget-sow-editor-base\"\n\t\t\t\n\t\t><h3 class=\"widget-title\">Ke sta\u017een\u00ed<\/h3>\n<div class=\"siteorigin-widget-tinymce textwidget\">\n\t<p><a href=\"http:\/\/www.neotec.cz\/ikaprocess\/wp-content\/uploads\/2017\/08\/20161213_magic_LAB_brochure_IWS_EN_94000211_screen.pdf\" target=\"_blank\" rel=\"\">magic LAB (EN)<\/a><a href=\"http:\/\/www.neotec.cz\/ikaprocess\/wp-content\/uploads\/2017\/08\/20161213_magic_LAB_brochure_IWS_EN_94000211_screen.pdf\" target=\"_blank\"><img loading=\"lazy\" decoding=\"async\" class=\"alignleft wp-image-1108 size-full\" src=\"http:\/\/www.neotec.cz\/zund\/wp-content\/uploads\/2016\/02\/picPDF.png\" alt=\"picPDF\" width=\"32\" height=\"32\" \/><\/a><br \/>\n&nbsp;<br \/>\n<a href=\"http:\/\/www.neotec.cz\/ikaprocess\/wp-content\/uploads\/2017\/08\/20141120_IKA_Pilots_IWS_EN_wop_web_single.pdf\" target=\"_blank\" rel=\"\">V\u00fdvojov\u00e1 a poloprovozn\u00ed za\u0159\u00edzen\u00ed (EN)<\/a><a href=\"http:\/\/www.neotec.cz\/ikaprocess\/wp-content\/uploads\/2017\/08\/20141120_IKA_Pilots_IWS_EN_wop_web_single.pdf\" target=\"_blank\"><img loading=\"lazy\" decoding=\"async\" class=\"alignleft wp-image-1108 size-full\" src=\"http:\/\/www.neotec.cz\/zund\/wp-content\/uploads\/2016\/02\/picPDF.png\" alt=\"picPDF\" width=\"32\" height=\"32\" \/><\/a><br \/>\n&nbsp;<br \/>\n<a href=\"http:\/\/www.neotec.cz\/ikaprocess\/wp-content\/uploads\/2017\/06\/Process_Technology_IWS_EN_94000172_web.pdf\" target=\"_blank\" rel=\"\">Procesn\u00ed technologie (EN)<\/a><a href=\"http:\/\/www.neotec.cz\/ikaprocess\/wp-content\/uploads\/2017\/06\/Process_Technology_IWS_EN_94000172_web.pdf\" target=\"_blank\"><img loading=\"lazy\" decoding=\"async\" class=\"alignleft wp-image-1108 size-full\" src=\"http:\/\/www.neotec.cz\/zund\/wp-content\/uploads\/2016\/02\/picPDF.png\" alt=\"picPDF\" width=\"32\" height=\"32\" \/><\/a><br \/>\n&nbsp;<br \/>\n<a href=\"http:\/\/www.neotec.cz\/ikaprocess\/wp-content\/uploads\/2017\/07\/Plants_Brochure_IWS_EN_94000179_screen.pdf\" target=\"_blank\" rel=\"\">V\u00fdrobn\u00ed za\u0159\u00edzen\u00ed (EN)<\/a><a href=\"http:\/\/www.neotec.cz\/ikaprocess\/wp-content\/uploads\/2017\/07\/Plants_Brochure_IWS_EN_94000179_screen.pdf\" target=\"_blank\"><img loading=\"lazy\" decoding=\"async\" class=\"alignleft wp-image-1108 size-full\" src=\"http:\/\/www.neotec.cz\/zund\/wp-content\/uploads\/2016\/02\/picPDF.png\" alt=\"picPDF\" width=\"32\" height=\"32\" \/><\/a><\/p>\n<\/div>\n<\/div><\/div><\/div><\/div><\/div>","protected":false},"excerpt":{"rendered":"<p>The magic LAB\u00ae is a unique and multi-functional small-scale laboratory machine. It is designed for mixing, dispersing, wet milling and incorporation of powders into liquids. The magic LAB\u00ae is most frequently used for the development of new products or for optimizing of existing process techniques, particularly in the chemical, cosmetic, pharmaceutical and food industries. It [&hellip;]<\/p>\n","protected":false},"author":1,"featured_media":0,"parent":0,"menu_order":0,"comment_status":"closed","ping_status":"closed","template":"templates\/template-full-notitle.php","meta":{"footnotes":""},"class_list":["post-2410","page","type-page","status-publish","hentry","post"],"yoast_head":"<!-- This site is optimized with the Yoast SEO plugin v24.2 - https:\/\/yoast.com\/wordpress\/plugins\/seo\/ -->\n<title>magic LAB - NEOTEC, spol. s r.o. - procesn\u00ed technologie firmy IKA<\/title>\n<meta name=\"description\" content=\"NEOTEC - zam\u011b\u0159en\u00ed: V\u00fdhradn\u00ed zastoupen\u00ed firmy IKA pro \u010cR.\" \/>\n<meta name=\"robots\" content=\"index, follow, max-snippet:-1, max-image-preview:large, max-video-preview:-1\" \/>\n<link rel=\"canonical\" href=\"https:\/\/www.neotec.cz\/ikaprocess\/magic-lab\/\" \/>\n<meta property=\"og:locale\" content=\"cs_CZ\" \/>\n<meta property=\"og:type\" content=\"article\" \/>\n<meta property=\"og:title\" content=\"magic LAB - NEOTEC, spol. s r.o. - procesn\u00ed technologie firmy IKA\" \/>\n<meta property=\"og:description\" content=\"NEOTEC - zam\u011b\u0159en\u00ed: V\u00fdhradn\u00ed zastoupen\u00ed firmy IKA pro \u010cR.\" \/>\n<meta property=\"og:url\" content=\"https:\/\/www.neotec.cz\/ikaprocess\/magic-lab\/\" \/>\n<meta property=\"og:site_name\" content=\"NEOTEC, spol. s r.o. - procesn\u00ed technologie firmy IKA\" \/>\n<meta property=\"article:modified_time\" content=\"2017-08-17T14:07:48+00:00\" \/>\n<meta property=\"og:image\" content=\"http:\/\/www.neotec.cz\/ikaprocess\/wp-content\/uploads\/2017\/08\/ML_main_a-300x300.jpg\" \/>\n<meta name=\"twitter:card\" content=\"summary_large_image\" \/>\n<meta name=\"twitter:label1\" content=\"Odhadovan\u00e1 doba \u010dten\u00ed\" \/>\n\t<meta name=\"twitter:data1\" content=\"1 minuta\" \/>\n<script type=\"application\/ld+json\" class=\"yoast-schema-graph\">{\"@context\":\"https:\/\/schema.org\",\"@graph\":[{\"@type\":\"WebPage\",\"@id\":\"https:\/\/www.neotec.cz\/ikaprocess\/magic-lab\/\",\"url\":\"https:\/\/www.neotec.cz\/ikaprocess\/magic-lab\/\",\"name\":\"magic LAB - NEOTEC, spol. s r.o. - procesn\u00ed technologie firmy IKA\",\"isPartOf\":{\"@id\":\"https:\/\/www.neotec.cz\/ikaprocess\/#website\"},\"primaryImageOfPage\":{\"@id\":\"https:\/\/www.neotec.cz\/ikaprocess\/magic-lab\/#primaryimage\"},\"image\":{\"@id\":\"https:\/\/www.neotec.cz\/ikaprocess\/magic-lab\/#primaryimage\"},\"thumbnailUrl\":\"http:\/\/www.neotec.cz\/ikaprocess\/wp-content\/uploads\/2017\/08\/ML_main_a-300x300.jpg\",\"datePublished\":\"2017-08-17T14:01:38+00:00\",\"dateModified\":\"2017-08-17T14:07:48+00:00\",\"description\":\"NEOTEC - zam\u011b\u0159en\u00ed: V\u00fdhradn\u00ed zastoupen\u00ed firmy IKA pro \u010cR.\",\"breadcrumb\":{\"@id\":\"https:\/\/www.neotec.cz\/ikaprocess\/magic-lab\/#breadcrumb\"},\"inLanguage\":\"cs\",\"potentialAction\":[{\"@type\":\"ReadAction\",\"target\":[\"https:\/\/www.neotec.cz\/ikaprocess\/magic-lab\/\"]}]},{\"@type\":\"ImageObject\",\"inLanguage\":\"cs\",\"@id\":\"https:\/\/www.neotec.cz\/ikaprocess\/magic-lab\/#primaryimage\",\"url\":\"http:\/\/www.neotec.cz\/ikaprocess\/wp-content\/uploads\/2017\/08\/ML_main_a-300x300.jpg\",\"contentUrl\":\"http:\/\/www.neotec.cz\/ikaprocess\/wp-content\/uploads\/2017\/08\/ML_main_a-300x300.jpg\"},{\"@type\":\"BreadcrumbList\",\"@id\":\"https:\/\/www.neotec.cz\/ikaprocess\/magic-lab\/#breadcrumb\",\"itemListElement\":[{\"@type\":\"ListItem\",\"position\":1,\"name\":\"Dom\u016f\",\"item\":\"https:\/\/www.neotec.cz\/ikaprocess\/\"},{\"@type\":\"ListItem\",\"position\":2,\"name\":\"magic LAB\"}]},{\"@type\":\"WebSite\",\"@id\":\"https:\/\/www.neotec.cz\/ikaprocess\/#website\",\"url\":\"https:\/\/www.neotec.cz\/ikaprocess\/\",\"name\":\"NEOTEC, spol. s r.o. - procesn\u00ed technologie firmy IKA\",\"description\":\"NEOTEC - v\u00fdhradn\u00ed zastoupen\u00ed firmy IKA pro \u010cR - procesn\u00ed technologie a laboratorn\u00ed technika.\",\"potentialAction\":[{\"@type\":\"SearchAction\",\"target\":{\"@type\":\"EntryPoint\",\"urlTemplate\":\"https:\/\/www.neotec.cz\/ikaprocess\/?s={search_term_string}\"},\"query-input\":{\"@type\":\"PropertyValueSpecification\",\"valueRequired\":true,\"valueName\":\"search_term_string\"}}],\"inLanguage\":\"cs\"}]}<\/script>\n<!-- \/ Yoast SEO plugin. -->","yoast_head_json":{"title":"magic LAB - NEOTEC, spol. s r.o. - procesn\u00ed technologie firmy IKA","description":"NEOTEC - zam\u011b\u0159en\u00ed: V\u00fdhradn\u00ed zastoupen\u00ed firmy IKA pro \u010cR.","robots":{"index":"index","follow":"follow","max-snippet":"max-snippet:-1","max-image-preview":"max-image-preview:large","max-video-preview":"max-video-preview:-1"},"canonical":"https:\/\/www.neotec.cz\/ikaprocess\/magic-lab\/","og_locale":"cs_CZ","og_type":"article","og_title":"magic LAB - NEOTEC, spol. s r.o. - procesn\u00ed technologie firmy IKA","og_description":"NEOTEC - zam\u011b\u0159en\u00ed: V\u00fdhradn\u00ed zastoupen\u00ed firmy IKA pro \u010cR.","og_url":"https:\/\/www.neotec.cz\/ikaprocess\/magic-lab\/","og_site_name":"NEOTEC, spol. s r.o. - procesn\u00ed technologie firmy IKA","article_modified_time":"2017-08-17T14:07:48+00:00","og_image":[{"url":"http:\/\/www.neotec.cz\/ikaprocess\/wp-content\/uploads\/2017\/08\/ML_main_a-300x300.jpg","type":"","width":"","height":""}],"twitter_card":"summary_large_image","twitter_misc":{"Odhadovan\u00e1 doba \u010dten\u00ed":"1 minuta"},"schema":{"@context":"https:\/\/schema.org","@graph":[{"@type":"WebPage","@id":"https:\/\/www.neotec.cz\/ikaprocess\/magic-lab\/","url":"https:\/\/www.neotec.cz\/ikaprocess\/magic-lab\/","name":"magic LAB - NEOTEC, spol. s r.o. - procesn\u00ed technologie firmy IKA","isPartOf":{"@id":"https:\/\/www.neotec.cz\/ikaprocess\/#website"},"primaryImageOfPage":{"@id":"https:\/\/www.neotec.cz\/ikaprocess\/magic-lab\/#primaryimage"},"image":{"@id":"https:\/\/www.neotec.cz\/ikaprocess\/magic-lab\/#primaryimage"},"thumbnailUrl":"http:\/\/www.neotec.cz\/ikaprocess\/wp-content\/uploads\/2017\/08\/ML_main_a-300x300.jpg","datePublished":"2017-08-17T14:01:38+00:00","dateModified":"2017-08-17T14:07:48+00:00","description":"NEOTEC - zam\u011b\u0159en\u00ed: V\u00fdhradn\u00ed zastoupen\u00ed firmy IKA pro \u010cR.","breadcrumb":{"@id":"https:\/\/www.neotec.cz\/ikaprocess\/magic-lab\/#breadcrumb"},"inLanguage":"cs","potentialAction":[{"@type":"ReadAction","target":["https:\/\/www.neotec.cz\/ikaprocess\/magic-lab\/"]}]},{"@type":"ImageObject","inLanguage":"cs","@id":"https:\/\/www.neotec.cz\/ikaprocess\/magic-lab\/#primaryimage","url":"http:\/\/www.neotec.cz\/ikaprocess\/wp-content\/uploads\/2017\/08\/ML_main_a-300x300.jpg","contentUrl":"http:\/\/www.neotec.cz\/ikaprocess\/wp-content\/uploads\/2017\/08\/ML_main_a-300x300.jpg"},{"@type":"BreadcrumbList","@id":"https:\/\/www.neotec.cz\/ikaprocess\/magic-lab\/#breadcrumb","itemListElement":[{"@type":"ListItem","position":1,"name":"Dom\u016f","item":"https:\/\/www.neotec.cz\/ikaprocess\/"},{"@type":"ListItem","position":2,"name":"magic LAB"}]},{"@type":"WebSite","@id":"https:\/\/www.neotec.cz\/ikaprocess\/#website","url":"https:\/\/www.neotec.cz\/ikaprocess\/","name":"NEOTEC, spol. s r.o. - procesn\u00ed technologie firmy IKA","description":"NEOTEC - v\u00fdhradn\u00ed zastoupen\u00ed firmy IKA pro \u010cR - procesn\u00ed technologie a laboratorn\u00ed technika.","potentialAction":[{"@type":"SearchAction","target":{"@type":"EntryPoint","urlTemplate":"https:\/\/www.neotec.cz\/ikaprocess\/?s={search_term_string}"},"query-input":{"@type":"PropertyValueSpecification","valueRequired":true,"valueName":"search_term_string"}}],"inLanguage":"cs"}]}},"_links":{"self":[{"href":"https:\/\/www.neotec.cz\/ikaprocess\/wp-json\/wp\/v2\/pages\/2410","targetHints":{"allow":["GET"]}}],"collection":[{"href":"https:\/\/www.neotec.cz\/ikaprocess\/wp-json\/wp\/v2\/pages"}],"about":[{"href":"https:\/\/www.neotec.cz\/ikaprocess\/wp-json\/wp\/v2\/types\/page"}],"author":[{"embeddable":true,"href":"https:\/\/www.neotec.cz\/ikaprocess\/wp-json\/wp\/v2\/users\/1"}],"replies":[{"embeddable":true,"href":"https:\/\/www.neotec.cz\/ikaprocess\/wp-json\/wp\/v2\/comments?post=2410"}],"version-history":[{"count":6,"href":"https:\/\/www.neotec.cz\/ikaprocess\/wp-json\/wp\/v2\/pages\/2410\/revisions"}],"predecessor-version":[{"id":2416,"href":"https:\/\/www.neotec.cz\/ikaprocess\/wp-json\/wp\/v2\/pages\/2410\/revisions\/2416"}],"wp:attachment":[{"href":"https:\/\/www.neotec.cz\/ikaprocess\/wp-json\/wp\/v2\/media?parent=2410"}],"curies":[{"name":"wp","href":"https:\/\/api.w.org\/{rel}","templated":true}]}}