{"id":2447,"date":"2017-08-18T07:22:20","date_gmt":"2017-08-18T06:22:20","guid":{"rendered":"http:\/\/www.neotec.cz\/ikaprocess\/?page_id=2447"},"modified":"2017-08-18T11:33:24","modified_gmt":"2017-08-18T10:33:24","slug":"magic-plant","status":"publish","type":"page","link":"https:\/\/www.neotec.cz\/ikaprocess\/magic-plant\/","title":{"rendered":"magic PLANT"},"content":{"rendered":"<div id=\"pl-2447\"  class=\"panel-layout\" ><div id=\"pg-2447-0\"  class=\"panel-grid panel-no-style\" ><div id=\"pgc-2447-0-0\"  class=\"panel-grid-cell\" ><div id=\"panel-2447-0-0-0\" class=\"so-panel widget widget_sow-editor panel-first-child panel-last-child\" data-index=\"0\" ><div\n\t\t\t\n\t\t\tclass=\"so-widget-sow-editor so-widget-sow-editor-base\"\n\t\t\t\n\t\t><h3 class=\"widget-title\">magic PLANT<\/h3>\n<div class=\"siteorigin-widget-tinymce textwidget\">\n\t<p>The IKA magic PLANT is a laboratory scale process plant for batch wise mixing and emulsifying of low viscous masses up to masses just about capable of flowing. The magic PLANT can be used for a great variety of applications. It is especially suited for processing of products from the cosmetics, food and pharmaceutical industries. <\/p>\n<p> The magic PLANT is characterized by the following procedural advantages:<\/p>\n<ul>\n<li>high processable product viscosities<\/li>\n<li>processing of very small quantities<\/li>\n<li>better heat transfer from the heating\/cooling medium to the product<\/li>\n<li>adjustable intensity of the mixing\/dispersing effect<\/li>\n<li>to be used as batch-, inline- or powder processing plant<\/li>\n<\/ul>\n<p>The main advantages of the magic PLANT are its modular design, the integration of several functions with the magic LAB\u00ae or the ULTRA-TURRAX\u00ae UTC T25 and the standardizing of components. It can be delivered in the following three configurations: <\/p>\n<p><b>magic PLANT - basic<\/b> <br \/> The magic PLANT basic can be used for a wide range of products to be mixed. <br \/> The single components of the product are brought together in the mixing vessel where they are mixed with each other. Depending on quantity and requirements of the process the different components are added to the mixing process via the opened cover or via a dosing socket in the cover. Due to the conical bottom of the vessel it is possible to treat even smallest quantities. <\/p>\n<p> The double jacket of the vessel can be heated for a very effective heating of the mixing product. <\/p>\n<p> The centrally arranged stirrer is the only mixing tool in the vessel. Wipers are used depending on the type of stirrer. <\/p>\n<p> Emptying of the vessel is done via the bottom outlet valve. Nevertheless, the vessel can also be tilted or completely removed. <\/p>\n<p><b>magic PLANT - inline<\/b> <br \/> The magic PLANT inline is equipped with an effective and versatile dispersing machine type IKA\u00ae magic LAB\u00ae with a single or three stage rotor\/stator system, flanged to the bottom of the vessel. It is specially adapted to the requirements of batch plants. An effective dispersing\/homogenizing is realized by recirculation over the external circulation loop.\u00a0<\/p>\n<p>These are the most important functions of this machine:<\/p>\n<ul>\n<li>Creation of turbulences in the lower part of the mixing vessel to avoid sedimentation of the mixing product and the possibility of treating very small quantities<\/li>\n<li>Recirculation of the product with shearing, i.e. pumping with the dispersing stage<\/li>\n<li>Recirculation of the product with high shear, i.e. pumping with the dispersing stage at increased speed<\/li>\n<\/ul>\n<p><b>magic PLANT - powder<\/b> <br \/> The magic PLANT powder serves for efficient but gentle mixing and drying of all free flowing solids, including products with different bulk densities and particle sizes. <br \/> Mixing is done by means of a special spiral agitator, intensively mixing the product in radial and tangential directions. <\/p>\n<p> The possibility to incline the position of the vessel cares for optimum drying of various humid solids of different free flowing behaviour as well as different bulk densities at uniform humidity and temperature distribution in the whole product area.<\/p>\n<p>\u00a0<\/p>\n<\/div>\n<\/div><\/div><\/div><\/div><div id=\"pg-2447-1\"  class=\"panel-grid panel-no-style\" ><div id=\"pgc-2447-1-0\"  class=\"panel-grid-cell\" ><div id=\"panel-2447-1-0-0\" class=\"so-panel widget widget_sow-image panel-first-child panel-last-child\" data-index=\"1\" ><div\n\t\t\t\n\t\t\tclass=\"so-widget-sow-image so-widget-sow-image-default-3a2476c0e107-2447\"\n\t\t\t\n\t\t>\n\n<div class=\"sow-image-container\">\n\t\t<img loading=\"lazy\" decoding=\"async\" src=\"https:\/\/www.neotec.cz\/ikaprocess\/wp-content\/uploads\/2017\/08\/magicPLANT-inline-offen-203x300.jpg\" width=\"203\" height=\"300\" srcset=\"https:\/\/www.neotec.cz\/ikaprocess\/wp-content\/uploads\/2017\/08\/magicPLANT-inline-offen-203x300.jpg 203w, https:\/\/www.neotec.cz\/ikaprocess\/wp-content\/uploads\/2017\/08\/magicPLANT-inline-offen.jpg 474w\" sizes=\"auto, (max-width: 203px) 100vw, 203px\" alt=\"\" \t\tclass=\"so-widget-image\"\/>\n\t<\/div>\n\n<\/div><\/div><\/div><div id=\"pgc-2447-1-1\"  class=\"panel-grid-cell\" ><div id=\"panel-2447-1-1-0\" class=\"so-panel widget widget_sow-image panel-first-child panel-last-child\" data-index=\"2\" ><div\n\t\t\t\n\t\t\tclass=\"so-widget-sow-image so-widget-sow-image-default-3a2476c0e107-2447\"\n\t\t\t\n\t\t>\n\n<div class=\"sow-image-container\">\n\t\t<img loading=\"lazy\" decoding=\"async\" src=\"https:\/\/www.neotec.cz\/ikaprocess\/wp-content\/uploads\/2017\/08\/magicPLANT-basic-offen_klein-150-dpi-203x300.jpg\" width=\"203\" height=\"300\" srcset=\"https:\/\/www.neotec.cz\/ikaprocess\/wp-content\/uploads\/2017\/08\/magicPLANT-basic-offen_klein-150-dpi-203x300.jpg 203w, https:\/\/www.neotec.cz\/ikaprocess\/wp-content\/uploads\/2017\/08\/magicPLANT-basic-offen_klein-150-dpi.jpg 474w\" sizes=\"auto, (max-width: 203px) 100vw, 203px\" alt=\"\" \t\tclass=\"so-widget-image\"\/>\n\t<\/div>\n\n<\/div><\/div><\/div><div id=\"pgc-2447-1-2\"  class=\"panel-grid-cell\" ><div id=\"panel-2447-1-2-0\" class=\"so-panel widget widget_sow-image panel-first-child panel-last-child\" data-index=\"3\" ><div\n\t\t\t\n\t\t\tclass=\"so-widget-sow-image so-widget-sow-image-default-3a2476c0e107-2447\"\n\t\t\t\n\t\t>\n\n<div class=\"sow-image-container\">\n\t\t<img loading=\"lazy\" decoding=\"async\" src=\"https:\/\/www.neotec.cz\/ikaprocess\/wp-content\/uploads\/2017\/08\/magicPLANT-basic-geschwenkt_gekippt_propeller-203x300.jpg\" width=\"203\" height=\"300\" srcset=\"https:\/\/www.neotec.cz\/ikaprocess\/wp-content\/uploads\/2017\/08\/magicPLANT-basic-geschwenkt_gekippt_propeller-203x300.jpg 203w, https:\/\/www.neotec.cz\/ikaprocess\/wp-content\/uploads\/2017\/08\/magicPLANT-basic-geschwenkt_gekippt_propeller.jpg 474w\" sizes=\"auto, (max-width: 203px) 100vw, 203px\" alt=\"\" \t\tclass=\"so-widget-image\"\/>\n\t<\/div>\n\n<\/div><\/div><\/div><\/div><div id=\"pg-2447-2\"  class=\"panel-grid panel-no-style\" ><div id=\"pgc-2447-2-0\"  class=\"panel-grid-cell\" ><div id=\"panel-2447-2-0-0\" class=\"so-panel widget widget_sow-editor panel-first-child panel-last-child\" data-index=\"4\" ><div\n\t\t\t\n\t\t\tclass=\"so-widget-sow-editor so-widget-sow-editor-base\"\n\t\t\t\n\t\t>\n<div class=\"siteorigin-widget-tinymce textwidget\">\n\t\n<table id=\"tablepress-30\" class=\"tablepress tablepress-id-30\">\n<thead>\n<tr class=\"row-1\">\n\t<th colspan=\"5\" class=\"column-1\">Technick\u00e9 parametry<\/th>\n<\/tr>\n<\/thead>\n<tbody class=\"row-striping row-hover\">\n<tr class=\"row-2\">\n\t<td class=\"column-1\"><b>Typ<\/b><\/td><td class=\"column-2\"><b>Max. p\u0159\u00edpustn\u00e1 teplota (\u00b0C)<\/b><\/td><td class=\"column-3\"><b>Max. provozn\u00ed tlak (bar)<\/b> <\/td><td class=\"column-4\"><b>Rozsah ot\u00e1\u010dek (ot\/min)<\/b><\/td><td class=\"column-5\"><b>Vyu\u017eiteln\u00fd objem (l)<\/b><\/td>\n<\/tr>\n<tr class=\"row-3\">\n\t<td class=\"column-1\">magic PLANT basic<\/td><td class=\"column-2\">150<\/td><td class=\"column-3\">2,5<\/td><td class=\"column-4\">0-2000<\/td><td class=\"column-5\">2<\/td>\n<\/tr>\n<tr class=\"row-4\">\n\t<td class=\"column-1\">magic PLANT inline<\/td><td class=\"column-2\">150<\/td><td class=\"column-3\">2,5<\/td><td class=\"column-4\">0-2000<\/td><td class=\"column-5\">2<\/td>\n<\/tr>\n<tr class=\"row-5\">\n\t<td class=\"column-1\">magic PLANT powder<\/td><td class=\"column-2\">150<\/td><td class=\"column-3\">2,5<\/td><td class=\"column-4\">0-2000<\/td><td class=\"column-5\">2<\/td>\n<\/tr>\n<\/tbody>\n<\/table>\n<!-- #tablepress-30 from cache -->\n<\/div>\n<\/div><\/div><\/div><\/div><div id=\"pg-2447-3\"  class=\"panel-grid panel-no-style\" ><div id=\"pgc-2447-3-0\"  class=\"panel-grid-cell\" ><div id=\"panel-2447-3-0-0\" class=\"so-panel widget widget_sow-editor panel-first-child panel-last-child\" data-index=\"5\" ><div\n\t\t\t\n\t\t\tclass=\"so-widget-sow-editor so-widget-sow-editor-base\"\n\t\t\t\n\t\t><h3 class=\"widget-title\">Video<\/h3>\n<div class=\"siteorigin-widget-tinymce textwidget\">\n\t<iframe loading=\"lazy\"  style=\"display: block; margin: 0px auto;\"  id=\"_ytid_65539\"  width=\"720\" height=\"405\"  data-origwidth=\"720\" data-origheight=\"405\" src=\"https:\/\/www.youtube.com\/embed\/?enablejsapi=1&listType=playlist&list=PLRk7pR_WfcJWW_LzMBUo0nOAlU8UbZz8p&autoplay=0&cc_load_policy=0&cc_lang_pref=&iv_load_policy=1&loop=0&modestbranding=0&rel=0&fs=1&playsinline=0&autohide=2&hl=cs_CZ&theme=dark&color=red&controls=1&\" class=\"__youtube_prefs__  no-lazyload\" title=\"YouTube player\"  allow=\"fullscreen; accelerometer; autoplay; clipboard-write; encrypted-media; gyroscope; picture-in-picture\" allowfullscreen data-no-lazy=\"1\" data-skipgform_ajax_framebjll=\"\"><\/iframe>\n<\/div>\n<\/div><\/div><\/div><\/div><div id=\"pg-2447-4\"  class=\"panel-grid panel-no-style\" ><div id=\"pgc-2447-4-0\"  class=\"panel-grid-cell\" ><div id=\"panel-2447-4-0-0\" class=\"so-panel widget widget_sow-editor panel-first-child panel-last-child\" data-index=\"6\" ><div\n\t\t\t\n\t\t\tclass=\"so-widget-sow-editor so-widget-sow-editor-base\"\n\t\t\t\n\t\t><h3 class=\"widget-title\">Ke sta\u017een\u00ed<\/h3>\n<div class=\"siteorigin-widget-tinymce textwidget\">\n\t<p><a href=\"http:\/\/www.neotec.cz\/ikaprocess\/wp-content\/uploads\/2017\/08\/IKA_MagicPlant-17_IWS_EN_210x280_170420_web.pdf\" target=\"_blank\" rel=\"\">magic PLANT (EN)<\/a><a href=\"http:\/\/www.neotec.cz\/ikaprocess\/wp-content\/uploads\/2017\/08\/IKA_MagicPlant-17_IWS_EN_210x280_170420_web.pdf\" target=\"_blank\"><img loading=\"lazy\" decoding=\"async\" class=\"alignleft wp-image-1108 size-full\" src=\"http:\/\/www.neotec.cz\/zund\/wp-content\/uploads\/2016\/02\/picPDF.png\" alt=\"picPDF\" width=\"32\" height=\"32\" \/><\/a><br \/>\n&nbsp;<br \/>\n<a href=\"http:\/\/www.neotec.cz\/ikaprocess\/wp-content\/uploads\/2017\/06\/Process_Technology_IWS_EN_94000172_web.pdf\" target=\"_blank\" rel=\"\">Procesn\u00ed technologie (EN)<\/a><a href=\"http:\/\/www.neotec.cz\/ikaprocess\/wp-content\/uploads\/2017\/06\/Process_Technology_IWS_EN_94000172_web.pdf\" target=\"_blank\"><img loading=\"lazy\" decoding=\"async\" class=\"alignleft wp-image-1108 size-full\" src=\"http:\/\/www.neotec.cz\/zund\/wp-content\/uploads\/2016\/02\/picPDF.png\" alt=\"picPDF\" width=\"32\" height=\"32\" \/><\/a><\/p>\n<\/div>\n<\/div><\/div><\/div><\/div><\/div>","protected":false},"excerpt":{"rendered":"<p>The IKA magic PLANT is a laboratory scale process plant for batch wise mixing and emulsifying of low viscous masses up to masses just about capable of flowing. The magic PLANT can be used for a great variety of applications. It is especially suited for processing of products from the cosmetics, food and pharmaceutical industries. [&hellip;]<\/p>\n","protected":false},"author":1,"featured_media":0,"parent":0,"menu_order":0,"comment_status":"closed","ping_status":"closed","template":"templates\/template-full-notitle.php","meta":{"footnotes":""},"class_list":["post-2447","page","type-page","status-publish","hentry","post"],"yoast_head":"<!-- This site is optimized with the Yoast SEO plugin v24.2 - https:\/\/yoast.com\/wordpress\/plugins\/seo\/ -->\n<title>magic PLANT - NEOTEC, spol. s r.o. - procesn\u00ed technologie firmy IKA<\/title>\n<meta name=\"description\" content=\"NEOTEC - zam\u011b\u0159en\u00ed: V\u00fdhradn\u00ed zastoupen\u00ed firmy IKA pro \u010cR.\" \/>\n<meta name=\"robots\" content=\"index, follow, max-snippet:-1, max-image-preview:large, max-video-preview:-1\" \/>\n<link rel=\"canonical\" href=\"https:\/\/www.neotec.cz\/ikaprocess\/magic-plant\/\" \/>\n<meta property=\"og:locale\" content=\"cs_CZ\" \/>\n<meta property=\"og:type\" content=\"article\" \/>\n<meta property=\"og:title\" content=\"magic PLANT - NEOTEC, spol. s r.o. - procesn\u00ed technologie firmy IKA\" \/>\n<meta property=\"og:description\" content=\"NEOTEC - zam\u011b\u0159en\u00ed: V\u00fdhradn\u00ed zastoupen\u00ed firmy IKA pro \u010cR.\" \/>\n<meta property=\"og:url\" content=\"https:\/\/www.neotec.cz\/ikaprocess\/magic-plant\/\" \/>\n<meta property=\"og:site_name\" content=\"NEOTEC, spol. s r.o. - procesn\u00ed technologie firmy IKA\" \/>\n<meta property=\"article:modified_time\" content=\"2017-08-18T10:33:24+00:00\" \/>\n<meta property=\"og:image\" content=\"http:\/\/www.neotec.cz\/ikaprocess\/wp-content\/uploads\/2017\/08\/magicPLANT-inline-offen-203x300.jpg\" \/>\n<meta name=\"twitter:card\" content=\"summary_large_image\" \/>\n<meta name=\"twitter:label1\" content=\"Odhadovan\u00e1 doba \u010dten\u00ed\" \/>\n\t<meta name=\"twitter:data1\" content=\"3 minuty\" \/>\n<script type=\"application\/ld+json\" class=\"yoast-schema-graph\">{\"@context\":\"https:\/\/schema.org\",\"@graph\":[{\"@type\":\"WebPage\",\"@id\":\"https:\/\/www.neotec.cz\/ikaprocess\/magic-plant\/\",\"url\":\"https:\/\/www.neotec.cz\/ikaprocess\/magic-plant\/\",\"name\":\"magic PLANT - NEOTEC, spol. s r.o. - procesn\u00ed technologie firmy IKA\",\"isPartOf\":{\"@id\":\"https:\/\/www.neotec.cz\/ikaprocess\/#website\"},\"primaryImageOfPage\":{\"@id\":\"https:\/\/www.neotec.cz\/ikaprocess\/magic-plant\/#primaryimage\"},\"image\":{\"@id\":\"https:\/\/www.neotec.cz\/ikaprocess\/magic-plant\/#primaryimage\"},\"thumbnailUrl\":\"http:\/\/www.neotec.cz\/ikaprocess\/wp-content\/uploads\/2017\/08\/magicPLANT-inline-offen-203x300.jpg\",\"datePublished\":\"2017-08-18T06:22:20+00:00\",\"dateModified\":\"2017-08-18T10:33:24+00:00\",\"description\":\"NEOTEC - zam\u011b\u0159en\u00ed: V\u00fdhradn\u00ed zastoupen\u00ed firmy IKA pro \u010cR.\",\"breadcrumb\":{\"@id\":\"https:\/\/www.neotec.cz\/ikaprocess\/magic-plant\/#breadcrumb\"},\"inLanguage\":\"cs\",\"potentialAction\":[{\"@type\":\"ReadAction\",\"target\":[\"https:\/\/www.neotec.cz\/ikaprocess\/magic-plant\/\"]}]},{\"@type\":\"ImageObject\",\"inLanguage\":\"cs\",\"@id\":\"https:\/\/www.neotec.cz\/ikaprocess\/magic-plant\/#primaryimage\",\"url\":\"http:\/\/www.neotec.cz\/ikaprocess\/wp-content\/uploads\/2017\/08\/magicPLANT-inline-offen-203x300.jpg\",\"contentUrl\":\"http:\/\/www.neotec.cz\/ikaprocess\/wp-content\/uploads\/2017\/08\/magicPLANT-inline-offen-203x300.jpg\"},{\"@type\":\"BreadcrumbList\",\"@id\":\"https:\/\/www.neotec.cz\/ikaprocess\/magic-plant\/#breadcrumb\",\"itemListElement\":[{\"@type\":\"ListItem\",\"position\":1,\"name\":\"Dom\u016f\",\"item\":\"https:\/\/www.neotec.cz\/ikaprocess\/\"},{\"@type\":\"ListItem\",\"position\":2,\"name\":\"magic PLANT\"}]},{\"@type\":\"WebSite\",\"@id\":\"https:\/\/www.neotec.cz\/ikaprocess\/#website\",\"url\":\"https:\/\/www.neotec.cz\/ikaprocess\/\",\"name\":\"NEOTEC, spol. s r.o. - procesn\u00ed technologie firmy IKA\",\"description\":\"NEOTEC - v\u00fdhradn\u00ed zastoupen\u00ed firmy IKA pro \u010cR - procesn\u00ed technologie a laboratorn\u00ed technika.\",\"potentialAction\":[{\"@type\":\"SearchAction\",\"target\":{\"@type\":\"EntryPoint\",\"urlTemplate\":\"https:\/\/www.neotec.cz\/ikaprocess\/?s={search_term_string}\"},\"query-input\":{\"@type\":\"PropertyValueSpecification\",\"valueRequired\":true,\"valueName\":\"search_term_string\"}}],\"inLanguage\":\"cs\"}]}<\/script>\n<!-- \/ Yoast SEO plugin. -->","yoast_head_json":{"title":"magic PLANT - NEOTEC, spol. s r.o. - procesn\u00ed technologie firmy IKA","description":"NEOTEC - zam\u011b\u0159en\u00ed: V\u00fdhradn\u00ed zastoupen\u00ed firmy IKA pro \u010cR.","robots":{"index":"index","follow":"follow","max-snippet":"max-snippet:-1","max-image-preview":"max-image-preview:large","max-video-preview":"max-video-preview:-1"},"canonical":"https:\/\/www.neotec.cz\/ikaprocess\/magic-plant\/","og_locale":"cs_CZ","og_type":"article","og_title":"magic PLANT - NEOTEC, spol. s r.o. - procesn\u00ed technologie firmy IKA","og_description":"NEOTEC - zam\u011b\u0159en\u00ed: V\u00fdhradn\u00ed zastoupen\u00ed firmy IKA pro \u010cR.","og_url":"https:\/\/www.neotec.cz\/ikaprocess\/magic-plant\/","og_site_name":"NEOTEC, spol. s r.o. - procesn\u00ed technologie firmy IKA","article_modified_time":"2017-08-18T10:33:24+00:00","og_image":[{"url":"http:\/\/www.neotec.cz\/ikaprocess\/wp-content\/uploads\/2017\/08\/magicPLANT-inline-offen-203x300.jpg","type":"","width":"","height":""}],"twitter_card":"summary_large_image","twitter_misc":{"Odhadovan\u00e1 doba \u010dten\u00ed":"3 minuty"},"schema":{"@context":"https:\/\/schema.org","@graph":[{"@type":"WebPage","@id":"https:\/\/www.neotec.cz\/ikaprocess\/magic-plant\/","url":"https:\/\/www.neotec.cz\/ikaprocess\/magic-plant\/","name":"magic PLANT - NEOTEC, spol. s r.o. - procesn\u00ed technologie firmy IKA","isPartOf":{"@id":"https:\/\/www.neotec.cz\/ikaprocess\/#website"},"primaryImageOfPage":{"@id":"https:\/\/www.neotec.cz\/ikaprocess\/magic-plant\/#primaryimage"},"image":{"@id":"https:\/\/www.neotec.cz\/ikaprocess\/magic-plant\/#primaryimage"},"thumbnailUrl":"http:\/\/www.neotec.cz\/ikaprocess\/wp-content\/uploads\/2017\/08\/magicPLANT-inline-offen-203x300.jpg","datePublished":"2017-08-18T06:22:20+00:00","dateModified":"2017-08-18T10:33:24+00:00","description":"NEOTEC - zam\u011b\u0159en\u00ed: V\u00fdhradn\u00ed zastoupen\u00ed firmy IKA pro \u010cR.","breadcrumb":{"@id":"https:\/\/www.neotec.cz\/ikaprocess\/magic-plant\/#breadcrumb"},"inLanguage":"cs","potentialAction":[{"@type":"ReadAction","target":["https:\/\/www.neotec.cz\/ikaprocess\/magic-plant\/"]}]},{"@type":"ImageObject","inLanguage":"cs","@id":"https:\/\/www.neotec.cz\/ikaprocess\/magic-plant\/#primaryimage","url":"http:\/\/www.neotec.cz\/ikaprocess\/wp-content\/uploads\/2017\/08\/magicPLANT-inline-offen-203x300.jpg","contentUrl":"http:\/\/www.neotec.cz\/ikaprocess\/wp-content\/uploads\/2017\/08\/magicPLANT-inline-offen-203x300.jpg"},{"@type":"BreadcrumbList","@id":"https:\/\/www.neotec.cz\/ikaprocess\/magic-plant\/#breadcrumb","itemListElement":[{"@type":"ListItem","position":1,"name":"Dom\u016f","item":"https:\/\/www.neotec.cz\/ikaprocess\/"},{"@type":"ListItem","position":2,"name":"magic PLANT"}]},{"@type":"WebSite","@id":"https:\/\/www.neotec.cz\/ikaprocess\/#website","url":"https:\/\/www.neotec.cz\/ikaprocess\/","name":"NEOTEC, spol. s r.o. - procesn\u00ed technologie firmy IKA","description":"NEOTEC - v\u00fdhradn\u00ed zastoupen\u00ed firmy IKA pro \u010cR - procesn\u00ed technologie a laboratorn\u00ed technika.","potentialAction":[{"@type":"SearchAction","target":{"@type":"EntryPoint","urlTemplate":"https:\/\/www.neotec.cz\/ikaprocess\/?s={search_term_string}"},"query-input":{"@type":"PropertyValueSpecification","valueRequired":true,"valueName":"search_term_string"}}],"inLanguage":"cs"}]}},"_links":{"self":[{"href":"https:\/\/www.neotec.cz\/ikaprocess\/wp-json\/wp\/v2\/pages\/2447","targetHints":{"allow":["GET"]}}],"collection":[{"href":"https:\/\/www.neotec.cz\/ikaprocess\/wp-json\/wp\/v2\/pages"}],"about":[{"href":"https:\/\/www.neotec.cz\/ikaprocess\/wp-json\/wp\/v2\/types\/page"}],"author":[{"embeddable":true,"href":"https:\/\/www.neotec.cz\/ikaprocess\/wp-json\/wp\/v2\/users\/1"}],"replies":[{"embeddable":true,"href":"https:\/\/www.neotec.cz\/ikaprocess\/wp-json\/wp\/v2\/comments?post=2447"}],"version-history":[{"count":23,"href":"https:\/\/www.neotec.cz\/ikaprocess\/wp-json\/wp\/v2\/pages\/2447\/revisions"}],"predecessor-version":[{"id":2477,"href":"https:\/\/www.neotec.cz\/ikaprocess\/wp-json\/wp\/v2\/pages\/2447\/revisions\/2477"}],"wp:attachment":[{"href":"https:\/\/www.neotec.cz\/ikaprocess\/wp-json\/wp\/v2\/media?parent=2447"}],"curies":[{"name":"wp","href":"https:\/\/api.w.org\/{rel}","templated":true}]}}