{"id":2501,"date":"2017-08-18T12:24:23","date_gmt":"2017-08-18T11:24:23","guid":{"rendered":"http:\/\/www.neotec.cz\/ikaprocess\/?page_id=2501"},"modified":"2017-08-18T12:27:41","modified_gmt":"2017-08-18T11:27:41","slug":"robotron-rts","status":"publish","type":"page","link":"https:\/\/www.neotec.cz\/ikaprocess\/robotron-rts\/","title":{"rendered":"ROBOTRON RTS"},"content":{"rendered":"<div id=\"pl-2501\"  class=\"panel-layout\" ><div id=\"pg-2501-0\"  class=\"panel-grid panel-no-style\" ><div id=\"pgc-2501-0-0\"  class=\"panel-grid-cell\" ><div id=\"panel-2501-0-0-0\" class=\"so-panel widget widget_sow-editor panel-first-child panel-last-child\" data-index=\"0\" ><div\n\t\t\t\n\t\t\tclass=\"so-widget-sow-editor so-widget-sow-editor-base\"\n\t\t\t\n\t\t><h3 class=\"widget-title\">ROBOTRON RTS<\/h3>\n<div class=\"siteorigin-widget-tinymce textwidget\">\n\t<p>The IKA ROTOTRON\u00ae RTS jet flow agitator is a universal overhead stirrer that combines the functionality of a conventional stirring device with the properties of a disperser equipped with a rotor\/stator system. RTS-type machines are used for tasks such as homogenization, dispersing, suspension, emulsification, aeration and dissolving, and to facilitate heat transfer. The high rotational speed of the rotor, together with the close proximity of the mixing vane and jet pipe, prevents losses caused by backflow. As such, the jet flow agitator is characterized by its high level of energy efficiency, intensively circulating and mixing products while consuming little energy. <br \/>The IKA ROTOTRON RTS can be used to process media up to a viscosity of 15,000 mPa*s.<\/p>\n<p>The ROTOTRON RTS is available in four standard sizes and can be supplied for installation in both open and closed containers.<\/p>\n<\/div>\n<\/div><\/div><\/div><\/div><div id=\"pg-2501-1\"  class=\"panel-grid panel-no-style\" ><div id=\"pgc-2501-1-0\"  class=\"panel-grid-cell\" ><div id=\"panel-2501-1-0-0\" class=\"so-panel widget widget_sow-image panel-first-child panel-last-child\" data-index=\"1\" ><div\n\t\t\t\n\t\t\tclass=\"so-widget-sow-image so-widget-sow-image-default-3a2476c0e107-2501\"\n\t\t\t\n\t\t>\n\n<div class=\"sow-image-container\">\n\t\t<img loading=\"lazy\" decoding=\"async\" src=\"https:\/\/www.neotec.cz\/ikaprocess\/wp-content\/uploads\/2017\/08\/rts_3-200x300.jpg\" width=\"200\" height=\"300\" srcset=\"https:\/\/www.neotec.cz\/ikaprocess\/wp-content\/uploads\/2017\/08\/rts_3-200x300.jpg 200w, https:\/\/www.neotec.cz\/ikaprocess\/wp-content\/uploads\/2017\/08\/rts_3-512x768.jpg 512w, https:\/\/www.neotec.cz\/ikaprocess\/wp-content\/uploads\/2017\/08\/rts_3.jpg 533w\" sizes=\"auto, (max-width: 200px) 100vw, 200px\" alt=\"\" \t\tclass=\"so-widget-image\"\/>\n\t<\/div>\n\n<\/div><\/div><\/div><div id=\"pgc-2501-1-1\"  class=\"panel-grid-cell\" ><div id=\"panel-2501-1-1-0\" class=\"so-panel widget widget_sow-image panel-first-child panel-last-child\" data-index=\"2\" ><div\n\t\t\t\n\t\t\tclass=\"so-widget-sow-image so-widget-sow-image-default-3a2476c0e107-2501\"\n\t\t\t\n\t\t>\n\n<div class=\"sow-image-container\">\n\t\t<img loading=\"lazy\" decoding=\"async\" src=\"https:\/\/www.neotec.cz\/ikaprocess\/wp-content\/uploads\/2017\/08\/rts_2-200x300.jpg\" width=\"200\" height=\"300\" srcset=\"https:\/\/www.neotec.cz\/ikaprocess\/wp-content\/uploads\/2017\/08\/rts_2-200x300.jpg 200w, https:\/\/www.neotec.cz\/ikaprocess\/wp-content\/uploads\/2017\/08\/rts_2-512x768.jpg 512w, https:\/\/www.neotec.cz\/ikaprocess\/wp-content\/uploads\/2017\/08\/rts_2.jpg 533w\" sizes=\"auto, (max-width: 200px) 100vw, 200px\" alt=\"\" \t\tclass=\"so-widget-image\"\/>\n\t<\/div>\n\n<\/div><\/div><\/div><div id=\"pgc-2501-1-2\"  class=\"panel-grid-cell\" ><div id=\"panel-2501-1-2-0\" class=\"so-panel widget widget_sow-image panel-first-child panel-last-child\" data-index=\"3\" ><div\n\t\t\t\n\t\t\tclass=\"so-widget-sow-image so-widget-sow-image-default-3a2476c0e107-2501\"\n\t\t\t\n\t\t>\n\n<div class=\"sow-image-container\">\n\t\t<img loading=\"lazy\" decoding=\"async\" src=\"https:\/\/www.neotec.cz\/ikaprocess\/wp-content\/uploads\/2017\/08\/rts_1-200x300.jpg\" width=\"200\" height=\"300\" srcset=\"https:\/\/www.neotec.cz\/ikaprocess\/wp-content\/uploads\/2017\/08\/rts_1-200x300.jpg 200w, https:\/\/www.neotec.cz\/ikaprocess\/wp-content\/uploads\/2017\/08\/rts_1-512x768.jpg 512w, https:\/\/www.neotec.cz\/ikaprocess\/wp-content\/uploads\/2017\/08\/rts_1.jpg 533w\" sizes=\"auto, (max-width: 200px) 100vw, 200px\" alt=\"\" \t\tclass=\"so-widget-image\"\/>\n\t<\/div>\n\n<\/div><\/div><\/div><\/div><div id=\"pg-2501-2\"  class=\"panel-grid panel-no-style\" ><div id=\"pgc-2501-2-0\"  class=\"panel-grid-cell\" ><div id=\"panel-2501-2-0-0\" class=\"so-panel widget widget_sow-editor panel-first-child panel-last-child\" data-index=\"4\" ><div\n\t\t\t\n\t\t\tclass=\"so-widget-sow-editor so-widget-sow-editor-base\"\n\t\t\t\n\t\t>\n<div class=\"siteorigin-widget-tinymce textwidget\">\n\t\n<table id=\"tablepress-31\" class=\"tablepress tablepress-id-31\">\n<thead>\n<tr class=\"row-1\">\n\t<th colspan=\"6\" class=\"column-1\">Technick\u00e9 parametry<\/th>\n<\/tr>\n<\/thead>\n<tbody class=\"row-striping row-hover\">\n<tr class=\"row-2\">\n\t<td class=\"column-1\"><b>Typ<\/b><\/td><td class=\"column-2\"><b>V\u00fdkon motoru (kW)<\/b><\/td><td class=\"column-3\"><b>Ot\u00e1\u010dky motoru (ot\/min)<\/b> <\/td><td class=\"column-4\"><b>Max. velikost vs\u00e1dky - H2O (l)<\/b><\/td><td class=\"column-5\"><b>Z\u00e1stavn\u00e1 d\u00e9lka (mm)<\/b><\/td><td class=\"column-6\"><b>Technick\u00fd list (EN)<\/b><\/td>\n<\/tr>\n<tr class=\"row-3\">\n\t<td class=\"column-1\">ROBOTRON RTS 115<\/td><td class=\"column-2\">2,2<\/td><td class=\"column-3\">3000<\/td><td class=\"column-4\">1000<\/td><td class=\"column-5\">1000<\/td><td class=\"column-6\"><a href=\"http:\/\/www.neotec.cz\/ikaprocess\/wp-content\/uploads\/2017\/08\/Data_Sheet_ROTOTRON_RTS_115.pdf\" target=\"_blank\"><img loading=\"lazy\" decoding=\"async\" class=\"alignleft wp-image-1108 size-full\" src=\"http:\/\/www.neotec.cz\/ikaprocess\/wp-content\/uploads\/2017\/06\/picPDF.png\" alt=\"picPDF\" width=\"32\" height=\"32\" \/><\/a><\/td>\n<\/tr>\n<tr class=\"row-4\">\n\t<td class=\"column-1\">ROBOTRON RTS 150<\/td><td class=\"column-2\">3<\/td><td class=\"column-3\">3000<\/td><td class=\"column-4\">5000<\/td><td class=\"column-5\">1100<\/td><td class=\"column-6\"><a href=\"http:\/\/www.neotec.cz\/ikaprocess\/wp-content\/uploads\/2017\/08\/Data_Sheet_ROTOTRON_RTS_150.pdf\" target=\"_blank\"><img loading=\"lazy\" decoding=\"async\" class=\"alignleft wp-image-1108 size-full\" src=\"http:\/\/www.neotec.cz\/ikaprocess\/wp-content\/uploads\/2017\/06\/picPDF.png\" alt=\"picPDF\" width=\"32\" height=\"32\" \/><\/a><\/td>\n<\/tr>\n<tr class=\"row-5\">\n\t<td class=\"column-1\">ROBOTRON RTS 220<\/td><td class=\"column-2\">7,5<\/td><td class=\"column-3\">1500<\/td><td class=\"column-4\">10000<\/td><td class=\"column-5\">1300<\/td><td class=\"column-6\"><a href=\"http:\/\/www.neotec.cz\/ikaprocess\/wp-content\/uploads\/2017\/08\/Data_Sheet_ROTOTRON_RTS_220.pdf\" target=\"_blank\"><img loading=\"lazy\" decoding=\"async\" class=\"alignleft wp-image-1108 size-full\" src=\"http:\/\/www.neotec.cz\/ikaprocess\/wp-content\/uploads\/2017\/06\/picPDF.png\" alt=\"picPDF\" width=\"32\" height=\"32\" \/><\/a><\/td>\n<\/tr>\n<tr class=\"row-6\">\n\t<td class=\"column-1\">ROBOTRON RTS 280<\/td><td class=\"column-2\">22<\/td><td class=\"column-3\">1500<\/td><td class=\"column-4\">20000<\/td><td class=\"column-5\">1500<\/td><td class=\"column-6\"><a href=\"http:\/\/www.neotec.cz\/ikaprocess\/wp-content\/uploads\/2017\/08\/Data_Sheet_ROTOTRON_RTS_280.pdf\" target=\"_blank\"><img loading=\"lazy\" decoding=\"async\" class=\"alignleft wp-image-1108 size-full\" src=\"http:\/\/www.neotec.cz\/ikaprocess\/wp-content\/uploads\/2017\/06\/picPDF.png\" alt=\"picPDF\" width=\"32\" height=\"32\" \/><\/a><\/td>\n<\/tr>\n<\/tbody>\n<\/table>\n<!-- #tablepress-31 from cache -->\n<\/div>\n<\/div><\/div><\/div><\/div><div id=\"pg-2501-3\"  class=\"panel-grid panel-no-style\" ><div id=\"pgc-2501-3-0\"  class=\"panel-grid-cell\" ><div id=\"panel-2501-3-0-0\" class=\"so-panel widget widget_sow-editor panel-first-child panel-last-child\" data-index=\"5\" ><div\n\t\t\t\n\t\t\tclass=\"so-widget-sow-editor so-widget-sow-editor-base\"\n\t\t\t\n\t\t><h3 class=\"widget-title\">Ke sta\u017een\u00ed<\/h3>\n<div class=\"siteorigin-widget-tinymce textwidget\">\n\t<p><a href=\"http:\/\/www.neotec.cz\/ikaprocess\/wp-content\/uploads\/2017\/08\/201503_RTS_IWS_EN_94000332_web.pdf\" target=\"_blank\" rel=\"\">ROBOTRON RTS (EN)<\/a><a href=\"http:\/\/www.neotec.cz\/ikaprocess\/wp-content\/uploads\/2017\/08\/201503_RTS_IWS_EN_94000332_web.pdf\" target=\"_blank\"><img loading=\"lazy\" decoding=\"async\" class=\"alignleft wp-image-1108 size-full\" src=\"http:\/\/www.neotec.cz\/zund\/wp-content\/uploads\/2016\/02\/picPDF.png\" alt=\"picPDF\" width=\"32\" height=\"32\" \/><\/a><br \/>\n<br \/>&nbsp;<\/p>\n<p><a href=\"http:\/\/www.neotec.cz\/ikaprocess\/wp-content\/uploads\/2017\/06\/Process_Technology_IWS_EN_94000172_web.pdf\" target=\"_blank\" rel=\"\">Procesn\u00ed technologie (EN)<\/a><a href=\"http:\/\/www.neotec.cz\/ikaprocess\/wp-content\/uploads\/2017\/06\/Process_Technology_IWS_EN_94000172_web.pdf\" target=\"_blank\"><img loading=\"lazy\" decoding=\"async\" class=\"alignleft wp-image-1108 size-full\" src=\"http:\/\/www.neotec.cz\/zund\/wp-content\/uploads\/2016\/02\/picPDF.png\" alt=\"picPDF\" width=\"32\" height=\"32\" \/><\/a><\/p>\n<\/div>\n<\/div><\/div><\/div><\/div><\/div>","protected":false},"excerpt":{"rendered":"<p>The IKA ROTOTRON\u00ae RTS jet flow agitator is a universal overhead stirrer that combines the functionality of a conventional stirring device with the properties of a disperser equipped with a rotor\/stator system. RTS-type machines are used for tasks such as homogenization, dispersing, suspension, emulsification, aeration and dissolving, and to facilitate heat transfer. The high rotational [&hellip;]<\/p>\n","protected":false},"author":1,"featured_media":0,"parent":0,"menu_order":0,"comment_status":"closed","ping_status":"closed","template":"templates\/template-full-notitle.php","meta":{"footnotes":""},"class_list":["post-2501","page","type-page","status-publish","hentry","post"],"yoast_head":"<!-- This site is optimized with the Yoast SEO plugin v24.2 - https:\/\/yoast.com\/wordpress\/plugins\/seo\/ -->\n<title>ROBOTRON RTS - NEOTEC, spol. s r.o. - procesn\u00ed technologie firmy IKA<\/title>\n<meta name=\"description\" content=\"NEOTEC - zam\u011b\u0159en\u00ed: V\u00fdhradn\u00ed zastoupen\u00ed firmy IKA pro \u010cR.\" \/>\n<meta name=\"robots\" content=\"index, follow, max-snippet:-1, max-image-preview:large, max-video-preview:-1\" \/>\n<link rel=\"canonical\" href=\"https:\/\/www.neotec.cz\/ikaprocess\/robotron-rts\/\" \/>\n<meta property=\"og:locale\" content=\"cs_CZ\" \/>\n<meta property=\"og:type\" content=\"article\" \/>\n<meta property=\"og:title\" content=\"ROBOTRON RTS - NEOTEC, spol. s r.o. - procesn\u00ed technologie firmy IKA\" \/>\n<meta property=\"og:description\" content=\"NEOTEC - zam\u011b\u0159en\u00ed: V\u00fdhradn\u00ed zastoupen\u00ed firmy IKA pro \u010cR.\" \/>\n<meta property=\"og:url\" content=\"https:\/\/www.neotec.cz\/ikaprocess\/robotron-rts\/\" \/>\n<meta property=\"og:site_name\" content=\"NEOTEC, spol. s r.o. - procesn\u00ed technologie firmy IKA\" \/>\n<meta property=\"article:modified_time\" content=\"2017-08-18T11:27:41+00:00\" \/>\n<meta property=\"og:image\" content=\"http:\/\/www.neotec.cz\/ikaprocess\/wp-content\/uploads\/2017\/08\/rts_3-200x300.jpg\" \/>\n<meta name=\"twitter:card\" content=\"summary_large_image\" \/>\n<meta name=\"twitter:label1\" content=\"Odhadovan\u00e1 doba \u010dten\u00ed\" \/>\n\t<meta name=\"twitter:data1\" content=\"1 minuta\" \/>\n<script type=\"application\/ld+json\" class=\"yoast-schema-graph\">{\"@context\":\"https:\/\/schema.org\",\"@graph\":[{\"@type\":\"WebPage\",\"@id\":\"https:\/\/www.neotec.cz\/ikaprocess\/robotron-rts\/\",\"url\":\"https:\/\/www.neotec.cz\/ikaprocess\/robotron-rts\/\",\"name\":\"ROBOTRON RTS - NEOTEC, spol. s r.o. - procesn\u00ed technologie firmy IKA\",\"isPartOf\":{\"@id\":\"https:\/\/www.neotec.cz\/ikaprocess\/#website\"},\"primaryImageOfPage\":{\"@id\":\"https:\/\/www.neotec.cz\/ikaprocess\/robotron-rts\/#primaryimage\"},\"image\":{\"@id\":\"https:\/\/www.neotec.cz\/ikaprocess\/robotron-rts\/#primaryimage\"},\"thumbnailUrl\":\"http:\/\/www.neotec.cz\/ikaprocess\/wp-content\/uploads\/2017\/08\/rts_3-200x300.jpg\",\"datePublished\":\"2017-08-18T11:24:23+00:00\",\"dateModified\":\"2017-08-18T11:27:41+00:00\",\"description\":\"NEOTEC - zam\u011b\u0159en\u00ed: V\u00fdhradn\u00ed zastoupen\u00ed firmy IKA pro \u010cR.\",\"breadcrumb\":{\"@id\":\"https:\/\/www.neotec.cz\/ikaprocess\/robotron-rts\/#breadcrumb\"},\"inLanguage\":\"cs\",\"potentialAction\":[{\"@type\":\"ReadAction\",\"target\":[\"https:\/\/www.neotec.cz\/ikaprocess\/robotron-rts\/\"]}]},{\"@type\":\"ImageObject\",\"inLanguage\":\"cs\",\"@id\":\"https:\/\/www.neotec.cz\/ikaprocess\/robotron-rts\/#primaryimage\",\"url\":\"http:\/\/www.neotec.cz\/ikaprocess\/wp-content\/uploads\/2017\/08\/rts_3-200x300.jpg\",\"contentUrl\":\"http:\/\/www.neotec.cz\/ikaprocess\/wp-content\/uploads\/2017\/08\/rts_3-200x300.jpg\"},{\"@type\":\"BreadcrumbList\",\"@id\":\"https:\/\/www.neotec.cz\/ikaprocess\/robotron-rts\/#breadcrumb\",\"itemListElement\":[{\"@type\":\"ListItem\",\"position\":1,\"name\":\"Dom\u016f\",\"item\":\"https:\/\/www.neotec.cz\/ikaprocess\/\"},{\"@type\":\"ListItem\",\"position\":2,\"name\":\"ROBOTRON RTS\"}]},{\"@type\":\"WebSite\",\"@id\":\"https:\/\/www.neotec.cz\/ikaprocess\/#website\",\"url\":\"https:\/\/www.neotec.cz\/ikaprocess\/\",\"name\":\"NEOTEC, spol. s r.o. - procesn\u00ed technologie firmy IKA\",\"description\":\"NEOTEC - v\u00fdhradn\u00ed zastoupen\u00ed firmy IKA pro \u010cR - procesn\u00ed technologie a laboratorn\u00ed technika.\",\"potentialAction\":[{\"@type\":\"SearchAction\",\"target\":{\"@type\":\"EntryPoint\",\"urlTemplate\":\"https:\/\/www.neotec.cz\/ikaprocess\/?s={search_term_string}\"},\"query-input\":{\"@type\":\"PropertyValueSpecification\",\"valueRequired\":true,\"valueName\":\"search_term_string\"}}],\"inLanguage\":\"cs\"}]}<\/script>\n<!-- \/ Yoast SEO plugin. -->","yoast_head_json":{"title":"ROBOTRON RTS - NEOTEC, spol. s r.o. - procesn\u00ed technologie firmy IKA","description":"NEOTEC - zam\u011b\u0159en\u00ed: V\u00fdhradn\u00ed zastoupen\u00ed firmy IKA pro \u010cR.","robots":{"index":"index","follow":"follow","max-snippet":"max-snippet:-1","max-image-preview":"max-image-preview:large","max-video-preview":"max-video-preview:-1"},"canonical":"https:\/\/www.neotec.cz\/ikaprocess\/robotron-rts\/","og_locale":"cs_CZ","og_type":"article","og_title":"ROBOTRON RTS - NEOTEC, spol. s r.o. - procesn\u00ed technologie firmy IKA","og_description":"NEOTEC - zam\u011b\u0159en\u00ed: V\u00fdhradn\u00ed zastoupen\u00ed firmy IKA pro \u010cR.","og_url":"https:\/\/www.neotec.cz\/ikaprocess\/robotron-rts\/","og_site_name":"NEOTEC, spol. s r.o. - procesn\u00ed technologie firmy IKA","article_modified_time":"2017-08-18T11:27:41+00:00","og_image":[{"url":"http:\/\/www.neotec.cz\/ikaprocess\/wp-content\/uploads\/2017\/08\/rts_3-200x300.jpg","type":"","width":"","height":""}],"twitter_card":"summary_large_image","twitter_misc":{"Odhadovan\u00e1 doba \u010dten\u00ed":"1 minuta"},"schema":{"@context":"https:\/\/schema.org","@graph":[{"@type":"WebPage","@id":"https:\/\/www.neotec.cz\/ikaprocess\/robotron-rts\/","url":"https:\/\/www.neotec.cz\/ikaprocess\/robotron-rts\/","name":"ROBOTRON RTS - NEOTEC, spol. s r.o. - procesn\u00ed technologie firmy IKA","isPartOf":{"@id":"https:\/\/www.neotec.cz\/ikaprocess\/#website"},"primaryImageOfPage":{"@id":"https:\/\/www.neotec.cz\/ikaprocess\/robotron-rts\/#primaryimage"},"image":{"@id":"https:\/\/www.neotec.cz\/ikaprocess\/robotron-rts\/#primaryimage"},"thumbnailUrl":"http:\/\/www.neotec.cz\/ikaprocess\/wp-content\/uploads\/2017\/08\/rts_3-200x300.jpg","datePublished":"2017-08-18T11:24:23+00:00","dateModified":"2017-08-18T11:27:41+00:00","description":"NEOTEC - zam\u011b\u0159en\u00ed: V\u00fdhradn\u00ed zastoupen\u00ed firmy IKA pro \u010cR.","breadcrumb":{"@id":"https:\/\/www.neotec.cz\/ikaprocess\/robotron-rts\/#breadcrumb"},"inLanguage":"cs","potentialAction":[{"@type":"ReadAction","target":["https:\/\/www.neotec.cz\/ikaprocess\/robotron-rts\/"]}]},{"@type":"ImageObject","inLanguage":"cs","@id":"https:\/\/www.neotec.cz\/ikaprocess\/robotron-rts\/#primaryimage","url":"http:\/\/www.neotec.cz\/ikaprocess\/wp-content\/uploads\/2017\/08\/rts_3-200x300.jpg","contentUrl":"http:\/\/www.neotec.cz\/ikaprocess\/wp-content\/uploads\/2017\/08\/rts_3-200x300.jpg"},{"@type":"BreadcrumbList","@id":"https:\/\/www.neotec.cz\/ikaprocess\/robotron-rts\/#breadcrumb","itemListElement":[{"@type":"ListItem","position":1,"name":"Dom\u016f","item":"https:\/\/www.neotec.cz\/ikaprocess\/"},{"@type":"ListItem","position":2,"name":"ROBOTRON RTS"}]},{"@type":"WebSite","@id":"https:\/\/www.neotec.cz\/ikaprocess\/#website","url":"https:\/\/www.neotec.cz\/ikaprocess\/","name":"NEOTEC, spol. s r.o. - procesn\u00ed technologie firmy IKA","description":"NEOTEC - v\u00fdhradn\u00ed zastoupen\u00ed firmy IKA pro \u010cR - procesn\u00ed technologie a laboratorn\u00ed technika.","potentialAction":[{"@type":"SearchAction","target":{"@type":"EntryPoint","urlTemplate":"https:\/\/www.neotec.cz\/ikaprocess\/?s={search_term_string}"},"query-input":{"@type":"PropertyValueSpecification","valueRequired":true,"valueName":"search_term_string"}}],"inLanguage":"cs"}]}},"_links":{"self":[{"href":"https:\/\/www.neotec.cz\/ikaprocess\/wp-json\/wp\/v2\/pages\/2501","targetHints":{"allow":["GET"]}}],"collection":[{"href":"https:\/\/www.neotec.cz\/ikaprocess\/wp-json\/wp\/v2\/pages"}],"about":[{"href":"https:\/\/www.neotec.cz\/ikaprocess\/wp-json\/wp\/v2\/types\/page"}],"author":[{"embeddable":true,"href":"https:\/\/www.neotec.cz\/ikaprocess\/wp-json\/wp\/v2\/users\/1"}],"replies":[{"embeddable":true,"href":"https:\/\/www.neotec.cz\/ikaprocess\/wp-json\/wp\/v2\/comments?post=2501"}],"version-history":[{"count":5,"href":"https:\/\/www.neotec.cz\/ikaprocess\/wp-json\/wp\/v2\/pages\/2501\/revisions"}],"predecessor-version":[{"id":2508,"href":"https:\/\/www.neotec.cz\/ikaprocess\/wp-json\/wp\/v2\/pages\/2501\/revisions\/2508"}],"wp:attachment":[{"href":"https:\/\/www.neotec.cz\/ikaprocess\/wp-json\/wp\/v2\/media?parent=2501"}],"curies":[{"name":"wp","href":"https:\/\/api.w.org\/{rel}","templated":true}]}}