{"id":2582,"date":"2017-08-18T15:39:28","date_gmt":"2017-08-18T14:39:28","guid":{"rendered":"http:\/\/www.neotec.cz\/ikaprocess\/?page_id=2582"},"modified":"2017-08-18T15:39:37","modified_gmt":"2017-08-18T14:39:37","slug":"typy-stojanu","status":"publish","type":"page","link":"https:\/\/www.neotec.cz\/ikaprocess\/typy-stojanu\/","title":{"rendered":"Typy stojan\u016f"},"content":{"rendered":"<div id=\"pl-2582\"  class=\"panel-layout\" ><div id=\"pg-2582-0\"  class=\"panel-grid panel-no-style\" ><div id=\"pgc-2582-0-0\"  class=\"panel-grid-cell\" ><div id=\"panel-2582-0-0-0\" class=\"so-panel widget widget_sow-editor panel-first-child panel-last-child\" data-index=\"0\" ><div\n\t\t\t\n\t\t\tclass=\"so-widget-sow-editor so-widget-sow-editor-base\"\n\t\t\t\n\t\t><h3 class=\"widget-title\">Stojany<\/h3>\n<div class=\"siteorigin-widget-tinymce textwidget\">\n\t<p><b>Mobile stands<\/b>: SFH, SFAE<br \/><b>Wall-mounted stands<\/b>: SWH, SWAE<br \/><b>Floor-mounted stands<\/b>: SBH, SBAE<\/p>\n<p> A complete product line of stands is available including mobile, floor- and wall-mounted for use with IKA agitators and overhead dispersing machines type ULTRA-TURRAX\u00ae. Lifting and lowering can be done with either a manual hydraulic pump or an automated electro-hydraulic pump. On request, the stands are equipped with a swivel bracket for angle adjustment of the mixing machine. To secure a working vessel, an adjustable fasting device is offered. Electric lockings make sure that the stirrer or disperser can only be operated when it is emerged into the vessel and the vessel is firmly fixed. For use in food and pharmaceutical production, GMP-conform stainless steel stands are available as well. <\/p>\n<p> The important information about the design of IKA stands is included in their denomination: <\/p>\n<p><b>S<\/b> - Stand, <b>F<\/b> - Mobile, <b>W<\/b> - Wall, <b>B<\/b> - Floor, <b>H<\/b> - Hand Pump, <b>A<\/b> - Automatic, <b>E<\/b> - Electric Motor<\/p>\n<\/div>\n<\/div><\/div><\/div><\/div><div id=\"pg-2582-1\"  class=\"panel-grid panel-no-style\" ><div id=\"pgc-2582-1-0\"  class=\"panel-grid-cell\" ><div id=\"panel-2582-1-0-0\" class=\"so-panel widget widget_sow-image panel-first-child panel-last-child\" data-index=\"1\" ><div\n\t\t\t\n\t\t\tclass=\"so-widget-sow-image so-widget-sow-image-default-3a2476c0e107-2582\"\n\t\t\t\n\t\t>\n\n<div class=\"sow-image-container\">\n\t\t<img loading=\"lazy\" decoding=\"async\" src=\"https:\/\/www.neotec.cz\/ikaprocess\/wp-content\/uploads\/2017\/08\/Stands_main_ds_SFH_SFAE_all_sizes_a-217x300.jpg\" width=\"217\" height=\"300\" srcset=\"https:\/\/www.neotec.cz\/ikaprocess\/wp-content\/uploads\/2017\/08\/Stands_main_ds_SFH_SFAE_all_sizes_a-217x300.jpg 217w, https:\/\/www.neotec.cz\/ikaprocess\/wp-content\/uploads\/2017\/08\/Stands_main_ds_SFH_SFAE_all_sizes_a.jpg 500w\" sizes=\"auto, (max-width: 217px) 100vw, 217px\" alt=\"\" \t\tclass=\"so-widget-image\"\/>\n\t<\/div>\n\n<\/div><\/div><\/div><div id=\"pgc-2582-1-1\"  class=\"panel-grid-cell\" ><div id=\"panel-2582-1-1-0\" class=\"so-panel widget widget_sow-image panel-first-child panel-last-child\" data-index=\"2\" ><div\n\t\t\t\n\t\t\tclass=\"so-widget-sow-image so-widget-sow-image-default-3a2476c0e107-2582\"\n\t\t\t\n\t\t>\n\n<div class=\"sow-image-container\">\n\t\t<img loading=\"lazy\" decoding=\"async\" src=\"https:\/\/www.neotec.cz\/ikaprocess\/wp-content\/uploads\/2017\/08\/Stands_altern_1_a-217x300.jpg\" width=\"217\" height=\"300\" srcset=\"https:\/\/www.neotec.cz\/ikaprocess\/wp-content\/uploads\/2017\/08\/Stands_altern_1_a-217x300.jpg 217w, https:\/\/www.neotec.cz\/ikaprocess\/wp-content\/uploads\/2017\/08\/Stands_altern_1_a.jpg 500w\" sizes=\"auto, (max-width: 217px) 100vw, 217px\" alt=\"\" \t\tclass=\"so-widget-image\"\/>\n\t<\/div>\n\n<\/div><\/div><\/div><div id=\"pgc-2582-1-2\"  class=\"panel-grid-cell\" ><div id=\"panel-2582-1-2-0\" class=\"so-panel widget widget_sow-image panel-first-child panel-last-child\" data-index=\"3\" ><div\n\t\t\t\n\t\t\tclass=\"so-widget-sow-image so-widget-sow-image-default-3a2476c0e107-2582\"\n\t\t\t\n\t\t>\n\n<div class=\"sow-image-container\">\n\t\t<img loading=\"lazy\" decoding=\"async\" src=\"https:\/\/www.neotec.cz\/ikaprocess\/wp-content\/uploads\/2017\/08\/Stands_alter_ds_SWH_SWAE_all_sizes_a-217x300.jpg\" width=\"217\" height=\"300\" srcset=\"https:\/\/www.neotec.cz\/ikaprocess\/wp-content\/uploads\/2017\/08\/Stands_alter_ds_SWH_SWAE_all_sizes_a-217x300.jpg 217w, https:\/\/www.neotec.cz\/ikaprocess\/wp-content\/uploads\/2017\/08\/Stands_alter_ds_SWH_SWAE_all_sizes_a.jpg 500w\" sizes=\"auto, (max-width: 217px) 100vw, 217px\" alt=\"\" \t\tclass=\"so-widget-image\"\/>\n\t<\/div>\n\n<\/div><\/div><\/div><\/div><div id=\"pg-2582-2\"  class=\"panel-grid panel-no-style\" ><div id=\"pgc-2582-2-0\"  class=\"panel-grid-cell\" ><div id=\"panel-2582-2-0-0\" class=\"so-panel widget widget_sow-editor panel-first-child panel-last-child\" data-index=\"4\" ><div\n\t\t\t\n\t\t\tclass=\"so-widget-sow-editor so-widget-sow-editor-base\"\n\t\t\t\n\t\t>\n<div class=\"siteorigin-widget-tinymce textwidget\">\n\t\n<table id=\"tablepress-34\" class=\"tablepress tablepress-id-34\">\n<thead>\n<tr class=\"row-1\">\n\t<th colspan=\"5\" class=\"column-1\">Technick\u00e9 parametry<\/th>\n<\/tr>\n<\/thead>\n<tbody class=\"row-striping row-hover\">\n<tr class=\"row-2\">\n\t<td class=\"column-1\"><b>Typ<\/b><\/td><td class=\"column-2\"><b>Proveden\u00ed<\/b><\/td><td class=\"column-3\"><b>Max. zat\u00ed\u017een\u00ed (kg)<\/b> <\/td><td class=\"column-4\"><b>Max. v\u00fd\u0161ka zdvihu (mm)<\/b><\/td><td class=\"column-5\"><b>Pohon zdvihu<\/b><\/td>\n<\/tr>\n<tr class=\"row-3\">\n\t<td class=\"column-1\">SFH 150<\/td><td class=\"column-2\">mobiln\u00ed stojan<\/td><td class=\"column-3\">100<\/td><td class=\"column-4\">1000<\/td><td class=\"column-5\">manu\u00e1ln\u00ed<\/td>\n<\/tr>\n<tr class=\"row-4\">\n\t<td class=\"column-1\">SFH 250<\/td><td class=\"column-2\">mobiln\u00ed stojan<\/td><td class=\"column-3\">250<\/td><td class=\"column-4\">1000<\/td><td class=\"column-5\">manu\u00e1ln\u00ed<\/td>\n<\/tr>\n<tr class=\"row-5\">\n\t<td class=\"column-1\">SFAE 150<\/td><td class=\"column-2\">mobiln\u00ed stojan<\/td><td class=\"column-3\">100<\/td><td class=\"column-4\">1000<\/td><td class=\"column-5\">elektro-hydraulick\u00fd<\/td>\n<\/tr>\n<tr class=\"row-6\">\n\t<td class=\"column-1\">SFAE 250<\/td><td class=\"column-2\">mobiln\u00ed stojan<\/td><td class=\"column-3\">250<\/td><td class=\"column-4\">1000<\/td><td class=\"column-5\">elektro-hydraulick\u00fd<\/td>\n<\/tr>\n<tr class=\"row-7\">\n\t<td class=\"column-1\">SWH 150<\/td><td class=\"column-2\">pevn\u00fd - mont\u00e1\u017e na ze\u010f<\/td><td class=\"column-3\">150<\/td><td class=\"column-4\">1600<\/td><td class=\"column-5\">manu\u00e1ln\u00ed<\/td>\n<\/tr>\n<tr class=\"row-8\">\n\t<td class=\"column-1\">SWH 250<\/td><td class=\"column-2\">pevn\u00fd - mont\u00e1\u017e na ze\u010f<\/td><td class=\"column-3\">250<\/td><td class=\"column-4\">1600<\/td><td class=\"column-5\">manu\u00e1ln\u00ed<\/td>\n<\/tr>\n<tr class=\"row-9\">\n\t<td class=\"column-1\">SWAE 150<\/td><td class=\"column-2\">pevn\u00fd - mont\u00e1\u017e na ze\u010f<\/td><td class=\"column-3\">150<\/td><td class=\"column-4\">1600<\/td><td class=\"column-5\">elektro-hydraulick\u00fd<\/td>\n<\/tr>\n<tr class=\"row-10\">\n\t<td class=\"column-1\">SWAE 250<\/td><td class=\"column-2\">pevn\u00fd - mont\u00e1\u017e na ze\u010f<\/td><td class=\"column-3\">250<\/td><td class=\"column-4\">1600<\/td><td class=\"column-5\">elektro-hydraulick\u00fd<\/td>\n<\/tr>\n<tr class=\"row-11\">\n\t<td class=\"column-1\">SBH 150<\/td><td class=\"column-2\">pevn\u00fd - mont\u00e1\u017e na podlahu<\/td><td class=\"column-3\">150<\/td><td class=\"column-4\">1200<\/td><td class=\"column-5\">manu\u00e1ln\u00ed<\/td>\n<\/tr>\n<tr class=\"row-12\">\n\t<td class=\"column-1\">SBH 250<\/td><td class=\"column-2\">pevn\u00fd - mont\u00e1\u017e na podlahu<\/td><td class=\"column-3\">250<\/td><td class=\"column-4\">1200<\/td><td class=\"column-5\">manu\u00e1ln\u00ed<\/td>\n<\/tr>\n<tr class=\"row-13\">\n\t<td class=\"column-1\">SBAE 150<\/td><td class=\"column-2\">pevn\u00fd - mont\u00e1\u017e na podlahu<\/td><td class=\"column-3\">150<\/td><td class=\"column-4\">1200<\/td><td class=\"column-5\">elektro-hydraulick\u00fd<\/td>\n<\/tr>\n<tr class=\"row-14\">\n\t<td class=\"column-1\">SBAE 250<\/td><td class=\"column-2\">pevn\u00fd - mont\u00e1\u017e na podlahu<\/td><td class=\"column-3\">250<\/td><td class=\"column-4\">1200<\/td><td class=\"column-5\">elektro-hydraulick\u00fd<\/td>\n<\/tr>\n<\/tbody>\n<\/table>\n<!-- #tablepress-34 from cache -->\n<\/div>\n<\/div><\/div><\/div><\/div><div id=\"pg-2582-3\"  class=\"panel-grid panel-no-style\" ><div id=\"pgc-2582-3-0\"  class=\"panel-grid-cell\" ><div id=\"panel-2582-3-0-0\" class=\"so-panel widget widget_sow-editor panel-first-child panel-last-child\" data-index=\"5\" ><div\n\t\t\t\n\t\t\tclass=\"so-widget-sow-editor so-widget-sow-editor-base\"\n\t\t\t\n\t\t><h3 class=\"widget-title\">Ke sta\u017een\u00ed<\/h3>\n<div class=\"siteorigin-widget-tinymce textwidget\">\n\t<p><a href=\"http:\/\/www.neotec.cz\/ikaprocess\/wp-content\/uploads\/2017\/08\/201609_Process_Technology_IWS_EN_94000172_web.pdf\" target=\"_blank\" rel=\"\">Procesn\u00ed technologie (EN)<\/a><a href=\"http:\/\/www.neotec.cz\/ikaprocess\/wp-content\/uploads\/2017\/08\/201609_Process_Technology_IWS_EN_94000172_web.pdf\" target=\"_blank\"><img loading=\"lazy\" decoding=\"async\" class=\"alignleft wp-image-1108 size-full\" src=\"http:\/\/www.neotec.cz\/zund\/wp-content\/uploads\/2016\/02\/picPDF.png\" alt=\"picPDF\" width=\"32\" height=\"32\" \/><\/a><\/p>\n<\/div>\n<\/div><\/div><\/div><\/div><\/div>","protected":false},"excerpt":{"rendered":"<p>Mobile stands: SFH, SFAEWall-mounted stands: SWH, SWAEFloor-mounted stands: SBH, SBAE A complete product line of stands is available including mobile, floor- and wall-mounted for use with IKA agitators and overhead dispersing machines type ULTRA-TURRAX\u00ae. Lifting and lowering can be done with either a manual hydraulic pump or an automated electro-hydraulic pump. On request, the stands [&hellip;]<\/p>\n","protected":false},"author":1,"featured_media":0,"parent":0,"menu_order":0,"comment_status":"closed","ping_status":"closed","template":"templates\/template-full-notitle.php","meta":{"footnotes":""},"class_list":["post-2582","page","type-page","status-publish","hentry","post"],"yoast_head":"<!-- This site is optimized with the Yoast SEO plugin v24.2 - https:\/\/yoast.com\/wordpress\/plugins\/seo\/ -->\n<title>Typy stojan\u016f - NEOTEC, spol. s r.o. - procesn\u00ed technologie firmy IKA<\/title>\n<meta name=\"description\" content=\"NEOTEC - zam\u011b\u0159en\u00ed: V\u00fdhradn\u00ed zastoupen\u00ed firmy IKA pro \u010cR.\" \/>\n<meta name=\"robots\" content=\"index, follow, max-snippet:-1, max-image-preview:large, max-video-preview:-1\" \/>\n<link rel=\"canonical\" href=\"https:\/\/www.neotec.cz\/ikaprocess\/typy-stojanu\/\" \/>\n<meta property=\"og:locale\" content=\"cs_CZ\" \/>\n<meta property=\"og:type\" content=\"article\" \/>\n<meta property=\"og:title\" content=\"Typy stojan\u016f - NEOTEC, spol. s r.o. - procesn\u00ed technologie firmy IKA\" \/>\n<meta property=\"og:description\" content=\"NEOTEC - zam\u011b\u0159en\u00ed: V\u00fdhradn\u00ed zastoupen\u00ed firmy IKA pro \u010cR.\" \/>\n<meta property=\"og:url\" content=\"https:\/\/www.neotec.cz\/ikaprocess\/typy-stojanu\/\" \/>\n<meta property=\"og:site_name\" content=\"NEOTEC, spol. s r.o. - procesn\u00ed technologie firmy IKA\" \/>\n<meta property=\"article:modified_time\" content=\"2017-08-18T14:39:37+00:00\" \/>\n<meta property=\"og:image\" content=\"http:\/\/www.neotec.cz\/ikaprocess\/wp-content\/uploads\/2017\/08\/Stands_main_ds_SFH_SFAE_all_sizes_a-217x300.jpg\" \/>\n<meta name=\"twitter:card\" content=\"summary_large_image\" \/>\n<meta name=\"twitter:label1\" content=\"Odhadovan\u00e1 doba \u010dten\u00ed\" \/>\n\t<meta name=\"twitter:data1\" content=\"1 minuta\" \/>\n<script type=\"application\/ld+json\" class=\"yoast-schema-graph\">{\"@context\":\"https:\/\/schema.org\",\"@graph\":[{\"@type\":\"WebPage\",\"@id\":\"https:\/\/www.neotec.cz\/ikaprocess\/typy-stojanu\/\",\"url\":\"https:\/\/www.neotec.cz\/ikaprocess\/typy-stojanu\/\",\"name\":\"Typy stojan\u016f - NEOTEC, spol. s r.o. - procesn\u00ed technologie firmy IKA\",\"isPartOf\":{\"@id\":\"https:\/\/www.neotec.cz\/ikaprocess\/#website\"},\"primaryImageOfPage\":{\"@id\":\"https:\/\/www.neotec.cz\/ikaprocess\/typy-stojanu\/#primaryimage\"},\"image\":{\"@id\":\"https:\/\/www.neotec.cz\/ikaprocess\/typy-stojanu\/#primaryimage\"},\"thumbnailUrl\":\"http:\/\/www.neotec.cz\/ikaprocess\/wp-content\/uploads\/2017\/08\/Stands_main_ds_SFH_SFAE_all_sizes_a-217x300.jpg\",\"datePublished\":\"2017-08-18T14:39:28+00:00\",\"dateModified\":\"2017-08-18T14:39:37+00:00\",\"description\":\"NEOTEC - zam\u011b\u0159en\u00ed: V\u00fdhradn\u00ed zastoupen\u00ed firmy IKA pro \u010cR.\",\"breadcrumb\":{\"@id\":\"https:\/\/www.neotec.cz\/ikaprocess\/typy-stojanu\/#breadcrumb\"},\"inLanguage\":\"cs\",\"potentialAction\":[{\"@type\":\"ReadAction\",\"target\":[\"https:\/\/www.neotec.cz\/ikaprocess\/typy-stojanu\/\"]}]},{\"@type\":\"ImageObject\",\"inLanguage\":\"cs\",\"@id\":\"https:\/\/www.neotec.cz\/ikaprocess\/typy-stojanu\/#primaryimage\",\"url\":\"http:\/\/www.neotec.cz\/ikaprocess\/wp-content\/uploads\/2017\/08\/Stands_main_ds_SFH_SFAE_all_sizes_a-217x300.jpg\",\"contentUrl\":\"http:\/\/www.neotec.cz\/ikaprocess\/wp-content\/uploads\/2017\/08\/Stands_main_ds_SFH_SFAE_all_sizes_a-217x300.jpg\"},{\"@type\":\"BreadcrumbList\",\"@id\":\"https:\/\/www.neotec.cz\/ikaprocess\/typy-stojanu\/#breadcrumb\",\"itemListElement\":[{\"@type\":\"ListItem\",\"position\":1,\"name\":\"Dom\u016f\",\"item\":\"https:\/\/www.neotec.cz\/ikaprocess\/\"},{\"@type\":\"ListItem\",\"position\":2,\"name\":\"Typy stojan\u016f\"}]},{\"@type\":\"WebSite\",\"@id\":\"https:\/\/www.neotec.cz\/ikaprocess\/#website\",\"url\":\"https:\/\/www.neotec.cz\/ikaprocess\/\",\"name\":\"NEOTEC, spol. s r.o. - procesn\u00ed technologie firmy IKA\",\"description\":\"NEOTEC - v\u00fdhradn\u00ed zastoupen\u00ed firmy IKA pro \u010cR - procesn\u00ed technologie a laboratorn\u00ed technika.\",\"potentialAction\":[{\"@type\":\"SearchAction\",\"target\":{\"@type\":\"EntryPoint\",\"urlTemplate\":\"https:\/\/www.neotec.cz\/ikaprocess\/?s={search_term_string}\"},\"query-input\":{\"@type\":\"PropertyValueSpecification\",\"valueRequired\":true,\"valueName\":\"search_term_string\"}}],\"inLanguage\":\"cs\"}]}<\/script>\n<!-- \/ Yoast SEO plugin. -->","yoast_head_json":{"title":"Typy stojan\u016f - NEOTEC, spol. s r.o. - procesn\u00ed technologie firmy IKA","description":"NEOTEC - zam\u011b\u0159en\u00ed: V\u00fdhradn\u00ed zastoupen\u00ed firmy IKA pro \u010cR.","robots":{"index":"index","follow":"follow","max-snippet":"max-snippet:-1","max-image-preview":"max-image-preview:large","max-video-preview":"max-video-preview:-1"},"canonical":"https:\/\/www.neotec.cz\/ikaprocess\/typy-stojanu\/","og_locale":"cs_CZ","og_type":"article","og_title":"Typy stojan\u016f - NEOTEC, spol. s r.o. - procesn\u00ed technologie firmy IKA","og_description":"NEOTEC - zam\u011b\u0159en\u00ed: V\u00fdhradn\u00ed zastoupen\u00ed firmy IKA pro \u010cR.","og_url":"https:\/\/www.neotec.cz\/ikaprocess\/typy-stojanu\/","og_site_name":"NEOTEC, spol. s r.o. - procesn\u00ed technologie firmy IKA","article_modified_time":"2017-08-18T14:39:37+00:00","og_image":[{"url":"http:\/\/www.neotec.cz\/ikaprocess\/wp-content\/uploads\/2017\/08\/Stands_main_ds_SFH_SFAE_all_sizes_a-217x300.jpg","type":"","width":"","height":""}],"twitter_card":"summary_large_image","twitter_misc":{"Odhadovan\u00e1 doba \u010dten\u00ed":"1 minuta"},"schema":{"@context":"https:\/\/schema.org","@graph":[{"@type":"WebPage","@id":"https:\/\/www.neotec.cz\/ikaprocess\/typy-stojanu\/","url":"https:\/\/www.neotec.cz\/ikaprocess\/typy-stojanu\/","name":"Typy stojan\u016f - NEOTEC, spol. s r.o. - procesn\u00ed technologie firmy IKA","isPartOf":{"@id":"https:\/\/www.neotec.cz\/ikaprocess\/#website"},"primaryImageOfPage":{"@id":"https:\/\/www.neotec.cz\/ikaprocess\/typy-stojanu\/#primaryimage"},"image":{"@id":"https:\/\/www.neotec.cz\/ikaprocess\/typy-stojanu\/#primaryimage"},"thumbnailUrl":"http:\/\/www.neotec.cz\/ikaprocess\/wp-content\/uploads\/2017\/08\/Stands_main_ds_SFH_SFAE_all_sizes_a-217x300.jpg","datePublished":"2017-08-18T14:39:28+00:00","dateModified":"2017-08-18T14:39:37+00:00","description":"NEOTEC - zam\u011b\u0159en\u00ed: V\u00fdhradn\u00ed zastoupen\u00ed firmy IKA pro \u010cR.","breadcrumb":{"@id":"https:\/\/www.neotec.cz\/ikaprocess\/typy-stojanu\/#breadcrumb"},"inLanguage":"cs","potentialAction":[{"@type":"ReadAction","target":["https:\/\/www.neotec.cz\/ikaprocess\/typy-stojanu\/"]}]},{"@type":"ImageObject","inLanguage":"cs","@id":"https:\/\/www.neotec.cz\/ikaprocess\/typy-stojanu\/#primaryimage","url":"http:\/\/www.neotec.cz\/ikaprocess\/wp-content\/uploads\/2017\/08\/Stands_main_ds_SFH_SFAE_all_sizes_a-217x300.jpg","contentUrl":"http:\/\/www.neotec.cz\/ikaprocess\/wp-content\/uploads\/2017\/08\/Stands_main_ds_SFH_SFAE_all_sizes_a-217x300.jpg"},{"@type":"BreadcrumbList","@id":"https:\/\/www.neotec.cz\/ikaprocess\/typy-stojanu\/#breadcrumb","itemListElement":[{"@type":"ListItem","position":1,"name":"Dom\u016f","item":"https:\/\/www.neotec.cz\/ikaprocess\/"},{"@type":"ListItem","position":2,"name":"Typy stojan\u016f"}]},{"@type":"WebSite","@id":"https:\/\/www.neotec.cz\/ikaprocess\/#website","url":"https:\/\/www.neotec.cz\/ikaprocess\/","name":"NEOTEC, spol. s r.o. - procesn\u00ed technologie firmy IKA","description":"NEOTEC - v\u00fdhradn\u00ed zastoupen\u00ed firmy IKA pro \u010cR - procesn\u00ed technologie a laboratorn\u00ed technika.","potentialAction":[{"@type":"SearchAction","target":{"@type":"EntryPoint","urlTemplate":"https:\/\/www.neotec.cz\/ikaprocess\/?s={search_term_string}"},"query-input":{"@type":"PropertyValueSpecification","valueRequired":true,"valueName":"search_term_string"}}],"inLanguage":"cs"}]}},"_links":{"self":[{"href":"https:\/\/www.neotec.cz\/ikaprocess\/wp-json\/wp\/v2\/pages\/2582","targetHints":{"allow":["GET"]}}],"collection":[{"href":"https:\/\/www.neotec.cz\/ikaprocess\/wp-json\/wp\/v2\/pages"}],"about":[{"href":"https:\/\/www.neotec.cz\/ikaprocess\/wp-json\/wp\/v2\/types\/page"}],"author":[{"embeddable":true,"href":"https:\/\/www.neotec.cz\/ikaprocess\/wp-json\/wp\/v2\/users\/1"}],"replies":[{"embeddable":true,"href":"https:\/\/www.neotec.cz\/ikaprocess\/wp-json\/wp\/v2\/comments?post=2582"}],"version-history":[{"count":2,"href":"https:\/\/www.neotec.cz\/ikaprocess\/wp-json\/wp\/v2\/pages\/2582\/revisions"}],"predecessor-version":[{"id":2584,"href":"https:\/\/www.neotec.cz\/ikaprocess\/wp-json\/wp\/v2\/pages\/2582\/revisions\/2584"}],"wp:attachment":[{"href":"https:\/\/www.neotec.cz\/ikaprocess\/wp-json\/wp\/v2\/media?parent=2582"}],"curies":[{"name":"wp","href":"https:\/\/api.w.org\/{rel}","templated":true}]}}