{"id":13,"date":"2016-02-02T19:56:36","date_gmt":"2016-02-02T18:56:36","guid":{"rendered":"http:\/\/www.neotec.cz\/zundnew\/?page_id=13"},"modified":"2026-04-14T08:57:55","modified_gmt":"2026-04-14T07:57:55","slug":"kontakty","status":"publish","type":"page","link":"https:\/\/www.neotec.cz\/orion\/kontakty\/","title":{"rendered":"Kontakty"},"content":{"rendered":"<div id=\"pl-13\"  class=\"panel-layout\" ><div id=\"pg-13-0\"  class=\"panel-grid panel-no-style\" ><div id=\"pgc-13-0-0\"  class=\"panel-grid-cell\" ><div id=\"panel-13-0-0-0\" class=\"so-panel widget widget_sow-editor panel-first-child panel-last-child\" data-index=\"0\" ><div\n\t\t\t\n\t\t\tclass=\"so-widget-sow-editor so-widget-sow-editor-base\"\n\t\t\t\n\t\t><h3 class=\"widget-title\">Kontakty<\/h3>\n<div class=\"siteorigin-widget-tinymce textwidget\">\n\t<p><big><strong>NEOTEC, spol. s r.o.<\/strong><\/big><br \/>\nautorizovan\u00fd prodejce a servis firmy Thermo Scientific<\/p>\n<p>Jinonick\u00e1 804\/80<br \/>\n158 00 Praha 5<br \/>\ntel. +420 <strong>257 289 511<\/strong><br \/>\nmobil: +420 <strong>737 282 828<\/strong><br \/>\ne-mail: <a href=\"mailto:\/\/info@neotec.cz\">info@neotec.cz<\/a><br \/>\n<a href=\"https:\/\/www.google.cz\/maps\/place\/NEOTEC,+spol.+s+r.o.\/@50.0608544,14.3708783,17z\/data=!3m1!4b1!4m2!3m1!1s0x470b95b0acc12f3d:0x537ae73ed4ecdf6b\" target=\"_blank\" rel=\"noopener\">Uk\u00e1zat na map\u011b &gt;&gt;<\/a><\/p>\n<p>I\u010c:<strong> 14893703<\/strong><br \/>\nDI\u010c: <strong>CZ14893703<\/strong><\/p>\n<\/div>\n<\/div><\/div><\/div><div id=\"pgc-13-0-1\"  class=\"panel-grid-cell\" ><div id=\"panel-13-0-1-0\" class=\"so-panel widget widget_sow-editor panel-first-child panel-last-child\" data-index=\"1\" ><div\n\t\t\t\n\t\t\tclass=\"so-widget-sow-editor so-widget-sow-editor-base\"\n\t\t\t\n\t\t>\n<div class=\"siteorigin-widget-tinymce textwidget\">\n\t<p><a href=\"https:\/\/www.neotec.cz\/orion\/wp-content\/uploads\/2025\/01\/QRNeotec.png\"><img loading=\"lazy\" decoding=\"async\" src=\"https:\/\/www.neotec.cz\/orion\/wp-content\/uploads\/2025\/01\/QRNeotec-300x300.png\" alt=\"\" width=\"300\" height=\"300\" class=\"alignnone size-medium wp-image-2630\" srcset=\"https:\/\/www.neotec.cz\/orion\/wp-content\/uploads\/2025\/01\/QRNeotec-300x300.png 300w, https:\/\/www.neotec.cz\/orion\/wp-content\/uploads\/2025\/01\/QRNeotec-1024x1024.png 1024w, https:\/\/www.neotec.cz\/orion\/wp-content\/uploads\/2025\/01\/QRNeotec-150x150.png 150w, https:\/\/www.neotec.cz\/orion\/wp-content\/uploads\/2025\/01\/QRNeotec-768x768.png 768w, https:\/\/www.neotec.cz\/orion\/wp-content\/uploads\/2025\/01\/QRNeotec-1536x1536.png 1536w, https:\/\/www.neotec.cz\/orion\/wp-content\/uploads\/2025\/01\/QRNeotec.png 2046w\" sizes=\"auto, (max-width: 300px) 100vw, 300px\" \/><\/a><\/p>\n<\/div>\n<\/div><\/div><\/div><\/div><div id=\"pg-13-1\"  class=\"panel-grid panel-no-style\" ><div id=\"pgc-13-1-0\"  class=\"panel-grid-cell\" ><div id=\"panel-13-1-0-0\" class=\"so-panel widget widget_sow-editor panel-first-child panel-last-child\" data-index=\"2\" ><div\n\t\t\t\n\t\t\tclass=\"so-widget-sow-editor so-widget-sow-editor-base\"\n\t\t\t\n\t\t>\n<div class=\"siteorigin-widget-tinymce textwidget\">\n\t<table>\n<tbody>\n<tr>\n<td align=\"left\">\n<div style=\"float: none;\">\n<div style=\"float: left; width: 220px;\"><b>Ing. Petr Mich\u00e1lek<\/b><\/div>\n<div style=\"float: left; width: 200px;\"><a href=\"mailto:michalek@neotec.cz\">michalek@neotec.cz<\/a><\/div>\n<div style=\"float: left; width: 200px;\">+420 737 282 829<\/div>\n<div style=\"float: left; width: 380px; padding-bottom: 10px;\"><i>- Thermo Orion, IKA, Syrris - prodej, p\u00e9\u010de o z\u00e1kazn\u00edky<\/i><\/div>\n<\/div>\n<\/td>\n<\/tr>\n<\/tbody>\n<\/table>\n<\/div>\n<\/div><\/div><\/div><\/div><div id=\"pg-13-2\"  class=\"panel-grid panel-no-style\" ><div id=\"pgc-13-2-0\"  class=\"panel-grid-cell\" ><div id=\"panel-13-2-0-0\" class=\"so-panel widget widget_sow-editor panel-first-child panel-last-child\" data-index=\"3\" ><div\n\t\t\t\n\t\t\tclass=\"so-widget-sow-editor so-widget-sow-editor-base\"\n\t\t\t\n\t\t>\n<div class=\"siteorigin-widget-tinymce textwidget\">\n\t<p>Firma zapsan\u00e1 v OR veden\u00e9m u MS Praha odd\u00edl C, vlo\u017eka 1062<\/p>\n<\/div>\n<\/div><\/div><\/div><\/div><\/div>","protected":false},"excerpt":{"rendered":"<p>NEOTEC, spol. s r.o. autorizovan\u00fd prodejce a servis firmy Thermo Scientific Jinonick\u00e1 804\/80 158 00 Praha 5 tel. +420 257 289 511 mobil: +420 737 282 828 e-mail: info@neotec.cz Uk\u00e1zat na map\u011b &gt;&gt; I\u010c: 14893703 DI\u010c: CZ14893703 Ing. Petr Mich\u00e1lek michalek@neotec.cz +420 737 282 829 &#8211; Thermo Orion, IKA, Syrris &#8211; prodej, p\u00e9\u010de o z\u00e1kazn\u00edky<\/p>\n","protected":false},"author":1,"featured_media":0,"parent":0,"menu_order":0,"comment_status":"closed","ping_status":"closed","template":"templates\/template-full-notitle.php","meta":{"footnotes":""},"class_list":["post-13","page","type-page","status-publish","hentry","post"],"yoast_head":"<!-- This site is optimized with the Yoast SEO plugin v24.2 - https:\/\/yoast.com\/wordpress\/plugins\/seo\/ -->\n<title>Kontakty - Neotec, spol. s r.o. - elektrochemick\u00e9 m\u011b\u0159\u00edc\u00ed p\u0159\u00edstroje Thermo Orion<\/title>\n<meta name=\"description\" content=\"NEOTEC - v\u00fdhradn\u00ed zastoupen\u00ed firmy Thermo Scientific pro \u010cR. Elektrochemick\u00e9 m\u011b\u0159\u00edc\u00ed p\u0159\u00edstroje Thermo Orion - pH metry, konduktometry, oximetry, ISE metry, multimetry, elektrody, spektrofotometry.\" \/>\n<meta name=\"robots\" content=\"index, follow, max-snippet:-1, max-image-preview:large, max-video-preview:-1\" \/>\n<link rel=\"canonical\" href=\"https:\/\/www.neotec.cz\/orion\/kontakty\/\" \/>\n<meta property=\"og:locale\" content=\"cs_CZ\" \/>\n<meta property=\"og:type\" content=\"article\" \/>\n<meta property=\"og:title\" content=\"Kontakty - Neotec, spol. s r.o. - elektrochemick\u00e9 m\u011b\u0159\u00edc\u00ed p\u0159\u00edstroje Thermo Orion\" \/>\n<meta property=\"og:description\" content=\"NEOTEC - v\u00fdhradn\u00ed zastoupen\u00ed firmy Thermo Scientific pro \u010cR. Elektrochemick\u00e9 m\u011b\u0159\u00edc\u00ed p\u0159\u00edstroje Thermo Orion - pH metry, konduktometry, oximetry, ISE metry, multimetry, elektrody, spektrofotometry.\" \/>\n<meta property=\"og:url\" content=\"https:\/\/www.neotec.cz\/orion\/kontakty\/\" \/>\n<meta property=\"og:site_name\" content=\"Neotec, spol. s r.o. - elektrochemick\u00e9 m\u011b\u0159\u00edc\u00ed p\u0159\u00edstroje Thermo Orion\" \/>\n<meta property=\"article:modified_time\" content=\"2026-04-14T07:57:55+00:00\" \/>\n<meta property=\"og:image\" content=\"https:\/\/www.neotec.cz\/orion\/wp-content\/uploads\/2025\/01\/QRNeotec.png\" \/>\n\t<meta property=\"og:image:width\" content=\"2046\" \/>\n\t<meta property=\"og:image:height\" content=\"2046\" \/>\n\t<meta property=\"og:image:type\" content=\"image\/png\" \/>\n<meta name=\"twitter:card\" content=\"summary_large_image\" \/>\n<meta name=\"twitter:label1\" content=\"Odhadovan\u00e1 doba \u010dten\u00ed\" \/>\n\t<meta name=\"twitter:data1\" content=\"1 minuta\" \/>\n<script type=\"application\/ld+json\" class=\"yoast-schema-graph\">{\"@context\":\"https:\/\/schema.org\",\"@graph\":[{\"@type\":\"WebPage\",\"@id\":\"https:\/\/www.neotec.cz\/orion\/kontakty\/\",\"url\":\"https:\/\/www.neotec.cz\/orion\/kontakty\/\",\"name\":\"Kontakty - Neotec, spol. s r.o. - elektrochemick\u00e9 m\u011b\u0159\u00edc\u00ed p\u0159\u00edstroje Thermo Orion\",\"isPartOf\":{\"@id\":\"https:\/\/www.neotec.cz\/orion\/#website\"},\"primaryImageOfPage\":{\"@id\":\"https:\/\/www.neotec.cz\/orion\/kontakty\/#primaryimage\"},\"image\":{\"@id\":\"https:\/\/www.neotec.cz\/orion\/kontakty\/#primaryimage\"},\"thumbnailUrl\":\"https:\/\/www.neotec.cz\/orion\/wp-content\/uploads\/2025\/01\/QRNeotec-300x300.png\",\"datePublished\":\"2016-02-02T18:56:36+00:00\",\"dateModified\":\"2026-04-14T07:57:55+00:00\",\"description\":\"NEOTEC - v\u00fdhradn\u00ed zastoupen\u00ed firmy Thermo Scientific pro \u010cR. Elektrochemick\u00e9 m\u011b\u0159\u00edc\u00ed p\u0159\u00edstroje Thermo Orion - pH metry, konduktometry, oximetry, ISE metry, multimetry, elektrody, spektrofotometry.\",\"breadcrumb\":{\"@id\":\"https:\/\/www.neotec.cz\/orion\/kontakty\/#breadcrumb\"},\"inLanguage\":\"cs\",\"potentialAction\":[{\"@type\":\"ReadAction\",\"target\":[\"https:\/\/www.neotec.cz\/orion\/kontakty\/\"]}]},{\"@type\":\"ImageObject\",\"inLanguage\":\"cs\",\"@id\":\"https:\/\/www.neotec.cz\/orion\/kontakty\/#primaryimage\",\"url\":\"https:\/\/www.neotec.cz\/orion\/wp-content\/uploads\/2025\/01\/QRNeotec.png\",\"contentUrl\":\"https:\/\/www.neotec.cz\/orion\/wp-content\/uploads\/2025\/01\/QRNeotec.png\",\"width\":2046,\"height\":2046},{\"@type\":\"BreadcrumbList\",\"@id\":\"https:\/\/www.neotec.cz\/orion\/kontakty\/#breadcrumb\",\"itemListElement\":[{\"@type\":\"ListItem\",\"position\":1,\"name\":\"Dom\u016f\",\"item\":\"https:\/\/www.neotec.cz\/orion\/\"},{\"@type\":\"ListItem\",\"position\":2,\"name\":\"Kontakty\"}]},{\"@type\":\"WebSite\",\"@id\":\"https:\/\/www.neotec.cz\/orion\/#website\",\"url\":\"https:\/\/www.neotec.cz\/orion\/\",\"name\":\"Neotec, spol. s r.o. - elektrochemick\u00e9 m\u011b\u0159\u00edc\u00ed p\u0159\u00edstroje Thermo Orion\",\"description\":\"Firma NEOTEC je autorizovan\u00fdm prodejcem a servisn\u00edm st\u0159ediskem elektrochemick\u00fdch m\u011b\u0159ic\u00edch p\u0159\u00edstroj\u016f Thermo Orion\",\"publisher\":{\"@id\":\"https:\/\/www.neotec.cz\/orion\/#organization\"},\"potentialAction\":[{\"@type\":\"SearchAction\",\"target\":{\"@type\":\"EntryPoint\",\"urlTemplate\":\"https:\/\/www.neotec.cz\/orion\/?s={search_term_string}\"},\"query-input\":{\"@type\":\"PropertyValueSpecification\",\"valueRequired\":true,\"valueName\":\"search_term_string\"}}],\"inLanguage\":\"cs\"},{\"@type\":\"Organization\",\"@id\":\"https:\/\/www.neotec.cz\/orion\/#organization\",\"name\":\"NEOTEC, spol. s r.o.\",\"url\":\"https:\/\/www.neotec.cz\/orion\/\",\"logo\":{\"@type\":\"ImageObject\",\"inLanguage\":\"cs\",\"@id\":\"https:\/\/www.neotec.cz\/orion\/#\/schema\/logo\/image\/\",\"url\":\"https:\/\/www.neotec.cz\/orion\/wp-content\/uploads\/2016\/02\/neotec1v-e1454514457694.bmp\",\"contentUrl\":\"https:\/\/www.neotec.cz\/orion\/wp-content\/uploads\/2016\/02\/neotec1v-e1454514457694.bmp\",\"width\":71,\"height\":71,\"caption\":\"NEOTEC, spol. s r.o.\"},\"image\":{\"@id\":\"https:\/\/www.neotec.cz\/orion\/#\/schema\/logo\/image\/\"},\"sameAs\":[\"https:\/\/www.youtube.com\/user\/Neotecsro\"]}]}<\/script>\n<!-- \/ Yoast SEO plugin. -->","yoast_head_json":{"title":"Kontakty - Neotec, spol. s r.o. - elektrochemick\u00e9 m\u011b\u0159\u00edc\u00ed p\u0159\u00edstroje Thermo Orion","description":"NEOTEC - v\u00fdhradn\u00ed zastoupen\u00ed firmy Thermo Scientific pro \u010cR. Elektrochemick\u00e9 m\u011b\u0159\u00edc\u00ed p\u0159\u00edstroje Thermo Orion - pH metry, konduktometry, oximetry, ISE metry, multimetry, elektrody, spektrofotometry.","robots":{"index":"index","follow":"follow","max-snippet":"max-snippet:-1","max-image-preview":"max-image-preview:large","max-video-preview":"max-video-preview:-1"},"canonical":"https:\/\/www.neotec.cz\/orion\/kontakty\/","og_locale":"cs_CZ","og_type":"article","og_title":"Kontakty - Neotec, spol. s r.o. - elektrochemick\u00e9 m\u011b\u0159\u00edc\u00ed p\u0159\u00edstroje Thermo Orion","og_description":"NEOTEC - v\u00fdhradn\u00ed zastoupen\u00ed firmy Thermo Scientific pro \u010cR. Elektrochemick\u00e9 m\u011b\u0159\u00edc\u00ed p\u0159\u00edstroje Thermo Orion - pH metry, konduktometry, oximetry, ISE metry, multimetry, elektrody, spektrofotometry.","og_url":"https:\/\/www.neotec.cz\/orion\/kontakty\/","og_site_name":"Neotec, spol. s r.o. - elektrochemick\u00e9 m\u011b\u0159\u00edc\u00ed p\u0159\u00edstroje Thermo Orion","article_modified_time":"2026-04-14T07:57:55+00:00","og_image":[{"width":2046,"height":2046,"url":"https:\/\/www.neotec.cz\/orion\/wp-content\/uploads\/2025\/01\/QRNeotec.png","type":"image\/png"}],"twitter_card":"summary_large_image","twitter_misc":{"Odhadovan\u00e1 doba \u010dten\u00ed":"1 minuta"},"schema":{"@context":"https:\/\/schema.org","@graph":[{"@type":"WebPage","@id":"https:\/\/www.neotec.cz\/orion\/kontakty\/","url":"https:\/\/www.neotec.cz\/orion\/kontakty\/","name":"Kontakty - Neotec, spol. s r.o. - elektrochemick\u00e9 m\u011b\u0159\u00edc\u00ed p\u0159\u00edstroje Thermo Orion","isPartOf":{"@id":"https:\/\/www.neotec.cz\/orion\/#website"},"primaryImageOfPage":{"@id":"https:\/\/www.neotec.cz\/orion\/kontakty\/#primaryimage"},"image":{"@id":"https:\/\/www.neotec.cz\/orion\/kontakty\/#primaryimage"},"thumbnailUrl":"https:\/\/www.neotec.cz\/orion\/wp-content\/uploads\/2025\/01\/QRNeotec-300x300.png","datePublished":"2016-02-02T18:56:36+00:00","dateModified":"2026-04-14T07:57:55+00:00","description":"NEOTEC - v\u00fdhradn\u00ed zastoupen\u00ed firmy Thermo Scientific pro \u010cR. Elektrochemick\u00e9 m\u011b\u0159\u00edc\u00ed p\u0159\u00edstroje Thermo Orion - pH metry, konduktometry, oximetry, ISE metry, multimetry, elektrody, spektrofotometry.","breadcrumb":{"@id":"https:\/\/www.neotec.cz\/orion\/kontakty\/#breadcrumb"},"inLanguage":"cs","potentialAction":[{"@type":"ReadAction","target":["https:\/\/www.neotec.cz\/orion\/kontakty\/"]}]},{"@type":"ImageObject","inLanguage":"cs","@id":"https:\/\/www.neotec.cz\/orion\/kontakty\/#primaryimage","url":"https:\/\/www.neotec.cz\/orion\/wp-content\/uploads\/2025\/01\/QRNeotec.png","contentUrl":"https:\/\/www.neotec.cz\/orion\/wp-content\/uploads\/2025\/01\/QRNeotec.png","width":2046,"height":2046},{"@type":"BreadcrumbList","@id":"https:\/\/www.neotec.cz\/orion\/kontakty\/#breadcrumb","itemListElement":[{"@type":"ListItem","position":1,"name":"Dom\u016f","item":"https:\/\/www.neotec.cz\/orion\/"},{"@type":"ListItem","position":2,"name":"Kontakty"}]},{"@type":"WebSite","@id":"https:\/\/www.neotec.cz\/orion\/#website","url":"https:\/\/www.neotec.cz\/orion\/","name":"Neotec, spol. s r.o. - elektrochemick\u00e9 m\u011b\u0159\u00edc\u00ed p\u0159\u00edstroje Thermo Orion","description":"Firma NEOTEC je autorizovan\u00fdm prodejcem a servisn\u00edm st\u0159ediskem elektrochemick\u00fdch m\u011b\u0159ic\u00edch p\u0159\u00edstroj\u016f Thermo Orion","publisher":{"@id":"https:\/\/www.neotec.cz\/orion\/#organization"},"potentialAction":[{"@type":"SearchAction","target":{"@type":"EntryPoint","urlTemplate":"https:\/\/www.neotec.cz\/orion\/?s={search_term_string}"},"query-input":{"@type":"PropertyValueSpecification","valueRequired":true,"valueName":"search_term_string"}}],"inLanguage":"cs"},{"@type":"Organization","@id":"https:\/\/www.neotec.cz\/orion\/#organization","name":"NEOTEC, spol. s r.o.","url":"https:\/\/www.neotec.cz\/orion\/","logo":{"@type":"ImageObject","inLanguage":"cs","@id":"https:\/\/www.neotec.cz\/orion\/#\/schema\/logo\/image\/","url":"https:\/\/www.neotec.cz\/orion\/wp-content\/uploads\/2016\/02\/neotec1v-e1454514457694.bmp","contentUrl":"https:\/\/www.neotec.cz\/orion\/wp-content\/uploads\/2016\/02\/neotec1v-e1454514457694.bmp","width":71,"height":71,"caption":"NEOTEC, spol. s r.o."},"image":{"@id":"https:\/\/www.neotec.cz\/orion\/#\/schema\/logo\/image\/"},"sameAs":["https:\/\/www.youtube.com\/user\/Neotecsro"]}]}},"_links":{"self":[{"href":"https:\/\/www.neotec.cz\/orion\/wp-json\/wp\/v2\/pages\/13","targetHints":{"allow":["GET"]}}],"collection":[{"href":"https:\/\/www.neotec.cz\/orion\/wp-json\/wp\/v2\/pages"}],"about":[{"href":"https:\/\/www.neotec.cz\/orion\/wp-json\/wp\/v2\/types\/page"}],"author":[{"embeddable":true,"href":"https:\/\/www.neotec.cz\/orion\/wp-json\/wp\/v2\/users\/1"}],"replies":[{"embeddable":true,"href":"https:\/\/www.neotec.cz\/orion\/wp-json\/wp\/v2\/comments?post=13"}],"version-history":[{"count":66,"href":"https:\/\/www.neotec.cz\/orion\/wp-json\/wp\/v2\/pages\/13\/revisions"}],"predecessor-version":[{"id":2636,"href":"https:\/\/www.neotec.cz\/orion\/wp-json\/wp\/v2\/pages\/13\/revisions\/2636"}],"wp:attachment":[{"href":"https:\/\/www.neotec.cz\/orion\/wp-json\/wp\/v2\/media?parent=13"}],"curies":[{"name":"wp","href":"https:\/\/api.w.org\/{rel}","templated":true}]}}