{"id":1754,"date":"2017-05-19T12:18:40","date_gmt":"2017-05-19T11:18:40","guid":{"rendered":"http:\/\/www.neotec.cz\/orion\/?page_id=1754"},"modified":"2017-05-30T07:29:44","modified_gmt":"2017-05-30T06:29:44","slug":"stara111","status":"publish","type":"page","link":"https:\/\/www.neotec.cz\/orion\/stara111\/","title":{"rendered":"pH metr Orion Star A111"},"content":{"rendered":"<div id=\"pl-1754\"  class=\"panel-layout\" ><div id=\"pg-1754-0\"  class=\"panel-grid panel-no-style\" ><div id=\"pgc-1754-0-0\"  class=\"panel-grid-cell\" ><div id=\"panel-1754-0-0-0\" class=\"so-panel widget widget_sow-editor panel-first-child panel-last-child\" data-index=\"0\" ><div\n\t\t\t\n\t\t\tclass=\"so-widget-sow-editor so-widget-sow-editor-base\"\n\t\t\t\n\t\t>\n<div class=\"siteorigin-widget-tinymce textwidget\">\n\t<h1><strong>Laboratorn\u00ed pH metr Thermo Scientific Orion Star A111<\/strong><\/h1>\n<\/div>\n<\/div><\/div><\/div><\/div><div id=\"pg-1754-1\"  class=\"panel-grid panel-no-style\" ><div id=\"pgc-1754-1-0\"  class=\"panel-grid-cell\" ><div id=\"panel-1754-1-0-0\" class=\"so-panel widget widget_sow-image panel-first-child panel-last-child\" data-index=\"1\" ><div\n\t\t\t\n\t\t\tclass=\"so-widget-sow-image so-widget-sow-image-default-8b5b6f678277-1754\"\n\t\t\t\n\t\t>\n\n<div class=\"sow-image-container\">\n\t\t<img loading=\"lazy\" decoding=\"async\" src=\"https:\/\/www.neotec.cz\/orion\/wp-content\/uploads\/2017\/05\/a111.png\" width=\"250\" height=\"250\" srcset=\"https:\/\/www.neotec.cz\/orion\/wp-content\/uploads\/2017\/05\/a111.png 250w, https:\/\/www.neotec.cz\/orion\/wp-content\/uploads\/2017\/05\/a111-150x150.png 150w\" sizes=\"auto, (max-width: 250px) 100vw, 250px\" alt=\"\" \t\tclass=\"so-widget-image\"\/>\n\t<\/div>\n\n<\/div><\/div><\/div><div id=\"pgc-1754-1-1\"  class=\"panel-grid-cell\" ><div id=\"panel-1754-1-1-0\" class=\"so-panel widget widget_sow-editor panel-first-child panel-last-child\" data-index=\"2\" ><div\n\t\t\t\n\t\t\tclass=\"so-widget-sow-editor so-widget-sow-editor-base\"\n\t\t\t\n\t\t>\n<div class=\"siteorigin-widget-tinymce textwidget\">\n\t<p>Laboratorn\u00ed p\u0159\u00edstroj Orion Star A111 k m\u011b\u0159en\u00ed pH se vyzna\u010duje jednoduchost\u00ed, p\u0159esnost\u00ed a dostupnost\u00ed. Kryt t\u011bchto z\u00e1kladn\u00edch jednoparametrov\u00fdch p\u0159\u00edstroj\u016f spl\u0148uje stupe\u0148 kryt\u00ed IP54. P\u0159\u00edstroje jsou vybaveny velk\u00fdm LCD displejem pro zobrazen\u00ed m\u011b\u0159en\u00fdch hodnot v\u010detn\u011b ikon pro rychl\u00e9 informace. Snadn\u00e9 ovl\u00e1d\u00e1n\u00ed je zaji\u0161t\u011bno jednoduch\u00fdm rozlo\u017een\u00edm tla\u010d\u00edtek, pomocn\u00e9 zpr\u00e1vy na displeji usnad\u0148uj\u00ed proces nastaven\u00ed v menu a tak\u00e9 proveden\u00ed kalibrace. Pokud pot\u0159ebujete prov\u00e1d\u011bt pouze z\u00e1kladn\u00ed m\u011b\u0159en\u00ed pH je pro V\u00e1s p\u0159\u00edstroj Orion Star A111 nejlep\u0161\u00ed volbou.<\/p>\n\n<table id=\"tablepress-12\" class=\"tablepress tablepress-id-12\">\n<thead>\n<tr class=\"row-1\">\n\t<th colspan=\"2\" class=\"column-1\">Technick\u00e9 parametry<\/th>\n<\/tr>\n<\/thead>\n<tbody class=\"row-striping row-hover\">\n<tr class=\"row-2\">\n\t<td class=\"column-1\">Re\u017eimy m\u011b\u0159en\u00ed<\/td><td class=\"column-2\">pH, mV, Temp<\/td>\n<\/tr>\n<tr class=\"row-3\">\n\t<td class=\"column-1\">Typ<\/td><td class=\"column-2\">laboratorn\u00ed pH metr<\/td>\n<\/tr>\n<tr class=\"row-4\">\n\t<td class=\"column-1\">pH<\/td><td class=\"column-2\">-2,00 a\u017e 16,00<\/td>\n<\/tr>\n<tr class=\"row-5\">\n\t<td class=\"column-1\">Rozli\u0161en\u00ed<\/td><td class=\"column-2\">0,1; 0,01<\/td>\n<\/tr>\n<tr class=\"row-6\">\n\t<td class=\"column-1\">Kalibrace pH<\/td><td class=\"column-2\">a\u017e 3 body<\/td>\n<\/tr>\n<tr class=\"row-7\">\n\t<td class=\"column-1\">mV<\/td><td class=\"column-2\">-1600,0 a\u017e +1600,0 mV<\/td>\n<\/tr>\n<tr class=\"row-8\">\n\t<td class=\"column-1\">RmV<\/td><td class=\"column-2\">-1999,9 a\u017e +1999,9 mV<\/td>\n<\/tr>\n<tr class=\"row-9\">\n\t<td class=\"column-1\">Teplota<\/td><td class=\"column-2\">-5 a\u017e 105\u00b0C<\/td>\n<\/tr>\n<tr class=\"row-10\">\n\t<td class=\"column-1\">Stupe\u0148 kryt\u00ed<\/td><td class=\"column-2\">IP54<\/td>\n<\/tr>\n<tr class=\"row-11\">\n\t<td class=\"column-1\">Protokol GMP\/GLP<\/td><td class=\"column-2\">-<\/td>\n<\/tr>\n<tr class=\"row-12\">\n\t<td class=\"column-1\">Pam\u011b\u0165<\/td><td class=\"column-2\">50 datov\u00fdch v\u011bt<\/td>\n<\/tr>\n<tr class=\"row-13\">\n\t<td class=\"column-1\">Komunika\u010dn\u00ed rozhran\u00ed<br \/>\n<\/td><td class=\"column-2\">-<\/td>\n<\/tr>\n<\/tbody>\n<\/table>\n<!-- #tablepress-12 from cache -->\n<\/div>\n<\/div><\/div><\/div><\/div><div id=\"pg-1754-2\"  class=\"panel-grid panel-no-style\" ><div id=\"pgc-1754-2-0\"  class=\"panel-grid-cell\" ><div id=\"panel-1754-2-0-0\" class=\"so-panel widget widget_sow-editor panel-first-child panel-last-child\" data-index=\"3\" ><div\n\t\t\t\n\t\t\tclass=\"so-widget-sow-editor so-widget-sow-editor-base\"\n\t\t\t\n\t\t><h3 class=\"widget-title\">Ke sta\u017een\u00ed:<\/h3>\n<div class=\"siteorigin-widget-tinymce textwidget\">\n\t<p><img loading=\"lazy\" decoding=\"async\" class=\"size-full wp-image-1599 alignleft\" src=\"http:\/\/www.neotec.cz\/orion\/wp-content\/uploads\/2017\/05\/pdf.gif\" alt=\"\" width=\"37\" height=\"36\" \/><a href=\"http:\/\/www.neotec.cz\/orion\/wp-content\/uploads\/2017\/05\/data_A111.pdf\" target=\"_blank\" rel=\"noopener noreferrer\">Technick\u00fd list<\/a><\/p>\n<\/div>\n<\/div><\/div><\/div><\/div><\/div>","protected":false},"excerpt":{"rendered":"<p>Laboratorn\u00ed pH metr Thermo Scientific Orion Star A111 Laboratorn\u00ed p\u0159\u00edstroj Orion Star A111 k m\u011b\u0159en\u00ed pH se vyzna\u010duje jednoduchost\u00ed, p\u0159esnost\u00ed a dostupnost\u00ed. Kryt t\u011bchto z\u00e1kladn\u00edch jednoparametrov\u00fdch p\u0159\u00edstroj\u016f spl\u0148uje stupe\u0148 kryt\u00ed IP54. P\u0159\u00edstroje jsou vybaveny velk\u00fdm LCD displejem pro zobrazen\u00ed m\u011b\u0159en\u00fdch hodnot v\u010detn\u011b ikon pro rychl\u00e9 informace. Snadn\u00e9 ovl\u00e1d\u00e1n\u00ed je zaji\u0161t\u011bno jednoduch\u00fdm rozlo\u017een\u00edm tla\u010d\u00edtek, pomocn\u00e9 zpr\u00e1vy [&hellip;]<\/p>\n","protected":false},"author":1,"featured_media":0,"parent":0,"menu_order":0,"comment_status":"closed","ping_status":"closed","template":"templates\/template-full-notitle.php","meta":{"footnotes":""},"class_list":["post-1754","page","type-page","status-publish","hentry","post"],"yoast_head":"<!-- This site is optimized with the Yoast SEO plugin v24.2 - https:\/\/yoast.com\/wordpress\/plugins\/seo\/ -->\n<title>pH metr Orion Star A111 - Neotec, spol. s r.o. - elektrochemick\u00e9 m\u011b\u0159\u00edc\u00ed p\u0159\u00edstroje Thermo Orion<\/title>\n<meta name=\"description\" content=\"NEOTEC - v\u00fdhradn\u00ed zastoupen\u00ed firmy Thermo Scientific pro \u010cR. Elektrochemick\u00e9 m\u011b\u0159\u00edc\u00ed p\u0159\u00edstroje Thermo Orion - pH metry, konduktometry, oximetry, ISE metry, multimetry, elektrody, spektrofotometry.\" \/>\n<meta name=\"robots\" content=\"index, follow, max-snippet:-1, max-image-preview:large, max-video-preview:-1\" \/>\n<link rel=\"canonical\" href=\"https:\/\/www.neotec.cz\/orion\/stara111\/\" \/>\n<meta property=\"og:locale\" content=\"cs_CZ\" \/>\n<meta property=\"og:type\" content=\"article\" \/>\n<meta property=\"og:title\" content=\"pH metr Orion Star A111 - Neotec, spol. s r.o. - elektrochemick\u00e9 m\u011b\u0159\u00edc\u00ed p\u0159\u00edstroje Thermo Orion\" \/>\n<meta property=\"og:description\" content=\"NEOTEC - v\u00fdhradn\u00ed zastoupen\u00ed firmy Thermo Scientific pro \u010cR. Elektrochemick\u00e9 m\u011b\u0159\u00edc\u00ed p\u0159\u00edstroje Thermo Orion - pH metry, konduktometry, oximetry, ISE metry, multimetry, elektrody, spektrofotometry.\" \/>\n<meta property=\"og:url\" content=\"https:\/\/www.neotec.cz\/orion\/stara111\/\" \/>\n<meta property=\"og:site_name\" content=\"Neotec, spol. s r.o. - elektrochemick\u00e9 m\u011b\u0159\u00edc\u00ed p\u0159\u00edstroje Thermo Orion\" \/>\n<meta property=\"article:modified_time\" content=\"2017-05-30T06:29:44+00:00\" \/>\n<meta property=\"og:image\" content=\"http:\/\/www.neotec.cz\/orion\/wp-content\/uploads\/2017\/05\/a111.png\" \/>\n<meta name=\"twitter:card\" content=\"summary_large_image\" \/>\n<meta name=\"twitter:label1\" content=\"Odhadovan\u00e1 doba \u010dten\u00ed\" \/>\n\t<meta name=\"twitter:data1\" content=\"1 minuta\" \/>\n<script type=\"application\/ld+json\" class=\"yoast-schema-graph\">{\"@context\":\"https:\/\/schema.org\",\"@graph\":[{\"@type\":\"WebPage\",\"@id\":\"https:\/\/www.neotec.cz\/orion\/stara111\/\",\"url\":\"https:\/\/www.neotec.cz\/orion\/stara111\/\",\"name\":\"pH metr Orion Star A111 - Neotec, spol. s r.o. - elektrochemick\u00e9 m\u011b\u0159\u00edc\u00ed p\u0159\u00edstroje Thermo Orion\",\"isPartOf\":{\"@id\":\"https:\/\/www.neotec.cz\/orion\/#website\"},\"primaryImageOfPage\":{\"@id\":\"https:\/\/www.neotec.cz\/orion\/stara111\/#primaryimage\"},\"image\":{\"@id\":\"https:\/\/www.neotec.cz\/orion\/stara111\/#primaryimage\"},\"thumbnailUrl\":\"http:\/\/www.neotec.cz\/orion\/wp-content\/uploads\/2017\/05\/a111.png\",\"datePublished\":\"2017-05-19T11:18:40+00:00\",\"dateModified\":\"2017-05-30T06:29:44+00:00\",\"description\":\"NEOTEC - v\u00fdhradn\u00ed zastoupen\u00ed firmy Thermo Scientific pro \u010cR. Elektrochemick\u00e9 m\u011b\u0159\u00edc\u00ed p\u0159\u00edstroje Thermo Orion - pH metry, konduktometry, oximetry, ISE metry, multimetry, elektrody, spektrofotometry.\",\"breadcrumb\":{\"@id\":\"https:\/\/www.neotec.cz\/orion\/stara111\/#breadcrumb\"},\"inLanguage\":\"cs\",\"potentialAction\":[{\"@type\":\"ReadAction\",\"target\":[\"https:\/\/www.neotec.cz\/orion\/stara111\/\"]}]},{\"@type\":\"ImageObject\",\"inLanguage\":\"cs\",\"@id\":\"https:\/\/www.neotec.cz\/orion\/stara111\/#primaryimage\",\"url\":\"http:\/\/www.neotec.cz\/orion\/wp-content\/uploads\/2017\/05\/a111.png\",\"contentUrl\":\"http:\/\/www.neotec.cz\/orion\/wp-content\/uploads\/2017\/05\/a111.png\"},{\"@type\":\"BreadcrumbList\",\"@id\":\"https:\/\/www.neotec.cz\/orion\/stara111\/#breadcrumb\",\"itemListElement\":[{\"@type\":\"ListItem\",\"position\":1,\"name\":\"Dom\u016f\",\"item\":\"https:\/\/www.neotec.cz\/orion\/\"},{\"@type\":\"ListItem\",\"position\":2,\"name\":\"pH metr Orion Star A111\"}]},{\"@type\":\"WebSite\",\"@id\":\"https:\/\/www.neotec.cz\/orion\/#website\",\"url\":\"https:\/\/www.neotec.cz\/orion\/\",\"name\":\"Neotec, spol. s r.o. - elektrochemick\u00e9 m\u011b\u0159\u00edc\u00ed p\u0159\u00edstroje Thermo Orion\",\"description\":\"Firma NEOTEC je autorizovan\u00fdm prodejcem a servisn\u00edm st\u0159ediskem elektrochemick\u00fdch m\u011b\u0159ic\u00edch p\u0159\u00edstroj\u016f Thermo Orion\",\"publisher\":{\"@id\":\"https:\/\/www.neotec.cz\/orion\/#organization\"},\"potentialAction\":[{\"@type\":\"SearchAction\",\"target\":{\"@type\":\"EntryPoint\",\"urlTemplate\":\"https:\/\/www.neotec.cz\/orion\/?s={search_term_string}\"},\"query-input\":{\"@type\":\"PropertyValueSpecification\",\"valueRequired\":true,\"valueName\":\"search_term_string\"}}],\"inLanguage\":\"cs\"},{\"@type\":\"Organization\",\"@id\":\"https:\/\/www.neotec.cz\/orion\/#organization\",\"name\":\"NEOTEC, spol. s r.o.\",\"url\":\"https:\/\/www.neotec.cz\/orion\/\",\"logo\":{\"@type\":\"ImageObject\",\"inLanguage\":\"cs\",\"@id\":\"https:\/\/www.neotec.cz\/orion\/#\/schema\/logo\/image\/\",\"url\":\"https:\/\/www.neotec.cz\/orion\/wp-content\/uploads\/2016\/02\/neotec1v-e1454514457694.bmp\",\"contentUrl\":\"https:\/\/www.neotec.cz\/orion\/wp-content\/uploads\/2016\/02\/neotec1v-e1454514457694.bmp\",\"width\":71,\"height\":71,\"caption\":\"NEOTEC, spol. s r.o.\"},\"image\":{\"@id\":\"https:\/\/www.neotec.cz\/orion\/#\/schema\/logo\/image\/\"},\"sameAs\":[\"https:\/\/www.youtube.com\/user\/Neotecsro\"]}]}<\/script>\n<!-- \/ Yoast SEO plugin. -->","yoast_head_json":{"title":"pH metr Orion Star A111 - Neotec, spol. s r.o. - elektrochemick\u00e9 m\u011b\u0159\u00edc\u00ed p\u0159\u00edstroje Thermo Orion","description":"NEOTEC - v\u00fdhradn\u00ed zastoupen\u00ed firmy Thermo Scientific pro \u010cR. Elektrochemick\u00e9 m\u011b\u0159\u00edc\u00ed p\u0159\u00edstroje Thermo Orion - pH metry, konduktometry, oximetry, ISE metry, multimetry, elektrody, spektrofotometry.","robots":{"index":"index","follow":"follow","max-snippet":"max-snippet:-1","max-image-preview":"max-image-preview:large","max-video-preview":"max-video-preview:-1"},"canonical":"https:\/\/www.neotec.cz\/orion\/stara111\/","og_locale":"cs_CZ","og_type":"article","og_title":"pH metr Orion Star A111 - Neotec, spol. s r.o. - elektrochemick\u00e9 m\u011b\u0159\u00edc\u00ed p\u0159\u00edstroje Thermo Orion","og_description":"NEOTEC - v\u00fdhradn\u00ed zastoupen\u00ed firmy Thermo Scientific pro \u010cR. Elektrochemick\u00e9 m\u011b\u0159\u00edc\u00ed p\u0159\u00edstroje Thermo Orion - pH metry, konduktometry, oximetry, ISE metry, multimetry, elektrody, spektrofotometry.","og_url":"https:\/\/www.neotec.cz\/orion\/stara111\/","og_site_name":"Neotec, spol. s r.o. - elektrochemick\u00e9 m\u011b\u0159\u00edc\u00ed p\u0159\u00edstroje Thermo Orion","article_modified_time":"2017-05-30T06:29:44+00:00","og_image":[{"url":"http:\/\/www.neotec.cz\/orion\/wp-content\/uploads\/2017\/05\/a111.png","type":"","width":"","height":""}],"twitter_card":"summary_large_image","twitter_misc":{"Odhadovan\u00e1 doba \u010dten\u00ed":"1 minuta"},"schema":{"@context":"https:\/\/schema.org","@graph":[{"@type":"WebPage","@id":"https:\/\/www.neotec.cz\/orion\/stara111\/","url":"https:\/\/www.neotec.cz\/orion\/stara111\/","name":"pH metr Orion Star A111 - Neotec, spol. s r.o. - elektrochemick\u00e9 m\u011b\u0159\u00edc\u00ed p\u0159\u00edstroje Thermo Orion","isPartOf":{"@id":"https:\/\/www.neotec.cz\/orion\/#website"},"primaryImageOfPage":{"@id":"https:\/\/www.neotec.cz\/orion\/stara111\/#primaryimage"},"image":{"@id":"https:\/\/www.neotec.cz\/orion\/stara111\/#primaryimage"},"thumbnailUrl":"http:\/\/www.neotec.cz\/orion\/wp-content\/uploads\/2017\/05\/a111.png","datePublished":"2017-05-19T11:18:40+00:00","dateModified":"2017-05-30T06:29:44+00:00","description":"NEOTEC - v\u00fdhradn\u00ed zastoupen\u00ed firmy Thermo Scientific pro \u010cR. Elektrochemick\u00e9 m\u011b\u0159\u00edc\u00ed p\u0159\u00edstroje Thermo Orion - pH metry, konduktometry, oximetry, ISE metry, multimetry, elektrody, spektrofotometry.","breadcrumb":{"@id":"https:\/\/www.neotec.cz\/orion\/stara111\/#breadcrumb"},"inLanguage":"cs","potentialAction":[{"@type":"ReadAction","target":["https:\/\/www.neotec.cz\/orion\/stara111\/"]}]},{"@type":"ImageObject","inLanguage":"cs","@id":"https:\/\/www.neotec.cz\/orion\/stara111\/#primaryimage","url":"http:\/\/www.neotec.cz\/orion\/wp-content\/uploads\/2017\/05\/a111.png","contentUrl":"http:\/\/www.neotec.cz\/orion\/wp-content\/uploads\/2017\/05\/a111.png"},{"@type":"BreadcrumbList","@id":"https:\/\/www.neotec.cz\/orion\/stara111\/#breadcrumb","itemListElement":[{"@type":"ListItem","position":1,"name":"Dom\u016f","item":"https:\/\/www.neotec.cz\/orion\/"},{"@type":"ListItem","position":2,"name":"pH metr Orion Star A111"}]},{"@type":"WebSite","@id":"https:\/\/www.neotec.cz\/orion\/#website","url":"https:\/\/www.neotec.cz\/orion\/","name":"Neotec, spol. s r.o. - elektrochemick\u00e9 m\u011b\u0159\u00edc\u00ed p\u0159\u00edstroje Thermo Orion","description":"Firma NEOTEC je autorizovan\u00fdm prodejcem a servisn\u00edm st\u0159ediskem elektrochemick\u00fdch m\u011b\u0159ic\u00edch p\u0159\u00edstroj\u016f Thermo Orion","publisher":{"@id":"https:\/\/www.neotec.cz\/orion\/#organization"},"potentialAction":[{"@type":"SearchAction","target":{"@type":"EntryPoint","urlTemplate":"https:\/\/www.neotec.cz\/orion\/?s={search_term_string}"},"query-input":{"@type":"PropertyValueSpecification","valueRequired":true,"valueName":"search_term_string"}}],"inLanguage":"cs"},{"@type":"Organization","@id":"https:\/\/www.neotec.cz\/orion\/#organization","name":"NEOTEC, spol. s r.o.","url":"https:\/\/www.neotec.cz\/orion\/","logo":{"@type":"ImageObject","inLanguage":"cs","@id":"https:\/\/www.neotec.cz\/orion\/#\/schema\/logo\/image\/","url":"https:\/\/www.neotec.cz\/orion\/wp-content\/uploads\/2016\/02\/neotec1v-e1454514457694.bmp","contentUrl":"https:\/\/www.neotec.cz\/orion\/wp-content\/uploads\/2016\/02\/neotec1v-e1454514457694.bmp","width":71,"height":71,"caption":"NEOTEC, spol. s r.o."},"image":{"@id":"https:\/\/www.neotec.cz\/orion\/#\/schema\/logo\/image\/"},"sameAs":["https:\/\/www.youtube.com\/user\/Neotecsro"]}]}},"_links":{"self":[{"href":"https:\/\/www.neotec.cz\/orion\/wp-json\/wp\/v2\/pages\/1754","targetHints":{"allow":["GET"]}}],"collection":[{"href":"https:\/\/www.neotec.cz\/orion\/wp-json\/wp\/v2\/pages"}],"about":[{"href":"https:\/\/www.neotec.cz\/orion\/wp-json\/wp\/v2\/types\/page"}],"author":[{"embeddable":true,"href":"https:\/\/www.neotec.cz\/orion\/wp-json\/wp\/v2\/users\/1"}],"replies":[{"embeddable":true,"href":"https:\/\/www.neotec.cz\/orion\/wp-json\/wp\/v2\/comments?post=1754"}],"version-history":[{"count":7,"href":"https:\/\/www.neotec.cz\/orion\/wp-json\/wp\/v2\/pages\/1754\/revisions"}],"predecessor-version":[{"id":2429,"href":"https:\/\/www.neotec.cz\/orion\/wp-json\/wp\/v2\/pages\/1754\/revisions\/2429"}],"wp:attachment":[{"href":"https:\/\/www.neotec.cz\/orion\/wp-json\/wp\/v2\/media?parent=1754"}],"curies":[{"name":"wp","href":"https:\/\/api.w.org\/{rel}","templated":true}]}}