{"id":2027,"date":"2017-05-23T08:19:28","date_gmt":"2017-05-23T07:19:28","guid":{"rendered":"http:\/\/www.neotec.cz\/orion\/?page_id=2027"},"modified":"2017-05-29T08:38:00","modified_gmt":"2017-05-29T07:38:00","slug":"stara215","status":"publish","type":"page","link":"https:\/\/www.neotec.cz\/orion\/stara215\/","title":{"rendered":"Multimetr Orion Star A215"},"content":{"rendered":"<div id=\"pl-2027\"  class=\"panel-layout\" ><div id=\"pg-2027-0\"  class=\"panel-grid panel-no-style\" ><div id=\"pgc-2027-0-0\"  class=\"panel-grid-cell\" ><div id=\"panel-2027-0-0-0\" class=\"so-panel widget widget_sow-editor panel-first-child panel-last-child\" data-index=\"0\" ><div\n\t\t\t\n\t\t\tclass=\"so-widget-sow-editor so-widget-sow-editor-base\"\n\t\t\t\n\t\t>\n<div class=\"siteorigin-widget-tinymce textwidget\">\n\t<h1><strong>Laboratorn\u00ed multimetr Thermo Scientific Orion Star A215<\/strong><\/h1>\n<\/div>\n<\/div><\/div><\/div><\/div><div id=\"pg-2027-1\"  class=\"panel-grid panel-no-style\" ><div id=\"pgc-2027-1-0\"  class=\"panel-grid-cell\" ><div id=\"panel-2027-1-0-0\" class=\"so-panel widget widget_sow-image panel-first-child panel-last-child\" data-index=\"1\" ><div\n\t\t\t\n\t\t\tclass=\"so-widget-sow-image so-widget-sow-image-default-8b5b6f678277-2027\"\n\t\t\t\n\t\t>\n\n<div class=\"sow-image-container\">\n\t\t<img loading=\"lazy\" decoding=\"async\" src=\"https:\/\/www.neotec.cz\/orion\/wp-content\/uploads\/2017\/05\/a215.png\" width=\"250\" height=\"250\" srcset=\"https:\/\/www.neotec.cz\/orion\/wp-content\/uploads\/2017\/05\/a215.png 250w, https:\/\/www.neotec.cz\/orion\/wp-content\/uploads\/2017\/05\/a215-150x150.png 150w\" sizes=\"auto, (max-width: 250px) 100vw, 250px\" alt=\"\" \t\tclass=\"so-widget-image\"\/>\n\t<\/div>\n\n<\/div><\/div><\/div><div id=\"pgc-2027-1-1\"  class=\"panel-grid-cell\" ><div id=\"panel-2027-1-1-0\" class=\"so-panel widget widget_sow-editor panel-first-child panel-last-child\" data-index=\"2\" ><div\n\t\t\t\n\t\t\tclass=\"so-widget-sow-editor so-widget-sow-editor-base\"\n\t\t\t\n\t\t>\n<div class=\"siteorigin-widget-tinymce textwidget\">\n\t<p>Laboratorn\u00ed p\u0159\u00edstroj Orion Star A215 je ide\u00e1ln\u00ed volbou pro m\u011b\u0159en\u00ed konduktivity a pH, stav\u00ed na kvalit\u011b a p\u0159esnosti m\u011b\u0159en\u00ed. Proveden\u00ed p\u0159\u00edstroje spl\u0148uje stupe\u0148 kryt\u00ed IP54. P\u0159\u00edstroje jsou vybaveny velk\u00fdm grafick\u00fdm LCD displejem pro zobrazen\u00ed m\u011b\u0159en\u00fdch hodnot v\u010detn\u011b ikon pro rychl\u00e9 informace. Snadn\u00e9 ovl\u00e1d\u00e1n\u00ed je zaji\u0161t\u011bno jednoduch\u00fdm rozlo\u017een\u00edm tla\u010d\u00edtek, pomocn\u00e9 zpr\u00e1vy na displeji usnad\u0148uj\u00ed proces nastaven\u00ed v menu a tak\u00e9 proveden\u00ed kalibrace.\u00a0<\/p>\n\n<table id=\"tablepress-25\" class=\"tablepress tablepress-id-25\">\n<thead>\n<tr class=\"row-1\">\n\t<th colspan=\"2\" class=\"column-1\">Technick\u00e9 parametry<\/th>\n<\/tr>\n<\/thead>\n<tbody class=\"row-striping row-hover\">\n<tr class=\"row-2\">\n\t<td class=\"column-1\">Re\u017eimy m\u011b\u0159en\u00ed<\/td><td class=\"column-2\">pH, mV\/RmV, vodivost, rezistivita, salinita, TDS a teplota<\/td>\n<\/tr>\n<tr class=\"row-3\">\n\t<td class=\"column-1\">Typ<\/td><td class=\"column-2\">laboratorn\u00ed multimetr<\/td>\n<\/tr>\n<tr class=\"row-4\">\n\t<td class=\"column-1\">pH<\/td><td class=\"column-2\">-2,000 a\u017e 20,000<\/td>\n<\/tr>\n<tr class=\"row-5\">\n\t<td class=\"column-1\">Rozli\u0161en\u00ed<\/td><td class=\"column-2\">0,1; 0,01; 0,001<\/td>\n<\/tr>\n<tr class=\"row-6\">\n\t<td class=\"column-1\">Kalibrace pH<\/td><td class=\"column-2\">a\u017e 5 bod\u016f<\/td>\n<\/tr>\n<tr class=\"row-7\">\n\t<td class=\"column-1\">mV<\/td><td class=\"column-2\">-2000,0 a\u017e +2000,0 mV<\/td>\n<\/tr>\n<tr class=\"row-8\">\n\t<td class=\"column-1\">RmV<\/td><td class=\"column-2\">-2000,0 a\u017e +2000,0 mV<\/td>\n<\/tr>\n<tr class=\"row-9\">\n\t<td class=\"column-1\">Vodivost<\/td><td class=\"column-2\">0,001 uS\/cm a\u017e 3000 mS\/cm<\/td>\n<\/tr>\n<tr class=\"row-10\">\n\t<td class=\"column-1\">Referen\u010dn\u00ed teplota<\/td><td class=\"column-2\">5, 10, 15, 20, 25 \u00b0C<\/td>\n<\/tr>\n<tr class=\"row-11\">\n\t<td class=\"column-1\">Rezistivita<\/td><td class=\"column-2\">2 ohm a\u017e 100 Mohm<\/td>\n<\/tr>\n<tr class=\"row-12\">\n\t<td class=\"column-1\">Salinita<\/td><td class=\"column-2\">0,06 a\u017e 80,00 psu<br \/>\n0,05 a\u017e 42,00 ppt<\/td>\n<\/tr>\n<tr class=\"row-13\">\n\t<td class=\"column-1\">TDS<\/td><td class=\"column-2\">0 a\u017e 200 ppt<\/td>\n<\/tr>\n<tr class=\"row-14\">\n\t<td class=\"column-1\">Teplota<\/td><td class=\"column-2\">-5 a\u017e 105\u00b0C<\/td>\n<\/tr>\n<tr class=\"row-15\">\n\t<td class=\"column-1\">Stupe\u0148 kryt\u00ed<\/td><td class=\"column-2\">IP54<\/td>\n<\/tr>\n<tr class=\"row-16\">\n\t<td class=\"column-1\">Protokol GMP\/GLP<\/td><td class=\"column-2\">ANO<\/td>\n<\/tr>\n<tr class=\"row-17\">\n\t<td class=\"column-1\">Pam\u011b\u0165<\/td><td class=\"column-2\">2000 datov\u00fdch v\u011bt<\/td>\n<\/tr>\n<tr class=\"row-18\">\n\t<td class=\"column-1\">Komunika\u010dn\u00ed rozhran\u00ed<br \/>\n<\/td><td class=\"column-2\">RS-232, USB<\/td>\n<\/tr>\n<\/tbody>\n<\/table>\n<!-- #tablepress-25 from cache -->\n<\/div>\n<\/div><\/div><\/div><\/div><div id=\"pg-2027-2\"  class=\"panel-grid panel-no-style\" ><div id=\"pgc-2027-2-0\"  class=\"panel-grid-cell\" ><div id=\"panel-2027-2-0-0\" class=\"so-panel widget widget_sow-editor panel-first-child panel-last-child\" data-index=\"3\" ><div\n\t\t\t\n\t\t\tclass=\"so-widget-sow-editor so-widget-sow-editor-base\"\n\t\t\t\n\t\t><h3 class=\"widget-title\">Ke sta\u017een\u00ed:<\/h3>\n<div class=\"siteorigin-widget-tinymce textwidget\">\n\t<p><img loading=\"lazy\" decoding=\"async\" class=\"size-full wp-image-1599 alignleft\" src=\"http:\/\/www.neotec.cz\/orion\/wp-content\/uploads\/2017\/05\/pdf.gif\" alt=\"\" width=\"37\" height=\"36\" \/><a href=\"http:\/\/www.neotec.cz\/orion\/wp-content\/uploads\/2017\/05\/data_a215.pdf\" target=\"_blank\" rel=\"noopener noreferrer\">Technick\u00fd list<\/a><\/p>\n<\/div>\n<\/div><\/div><\/div><\/div><\/div>","protected":false},"excerpt":{"rendered":"<p>Laboratorn\u00ed multimetr Thermo Scientific Orion Star A215 Laboratorn\u00ed p\u0159\u00edstroj Orion Star A215 je ide\u00e1ln\u00ed volbou pro m\u011b\u0159en\u00ed konduktivity a pH, stav\u00ed na kvalit\u011b a p\u0159esnosti m\u011b\u0159en\u00ed. Proveden\u00ed p\u0159\u00edstroje spl\u0148uje stupe\u0148 kryt\u00ed IP54. P\u0159\u00edstroje jsou vybaveny velk\u00fdm grafick\u00fdm LCD displejem pro zobrazen\u00ed m\u011b\u0159en\u00fdch hodnot v\u010detn\u011b ikon pro rychl\u00e9 informace. Snadn\u00e9 ovl\u00e1d\u00e1n\u00ed je zaji\u0161t\u011bno jednoduch\u00fdm rozlo\u017een\u00edm tla\u010d\u00edtek, [&hellip;]<\/p>\n","protected":false},"author":1,"featured_media":0,"parent":0,"menu_order":0,"comment_status":"closed","ping_status":"closed","template":"templates\/template-full-notitle.php","meta":{"footnotes":""},"class_list":["post-2027","page","type-page","status-publish","hentry","post"],"yoast_head":"<!-- This site is optimized with the Yoast SEO plugin v24.2 - https:\/\/yoast.com\/wordpress\/plugins\/seo\/ -->\n<title>Multimetr Orion Star A215 - Neotec, spol. s r.o. - elektrochemick\u00e9 m\u011b\u0159\u00edc\u00ed p\u0159\u00edstroje Thermo Orion<\/title>\n<meta name=\"description\" content=\"NEOTEC - v\u00fdhradn\u00ed zastoupen\u00ed firmy Thermo Scientific pro \u010cR. Elektrochemick\u00e9 m\u011b\u0159\u00edc\u00ed p\u0159\u00edstroje Thermo Orion - pH metry, konduktometry, oximetry, ISE metry, multimetry, elektrody, spektrofotometry.\" \/>\n<meta name=\"robots\" content=\"index, follow, max-snippet:-1, max-image-preview:large, max-video-preview:-1\" \/>\n<link rel=\"canonical\" href=\"https:\/\/www.neotec.cz\/orion\/stara215\/\" \/>\n<meta property=\"og:locale\" content=\"cs_CZ\" \/>\n<meta property=\"og:type\" content=\"article\" \/>\n<meta property=\"og:title\" content=\"Multimetr Orion Star A215 - Neotec, spol. s r.o. - elektrochemick\u00e9 m\u011b\u0159\u00edc\u00ed p\u0159\u00edstroje Thermo Orion\" \/>\n<meta property=\"og:description\" content=\"NEOTEC - v\u00fdhradn\u00ed zastoupen\u00ed firmy Thermo Scientific pro \u010cR. Elektrochemick\u00e9 m\u011b\u0159\u00edc\u00ed p\u0159\u00edstroje Thermo Orion - pH metry, konduktometry, oximetry, ISE metry, multimetry, elektrody, spektrofotometry.\" \/>\n<meta property=\"og:url\" content=\"https:\/\/www.neotec.cz\/orion\/stara215\/\" \/>\n<meta property=\"og:site_name\" content=\"Neotec, spol. s r.o. - elektrochemick\u00e9 m\u011b\u0159\u00edc\u00ed p\u0159\u00edstroje Thermo Orion\" \/>\n<meta property=\"article:modified_time\" content=\"2017-05-29T07:38:00+00:00\" \/>\n<meta property=\"og:image\" content=\"http:\/\/www.neotec.cz\/orion\/wp-content\/uploads\/2017\/05\/a215.png\" \/>\n<meta name=\"twitter:card\" content=\"summary_large_image\" \/>\n<script type=\"application\/ld+json\" class=\"yoast-schema-graph\">{\"@context\":\"https:\/\/schema.org\",\"@graph\":[{\"@type\":\"WebPage\",\"@id\":\"https:\/\/www.neotec.cz\/orion\/stara215\/\",\"url\":\"https:\/\/www.neotec.cz\/orion\/stara215\/\",\"name\":\"Multimetr Orion Star A215 - Neotec, spol. s r.o. - elektrochemick\u00e9 m\u011b\u0159\u00edc\u00ed p\u0159\u00edstroje Thermo Orion\",\"isPartOf\":{\"@id\":\"https:\/\/www.neotec.cz\/orion\/#website\"},\"primaryImageOfPage\":{\"@id\":\"https:\/\/www.neotec.cz\/orion\/stara215\/#primaryimage\"},\"image\":{\"@id\":\"https:\/\/www.neotec.cz\/orion\/stara215\/#primaryimage\"},\"thumbnailUrl\":\"http:\/\/www.neotec.cz\/orion\/wp-content\/uploads\/2017\/05\/a215.png\",\"datePublished\":\"2017-05-23T07:19:28+00:00\",\"dateModified\":\"2017-05-29T07:38:00+00:00\",\"description\":\"NEOTEC - v\u00fdhradn\u00ed zastoupen\u00ed firmy Thermo Scientific pro \u010cR. Elektrochemick\u00e9 m\u011b\u0159\u00edc\u00ed p\u0159\u00edstroje Thermo Orion - pH metry, konduktometry, oximetry, ISE metry, multimetry, elektrody, spektrofotometry.\",\"breadcrumb\":{\"@id\":\"https:\/\/www.neotec.cz\/orion\/stara215\/#breadcrumb\"},\"inLanguage\":\"cs\",\"potentialAction\":[{\"@type\":\"ReadAction\",\"target\":[\"https:\/\/www.neotec.cz\/orion\/stara215\/\"]}]},{\"@type\":\"ImageObject\",\"inLanguage\":\"cs\",\"@id\":\"https:\/\/www.neotec.cz\/orion\/stara215\/#primaryimage\",\"url\":\"http:\/\/www.neotec.cz\/orion\/wp-content\/uploads\/2017\/05\/a215.png\",\"contentUrl\":\"http:\/\/www.neotec.cz\/orion\/wp-content\/uploads\/2017\/05\/a215.png\"},{\"@type\":\"BreadcrumbList\",\"@id\":\"https:\/\/www.neotec.cz\/orion\/stara215\/#breadcrumb\",\"itemListElement\":[{\"@type\":\"ListItem\",\"position\":1,\"name\":\"Dom\u016f\",\"item\":\"https:\/\/www.neotec.cz\/orion\/\"},{\"@type\":\"ListItem\",\"position\":2,\"name\":\"Multimetr Orion Star A215\"}]},{\"@type\":\"WebSite\",\"@id\":\"https:\/\/www.neotec.cz\/orion\/#website\",\"url\":\"https:\/\/www.neotec.cz\/orion\/\",\"name\":\"Neotec, spol. s r.o. - elektrochemick\u00e9 m\u011b\u0159\u00edc\u00ed p\u0159\u00edstroje Thermo Orion\",\"description\":\"Firma NEOTEC je autorizovan\u00fdm prodejcem a servisn\u00edm st\u0159ediskem elektrochemick\u00fdch m\u011b\u0159ic\u00edch p\u0159\u00edstroj\u016f Thermo Orion\",\"publisher\":{\"@id\":\"https:\/\/www.neotec.cz\/orion\/#organization\"},\"potentialAction\":[{\"@type\":\"SearchAction\",\"target\":{\"@type\":\"EntryPoint\",\"urlTemplate\":\"https:\/\/www.neotec.cz\/orion\/?s={search_term_string}\"},\"query-input\":{\"@type\":\"PropertyValueSpecification\",\"valueRequired\":true,\"valueName\":\"search_term_string\"}}],\"inLanguage\":\"cs\"},{\"@type\":\"Organization\",\"@id\":\"https:\/\/www.neotec.cz\/orion\/#organization\",\"name\":\"NEOTEC, spol. s r.o.\",\"url\":\"https:\/\/www.neotec.cz\/orion\/\",\"logo\":{\"@type\":\"ImageObject\",\"inLanguage\":\"cs\",\"@id\":\"https:\/\/www.neotec.cz\/orion\/#\/schema\/logo\/image\/\",\"url\":\"https:\/\/www.neotec.cz\/orion\/wp-content\/uploads\/2016\/02\/neotec1v-e1454514457694.bmp\",\"contentUrl\":\"https:\/\/www.neotec.cz\/orion\/wp-content\/uploads\/2016\/02\/neotec1v-e1454514457694.bmp\",\"width\":71,\"height\":71,\"caption\":\"NEOTEC, spol. s r.o.\"},\"image\":{\"@id\":\"https:\/\/www.neotec.cz\/orion\/#\/schema\/logo\/image\/\"},\"sameAs\":[\"https:\/\/www.youtube.com\/user\/Neotecsro\"]}]}<\/script>\n<!-- \/ Yoast SEO plugin. -->","yoast_head_json":{"title":"Multimetr Orion Star A215 - Neotec, spol. s r.o. - elektrochemick\u00e9 m\u011b\u0159\u00edc\u00ed p\u0159\u00edstroje Thermo Orion","description":"NEOTEC - v\u00fdhradn\u00ed zastoupen\u00ed firmy Thermo Scientific pro \u010cR. Elektrochemick\u00e9 m\u011b\u0159\u00edc\u00ed p\u0159\u00edstroje Thermo Orion - pH metry, konduktometry, oximetry, ISE metry, multimetry, elektrody, spektrofotometry.","robots":{"index":"index","follow":"follow","max-snippet":"max-snippet:-1","max-image-preview":"max-image-preview:large","max-video-preview":"max-video-preview:-1"},"canonical":"https:\/\/www.neotec.cz\/orion\/stara215\/","og_locale":"cs_CZ","og_type":"article","og_title":"Multimetr Orion Star A215 - Neotec, spol. s r.o. - elektrochemick\u00e9 m\u011b\u0159\u00edc\u00ed p\u0159\u00edstroje Thermo Orion","og_description":"NEOTEC - v\u00fdhradn\u00ed zastoupen\u00ed firmy Thermo Scientific pro \u010cR. Elektrochemick\u00e9 m\u011b\u0159\u00edc\u00ed p\u0159\u00edstroje Thermo Orion - pH metry, konduktometry, oximetry, ISE metry, multimetry, elektrody, spektrofotometry.","og_url":"https:\/\/www.neotec.cz\/orion\/stara215\/","og_site_name":"Neotec, spol. s r.o. - elektrochemick\u00e9 m\u011b\u0159\u00edc\u00ed p\u0159\u00edstroje Thermo Orion","article_modified_time":"2017-05-29T07:38:00+00:00","og_image":[{"url":"http:\/\/www.neotec.cz\/orion\/wp-content\/uploads\/2017\/05\/a215.png","type":"","width":"","height":""}],"twitter_card":"summary_large_image","schema":{"@context":"https:\/\/schema.org","@graph":[{"@type":"WebPage","@id":"https:\/\/www.neotec.cz\/orion\/stara215\/","url":"https:\/\/www.neotec.cz\/orion\/stara215\/","name":"Multimetr Orion Star A215 - Neotec, spol. s r.o. - elektrochemick\u00e9 m\u011b\u0159\u00edc\u00ed p\u0159\u00edstroje Thermo Orion","isPartOf":{"@id":"https:\/\/www.neotec.cz\/orion\/#website"},"primaryImageOfPage":{"@id":"https:\/\/www.neotec.cz\/orion\/stara215\/#primaryimage"},"image":{"@id":"https:\/\/www.neotec.cz\/orion\/stara215\/#primaryimage"},"thumbnailUrl":"http:\/\/www.neotec.cz\/orion\/wp-content\/uploads\/2017\/05\/a215.png","datePublished":"2017-05-23T07:19:28+00:00","dateModified":"2017-05-29T07:38:00+00:00","description":"NEOTEC - v\u00fdhradn\u00ed zastoupen\u00ed firmy Thermo Scientific pro \u010cR. Elektrochemick\u00e9 m\u011b\u0159\u00edc\u00ed p\u0159\u00edstroje Thermo Orion - pH metry, konduktometry, oximetry, ISE metry, multimetry, elektrody, spektrofotometry.","breadcrumb":{"@id":"https:\/\/www.neotec.cz\/orion\/stara215\/#breadcrumb"},"inLanguage":"cs","potentialAction":[{"@type":"ReadAction","target":["https:\/\/www.neotec.cz\/orion\/stara215\/"]}]},{"@type":"ImageObject","inLanguage":"cs","@id":"https:\/\/www.neotec.cz\/orion\/stara215\/#primaryimage","url":"http:\/\/www.neotec.cz\/orion\/wp-content\/uploads\/2017\/05\/a215.png","contentUrl":"http:\/\/www.neotec.cz\/orion\/wp-content\/uploads\/2017\/05\/a215.png"},{"@type":"BreadcrumbList","@id":"https:\/\/www.neotec.cz\/orion\/stara215\/#breadcrumb","itemListElement":[{"@type":"ListItem","position":1,"name":"Dom\u016f","item":"https:\/\/www.neotec.cz\/orion\/"},{"@type":"ListItem","position":2,"name":"Multimetr Orion Star A215"}]},{"@type":"WebSite","@id":"https:\/\/www.neotec.cz\/orion\/#website","url":"https:\/\/www.neotec.cz\/orion\/","name":"Neotec, spol. s r.o. - elektrochemick\u00e9 m\u011b\u0159\u00edc\u00ed p\u0159\u00edstroje Thermo Orion","description":"Firma NEOTEC je autorizovan\u00fdm prodejcem a servisn\u00edm st\u0159ediskem elektrochemick\u00fdch m\u011b\u0159ic\u00edch p\u0159\u00edstroj\u016f Thermo Orion","publisher":{"@id":"https:\/\/www.neotec.cz\/orion\/#organization"},"potentialAction":[{"@type":"SearchAction","target":{"@type":"EntryPoint","urlTemplate":"https:\/\/www.neotec.cz\/orion\/?s={search_term_string}"},"query-input":{"@type":"PropertyValueSpecification","valueRequired":true,"valueName":"search_term_string"}}],"inLanguage":"cs"},{"@type":"Organization","@id":"https:\/\/www.neotec.cz\/orion\/#organization","name":"NEOTEC, spol. s r.o.","url":"https:\/\/www.neotec.cz\/orion\/","logo":{"@type":"ImageObject","inLanguage":"cs","@id":"https:\/\/www.neotec.cz\/orion\/#\/schema\/logo\/image\/","url":"https:\/\/www.neotec.cz\/orion\/wp-content\/uploads\/2016\/02\/neotec1v-e1454514457694.bmp","contentUrl":"https:\/\/www.neotec.cz\/orion\/wp-content\/uploads\/2016\/02\/neotec1v-e1454514457694.bmp","width":71,"height":71,"caption":"NEOTEC, spol. s r.o."},"image":{"@id":"https:\/\/www.neotec.cz\/orion\/#\/schema\/logo\/image\/"},"sameAs":["https:\/\/www.youtube.com\/user\/Neotecsro"]}]}},"_links":{"self":[{"href":"https:\/\/www.neotec.cz\/orion\/wp-json\/wp\/v2\/pages\/2027","targetHints":{"allow":["GET"]}}],"collection":[{"href":"https:\/\/www.neotec.cz\/orion\/wp-json\/wp\/v2\/pages"}],"about":[{"href":"https:\/\/www.neotec.cz\/orion\/wp-json\/wp\/v2\/types\/page"}],"author":[{"embeddable":true,"href":"https:\/\/www.neotec.cz\/orion\/wp-json\/wp\/v2\/users\/1"}],"replies":[{"embeddable":true,"href":"https:\/\/www.neotec.cz\/orion\/wp-json\/wp\/v2\/comments?post=2027"}],"version-history":[{"count":4,"href":"https:\/\/www.neotec.cz\/orion\/wp-json\/wp\/v2\/pages\/2027\/revisions"}],"predecessor-version":[{"id":2371,"href":"https:\/\/www.neotec.cz\/orion\/wp-json\/wp\/v2\/pages\/2027\/revisions\/2371"}],"wp:attachment":[{"href":"https:\/\/www.neotec.cz\/orion\/wp-json\/wp\/v2\/media?parent=2027"}],"curies":[{"name":"wp","href":"https:\/\/api.w.org\/{rel}","templated":true}]}}