{"id":2151,"date":"2017-05-23T12:59:39","date_gmt":"2017-05-23T11:59:39","guid":{"rendered":"http:\/\/www.neotec.cz\/orion\/?page_id=2151"},"modified":"2017-05-23T13:09:59","modified_gmt":"2017-05-23T12:09:59","slug":"prislus-1","status":"publish","type":"page","link":"https:\/\/www.neotec.cz\/orion\/prislus-1\/","title":{"rendered":"P\u0159\u00edslu\u0161enstv\u00ed &#8211; speci\u00e1ln\u00ed kombinovan\u00e9 pH elektrody"},"content":{"rendered":"<div id=\"pl-2151\"  class=\"panel-layout\" ><div id=\"pg-2151-0\"  class=\"panel-grid panel-no-style\" ><div id=\"pgc-2151-0-0\"  class=\"panel-grid-cell\" ><div id=\"panel-2151-0-0-0\" class=\"so-panel widget widget_sow-editor panel-first-child\" data-index=\"0\" ><div\n\t\t\t\n\t\t\tclass=\"so-widget-sow-editor so-widget-sow-editor-base\"\n\t\t\t\n\t\t>\n<div class=\"siteorigin-widget-tinymce textwidget\">\n\t<h1><strong>P\u0159\u00edslu\u0161enstv\u00ed p\u0159\u00edstroj\u016f Thermo Scientific<\/strong>\u00a0<\/h1>\n<\/div>\n<\/div><\/div><div id=\"panel-2151-0-0-1\" class=\"so-panel widget widget_nav_menu\" data-index=\"1\" ><div class=\"menu-prislusenstvi-container\"><ul id=\"menu-prislusenstvi\" class=\"menu\"><li id=\"menu-item-2155\" class=\"menu-item menu-item-type-post_type menu-item-object-page menu-item-2155\"><a href=\"https:\/\/www.neotec.cz\/orion\/prislus\/\">Kombinovan\u00e9 pH elektrody<\/a><\/li>\n<li id=\"menu-item-2156\" class=\"menu-item menu-item-type-post_type menu-item-object-page menu-item-2156\"><a href=\"https:\/\/www.neotec.cz\/orion\/prislus-1\/\">Speci\u00e1ln\u00ed kombinovan\u00e9 pH elektrody<\/a><\/li>\n<li id=\"menu-item-2197\" class=\"menu-item menu-item-type-post_type menu-item-object-page menu-item-2197\"><a href=\"https:\/\/www.neotec.cz\/orion\/prislus2\/\">ORP elektrody<\/a><\/li>\n<li id=\"menu-item-2198\" class=\"menu-item menu-item-type-post_type menu-item-object-page menu-item-2198\"><a href=\"https:\/\/www.neotec.cz\/orion\/prislus3\/\">Teplotn\u00ed \u010didla ATC<\/a><\/li>\n<li id=\"menu-item-2199\" class=\"menu-item menu-item-type-post_type menu-item-object-page menu-item-2199\"><a href=\"https:\/\/www.neotec.cz\/orion\/prislus4\/\">Elektrolyty<\/a><\/li>\n<li id=\"menu-item-2200\" class=\"menu-item menu-item-type-post_type menu-item-object-page menu-item-2200\"><a href=\"https:\/\/www.neotec.cz\/orion\/prislus5\/\">Pufry<\/a><\/li>\n<li id=\"menu-item-2201\" class=\"menu-item menu-item-type-post_type menu-item-object-page menu-item-2201\"><a href=\"https:\/\/www.neotec.cz\/orion\/prislus6\/\">Elektrolyty a uchov\u00e1vac\u00ed roztoky<\/a><\/li>\n<li id=\"menu-item-2202\" class=\"menu-item menu-item-type-post_type menu-item-object-page menu-item-2202\"><a href=\"https:\/\/www.neotec.cz\/orion\/prislus7\/\">ISE elektrody<\/a><\/li>\n<li id=\"menu-item-2204\" class=\"menu-item menu-item-type-post_type menu-item-object-page menu-item-2204\"><a href=\"https:\/\/www.neotec.cz\/orion\/prislus8\/\">Vodivostn\u00ed standardy<\/a><\/li>\n<li id=\"menu-item-2205\" class=\"menu-item menu-item-type-post_type menu-item-object-page menu-item-2205\"><a href=\"https:\/\/www.neotec.cz\/orion\/prislus9\/\">ORP \/ redox standard<\/a><\/li>\n<li id=\"menu-item-2206\" class=\"menu-item menu-item-type-post_type menu-item-object-page menu-item-2206\"><a href=\"https:\/\/www.neotec.cz\/orion\/prislus10\/\">Ostatn\u00ed<\/a><\/li>\n<\/ul><\/div><\/div><div id=\"panel-2151-0-0-2\" class=\"so-panel widget widget_sow-editor panel-last-child\" data-index=\"2\" ><div\n\t\t\t\n\t\t\tclass=\"so-widget-sow-editor so-widget-sow-editor-base\"\n\t\t\t\n\t\t>\n<div class=\"siteorigin-widget-tinymce textwidget\">\n\t<h2 id=\"tablepress-32-name\" class=\"tablepress-table-name tablepress-table-name-id-32\">Speci\u00e1ln\u00ed kombinovan\u00e9 pH elektrody<\/h2>\n\n<table id=\"tablepress-32\" class=\"tablepress tablepress-id-32\" aria-labelledby=\"tablepress-32-name\">\n<thead>\n<tr class=\"row-1\">\n\t<th class=\"column-1\">Artikl<\/th><th class=\"column-2\">Objednac\u00ed \u010d\u00edslo<\/th>\n<\/tr>\n<\/thead>\n<tbody class=\"row-striping row-hover\">\n<tr class=\"row-2\">\n\t<td class=\"column-1\">Orion 71-20 KNIpHE vpichovac\u00ed KIT<\/td><td class=\"column-2\">7120BN<\/td>\n<\/tr>\n<tr class=\"row-3\">\n\t<td class=\"column-1\">Orion 81-35 ROSS Ultra - Flat - epoxy<\/td><td class=\"column-2\">8135BNU<\/td>\n<\/tr>\n<tr class=\"row-4\">\n\t<td class=\"column-1\">Orion 81-35 ROSS Ultra - Flat - epoxy<\/td><td class=\"column-2\">8135BNUWP<\/td>\n<\/tr>\n<tr class=\"row-5\">\n\t<td class=\"column-1\">Orion 81-03 ROSS semi.micro<\/td><td class=\"column-2\">8103BN<\/td>\n<\/tr>\n<tr class=\"row-6\">\n\t<td class=\"column-1\">Orion 81-03 ROSS semi.micro<\/td><td class=\"column-2\">8103SC<\/td>\n<\/tr>\n<tr class=\"row-7\">\n\t<td class=\"column-1\">Orion 81-03 ROSS Ultra semi.micro<\/td><td class=\"column-2\">8103BNU<\/td>\n<\/tr>\n<tr class=\"row-8\">\n\t<td class=\"column-1\">Orion 81-03 ROSS Ultra semi.micro<\/td><td class=\"column-2\">8103SCU<\/td>\n<\/tr>\n<tr class=\"row-9\">\n\t<td class=\"column-1\">Orion 81-15 ROSS semi-micro - epoxy<\/td><td class=\"column-2\">8115BN<\/td>\n<\/tr>\n<tr class=\"row-10\">\n\t<td class=\"column-1\">Orion 81-15 ROSS semi-micro - epoxy<\/td><td class=\"column-2\">8115SC<\/td>\n<\/tr>\n<tr class=\"row-11\">\n\t<td class=\"column-1\">Orion 81-15 ROSS Ultra semi-micro - epoxy<\/td><td class=\"column-2\">8115BNU<\/td>\n<\/tr>\n<tr class=\"row-12\">\n\t<td class=\"column-1\">Orion 81-15 ROSS Ultra semi-micro - epoxy<\/td><td class=\"column-2\">8115SCU<\/td>\n<\/tr>\n<tr class=\"row-13\">\n\t<td class=\"column-1\">Orion 91-63 vpichovac\u00ed<\/td><td class=\"column-2\">9163SC<\/td>\n<\/tr>\n<\/tbody>\n<\/table>\n<!-- #tablepress-32 from cache -->\n<\/div>\n<\/div><\/div><\/div><\/div><\/div>","protected":false},"excerpt":{"rendered":"<p>P\u0159\u00edslu\u0161enstv\u00ed p\u0159\u00edstroj\u016f Thermo Scientific\u00a0<\/p>\n","protected":false},"author":1,"featured_media":0,"parent":0,"menu_order":0,"comment_status":"closed","ping_status":"closed","template":"templates\/template-full-notitle.php","meta":{"footnotes":""},"class_list":["post-2151","page","type-page","status-publish","hentry","post"],"yoast_head":"<!-- This site is optimized with the Yoast SEO plugin v24.2 - https:\/\/yoast.com\/wordpress\/plugins\/seo\/ -->\n<title>P\u0159\u00edslu\u0161enstv\u00ed - speci\u00e1ln\u00ed kombinovan\u00e9 pH elektrody - Neotec, spol. s r.o. - elektrochemick\u00e9 m\u011b\u0159\u00edc\u00ed p\u0159\u00edstroje Thermo Orion<\/title>\n<meta name=\"description\" content=\"NEOTEC - v\u00fdhradn\u00ed zastoupen\u00ed firmy Thermo Scientific pro \u010cR. Elektrochemick\u00e9 m\u011b\u0159\u00edc\u00ed p\u0159\u00edstroje Thermo Orion - pH metry, konduktometry, oximetry, ISE metry, multimetry, elektrody, spektrofotometry.\" \/>\n<meta name=\"robots\" content=\"index, follow, max-snippet:-1, max-image-preview:large, max-video-preview:-1\" \/>\n<link rel=\"canonical\" href=\"https:\/\/www.neotec.cz\/orion\/prislus-1\/\" \/>\n<meta property=\"og:locale\" content=\"cs_CZ\" \/>\n<meta property=\"og:type\" content=\"article\" \/>\n<meta property=\"og:title\" content=\"P\u0159\u00edslu\u0161enstv\u00ed - speci\u00e1ln\u00ed kombinovan\u00e9 pH elektrody - Neotec, spol. s r.o. - elektrochemick\u00e9 m\u011b\u0159\u00edc\u00ed p\u0159\u00edstroje Thermo Orion\" \/>\n<meta property=\"og:description\" content=\"NEOTEC - v\u00fdhradn\u00ed zastoupen\u00ed firmy Thermo Scientific pro \u010cR. Elektrochemick\u00e9 m\u011b\u0159\u00edc\u00ed p\u0159\u00edstroje Thermo Orion - pH metry, konduktometry, oximetry, ISE metry, multimetry, elektrody, spektrofotometry.\" \/>\n<meta property=\"og:url\" content=\"https:\/\/www.neotec.cz\/orion\/prislus-1\/\" \/>\n<meta property=\"og:site_name\" content=\"Neotec, spol. s r.o. - elektrochemick\u00e9 m\u011b\u0159\u00edc\u00ed p\u0159\u00edstroje Thermo Orion\" \/>\n<meta property=\"article:modified_time\" content=\"2017-05-23T12:09:59+00:00\" \/>\n<meta name=\"twitter:card\" content=\"summary_large_image\" \/>\n<script type=\"application\/ld+json\" class=\"yoast-schema-graph\">{\"@context\":\"https:\/\/schema.org\",\"@graph\":[{\"@type\":\"WebPage\",\"@id\":\"https:\/\/www.neotec.cz\/orion\/prislus-1\/\",\"url\":\"https:\/\/www.neotec.cz\/orion\/prislus-1\/\",\"name\":\"P\u0159\u00edslu\u0161enstv\u00ed - speci\u00e1ln\u00ed kombinovan\u00e9 pH elektrody - Neotec, spol. s r.o. - elektrochemick\u00e9 m\u011b\u0159\u00edc\u00ed p\u0159\u00edstroje Thermo Orion\",\"isPartOf\":{\"@id\":\"https:\/\/www.neotec.cz\/orion\/#website\"},\"datePublished\":\"2017-05-23T11:59:39+00:00\",\"dateModified\":\"2017-05-23T12:09:59+00:00\",\"description\":\"NEOTEC - v\u00fdhradn\u00ed zastoupen\u00ed firmy Thermo Scientific pro \u010cR. Elektrochemick\u00e9 m\u011b\u0159\u00edc\u00ed p\u0159\u00edstroje Thermo Orion - pH metry, konduktometry, oximetry, ISE metry, multimetry, elektrody, spektrofotometry.\",\"breadcrumb\":{\"@id\":\"https:\/\/www.neotec.cz\/orion\/prislus-1\/#breadcrumb\"},\"inLanguage\":\"cs\",\"potentialAction\":[{\"@type\":\"ReadAction\",\"target\":[\"https:\/\/www.neotec.cz\/orion\/prislus-1\/\"]}]},{\"@type\":\"BreadcrumbList\",\"@id\":\"https:\/\/www.neotec.cz\/orion\/prislus-1\/#breadcrumb\",\"itemListElement\":[{\"@type\":\"ListItem\",\"position\":1,\"name\":\"Dom\u016f\",\"item\":\"https:\/\/www.neotec.cz\/orion\/\"},{\"@type\":\"ListItem\",\"position\":2,\"name\":\"P\u0159\u00edslu\u0161enstv\u00ed &#8211; speci\u00e1ln\u00ed kombinovan\u00e9 pH elektrody\"}]},{\"@type\":\"WebSite\",\"@id\":\"https:\/\/www.neotec.cz\/orion\/#website\",\"url\":\"https:\/\/www.neotec.cz\/orion\/\",\"name\":\"Neotec, spol. s r.o. - elektrochemick\u00e9 m\u011b\u0159\u00edc\u00ed p\u0159\u00edstroje Thermo Orion\",\"description\":\"Firma NEOTEC je autorizovan\u00fdm prodejcem a servisn\u00edm st\u0159ediskem elektrochemick\u00fdch m\u011b\u0159ic\u00edch p\u0159\u00edstroj\u016f Thermo Orion\",\"publisher\":{\"@id\":\"https:\/\/www.neotec.cz\/orion\/#organization\"},\"potentialAction\":[{\"@type\":\"SearchAction\",\"target\":{\"@type\":\"EntryPoint\",\"urlTemplate\":\"https:\/\/www.neotec.cz\/orion\/?s={search_term_string}\"},\"query-input\":{\"@type\":\"PropertyValueSpecification\",\"valueRequired\":true,\"valueName\":\"search_term_string\"}}],\"inLanguage\":\"cs\"},{\"@type\":\"Organization\",\"@id\":\"https:\/\/www.neotec.cz\/orion\/#organization\",\"name\":\"NEOTEC, spol. s r.o.\",\"url\":\"https:\/\/www.neotec.cz\/orion\/\",\"logo\":{\"@type\":\"ImageObject\",\"inLanguage\":\"cs\",\"@id\":\"https:\/\/www.neotec.cz\/orion\/#\/schema\/logo\/image\/\",\"url\":\"https:\/\/www.neotec.cz\/orion\/wp-content\/uploads\/2016\/02\/neotec1v-e1454514457694.bmp\",\"contentUrl\":\"https:\/\/www.neotec.cz\/orion\/wp-content\/uploads\/2016\/02\/neotec1v-e1454514457694.bmp\",\"width\":71,\"height\":71,\"caption\":\"NEOTEC, spol. s r.o.\"},\"image\":{\"@id\":\"https:\/\/www.neotec.cz\/orion\/#\/schema\/logo\/image\/\"},\"sameAs\":[\"https:\/\/www.youtube.com\/user\/Neotecsro\"]}]}<\/script>\n<!-- \/ Yoast SEO plugin. -->","yoast_head_json":{"title":"P\u0159\u00edslu\u0161enstv\u00ed - speci\u00e1ln\u00ed kombinovan\u00e9 pH elektrody - Neotec, spol. s r.o. - elektrochemick\u00e9 m\u011b\u0159\u00edc\u00ed p\u0159\u00edstroje Thermo Orion","description":"NEOTEC - v\u00fdhradn\u00ed zastoupen\u00ed firmy Thermo Scientific pro \u010cR. Elektrochemick\u00e9 m\u011b\u0159\u00edc\u00ed p\u0159\u00edstroje Thermo Orion - pH metry, konduktometry, oximetry, ISE metry, multimetry, elektrody, spektrofotometry.","robots":{"index":"index","follow":"follow","max-snippet":"max-snippet:-1","max-image-preview":"max-image-preview:large","max-video-preview":"max-video-preview:-1"},"canonical":"https:\/\/www.neotec.cz\/orion\/prislus-1\/","og_locale":"cs_CZ","og_type":"article","og_title":"P\u0159\u00edslu\u0161enstv\u00ed - speci\u00e1ln\u00ed kombinovan\u00e9 pH elektrody - Neotec, spol. s r.o. - elektrochemick\u00e9 m\u011b\u0159\u00edc\u00ed p\u0159\u00edstroje Thermo Orion","og_description":"NEOTEC - v\u00fdhradn\u00ed zastoupen\u00ed firmy Thermo Scientific pro \u010cR. Elektrochemick\u00e9 m\u011b\u0159\u00edc\u00ed p\u0159\u00edstroje Thermo Orion - pH metry, konduktometry, oximetry, ISE metry, multimetry, elektrody, spektrofotometry.","og_url":"https:\/\/www.neotec.cz\/orion\/prislus-1\/","og_site_name":"Neotec, spol. s r.o. - elektrochemick\u00e9 m\u011b\u0159\u00edc\u00ed p\u0159\u00edstroje Thermo Orion","article_modified_time":"2017-05-23T12:09:59+00:00","twitter_card":"summary_large_image","schema":{"@context":"https:\/\/schema.org","@graph":[{"@type":"WebPage","@id":"https:\/\/www.neotec.cz\/orion\/prislus-1\/","url":"https:\/\/www.neotec.cz\/orion\/prislus-1\/","name":"P\u0159\u00edslu\u0161enstv\u00ed - speci\u00e1ln\u00ed kombinovan\u00e9 pH elektrody - Neotec, spol. s r.o. - elektrochemick\u00e9 m\u011b\u0159\u00edc\u00ed p\u0159\u00edstroje Thermo Orion","isPartOf":{"@id":"https:\/\/www.neotec.cz\/orion\/#website"},"datePublished":"2017-05-23T11:59:39+00:00","dateModified":"2017-05-23T12:09:59+00:00","description":"NEOTEC - v\u00fdhradn\u00ed zastoupen\u00ed firmy Thermo Scientific pro \u010cR. Elektrochemick\u00e9 m\u011b\u0159\u00edc\u00ed p\u0159\u00edstroje Thermo Orion - pH metry, konduktometry, oximetry, ISE metry, multimetry, elektrody, spektrofotometry.","breadcrumb":{"@id":"https:\/\/www.neotec.cz\/orion\/prislus-1\/#breadcrumb"},"inLanguage":"cs","potentialAction":[{"@type":"ReadAction","target":["https:\/\/www.neotec.cz\/orion\/prislus-1\/"]}]},{"@type":"BreadcrumbList","@id":"https:\/\/www.neotec.cz\/orion\/prislus-1\/#breadcrumb","itemListElement":[{"@type":"ListItem","position":1,"name":"Dom\u016f","item":"https:\/\/www.neotec.cz\/orion\/"},{"@type":"ListItem","position":2,"name":"P\u0159\u00edslu\u0161enstv\u00ed &#8211; speci\u00e1ln\u00ed kombinovan\u00e9 pH elektrody"}]},{"@type":"WebSite","@id":"https:\/\/www.neotec.cz\/orion\/#website","url":"https:\/\/www.neotec.cz\/orion\/","name":"Neotec, spol. s r.o. - elektrochemick\u00e9 m\u011b\u0159\u00edc\u00ed p\u0159\u00edstroje Thermo Orion","description":"Firma NEOTEC je autorizovan\u00fdm prodejcem a servisn\u00edm st\u0159ediskem elektrochemick\u00fdch m\u011b\u0159ic\u00edch p\u0159\u00edstroj\u016f Thermo Orion","publisher":{"@id":"https:\/\/www.neotec.cz\/orion\/#organization"},"potentialAction":[{"@type":"SearchAction","target":{"@type":"EntryPoint","urlTemplate":"https:\/\/www.neotec.cz\/orion\/?s={search_term_string}"},"query-input":{"@type":"PropertyValueSpecification","valueRequired":true,"valueName":"search_term_string"}}],"inLanguage":"cs"},{"@type":"Organization","@id":"https:\/\/www.neotec.cz\/orion\/#organization","name":"NEOTEC, spol. s r.o.","url":"https:\/\/www.neotec.cz\/orion\/","logo":{"@type":"ImageObject","inLanguage":"cs","@id":"https:\/\/www.neotec.cz\/orion\/#\/schema\/logo\/image\/","url":"https:\/\/www.neotec.cz\/orion\/wp-content\/uploads\/2016\/02\/neotec1v-e1454514457694.bmp","contentUrl":"https:\/\/www.neotec.cz\/orion\/wp-content\/uploads\/2016\/02\/neotec1v-e1454514457694.bmp","width":71,"height":71,"caption":"NEOTEC, spol. s r.o."},"image":{"@id":"https:\/\/www.neotec.cz\/orion\/#\/schema\/logo\/image\/"},"sameAs":["https:\/\/www.youtube.com\/user\/Neotecsro"]}]}},"_links":{"self":[{"href":"https:\/\/www.neotec.cz\/orion\/wp-json\/wp\/v2\/pages\/2151","targetHints":{"allow":["GET"]}}],"collection":[{"href":"https:\/\/www.neotec.cz\/orion\/wp-json\/wp\/v2\/pages"}],"about":[{"href":"https:\/\/www.neotec.cz\/orion\/wp-json\/wp\/v2\/types\/page"}],"author":[{"embeddable":true,"href":"https:\/\/www.neotec.cz\/orion\/wp-json\/wp\/v2\/users\/1"}],"replies":[{"embeddable":true,"href":"https:\/\/www.neotec.cz\/orion\/wp-json\/wp\/v2\/comments?post=2151"}],"version-history":[{"count":10,"href":"https:\/\/www.neotec.cz\/orion\/wp-json\/wp\/v2\/pages\/2151\/revisions"}],"predecessor-version":[{"id":2168,"href":"https:\/\/www.neotec.cz\/orion\/wp-json\/wp\/v2\/pages\/2151\/revisions\/2168"}],"wp:attachment":[{"href":"https:\/\/www.neotec.cz\/orion\/wp-json\/wp\/v2\/media?parent=2151"}],"curies":[{"name":"wp","href":"https:\/\/api.w.org\/{rel}","templated":true}]}}