{"id":2214,"date":"2017-05-23T15:18:07","date_gmt":"2017-05-23T14:18:07","guid":{"rendered":"http:\/\/www.neotec.cz\/orion\/?page_id=2214"},"modified":"2017-11-09T12:25:06","modified_gmt":"2017-11-09T11:25:06","slug":"stahnout","status":"publish","type":"page","link":"https:\/\/www.neotec.cz\/orion\/stahnout\/","title":{"rendered":"Ke sta\u017een\u00ed"},"content":{"rendered":"<div id=\"pl-2214\"  class=\"panel-layout\" ><div id=\"pg-2214-0\"  class=\"panel-grid panel-no-style\" ><div id=\"pgc-2214-0-0\"  class=\"panel-grid-cell\" ><div id=\"panel-2214-0-0-0\" class=\"so-panel widget widget_sow-editor panel-first-child panel-last-child\" data-index=\"0\" ><div\n\t\t\t\n\t\t\tclass=\"so-widget-sow-editor so-widget-sow-editor-base\"\n\t\t\t\n\t\t>\n<div class=\"siteorigin-widget-tinymce textwidget\">\n\t<h1>Katalogy ke sta\u017een\u00ed<\/h1>\n<p>\n<img loading=\"lazy\" decoding=\"async\" class=\"size-full wp-image-1599 alignleft\" src=\"http:\/\/www.neotec.cz\/orion\/wp-content\/uploads\/2017\/05\/pdf.gif\" alt=\"\" width=\"37\" height=\"36\" \/><a href=\"http:\/\/www.neotec.cz\/orion\/wp-content\/uploads\/2017\/05\/ORION_predstaveni_rady_A.pdf\" target=\"_blank\" rel=\"noopener noreferrer\">Sezn\u00e1men\u00ed s p\u0159\u00edstroji Thermo Scientific Orion (CZ)<\/a><\/p>\n<p>&nbsp;<\/p>\n<p><img loading=\"lazy\" decoding=\"async\" class=\"size-full wp-image-1599 alignleft\" src=\"http:\/\/www.neotec.cz\/orion\/wp-content\/uploads\/2017\/05\/pdf.gif\" alt=\"\" width=\"37\" height=\"36\" \/><a href=\"http:\/\/www.neotec.cz\/orion\/wp-content\/uploads\/2017\/05\/ORION_rada_A_prehled.pdf\" target=\"_blank\" rel=\"noopener noreferrer\">P\u0159ehled p\u0159\u00edstroj\u016f Thermo Scientific Orion Star \u0159ady A (CZ)<\/a><\/p>\n<p>&nbsp;<\/p>\n<p><img loading=\"lazy\" decoding=\"async\" class=\"size-full wp-image-1599 alignleft\" src=\"http:\/\/www.neotec.cz\/orion\/wp-content\/uploads\/2017\/05\/pdf.gif\" alt=\"\" width=\"37\" height=\"36\" \/><a href=\"http:\/\/www.neotec.cz\/orion\/wp-content\/uploads\/2017\/11\/Catalog-Power-Plant-Water-Power-Analyssis.pdf\" target=\"_blank\" rel=\"noopener noreferrer\">Procesn\u00ed produkty Thermo Scientific Orion (EN)<\/a><\/p>\n<p>&nbsp;<\/p>\n<p><img loading=\"lazy\" decoding=\"async\" class=\"size-full wp-image-1599 alignleft\" src=\"http:\/\/www.neotec.cz\/orion\/wp-content\/uploads\/2017\/05\/pdf.gif\" alt=\"\" width=\"37\" height=\"36\" \/><a href=\"http:\/\/www.neotec.cz\/orion\/wp-content\/uploads\/2017\/05\/ORION_katalog_2014.pdf\" target=\"_blank\" rel=\"noopener noreferrer\">Katalog Thermo Scientific Orion (EN)<\/a><\/p>\n<p>&nbsp;<\/p>\n<p><img loading=\"lazy\" decoding=\"async\" class=\"size-full wp-image-1599 alignleft\" src=\"http:\/\/www.neotec.cz\/orion\/wp-content\/uploads\/2017\/05\/pdf.gif\" alt=\"\" width=\"37\" height=\"36\" \/><a href=\"http:\/\/www.neotec.cz\/orion\/wp-content\/uploads\/2017\/05\/ORION-METERS-_WEB.pdf\" target=\"_blank\" rel=\"noopener noreferrer\">P\u0159\u00edstroje Thermo Scientific Orion (EN)<\/a><\/p>\n<p>&nbsp;<\/p>\n<p><img loading=\"lazy\" decoding=\"async\" class=\"size-full wp-image-1599 alignleft\" src=\"http:\/\/www.neotec.cz\/orion\/wp-content\/uploads\/2017\/05\/pdf.gif\" alt=\"\" width=\"37\" height=\"36\" \/><a href=\"http:\/\/www.neotec.cz\/orion\/wp-content\/uploads\/2017\/05\/Orion-DUAL-STAR_WEB.pdf\" target=\"_blank\" rel=\"noopener noreferrer\">P\u0159\u00edstroje Thermo Scientific Orion Dual Star (EN)<\/a><\/p>\n<p>&nbsp;<\/p>\n<p><img loading=\"lazy\" decoding=\"async\" class=\"size-full wp-image-1599 alignleft\" src=\"http:\/\/www.neotec.cz\/orion\/wp-content\/uploads\/2017\/05\/pdf.gif\" alt=\"\" width=\"37\" height=\"36\" \/><a href=\"http:\/\/www.neotec.cz\/orion\/wp-content\/uploads\/2017\/05\/On_line_Aquasensors_Brochure.pdf\" target=\"_blank\" rel=\"noopener noreferrer\">OnLine Aquasensors (EN)<\/a><\/p>\n<p>&nbsp;<\/p>\n<p><img loading=\"lazy\" decoding=\"async\" class=\"size-full wp-image-1599 alignleft\" src=\"http:\/\/www.neotec.cz\/orion\/wp-content\/uploads\/2017\/05\/pdf.gif\" alt=\"\" width=\"37\" height=\"36\" \/><a href=\"http:\/\/www.neotec.cz\/orion\/wp-content\/uploads\/2017\/05\/On_line_Multi_AquaPro_Analyzer.pdf\" target=\"_blank\" rel=\"noopener noreferrer\">OnLine Multi AquaPro Analyzer (EN)<\/a><\/p>\n<p>&nbsp;<\/p>\n<p><img loading=\"lazy\" decoding=\"async\" class=\"size-full wp-image-1599 alignleft\" src=\"http:\/\/www.neotec.cz\/orion\/wp-content\/uploads\/2017\/05\/pdf.gif\" alt=\"\" width=\"37\" height=\"36\" \/><a href=\"http:\/\/www.neotec.cz\/orion\/wp-content\/uploads\/2017\/05\/SPECTROPHOTOMETERS.pdf\" target=\"_blank\" rel=\"noopener noreferrer\">Spektrofotometry, Kolorimetry, Turbidimetry (EN)<\/a><\/p>\n<p>&nbsp;<\/p>\n<p><img loading=\"lazy\" decoding=\"async\" class=\"size-full wp-image-1599 alignleft\" src=\"http:\/\/www.neotec.cz\/orion\/wp-content\/uploads\/2017\/05\/pdf.gif\" alt=\"\" width=\"37\" height=\"36\" \/><a href=\"http:\/\/www.neotec.cz\/orion\/wp-content\/uploads\/2017\/05\/Orion-AQUAfast-NEW-Colorimeter-Launch-Packet-2017.pdf\" target=\"_blank\" rel=\"noopener noreferrer\">Orion AQUAfast Colorimeter NEWS (EN)<\/a><\/p>\n<\/div>\n<\/div><\/div><\/div><\/div><\/div>","protected":false},"excerpt":{"rendered":"<p>Katalogy ke sta\u017een\u00ed Sezn\u00e1men\u00ed s p\u0159\u00edstroji Thermo Scientific Orion (CZ) &nbsp; P\u0159ehled p\u0159\u00edstroj\u016f Thermo Scientific Orion Star \u0159ady A (CZ) &nbsp; Procesn\u00ed produkty Thermo Scientific Orion (EN) &nbsp; Katalog Thermo Scientific Orion (EN) &nbsp; P\u0159\u00edstroje Thermo Scientific Orion (EN) &nbsp; P\u0159\u00edstroje Thermo Scientific Orion Dual Star (EN) &nbsp; OnLine Aquasensors (EN) &nbsp; OnLine Multi AquaPro [&hellip;]<\/p>\n","protected":false},"author":1,"featured_media":0,"parent":0,"menu_order":0,"comment_status":"closed","ping_status":"closed","template":"templates\/template-full-notitle.php","meta":{"footnotes":""},"class_list":["post-2214","page","type-page","status-publish","hentry","post"],"yoast_head":"<!-- This site is optimized with the Yoast SEO plugin v24.2 - https:\/\/yoast.com\/wordpress\/plugins\/seo\/ -->\n<title>Ke sta\u017een\u00ed - Neotec, spol. s r.o. - elektrochemick\u00e9 m\u011b\u0159\u00edc\u00ed p\u0159\u00edstroje Thermo Orion<\/title>\n<meta name=\"description\" content=\"NEOTEC - v\u00fdhradn\u00ed zastoupen\u00ed firmy Thermo Scientific pro \u010cR. Elektrochemick\u00e9 m\u011b\u0159\u00edc\u00ed p\u0159\u00edstroje Thermo Orion - pH metry, konduktometry, oximetry, ISE metry, multimetry, elektrody, spektrofotometry.\" \/>\n<meta name=\"robots\" content=\"index, follow, max-snippet:-1, max-image-preview:large, max-video-preview:-1\" \/>\n<link rel=\"canonical\" href=\"https:\/\/www.neotec.cz\/orion\/stahnout\/\" \/>\n<meta property=\"og:locale\" content=\"cs_CZ\" \/>\n<meta property=\"og:type\" content=\"article\" \/>\n<meta property=\"og:title\" content=\"Ke sta\u017een\u00ed - Neotec, spol. s r.o. - elektrochemick\u00e9 m\u011b\u0159\u00edc\u00ed p\u0159\u00edstroje Thermo Orion\" \/>\n<meta property=\"og:description\" content=\"NEOTEC - v\u00fdhradn\u00ed zastoupen\u00ed firmy Thermo Scientific pro \u010cR. Elektrochemick\u00e9 m\u011b\u0159\u00edc\u00ed p\u0159\u00edstroje Thermo Orion - pH metry, konduktometry, oximetry, ISE metry, multimetry, elektrody, spektrofotometry.\" \/>\n<meta property=\"og:url\" content=\"https:\/\/www.neotec.cz\/orion\/stahnout\/\" \/>\n<meta property=\"og:site_name\" content=\"Neotec, spol. s r.o. - elektrochemick\u00e9 m\u011b\u0159\u00edc\u00ed p\u0159\u00edstroje Thermo Orion\" \/>\n<meta property=\"article:modified_time\" content=\"2017-11-09T11:25:06+00:00\" \/>\n<meta property=\"og:image\" content=\"http:\/\/www.neotec.cz\/orion\/wp-content\/uploads\/2017\/05\/pdf.gif\" \/>\n<meta name=\"twitter:card\" content=\"summary_large_image\" \/>\n<script type=\"application\/ld+json\" class=\"yoast-schema-graph\">{\"@context\":\"https:\/\/schema.org\",\"@graph\":[{\"@type\":\"WebPage\",\"@id\":\"https:\/\/www.neotec.cz\/orion\/stahnout\/\",\"url\":\"https:\/\/www.neotec.cz\/orion\/stahnout\/\",\"name\":\"Ke sta\u017een\u00ed - Neotec, spol. s r.o. - elektrochemick\u00e9 m\u011b\u0159\u00edc\u00ed p\u0159\u00edstroje Thermo Orion\",\"isPartOf\":{\"@id\":\"https:\/\/www.neotec.cz\/orion\/#website\"},\"primaryImageOfPage\":{\"@id\":\"https:\/\/www.neotec.cz\/orion\/stahnout\/#primaryimage\"},\"image\":{\"@id\":\"https:\/\/www.neotec.cz\/orion\/stahnout\/#primaryimage\"},\"thumbnailUrl\":\"http:\/\/www.neotec.cz\/orion\/wp-content\/uploads\/2017\/05\/pdf.gif\",\"datePublished\":\"2017-05-23T14:18:07+00:00\",\"dateModified\":\"2017-11-09T11:25:06+00:00\",\"description\":\"NEOTEC - v\u00fdhradn\u00ed zastoupen\u00ed firmy Thermo Scientific pro \u010cR. Elektrochemick\u00e9 m\u011b\u0159\u00edc\u00ed p\u0159\u00edstroje Thermo Orion - pH metry, konduktometry, oximetry, ISE metry, multimetry, elektrody, spektrofotometry.\",\"breadcrumb\":{\"@id\":\"https:\/\/www.neotec.cz\/orion\/stahnout\/#breadcrumb\"},\"inLanguage\":\"cs\",\"potentialAction\":[{\"@type\":\"ReadAction\",\"target\":[\"https:\/\/www.neotec.cz\/orion\/stahnout\/\"]}]},{\"@type\":\"ImageObject\",\"inLanguage\":\"cs\",\"@id\":\"https:\/\/www.neotec.cz\/orion\/stahnout\/#primaryimage\",\"url\":\"http:\/\/www.neotec.cz\/orion\/wp-content\/uploads\/2017\/05\/pdf.gif\",\"contentUrl\":\"http:\/\/www.neotec.cz\/orion\/wp-content\/uploads\/2017\/05\/pdf.gif\"},{\"@type\":\"BreadcrumbList\",\"@id\":\"https:\/\/www.neotec.cz\/orion\/stahnout\/#breadcrumb\",\"itemListElement\":[{\"@type\":\"ListItem\",\"position\":1,\"name\":\"Dom\u016f\",\"item\":\"https:\/\/www.neotec.cz\/orion\/\"},{\"@type\":\"ListItem\",\"position\":2,\"name\":\"Ke sta\u017een\u00ed\"}]},{\"@type\":\"WebSite\",\"@id\":\"https:\/\/www.neotec.cz\/orion\/#website\",\"url\":\"https:\/\/www.neotec.cz\/orion\/\",\"name\":\"Neotec, spol. s r.o. - elektrochemick\u00e9 m\u011b\u0159\u00edc\u00ed p\u0159\u00edstroje Thermo Orion\",\"description\":\"Firma NEOTEC je autorizovan\u00fdm prodejcem a servisn\u00edm st\u0159ediskem elektrochemick\u00fdch m\u011b\u0159ic\u00edch p\u0159\u00edstroj\u016f Thermo Orion\",\"publisher\":{\"@id\":\"https:\/\/www.neotec.cz\/orion\/#organization\"},\"potentialAction\":[{\"@type\":\"SearchAction\",\"target\":{\"@type\":\"EntryPoint\",\"urlTemplate\":\"https:\/\/www.neotec.cz\/orion\/?s={search_term_string}\"},\"query-input\":{\"@type\":\"PropertyValueSpecification\",\"valueRequired\":true,\"valueName\":\"search_term_string\"}}],\"inLanguage\":\"cs\"},{\"@type\":\"Organization\",\"@id\":\"https:\/\/www.neotec.cz\/orion\/#organization\",\"name\":\"NEOTEC, spol. s r.o.\",\"url\":\"https:\/\/www.neotec.cz\/orion\/\",\"logo\":{\"@type\":\"ImageObject\",\"inLanguage\":\"cs\",\"@id\":\"https:\/\/www.neotec.cz\/orion\/#\/schema\/logo\/image\/\",\"url\":\"https:\/\/www.neotec.cz\/orion\/wp-content\/uploads\/2016\/02\/neotec1v-e1454514457694.bmp\",\"contentUrl\":\"https:\/\/www.neotec.cz\/orion\/wp-content\/uploads\/2016\/02\/neotec1v-e1454514457694.bmp\",\"width\":71,\"height\":71,\"caption\":\"NEOTEC, spol. s r.o.\"},\"image\":{\"@id\":\"https:\/\/www.neotec.cz\/orion\/#\/schema\/logo\/image\/\"},\"sameAs\":[\"https:\/\/www.youtube.com\/user\/Neotecsro\"]}]}<\/script>\n<!-- \/ Yoast SEO plugin. -->","yoast_head_json":{"title":"Ke sta\u017een\u00ed - Neotec, spol. s r.o. - elektrochemick\u00e9 m\u011b\u0159\u00edc\u00ed p\u0159\u00edstroje Thermo Orion","description":"NEOTEC - v\u00fdhradn\u00ed zastoupen\u00ed firmy Thermo Scientific pro \u010cR. Elektrochemick\u00e9 m\u011b\u0159\u00edc\u00ed p\u0159\u00edstroje Thermo Orion - pH metry, konduktometry, oximetry, ISE metry, multimetry, elektrody, spektrofotometry.","robots":{"index":"index","follow":"follow","max-snippet":"max-snippet:-1","max-image-preview":"max-image-preview:large","max-video-preview":"max-video-preview:-1"},"canonical":"https:\/\/www.neotec.cz\/orion\/stahnout\/","og_locale":"cs_CZ","og_type":"article","og_title":"Ke sta\u017een\u00ed - Neotec, spol. s r.o. - elektrochemick\u00e9 m\u011b\u0159\u00edc\u00ed p\u0159\u00edstroje Thermo Orion","og_description":"NEOTEC - v\u00fdhradn\u00ed zastoupen\u00ed firmy Thermo Scientific pro \u010cR. Elektrochemick\u00e9 m\u011b\u0159\u00edc\u00ed p\u0159\u00edstroje Thermo Orion - pH metry, konduktometry, oximetry, ISE metry, multimetry, elektrody, spektrofotometry.","og_url":"https:\/\/www.neotec.cz\/orion\/stahnout\/","og_site_name":"Neotec, spol. s r.o. - elektrochemick\u00e9 m\u011b\u0159\u00edc\u00ed p\u0159\u00edstroje Thermo Orion","article_modified_time":"2017-11-09T11:25:06+00:00","og_image":[{"url":"http:\/\/www.neotec.cz\/orion\/wp-content\/uploads\/2017\/05\/pdf.gif","type":"","width":"","height":""}],"twitter_card":"summary_large_image","schema":{"@context":"https:\/\/schema.org","@graph":[{"@type":"WebPage","@id":"https:\/\/www.neotec.cz\/orion\/stahnout\/","url":"https:\/\/www.neotec.cz\/orion\/stahnout\/","name":"Ke sta\u017een\u00ed - Neotec, spol. s r.o. - elektrochemick\u00e9 m\u011b\u0159\u00edc\u00ed p\u0159\u00edstroje Thermo Orion","isPartOf":{"@id":"https:\/\/www.neotec.cz\/orion\/#website"},"primaryImageOfPage":{"@id":"https:\/\/www.neotec.cz\/orion\/stahnout\/#primaryimage"},"image":{"@id":"https:\/\/www.neotec.cz\/orion\/stahnout\/#primaryimage"},"thumbnailUrl":"http:\/\/www.neotec.cz\/orion\/wp-content\/uploads\/2017\/05\/pdf.gif","datePublished":"2017-05-23T14:18:07+00:00","dateModified":"2017-11-09T11:25:06+00:00","description":"NEOTEC - v\u00fdhradn\u00ed zastoupen\u00ed firmy Thermo Scientific pro \u010cR. Elektrochemick\u00e9 m\u011b\u0159\u00edc\u00ed p\u0159\u00edstroje Thermo Orion - pH metry, konduktometry, oximetry, ISE metry, multimetry, elektrody, spektrofotometry.","breadcrumb":{"@id":"https:\/\/www.neotec.cz\/orion\/stahnout\/#breadcrumb"},"inLanguage":"cs","potentialAction":[{"@type":"ReadAction","target":["https:\/\/www.neotec.cz\/orion\/stahnout\/"]}]},{"@type":"ImageObject","inLanguage":"cs","@id":"https:\/\/www.neotec.cz\/orion\/stahnout\/#primaryimage","url":"http:\/\/www.neotec.cz\/orion\/wp-content\/uploads\/2017\/05\/pdf.gif","contentUrl":"http:\/\/www.neotec.cz\/orion\/wp-content\/uploads\/2017\/05\/pdf.gif"},{"@type":"BreadcrumbList","@id":"https:\/\/www.neotec.cz\/orion\/stahnout\/#breadcrumb","itemListElement":[{"@type":"ListItem","position":1,"name":"Dom\u016f","item":"https:\/\/www.neotec.cz\/orion\/"},{"@type":"ListItem","position":2,"name":"Ke sta\u017een\u00ed"}]},{"@type":"WebSite","@id":"https:\/\/www.neotec.cz\/orion\/#website","url":"https:\/\/www.neotec.cz\/orion\/","name":"Neotec, spol. s r.o. - elektrochemick\u00e9 m\u011b\u0159\u00edc\u00ed p\u0159\u00edstroje Thermo Orion","description":"Firma NEOTEC je autorizovan\u00fdm prodejcem a servisn\u00edm st\u0159ediskem elektrochemick\u00fdch m\u011b\u0159ic\u00edch p\u0159\u00edstroj\u016f Thermo Orion","publisher":{"@id":"https:\/\/www.neotec.cz\/orion\/#organization"},"potentialAction":[{"@type":"SearchAction","target":{"@type":"EntryPoint","urlTemplate":"https:\/\/www.neotec.cz\/orion\/?s={search_term_string}"},"query-input":{"@type":"PropertyValueSpecification","valueRequired":true,"valueName":"search_term_string"}}],"inLanguage":"cs"},{"@type":"Organization","@id":"https:\/\/www.neotec.cz\/orion\/#organization","name":"NEOTEC, spol. s r.o.","url":"https:\/\/www.neotec.cz\/orion\/","logo":{"@type":"ImageObject","inLanguage":"cs","@id":"https:\/\/www.neotec.cz\/orion\/#\/schema\/logo\/image\/","url":"https:\/\/www.neotec.cz\/orion\/wp-content\/uploads\/2016\/02\/neotec1v-e1454514457694.bmp","contentUrl":"https:\/\/www.neotec.cz\/orion\/wp-content\/uploads\/2016\/02\/neotec1v-e1454514457694.bmp","width":71,"height":71,"caption":"NEOTEC, spol. s r.o."},"image":{"@id":"https:\/\/www.neotec.cz\/orion\/#\/schema\/logo\/image\/"},"sameAs":["https:\/\/www.youtube.com\/user\/Neotecsro"]}]}},"_links":{"self":[{"href":"https:\/\/www.neotec.cz\/orion\/wp-json\/wp\/v2\/pages\/2214","targetHints":{"allow":["GET"]}}],"collection":[{"href":"https:\/\/www.neotec.cz\/orion\/wp-json\/wp\/v2\/pages"}],"about":[{"href":"https:\/\/www.neotec.cz\/orion\/wp-json\/wp\/v2\/types\/page"}],"author":[{"embeddable":true,"href":"https:\/\/www.neotec.cz\/orion\/wp-json\/wp\/v2\/users\/1"}],"replies":[{"embeddable":true,"href":"https:\/\/www.neotec.cz\/orion\/wp-json\/wp\/v2\/comments?post=2214"}],"version-history":[{"count":40,"href":"https:\/\/www.neotec.cz\/orion\/wp-json\/wp\/v2\/pages\/2214\/revisions"}],"predecessor-version":[{"id":2503,"href":"https:\/\/www.neotec.cz\/orion\/wp-json\/wp\/v2\/pages\/2214\/revisions\/2503"}],"wp:attachment":[{"href":"https:\/\/www.neotec.cz\/orion\/wp-json\/wp\/v2\/media?parent=2214"}],"curies":[{"name":"wp","href":"https:\/\/api.w.org\/{rel}","templated":true}]}}