{"id":2532,"date":"2019-02-13T14:01:19","date_gmt":"2019-02-13T13:01:19","guid":{"rendered":"http:\/\/www.neotec.cz\/orion\/?page_id=2532"},"modified":"2019-04-08T13:04:22","modified_gmt":"2019-04-08T12:04:22","slug":"titratory","status":"publish","type":"page","link":"https:\/\/www.neotec.cz\/orion\/titratory\/","title":{"rendered":"Titr\u00e1tory"},"content":{"rendered":"<div id=\"pl-2532\"  class=\"panel-layout\" ><div id=\"pg-2532-0\"  class=\"panel-grid panel-no-style\" ><div id=\"pgc-2532-0-0\"  class=\"panel-grid-cell\" ><div id=\"panel-2532-0-0-0\" class=\"so-panel widget widget_sow-editor panel-first-child panel-last-child\" data-index=\"0\" ><div\n\t\t\t\n\t\t\tclass=\"so-widget-sow-editor so-widget-sow-editor-base\"\n\t\t\t\n\t\t>\n<div class=\"siteorigin-widget-tinymce textwidget\">\n\t<h1><strong>Titr\u00e1tory<\/strong><\/h1>\n<h4>Precizn\u00ed elektrochemick\u00e1 technologie ve spojen\u00ed s pokro\u010dil\u00fdm d\u00e1vkovac\u00edm syst\u00e9mem d\u00e1v\u00e1 vzniknout modern\u00edm, jednodu\u0161e automatizovan\u00fdm titr\u00e1tor\u016fm s\u00e9rie T900, se kter\u00fdmi jsou titrace mnohem spolehliv\u011bj\u0161\u00ed, rychlej\u0161\u00ed a p\u0159esn\u011bji reprodukovateln\u00e9 ne\u017e p\u0159i b\u011b\u017en\u00e9 manu\u00e1ln\u00ed titraci. Automatick\u00e9 titr\u00e1tory zvy\u0161uj\u00ed po\u010det iont\u016f a slou\u010denin, kter\u00e9 lze m\u011b\u0159it p\u0159\u00edmou elektrodovou anal\u00fdzou, a z\u00e1rove\u0148 nab\u00edzej\u00ed dynamick\u00e9 ovl\u00e1dac\u00ed prvky procesu pro optimalizaci v\u00fdsledk\u016f anal\u00fdzy. Titr\u00e1tory Orion Star ze s\u00e9rie T900 nab\u00edzej\u00ed cenov\u011b dostupn\u00e9 \u0159e\u0161en\u00ed pro potenciometrick\u00e9 titrace. Jejich kompaktn\u00ed a robustn\u00ed design ocen\u00edte v mal\u00fdch prostor\u00e1ch. Velk\u00fd intuitivn\u00ed dotykov\u00fd displej poskytuje snadn\u00e9 ovl\u00e1d\u00e1n\u00ed. <\/h4>\n<h3 style=\"text-align: center;\"><strong>Laboratorn\u00ed p\u0159\u00edstroje<\/strong><\/h3>\n<\/div>\n<\/div><\/div><\/div><\/div><div id=\"pg-2532-1\"  class=\"panel-grid panel-no-style\" ><div id=\"pgc-2532-1-0\"  class=\"panel-grid-cell\" ><div id=\"panel-2532-1-0-0\" class=\"so-panel widget widget_circleicon-widget panel-first-child panel-last-child\" data-index=\"1\" >\t\t<div class=\"circle-icon-box circle-icon-position-top circle-icon-hide-box circle-icon-size-large \">\n\t\t\t\t\t\t\t<div class=\"circle-icon-wrapper\">\n\t\t\t\t\t\t\t\t\t\t<a href=\"http:\/\/www.neotec.cz\/orion\/titrator-orion-star-t910\/\" class=\"link-icon\" >\t\t\t\t\t<div class=\"circle-icon icon-style-set\" style=\"background-image: url(http:\/\/www.neotec.cz\/orion\/wp-content\/uploads\/2019\/04\/ictitrator.png);background-color: #dddddd\">\n\t\t\t\t\t\t\t\t\t\t\t<\/div>\n\t\t\t\t\t<\/a>\t\t\t\t<\/div>\n\t\t\t\n\t\t\t\t\t\t\t<a href=\"http:\/\/www.neotec.cz\/orion\/titrator-orion-star-t910\/\" class=\"link-title\" >\n\t\t\t\t\t\t\t\t\t\t<h4 >\n\t\t\t\t\tOrion Star T910 pH Titr\u00e1tor\t\t\t\t<\/h4>\n\t\t\t\t\t\t\t\t\t\t<\/a>\n\t\t\t\n\t\t\t\t\t\t\t<p class=\"text\" >\u25cf Acido bazick\u00e9 titrace<br>\u25cf Titrace do bodu ekvivalence nebo do kone\u010dn\u00e9ho bodu<br> \u25cf Nastaven\u00ed 2 bodu ekvivalence a a\u017e 3 kone\u010dn\u00fdch bod\u016f<br>\u25cf A\u017e 5 bodov\u00e1 pH kalibrace<br>\u25cf Ulo\u017een\u00ed a\u017e 100 datov\u00fdch v\u011bt<br>\u25cf Mo\u017enost ulo\u017een\u00ed a\u017e 10 metod <\/p>\n\t\t\t\t\t\t\t\t\t\t<a\n\t\t\t\t\thref=\"http:\/\/www.neotec.cz\/orion\/titrator-orion-star-t910\/\"\n\t\t\t\t\tclass=\"more-button\"\n\t\t\t\t\t\t\t\t\t\t\t\t\t\t>\n\t\t\t\t\tV\u00edce informac\u00ed... <i><\/i>\n\t\t\t\t<\/a>\n\t\t\t\t\t<\/div>\n\t\t<\/div><\/div><div id=\"pgc-2532-1-1\"  class=\"panel-grid-cell\" ><div id=\"panel-2532-1-1-0\" class=\"so-panel widget widget_circleicon-widget panel-first-child panel-last-child\" data-index=\"2\" >\t\t<div class=\"circle-icon-box circle-icon-position-top circle-icon-hide-box circle-icon-size-large \">\n\t\t\t\t\t\t\t<div class=\"circle-icon-wrapper\">\n\t\t\t\t\t\t\t\t\t\t<a href=\"http:\/\/www.neotec.cz\/orion\/titrator-orion-star-t920-2\/\" class=\"link-icon\" >\t\t\t\t\t<div class=\"circle-icon icon-style-set\" style=\"background-image: url(http:\/\/www.neotec.cz\/orion\/wp-content\/uploads\/2019\/04\/ictitrator.png);background-color: #dddddd\">\n\t\t\t\t\t\t\t\t\t\t\t<\/div>\n\t\t\t\t\t<\/a>\t\t\t\t<\/div>\n\t\t\t\n\t\t\t\t\t\t\t<a href=\"http:\/\/www.neotec.cz\/orion\/titrator-orion-star-t920-2\/\" class=\"link-title\" >\n\t\t\t\t\t\t\t\t\t\t<h4 >\n\t\t\t\t\tOrion Star T920 Redox Titr\u00e1tor\t\t\t\t<\/h4>\n\t\t\t\t\t\t\t\t\t\t<\/a>\n\t\t\t\n\t\t\t\t\t\t\t<p class=\"text\" >\u25cf Redoxn\u00ed titrace<br>\u25cf Titrace do bodu ekvivalence nebo do kone\u010dn\u00e9ho bodu<br> \u25cf Nasteven\u00ed a\u017e 2 bodu ekvivalence a a\u017e 3 kone\u010dn\u00fdch bod\u016f<br> \u25cf Ulo\u017een\u00ed a\u017e 100 datov\u00fdch v\u011bt<br> \u25cf Mo\u017enost ulo\u017een\u00ed a\u017e 10 metod <\/p>\n\t\t\t\t\t\t\t\t\t\t<a\n\t\t\t\t\thref=\"http:\/\/www.neotec.cz\/orion\/titrator-orion-star-t920-2\/\"\n\t\t\t\t\tclass=\"more-button\"\n\t\t\t\t\t\t\t\t\t\t\t\t\t\t>\n\t\t\t\t\tV\u00edce informac\u00ed... <i><\/i>\n\t\t\t\t<\/a>\n\t\t\t\t\t<\/div>\n\t\t<\/div><\/div><div id=\"pgc-2532-1-2\"  class=\"panel-grid-cell\" ><div id=\"panel-2532-1-2-0\" class=\"so-panel widget widget_circleicon-widget panel-first-child panel-last-child\" data-index=\"3\" >\t\t<div class=\"circle-icon-box circle-icon-position-top circle-icon-hide-box circle-icon-size-large \">\n\t\t\t\t\t\t\t<div class=\"circle-icon-wrapper\">\n\t\t\t\t\t\t\t\t\t\t<a href=\"http:\/\/www.neotec.cz\/orion\/titrator-orion-star-t930\/\" class=\"link-icon\" >\t\t\t\t\t<div class=\"circle-icon icon-style-set\" style=\"background-image: url(http:\/\/www.neotec.cz\/orion\/wp-content\/uploads\/2019\/04\/ictitrator.png);background-color: #dddddd\">\n\t\t\t\t\t\t\t\t\t\t\t<\/div>\n\t\t\t\t\t<\/a>\t\t\t\t<\/div>\n\t\t\t\n\t\t\t\t\t\t\t<a href=\"http:\/\/www.neotec.cz\/orion\/titrator-orion-star-t930\/\" class=\"link-title\" >\n\t\t\t\t\t\t\t\t\t\t<h4 >\n\t\t\t\t\tOrion Star T930 Iontov\u00fd Titr\u00e1tor\t\t\t\t<\/h4>\n\t\t\t\t\t\t\t\t\t\t<\/a>\n\t\t\t\n\t\t\t\t\t\t\t<p class=\"text\" >\u25cf Iontov\u00e9 titrace<br>\u25cf Titrace do bodu ekvivalence nebo do kone\u010dn\u00e9ho bodu<br> \u25cf Nastaven\u00ed 2 bodu ekvivalence a a\u017e 3 kone\u010dn\u00fdch bod\u016f<br> \u25cf A\u017e 5 bodov\u00e1 ISE kalibrace<br> \u25cf Ulo\u017een\u00ed a\u017e 100 datov\u00fdch v\u011bt<br> \u25cf Mo\u017enost ulo\u017een\u00ed a\u017e 10 metod <\/p>\n\t\t\t\t\t\t\t\t\t\t<a\n\t\t\t\t\thref=\"http:\/\/www.neotec.cz\/orion\/titrator-orion-star-t930\/\"\n\t\t\t\t\tclass=\"more-button\"\n\t\t\t\t\t\t\t\t\t\t\t\t\t\t>\n\t\t\t\t\tV\u00edce informac\u00ed... <i><\/i>\n\t\t\t\t<\/a>\n\t\t\t\t\t<\/div>\n\t\t<\/div><\/div><div id=\"pgc-2532-1-3\"  class=\"panel-grid-cell\" ><div id=\"panel-2532-1-3-0\" class=\"so-panel widget widget_circleicon-widget panel-first-child panel-last-child\" data-index=\"4\" >\t\t<div class=\"circle-icon-box circle-icon-position-top circle-icon-hide-box circle-icon-size-large \">\n\t\t\t\t\t\t\t<div class=\"circle-icon-wrapper\">\n\t\t\t\t\t\t\t\t\t\t<a href=\"http:\/\/www.neotec.cz\/orion\/titrator-orion-star-t940\/\" class=\"link-icon\" >\t\t\t\t\t<div class=\"circle-icon icon-style-set\" style=\"background-image: url(http:\/\/www.neotec.cz\/orion\/wp-content\/uploads\/2019\/04\/ictitrator.png);background-color: #dddddd\">\n\t\t\t\t\t\t\t\t\t\t\t<\/div>\n\t\t\t\t\t<\/a>\t\t\t\t<\/div>\n\t\t\t\n\t\t\t\t\t\t\t<a href=\"http:\/\/www.neotec.cz\/orion\/titrator-orion-star-t940\/\" class=\"link-title\" >\n\t\t\t\t\t\t\t\t\t\t<h4 >\n\t\t\t\t\tOrion Star T940 All in One Titr\u00e1tor\t\t\t\t<\/h4>\n\t\t\t\t\t\t\t\t\t\t<\/a>\n\t\t\t\n\t\t\t\t\t\t\t<p class=\"text\" >\u25cf Kombinace pH, Redox a Iontov\u00e9ho Titr\u00e1toru<br>\u25cf Titrace do bodu ekvivalence nebo do kone\u010dn\u00e9ho bodu<br> \u25cf Nastaven\u00ed 2 bodu ekvivalence a a\u017e 3 kone\u010dn\u00fdch bod\u016f<br> \u25cf Ulo\u017een\u00ed a\u017e 100 datov\u00fdch v\u011bt<br> \u25cf Mo\u017enost ulo\u017een\u00ed a\u017e 10 metod <\/p>\n\t\t\t\t\t\t\t\t\t\t<a\n\t\t\t\t\thref=\"http:\/\/www.neotec.cz\/orion\/titrator-orion-star-t940\/\"\n\t\t\t\t\tclass=\"more-button\"\n\t\t\t\t\t\t\t\t\t\t\t\t\t\t>\n\t\t\t\t\tV\u00edce informac\u00ed... <i><\/i>\n\t\t\t\t<\/a>\n\t\t\t\t\t<\/div>\n\t\t<\/div><\/div><\/div><div id=\"pg-2532-2\"  class=\"panel-grid panel-no-style\" ><div id=\"pgc-2532-2-0\"  class=\"panel-grid-cell\" ><div id=\"panel-2532-2-0-0\" class=\"so-panel widget widget_sow-editor panel-first-child panel-last-child\" data-index=\"5\" ><div\n\t\t\t\n\t\t\tclass=\"so-widget-sow-editor so-widget-sow-editor-base\"\n\t\t\t\n\t\t><h3 class=\"widget-title\">Ke Sta\u017een\u00ed<\/h3>\n<div class=\"siteorigin-widget-tinymce textwidget\">\n\t<p><a href=\"http:\/\/www.neotec.cz\/orion\/wp-content\/uploads\/2019\/02\/Orion-StarT900-brochure.pdf\">Orion StarT900 brochure<\/a><\/p>\n<\/div>\n<\/div><\/div><\/div><\/div><\/div>","protected":false},"excerpt":{"rendered":"<p>Titr\u00e1tory Precizn\u00ed elektrochemick\u00e1 technologie ve spojen\u00ed s pokro\u010dil\u00fdm d\u00e1vkovac\u00edm syst\u00e9mem d\u00e1v\u00e1 vzniknout modern\u00edm, jednodu\u0161e automatizovan\u00fdm titr\u00e1tor\u016fm s\u00e9rie T900, se kter\u00fdmi jsou titrace mnohem spolehliv\u011bj\u0161\u00ed, rychlej\u0161\u00ed a p\u0159esn\u011bji reprodukovateln\u00e9 ne\u017e p\u0159i b\u011b\u017en\u00e9 manu\u00e1ln\u00ed titraci. Automatick\u00e9 titr\u00e1tory zvy\u0161uj\u00ed po\u010det iont\u016f a slou\u010denin, kter\u00e9 lze m\u011b\u0159it p\u0159\u00edmou elektrodovou anal\u00fdzou, a z\u00e1rove\u0148 nab\u00edzej\u00ed dynamick\u00e9 ovl\u00e1dac\u00ed prvky procesu pro optimalizaci [&hellip;]<\/p>\n","protected":false},"author":2,"featured_media":0,"parent":0,"menu_order":0,"comment_status":"closed","ping_status":"closed","template":"templates\/template-full-notitle.php","meta":{"footnotes":""},"class_list":["post-2532","page","type-page","status-publish","hentry","post"],"yoast_head":"<!-- This site is optimized with the Yoast SEO plugin v24.2 - https:\/\/yoast.com\/wordpress\/plugins\/seo\/ -->\n<title>Titr\u00e1tory - Neotec, spol. s r.o. - elektrochemick\u00e9 m\u011b\u0159\u00edc\u00ed p\u0159\u00edstroje Thermo Orion<\/title>\n<meta name=\"description\" content=\"NEOTEC - v\u00fdhradn\u00ed zastoupen\u00ed firmy Thermo Scientific pro \u010cR. Elektrochemick\u00e9 m\u011b\u0159\u00edc\u00ed p\u0159\u00edstroje Thermo Orion - pH metry, konduktometry, oximetry, ISE metry, multimetry, elektrody, spektrofotometry.\" \/>\n<meta name=\"robots\" content=\"index, follow, max-snippet:-1, max-image-preview:large, max-video-preview:-1\" \/>\n<link rel=\"canonical\" href=\"https:\/\/www.neotec.cz\/orion\/titratory\/\" \/>\n<meta property=\"og:locale\" content=\"cs_CZ\" \/>\n<meta property=\"og:type\" content=\"article\" \/>\n<meta property=\"og:title\" content=\"Titr\u00e1tory - Neotec, spol. s r.o. - elektrochemick\u00e9 m\u011b\u0159\u00edc\u00ed p\u0159\u00edstroje Thermo Orion\" \/>\n<meta property=\"og:description\" content=\"NEOTEC - v\u00fdhradn\u00ed zastoupen\u00ed firmy Thermo Scientific pro \u010cR. Elektrochemick\u00e9 m\u011b\u0159\u00edc\u00ed p\u0159\u00edstroje Thermo Orion - pH metry, konduktometry, oximetry, ISE metry, multimetry, elektrody, spektrofotometry.\" \/>\n<meta property=\"og:url\" content=\"https:\/\/www.neotec.cz\/orion\/titratory\/\" \/>\n<meta property=\"og:site_name\" content=\"Neotec, spol. s r.o. - elektrochemick\u00e9 m\u011b\u0159\u00edc\u00ed p\u0159\u00edstroje Thermo Orion\" \/>\n<meta property=\"article:modified_time\" content=\"2019-04-08T12:04:22+00:00\" \/>\n<meta name=\"twitter:card\" content=\"summary_large_image\" \/>\n<meta name=\"twitter:label1\" content=\"Odhadovan\u00e1 doba \u010dten\u00ed\" \/>\n\t<meta name=\"twitter:data1\" content=\"1 minuta\" \/>\n<script type=\"application\/ld+json\" class=\"yoast-schema-graph\">{\"@context\":\"https:\/\/schema.org\",\"@graph\":[{\"@type\":\"WebPage\",\"@id\":\"https:\/\/www.neotec.cz\/orion\/titratory\/\",\"url\":\"https:\/\/www.neotec.cz\/orion\/titratory\/\",\"name\":\"Titr\u00e1tory - Neotec, spol. s r.o. - elektrochemick\u00e9 m\u011b\u0159\u00edc\u00ed p\u0159\u00edstroje Thermo Orion\",\"isPartOf\":{\"@id\":\"https:\/\/www.neotec.cz\/orion\/#website\"},\"datePublished\":\"2019-02-13T13:01:19+00:00\",\"dateModified\":\"2019-04-08T12:04:22+00:00\",\"description\":\"NEOTEC - v\u00fdhradn\u00ed zastoupen\u00ed firmy Thermo Scientific pro \u010cR. Elektrochemick\u00e9 m\u011b\u0159\u00edc\u00ed p\u0159\u00edstroje Thermo Orion - pH metry, konduktometry, oximetry, ISE metry, multimetry, elektrody, spektrofotometry.\",\"breadcrumb\":{\"@id\":\"https:\/\/www.neotec.cz\/orion\/titratory\/#breadcrumb\"},\"inLanguage\":\"cs\",\"potentialAction\":[{\"@type\":\"ReadAction\",\"target\":[\"https:\/\/www.neotec.cz\/orion\/titratory\/\"]}]},{\"@type\":\"BreadcrumbList\",\"@id\":\"https:\/\/www.neotec.cz\/orion\/titratory\/#breadcrumb\",\"itemListElement\":[{\"@type\":\"ListItem\",\"position\":1,\"name\":\"Dom\u016f\",\"item\":\"https:\/\/www.neotec.cz\/orion\/\"},{\"@type\":\"ListItem\",\"position\":2,\"name\":\"Titr\u00e1tory\"}]},{\"@type\":\"WebSite\",\"@id\":\"https:\/\/www.neotec.cz\/orion\/#website\",\"url\":\"https:\/\/www.neotec.cz\/orion\/\",\"name\":\"Neotec, spol. s r.o. - elektrochemick\u00e9 m\u011b\u0159\u00edc\u00ed p\u0159\u00edstroje Thermo Orion\",\"description\":\"Firma NEOTEC je autorizovan\u00fdm prodejcem a servisn\u00edm st\u0159ediskem elektrochemick\u00fdch m\u011b\u0159ic\u00edch p\u0159\u00edstroj\u016f Thermo Orion\",\"publisher\":{\"@id\":\"https:\/\/www.neotec.cz\/orion\/#organization\"},\"potentialAction\":[{\"@type\":\"SearchAction\",\"target\":{\"@type\":\"EntryPoint\",\"urlTemplate\":\"https:\/\/www.neotec.cz\/orion\/?s={search_term_string}\"},\"query-input\":{\"@type\":\"PropertyValueSpecification\",\"valueRequired\":true,\"valueName\":\"search_term_string\"}}],\"inLanguage\":\"cs\"},{\"@type\":\"Organization\",\"@id\":\"https:\/\/www.neotec.cz\/orion\/#organization\",\"name\":\"NEOTEC, spol. s r.o.\",\"url\":\"https:\/\/www.neotec.cz\/orion\/\",\"logo\":{\"@type\":\"ImageObject\",\"inLanguage\":\"cs\",\"@id\":\"https:\/\/www.neotec.cz\/orion\/#\/schema\/logo\/image\/\",\"url\":\"https:\/\/www.neotec.cz\/orion\/wp-content\/uploads\/2016\/02\/neotec1v-e1454514457694.bmp\",\"contentUrl\":\"https:\/\/www.neotec.cz\/orion\/wp-content\/uploads\/2016\/02\/neotec1v-e1454514457694.bmp\",\"width\":71,\"height\":71,\"caption\":\"NEOTEC, spol. s r.o.\"},\"image\":{\"@id\":\"https:\/\/www.neotec.cz\/orion\/#\/schema\/logo\/image\/\"},\"sameAs\":[\"https:\/\/www.youtube.com\/user\/Neotecsro\"]}]}<\/script>\n<!-- \/ Yoast SEO plugin. -->","yoast_head_json":{"title":"Titr\u00e1tory - Neotec, spol. s r.o. - elektrochemick\u00e9 m\u011b\u0159\u00edc\u00ed p\u0159\u00edstroje Thermo Orion","description":"NEOTEC - v\u00fdhradn\u00ed zastoupen\u00ed firmy Thermo Scientific pro \u010cR. Elektrochemick\u00e9 m\u011b\u0159\u00edc\u00ed p\u0159\u00edstroje Thermo Orion - pH metry, konduktometry, oximetry, ISE metry, multimetry, elektrody, spektrofotometry.","robots":{"index":"index","follow":"follow","max-snippet":"max-snippet:-1","max-image-preview":"max-image-preview:large","max-video-preview":"max-video-preview:-1"},"canonical":"https:\/\/www.neotec.cz\/orion\/titratory\/","og_locale":"cs_CZ","og_type":"article","og_title":"Titr\u00e1tory - Neotec, spol. s r.o. - elektrochemick\u00e9 m\u011b\u0159\u00edc\u00ed p\u0159\u00edstroje Thermo Orion","og_description":"NEOTEC - v\u00fdhradn\u00ed zastoupen\u00ed firmy Thermo Scientific pro \u010cR. Elektrochemick\u00e9 m\u011b\u0159\u00edc\u00ed p\u0159\u00edstroje Thermo Orion - pH metry, konduktometry, oximetry, ISE metry, multimetry, elektrody, spektrofotometry.","og_url":"https:\/\/www.neotec.cz\/orion\/titratory\/","og_site_name":"Neotec, spol. s r.o. - elektrochemick\u00e9 m\u011b\u0159\u00edc\u00ed p\u0159\u00edstroje Thermo Orion","article_modified_time":"2019-04-08T12:04:22+00:00","twitter_card":"summary_large_image","twitter_misc":{"Odhadovan\u00e1 doba \u010dten\u00ed":"1 minuta"},"schema":{"@context":"https:\/\/schema.org","@graph":[{"@type":"WebPage","@id":"https:\/\/www.neotec.cz\/orion\/titratory\/","url":"https:\/\/www.neotec.cz\/orion\/titratory\/","name":"Titr\u00e1tory - Neotec, spol. s r.o. - elektrochemick\u00e9 m\u011b\u0159\u00edc\u00ed p\u0159\u00edstroje Thermo Orion","isPartOf":{"@id":"https:\/\/www.neotec.cz\/orion\/#website"},"datePublished":"2019-02-13T13:01:19+00:00","dateModified":"2019-04-08T12:04:22+00:00","description":"NEOTEC - v\u00fdhradn\u00ed zastoupen\u00ed firmy Thermo Scientific pro \u010cR. Elektrochemick\u00e9 m\u011b\u0159\u00edc\u00ed p\u0159\u00edstroje Thermo Orion - pH metry, konduktometry, oximetry, ISE metry, multimetry, elektrody, spektrofotometry.","breadcrumb":{"@id":"https:\/\/www.neotec.cz\/orion\/titratory\/#breadcrumb"},"inLanguage":"cs","potentialAction":[{"@type":"ReadAction","target":["https:\/\/www.neotec.cz\/orion\/titratory\/"]}]},{"@type":"BreadcrumbList","@id":"https:\/\/www.neotec.cz\/orion\/titratory\/#breadcrumb","itemListElement":[{"@type":"ListItem","position":1,"name":"Dom\u016f","item":"https:\/\/www.neotec.cz\/orion\/"},{"@type":"ListItem","position":2,"name":"Titr\u00e1tory"}]},{"@type":"WebSite","@id":"https:\/\/www.neotec.cz\/orion\/#website","url":"https:\/\/www.neotec.cz\/orion\/","name":"Neotec, spol. s r.o. - elektrochemick\u00e9 m\u011b\u0159\u00edc\u00ed p\u0159\u00edstroje Thermo Orion","description":"Firma NEOTEC je autorizovan\u00fdm prodejcem a servisn\u00edm st\u0159ediskem elektrochemick\u00fdch m\u011b\u0159ic\u00edch p\u0159\u00edstroj\u016f Thermo Orion","publisher":{"@id":"https:\/\/www.neotec.cz\/orion\/#organization"},"potentialAction":[{"@type":"SearchAction","target":{"@type":"EntryPoint","urlTemplate":"https:\/\/www.neotec.cz\/orion\/?s={search_term_string}"},"query-input":{"@type":"PropertyValueSpecification","valueRequired":true,"valueName":"search_term_string"}}],"inLanguage":"cs"},{"@type":"Organization","@id":"https:\/\/www.neotec.cz\/orion\/#organization","name":"NEOTEC, spol. s r.o.","url":"https:\/\/www.neotec.cz\/orion\/","logo":{"@type":"ImageObject","inLanguage":"cs","@id":"https:\/\/www.neotec.cz\/orion\/#\/schema\/logo\/image\/","url":"https:\/\/www.neotec.cz\/orion\/wp-content\/uploads\/2016\/02\/neotec1v-e1454514457694.bmp","contentUrl":"https:\/\/www.neotec.cz\/orion\/wp-content\/uploads\/2016\/02\/neotec1v-e1454514457694.bmp","width":71,"height":71,"caption":"NEOTEC, spol. s r.o."},"image":{"@id":"https:\/\/www.neotec.cz\/orion\/#\/schema\/logo\/image\/"},"sameAs":["https:\/\/www.youtube.com\/user\/Neotecsro"]}]}},"_links":{"self":[{"href":"https:\/\/www.neotec.cz\/orion\/wp-json\/wp\/v2\/pages\/2532","targetHints":{"allow":["GET"]}}],"collection":[{"href":"https:\/\/www.neotec.cz\/orion\/wp-json\/wp\/v2\/pages"}],"about":[{"href":"https:\/\/www.neotec.cz\/orion\/wp-json\/wp\/v2\/types\/page"}],"author":[{"embeddable":true,"href":"https:\/\/www.neotec.cz\/orion\/wp-json\/wp\/v2\/users\/2"}],"replies":[{"embeddable":true,"href":"https:\/\/www.neotec.cz\/orion\/wp-json\/wp\/v2\/comments?post=2532"}],"version-history":[{"count":14,"href":"https:\/\/www.neotec.cz\/orion\/wp-json\/wp\/v2\/pages\/2532\/revisions"}],"predecessor-version":[{"id":2590,"href":"https:\/\/www.neotec.cz\/orion\/wp-json\/wp\/v2\/pages\/2532\/revisions\/2590"}],"wp:attachment":[{"href":"https:\/\/www.neotec.cz\/orion\/wp-json\/wp\/v2\/media?parent=2532"}],"curies":[{"name":"wp","href":"https:\/\/api.w.org\/{rel}","templated":true}]}}