{"id":2543,"date":"2019-02-14T09:02:42","date_gmt":"2019-02-14T08:02:42","guid":{"rendered":"http:\/\/www.neotec.cz\/orion\/?page_id=2543"},"modified":"2019-04-08T13:07:35","modified_gmt":"2019-04-08T12:07:35","slug":"titrator-orion-star-t920-2","status":"publish","type":"page","link":"https:\/\/www.neotec.cz\/orion\/titrator-orion-star-t920-2\/","title":{"rendered":"Titr\u00e1tor Orion Star T920"},"content":{"rendered":"<div id=\"pl-2543\"  class=\"panel-layout\" ><div id=\"pg-2543-0\"  class=\"panel-grid panel-no-style\" ><div id=\"pgc-2543-0-0\"  class=\"panel-grid-cell\" ><div id=\"panel-2543-0-0-0\" class=\"so-panel widget widget_sow-editor panel-first-child panel-last-child\" data-index=\"0\" ><div\n\t\t\t\n\t\t\tclass=\"so-widget-sow-editor so-widget-sow-editor-base\"\n\t\t\t\n\t\t>\n<div class=\"siteorigin-widget-tinymce textwidget\">\n\t<h1>Redox<strong> Titr\u00e1tor Orion Star T920<\/strong><\/h1>\n<\/div>\n<\/div><\/div><\/div><\/div><div id=\"pg-2543-1\"  class=\"panel-grid panel-no-style\" ><div id=\"pgc-2543-1-0\"  class=\"panel-grid-cell\" ><div id=\"panel-2543-1-0-0\" class=\"so-panel widget widget_sow-image panel-first-child panel-last-child\" data-index=\"1\" ><div\n\t\t\t\n\t\t\tclass=\"so-widget-sow-image so-widget-sow-image-default-8b5b6f678277-2543\"\n\t\t\t\n\t\t>\n\n<div class=\"sow-image-container\">\n\t\t<img loading=\"lazy\" decoding=\"async\" src=\"https:\/\/www.neotec.cz\/orion\/wp-content\/uploads\/2019\/04\/ictitrator.png\" width=\"400\" height=\"400\" srcset=\"https:\/\/www.neotec.cz\/orion\/wp-content\/uploads\/2019\/04\/ictitrator.png 400w, https:\/\/www.neotec.cz\/orion\/wp-content\/uploads\/2019\/04\/ictitrator-150x150.png 150w, https:\/\/www.neotec.cz\/orion\/wp-content\/uploads\/2019\/04\/ictitrator-300x300.png 300w\" sizes=\"auto, (max-width: 400px) 100vw, 400px\" alt=\"\" \t\tclass=\"so-widget-image\"\/>\n\t<\/div>\n\n<\/div><\/div><\/div><div id=\"pgc-2543-1-1\"  class=\"panel-grid-cell\" ><div id=\"panel-2543-1-1-0\" class=\"so-panel widget widget_sow-editor panel-first-child panel-last-child\" data-index=\"2\" ><div\n\t\t\t\n\t\t\tclass=\"so-widget-sow-editor so-widget-sow-editor-base\"\n\t\t\t\n\t\t>\n<div class=\"siteorigin-widget-tinymce textwidget\">\n\t<p>Orion Star T920 redox titr\u00e1tor je vhodn\u00fd pro redoxn\u00ed titrace sulfid\u016f, stanoven\u00ed \u00fabytku cukru ve \u0161\u0165\u00e1v\u00e1ch a v\u00edn, kyseliny askorbov\u00e9 a hodnotu peroxidu v potravin\u00e1ch,\u00a0 ur\u010den\u00ed hodnoty rozpu\u0161t\u011bn\u00e9ho kysl\u00edku v odpadn\u00ed vod\u011b a organick\u00fdch l\u00e1tek v p\u016fd\u011b. Titra\u010dn\u00ed techniky zahrnuj\u00ed nalezen\u00ed bodu ekvivalence a p\u0159ednastaven\u00e9ho kone\u010dn\u00e9ho bodu titrace. Je mo\u017en\u00e9 prov\u00e1d\u011bt titrace p\u0159\u00edm\u00e9 i zp\u011btn\u00e9. Do titir\u00e1toru lze ulo\u017eit a\u017e 10 u\u017eivatelsk\u00fdch metod a a\u017e 100 datov\u00fdch v\u011bt, kter\u00e9 lze n\u00e1sledn\u011b st\u00e1hnout nebo p\u0159\u00edmo vytisknout. Z\u00e1kladn\u00ed sestava obsahuje 20 ml buretu, m\u00edchadlo, disperzn\u00ed n\u00e1stroj, z\u00e1sobn\u00ed l\u00e1hev 1 l, po\u010d\u00edta\u010dov\u00fd kabel, zdroj 240 V a manu\u00e1l na USB disku. Roz\u0161\u00ed\u0159ena sada obsahuj\u00ed nav\u00edc sklen\u011bnou redox elektrodu Orion 9778BNWP.<\/p>\n<\/div>\n<\/div><\/div><\/div><\/div><div id=\"pg-2543-2\"  class=\"panel-grid panel-no-style\" ><div id=\"pgc-2543-2-0\"  class=\"panel-grid-cell\" ><div id=\"panel-2543-2-0-0\" class=\"so-panel widget widget_sow-editor panel-first-child panel-last-child\" data-index=\"3\" ><div\n\t\t\t\n\t\t\tclass=\"so-widget-sow-editor so-widget-sow-editor-base\"\n\t\t\t\n\t\t><h3 class=\"widget-title\">Ke sta\u017een\u00ed: <\/h3>\n<div class=\"siteorigin-widget-tinymce textwidget\">\n\t<p><a href=\"http:\/\/www.neotec.cz\/orion\/wp-content\/uploads\/2019\/02\/T920-REDOX.pdf\">T920 REDOX<\/a><\/p>\n<\/div>\n<\/div><\/div><\/div><\/div><\/div>","protected":false},"excerpt":{"rendered":"<p>Redox Titr\u00e1tor Orion Star T920 Orion Star T920 redox titr\u00e1tor je vhodn\u00fd pro redoxn\u00ed titrace sulfid\u016f, stanoven\u00ed \u00fabytku cukru ve \u0161\u0165\u00e1v\u00e1ch a v\u00edn, kyseliny askorbov\u00e9 a hodnotu peroxidu v potravin\u00e1ch,\u00a0 ur\u010den\u00ed hodnoty rozpu\u0161t\u011bn\u00e9ho kysl\u00edku v odpadn\u00ed vod\u011b a organick\u00fdch l\u00e1tek v p\u016fd\u011b. Titra\u010dn\u00ed techniky zahrnuj\u00ed nalezen\u00ed bodu ekvivalence a p\u0159ednastaven\u00e9ho kone\u010dn\u00e9ho bodu titrace. Je mo\u017en\u00e9 [&hellip;]<\/p>\n","protected":false},"author":2,"featured_media":0,"parent":0,"menu_order":0,"comment_status":"closed","ping_status":"closed","template":"templates\/template-full-notitle.php","meta":{"footnotes":""},"class_list":["post-2543","page","type-page","status-publish","hentry","post"],"yoast_head":"<!-- This site is optimized with the Yoast SEO plugin v24.2 - https:\/\/yoast.com\/wordpress\/plugins\/seo\/ -->\n<title>Titr\u00e1tor Orion Star T920 - Neotec, spol. s r.o. - elektrochemick\u00e9 m\u011b\u0159\u00edc\u00ed p\u0159\u00edstroje Thermo Orion<\/title>\n<meta name=\"description\" content=\"NEOTEC - v\u00fdhradn\u00ed zastoupen\u00ed firmy Thermo Scientific pro \u010cR. Elektrochemick\u00e9 m\u011b\u0159\u00edc\u00ed p\u0159\u00edstroje Thermo Orion - pH metry, konduktometry, oximetry, ISE metry, multimetry, elektrody, spektrofotometry.\" \/>\n<meta name=\"robots\" content=\"index, follow, max-snippet:-1, max-image-preview:large, max-video-preview:-1\" \/>\n<link rel=\"canonical\" href=\"https:\/\/www.neotec.cz\/orion\/titrator-orion-star-t920-2\/\" \/>\n<meta property=\"og:locale\" content=\"cs_CZ\" \/>\n<meta property=\"og:type\" content=\"article\" \/>\n<meta property=\"og:title\" content=\"Titr\u00e1tor Orion Star T920 - Neotec, spol. s r.o. - elektrochemick\u00e9 m\u011b\u0159\u00edc\u00ed p\u0159\u00edstroje Thermo Orion\" \/>\n<meta property=\"og:description\" content=\"NEOTEC - v\u00fdhradn\u00ed zastoupen\u00ed firmy Thermo Scientific pro \u010cR. Elektrochemick\u00e9 m\u011b\u0159\u00edc\u00ed p\u0159\u00edstroje Thermo Orion - pH metry, konduktometry, oximetry, ISE metry, multimetry, elektrody, spektrofotometry.\" \/>\n<meta property=\"og:url\" content=\"https:\/\/www.neotec.cz\/orion\/titrator-orion-star-t920-2\/\" \/>\n<meta property=\"og:site_name\" content=\"Neotec, spol. s r.o. - elektrochemick\u00e9 m\u011b\u0159\u00edc\u00ed p\u0159\u00edstroje Thermo Orion\" \/>\n<meta property=\"article:modified_time\" content=\"2019-04-08T12:07:35+00:00\" \/>\n<meta name=\"twitter:card\" content=\"summary_large_image\" \/>\n<meta name=\"twitter:label1\" content=\"Odhadovan\u00e1 doba \u010dten\u00ed\" \/>\n\t<meta name=\"twitter:data1\" content=\"1 minuta\" \/>\n<script type=\"application\/ld+json\" class=\"yoast-schema-graph\">{\"@context\":\"https:\/\/schema.org\",\"@graph\":[{\"@type\":\"WebPage\",\"@id\":\"https:\/\/www.neotec.cz\/orion\/titrator-orion-star-t920-2\/\",\"url\":\"https:\/\/www.neotec.cz\/orion\/titrator-orion-star-t920-2\/\",\"name\":\"Titr\u00e1tor Orion Star T920 - Neotec, spol. s r.o. - elektrochemick\u00e9 m\u011b\u0159\u00edc\u00ed p\u0159\u00edstroje Thermo Orion\",\"isPartOf\":{\"@id\":\"https:\/\/www.neotec.cz\/orion\/#website\"},\"datePublished\":\"2019-02-14T08:02:42+00:00\",\"dateModified\":\"2019-04-08T12:07:35+00:00\",\"description\":\"NEOTEC - v\u00fdhradn\u00ed zastoupen\u00ed firmy Thermo Scientific pro \u010cR. Elektrochemick\u00e9 m\u011b\u0159\u00edc\u00ed p\u0159\u00edstroje Thermo Orion - pH metry, konduktometry, oximetry, ISE metry, multimetry, elektrody, spektrofotometry.\",\"breadcrumb\":{\"@id\":\"https:\/\/www.neotec.cz\/orion\/titrator-orion-star-t920-2\/#breadcrumb\"},\"inLanguage\":\"cs\",\"potentialAction\":[{\"@type\":\"ReadAction\",\"target\":[\"https:\/\/www.neotec.cz\/orion\/titrator-orion-star-t920-2\/\"]}]},{\"@type\":\"BreadcrumbList\",\"@id\":\"https:\/\/www.neotec.cz\/orion\/titrator-orion-star-t920-2\/#breadcrumb\",\"itemListElement\":[{\"@type\":\"ListItem\",\"position\":1,\"name\":\"Dom\u016f\",\"item\":\"https:\/\/www.neotec.cz\/orion\/\"},{\"@type\":\"ListItem\",\"position\":2,\"name\":\"Titr\u00e1tor Orion Star T920\"}]},{\"@type\":\"WebSite\",\"@id\":\"https:\/\/www.neotec.cz\/orion\/#website\",\"url\":\"https:\/\/www.neotec.cz\/orion\/\",\"name\":\"Neotec, spol. s r.o. - elektrochemick\u00e9 m\u011b\u0159\u00edc\u00ed p\u0159\u00edstroje Thermo Orion\",\"description\":\"Firma NEOTEC je autorizovan\u00fdm prodejcem a servisn\u00edm st\u0159ediskem elektrochemick\u00fdch m\u011b\u0159ic\u00edch p\u0159\u00edstroj\u016f Thermo Orion\",\"publisher\":{\"@id\":\"https:\/\/www.neotec.cz\/orion\/#organization\"},\"potentialAction\":[{\"@type\":\"SearchAction\",\"target\":{\"@type\":\"EntryPoint\",\"urlTemplate\":\"https:\/\/www.neotec.cz\/orion\/?s={search_term_string}\"},\"query-input\":{\"@type\":\"PropertyValueSpecification\",\"valueRequired\":true,\"valueName\":\"search_term_string\"}}],\"inLanguage\":\"cs\"},{\"@type\":\"Organization\",\"@id\":\"https:\/\/www.neotec.cz\/orion\/#organization\",\"name\":\"NEOTEC, spol. s r.o.\",\"url\":\"https:\/\/www.neotec.cz\/orion\/\",\"logo\":{\"@type\":\"ImageObject\",\"inLanguage\":\"cs\",\"@id\":\"https:\/\/www.neotec.cz\/orion\/#\/schema\/logo\/image\/\",\"url\":\"https:\/\/www.neotec.cz\/orion\/wp-content\/uploads\/2016\/02\/neotec1v-e1454514457694.bmp\",\"contentUrl\":\"https:\/\/www.neotec.cz\/orion\/wp-content\/uploads\/2016\/02\/neotec1v-e1454514457694.bmp\",\"width\":71,\"height\":71,\"caption\":\"NEOTEC, spol. s r.o.\"},\"image\":{\"@id\":\"https:\/\/www.neotec.cz\/orion\/#\/schema\/logo\/image\/\"},\"sameAs\":[\"https:\/\/www.youtube.com\/user\/Neotecsro\"]}]}<\/script>\n<!-- \/ Yoast SEO plugin. -->","yoast_head_json":{"title":"Titr\u00e1tor Orion Star T920 - Neotec, spol. s r.o. - elektrochemick\u00e9 m\u011b\u0159\u00edc\u00ed p\u0159\u00edstroje Thermo Orion","description":"NEOTEC - v\u00fdhradn\u00ed zastoupen\u00ed firmy Thermo Scientific pro \u010cR. Elektrochemick\u00e9 m\u011b\u0159\u00edc\u00ed p\u0159\u00edstroje Thermo Orion - pH metry, konduktometry, oximetry, ISE metry, multimetry, elektrody, spektrofotometry.","robots":{"index":"index","follow":"follow","max-snippet":"max-snippet:-1","max-image-preview":"max-image-preview:large","max-video-preview":"max-video-preview:-1"},"canonical":"https:\/\/www.neotec.cz\/orion\/titrator-orion-star-t920-2\/","og_locale":"cs_CZ","og_type":"article","og_title":"Titr\u00e1tor Orion Star T920 - Neotec, spol. s r.o. - elektrochemick\u00e9 m\u011b\u0159\u00edc\u00ed p\u0159\u00edstroje Thermo Orion","og_description":"NEOTEC - v\u00fdhradn\u00ed zastoupen\u00ed firmy Thermo Scientific pro \u010cR. Elektrochemick\u00e9 m\u011b\u0159\u00edc\u00ed p\u0159\u00edstroje Thermo Orion - pH metry, konduktometry, oximetry, ISE metry, multimetry, elektrody, spektrofotometry.","og_url":"https:\/\/www.neotec.cz\/orion\/titrator-orion-star-t920-2\/","og_site_name":"Neotec, spol. s r.o. - elektrochemick\u00e9 m\u011b\u0159\u00edc\u00ed p\u0159\u00edstroje Thermo Orion","article_modified_time":"2019-04-08T12:07:35+00:00","twitter_card":"summary_large_image","twitter_misc":{"Odhadovan\u00e1 doba \u010dten\u00ed":"1 minuta"},"schema":{"@context":"https:\/\/schema.org","@graph":[{"@type":"WebPage","@id":"https:\/\/www.neotec.cz\/orion\/titrator-orion-star-t920-2\/","url":"https:\/\/www.neotec.cz\/orion\/titrator-orion-star-t920-2\/","name":"Titr\u00e1tor Orion Star T920 - Neotec, spol. s r.o. - elektrochemick\u00e9 m\u011b\u0159\u00edc\u00ed p\u0159\u00edstroje Thermo Orion","isPartOf":{"@id":"https:\/\/www.neotec.cz\/orion\/#website"},"datePublished":"2019-02-14T08:02:42+00:00","dateModified":"2019-04-08T12:07:35+00:00","description":"NEOTEC - v\u00fdhradn\u00ed zastoupen\u00ed firmy Thermo Scientific pro \u010cR. Elektrochemick\u00e9 m\u011b\u0159\u00edc\u00ed p\u0159\u00edstroje Thermo Orion - pH metry, konduktometry, oximetry, ISE metry, multimetry, elektrody, spektrofotometry.","breadcrumb":{"@id":"https:\/\/www.neotec.cz\/orion\/titrator-orion-star-t920-2\/#breadcrumb"},"inLanguage":"cs","potentialAction":[{"@type":"ReadAction","target":["https:\/\/www.neotec.cz\/orion\/titrator-orion-star-t920-2\/"]}]},{"@type":"BreadcrumbList","@id":"https:\/\/www.neotec.cz\/orion\/titrator-orion-star-t920-2\/#breadcrumb","itemListElement":[{"@type":"ListItem","position":1,"name":"Dom\u016f","item":"https:\/\/www.neotec.cz\/orion\/"},{"@type":"ListItem","position":2,"name":"Titr\u00e1tor Orion Star T920"}]},{"@type":"WebSite","@id":"https:\/\/www.neotec.cz\/orion\/#website","url":"https:\/\/www.neotec.cz\/orion\/","name":"Neotec, spol. s r.o. - elektrochemick\u00e9 m\u011b\u0159\u00edc\u00ed p\u0159\u00edstroje Thermo Orion","description":"Firma NEOTEC je autorizovan\u00fdm prodejcem a servisn\u00edm st\u0159ediskem elektrochemick\u00fdch m\u011b\u0159ic\u00edch p\u0159\u00edstroj\u016f Thermo Orion","publisher":{"@id":"https:\/\/www.neotec.cz\/orion\/#organization"},"potentialAction":[{"@type":"SearchAction","target":{"@type":"EntryPoint","urlTemplate":"https:\/\/www.neotec.cz\/orion\/?s={search_term_string}"},"query-input":{"@type":"PropertyValueSpecification","valueRequired":true,"valueName":"search_term_string"}}],"inLanguage":"cs"},{"@type":"Organization","@id":"https:\/\/www.neotec.cz\/orion\/#organization","name":"NEOTEC, spol. s r.o.","url":"https:\/\/www.neotec.cz\/orion\/","logo":{"@type":"ImageObject","inLanguage":"cs","@id":"https:\/\/www.neotec.cz\/orion\/#\/schema\/logo\/image\/","url":"https:\/\/www.neotec.cz\/orion\/wp-content\/uploads\/2016\/02\/neotec1v-e1454514457694.bmp","contentUrl":"https:\/\/www.neotec.cz\/orion\/wp-content\/uploads\/2016\/02\/neotec1v-e1454514457694.bmp","width":71,"height":71,"caption":"NEOTEC, spol. s r.o."},"image":{"@id":"https:\/\/www.neotec.cz\/orion\/#\/schema\/logo\/image\/"},"sameAs":["https:\/\/www.youtube.com\/user\/Neotecsro"]}]}},"_links":{"self":[{"href":"https:\/\/www.neotec.cz\/orion\/wp-json\/wp\/v2\/pages\/2543","targetHints":{"allow":["GET"]}}],"collection":[{"href":"https:\/\/www.neotec.cz\/orion\/wp-json\/wp\/v2\/pages"}],"about":[{"href":"https:\/\/www.neotec.cz\/orion\/wp-json\/wp\/v2\/types\/page"}],"author":[{"embeddable":true,"href":"https:\/\/www.neotec.cz\/orion\/wp-json\/wp\/v2\/users\/2"}],"replies":[{"embeddable":true,"href":"https:\/\/www.neotec.cz\/orion\/wp-json\/wp\/v2\/comments?post=2543"}],"version-history":[{"count":8,"href":"https:\/\/www.neotec.cz\/orion\/wp-json\/wp\/v2\/pages\/2543\/revisions"}],"predecessor-version":[{"id":2595,"href":"https:\/\/www.neotec.cz\/orion\/wp-json\/wp\/v2\/pages\/2543\/revisions\/2595"}],"wp:attachment":[{"href":"https:\/\/www.neotec.cz\/orion\/wp-json\/wp\/v2\/media?parent=2543"}],"curies":[{"name":"wp","href":"https:\/\/api.w.org\/{rel}","templated":true}]}}